{"id":19193,"date":"2024-01-12T06:21:22","date_gmt":"2024-01-12T06:21:22","guid":{"rendered":"https:\/\/global-hookah.com\/?post_type=product&#038;p=19193"},"modified":"2024-01-16T05:40:56","modified_gmt":"2024-01-16T05:40:56","slug":"bee-shaped-spoon-glass-pipe","status":"publish","type":"product","link":"https:\/\/global-hookah.com\/de\/produkt\/bee-shaped-spoon-glass-pipe\/","title":{"rendered":"Bienenf\u00f6rmige L\u00f6ffel-Glaspfeife"},"content":{"rendered":"<p>Haben Sie sich entschlossen, in ein <a href=\"https:\/\/global-hookah.com\/product-category\/glass-pipe\/\">Qualit\u00e4tsglaspfeife<\/a> um dein Cannabis-Erlebnis noch aufregender zu machen? Wenn ja, dann ist dies <strong>Bienenf\u00f6rmiger L\u00f6ffel Glas Pip<\/strong>e ist perfekt f\u00fcr Sie<\/p>\n<p>Als Sie dies zum ersten Mal sahen <strong>Bienenf\u00f6rmiger L\u00f6ffel Glas Pip<\/strong>Sind Sie von der exquisiten Bienenform angezogen worden? Dies ist speziell von unserem Pfeifenmeister entworfen<\/p>\n<p>Bei der Verwendung dieser bienenf\u00f6rmigen <a class=\"wpil_keyword_link\" href=\"https:\/\/global-hookah.com\/product-category\/wholesale-weed-pipes\/\"   title=\"Glaspfeife\" data-wpil-keyword-link=\"linked\">Glaspfeife<\/a>k\u00f6nnen Sie getrocknete Bl\u00fctenknospen, getrocknete Bl\u00fctenknospen, etc. rauchen. Und die hochwertige Borosilikatglas k\u00f6nnen Sie auch einen weichen Geschmack geben<\/p>\n<p>Mit einer L\u00e4nge von nur 4 Zoll l\u00e4sst er sich auf Reisen leicht in die Tasche oder den Rucksack stecken.<\/p>","protected":false},"excerpt":{"rendered":"<p>Haben Sie sich entschlossen, in eine hochwertige Glaspfeife zu investieren, um Ihr Cannabis-Erlebnis noch mehr zu steigern?<\/p>","protected":false},"featured_media":19199,"comment_status":"open","ping_status":"closed","template":"","meta":{"iawp_total_views":5,"_joinchat":[]},"product_brand":[],"product_cat":[128],"product_tag":[],"class_list":{"0":"post-19193","1":"product","2":"type-product","3":"status-publish","4":"has-post-thumbnail","6":"product_cat-spoon-pipe","8":"first","9":"instock","10":"shipping-taxable","11":"purchasable","12":"product-type-simple"},"yoast_head":"<!-- This site is optimized with the Yoast SEO Premium plugin v24.7 (Yoast SEO v26.8) - https:\/\/yoast.com\/product\/yoast-seo-premium-wordpress\/ -->\n<title>Bee-Shaped Spoon Glass Pipe - Global Hookah<\/title>\n<meta name=\"robots\" content=\"index, follow, max-snippet:-1, max-image-preview:large, max-video-preview:-1\" \/>\n<link rel=\"canonical\" href=\"https:\/\/global-hookah.com\/de\/produkt\/bee-shaped-spoon-glass-pipe\/\" \/>\n<meta property=\"og:locale\" content=\"de_DE\" \/>\n<meta property=\"og:type\" content=\"article\" \/>\n<meta property=\"og:title\" content=\"Bee-Shaped Spoon Glass Pipe\" \/>\n<meta property=\"og:description\" content=\"Have you made up your mind to invest in a quality glass pipe to make your cannabis experience even more\" \/>\n<meta property=\"og:url\" content=\"https:\/\/global-hookah.com\/de\/produkt\/bee-shaped-spoon-glass-pipe\/\" \/>\n<meta property=\"og:site_name\" content=\"Global Hookah\" \/>\n<meta property=\"article:modified_time\" content=\"2024-01-16T05:40:56+00:00\" \/>\n<meta property=\"og:image\" content=\"https:\/\/global-hookah.com\/wp-content\/uploads\/2024\/01\/cf610096f14073b4e6112bd0d600e15.jpg\" \/>\n\t<meta property=\"og:image:width\" content=\"1500\" \/>\n\t<meta property=\"og:image:height\" content=\"1500\" \/>\n\t<meta property=\"og:image:type\" content=\"image\/jpeg\" \/>\n<meta name=\"twitter:card\" content=\"summary_large_image\" \/>\n<meta name=\"twitter:label1\" content=\"Gesch\u00e4tzte Lesezeit\" \/>\n\t<meta name=\"twitter:data1\" content=\"1\u00a0Minute\" \/>\n<script type=\"application\/ld+json\" class=\"yoast-schema-graph\">{\"@context\":\"https:\/\/schema.org\",\"@graph\":[{\"@type\":\"WebPage\",\"@id\":\"https:\/\/global-hookah.com\/product\/bee-shaped-spoon-glass-pipe\/\",\"url\":\"https:\/\/global-hookah.com\/product\/bee-shaped-spoon-glass-pipe\/\",\"name\":\"Bee-Shaped Spoon Glass Pipe - Global Hookah\",\"isPartOf\":{\"@id\":\"https:\/\/global-hookah.com\/#website\"},\"primaryImageOfPage\":{\"@id\":\"https:\/\/global-hookah.com\/product\/bee-shaped-spoon-glass-pipe\/#primaryimage\"},\"image\":{\"@id\":\"https:\/\/global-hookah.com\/product\/bee-shaped-spoon-glass-pipe\/#primaryimage\"},\"thumbnailUrl\":\"https:\/\/global-hookah.com\/wp-content\/uploads\/2024\/01\/cf610096f14073b4e6112bd0d600e15.jpg\",\"datePublished\":\"2024-01-12T06:21:22+00:00\",\"dateModified\":\"2024-01-16T05:40:56+00:00\",\"breadcrumb\":{\"@id\":\"https:\/\/global-hookah.com\/product\/bee-shaped-spoon-glass-pipe\/#breadcrumb\"},\"inLanguage\":\"de\",\"potentialAction\":[{\"@type\":\"ReadAction\",\"target\":[\"https:\/\/global-hookah.com\/product\/bee-shaped-spoon-glass-pipe\/\"]}]},{\"@type\":\"ImageObject\",\"inLanguage\":\"de\",\"@id\":\"https:\/\/global-hookah.com\/product\/bee-shaped-spoon-glass-pipe\/#primaryimage\",\"url\":\"https:\/\/global-hookah.com\/wp-content\/uploads\/2024\/01\/cf610096f14073b4e6112bd0d600e15.jpg\",\"contentUrl\":\"https:\/\/global-hookah.com\/wp-content\/uploads\/2024\/01\/cf610096f14073b4e6112bd0d600e15.jpg\",\"width\":1500,\"height\":1500,\"caption\":\"Bee-Shaped Spoon Glass Pip\"},{\"@type\":\"BreadcrumbList\",\"@id\":\"https:\/\/global-hookah.com\/product\/bee-shaped-spoon-glass-pipe\/#breadcrumb\",\"itemListElement\":[{\"@type\":\"ListItem\",\"position\":1,\"name\":\"Home\",\"item\":\"https:\/\/global-hookah.com\/\"},{\"@type\":\"ListItem\",\"position\":2,\"name\":\"Shop\",\"item\":\"https:\/\/global-hookah.com\/shop\/\"},{\"@type\":\"ListItem\",\"position\":3,\"name\":\"Bee-Shaped Spoon Glass Pipe\"}]},{\"@type\":\"WebSite\",\"@id\":\"https:\/\/global-hookah.com\/#website\",\"url\":\"https:\/\/global-hookah.com\/\",\"name\":\"Global Hookah\",\"description\":\"Global Hookah\",\"publisher\":{\"@id\":\"https:\/\/global-hookah.com\/#organization\"},\"potentialAction\":[{\"@type\":\"SearchAction\",\"target\":{\"@type\":\"EntryPoint\",\"urlTemplate\":\"https:\/\/global-hookah.com\/?s={search_term_string}\"},\"query-input\":{\"@type\":\"PropertyValueSpecification\",\"valueRequired\":true,\"valueName\":\"search_term_string\"}}],\"inLanguage\":\"de\"},{\"@type\":\"Organization\",\"@id\":\"https:\/\/global-hookah.com\/#organization\",\"name\":\"Global Hookah\",\"url\":\"https:\/\/global-hookah.com\/\",\"logo\":{\"@type\":\"ImageObject\",\"inLanguage\":\"de\",\"@id\":\"https:\/\/global-hookah.com\/#\/schema\/logo\/image\/\",\"url\":\"https:\/\/global-hookah.com\/wp-content\/uploads\/2021\/10\/cropped-fgg.png\",\"contentUrl\":\"https:\/\/global-hookah.com\/wp-content\/uploads\/2021\/10\/cropped-fgg.png\",\"width\":512,\"height\":512,\"caption\":\"Global Hookah\"},\"image\":{\"@id\":\"https:\/\/global-hookah.com\/#\/schema\/logo\/image\/\"}}]}<\/script>\n<!-- \/ Yoast SEO Premium plugin. -->","yoast_head_json":{"title":"Bienenf\u00f6rmige L\u00f6ffel-Glaspfeife - Global Hookah","robots":{"index":"index","follow":"follow","max-snippet":"max-snippet:-1","max-image-preview":"max-image-preview:large","max-video-preview":"max-video-preview:-1"},"canonical":"https:\/\/global-hookah.com\/de\/produkt\/bee-shaped-spoon-glass-pipe\/","og_locale":"de_DE","og_type":"article","og_title":"Bee-Shaped Spoon Glass Pipe","og_description":"Have you made up your mind to invest in a quality glass pipe to make your cannabis experience even more","og_url":"https:\/\/global-hookah.com\/de\/produkt\/bee-shaped-spoon-glass-pipe\/","og_site_name":"Global Hookah","article_modified_time":"2024-01-16T05:40:56+00:00","og_image":[{"width":1500,"height":1500,"url":"https:\/\/global-hookah.com\/wp-content\/uploads\/2024\/01\/cf610096f14073b4e6112bd0d600e15.jpg","type":"image\/jpeg"}],"twitter_card":"summary_large_image","twitter_misc":{"Gesch\u00e4tzte Lesezeit":"1\u00a0Minute"},"schema":{"@context":"https:\/\/schema.org","@graph":[{"@type":"WebPage","@id":"https:\/\/global-hookah.com\/product\/bee-shaped-spoon-glass-pipe\/","url":"https:\/\/global-hookah.com\/product\/bee-shaped-spoon-glass-pipe\/","name":"Bienenf\u00f6rmige L\u00f6ffel-Glaspfeife - Global Hookah","isPartOf":{"@id":"https:\/\/global-hookah.com\/#website"},"primaryImageOfPage":{"@id":"https:\/\/global-hookah.com\/product\/bee-shaped-spoon-glass-pipe\/#primaryimage"},"image":{"@id":"https:\/\/global-hookah.com\/product\/bee-shaped-spoon-glass-pipe\/#primaryimage"},"thumbnailUrl":"https:\/\/global-hookah.com\/wp-content\/uploads\/2024\/01\/cf610096f14073b4e6112bd0d600e15.jpg","datePublished":"2024-01-12T06:21:22+00:00","dateModified":"2024-01-16T05:40:56+00:00","breadcrumb":{"@id":"https:\/\/global-hookah.com\/product\/bee-shaped-spoon-glass-pipe\/#breadcrumb"},"inLanguage":"de","potentialAction":[{"@type":"ReadAction","target":["https:\/\/global-hookah.com\/product\/bee-shaped-spoon-glass-pipe\/"]}]},{"@type":"ImageObject","inLanguage":"de","@id":"https:\/\/global-hookah.com\/product\/bee-shaped-spoon-glass-pipe\/#primaryimage","url":"https:\/\/global-hookah.com\/wp-content\/uploads\/2024\/01\/cf610096f14073b4e6112bd0d600e15.jpg","contentUrl":"https:\/\/global-hookah.com\/wp-content\/uploads\/2024\/01\/cf610096f14073b4e6112bd0d600e15.jpg","width":1500,"height":1500,"caption":"Bee-Shaped Spoon Glass Pip"},{"@type":"BreadcrumbList","@id":"https:\/\/global-hookah.com\/product\/bee-shaped-spoon-glass-pipe\/#breadcrumb","itemListElement":[{"@type":"ListItem","position":1,"name":"Home","item":"https:\/\/global-hookah.com\/"},{"@type":"ListItem","position":2,"name":"Shop","item":"https:\/\/global-hookah.com\/shop\/"},{"@type":"ListItem","position":3,"name":"Bee-Shaped Spoon Glass Pipe"}]},{"@type":"WebSite","@id":"https:\/\/global-hookah.com\/#website","url":"https:\/\/global-hookah.com\/","name":"Globale Wasserpfeife","description":"Globale Wasserpfeife","publisher":{"@id":"https:\/\/global-hookah.com\/#organization"},"potentialAction":[{"@type":"SearchAction","target":{"@type":"EntryPoint","urlTemplate":"https:\/\/global-hookah.com\/?s={search_term_string}"},"query-input":{"@type":"PropertyValueSpecification","valueRequired":true,"valueName":"search_term_string"}}],"inLanguage":"de"},{"@type":"Organization","@id":"https:\/\/global-hookah.com\/#organization","name":"Globale Wasserpfeife","url":"https:\/\/global-hookah.com\/","logo":{"@type":"ImageObject","inLanguage":"de","@id":"https:\/\/global-hookah.com\/#\/schema\/logo\/image\/","url":"https:\/\/global-hookah.com\/wp-content\/uploads\/2021\/10\/cropped-fgg.png","contentUrl":"https:\/\/global-hookah.com\/wp-content\/uploads\/2021\/10\/cropped-fgg.png","width":512,"height":512,"caption":"Global Hookah"},"image":{"@id":"https:\/\/global-hookah.com\/#\/schema\/logo\/image\/"}}]}},"_links":{"self":[{"href":"https:\/\/global-hookah.com\/de\/wp-json\/wp\/v2\/product\/19193","targetHints":{"allow":["GET"]}}],"collection":[{"href":"https:\/\/global-hookah.com\/de\/wp-json\/wp\/v2\/product"}],"about":[{"href":"https:\/\/global-hookah.com\/de\/wp-json\/wp\/v2\/types\/product"}],"replies":[{"embeddable":true,"href":"https:\/\/global-hookah.com\/de\/wp-json\/wp\/v2\/comments?post=19193"}],"version-history":[{"count":0,"href":"https:\/\/global-hookah.com\/de\/wp-json\/wp\/v2\/product\/19193\/revisions"}],"wp:featuredmedia":[{"embeddable":true,"href":"https:\/\/global-hookah.com\/de\/wp-json\/wp\/v2\/media\/19199"}],"wp:attachment":[{"href":"https:\/\/global-hookah.com\/de\/wp-json\/wp\/v2\/media?parent=19193"}],"wp:term":[{"taxonomy":"product_brand","embeddable":true,"href":"https:\/\/global-hookah.com\/de\/wp-json\/wp\/v2\/product_brand?post=19193"},{"taxonomy":"product_cat","embeddable":true,"href":"https:\/\/global-hookah.com\/de\/wp-json\/wp\/v2\/product_cat?post=19193"},{"taxonomy":"product_tag","embeddable":true,"href":"https:\/\/global-hookah.com\/de\/wp-json\/wp\/v2\/product_tag?post=19193"}],"curies":[{"name":"wp","href":"https:\/\/api.w.org\/{rel}","templated":true}]}}