{"id":19225,"date":"2024-01-12T06:36:16","date_gmt":"2024-01-12T06:36:16","guid":{"rendered":"https:\/\/global-hookah.com\/?post_type=product&#038;p=19225"},"modified":"2024-04-12T05:25:33","modified_gmt":"2024-04-12T05:25:33","slug":"wholesale-plasma-water-pipes","status":"publish","type":"product","link":"https:\/\/global-hookah.com\/de\/produkt\/wholesale-plasma-water-pipes\/","title":{"rendered":"Gro\u00dfhandel Plasma Wasserrohre"},"content":{"rendered":"<p>Willst du Coolness und \u00dcberraschung auf deine Party bringen? Diese <strong>Plasma-Wasserrohre<\/strong> wird definitiv Ihren Bed\u00fcrfnissen entsprechen! Er ist erschwinglich. Das garantiert Sicherheit und <strong>Plasmakugel-Wasserrohr<\/strong> kann Ihnen eine neue Erfahrung bringen.<\/p>\n<p>Das sind keine gew\u00f6hnlichen Wasserpfeifen, meine Freunde. Sie sind aus Hightech-Plasmaglas gefertigt, das beim Ziehen eines Zuges in einem verr\u00fcckten Neon-Lila leuchtet! Es wird so aussehen, als ob ihr jedes Mal, wenn ihr einen Zug nehmt, einen magischen, hypnotisierenden Rauch einatmet.<\/p>\n<p>Nicht nur, dass diese <strong>Plasma-Wasserrohre<\/strong> sehen nicht nur total abgefahren aus, sondern sorgen dank der eingebauten Luftstromsteuerung auch f\u00fcr wahnsinnig sanfte Schl\u00e4ge.<\/p>\n<p>Diese haben nicht nur sch\u00f6nen Rauch, sondern auch <strong>Plasmakugel-Wasserleitungen<\/strong> bieten auch eine hochwertige Filtration. Wasser entfernt bis zu 90% von sch\u00e4dlichen Giftstoffen und Teer, w\u00e4hrend der Geschmack und die Vorteile zu behalten. Erleben Sie komfortable Gl\u00e4tte mit jedem Zug. Verabschieden Sie sich von dem ekelhaften Nachgeschmack und begr\u00fc\u00dfen Sie ein h\u00f6heres Niveau des Rauchens H\u00f6hepunkt.<\/p>\n<p>Dank des gebogenen Halses und der krautfreundlichen Glasschale k\u00f6nnen Sie diese futuristische Technologie einfach und intuitiv genie\u00dfen. F\u00fcllen Sie einfach eine Schale mit getrockneten Kr\u00e4utern Ihrer Wahl und Sie sind bereit f\u00fcr einen fantastischen Zug<\/p>\n<p>Wenn Sie sich f\u00fcr dieses Thema interessieren <a href=\"https:\/\/global-hookah.com\/product-category\/wholesale-hookah\/glass-hookah-wholesale\/\">Wasserrohre<\/a>Bitte kontaktieren Sie uns per E-Mail und lassen Sie Ihre Party ein neues Niveau erreichen!<\/p>","protected":false},"excerpt":{"rendered":"<p>Willst du Coolness und \u00dcberraschung auf deine Party bringen? Diese Plasma-Wasserpfeifen werden Ihre Bed\u00fcrfnisse definitiv erf\u00fcllen! Es ist erschwinglich.<\/p>","protected":false},"featured_media":19230,"comment_status":"open","ping_status":"closed","template":"","meta":{"iawp_total_views":7,"_joinchat":[]},"product_brand":[],"product_cat":[560],"product_tag":[],"class_list":{"0":"post-19225","1":"product","2":"type-product","3":"status-publish","4":"has-post-thumbnail","6":"product_cat-glass-hookah-wholesale","8":"first","9":"instock","10":"shipping-taxable","11":"product-type-external"},"yoast_head":"<!-- This site is optimized with the Yoast SEO Premium plugin v24.7 (Yoast SEO v26.8) - https:\/\/yoast.com\/product\/yoast-seo-premium-wordpress\/ -->\n<title>Wholesale Plasma Water Pipes - Global Hookah<\/title>\n<meta name=\"robots\" content=\"index, follow, max-snippet:-1, max-image-preview:large, max-video-preview:-1\" \/>\n<link rel=\"canonical\" href=\"https:\/\/global-hookah.com\/de\/produkt\/wholesale-plasma-water-pipes\/\" \/>\n<meta property=\"og:locale\" content=\"de_DE\" \/>\n<meta property=\"og:type\" content=\"article\" \/>\n<meta property=\"og:title\" content=\"Wholesale Plasma Water Pipes\" \/>\n<meta property=\"og:description\" content=\"Want to bring coolness and surprise to your party? This Plasma Water Pipes will definitely meet your needs! It&#8217;s affordable.\" \/>\n<meta property=\"og:url\" content=\"https:\/\/global-hookah.com\/de\/produkt\/wholesale-plasma-water-pipes\/\" \/>\n<meta property=\"og:site_name\" content=\"Global Hookah\" \/>\n<meta property=\"article:modified_time\" content=\"2024-04-12T05:25:33+00:00\" \/>\n<meta property=\"og:image\" content=\"https:\/\/global-hookah.com\/wp-content\/uploads\/2024\/01\/f8a01e57ce925f43d240a36edebebca.jpg\" \/>\n\t<meta property=\"og:image:width\" content=\"1000\" \/>\n\t<meta property=\"og:image:height\" content=\"1000\" \/>\n\t<meta property=\"og:image:type\" content=\"image\/jpeg\" \/>\n<meta name=\"twitter:card\" content=\"summary_large_image\" \/>\n<meta name=\"twitter:label1\" content=\"Gesch\u00e4tzte Lesezeit\" \/>\n\t<meta name=\"twitter:data1\" content=\"2\u00a0Minuten\" \/>\n<script type=\"application\/ld+json\" class=\"yoast-schema-graph\">{\"@context\":\"https:\/\/schema.org\",\"@graph\":[{\"@type\":\"WebPage\",\"@id\":\"https:\/\/global-hookah.com\/product\/wholesale-plasma-water-pipes\/\",\"url\":\"https:\/\/global-hookah.com\/product\/wholesale-plasma-water-pipes\/\",\"name\":\"Wholesale Plasma Water Pipes - Global Hookah\",\"isPartOf\":{\"@id\":\"https:\/\/global-hookah.com\/#website\"},\"primaryImageOfPage\":{\"@id\":\"https:\/\/global-hookah.com\/product\/wholesale-plasma-water-pipes\/#primaryimage\"},\"image\":{\"@id\":\"https:\/\/global-hookah.com\/product\/wholesale-plasma-water-pipes\/#primaryimage\"},\"thumbnailUrl\":\"https:\/\/global-hookah.com\/wp-content\/uploads\/2024\/01\/f8a01e57ce925f43d240a36edebebca.jpg\",\"datePublished\":\"2024-01-12T06:36:16+00:00\",\"dateModified\":\"2024-04-12T05:25:33+00:00\",\"breadcrumb\":{\"@id\":\"https:\/\/global-hookah.com\/product\/wholesale-plasma-water-pipes\/#breadcrumb\"},\"inLanguage\":\"de\",\"potentialAction\":[{\"@type\":\"ReadAction\",\"target\":[\"https:\/\/global-hookah.com\/product\/wholesale-plasma-water-pipes\/\"]}]},{\"@type\":\"ImageObject\",\"inLanguage\":\"de\",\"@id\":\"https:\/\/global-hookah.com\/product\/wholesale-plasma-water-pipes\/#primaryimage\",\"url\":\"https:\/\/global-hookah.com\/wp-content\/uploads\/2024\/01\/f8a01e57ce925f43d240a36edebebca.jpg\",\"contentUrl\":\"https:\/\/global-hookah.com\/wp-content\/uploads\/2024\/01\/f8a01e57ce925f43d240a36edebebca.jpg\",\"width\":1000,\"height\":1000,\"caption\":\"Wholesale Plasma Water Pipes\"},{\"@type\":\"BreadcrumbList\",\"@id\":\"https:\/\/global-hookah.com\/product\/wholesale-plasma-water-pipes\/#breadcrumb\",\"itemListElement\":[{\"@type\":\"ListItem\",\"position\":1,\"name\":\"Home\",\"item\":\"https:\/\/global-hookah.com\/\"},{\"@type\":\"ListItem\",\"position\":2,\"name\":\"Shop\",\"item\":\"https:\/\/global-hookah.com\/shop\/\"},{\"@type\":\"ListItem\",\"position\":3,\"name\":\"Wholesale Plasma Water Pipes\"}]},{\"@type\":\"WebSite\",\"@id\":\"https:\/\/global-hookah.com\/#website\",\"url\":\"https:\/\/global-hookah.com\/\",\"name\":\"Global Hookah\",\"description\":\"Global Hookah\",\"publisher\":{\"@id\":\"https:\/\/global-hookah.com\/#organization\"},\"potentialAction\":[{\"@type\":\"SearchAction\",\"target\":{\"@type\":\"EntryPoint\",\"urlTemplate\":\"https:\/\/global-hookah.com\/?s={search_term_string}\"},\"query-input\":{\"@type\":\"PropertyValueSpecification\",\"valueRequired\":true,\"valueName\":\"search_term_string\"}}],\"inLanguage\":\"de\"},{\"@type\":\"Organization\",\"@id\":\"https:\/\/global-hookah.com\/#organization\",\"name\":\"Global Hookah\",\"url\":\"https:\/\/global-hookah.com\/\",\"logo\":{\"@type\":\"ImageObject\",\"inLanguage\":\"de\",\"@id\":\"https:\/\/global-hookah.com\/#\/schema\/logo\/image\/\",\"url\":\"https:\/\/global-hookah.com\/wp-content\/uploads\/2021\/10\/cropped-fgg.png\",\"contentUrl\":\"https:\/\/global-hookah.com\/wp-content\/uploads\/2021\/10\/cropped-fgg.png\",\"width\":512,\"height\":512,\"caption\":\"Global Hookah\"},\"image\":{\"@id\":\"https:\/\/global-hookah.com\/#\/schema\/logo\/image\/\"}}]}<\/script>\n<!-- \/ Yoast SEO Premium plugin. -->","yoast_head_json":{"title":"Gro\u00dfhandel Plasma Wasserpfeifen - Global Hookah","robots":{"index":"index","follow":"follow","max-snippet":"max-snippet:-1","max-image-preview":"max-image-preview:large","max-video-preview":"max-video-preview:-1"},"canonical":"https:\/\/global-hookah.com\/de\/produkt\/wholesale-plasma-water-pipes\/","og_locale":"de_DE","og_type":"article","og_title":"Wholesale Plasma Water Pipes","og_description":"Want to bring coolness and surprise to your party? This Plasma Water Pipes will definitely meet your needs! It&#8217;s affordable.","og_url":"https:\/\/global-hookah.com\/de\/produkt\/wholesale-plasma-water-pipes\/","og_site_name":"Global Hookah","article_modified_time":"2024-04-12T05:25:33+00:00","og_image":[{"width":1000,"height":1000,"url":"https:\/\/global-hookah.com\/wp-content\/uploads\/2024\/01\/f8a01e57ce925f43d240a36edebebca.jpg","type":"image\/jpeg"}],"twitter_card":"summary_large_image","twitter_misc":{"Gesch\u00e4tzte Lesezeit":"2\u00a0Minuten"},"schema":{"@context":"https:\/\/schema.org","@graph":[{"@type":"WebPage","@id":"https:\/\/global-hookah.com\/product\/wholesale-plasma-water-pipes\/","url":"https:\/\/global-hookah.com\/product\/wholesale-plasma-water-pipes\/","name":"Gro\u00dfhandel Plasma Wasserpfeifen - Global Hookah","isPartOf":{"@id":"https:\/\/global-hookah.com\/#website"},"primaryImageOfPage":{"@id":"https:\/\/global-hookah.com\/product\/wholesale-plasma-water-pipes\/#primaryimage"},"image":{"@id":"https:\/\/global-hookah.com\/product\/wholesale-plasma-water-pipes\/#primaryimage"},"thumbnailUrl":"https:\/\/global-hookah.com\/wp-content\/uploads\/2024\/01\/f8a01e57ce925f43d240a36edebebca.jpg","datePublished":"2024-01-12T06:36:16+00:00","dateModified":"2024-04-12T05:25:33+00:00","breadcrumb":{"@id":"https:\/\/global-hookah.com\/product\/wholesale-plasma-water-pipes\/#breadcrumb"},"inLanguage":"de","potentialAction":[{"@type":"ReadAction","target":["https:\/\/global-hookah.com\/product\/wholesale-plasma-water-pipes\/"]}]},{"@type":"ImageObject","inLanguage":"de","@id":"https:\/\/global-hookah.com\/product\/wholesale-plasma-water-pipes\/#primaryimage","url":"https:\/\/global-hookah.com\/wp-content\/uploads\/2024\/01\/f8a01e57ce925f43d240a36edebebca.jpg","contentUrl":"https:\/\/global-hookah.com\/wp-content\/uploads\/2024\/01\/f8a01e57ce925f43d240a36edebebca.jpg","width":1000,"height":1000,"caption":"Wholesale Plasma Water Pipes"},{"@type":"BreadcrumbList","@id":"https:\/\/global-hookah.com\/product\/wholesale-plasma-water-pipes\/#breadcrumb","itemListElement":[{"@type":"ListItem","position":1,"name":"Home","item":"https:\/\/global-hookah.com\/"},{"@type":"ListItem","position":2,"name":"Shop","item":"https:\/\/global-hookah.com\/shop\/"},{"@type":"ListItem","position":3,"name":"Wholesale Plasma Water Pipes"}]},{"@type":"WebSite","@id":"https:\/\/global-hookah.com\/#website","url":"https:\/\/global-hookah.com\/","name":"Globale Wasserpfeife","description":"Globale Wasserpfeife","publisher":{"@id":"https:\/\/global-hookah.com\/#organization"},"potentialAction":[{"@type":"SearchAction","target":{"@type":"EntryPoint","urlTemplate":"https:\/\/global-hookah.com\/?s={search_term_string}"},"query-input":{"@type":"PropertyValueSpecification","valueRequired":true,"valueName":"search_term_string"}}],"inLanguage":"de"},{"@type":"Organization","@id":"https:\/\/global-hookah.com\/#organization","name":"Globale Wasserpfeife","url":"https:\/\/global-hookah.com\/","logo":{"@type":"ImageObject","inLanguage":"de","@id":"https:\/\/global-hookah.com\/#\/schema\/logo\/image\/","url":"https:\/\/global-hookah.com\/wp-content\/uploads\/2021\/10\/cropped-fgg.png","contentUrl":"https:\/\/global-hookah.com\/wp-content\/uploads\/2021\/10\/cropped-fgg.png","width":512,"height":512,"caption":"Global Hookah"},"image":{"@id":"https:\/\/global-hookah.com\/#\/schema\/logo\/image\/"}}]}},"_links":{"self":[{"href":"https:\/\/global-hookah.com\/de\/wp-json\/wp\/v2\/product\/19225","targetHints":{"allow":["GET"]}}],"collection":[{"href":"https:\/\/global-hookah.com\/de\/wp-json\/wp\/v2\/product"}],"about":[{"href":"https:\/\/global-hookah.com\/de\/wp-json\/wp\/v2\/types\/product"}],"replies":[{"embeddable":true,"href":"https:\/\/global-hookah.com\/de\/wp-json\/wp\/v2\/comments?post=19225"}],"version-history":[{"count":0,"href":"https:\/\/global-hookah.com\/de\/wp-json\/wp\/v2\/product\/19225\/revisions"}],"wp:featuredmedia":[{"embeddable":true,"href":"https:\/\/global-hookah.com\/de\/wp-json\/wp\/v2\/media\/19230"}],"wp:attachment":[{"href":"https:\/\/global-hookah.com\/de\/wp-json\/wp\/v2\/media?parent=19225"}],"wp:term":[{"taxonomy":"product_brand","embeddable":true,"href":"https:\/\/global-hookah.com\/de\/wp-json\/wp\/v2\/product_brand?post=19225"},{"taxonomy":"product_cat","embeddable":true,"href":"https:\/\/global-hookah.com\/de\/wp-json\/wp\/v2\/product_cat?post=19225"},{"taxonomy":"product_tag","embeddable":true,"href":"https:\/\/global-hookah.com\/de\/wp-json\/wp\/v2\/product_tag?post=19225"}],"curies":[{"name":"wp","href":"https:\/\/api.w.org\/{rel}","templated":true}]}}