{"id":19536,"date":"2024-01-21T07:55:36","date_gmt":"2024-01-21T07:55:36","guid":{"rendered":"https:\/\/global-hookah.com\/product\/handmade-briar-volcano-style-pipe\/"},"modified":"2024-01-21T08:45:07","modified_gmt":"2024-01-21T08:45:07","slug":"handmade-briar-volcano-style-pipe","status":"publish","type":"product","link":"https:\/\/global-hookah.com\/de\/produkt\/handmade-briar-volcano-style-pipe\/","title":{"rendered":"Handgemachte Briar Volcano Style Pfeife"},"content":{"rendered":"<p>&nbsp;<\/p>\n<div class=\"product-specs-list-container\">\n<p>Pfeifen-Details<\/p>\n<ul>\n<li>Die Form: Vulkan<\/li>\n<li>Ausf\u00fchrung: Glatt<\/li>\n<li>Art: <a href=\"https:\/\/global-hookah.com\/product-category\/tobacco-pipe\/handmade-pipe\/\">Handgefertigtes Rohr<\/a><\/li>\n<li>Material: Briar<\/li>\n<li>L\u00e4nge: 5,69 Zoll (144,6 mm)<\/li>\n<li>H\u00f6he der Schale: 1,38 Zoll (35 mm)<\/li>\n<li>Au\u00dfendurchmesser: 1,07 Zoll (27,3 mm)<\/li>\n<li>Kammertiefe: 1,15 Zoll (29,4 mm)<\/li>\n<li>Kammerdurchmesser: 20,2 mm (0,79 Zoll)<\/li>\n<li>Gewicht: 53g (1,87 oz.)<\/li>\n<li>Material des Stiels: Acryl<\/li>\n<li>Filter: Nein<\/li>\n<\/ul>\n<ul class=\"product-specs-list util-clearfix\">\n<li class=\"product-prop line-limit-length\"><span class=\"property-title\">Modellnummer:\u00a0<\/span><span class=\"property-desc line-limit-length\">aa00596q1w1h<\/span><\/li>\n<\/ul>\n<\/div>\n<p>&nbsp;<\/p>\n<p><img decoding=\"async\" src=\"https:\/\/ae01.alicdn.com\/kf\/Sdf077c57c00849499cb87d5bd437a412U.jpg\" \/><img decoding=\"async\" src=\"https:\/\/ae01.alicdn.com\/kf\/Scc3e9ec370464265a8c37f98cda8b659W.jpg\" \/><img decoding=\"async\" src=\"https:\/\/ae01.alicdn.com\/kf\/Sb42a9bd261f645c3839c850eae600c2cj.jpg\" \/><img decoding=\"async\" src=\"https:\/\/ae01.alicdn.com\/kf\/S07a5d6b6b7f04bd6bfc7804b61b85de1Z.jpg\" \/><img decoding=\"async\" src=\"https:\/\/ae01.alicdn.com\/kf\/S367e151a0d224a8ea47ac079714b89day.jpg\" \/><img decoding=\"async\" src=\"https:\/\/ae01.alicdn.com\/kf\/S998c9d51865b48d1aba32e9dda5f077b9.jpg\" \/><img decoding=\"async\" src=\"https:\/\/ae01.alicdn.com\/kf\/Sa2332c19390d4a3288647add4b990208i.jpg\" \/><img decoding=\"async\" src=\"https:\/\/ae01.alicdn.com\/kf\/Sb0fff23cc31d4020ac6482f99d216881y.jpg\" \/><img decoding=\"async\" src=\"https:\/\/ae01.alicdn.com\/kf\/Sd273750581f54bf89021fc819bc94eccM.jpg\" \/><img decoding=\"async\" src=\"https:\/\/ae01.alicdn.com\/kf\/S1f829ba2c2b2456d8c151b7cd4c2fc312.jpg\" \/><\/p>","protected":false},"excerpt":{"rendered":"<p>&nbsp; Pfeife Details Form: Vulkan Ausf\u00fchrung: Glatt Typ: Handgemachte Pfeife Material: Briar L\u00e4nge: 5.69 in. (144.6mm) Schale H\u00f6he: 1.38 in.<\/p>","protected":false},"featured_media":19569,"comment_status":"open","ping_status":"closed","template":"","meta":{"iawp_total_views":5,"_joinchat":[]},"product_brand":[],"product_cat":[480,478,579],"product_tag":[],"class_list":{"0":"post-19536","1":"product","2":"type-product","3":"status-publish","4":"has-post-thumbnail","6":"product_cat-briar-pipe","7":"product_cat-handmade-pipe","8":"product_cat-volcano-pipe","10":"first","11":"instock","12":"sale","13":"shipping-taxable","14":"purchasable","15":"product-type-variable"},"yoast_head":"<!-- This site is optimized with the Yoast SEO Premium plugin v24.7 (Yoast SEO v26.8) - https:\/\/yoast.com\/product\/yoast-seo-premium-wordpress\/ -->\n<title>Handmade Briar Volcano Style Pipe - Global Hookah<\/title>\n<meta name=\"robots\" content=\"index, follow, max-snippet:-1, max-image-preview:large, max-video-preview:-1\" \/>\n<link rel=\"canonical\" href=\"https:\/\/global-hookah.com\/de\/produkt\/handmade-briar-volcano-style-pipe\/\" \/>\n<meta property=\"og:locale\" content=\"de_DE\" \/>\n<meta property=\"og:type\" content=\"article\" \/>\n<meta property=\"og:title\" content=\"Handmade Briar Volcano Style Pipe\" \/>\n<meta property=\"og:description\" content=\"&nbsp; Pipe Details Shape: Volcano Finish: Smooth Type: Handmade pipe Material: Briar Length: 5.69 in. (144.6mm) Bowl Height: 1.38 in.\" \/>\n<meta property=\"og:url\" content=\"https:\/\/global-hookah.com\/de\/produkt\/handmade-briar-volcano-style-pipe\/\" \/>\n<meta property=\"og:site_name\" content=\"Global Hookah\" \/>\n<meta property=\"article:modified_time\" content=\"2024-01-21T08:45:07+00:00\" \/>\n<meta property=\"og:image\" content=\"https:\/\/global-hookah.com\/wp-content\/uploads\/2024\/01\/\u8be6\u60c5-02.jpg\" \/>\n\t<meta property=\"og:image:width\" content=\"800\" \/>\n\t<meta property=\"og:image:height\" content=\"800\" \/>\n\t<meta property=\"og:image:type\" content=\"image\/jpeg\" \/>\n<meta name=\"twitter:card\" content=\"summary_large_image\" \/>\n<meta name=\"twitter:label1\" content=\"Gesch\u00e4tzte Lesezeit\" \/>\n\t<meta name=\"twitter:data1\" content=\"3\u00a0Minuten\" \/>\n<script type=\"application\/ld+json\" class=\"yoast-schema-graph\">{\"@context\":\"https:\/\/schema.org\",\"@graph\":[{\"@type\":\"WebPage\",\"@id\":\"https:\/\/global-hookah.com\/product\/handmade-briar-volcano-style-pipe\/\",\"url\":\"https:\/\/global-hookah.com\/product\/handmade-briar-volcano-style-pipe\/\",\"name\":\"Handmade Briar Volcano Style Pipe - Global Hookah\",\"isPartOf\":{\"@id\":\"https:\/\/global-hookah.com\/#website\"},\"primaryImageOfPage\":{\"@id\":\"https:\/\/global-hookah.com\/product\/handmade-briar-volcano-style-pipe\/#primaryimage\"},\"image\":{\"@id\":\"https:\/\/global-hookah.com\/product\/handmade-briar-volcano-style-pipe\/#primaryimage\"},\"thumbnailUrl\":\"https:\/\/global-hookah.com\/wp-content\/uploads\/2024\/01\/\u8be6\u60c5-02.jpg\",\"datePublished\":\"2024-01-21T07:55:36+00:00\",\"dateModified\":\"2024-01-21T08:45:07+00:00\",\"breadcrumb\":{\"@id\":\"https:\/\/global-hookah.com\/product\/handmade-briar-volcano-style-pipe\/#breadcrumb\"},\"inLanguage\":\"de\",\"potentialAction\":[{\"@type\":\"ReadAction\",\"target\":[\"https:\/\/global-hookah.com\/product\/handmade-briar-volcano-style-pipe\/\"]}]},{\"@type\":\"ImageObject\",\"inLanguage\":\"de\",\"@id\":\"https:\/\/global-hookah.com\/product\/handmade-briar-volcano-style-pipe\/#primaryimage\",\"url\":\"https:\/\/global-hookah.com\/wp-content\/uploads\/2024\/01\/\u8be6\u60c5-02.jpg\",\"contentUrl\":\"https:\/\/global-hookah.com\/wp-content\/uploads\/2024\/01\/\u8be6\u60c5-02.jpg\",\"width\":800,\"height\":800,\"caption\":\"Handmade Briar Volcano Style Pipe\"},{\"@type\":\"BreadcrumbList\",\"@id\":\"https:\/\/global-hookah.com\/product\/handmade-briar-volcano-style-pipe\/#breadcrumb\",\"itemListElement\":[{\"@type\":\"ListItem\",\"position\":1,\"name\":\"Home\",\"item\":\"https:\/\/global-hookah.com\/\"},{\"@type\":\"ListItem\",\"position\":2,\"name\":\"Shop\",\"item\":\"https:\/\/global-hookah.com\/shop\/\"},{\"@type\":\"ListItem\",\"position\":3,\"name\":\"Handmade Briar Volcano Style Pipe\"}]},{\"@type\":\"WebSite\",\"@id\":\"https:\/\/global-hookah.com\/#website\",\"url\":\"https:\/\/global-hookah.com\/\",\"name\":\"Global Hookah\",\"description\":\"Global Hookah\",\"publisher\":{\"@id\":\"https:\/\/global-hookah.com\/#organization\"},\"potentialAction\":[{\"@type\":\"SearchAction\",\"target\":{\"@type\":\"EntryPoint\",\"urlTemplate\":\"https:\/\/global-hookah.com\/?s={search_term_string}\"},\"query-input\":{\"@type\":\"PropertyValueSpecification\",\"valueRequired\":true,\"valueName\":\"search_term_string\"}}],\"inLanguage\":\"de\"},{\"@type\":\"Organization\",\"@id\":\"https:\/\/global-hookah.com\/#organization\",\"name\":\"Global Hookah\",\"url\":\"https:\/\/global-hookah.com\/\",\"logo\":{\"@type\":\"ImageObject\",\"inLanguage\":\"de\",\"@id\":\"https:\/\/global-hookah.com\/#\/schema\/logo\/image\/\",\"url\":\"https:\/\/global-hookah.com\/wp-content\/uploads\/2021\/10\/cropped-fgg.png\",\"contentUrl\":\"https:\/\/global-hookah.com\/wp-content\/uploads\/2021\/10\/cropped-fgg.png\",\"width\":512,\"height\":512,\"caption\":\"Global Hookah\"},\"image\":{\"@id\":\"https:\/\/global-hookah.com\/#\/schema\/logo\/image\/\"}}]}<\/script>\n<!-- \/ Yoast SEO Premium plugin. -->","yoast_head_json":{"title":"Handgefertigte Briar Volcano Style Pfeife - Global Hookah","robots":{"index":"index","follow":"follow","max-snippet":"max-snippet:-1","max-image-preview":"max-image-preview:large","max-video-preview":"max-video-preview:-1"},"canonical":"https:\/\/global-hookah.com\/de\/produkt\/handmade-briar-volcano-style-pipe\/","og_locale":"de_DE","og_type":"article","og_title":"Handmade Briar Volcano Style Pipe","og_description":"&nbsp; Pipe Details Shape: Volcano Finish: Smooth Type: Handmade pipe Material: Briar Length: 5.69 in. (144.6mm) Bowl Height: 1.38 in.","og_url":"https:\/\/global-hookah.com\/de\/produkt\/handmade-briar-volcano-style-pipe\/","og_site_name":"Global Hookah","article_modified_time":"2024-01-21T08:45:07+00:00","og_image":[{"width":800,"height":800,"url":"https:\/\/global-hookah.com\/wp-content\/uploads\/2024\/01\/\u8be6\u60c5-02.jpg","type":"image\/jpeg"}],"twitter_card":"summary_large_image","twitter_misc":{"Gesch\u00e4tzte Lesezeit":"3\u00a0Minuten"},"schema":{"@context":"https:\/\/schema.org","@graph":[{"@type":"WebPage","@id":"https:\/\/global-hookah.com\/product\/handmade-briar-volcano-style-pipe\/","url":"https:\/\/global-hookah.com\/product\/handmade-briar-volcano-style-pipe\/","name":"Handgefertigte Briar Volcano Style Pfeife - Global Hookah","isPartOf":{"@id":"https:\/\/global-hookah.com\/#website"},"primaryImageOfPage":{"@id":"https:\/\/global-hookah.com\/product\/handmade-briar-volcano-style-pipe\/#primaryimage"},"image":{"@id":"https:\/\/global-hookah.com\/product\/handmade-briar-volcano-style-pipe\/#primaryimage"},"thumbnailUrl":"https:\/\/global-hookah.com\/wp-content\/uploads\/2024\/01\/\u8be6\u60c5-02.jpg","datePublished":"2024-01-21T07:55:36+00:00","dateModified":"2024-01-21T08:45:07+00:00","breadcrumb":{"@id":"https:\/\/global-hookah.com\/product\/handmade-briar-volcano-style-pipe\/#breadcrumb"},"inLanguage":"de","potentialAction":[{"@type":"ReadAction","target":["https:\/\/global-hookah.com\/product\/handmade-briar-volcano-style-pipe\/"]}]},{"@type":"ImageObject","inLanguage":"de","@id":"https:\/\/global-hookah.com\/product\/handmade-briar-volcano-style-pipe\/#primaryimage","url":"https:\/\/global-hookah.com\/wp-content\/uploads\/2024\/01\/\u8be6\u60c5-02.jpg","contentUrl":"https:\/\/global-hookah.com\/wp-content\/uploads\/2024\/01\/\u8be6\u60c5-02.jpg","width":800,"height":800,"caption":"Handmade Briar Volcano Style Pipe"},{"@type":"BreadcrumbList","@id":"https:\/\/global-hookah.com\/product\/handmade-briar-volcano-style-pipe\/#breadcrumb","itemListElement":[{"@type":"ListItem","position":1,"name":"Home","item":"https:\/\/global-hookah.com\/"},{"@type":"ListItem","position":2,"name":"Shop","item":"https:\/\/global-hookah.com\/shop\/"},{"@type":"ListItem","position":3,"name":"Handmade Briar Volcano Style Pipe"}]},{"@type":"WebSite","@id":"https:\/\/global-hookah.com\/#website","url":"https:\/\/global-hookah.com\/","name":"Globale Wasserpfeife","description":"Globale Wasserpfeife","publisher":{"@id":"https:\/\/global-hookah.com\/#organization"},"potentialAction":[{"@type":"SearchAction","target":{"@type":"EntryPoint","urlTemplate":"https:\/\/global-hookah.com\/?s={search_term_string}"},"query-input":{"@type":"PropertyValueSpecification","valueRequired":true,"valueName":"search_term_string"}}],"inLanguage":"de"},{"@type":"Organization","@id":"https:\/\/global-hookah.com\/#organization","name":"Globale Wasserpfeife","url":"https:\/\/global-hookah.com\/","logo":{"@type":"ImageObject","inLanguage":"de","@id":"https:\/\/global-hookah.com\/#\/schema\/logo\/image\/","url":"https:\/\/global-hookah.com\/wp-content\/uploads\/2021\/10\/cropped-fgg.png","contentUrl":"https:\/\/global-hookah.com\/wp-content\/uploads\/2021\/10\/cropped-fgg.png","width":512,"height":512,"caption":"Global Hookah"},"image":{"@id":"https:\/\/global-hookah.com\/#\/schema\/logo\/image\/"}}]}},"_links":{"self":[{"href":"https:\/\/global-hookah.com\/de\/wp-json\/wp\/v2\/product\/19536","targetHints":{"allow":["GET"]}}],"collection":[{"href":"https:\/\/global-hookah.com\/de\/wp-json\/wp\/v2\/product"}],"about":[{"href":"https:\/\/global-hookah.com\/de\/wp-json\/wp\/v2\/types\/product"}],"replies":[{"embeddable":true,"href":"https:\/\/global-hookah.com\/de\/wp-json\/wp\/v2\/comments?post=19536"}],"version-history":[{"count":0,"href":"https:\/\/global-hookah.com\/de\/wp-json\/wp\/v2\/product\/19536\/revisions"}],"wp:featuredmedia":[{"embeddable":true,"href":"https:\/\/global-hookah.com\/de\/wp-json\/wp\/v2\/media\/19569"}],"wp:attachment":[{"href":"https:\/\/global-hookah.com\/de\/wp-json\/wp\/v2\/media?parent=19536"}],"wp:term":[{"taxonomy":"product_brand","embeddable":true,"href":"https:\/\/global-hookah.com\/de\/wp-json\/wp\/v2\/product_brand?post=19536"},{"taxonomy":"product_cat","embeddable":true,"href":"https:\/\/global-hookah.com\/de\/wp-json\/wp\/v2\/product_cat?post=19536"},{"taxonomy":"product_tag","embeddable":true,"href":"https:\/\/global-hookah.com\/de\/wp-json\/wp\/v2\/product_tag?post=19536"}],"curies":[{"name":"wp","href":"https:\/\/api.w.org\/{rel}","templated":true}]}}