{"id":19545,"date":"2024-01-21T08:04:46","date_gmt":"2024-01-21T08:04:46","guid":{"rendered":"https:\/\/global-hookah.com\/product\/handmade-briar-freestyle-pipe-with-horns-ring\/"},"modified":"2024-01-21T08:11:23","modified_gmt":"2024-01-21T08:11:23","slug":"handmade-briar-freestyle-pipe-with-horns-ring","status":"publish","type":"product","link":"https:\/\/global-hookah.com\/de\/produkt\/handmade-briar-freestyle-pipe-with-horns-ring\/","title":{"rendered":"Handgemachte Briar Freestyle Pfeife mit H\u00f6rnern Ring"},"content":{"rendered":"<p>Pfeifen-Details<\/p>\n<ul>\n<li>Die Form: Freestyle<\/li>\n<li>Art: <a href=\"https:\/\/global-hookah.com\/product-category\/tobacco-pipe\/handmade-pipe\/\">Handgefertigtes Rohr<\/a><\/li>\n<li>L\u00e4nge: 5,23 Zoll (133 mm)<\/li>\n<li>H\u00f6he der Schale: 1,83 Zoll (46,5 mm)<\/li>\n<li>Au\u00dfendurchmesser: 1,51 Zoll (38,4 mm)<\/li>\n<li>Tiefe der Kammer: 34 mm (1,34 Zoll)<\/li>\n<li>Kammerdurchmesser: 17,5 mm (0,69 Zoll)<\/li>\n<li>Gewicht: 40,3g (1,42 oz.)<\/li>\n<li>Material des Stiels: Acryl<\/li>\n<li>Filter: Nein<\/li>\n<\/ul>\n<div class=\"product-specs-list-container\">\n<ul class=\"product-specs-list util-clearfix\">\n<li class=\"product-prop line-limit-length\"><span class=\"property-title\">Material: Bruy\u00e8reholz<\/span><\/li>\n<li class=\"product-prop line-limit-length\"><span class=\"property-title\">Modellnummer:\u00a0<\/span><span class=\"property-desc line-limit-length\">Fa20139h1c1h<\/span><\/li>\n<\/ul>\n<\/div>\n<p><img decoding=\"async\" src=\"https:\/\/ae01.alicdn.com\/kf\/S1390753cad5b4b66afe5dc293bc6fa5fB.jpg\" \/><img decoding=\"async\" src=\"https:\/\/ae01.alicdn.com\/kf\/S2aa39712940f4ecdb368718d2594aa5dq.jpg\" \/><img decoding=\"async\" src=\"https:\/\/ae01.alicdn.com\/kf\/Sfc7cb9d71bb141d59c98d6dcfb116684E.jpg\" \/><img decoding=\"async\" src=\"https:\/\/ae01.alicdn.com\/kf\/Sf9a187c6e01a4dce8c3e5618eaffcd9b9.jpg\" \/><img decoding=\"async\" src=\"https:\/\/ae01.alicdn.com\/kf\/S491cc831ca8443e2aa272dbd7582068by.jpg\" \/><img decoding=\"async\" src=\"https:\/\/ae01.alicdn.com\/kf\/S5d71d434ce2e49c8b17bde2926aecce0B.jpg\" \/><img decoding=\"async\" src=\"https:\/\/ae01.alicdn.com\/kf\/S447d907d33e340abb3fb8181b45751152.jpg\" \/><img decoding=\"async\" src=\"https:\/\/ae01.alicdn.com\/kf\/S22cb742dd2bf440cb55c4b27ad23c32dy.jpg\" \/><img decoding=\"async\" src=\"https:\/\/ae01.alicdn.com\/kf\/S4ef24dec0cd4445e9fc2420ad064229cR.jpg\" \/><\/p>","protected":false},"excerpt":{"rendered":"<p>Pfeife Details Form: Freestyle Typ: Handgefertigte Pfeife L\u00e4nge: 5.23 in. (133mm) H\u00f6he des Kopfes: 1.83 in. (46.5mm) Au\u00dfendurchmesser: 1.51 in.<\/p>","protected":false},"featured_media":19546,"comment_status":"open","ping_status":"closed","template":"","meta":{"iawp_total_views":1,"_joinchat":[]},"product_brand":[],"product_cat":[480,478],"product_tag":[],"class_list":{"0":"post-19545","1":"product","2":"type-product","3":"status-publish","4":"has-post-thumbnail","6":"product_cat-briar-pipe","7":"product_cat-handmade-pipe","9":"first","10":"instock","11":"sale","12":"shipping-taxable","13":"purchasable","14":"product-type-variable"},"yoast_head":"<!-- This site is optimized with the Yoast SEO Premium plugin v24.7 (Yoast SEO v26.8) - https:\/\/yoast.com\/product\/yoast-seo-premium-wordpress\/ -->\n<title>Handmade Briar Freestyle Pipe With Horns Ring - Global Hookah<\/title>\n<meta name=\"robots\" content=\"index, follow, max-snippet:-1, max-image-preview:large, max-video-preview:-1\" \/>\n<link rel=\"canonical\" href=\"https:\/\/global-hookah.com\/de\/producto\/pipa-de-brezo-de-estilo-libre-con-anillo-de-cuernos-hecha-a-mano\/\" \/>\n<meta property=\"og:locale\" content=\"de_DE\" \/>\n<meta property=\"og:type\" content=\"article\" \/>\n<meta property=\"og:title\" content=\"Handmade Briar Freestyle Pipe With Horns Ring\" \/>\n<meta property=\"og:description\" content=\"Pipe Details Shape: Freestyle Type: Handmade pipe Length: 5.23 in. (133mm) Bowl Height: 1.83 in. (46.5mm) Outside Diameter: 1.51 in.\" \/>\n<meta property=\"og:url\" content=\"https:\/\/global-hookah.com\/de\/producto\/pipa-de-brezo-de-estilo-libre-con-anillo-de-cuernos-hecha-a-mano\/\" \/>\n<meta property=\"og:site_name\" content=\"Global Hookah\" \/>\n<meta property=\"article:modified_time\" content=\"2024-01-21T08:11:23+00:00\" \/>\n<meta property=\"og:image\" content=\"https:\/\/global-hookah.com\/wp-content\/uploads\/2024\/01\/Handmade-briar-tobacco-pipe-Freestyle-pipe-horns-ring-Vulcanized-rubber-Curved-handle-pipe-Father-s-gift.webp\" \/>\n\t<meta property=\"og:image:width\" content=\"1000\" \/>\n\t<meta property=\"og:image:height\" content=\"1000\" \/>\n\t<meta property=\"og:image:type\" content=\"image\/webp\" \/>\n<meta name=\"twitter:card\" content=\"summary_large_image\" \/>\n<meta name=\"twitter:label1\" content=\"Gesch\u00e4tzte Lesezeit\" \/>\n\t<meta name=\"twitter:data1\" content=\"3\u00a0Minuten\" \/>\n<script type=\"application\/ld+json\" class=\"yoast-schema-graph\">{\"@context\":\"https:\/\/schema.org\",\"@graph\":[{\"@type\":\"WebPage\",\"@id\":\"https:\/\/global-hookah.com\/es\/producto\/pipa-de-brezo-de-estilo-libre-con-anillo-de-cuernos-hecha-a-mano\/\",\"url\":\"https:\/\/global-hookah.com\/es\/producto\/pipa-de-brezo-de-estilo-libre-con-anillo-de-cuernos-hecha-a-mano\/\",\"name\":\"Handmade Briar Freestyle Pipe With Horns Ring - Global Hookah\",\"isPartOf\":{\"@id\":\"https:\/\/global-hookah.com\/#website\"},\"primaryImageOfPage\":{\"@id\":\"https:\/\/global-hookah.com\/es\/producto\/pipa-de-brezo-de-estilo-libre-con-anillo-de-cuernos-hecha-a-mano\/#primaryimage\"},\"image\":{\"@id\":\"https:\/\/global-hookah.com\/es\/producto\/pipa-de-brezo-de-estilo-libre-con-anillo-de-cuernos-hecha-a-mano\/#primaryimage\"},\"thumbnailUrl\":\"https:\/\/global-hookah.com\/wp-content\/uploads\/2024\/01\/Handmade-briar-tobacco-pipe-Freestyle-pipe-horns-ring-Vulcanized-rubber-Curved-handle-pipe-Father-s-gift.webp\",\"datePublished\":\"2024-01-21T08:04:46+00:00\",\"dateModified\":\"2024-01-21T08:11:23+00:00\",\"breadcrumb\":{\"@id\":\"https:\/\/global-hookah.com\/es\/producto\/pipa-de-brezo-de-estilo-libre-con-anillo-de-cuernos-hecha-a-mano\/#breadcrumb\"},\"inLanguage\":\"de\",\"potentialAction\":[{\"@type\":\"ReadAction\",\"target\":[\"https:\/\/global-hookah.com\/es\/producto\/pipa-de-brezo-de-estilo-libre-con-anillo-de-cuernos-hecha-a-mano\/\"]}]},{\"@type\":\"ImageObject\",\"inLanguage\":\"de\",\"@id\":\"https:\/\/global-hookah.com\/es\/producto\/pipa-de-brezo-de-estilo-libre-con-anillo-de-cuernos-hecha-a-mano\/#primaryimage\",\"url\":\"https:\/\/global-hookah.com\/wp-content\/uploads\/2024\/01\/Handmade-briar-tobacco-pipe-Freestyle-pipe-horns-ring-Vulcanized-rubber-Curved-handle-pipe-Father-s-gift.webp\",\"contentUrl\":\"https:\/\/global-hookah.com\/wp-content\/uploads\/2024\/01\/Handmade-briar-tobacco-pipe-Freestyle-pipe-horns-ring-Vulcanized-rubber-Curved-handle-pipe-Father-s-gift.webp\",\"width\":1000,\"height\":1000,\"caption\":\"Handmade Briar Freestyle Pipe\"},{\"@type\":\"BreadcrumbList\",\"@id\":\"https:\/\/global-hookah.com\/es\/producto\/pipa-de-brezo-de-estilo-libre-con-anillo-de-cuernos-hecha-a-mano\/#breadcrumb\",\"itemListElement\":[{\"@type\":\"ListItem\",\"position\":1,\"name\":\"Home\",\"item\":\"https:\/\/global-hookah.com\/\"},{\"@type\":\"ListItem\",\"position\":2,\"name\":\"Shop\",\"item\":\"https:\/\/global-hookah.com\/shop\/\"},{\"@type\":\"ListItem\",\"position\":3,\"name\":\"Handmade Briar Freestyle Pipe With Horns Ring\"}]},{\"@type\":\"WebSite\",\"@id\":\"https:\/\/global-hookah.com\/#website\",\"url\":\"https:\/\/global-hookah.com\/\",\"name\":\"Global Hookah\",\"description\":\"Global Hookah\",\"publisher\":{\"@id\":\"https:\/\/global-hookah.com\/#organization\"},\"potentialAction\":[{\"@type\":\"SearchAction\",\"target\":{\"@type\":\"EntryPoint\",\"urlTemplate\":\"https:\/\/global-hookah.com\/?s={search_term_string}\"},\"query-input\":{\"@type\":\"PropertyValueSpecification\",\"valueRequired\":true,\"valueName\":\"search_term_string\"}}],\"inLanguage\":\"de\"},{\"@type\":\"Organization\",\"@id\":\"https:\/\/global-hookah.com\/#organization\",\"name\":\"Global Hookah\",\"url\":\"https:\/\/global-hookah.com\/\",\"logo\":{\"@type\":\"ImageObject\",\"inLanguage\":\"de\",\"@id\":\"https:\/\/global-hookah.com\/#\/schema\/logo\/image\/\",\"url\":\"https:\/\/global-hookah.com\/wp-content\/uploads\/2021\/10\/cropped-fgg.png\",\"contentUrl\":\"https:\/\/global-hookah.com\/wp-content\/uploads\/2021\/10\/cropped-fgg.png\",\"width\":512,\"height\":512,\"caption\":\"Global Hookah\"},\"image\":{\"@id\":\"https:\/\/global-hookah.com\/#\/schema\/logo\/image\/\"}}]}<\/script>\n<!-- \/ Yoast SEO Premium plugin. -->","yoast_head_json":{"title":"Handgefertigte Briar Freestyle Pfeife mit Horns Ring - Global Hookah","robots":{"index":"index","follow":"follow","max-snippet":"max-snippet:-1","max-image-preview":"max-image-preview:large","max-video-preview":"max-video-preview:-1"},"canonical":"https:\/\/global-hookah.com\/de\/producto\/pipa-de-brezo-de-estilo-libre-con-anillo-de-cuernos-hecha-a-mano\/","og_locale":"de_DE","og_type":"article","og_title":"Handmade Briar Freestyle Pipe With Horns Ring","og_description":"Pipe Details Shape: Freestyle Type: Handmade pipe Length: 5.23 in. (133mm) Bowl Height: 1.83 in. (46.5mm) Outside Diameter: 1.51 in.","og_url":"https:\/\/global-hookah.com\/de\/producto\/pipa-de-brezo-de-estilo-libre-con-anillo-de-cuernos-hecha-a-mano\/","og_site_name":"Global Hookah","article_modified_time":"2024-01-21T08:11:23+00:00","og_image":[{"width":1000,"height":1000,"url":"https:\/\/global-hookah.com\/wp-content\/uploads\/2024\/01\/Handmade-briar-tobacco-pipe-Freestyle-pipe-horns-ring-Vulcanized-rubber-Curved-handle-pipe-Father-s-gift.webp","type":"image\/webp"}],"twitter_card":"summary_large_image","twitter_misc":{"Gesch\u00e4tzte Lesezeit":"3\u00a0Minuten"},"schema":{"@context":"https:\/\/schema.org","@graph":[{"@type":"WebPage","@id":"https:\/\/global-hookah.com\/es\/producto\/pipa-de-brezo-de-estilo-libre-con-anillo-de-cuernos-hecha-a-mano\/","url":"https:\/\/global-hookah.com\/es\/producto\/pipa-de-brezo-de-estilo-libre-con-anillo-de-cuernos-hecha-a-mano\/","name":"Handgefertigte Briar Freestyle Pfeife mit Horns Ring - Global Hookah","isPartOf":{"@id":"https:\/\/global-hookah.com\/#website"},"primaryImageOfPage":{"@id":"https:\/\/global-hookah.com\/es\/producto\/pipa-de-brezo-de-estilo-libre-con-anillo-de-cuernos-hecha-a-mano\/#primaryimage"},"image":{"@id":"https:\/\/global-hookah.com\/es\/producto\/pipa-de-brezo-de-estilo-libre-con-anillo-de-cuernos-hecha-a-mano\/#primaryimage"},"thumbnailUrl":"https:\/\/global-hookah.com\/wp-content\/uploads\/2024\/01\/Handmade-briar-tobacco-pipe-Freestyle-pipe-horns-ring-Vulcanized-rubber-Curved-handle-pipe-Father-s-gift.webp","datePublished":"2024-01-21T08:04:46+00:00","dateModified":"2024-01-21T08:11:23+00:00","breadcrumb":{"@id":"https:\/\/global-hookah.com\/es\/producto\/pipa-de-brezo-de-estilo-libre-con-anillo-de-cuernos-hecha-a-mano\/#breadcrumb"},"inLanguage":"de","potentialAction":[{"@type":"ReadAction","target":["https:\/\/global-hookah.com\/es\/producto\/pipa-de-brezo-de-estilo-libre-con-anillo-de-cuernos-hecha-a-mano\/"]}]},{"@type":"ImageObject","inLanguage":"de","@id":"https:\/\/global-hookah.com\/es\/producto\/pipa-de-brezo-de-estilo-libre-con-anillo-de-cuernos-hecha-a-mano\/#primaryimage","url":"https:\/\/global-hookah.com\/wp-content\/uploads\/2024\/01\/Handmade-briar-tobacco-pipe-Freestyle-pipe-horns-ring-Vulcanized-rubber-Curved-handle-pipe-Father-s-gift.webp","contentUrl":"https:\/\/global-hookah.com\/wp-content\/uploads\/2024\/01\/Handmade-briar-tobacco-pipe-Freestyle-pipe-horns-ring-Vulcanized-rubber-Curved-handle-pipe-Father-s-gift.webp","width":1000,"height":1000,"caption":"Handmade Briar Freestyle Pipe"},{"@type":"BreadcrumbList","@id":"https:\/\/global-hookah.com\/es\/producto\/pipa-de-brezo-de-estilo-libre-con-anillo-de-cuernos-hecha-a-mano\/#breadcrumb","itemListElement":[{"@type":"ListItem","position":1,"name":"Home","item":"https:\/\/global-hookah.com\/"},{"@type":"ListItem","position":2,"name":"Shop","item":"https:\/\/global-hookah.com\/shop\/"},{"@type":"ListItem","position":3,"name":"Handmade Briar Freestyle Pipe With Horns Ring"}]},{"@type":"WebSite","@id":"https:\/\/global-hookah.com\/#website","url":"https:\/\/global-hookah.com\/","name":"Globale Wasserpfeife","description":"Globale Wasserpfeife","publisher":{"@id":"https:\/\/global-hookah.com\/#organization"},"potentialAction":[{"@type":"SearchAction","target":{"@type":"EntryPoint","urlTemplate":"https:\/\/global-hookah.com\/?s={search_term_string}"},"query-input":{"@type":"PropertyValueSpecification","valueRequired":true,"valueName":"search_term_string"}}],"inLanguage":"de"},{"@type":"Organization","@id":"https:\/\/global-hookah.com\/#organization","name":"Globale Wasserpfeife","url":"https:\/\/global-hookah.com\/","logo":{"@type":"ImageObject","inLanguage":"de","@id":"https:\/\/global-hookah.com\/#\/schema\/logo\/image\/","url":"https:\/\/global-hookah.com\/wp-content\/uploads\/2021\/10\/cropped-fgg.png","contentUrl":"https:\/\/global-hookah.com\/wp-content\/uploads\/2021\/10\/cropped-fgg.png","width":512,"height":512,"caption":"Global Hookah"},"image":{"@id":"https:\/\/global-hookah.com\/#\/schema\/logo\/image\/"}}]}},"_links":{"self":[{"href":"https:\/\/global-hookah.com\/de\/wp-json\/wp\/v2\/product\/19545","targetHints":{"allow":["GET"]}}],"collection":[{"href":"https:\/\/global-hookah.com\/de\/wp-json\/wp\/v2\/product"}],"about":[{"href":"https:\/\/global-hookah.com\/de\/wp-json\/wp\/v2\/types\/product"}],"replies":[{"embeddable":true,"href":"https:\/\/global-hookah.com\/de\/wp-json\/wp\/v2\/comments?post=19545"}],"version-history":[{"count":0,"href":"https:\/\/global-hookah.com\/de\/wp-json\/wp\/v2\/product\/19545\/revisions"}],"wp:featuredmedia":[{"embeddable":true,"href":"https:\/\/global-hookah.com\/de\/wp-json\/wp\/v2\/media\/19546"}],"wp:attachment":[{"href":"https:\/\/global-hookah.com\/de\/wp-json\/wp\/v2\/media?parent=19545"}],"wp:term":[{"taxonomy":"product_brand","embeddable":true,"href":"https:\/\/global-hookah.com\/de\/wp-json\/wp\/v2\/product_brand?post=19545"},{"taxonomy":"product_cat","embeddable":true,"href":"https:\/\/global-hookah.com\/de\/wp-json\/wp\/v2\/product_cat?post=19545"},{"taxonomy":"product_tag","embeddable":true,"href":"https:\/\/global-hookah.com\/de\/wp-json\/wp\/v2\/product_tag?post=19545"}],"curies":[{"name":"wp","href":"https:\/\/api.w.org\/{rel}","templated":true}]}}