{"id":20429,"date":"2024-04-06T13:04:39","date_gmt":"2024-04-06T13:04:39","guid":{"rendered":"https:\/\/global-hookah.com\/product\/authentic-37-handmade-traditional-style-egyptian-khalil-mamoon-single-pear-narguile-hookah-black\/"},"modified":"2024-04-07T03:42:06","modified_gmt":"2024-04-07T03:42:06","slug":"37-handmade-traditional-style-hookah","status":"publish","type":"product","link":"https:\/\/global-hookah.com\/de\/produkt\/37-handmade-traditional-style-hookah\/","title":{"rendered":"37\u2033 Handgefertigte Wasserpfeife im traditionellen Stil"},"content":{"rendered":"<p>Diese<strong> Traditionelles Wasserpfeifen-Set<\/strong> kommt mit allem, was Sie f\u00fcr ein gro\u00dfartiges Raucherlebnis brauchen. Sie enth\u00e4lt eine langlebige Aluminium-Glaspfeife, eine abwaschbare Silikonbasis, ein Aluminium-Mundst\u00fcck, einen Keramikkopf, eine Siebkohleablage, eine Zange und Dichtungen - perfekt! Sogar eine Shisha-Schale ist im Lieferumfang enthalten - alles, was Sie brauchen, um die Party steigen zu lassen! Alles, was Sie brauchen, sind Kohlen und Tabak.<\/p>\n<p>Das Quick-Lock-System nutzt eine patentierte Technologie, um das Aluminiumrohr schnell und sicher an der Glasvase zu befestigen. Mit einer einfachen Drehbewegung werden sie sofort zusammengeklickt, schneller und zuverl\u00e4ssiger als beim Verschrauben. M\u00f6chten Sie anpassen und kaufen in <a href=\"https:\/\/global-hookah.com\/product-category\/wholesale-hookah\/\"><strong>lose traditionelle Wasserpfeife<\/strong><\/a>? Komm und nimm Kontakt auf Lass uns<\/p>\n<div class=\"txtcont\" style=\"font-family: ui-sans-serif, system-ui, -apple-system, 'Segoe UI', Roboto, Ubuntu, Cantarell, 'Noto Sans', sans-serif, BlinkMacSystemFont, 'Helvetica Neue', Arial, 'Apple Color Emoji', 'Segoe UI Emoji', 'Segoe UI Symbol', 'Noto Color Emoji'; font-size: 18px; font-weight: 400; letter-spacing: normal; text-align: start; white-space: normal; color: #000000; background-color: #f8f9fb; border: 0px solid #e5e7eb; margin-bottom: 0px; box-sizing: inherit;\" align=\"start\">\n<div class=\"origintxt\" style=\"color: #161f2d; border: 0px solid #e5e7eb; display: inline-block; box-sizing: inherit;\">Produktvolumen 22cm *22cm*34cm<\/div>\n<\/div>\n<div class=\"txtcont\" style=\"font-family: ui-sans-serif, system-ui, -apple-system, 'Segoe UI', Roboto, Ubuntu, Cantarell, 'Noto Sans', sans-serif, BlinkMacSystemFont, 'Helvetica Neue', Arial, 'Apple Color Emoji', 'Segoe UI Emoji', 'Segoe UI Symbol', 'Noto Color Emoji'; font-size: 18px; font-weight: 400; letter-spacing: normal; text-align: start; white-space: normal; color: #000000; background-color: #f8f9fb; border: 0px solid #e5e7eb; margin-bottom: 0px; box-sizing: inherit;\" align=\"start\">\n<div class=\"origintxt\" style=\"color: #161f2d; border: 0px solid #e5e7eb; display: inline-block; box-sizing: inherit;\">St\u00fcckgewicht 2,5 kg<\/div>\n<\/div>\n<div class=\"txtcont\" style=\"font-family: ui-sans-serif, system-ui, -apple-system, 'Segoe UI', Roboto, Ubuntu, Cantarell, 'Noto Sans', sans-serif, BlinkMacSystemFont, 'Helvetica Neue', Arial, 'Apple Color Emoji', 'Segoe UI Emoji', 'Segoe UI Symbol', 'Noto Color Emoji'; font-size: 18px; font-weight: 400; letter-spacing: normal; text-align: start; white-space: normal; color: #000000; background-color: #f8f9fb; border: 0px solid #e5e7eb; margin-bottom: 0px; box-sizing: inherit;\" align=\"start\">\n<div class=\"origintxt\" style=\"color: #161f2d; border: 0px solid #e5e7eb; display: inline-block; box-sizing: inherit;\">Gewicht der Verpackung 3 kg<\/div>\n<\/div>\n<p>&nbsp;<\/p>\n<p><img fetchpriority=\"high\" decoding=\"async\" src=\"https:\/\/cbu01.alicdn.com\/img\/ibank\/O1CN01teVnPL1fa7jU0zHhh_!!2207662824022-0-cib.jpg\" width=\"856\" height=\"861\" \/><\/p>","protected":false},"excerpt":{"rendered":"<p>Dieses traditionelle Wasserpfeifen-Set enth\u00e4lt alles, was Sie f\u00fcr ein gro\u00dfartiges Raucherlebnis ben\u00f6tigen. Es umfasst eine dauerhafte Aluminium<\/p>","protected":false},"featured_media":20430,"comment_status":"closed","ping_status":"closed","template":"","meta":{"iawp_total_views":0,"_joinchat":[]},"product_brand":[],"product_cat":[560],"product_tag":[],"class_list":{"0":"post-20429","1":"product","2":"type-product","3":"status-publish","4":"has-post-thumbnail","6":"product_cat-glass-hookah-wholesale","8":"first","9":"instock","10":"shipping-taxable","11":"purchasable","12":"product-type-variable"},"yoast_head":"<!-- This site is optimized with the Yoast SEO Premium plugin v24.7 (Yoast SEO v26.8) - https:\/\/yoast.com\/product\/yoast-seo-premium-wordpress\/ -->\n<title>37&quot; Handmade Traditional Style Hookah - Global Hookah<\/title>\n<meta name=\"robots\" content=\"index, follow, max-snippet:-1, max-image-preview:large, max-video-preview:-1\" \/>\n<link rel=\"canonical\" href=\"https:\/\/global-hookah.com\/de\/produkt\/37-handmade-traditional-style-hookah\/\" \/>\n<meta property=\"og:locale\" content=\"de_DE\" \/>\n<meta property=\"og:type\" content=\"article\" \/>\n<meta property=\"og:title\" content=\"37&quot; Handmade Traditional Style Hookah\" \/>\n<meta property=\"og:description\" content=\"This traditional hookah pipe set comes with everything you need for a great smoking experience. It includes a durable aluminum\" \/>\n<meta property=\"og:url\" content=\"https:\/\/global-hookah.com\/de\/produkt\/37-handmade-traditional-style-hookah\/\" \/>\n<meta property=\"og:site_name\" content=\"Global Hookah\" \/>\n<meta property=\"article:modified_time\" content=\"2024-04-07T03:42:06+00:00\" \/>\n<meta property=\"og:image\" content=\"https:\/\/global-hookah.com\/wp-content\/uploads\/2024\/04\/Authentic-37-Handmade-Traditional-Style-Egyptian-Khalil-Mamoon-Single-Pear-Narguile-Hookah-Black.webp\" \/>\n\t<meta property=\"og:image:width\" content=\"1920\" \/>\n\t<meta property=\"og:image:height\" content=\"1920\" \/>\n\t<meta property=\"og:image:type\" content=\"image\/webp\" \/>\n<meta name=\"twitter:card\" content=\"summary_large_image\" \/>\n<meta name=\"twitter:label1\" content=\"Gesch\u00e4tzte Lesezeit\" \/>\n\t<meta name=\"twitter:data1\" content=\"1\u00a0Minute\" \/>\n<script type=\"application\/ld+json\" class=\"yoast-schema-graph\">{\"@context\":\"https:\/\/schema.org\",\"@graph\":[{\"@type\":\"WebPage\",\"@id\":\"https:\/\/global-hookah.com\/product\/37-handmade-traditional-style-hookah\/\",\"url\":\"https:\/\/global-hookah.com\/product\/37-handmade-traditional-style-hookah\/\",\"name\":\"37\\\" Handmade Traditional Style Hookah - Global Hookah\",\"isPartOf\":{\"@id\":\"https:\/\/global-hookah.com\/#website\"},\"primaryImageOfPage\":{\"@id\":\"https:\/\/global-hookah.com\/product\/37-handmade-traditional-style-hookah\/#primaryimage\"},\"image\":{\"@id\":\"https:\/\/global-hookah.com\/product\/37-handmade-traditional-style-hookah\/#primaryimage\"},\"thumbnailUrl\":\"https:\/\/global-hookah.com\/wp-content\/uploads\/2024\/04\/Authentic-37-Handmade-Traditional-Style-Egyptian-Khalil-Mamoon-Single-Pear-Narguile-Hookah-Black.webp\",\"datePublished\":\"2024-04-06T13:04:39+00:00\",\"dateModified\":\"2024-04-07T03:42:06+00:00\",\"breadcrumb\":{\"@id\":\"https:\/\/global-hookah.com\/product\/37-handmade-traditional-style-hookah\/#breadcrumb\"},\"inLanguage\":\"de\",\"potentialAction\":[{\"@type\":\"ReadAction\",\"target\":[\"https:\/\/global-hookah.com\/product\/37-handmade-traditional-style-hookah\/\"]}]},{\"@type\":\"ImageObject\",\"inLanguage\":\"de\",\"@id\":\"https:\/\/global-hookah.com\/product\/37-handmade-traditional-style-hookah\/#primaryimage\",\"url\":\"https:\/\/global-hookah.com\/wp-content\/uploads\/2024\/04\/Authentic-37-Handmade-Traditional-Style-Egyptian-Khalil-Mamoon-Single-Pear-Narguile-Hookah-Black.webp\",\"contentUrl\":\"https:\/\/global-hookah.com\/wp-content\/uploads\/2024\/04\/Authentic-37-Handmade-Traditional-Style-Egyptian-Khalil-Mamoon-Single-Pear-Narguile-Hookah-Black.webp\",\"width\":1920,\"height\":1920,\"caption\":\"37\\\" Handmade Traditional Style Hookah\"},{\"@type\":\"BreadcrumbList\",\"@id\":\"https:\/\/global-hookah.com\/product\/37-handmade-traditional-style-hookah\/#breadcrumb\",\"itemListElement\":[{\"@type\":\"ListItem\",\"position\":1,\"name\":\"Home\",\"item\":\"https:\/\/global-hookah.com\/\"},{\"@type\":\"ListItem\",\"position\":2,\"name\":\"Shop\",\"item\":\"https:\/\/global-hookah.com\/shop\/\"},{\"@type\":\"ListItem\",\"position\":3,\"name\":\"37&#8243; Handmade Traditional Style Hookah\"}]},{\"@type\":\"WebSite\",\"@id\":\"https:\/\/global-hookah.com\/#website\",\"url\":\"https:\/\/global-hookah.com\/\",\"name\":\"Global Hookah\",\"description\":\"Global Hookah\",\"publisher\":{\"@id\":\"https:\/\/global-hookah.com\/#organization\"},\"potentialAction\":[{\"@type\":\"SearchAction\",\"target\":{\"@type\":\"EntryPoint\",\"urlTemplate\":\"https:\/\/global-hookah.com\/?s={search_term_string}\"},\"query-input\":{\"@type\":\"PropertyValueSpecification\",\"valueRequired\":true,\"valueName\":\"search_term_string\"}}],\"inLanguage\":\"de\"},{\"@type\":\"Organization\",\"@id\":\"https:\/\/global-hookah.com\/#organization\",\"name\":\"Global Hookah\",\"url\":\"https:\/\/global-hookah.com\/\",\"logo\":{\"@type\":\"ImageObject\",\"inLanguage\":\"de\",\"@id\":\"https:\/\/global-hookah.com\/#\/schema\/logo\/image\/\",\"url\":\"https:\/\/global-hookah.com\/wp-content\/uploads\/2021\/10\/cropped-fgg.png\",\"contentUrl\":\"https:\/\/global-hookah.com\/wp-content\/uploads\/2021\/10\/cropped-fgg.png\",\"width\":512,\"height\":512,\"caption\":\"Global Hookah\"},\"image\":{\"@id\":\"https:\/\/global-hookah.com\/#\/schema\/logo\/image\/\"}}]}<\/script>\n<!-- \/ Yoast SEO Premium plugin. -->","yoast_head_json":{"title":"37\" Handgefertigte Wasserpfeife im traditionellen Stil - Global Hookah","robots":{"index":"index","follow":"follow","max-snippet":"max-snippet:-1","max-image-preview":"max-image-preview:large","max-video-preview":"max-video-preview:-1"},"canonical":"https:\/\/global-hookah.com\/de\/produkt\/37-handmade-traditional-style-hookah\/","og_locale":"de_DE","og_type":"article","og_title":"37\" Handmade Traditional Style Hookah","og_description":"This traditional hookah pipe set comes with everything you need for a great smoking experience. It includes a durable aluminum","og_url":"https:\/\/global-hookah.com\/de\/produkt\/37-handmade-traditional-style-hookah\/","og_site_name":"Global Hookah","article_modified_time":"2024-04-07T03:42:06+00:00","og_image":[{"width":1920,"height":1920,"url":"https:\/\/global-hookah.com\/wp-content\/uploads\/2024\/04\/Authentic-37-Handmade-Traditional-Style-Egyptian-Khalil-Mamoon-Single-Pear-Narguile-Hookah-Black.webp","type":"image\/webp"}],"twitter_card":"summary_large_image","twitter_misc":{"Gesch\u00e4tzte Lesezeit":"1\u00a0Minute"},"schema":{"@context":"https:\/\/schema.org","@graph":[{"@type":"WebPage","@id":"https:\/\/global-hookah.com\/product\/37-handmade-traditional-style-hookah\/","url":"https:\/\/global-hookah.com\/product\/37-handmade-traditional-style-hookah\/","name":"37\" Handgefertigte Wasserpfeife im traditionellen Stil - Global Hookah","isPartOf":{"@id":"https:\/\/global-hookah.com\/#website"},"primaryImageOfPage":{"@id":"https:\/\/global-hookah.com\/product\/37-handmade-traditional-style-hookah\/#primaryimage"},"image":{"@id":"https:\/\/global-hookah.com\/product\/37-handmade-traditional-style-hookah\/#primaryimage"},"thumbnailUrl":"https:\/\/global-hookah.com\/wp-content\/uploads\/2024\/04\/Authentic-37-Handmade-Traditional-Style-Egyptian-Khalil-Mamoon-Single-Pear-Narguile-Hookah-Black.webp","datePublished":"2024-04-06T13:04:39+00:00","dateModified":"2024-04-07T03:42:06+00:00","breadcrumb":{"@id":"https:\/\/global-hookah.com\/product\/37-handmade-traditional-style-hookah\/#breadcrumb"},"inLanguage":"de","potentialAction":[{"@type":"ReadAction","target":["https:\/\/global-hookah.com\/product\/37-handmade-traditional-style-hookah\/"]}]},{"@type":"ImageObject","inLanguage":"de","@id":"https:\/\/global-hookah.com\/product\/37-handmade-traditional-style-hookah\/#primaryimage","url":"https:\/\/global-hookah.com\/wp-content\/uploads\/2024\/04\/Authentic-37-Handmade-Traditional-Style-Egyptian-Khalil-Mamoon-Single-Pear-Narguile-Hookah-Black.webp","contentUrl":"https:\/\/global-hookah.com\/wp-content\/uploads\/2024\/04\/Authentic-37-Handmade-Traditional-Style-Egyptian-Khalil-Mamoon-Single-Pear-Narguile-Hookah-Black.webp","width":1920,"height":1920,"caption":"37\" Handmade Traditional Style Hookah"},{"@type":"BreadcrumbList","@id":"https:\/\/global-hookah.com\/product\/37-handmade-traditional-style-hookah\/#breadcrumb","itemListElement":[{"@type":"ListItem","position":1,"name":"Home","item":"https:\/\/global-hookah.com\/"},{"@type":"ListItem","position":2,"name":"Shop","item":"https:\/\/global-hookah.com\/shop\/"},{"@type":"ListItem","position":3,"name":"37&#8243; Handmade Traditional Style Hookah"}]},{"@type":"WebSite","@id":"https:\/\/global-hookah.com\/#website","url":"https:\/\/global-hookah.com\/","name":"Globale Wasserpfeife","description":"Globale Wasserpfeife","publisher":{"@id":"https:\/\/global-hookah.com\/#organization"},"potentialAction":[{"@type":"SearchAction","target":{"@type":"EntryPoint","urlTemplate":"https:\/\/global-hookah.com\/?s={search_term_string}"},"query-input":{"@type":"PropertyValueSpecification","valueRequired":true,"valueName":"search_term_string"}}],"inLanguage":"de"},{"@type":"Organization","@id":"https:\/\/global-hookah.com\/#organization","name":"Globale Wasserpfeife","url":"https:\/\/global-hookah.com\/","logo":{"@type":"ImageObject","inLanguage":"de","@id":"https:\/\/global-hookah.com\/#\/schema\/logo\/image\/","url":"https:\/\/global-hookah.com\/wp-content\/uploads\/2021\/10\/cropped-fgg.png","contentUrl":"https:\/\/global-hookah.com\/wp-content\/uploads\/2021\/10\/cropped-fgg.png","width":512,"height":512,"caption":"Global Hookah"},"image":{"@id":"https:\/\/global-hookah.com\/#\/schema\/logo\/image\/"}}]}},"_links":{"self":[{"href":"https:\/\/global-hookah.com\/de\/wp-json\/wp\/v2\/product\/20429","targetHints":{"allow":["GET"]}}],"collection":[{"href":"https:\/\/global-hookah.com\/de\/wp-json\/wp\/v2\/product"}],"about":[{"href":"https:\/\/global-hookah.com\/de\/wp-json\/wp\/v2\/types\/product"}],"replies":[{"embeddable":true,"href":"https:\/\/global-hookah.com\/de\/wp-json\/wp\/v2\/comments?post=20429"}],"version-history":[{"count":0,"href":"https:\/\/global-hookah.com\/de\/wp-json\/wp\/v2\/product\/20429\/revisions"}],"wp:featuredmedia":[{"embeddable":true,"href":"https:\/\/global-hookah.com\/de\/wp-json\/wp\/v2\/media\/20430"}],"wp:attachment":[{"href":"https:\/\/global-hookah.com\/de\/wp-json\/wp\/v2\/media?parent=20429"}],"wp:term":[{"taxonomy":"product_brand","embeddable":true,"href":"https:\/\/global-hookah.com\/de\/wp-json\/wp\/v2\/product_brand?post=20429"},{"taxonomy":"product_cat","embeddable":true,"href":"https:\/\/global-hookah.com\/de\/wp-json\/wp\/v2\/product_cat?post=20429"},{"taxonomy":"product_tag","embeddable":true,"href":"https:\/\/global-hookah.com\/de\/wp-json\/wp\/v2\/product_tag?post=20429"}],"curies":[{"name":"wp","href":"https:\/\/api.w.org\/{rel}","templated":true}]}}