{"id":20435,"date":"2024-04-06T13:05:14","date_gmt":"2024-04-06T13:05:14","guid":{"rendered":"https:\/\/global-hookah.com\/product\/russian-style-glass-shisha-wholesale\/"},"modified":"2024-04-17T03:33:26","modified_gmt":"2024-04-17T03:33:26","slug":"russian-style-glass-shisha-wholesale","status":"publish","type":"product","link":"https:\/\/global-hookah.com\/de\/produkt\/russian-style-glass-shisha-wholesale\/","title":{"rendered":"Russischer Stil Glas Shisha Gro\u00dfhandel"},"content":{"rendered":"<p>M\u00f6chten Sie so edel und elegant sein wie der russische Zar? Dann ist dies <strong>Russischer Stil Glas Shisha<\/strong> kann Sie jenseits aller Vorstellungen befriedigen!<\/p>\n<p>Die Oberfl\u00e4che dieser <strong>Russian Style Glas Wasserpfeife<\/strong> nimmt ein k\u00fcnstlerisches Muster im Revival-Stil an, und die romantischen russischen Elemente kommen zum Vorschein. Sie m\u00fcssen nur den angebrachten Korken jedes Mal entfernen, wenn Sie es verwenden, und Sie k\u00f6nnen Eisw\u00fcrfel, Obst oder Sirup im Inneren hinzuf\u00fcgen, um jedes Raucherlebnis zu bereichern.<\/p>\n<p>Aus hitzebest\u00e4ndigem Borosilikatglas gefertigt, ist er robust und elegant zugleich. Ein Blick auf seine elegante, hochwertige Ausstrahlung gen\u00fcgt und Sie werden sich in ihn verlieben!<\/p>\n<p>Aber halt, es gibt noch mehr! Diese <strong>Wasserpfeife im russischen Stil<\/strong> ist mit 16 coolen LED-Lichtmodi und einer Fernbedienung ausgestattet. Egal, ob Du alleine oder mit Freunden unterwegs bist, Du kannst die Lichtstimmung ganz einfach anpassen und so ein einzigartiges Raucherlebnis schaffen. Willst du die Sache noch mehr aufpeppen? Vielleicht m\u00f6chtest Du auch Dein Lieblings-Cannabis hinzuf\u00fcgen.<\/p>\n<div>\n<div>\n<div><span style=\"font-size: 18px;\"><span style=\"font-family: verdana, geneva, sans-serif;\">Spezifikation:<\/span><\/span><\/div>\n<div>Art: <a href=\"https:\/\/global-hookah.com\/product-category\/wholesale-hookah\/glass-hookah-wholesale\/\">Glas Wasserpfeife<\/a><\/div>\n<div><span style=\"font-size: 18px;\"><span style=\"font-family: verdana, geneva, sans-serif;\">H\u00f6he: Ungef\u00e4hr 360mm(14.2inches)<\/span><\/span><\/div>\n<div><span style=\"font-size: 18px;\"><span style=\"font-family: verdana, geneva, sans-serif;\">Boden-Durchmesser: ca. 140mm<\/span><\/span><\/div>\n<div><span style=\"font-size: 18px;\"><span style=\"font-family: verdana, geneva, sans-serif;\">Wei\u00df Schlauchl\u00e4nge: Etwa 120cm<\/span><\/span><\/div>\n<div><\/div>\n<\/div>\n<\/div>\n<div><img decoding=\"async\" class=\"detail-desc-decorate-image\" src=\"https:\/\/ae01.alicdn.com\/kf\/H921d22b1553b47b5bc7328145c801890f.jpg?width=800&amp;height=800&amp;hash=1600\" \/><br \/>\n<img decoding=\"async\" class=\"detail-desc-decorate-image\" src=\"https:\/\/ae01.alicdn.com\/kf\/H97060d528fb9403693e11c13a5d8d996b.jpg?width=800&amp;height=800&amp;hash=1600\" \/><br \/>\n<img decoding=\"async\" class=\"detail-desc-decorate-image\" src=\"https:\/\/ae01.alicdn.com\/kf\/H92c3a3712e8d42c5826ad9fc68bd8a8eg.jpg?width=800&amp;height=800&amp;hash=1600\" \/><br \/>\n<img decoding=\"async\" class=\"detail-desc-decorate-image\" src=\"https:\/\/ae01.alicdn.com\/kf\/H3100dcf252934a9587ed3cbaeb4f439a0.jpg?width=800&amp;height=800&amp;hash=1600\" \/><br \/>\n<img decoding=\"async\" class=\"detail-desc-decorate-image\" src=\"https:\/\/ae01.alicdn.com\/kf\/H5cc15aebbf7541bd83c021096d8ebedff.jpg?width=800&amp;height=800&amp;hash=1600\" \/><br \/>\n<img decoding=\"async\" class=\"detail-desc-decorate-image\" src=\"https:\/\/ae01.alicdn.com\/kf\/H9cde4103346046cfb8ae571ea62c04e43.jpg?width=800&amp;height=800&amp;hash=1600\" \/><\/div>\n<div><img decoding=\"async\" class=\"detail-desc-decorate-image\" src=\"https:\/\/ae01.alicdn.com\/kf\/Hb44536ae2cc04635b1bafa1207b12872Q.jpg?width=800&amp;height=800&amp;hash=1600\" \/><br \/>\n<img decoding=\"async\" class=\"detail-desc-decorate-image\" src=\"https:\/\/ae01.alicdn.com\/kf\/H821b77583a31409184a81d2d2071f03a5.jpg?width=800&amp;height=800&amp;hash=1600\" \/><br \/>\n<img decoding=\"async\" class=\"detail-desc-decorate-image\" src=\"https:\/\/ae01.alicdn.com\/kf\/H004bf2e8e48c4f6187c2f4d9df7c88b6b.jpg?width=800&amp;height=800&amp;hash=1600\" \/><br \/>\n<img decoding=\"async\" class=\"detail-desc-decorate-image\" src=\"https:\/\/ae01.alicdn.com\/kf\/H4b5c56fd1d69409fab9373cbacf641d3M.jpg?width=800&amp;height=800&amp;hash=1600\" \/><br \/>\n<img decoding=\"async\" class=\"detail-desc-decorate-image\" src=\"https:\/\/ae01.alicdn.com\/kf\/Ha5af271d28014eec84009dbd2f2ee7d7s.jpg?width=800&amp;height=800&amp;hash=1600\" \/><br \/>\n<img decoding=\"async\" class=\"detail-desc-decorate-image\" src=\"https:\/\/ae01.alicdn.com\/kf\/H1ec80356db7f4552a1f1218d47fd474ev.jpg?width=800&amp;height=800&amp;hash=1600\" \/><br \/>\n<img decoding=\"async\" class=\"detail-desc-decorate-image\" src=\"https:\/\/ae01.alicdn.com\/kf\/H3139d576f6804459a2a46785f2955274f.jpg?width=800&amp;height=800&amp;hash=1600\" \/><br \/>\n<img decoding=\"async\" class=\"detail-desc-decorate-image\" src=\"https:\/\/ae01.alicdn.com\/kf\/H32942f4904de4b339daaa2592d6c82faf.jpg?width=800&amp;height=800&amp;hash=1600\" \/><\/div>\n<div><img decoding=\"async\" class=\"detail-desc-decorate-image\" src=\"https:\/\/ae01.alicdn.com\/kf\/H01327ebf905946ba835b6f4c0a0d7c96a.jpg?width=800&amp;height=800&amp;hash=1600\" \/><br \/>\n<img decoding=\"async\" class=\"detail-desc-decorate-image\" src=\"https:\/\/ae01.alicdn.com\/kf\/H534fb36999a64f0cae05f7f5c98b8b23y.jpg?width=800&amp;height=800&amp;hash=1600\" \/><br \/>\n<img decoding=\"async\" class=\"detail-desc-decorate-image\" src=\"https:\/\/ae01.alicdn.com\/kf\/H1d68b5dfb9a048c1aed1c6889d9e0c4fC.jpg?width=800&amp;height=800&amp;hash=1600\" \/><\/div>\n<div><\/div>","protected":false},"excerpt":{"rendered":"<p>M\u00f6chten Sie so edel und elegant sein wie der russische Zar? Dann kann diese Glas-Shisha im russischen Stil<\/p>","protected":false},"featured_media":20436,"comment_status":"closed","ping_status":"closed","template":"","meta":{"iawp_total_views":8,"_joinchat":[]},"product_brand":[],"product_cat":[560],"product_tag":[],"class_list":{"0":"post-20435","1":"product","2":"type-product","3":"status-publish","4":"has-post-thumbnail","6":"product_cat-glass-hookah-wholesale","8":"first","9":"instock","10":"shipping-taxable","11":"purchasable","12":"product-type-variable"},"yoast_head":"<!-- This site is optimized with the Yoast SEO Premium plugin v24.7 (Yoast SEO v26.8) - https:\/\/yoast.com\/product\/yoast-seo-premium-wordpress\/ -->\n<title>Russian Style Glass Shisha Wholesale - Global Hookah<\/title>\n<meta name=\"robots\" content=\"index, follow, max-snippet:-1, max-image-preview:large, max-video-preview:-1\" \/>\n<link rel=\"canonical\" href=\"https:\/\/global-hookah.com\/de\/producto\/venta-al-por-mayor-de-shisha-de-cristal-estilo-ruso\/\" \/>\n<meta property=\"og:locale\" content=\"de_DE\" \/>\n<meta property=\"og:type\" content=\"article\" \/>\n<meta property=\"og:title\" content=\"Russian Style Glass Shisha Wholesale\" \/>\n<meta property=\"og:description\" content=\"Do you long to be as noble and elegant as the Russian Tsar? Then, this Russian Style Glass Shisha can\" \/>\n<meta property=\"og:url\" content=\"https:\/\/global-hookah.com\/de\/producto\/venta-al-por-mayor-de-shisha-de-cristal-estilo-ruso\/\" \/>\n<meta property=\"og:site_name\" content=\"Global Hookah\" \/>\n<meta property=\"article:modified_time\" content=\"2024-04-17T03:33:26+00:00\" \/>\n<meta property=\"og:image\" content=\"https:\/\/global-hookah.com\/wp-content\/uploads\/2024\/04\/Russian-Style-Glass-Shisha-Big-Vapor-Hookah-Box-Chicha-Narguile-Smoking-Water-Pipe-With-LED-Light.webp\" \/>\n\t<meta property=\"og:image:width\" content=\"800\" \/>\n\t<meta property=\"og:image:height\" content=\"800\" \/>\n\t<meta property=\"og:image:type\" content=\"image\/webp\" \/>\n<meta name=\"twitter:card\" content=\"summary_large_image\" \/>\n<meta name=\"twitter:label1\" content=\"Gesch\u00e4tzte Lesezeit\" \/>\n\t<meta name=\"twitter:data1\" content=\"5\u00a0Minuten\" \/>\n<script type=\"application\/ld+json\" class=\"yoast-schema-graph\">{\"@context\":\"https:\/\/schema.org\",\"@graph\":[{\"@type\":\"WebPage\",\"@id\":\"https:\/\/global-hookah.com\/es\/producto\/venta-al-por-mayor-de-shisha-de-cristal-estilo-ruso\/\",\"url\":\"https:\/\/global-hookah.com\/es\/producto\/venta-al-por-mayor-de-shisha-de-cristal-estilo-ruso\/\",\"name\":\"Russian Style Glass Shisha Wholesale - Global Hookah\",\"isPartOf\":{\"@id\":\"https:\/\/global-hookah.com\/#website\"},\"primaryImageOfPage\":{\"@id\":\"https:\/\/global-hookah.com\/es\/producto\/venta-al-por-mayor-de-shisha-de-cristal-estilo-ruso\/#primaryimage\"},\"image\":{\"@id\":\"https:\/\/global-hookah.com\/es\/producto\/venta-al-por-mayor-de-shisha-de-cristal-estilo-ruso\/#primaryimage\"},\"thumbnailUrl\":\"https:\/\/global-hookah.com\/wp-content\/uploads\/2024\/04\/Russian-Style-Glass-Shisha-Big-Vapor-Hookah-Box-Chicha-Narguile-Smoking-Water-Pipe-With-LED-Light.webp\",\"datePublished\":\"2024-04-06T13:05:14+00:00\",\"dateModified\":\"2024-04-17T03:33:26+00:00\",\"breadcrumb\":{\"@id\":\"https:\/\/global-hookah.com\/es\/producto\/venta-al-por-mayor-de-shisha-de-cristal-estilo-ruso\/#breadcrumb\"},\"inLanguage\":\"de\",\"potentialAction\":[{\"@type\":\"ReadAction\",\"target\":[\"https:\/\/global-hookah.com\/es\/producto\/venta-al-por-mayor-de-shisha-de-cristal-estilo-ruso\/\"]}]},{\"@type\":\"ImageObject\",\"inLanguage\":\"de\",\"@id\":\"https:\/\/global-hookah.com\/es\/producto\/venta-al-por-mayor-de-shisha-de-cristal-estilo-ruso\/#primaryimage\",\"url\":\"https:\/\/global-hookah.com\/wp-content\/uploads\/2024\/04\/Russian-Style-Glass-Shisha-Big-Vapor-Hookah-Box-Chicha-Narguile-Smoking-Water-Pipe-With-LED-Light.webp\",\"contentUrl\":\"https:\/\/global-hookah.com\/wp-content\/uploads\/2024\/04\/Russian-Style-Glass-Shisha-Big-Vapor-Hookah-Box-Chicha-Narguile-Smoking-Water-Pipe-With-LED-Light.webp\",\"width\":800,\"height\":800,\"caption\":\"Russian Style Glass Shisha Wholesale\"},{\"@type\":\"BreadcrumbList\",\"@id\":\"https:\/\/global-hookah.com\/es\/producto\/venta-al-por-mayor-de-shisha-de-cristal-estilo-ruso\/#breadcrumb\",\"itemListElement\":[{\"@type\":\"ListItem\",\"position\":1,\"name\":\"Home\",\"item\":\"https:\/\/global-hookah.com\/\"},{\"@type\":\"ListItem\",\"position\":2,\"name\":\"Shop\",\"item\":\"https:\/\/global-hookah.com\/shop\/\"},{\"@type\":\"ListItem\",\"position\":3,\"name\":\"Russian Style Glass Shisha Wholesale\"}]},{\"@type\":\"WebSite\",\"@id\":\"https:\/\/global-hookah.com\/#website\",\"url\":\"https:\/\/global-hookah.com\/\",\"name\":\"Global Hookah\",\"description\":\"Global Hookah\",\"publisher\":{\"@id\":\"https:\/\/global-hookah.com\/#organization\"},\"potentialAction\":[{\"@type\":\"SearchAction\",\"target\":{\"@type\":\"EntryPoint\",\"urlTemplate\":\"https:\/\/global-hookah.com\/?s={search_term_string}\"},\"query-input\":{\"@type\":\"PropertyValueSpecification\",\"valueRequired\":true,\"valueName\":\"search_term_string\"}}],\"inLanguage\":\"de\"},{\"@type\":\"Organization\",\"@id\":\"https:\/\/global-hookah.com\/#organization\",\"name\":\"Global Hookah\",\"url\":\"https:\/\/global-hookah.com\/\",\"logo\":{\"@type\":\"ImageObject\",\"inLanguage\":\"de\",\"@id\":\"https:\/\/global-hookah.com\/#\/schema\/logo\/image\/\",\"url\":\"https:\/\/global-hookah.com\/wp-content\/uploads\/2021\/10\/cropped-fgg.png\",\"contentUrl\":\"https:\/\/global-hookah.com\/wp-content\/uploads\/2021\/10\/cropped-fgg.png\",\"width\":512,\"height\":512,\"caption\":\"Global Hookah\"},\"image\":{\"@id\":\"https:\/\/global-hookah.com\/#\/schema\/logo\/image\/\"}}]}<\/script>\n<!-- \/ Yoast SEO Premium plugin. -->","yoast_head_json":{"title":"Russischer Stil Glas Shisha Gro\u00dfhandel - Global Hookah","robots":{"index":"index","follow":"follow","max-snippet":"max-snippet:-1","max-image-preview":"max-image-preview:large","max-video-preview":"max-video-preview:-1"},"canonical":"https:\/\/global-hookah.com\/de\/producto\/venta-al-por-mayor-de-shisha-de-cristal-estilo-ruso\/","og_locale":"de_DE","og_type":"article","og_title":"Russian Style Glass Shisha Wholesale","og_description":"Do you long to be as noble and elegant as the Russian Tsar? Then, this Russian Style Glass Shisha can","og_url":"https:\/\/global-hookah.com\/de\/producto\/venta-al-por-mayor-de-shisha-de-cristal-estilo-ruso\/","og_site_name":"Global Hookah","article_modified_time":"2024-04-17T03:33:26+00:00","og_image":[{"width":800,"height":800,"url":"https:\/\/global-hookah.com\/wp-content\/uploads\/2024\/04\/Russian-Style-Glass-Shisha-Big-Vapor-Hookah-Box-Chicha-Narguile-Smoking-Water-Pipe-With-LED-Light.webp","type":"image\/webp"}],"twitter_card":"summary_large_image","twitter_misc":{"Gesch\u00e4tzte Lesezeit":"5\u00a0Minuten"},"schema":{"@context":"https:\/\/schema.org","@graph":[{"@type":"WebPage","@id":"https:\/\/global-hookah.com\/es\/producto\/venta-al-por-mayor-de-shisha-de-cristal-estilo-ruso\/","url":"https:\/\/global-hookah.com\/es\/producto\/venta-al-por-mayor-de-shisha-de-cristal-estilo-ruso\/","name":"Russischer Stil Glas Shisha Gro\u00dfhandel - Global Hookah","isPartOf":{"@id":"https:\/\/global-hookah.com\/#website"},"primaryImageOfPage":{"@id":"https:\/\/global-hookah.com\/es\/producto\/venta-al-por-mayor-de-shisha-de-cristal-estilo-ruso\/#primaryimage"},"image":{"@id":"https:\/\/global-hookah.com\/es\/producto\/venta-al-por-mayor-de-shisha-de-cristal-estilo-ruso\/#primaryimage"},"thumbnailUrl":"https:\/\/global-hookah.com\/wp-content\/uploads\/2024\/04\/Russian-Style-Glass-Shisha-Big-Vapor-Hookah-Box-Chicha-Narguile-Smoking-Water-Pipe-With-LED-Light.webp","datePublished":"2024-04-06T13:05:14+00:00","dateModified":"2024-04-17T03:33:26+00:00","breadcrumb":{"@id":"https:\/\/global-hookah.com\/es\/producto\/venta-al-por-mayor-de-shisha-de-cristal-estilo-ruso\/#breadcrumb"},"inLanguage":"de","potentialAction":[{"@type":"ReadAction","target":["https:\/\/global-hookah.com\/es\/producto\/venta-al-por-mayor-de-shisha-de-cristal-estilo-ruso\/"]}]},{"@type":"ImageObject","inLanguage":"de","@id":"https:\/\/global-hookah.com\/es\/producto\/venta-al-por-mayor-de-shisha-de-cristal-estilo-ruso\/#primaryimage","url":"https:\/\/global-hookah.com\/wp-content\/uploads\/2024\/04\/Russian-Style-Glass-Shisha-Big-Vapor-Hookah-Box-Chicha-Narguile-Smoking-Water-Pipe-With-LED-Light.webp","contentUrl":"https:\/\/global-hookah.com\/wp-content\/uploads\/2024\/04\/Russian-Style-Glass-Shisha-Big-Vapor-Hookah-Box-Chicha-Narguile-Smoking-Water-Pipe-With-LED-Light.webp","width":800,"height":800,"caption":"Russian Style Glass Shisha Wholesale"},{"@type":"BreadcrumbList","@id":"https:\/\/global-hookah.com\/es\/producto\/venta-al-por-mayor-de-shisha-de-cristal-estilo-ruso\/#breadcrumb","itemListElement":[{"@type":"ListItem","position":1,"name":"Home","item":"https:\/\/global-hookah.com\/"},{"@type":"ListItem","position":2,"name":"Shop","item":"https:\/\/global-hookah.com\/shop\/"},{"@type":"ListItem","position":3,"name":"Russian Style Glass Shisha Wholesale"}]},{"@type":"WebSite","@id":"https:\/\/global-hookah.com\/#website","url":"https:\/\/global-hookah.com\/","name":"Globale Wasserpfeife","description":"Globale Wasserpfeife","publisher":{"@id":"https:\/\/global-hookah.com\/#organization"},"potentialAction":[{"@type":"SearchAction","target":{"@type":"EntryPoint","urlTemplate":"https:\/\/global-hookah.com\/?s={search_term_string}"},"query-input":{"@type":"PropertyValueSpecification","valueRequired":true,"valueName":"search_term_string"}}],"inLanguage":"de"},{"@type":"Organization","@id":"https:\/\/global-hookah.com\/#organization","name":"Globale Wasserpfeife","url":"https:\/\/global-hookah.com\/","logo":{"@type":"ImageObject","inLanguage":"de","@id":"https:\/\/global-hookah.com\/#\/schema\/logo\/image\/","url":"https:\/\/global-hookah.com\/wp-content\/uploads\/2021\/10\/cropped-fgg.png","contentUrl":"https:\/\/global-hookah.com\/wp-content\/uploads\/2021\/10\/cropped-fgg.png","width":512,"height":512,"caption":"Global Hookah"},"image":{"@id":"https:\/\/global-hookah.com\/#\/schema\/logo\/image\/"}}]}},"_links":{"self":[{"href":"https:\/\/global-hookah.com\/de\/wp-json\/wp\/v2\/product\/20435","targetHints":{"allow":["GET"]}}],"collection":[{"href":"https:\/\/global-hookah.com\/de\/wp-json\/wp\/v2\/product"}],"about":[{"href":"https:\/\/global-hookah.com\/de\/wp-json\/wp\/v2\/types\/product"}],"replies":[{"embeddable":true,"href":"https:\/\/global-hookah.com\/de\/wp-json\/wp\/v2\/comments?post=20435"}],"version-history":[{"count":0,"href":"https:\/\/global-hookah.com\/de\/wp-json\/wp\/v2\/product\/20435\/revisions"}],"wp:featuredmedia":[{"embeddable":true,"href":"https:\/\/global-hookah.com\/de\/wp-json\/wp\/v2\/media\/20436"}],"wp:attachment":[{"href":"https:\/\/global-hookah.com\/de\/wp-json\/wp\/v2\/media?parent=20435"}],"wp:term":[{"taxonomy":"product_brand","embeddable":true,"href":"https:\/\/global-hookah.com\/de\/wp-json\/wp\/v2\/product_brand?post=20435"},{"taxonomy":"product_cat","embeddable":true,"href":"https:\/\/global-hookah.com\/de\/wp-json\/wp\/v2\/product_cat?post=20435"},{"taxonomy":"product_tag","embeddable":true,"href":"https:\/\/global-hookah.com\/de\/wp-json\/wp\/v2\/product_tag?post=20435"}],"curies":[{"name":"wp","href":"https:\/\/api.w.org\/{rel}","templated":true}]}}