{"id":20446,"date":"2024-04-06T13:06:01","date_gmt":"2024-04-06T13:06:01","guid":{"rendered":"https:\/\/global-hookah.com\/product\/zinc-alloy-material-portable-hookah-wholesale\/"},"modified":"2024-04-17T02:57:14","modified_gmt":"2024-04-17T02:57:14","slug":"zinc-alloy-material-portable-hookah-wholesale","status":"publish","type":"product","link":"https:\/\/global-hookah.com\/de\/produkt\/zinc-alloy-material-portable-hookah-wholesale\/","title":{"rendered":"Zink-Legierung Material Portable Hookah Gro\u00dfhandel"},"content":{"rendered":"<p>Die Suche nach dem <strong>perfekte Wasserpfeife<\/strong> f\u00fcr diese entspannten Rauchsessions zu finden, kann eine echte Herausforderung sein. Du willst etwas, das cool aussieht, aber auch wie ein Profi funktioniert. Zum Gl\u00fcck gibt es mit diesem <strong>voll Zink-Legierung Material Portable Wasserpfeife<\/strong> Ihr Traum wird wahr<\/p>\n<p>Die <strong>Arabien Wasserpfeifen-Set<\/strong> wird nicht nur mit einem, sondern mit zwei Schlauchadaptern geliefert, damit alle deine Freunde in Harmonie paffen k\u00f6nnen. Jeder Adapter hat einen praktischen Schlauchanschluss aus Metall, der sich f\u00fcr eine auslaufsichere Abdichtung gut und sicher einklicken l\u00e4sst. Au\u00dferdem gibt es zwei ergonomische Griffoptionen, die Ihren Vorlieben entsprechen. Der erste Schlauch verf\u00fcgt \u00fcber einen dickeren, maschinell ger\u00e4ndelten Griff f\u00fcr eine hervorragende Handhabung. Der zweite Schlauch hat einen klassischen, schlanken Griff mit strukturierter R\u00e4ndelung f\u00fcr einen sicheren Halt.<\/p>\n<p>Dar\u00fcber hinaus ist diese <strong>Tragbare Wasserpfeife<\/strong> ist ebenfalls sorgf\u00e4ltig verarbeitet. Die edle Glasvase gibt Dir viel Wasservolumen f\u00fcr die seidigsten Z\u00fcge \u00fcberhaupt. Mit der eingebauten Ventiltechnik kannst Du m\u00fchelos die produzierte Rauchmenge steuern, sodass Du immer den perfekten Zug bekommst. Hier gibt es keine traurigen, d\u00fcnnen Wolken mehr!<\/p>\n<p>Aber es ist die fachm\u00e4nnisch handgefertigte Keramikschale, die die Show stiehlt. Seine \u00fcberlegene Abdichtung schlie\u00dft die Aromen ein und liefert jedes Mal den frischesten, robustesten Geschmack. Und in Kombination mit der perforierten Keramikplatte und dem Aluminium-Windschutz erhalten Sie den dicksten, am l\u00e4ngsten anhaltenden Rauch, den man sich vorstellen kann. Kommen Sie und kontaktieren Sie uns f\u00fcr <a href=\"https:\/\/global-hookah.com\/product-category\/wholesale-hookah\/glass-hookah-wholesale\/\">Gro\u00dfhandel Wasserpfeifen<\/a><\/p>\n<div><img decoding=\"async\" class=\"detail-desc-decorate-image\" src=\"https:\/\/ae01.alicdn.com\/kf\/H4033e726c2714c798c22dc02daa98f57B.jpg?width=800&amp;height=800&amp;hash=1600\" \/><br \/>\n<img decoding=\"async\" class=\"detail-desc-decorate-image\" src=\"https:\/\/ae01.alicdn.com\/kf\/H2bd7d29ec52a452db2d561b5ce17d824Y.jpg?width=920&amp;height=915&amp;hash=1835\" \/><br \/>\n<img decoding=\"async\" class=\"detail-desc-decorate-image\" src=\"https:\/\/ae01.alicdn.com\/kf\/H50473c35cc384585a6a34b145c371de0V.jpg?width=920&amp;height=914&amp;hash=1834\" \/><br \/>\n<img decoding=\"async\" class=\"detail-desc-decorate-image\" src=\"https:\/\/ae01.alicdn.com\/kf\/H3ebd63874bb94c39ad1fb8741847afefS.jpg?width=920&amp;height=915&amp;hash=1835\" \/><br \/>\n<img decoding=\"async\" class=\"detail-desc-decorate-image\" src=\"https:\/\/ae01.alicdn.com\/kf\/He04d9f838de84743ad279d83dc7d41f1A.jpg?width=920&amp;height=914&amp;hash=1834\" \/><br \/>\n<img decoding=\"async\" class=\"detail-desc-decorate-image\" src=\"https:\/\/ae01.alicdn.com\/kf\/Hc8afc11dc81440eeaa0f73474b6eaa42i.jpg?width=920&amp;height=915&amp;hash=1835\" \/><br \/>\n<img decoding=\"async\" class=\"detail-desc-decorate-image\" src=\"https:\/\/ae01.alicdn.com\/kf\/H9fe28b3ff51947f08b771d3bd0209eeaF.jpg?width=920&amp;height=915&amp;hash=1835\" \/><br \/>\n<img decoding=\"async\" class=\"detail-desc-decorate-image\" src=\"https:\/\/ae01.alicdn.com\/kf\/H38ff7988339449db8b45a1ed8c1963c05.jpg?width=920&amp;height=914&amp;hash=1834\" \/><br \/>\n<img decoding=\"async\" class=\"detail-desc-decorate-image\" src=\"https:\/\/ae01.alicdn.com\/kf\/Hd5f2a0bbc8f141c28db6549775f7f17dE.jpg?width=920&amp;height=915&amp;hash=1835\" \/><br \/>\n<img decoding=\"async\" class=\"detail-desc-decorate-image\" src=\"https:\/\/ae01.alicdn.com\/kf\/H8b18e69e5f0a4c09b6d8e3b280ce1504h.jpg?width=920&amp;height=914&amp;hash=1834\" \/><br \/>\n<img decoding=\"async\" class=\"detail-desc-decorate-image\" src=\"https:\/\/ae01.alicdn.com\/kf\/H072d5b5346764b17ae5c7bcf6c786fe7v.jpg?width=920&amp;height=915&amp;hash=1835\" \/><\/div>\n<div><\/div>","protected":false},"excerpt":{"rendered":"<p>Die perfekte Wasserpfeife f\u00fcr entspannte Rauchsessions zu finden, kann eine echte Herausforderung sein. Du willst etwas, das cool aussieht<\/p>","protected":false},"featured_media":20447,"comment_status":"closed","ping_status":"closed","template":"","meta":{"iawp_total_views":0,"_joinchat":[]},"product_brand":[],"product_cat":[560],"product_tag":[],"class_list":{"0":"post-20446","1":"product","2":"type-product","3":"status-publish","4":"has-post-thumbnail","6":"product_cat-glass-hookah-wholesale","8":"first","9":"instock","10":"shipping-taxable","11":"product-type-external"},"yoast_head":"<!-- This site is optimized with the Yoast SEO Premium plugin v24.7 (Yoast SEO v26.8) - https:\/\/yoast.com\/product\/yoast-seo-premium-wordpress\/ -->\n<title>Zinc Alloy Material Portable Hookah Wholesale - Global Hookah<\/title>\n<meta name=\"robots\" content=\"index, follow, max-snippet:-1, max-image-preview:large, max-video-preview:-1\" \/>\n<link rel=\"canonical\" href=\"https:\/\/global-hookah.com\/de\/producto\/venta-al-por-mayor-de-pipas-de-agua-portatiles-de-aleacion-de-zinc\/\" \/>\n<meta property=\"og:locale\" content=\"de_DE\" \/>\n<meta property=\"og:type\" content=\"article\" \/>\n<meta property=\"og:title\" content=\"Zinc Alloy Material Portable Hookah Wholesale\" \/>\n<meta property=\"og:description\" content=\"Finding the perfect hookah for those laidback smoking sessions can be a real challenge. You want something that looks cool\" \/>\n<meta property=\"og:url\" content=\"https:\/\/global-hookah.com\/de\/producto\/venta-al-por-mayor-de-pipas-de-agua-portatiles-de-aleacion-de-zinc\/\" \/>\n<meta property=\"og:site_name\" content=\"Global Hookah\" \/>\n<meta property=\"article:modified_time\" content=\"2024-04-17T02:57:14+00:00\" \/>\n<meta property=\"og:image\" content=\"https:\/\/global-hookah.com\/wp-content\/uploads\/2024\/04\/Egyptian-Hookah-Rod-Zinc-Alloy-Material-Portable-Hookah-Adapt-To-The-4-5CM-Plug-in-Hookah.webp\" \/>\n\t<meta property=\"og:image:width\" content=\"1000\" \/>\n\t<meta property=\"og:image:height\" content=\"1000\" \/>\n\t<meta property=\"og:image:type\" content=\"image\/webp\" \/>\n<meta name=\"twitter:card\" content=\"summary_large_image\" \/>\n<meta name=\"twitter:label1\" content=\"Gesch\u00e4tzte Lesezeit\" \/>\n\t<meta name=\"twitter:data1\" content=\"4\u00a0Minuten\" \/>\n<script type=\"application\/ld+json\" class=\"yoast-schema-graph\">{\"@context\":\"https:\/\/schema.org\",\"@graph\":[{\"@type\":\"WebPage\",\"@id\":\"https:\/\/global-hookah.com\/es\/producto\/venta-al-por-mayor-de-pipas-de-agua-portatiles-de-aleacion-de-zinc\/\",\"url\":\"https:\/\/global-hookah.com\/es\/producto\/venta-al-por-mayor-de-pipas-de-agua-portatiles-de-aleacion-de-zinc\/\",\"name\":\"Zinc Alloy Material Portable Hookah Wholesale - Global Hookah\",\"isPartOf\":{\"@id\":\"https:\/\/global-hookah.com\/#website\"},\"primaryImageOfPage\":{\"@id\":\"https:\/\/global-hookah.com\/es\/producto\/venta-al-por-mayor-de-pipas-de-agua-portatiles-de-aleacion-de-zinc\/#primaryimage\"},\"image\":{\"@id\":\"https:\/\/global-hookah.com\/es\/producto\/venta-al-por-mayor-de-pipas-de-agua-portatiles-de-aleacion-de-zinc\/#primaryimage\"},\"thumbnailUrl\":\"https:\/\/global-hookah.com\/wp-content\/uploads\/2024\/04\/Egyptian-Hookah-Rod-Zinc-Alloy-Material-Portable-Hookah-Adapt-To-The-4-5CM-Plug-in-Hookah.webp\",\"datePublished\":\"2024-04-06T13:06:01+00:00\",\"dateModified\":\"2024-04-17T02:57:14+00:00\",\"breadcrumb\":{\"@id\":\"https:\/\/global-hookah.com\/es\/producto\/venta-al-por-mayor-de-pipas-de-agua-portatiles-de-aleacion-de-zinc\/#breadcrumb\"},\"inLanguage\":\"de\",\"potentialAction\":[{\"@type\":\"ReadAction\",\"target\":[\"https:\/\/global-hookah.com\/es\/producto\/venta-al-por-mayor-de-pipas-de-agua-portatiles-de-aleacion-de-zinc\/\"]}]},{\"@type\":\"ImageObject\",\"inLanguage\":\"de\",\"@id\":\"https:\/\/global-hookah.com\/es\/producto\/venta-al-por-mayor-de-pipas-de-agua-portatiles-de-aleacion-de-zinc\/#primaryimage\",\"url\":\"https:\/\/global-hookah.com\/wp-content\/uploads\/2024\/04\/Egyptian-Hookah-Rod-Zinc-Alloy-Material-Portable-Hookah-Adapt-To-The-4-5CM-Plug-in-Hookah.webp\",\"contentUrl\":\"https:\/\/global-hookah.com\/wp-content\/uploads\/2024\/04\/Egyptian-Hookah-Rod-Zinc-Alloy-Material-Portable-Hookah-Adapt-To-The-4-5CM-Plug-in-Hookah.webp\",\"width\":1000,\"height\":1000},{\"@type\":\"BreadcrumbList\",\"@id\":\"https:\/\/global-hookah.com\/es\/producto\/venta-al-por-mayor-de-pipas-de-agua-portatiles-de-aleacion-de-zinc\/#breadcrumb\",\"itemListElement\":[{\"@type\":\"ListItem\",\"position\":1,\"name\":\"Home\",\"item\":\"https:\/\/global-hookah.com\/\"},{\"@type\":\"ListItem\",\"position\":2,\"name\":\"Shop\",\"item\":\"https:\/\/global-hookah.com\/shop\/\"},{\"@type\":\"ListItem\",\"position\":3,\"name\":\"Zinc Alloy Material Portable Hookah Wholesale\"}]},{\"@type\":\"WebSite\",\"@id\":\"https:\/\/global-hookah.com\/#website\",\"url\":\"https:\/\/global-hookah.com\/\",\"name\":\"Global Hookah\",\"description\":\"Global Hookah\",\"publisher\":{\"@id\":\"https:\/\/global-hookah.com\/#organization\"},\"potentialAction\":[{\"@type\":\"SearchAction\",\"target\":{\"@type\":\"EntryPoint\",\"urlTemplate\":\"https:\/\/global-hookah.com\/?s={search_term_string}\"},\"query-input\":{\"@type\":\"PropertyValueSpecification\",\"valueRequired\":true,\"valueName\":\"search_term_string\"}}],\"inLanguage\":\"de\"},{\"@type\":\"Organization\",\"@id\":\"https:\/\/global-hookah.com\/#organization\",\"name\":\"Global Hookah\",\"url\":\"https:\/\/global-hookah.com\/\",\"logo\":{\"@type\":\"ImageObject\",\"inLanguage\":\"de\",\"@id\":\"https:\/\/global-hookah.com\/#\/schema\/logo\/image\/\",\"url\":\"https:\/\/global-hookah.com\/wp-content\/uploads\/2021\/10\/cropped-fgg.png\",\"contentUrl\":\"https:\/\/global-hookah.com\/wp-content\/uploads\/2021\/10\/cropped-fgg.png\",\"width\":512,\"height\":512,\"caption\":\"Global Hookah\"},\"image\":{\"@id\":\"https:\/\/global-hookah.com\/#\/schema\/logo\/image\/\"}}]}<\/script>\n<!-- \/ Yoast SEO Premium plugin. -->","yoast_head_json":{"title":"Zink-Legierung Material Portable Wasserpfeife Gro\u00dfhandel - Global Hookah","robots":{"index":"index","follow":"follow","max-snippet":"max-snippet:-1","max-image-preview":"max-image-preview:large","max-video-preview":"max-video-preview:-1"},"canonical":"https:\/\/global-hookah.com\/de\/producto\/venta-al-por-mayor-de-pipas-de-agua-portatiles-de-aleacion-de-zinc\/","og_locale":"de_DE","og_type":"article","og_title":"Zinc Alloy Material Portable Hookah Wholesale","og_description":"Finding the perfect hookah for those laidback smoking sessions can be a real challenge. You want something that looks cool","og_url":"https:\/\/global-hookah.com\/de\/producto\/venta-al-por-mayor-de-pipas-de-agua-portatiles-de-aleacion-de-zinc\/","og_site_name":"Global Hookah","article_modified_time":"2024-04-17T02:57:14+00:00","og_image":[{"width":1000,"height":1000,"url":"https:\/\/global-hookah.com\/wp-content\/uploads\/2024\/04\/Egyptian-Hookah-Rod-Zinc-Alloy-Material-Portable-Hookah-Adapt-To-The-4-5CM-Plug-in-Hookah.webp","type":"image\/webp"}],"twitter_card":"summary_large_image","twitter_misc":{"Gesch\u00e4tzte Lesezeit":"4\u00a0Minuten"},"schema":{"@context":"https:\/\/schema.org","@graph":[{"@type":"WebPage","@id":"https:\/\/global-hookah.com\/es\/producto\/venta-al-por-mayor-de-pipas-de-agua-portatiles-de-aleacion-de-zinc\/","url":"https:\/\/global-hookah.com\/es\/producto\/venta-al-por-mayor-de-pipas-de-agua-portatiles-de-aleacion-de-zinc\/","name":"Zink-Legierung Material Portable Wasserpfeife Gro\u00dfhandel - Global Hookah","isPartOf":{"@id":"https:\/\/global-hookah.com\/#website"},"primaryImageOfPage":{"@id":"https:\/\/global-hookah.com\/es\/producto\/venta-al-por-mayor-de-pipas-de-agua-portatiles-de-aleacion-de-zinc\/#primaryimage"},"image":{"@id":"https:\/\/global-hookah.com\/es\/producto\/venta-al-por-mayor-de-pipas-de-agua-portatiles-de-aleacion-de-zinc\/#primaryimage"},"thumbnailUrl":"https:\/\/global-hookah.com\/wp-content\/uploads\/2024\/04\/Egyptian-Hookah-Rod-Zinc-Alloy-Material-Portable-Hookah-Adapt-To-The-4-5CM-Plug-in-Hookah.webp","datePublished":"2024-04-06T13:06:01+00:00","dateModified":"2024-04-17T02:57:14+00:00","breadcrumb":{"@id":"https:\/\/global-hookah.com\/es\/producto\/venta-al-por-mayor-de-pipas-de-agua-portatiles-de-aleacion-de-zinc\/#breadcrumb"},"inLanguage":"de","potentialAction":[{"@type":"ReadAction","target":["https:\/\/global-hookah.com\/es\/producto\/venta-al-por-mayor-de-pipas-de-agua-portatiles-de-aleacion-de-zinc\/"]}]},{"@type":"ImageObject","inLanguage":"de","@id":"https:\/\/global-hookah.com\/es\/producto\/venta-al-por-mayor-de-pipas-de-agua-portatiles-de-aleacion-de-zinc\/#primaryimage","url":"https:\/\/global-hookah.com\/wp-content\/uploads\/2024\/04\/Egyptian-Hookah-Rod-Zinc-Alloy-Material-Portable-Hookah-Adapt-To-The-4-5CM-Plug-in-Hookah.webp","contentUrl":"https:\/\/global-hookah.com\/wp-content\/uploads\/2024\/04\/Egyptian-Hookah-Rod-Zinc-Alloy-Material-Portable-Hookah-Adapt-To-The-4-5CM-Plug-in-Hookah.webp","width":1000,"height":1000},{"@type":"BreadcrumbList","@id":"https:\/\/global-hookah.com\/es\/producto\/venta-al-por-mayor-de-pipas-de-agua-portatiles-de-aleacion-de-zinc\/#breadcrumb","itemListElement":[{"@type":"ListItem","position":1,"name":"Home","item":"https:\/\/global-hookah.com\/"},{"@type":"ListItem","position":2,"name":"Shop","item":"https:\/\/global-hookah.com\/shop\/"},{"@type":"ListItem","position":3,"name":"Zinc Alloy Material Portable Hookah Wholesale"}]},{"@type":"WebSite","@id":"https:\/\/global-hookah.com\/#website","url":"https:\/\/global-hookah.com\/","name":"Globale Wasserpfeife","description":"Globale Wasserpfeife","publisher":{"@id":"https:\/\/global-hookah.com\/#organization"},"potentialAction":[{"@type":"SearchAction","target":{"@type":"EntryPoint","urlTemplate":"https:\/\/global-hookah.com\/?s={search_term_string}"},"query-input":{"@type":"PropertyValueSpecification","valueRequired":true,"valueName":"search_term_string"}}],"inLanguage":"de"},{"@type":"Organization","@id":"https:\/\/global-hookah.com\/#organization","name":"Globale Wasserpfeife","url":"https:\/\/global-hookah.com\/","logo":{"@type":"ImageObject","inLanguage":"de","@id":"https:\/\/global-hookah.com\/#\/schema\/logo\/image\/","url":"https:\/\/global-hookah.com\/wp-content\/uploads\/2021\/10\/cropped-fgg.png","contentUrl":"https:\/\/global-hookah.com\/wp-content\/uploads\/2021\/10\/cropped-fgg.png","width":512,"height":512,"caption":"Global Hookah"},"image":{"@id":"https:\/\/global-hookah.com\/#\/schema\/logo\/image\/"}}]}},"_links":{"self":[{"href":"https:\/\/global-hookah.com\/de\/wp-json\/wp\/v2\/product\/20446","targetHints":{"allow":["GET"]}}],"collection":[{"href":"https:\/\/global-hookah.com\/de\/wp-json\/wp\/v2\/product"}],"about":[{"href":"https:\/\/global-hookah.com\/de\/wp-json\/wp\/v2\/types\/product"}],"replies":[{"embeddable":true,"href":"https:\/\/global-hookah.com\/de\/wp-json\/wp\/v2\/comments?post=20446"}],"version-history":[{"count":0,"href":"https:\/\/global-hookah.com\/de\/wp-json\/wp\/v2\/product\/20446\/revisions"}],"wp:featuredmedia":[{"embeddable":true,"href":"https:\/\/global-hookah.com\/de\/wp-json\/wp\/v2\/media\/20447"}],"wp:attachment":[{"href":"https:\/\/global-hookah.com\/de\/wp-json\/wp\/v2\/media?parent=20446"}],"wp:term":[{"taxonomy":"product_brand","embeddable":true,"href":"https:\/\/global-hookah.com\/de\/wp-json\/wp\/v2\/product_brand?post=20446"},{"taxonomy":"product_cat","embeddable":true,"href":"https:\/\/global-hookah.com\/de\/wp-json\/wp\/v2\/product_cat?post=20446"},{"taxonomy":"product_tag","embeddable":true,"href":"https:\/\/global-hookah.com\/de\/wp-json\/wp\/v2\/product_tag?post=20446"}],"curies":[{"name":"wp","href":"https:\/\/api.w.org\/{rel}","templated":true}]}}