{"id":20489,"date":"2024-04-06T13:15:04","date_gmt":"2024-04-06T13:15:04","guid":{"rendered":"https:\/\/global-hookah.com\/product\/customizable-arabic-double-barreled-shisha\/"},"modified":"2024-04-17T02:14:42","modified_gmt":"2024-04-17T02:14:42","slug":"customizable-arabic-double-barreled-shisha","status":"publish","type":"product","link":"https:\/\/global-hookah.com\/de\/produkt\/customizable-arabic-double-barreled-shisha\/","title":{"rendered":"Anpassbare arabische Doppelflaschen-Shisha"},"content":{"rendered":"<p>diese <strong>Arabische Doppell\u00e4ufige Shisha<\/strong> ist so fantastisch! Lange, entspannende Rauchsessions mit deinen Freunden zu teilen, ist so eine einfache Freude im Leben! Jeder Schlauch kann um 360\u00b0 gedreht werden, so dass er leicht zwischen Freunden weitergegeben werden kann. Und die verj\u00fcngten Mundst\u00fccke sind so clever gestaltet - jeder Zug f\u00fchlt sich glatt wie Seide an, absolute Gl\u00fcckseligkeit!<\/p>\n<p>Aber was ich am meisten liebe, sind die vielen Anpassungsm\u00f6glichkeiten, die dieses <strong>Arabische Shisha<\/strong> bietet! Pinker Kristall, tiefblauer Saphir, goldener Luxus, schwarzes Leder - Sie k\u00f6nnen Mundst\u00fccke und Schl\u00e4uche mischen und kombinieren, wie Sie wollen, 100% angepasst an Ihre Pers\u00f6nlichkeit und Ihren Geschmack!<\/p>\n<p>Die <strong>Arabische Doppell\u00e4ufige Shisha's<\/strong> Hochwertige Zigarettenstummel aus Keramik erm\u00f6glichen eine pr\u00e4zise Rauchkontrolle ohne die Gefahr von Handverbrennungen. Wenn Sie den Rauch noch k\u00fchler und effektiver filtern m\u00f6chten, k\u00f6nnen Sie einige Eisw\u00fcrfel hinzuf\u00fcgen.<\/p>\n<p>Ein Silikonstopfen sichert jedes <strong>Anpassbare Wasserpfeife<\/strong> Verbindung, so dass kein Rauch entweichen kann. Dank des integrierten Diffusors kann man sich immer auf starke, sanfte Z\u00fcge und viel Luftstrom verlassen. Ich kann es kaum erwarten, eine au\u00dferplanm\u00e4\u00dfige Wasserpfeifen-Session mit meinen Freundinnen zu arrangieren!<\/p>\n<div class=\"product-specs-list-container\">\n<ul class=\"product-specs-list util-clearfix\">\n<li class=\"product-prop line-limit-length\"><span class=\"property-title\">Modellnummer:\u00a0<\/span><span class=\"property-desc line-limit-length\">SH018<\/span><\/li>\n<li class=\"product-prop line-limit-length\"><span class=\"property-title\">Die Form: <a href=\"https:\/\/global-hookah.com\/product-category\/wholesale-hookah\/glass-hookah-wholesale\/\">Arabisch<\/a><\/span><span class=\"property-desc line-limit-length\">\u00a0Typ<\/span><\/li>\n<li class=\"product-prop line-limit-length\"><span class=\"property-title\">Material:\u00a0<\/span><span class=\"property-desc line-limit-length\">Glas<\/span><\/li>\n<\/ul>\n<\/div>\n<p><img decoding=\"async\" src=\"https:\/\/ae01.alicdn.com\/kf\/S7f6e920d860744ec83d3c064d10dd2f8V.jpg\" \/><img decoding=\"async\" src=\"https:\/\/ae01.alicdn.com\/kf\/S3b70bd1865f248aaa01d297ed18b7e4d4.jpg\" \/><img decoding=\"async\" src=\"https:\/\/ae01.alicdn.com\/kf\/S00459080cea744aeb2766ef0ed2f72a5k.jpg\" \/><img decoding=\"async\" src=\"https:\/\/ae01.alicdn.com\/kf\/Se1331761a0da485ab436241e97030329h.jpg\" \/><img decoding=\"async\" src=\"https:\/\/ae01.alicdn.com\/kf\/S834bc1579dd748879cbe5fa43f287d22R.jpg\" \/><img decoding=\"async\" src=\"https:\/\/ae01.alicdn.com\/kf\/Sc6ccc067544e4ded8ae0ac0da3651db9J.jpg\" \/><img decoding=\"async\" src=\"https:\/\/ae01.alicdn.com\/kf\/Se9e0c72b17d4494cb9e4db426d9ce6929.jpg\" \/><img decoding=\"async\" src=\"https:\/\/ae01.alicdn.com\/kf\/S472b0441153345328f3a774b18c1bccdM.jpg\" \/><\/p>","protected":false},"excerpt":{"rendered":"<p>diese arabische Shisha mit zwei F\u00e4ssern ist einfach genial! Lange, entspannende Rauch-Sessions mit deinen Freunden zu teilen, ist so eine einfache Freude<\/p>","protected":false},"featured_media":20490,"comment_status":"closed","ping_status":"closed","template":"","meta":{"iawp_total_views":3,"_joinchat":[]},"product_brand":[],"product_cat":[119],"product_tag":[],"class_list":{"0":"post-20489","1":"product","2":"type-product","3":"status-publish","4":"has-post-thumbnail","6":"product_cat-wholesale-hookah","8":"first","9":"instock","10":"shipping-taxable","11":"purchasable","12":"product-type-variable"},"yoast_head":"<!-- This site is optimized with the Yoast SEO Premium plugin v24.7 (Yoast SEO v26.8) - https:\/\/yoast.com\/product\/yoast-seo-premium-wordpress\/ -->\n<title>Customizable Arabic Double-Barreled Shisha - Global Hookah<\/title>\n<meta name=\"robots\" content=\"index, follow, max-snippet:-1, max-image-preview:large, max-video-preview:-1\" \/>\n<link rel=\"canonical\" href=\"https:\/\/global-hookah.com\/de\/produkt\/customizable-arabic-double-barreled-shisha\/\" \/>\n<meta property=\"og:locale\" content=\"de_DE\" \/>\n<meta property=\"og:type\" content=\"article\" \/>\n<meta property=\"og:title\" content=\"Customizable Arabic Double-Barreled Shisha\" \/>\n<meta property=\"og:description\" content=\"this Arabic Double-Barreled Shisha is so awesome! Sharing long, relaxing smoke sessions with your friends is such a simple joy\" \/>\n<meta property=\"og:url\" content=\"https:\/\/global-hookah.com\/de\/produkt\/customizable-arabic-double-barreled-shisha\/\" \/>\n<meta property=\"og:site_name\" content=\"Global Hookah\" \/>\n<meta property=\"article:modified_time\" content=\"2024-04-17T02:14:42+00:00\" \/>\n<meta property=\"og:image\" content=\"https:\/\/global-hookah.com\/wp-content\/uploads\/2024\/04\/Arabia-Hookah-Set-Large-Double-Tube-Shisha-Glass-Bottle-Ceramic-Bowl-Hose-Water-Pipe-Bar-KTV.webp\" \/>\n\t<meta property=\"og:image:width\" content=\"900\" \/>\n\t<meta property=\"og:image:height\" content=\"900\" \/>\n\t<meta property=\"og:image:type\" content=\"image\/webp\" \/>\n<meta name=\"twitter:card\" content=\"summary_large_image\" \/>\n<meta name=\"twitter:label1\" content=\"Gesch\u00e4tzte Lesezeit\" \/>\n\t<meta name=\"twitter:data1\" content=\"3\u00a0Minuten\" \/>\n<script type=\"application\/ld+json\" class=\"yoast-schema-graph\">{\"@context\":\"https:\/\/schema.org\",\"@graph\":[{\"@type\":\"WebPage\",\"@id\":\"https:\/\/global-hookah.com\/product\/customizable-arabic-double-barreled-shisha\/\",\"url\":\"https:\/\/global-hookah.com\/product\/customizable-arabic-double-barreled-shisha\/\",\"name\":\"Customizable Arabic Double-Barreled Shisha - Global Hookah\",\"isPartOf\":{\"@id\":\"https:\/\/global-hookah.com\/#website\"},\"primaryImageOfPage\":{\"@id\":\"https:\/\/global-hookah.com\/product\/customizable-arabic-double-barreled-shisha\/#primaryimage\"},\"image\":{\"@id\":\"https:\/\/global-hookah.com\/product\/customizable-arabic-double-barreled-shisha\/#primaryimage\"},\"thumbnailUrl\":\"https:\/\/global-hookah.com\/wp-content\/uploads\/2024\/04\/Arabia-Hookah-Set-Large-Double-Tube-Shisha-Glass-Bottle-Ceramic-Bowl-Hose-Water-Pipe-Bar-KTV.webp\",\"datePublished\":\"2024-04-06T13:15:04+00:00\",\"dateModified\":\"2024-04-17T02:14:42+00:00\",\"breadcrumb\":{\"@id\":\"https:\/\/global-hookah.com\/product\/customizable-arabic-double-barreled-shisha\/#breadcrumb\"},\"inLanguage\":\"de\",\"potentialAction\":[{\"@type\":\"ReadAction\",\"target\":[\"https:\/\/global-hookah.com\/product\/customizable-arabic-double-barreled-shisha\/\"]}]},{\"@type\":\"ImageObject\",\"inLanguage\":\"de\",\"@id\":\"https:\/\/global-hookah.com\/product\/customizable-arabic-double-barreled-shisha\/#primaryimage\",\"url\":\"https:\/\/global-hookah.com\/wp-content\/uploads\/2024\/04\/Arabia-Hookah-Set-Large-Double-Tube-Shisha-Glass-Bottle-Ceramic-Bowl-Hose-Water-Pipe-Bar-KTV.webp\",\"contentUrl\":\"https:\/\/global-hookah.com\/wp-content\/uploads\/2024\/04\/Arabia-Hookah-Set-Large-Double-Tube-Shisha-Glass-Bottle-Ceramic-Bowl-Hose-Water-Pipe-Bar-KTV.webp\",\"width\":900,\"height\":900,\"caption\":\"Customizable Arabic Double-Barreled Shisha\"},{\"@type\":\"BreadcrumbList\",\"@id\":\"https:\/\/global-hookah.com\/product\/customizable-arabic-double-barreled-shisha\/#breadcrumb\",\"itemListElement\":[{\"@type\":\"ListItem\",\"position\":1,\"name\":\"Home\",\"item\":\"https:\/\/global-hookah.com\/\"},{\"@type\":\"ListItem\",\"position\":2,\"name\":\"Shop\",\"item\":\"https:\/\/global-hookah.com\/shop\/\"},{\"@type\":\"ListItem\",\"position\":3,\"name\":\"Customizable Arabic Double-Barreled Shisha\"}]},{\"@type\":\"WebSite\",\"@id\":\"https:\/\/global-hookah.com\/#website\",\"url\":\"https:\/\/global-hookah.com\/\",\"name\":\"Global Hookah\",\"description\":\"Global Hookah\",\"publisher\":{\"@id\":\"https:\/\/global-hookah.com\/#organization\"},\"potentialAction\":[{\"@type\":\"SearchAction\",\"target\":{\"@type\":\"EntryPoint\",\"urlTemplate\":\"https:\/\/global-hookah.com\/?s={search_term_string}\"},\"query-input\":{\"@type\":\"PropertyValueSpecification\",\"valueRequired\":true,\"valueName\":\"search_term_string\"}}],\"inLanguage\":\"de\"},{\"@type\":\"Organization\",\"@id\":\"https:\/\/global-hookah.com\/#organization\",\"name\":\"Global Hookah\",\"url\":\"https:\/\/global-hookah.com\/\",\"logo\":{\"@type\":\"ImageObject\",\"inLanguage\":\"de\",\"@id\":\"https:\/\/global-hookah.com\/#\/schema\/logo\/image\/\",\"url\":\"https:\/\/global-hookah.com\/wp-content\/uploads\/2021\/10\/cropped-fgg.png\",\"contentUrl\":\"https:\/\/global-hookah.com\/wp-content\/uploads\/2021\/10\/cropped-fgg.png\",\"width\":512,\"height\":512,\"caption\":\"Global Hookah\"},\"image\":{\"@id\":\"https:\/\/global-hookah.com\/#\/schema\/logo\/image\/\"}}]}<\/script>\n<!-- \/ Yoast SEO Premium plugin. -->","yoast_head_json":{"title":"Anpassbare arabische Shisha mit zwei F\u00e4ssern - Global Hookah","robots":{"index":"index","follow":"follow","max-snippet":"max-snippet:-1","max-image-preview":"max-image-preview:large","max-video-preview":"max-video-preview:-1"},"canonical":"https:\/\/global-hookah.com\/de\/produkt\/customizable-arabic-double-barreled-shisha\/","og_locale":"de_DE","og_type":"article","og_title":"Customizable Arabic Double-Barreled Shisha","og_description":"this Arabic Double-Barreled Shisha is so awesome! Sharing long, relaxing smoke sessions with your friends is such a simple joy","og_url":"https:\/\/global-hookah.com\/de\/produkt\/customizable-arabic-double-barreled-shisha\/","og_site_name":"Global Hookah","article_modified_time":"2024-04-17T02:14:42+00:00","og_image":[{"width":900,"height":900,"url":"https:\/\/global-hookah.com\/wp-content\/uploads\/2024\/04\/Arabia-Hookah-Set-Large-Double-Tube-Shisha-Glass-Bottle-Ceramic-Bowl-Hose-Water-Pipe-Bar-KTV.webp","type":"image\/webp"}],"twitter_card":"summary_large_image","twitter_misc":{"Gesch\u00e4tzte Lesezeit":"3\u00a0Minuten"},"schema":{"@context":"https:\/\/schema.org","@graph":[{"@type":"WebPage","@id":"https:\/\/global-hookah.com\/product\/customizable-arabic-double-barreled-shisha\/","url":"https:\/\/global-hookah.com\/product\/customizable-arabic-double-barreled-shisha\/","name":"Anpassbare arabische Shisha mit zwei F\u00e4ssern - Global Hookah","isPartOf":{"@id":"https:\/\/global-hookah.com\/#website"},"primaryImageOfPage":{"@id":"https:\/\/global-hookah.com\/product\/customizable-arabic-double-barreled-shisha\/#primaryimage"},"image":{"@id":"https:\/\/global-hookah.com\/product\/customizable-arabic-double-barreled-shisha\/#primaryimage"},"thumbnailUrl":"https:\/\/global-hookah.com\/wp-content\/uploads\/2024\/04\/Arabia-Hookah-Set-Large-Double-Tube-Shisha-Glass-Bottle-Ceramic-Bowl-Hose-Water-Pipe-Bar-KTV.webp","datePublished":"2024-04-06T13:15:04+00:00","dateModified":"2024-04-17T02:14:42+00:00","breadcrumb":{"@id":"https:\/\/global-hookah.com\/product\/customizable-arabic-double-barreled-shisha\/#breadcrumb"},"inLanguage":"de","potentialAction":[{"@type":"ReadAction","target":["https:\/\/global-hookah.com\/product\/customizable-arabic-double-barreled-shisha\/"]}]},{"@type":"ImageObject","inLanguage":"de","@id":"https:\/\/global-hookah.com\/product\/customizable-arabic-double-barreled-shisha\/#primaryimage","url":"https:\/\/global-hookah.com\/wp-content\/uploads\/2024\/04\/Arabia-Hookah-Set-Large-Double-Tube-Shisha-Glass-Bottle-Ceramic-Bowl-Hose-Water-Pipe-Bar-KTV.webp","contentUrl":"https:\/\/global-hookah.com\/wp-content\/uploads\/2024\/04\/Arabia-Hookah-Set-Large-Double-Tube-Shisha-Glass-Bottle-Ceramic-Bowl-Hose-Water-Pipe-Bar-KTV.webp","width":900,"height":900,"caption":"Customizable Arabic Double-Barreled Shisha"},{"@type":"BreadcrumbList","@id":"https:\/\/global-hookah.com\/product\/customizable-arabic-double-barreled-shisha\/#breadcrumb","itemListElement":[{"@type":"ListItem","position":1,"name":"Home","item":"https:\/\/global-hookah.com\/"},{"@type":"ListItem","position":2,"name":"Shop","item":"https:\/\/global-hookah.com\/shop\/"},{"@type":"ListItem","position":3,"name":"Customizable Arabic Double-Barreled Shisha"}]},{"@type":"WebSite","@id":"https:\/\/global-hookah.com\/#website","url":"https:\/\/global-hookah.com\/","name":"Globale Wasserpfeife","description":"Globale Wasserpfeife","publisher":{"@id":"https:\/\/global-hookah.com\/#organization"},"potentialAction":[{"@type":"SearchAction","target":{"@type":"EntryPoint","urlTemplate":"https:\/\/global-hookah.com\/?s={search_term_string}"},"query-input":{"@type":"PropertyValueSpecification","valueRequired":true,"valueName":"search_term_string"}}],"inLanguage":"de"},{"@type":"Organization","@id":"https:\/\/global-hookah.com\/#organization","name":"Globale Wasserpfeife","url":"https:\/\/global-hookah.com\/","logo":{"@type":"ImageObject","inLanguage":"de","@id":"https:\/\/global-hookah.com\/#\/schema\/logo\/image\/","url":"https:\/\/global-hookah.com\/wp-content\/uploads\/2021\/10\/cropped-fgg.png","contentUrl":"https:\/\/global-hookah.com\/wp-content\/uploads\/2021\/10\/cropped-fgg.png","width":512,"height":512,"caption":"Global Hookah"},"image":{"@id":"https:\/\/global-hookah.com\/#\/schema\/logo\/image\/"}}]}},"_links":{"self":[{"href":"https:\/\/global-hookah.com\/de\/wp-json\/wp\/v2\/product\/20489","targetHints":{"allow":["GET"]}}],"collection":[{"href":"https:\/\/global-hookah.com\/de\/wp-json\/wp\/v2\/product"}],"about":[{"href":"https:\/\/global-hookah.com\/de\/wp-json\/wp\/v2\/types\/product"}],"replies":[{"embeddable":true,"href":"https:\/\/global-hookah.com\/de\/wp-json\/wp\/v2\/comments?post=20489"}],"version-history":[{"count":0,"href":"https:\/\/global-hookah.com\/de\/wp-json\/wp\/v2\/product\/20489\/revisions"}],"wp:featuredmedia":[{"embeddable":true,"href":"https:\/\/global-hookah.com\/de\/wp-json\/wp\/v2\/media\/20490"}],"wp:attachment":[{"href":"https:\/\/global-hookah.com\/de\/wp-json\/wp\/v2\/media?parent=20489"}],"wp:term":[{"taxonomy":"product_brand","embeddable":true,"href":"https:\/\/global-hookah.com\/de\/wp-json\/wp\/v2\/product_brand?post=20489"},{"taxonomy":"product_cat","embeddable":true,"href":"https:\/\/global-hookah.com\/de\/wp-json\/wp\/v2\/product_cat?post=20489"},{"taxonomy":"product_tag","embeddable":true,"href":"https:\/\/global-hookah.com\/de\/wp-json\/wp\/v2\/product_tag?post=20489"}],"curies":[{"name":"wp","href":"https:\/\/api.w.org\/{rel}","templated":true}]}}