{"id":20498,"date":"2024-04-06T13:16:04","date_gmt":"2024-04-06T13:16:04","guid":{"rendered":"https:\/\/global-hookah.com\/product\/personalized-high-quality-304-stainless-steel-hookah-wholesale\/"},"modified":"2024-04-07T02:09:21","modified_gmt":"2024-04-07T02:09:21","slug":"personalized-high-quality-304-stainless-steel-hookah-wholesale","status":"publish","type":"product","link":"https:\/\/global-hookah.com\/de\/produkt\/personalized-high-quality-304-stainless-steel-hookah-wholesale\/","title":{"rendered":"Personalisierte hohe Qualit\u00e4t 304 Edelstahl Wasserpfeife Gro\u00dfhandel"},"content":{"rendered":"<p>Leute, glaubt mir, das ist das coolste <strong>High-End kundenspezifische Hookah<\/strong> die Sie je gesehen haben. Er besteht aus Edelstahl 100% 304 und ist sehr langlebig. Seine Anschlussteile sind mit Silikonringen versehen, um das Austreten von Rauch zu verhindern und eine perfekte Abdichtung zu gew\u00e4hrleisten. Das Strohhalmsystem mit eingebautem Diffusor sorgt f\u00fcr eine hochwertige Bel\u00fcftung und einen ger\u00e4uschlosen Effekt.<\/p>\n<p>Dar\u00fcber hinaus ist diese <strong>Personalisierte hohe Qualit\u00e4t 304 Edelstahl Wasserpfeife<\/strong> erzielt den besten Bel\u00fcftungseffekt durch einen sorgf\u00e4ltig entworfenen eingebauten Schalld\u00e4mpferfilter, der es Ihnen erm\u00f6glicht, das reine Aroma des Tabaks ohne Verunreinigungen zu genie\u00dfen.<\/p>\n<p>Von den Silikondichtungen bis hin zum Kohletablett, dem Filter und dem Mundst\u00fcck merkt man, dass sie sich \u00fcber jedes Detail ernsthafte Gedanken gemacht haben. Dies ist nicht nur ein Produkt, sondern eine Hommage an die Wasserpfeifenkultur, verstehst du?<\/p>\n<p>Wir haben die F\u00e4higkeiten und die Erfahrung, um alle Ihre <a href=\"https:\/\/global-hookah.com\/\">Wasserpfeife<\/a> Tr\u00e4ume werden wahr. Sie m\u00f6chten individuell gestalten und in gro\u00dfen Mengen kaufen? Wir bieten Ihnen g\u00fcnstige Angebote und einen guten Service.<\/p>\n<p><img decoding=\"async\" src=\"https:\/\/ae01.alicdn.com\/kf\/S40b8b2f3b2794923a6df24da8d14f96bu.jpg?width=800&amp;height=800&amp;hash=1600\" \/><\/p>\n<div class=\"detailmodule_html\">\n<div class=\"detail-desc-decorate-richtext\">\n<p><br class=\"img-brk\" \/><img decoding=\"async\" src=\"https:\/\/ae01.alicdn.com\/kf\/Se307aecc4e4d400e9040482cb05055219.jpg?width=1920&amp;height=1920&amp;hash=3840\" alt=\"undefined\" \/><br class=\"img-brk\" \/><br class=\"img-brk\" \/><img decoding=\"async\" src=\"https:\/\/ae01.alicdn.com\/kf\/S668264c580344c09b5a0f1aba45a36bcd.jpg?width=800&amp;height=800&amp;hash=1600\" alt=\"undefined\" \/><br class=\"img-brk\" \/><br class=\"img-brk\" \/><img decoding=\"async\" src=\"https:\/\/ae01.alicdn.com\/kf\/S5e40b23ec17f41598a1cdf9c05ed1256J.jpg?width=800&amp;height=800&amp;hash=1600\" alt=\"undefined\" \/><br class=\"img-brk\" \/><br class=\"img-brk\" \/><img decoding=\"async\" src=\"https:\/\/ae01.alicdn.com\/kf\/Sc90b2aad4b944f46a6cdaeeb1f69e18di.jpg?width=1920&amp;height=1920&amp;hash=3840\" alt=\"undefined\" \/><\/p>\n<\/div>\n<\/div>","protected":false},"excerpt":{"rendered":"<p>Leute, glaubt mir, das ist die coolste High-End-angepasste Hookah, die ihr je gesehen habt. Es ist von 100% 304 gemacht<\/p>","protected":false},"featured_media":20499,"comment_status":"closed","ping_status":"closed","template":"","meta":{"iawp_total_views":0,"_joinchat":[]},"product_brand":[],"product_cat":[119],"product_tag":[],"class_list":{"0":"post-20498","1":"product","2":"type-product","3":"status-publish","4":"has-post-thumbnail","6":"product_cat-wholesale-hookah","8":"first","9":"instock","10":"shipping-taxable","11":"purchasable","12":"product-type-variable"},"yoast_head":"<!-- This site is optimized with the Yoast SEO Premium plugin v24.7 (Yoast SEO v26.8) - https:\/\/yoast.com\/product\/yoast-seo-premium-wordpress\/ -->\n<title>Personalized High Quality 304 Stainless Steel Hookah Wholesale - Global Hookah<\/title>\n<meta name=\"robots\" content=\"index, follow, max-snippet:-1, max-image-preview:large, max-video-preview:-1\" \/>\n<link rel=\"canonical\" href=\"https:\/\/global-hookah.com\/de\/producto\/venta-al-por-mayor-de-narguiles-personalizados-de-acero-inoxidable-de-alta-calidad-304\/\" \/>\n<meta property=\"og:locale\" content=\"de_DE\" \/>\n<meta property=\"og:type\" content=\"article\" \/>\n<meta property=\"og:title\" content=\"Personalized High Quality 304 Stainless Steel Hookah Wholesale\" \/>\n<meta property=\"og:description\" content=\"Guys, believe me, this is the coolest high-end customized Hookah you have ever seen. It is made of 100% 304\" \/>\n<meta property=\"og:url\" content=\"https:\/\/global-hookah.com\/de\/producto\/venta-al-por-mayor-de-narguiles-personalizados-de-acero-inoxidable-de-alta-calidad-304\/\" \/>\n<meta property=\"og:site_name\" content=\"Global Hookah\" \/>\n<meta property=\"article:modified_time\" content=\"2024-04-07T02:09:21+00:00\" \/>\n<meta property=\"og:image\" content=\"https:\/\/global-hookah.com\/wp-content\/uploads\/2024\/04\/KTV-Set-High-Quality-304-Stainless-Steel-Hookah-Glass-Bottle-Shisha-Accessories-Smoking-Pipes-Smoking-Grass.webp\" \/>\n\t<meta property=\"og:image:width\" content=\"800\" \/>\n\t<meta property=\"og:image:height\" content=\"800\" \/>\n\t<meta property=\"og:image:type\" content=\"image\/webp\" \/>\n<meta name=\"twitter:card\" content=\"summary_large_image\" \/>\n<meta name=\"twitter:label1\" content=\"Gesch\u00e4tzte Lesezeit\" \/>\n\t<meta name=\"twitter:data1\" content=\"2\u00a0Minuten\" \/>\n<script type=\"application\/ld+json\" class=\"yoast-schema-graph\">{\"@context\":\"https:\/\/schema.org\",\"@graph\":[{\"@type\":\"WebPage\",\"@id\":\"https:\/\/global-hookah.com\/es\/producto\/venta-al-por-mayor-de-narguiles-personalizados-de-acero-inoxidable-de-alta-calidad-304\/\",\"url\":\"https:\/\/global-hookah.com\/es\/producto\/venta-al-por-mayor-de-narguiles-personalizados-de-acero-inoxidable-de-alta-calidad-304\/\",\"name\":\"Personalized High Quality 304 Stainless Steel Hookah Wholesale - Global Hookah\",\"isPartOf\":{\"@id\":\"https:\/\/global-hookah.com\/#website\"},\"primaryImageOfPage\":{\"@id\":\"https:\/\/global-hookah.com\/es\/producto\/venta-al-por-mayor-de-narguiles-personalizados-de-acero-inoxidable-de-alta-calidad-304\/#primaryimage\"},\"image\":{\"@id\":\"https:\/\/global-hookah.com\/es\/producto\/venta-al-por-mayor-de-narguiles-personalizados-de-acero-inoxidable-de-alta-calidad-304\/#primaryimage\"},\"thumbnailUrl\":\"https:\/\/global-hookah.com\/wp-content\/uploads\/2024\/04\/KTV-Set-High-Quality-304-Stainless-Steel-Hookah-Glass-Bottle-Shisha-Accessories-Smoking-Pipes-Smoking-Grass.webp\",\"datePublished\":\"2024-04-06T13:16:04+00:00\",\"dateModified\":\"2024-04-07T02:09:21+00:00\",\"breadcrumb\":{\"@id\":\"https:\/\/global-hookah.com\/es\/producto\/venta-al-por-mayor-de-narguiles-personalizados-de-acero-inoxidable-de-alta-calidad-304\/#breadcrumb\"},\"inLanguage\":\"de\",\"potentialAction\":[{\"@type\":\"ReadAction\",\"target\":[\"https:\/\/global-hookah.com\/es\/producto\/venta-al-por-mayor-de-narguiles-personalizados-de-acero-inoxidable-de-alta-calidad-304\/\"]}]},{\"@type\":\"ImageObject\",\"inLanguage\":\"de\",\"@id\":\"https:\/\/global-hookah.com\/es\/producto\/venta-al-por-mayor-de-narguiles-personalizados-de-acero-inoxidable-de-alta-calidad-304\/#primaryimage\",\"url\":\"https:\/\/global-hookah.com\/wp-content\/uploads\/2024\/04\/KTV-Set-High-Quality-304-Stainless-Steel-Hookah-Glass-Bottle-Shisha-Accessories-Smoking-Pipes-Smoking-Grass.webp\",\"contentUrl\":\"https:\/\/global-hookah.com\/wp-content\/uploads\/2024\/04\/KTV-Set-High-Quality-304-Stainless-Steel-Hookah-Glass-Bottle-Shisha-Accessories-Smoking-Pipes-Smoking-Grass.webp\",\"width\":800,\"height\":800,\"caption\":\"Personalized High Quality 304 Stainless Steel Hookah Wholesale\"},{\"@type\":\"BreadcrumbList\",\"@id\":\"https:\/\/global-hookah.com\/es\/producto\/venta-al-por-mayor-de-narguiles-personalizados-de-acero-inoxidable-de-alta-calidad-304\/#breadcrumb\",\"itemListElement\":[{\"@type\":\"ListItem\",\"position\":1,\"name\":\"Home\",\"item\":\"https:\/\/global-hookah.com\/\"},{\"@type\":\"ListItem\",\"position\":2,\"name\":\"Shop\",\"item\":\"https:\/\/global-hookah.com\/shop\/\"},{\"@type\":\"ListItem\",\"position\":3,\"name\":\"Personalized High Quality 304 Stainless Steel Hookah Wholesale\"}]},{\"@type\":\"WebSite\",\"@id\":\"https:\/\/global-hookah.com\/#website\",\"url\":\"https:\/\/global-hookah.com\/\",\"name\":\"Global Hookah\",\"description\":\"Global Hookah\",\"publisher\":{\"@id\":\"https:\/\/global-hookah.com\/#organization\"},\"potentialAction\":[{\"@type\":\"SearchAction\",\"target\":{\"@type\":\"EntryPoint\",\"urlTemplate\":\"https:\/\/global-hookah.com\/?s={search_term_string}\"},\"query-input\":{\"@type\":\"PropertyValueSpecification\",\"valueRequired\":true,\"valueName\":\"search_term_string\"}}],\"inLanguage\":\"de\"},{\"@type\":\"Organization\",\"@id\":\"https:\/\/global-hookah.com\/#organization\",\"name\":\"Global Hookah\",\"url\":\"https:\/\/global-hookah.com\/\",\"logo\":{\"@type\":\"ImageObject\",\"inLanguage\":\"de\",\"@id\":\"https:\/\/global-hookah.com\/#\/schema\/logo\/image\/\",\"url\":\"https:\/\/global-hookah.com\/wp-content\/uploads\/2021\/10\/cropped-fgg.png\",\"contentUrl\":\"https:\/\/global-hookah.com\/wp-content\/uploads\/2021\/10\/cropped-fgg.png\",\"width\":512,\"height\":512,\"caption\":\"Global Hookah\"},\"image\":{\"@id\":\"https:\/\/global-hookah.com\/#\/schema\/logo\/image\/\"}}]}<\/script>\n<!-- \/ Yoast SEO Premium plugin. -->","yoast_head_json":{"title":"Personalisierte hohe Qualit\u00e4t 304 Edelstahl Wasserpfeife Gro\u00dfhandel - Global Hookah","robots":{"index":"index","follow":"follow","max-snippet":"max-snippet:-1","max-image-preview":"max-image-preview:large","max-video-preview":"max-video-preview:-1"},"canonical":"https:\/\/global-hookah.com\/de\/producto\/venta-al-por-mayor-de-narguiles-personalizados-de-acero-inoxidable-de-alta-calidad-304\/","og_locale":"de_DE","og_type":"article","og_title":"Personalized High Quality 304 Stainless Steel Hookah Wholesale","og_description":"Guys, believe me, this is the coolest high-end customized Hookah you have ever seen. It is made of 100% 304","og_url":"https:\/\/global-hookah.com\/de\/producto\/venta-al-por-mayor-de-narguiles-personalizados-de-acero-inoxidable-de-alta-calidad-304\/","og_site_name":"Global Hookah","article_modified_time":"2024-04-07T02:09:21+00:00","og_image":[{"width":800,"height":800,"url":"https:\/\/global-hookah.com\/wp-content\/uploads\/2024\/04\/KTV-Set-High-Quality-304-Stainless-Steel-Hookah-Glass-Bottle-Shisha-Accessories-Smoking-Pipes-Smoking-Grass.webp","type":"image\/webp"}],"twitter_card":"summary_large_image","twitter_misc":{"Gesch\u00e4tzte Lesezeit":"2\u00a0Minuten"},"schema":{"@context":"https:\/\/schema.org","@graph":[{"@type":"WebPage","@id":"https:\/\/global-hookah.com\/es\/producto\/venta-al-por-mayor-de-narguiles-personalizados-de-acero-inoxidable-de-alta-calidad-304\/","url":"https:\/\/global-hookah.com\/es\/producto\/venta-al-por-mayor-de-narguiles-personalizados-de-acero-inoxidable-de-alta-calidad-304\/","name":"Personalisierte hohe Qualit\u00e4t 304 Edelstahl Wasserpfeife Gro\u00dfhandel - Global Hookah","isPartOf":{"@id":"https:\/\/global-hookah.com\/#website"},"primaryImageOfPage":{"@id":"https:\/\/global-hookah.com\/es\/producto\/venta-al-por-mayor-de-narguiles-personalizados-de-acero-inoxidable-de-alta-calidad-304\/#primaryimage"},"image":{"@id":"https:\/\/global-hookah.com\/es\/producto\/venta-al-por-mayor-de-narguiles-personalizados-de-acero-inoxidable-de-alta-calidad-304\/#primaryimage"},"thumbnailUrl":"https:\/\/global-hookah.com\/wp-content\/uploads\/2024\/04\/KTV-Set-High-Quality-304-Stainless-Steel-Hookah-Glass-Bottle-Shisha-Accessories-Smoking-Pipes-Smoking-Grass.webp","datePublished":"2024-04-06T13:16:04+00:00","dateModified":"2024-04-07T02:09:21+00:00","breadcrumb":{"@id":"https:\/\/global-hookah.com\/es\/producto\/venta-al-por-mayor-de-narguiles-personalizados-de-acero-inoxidable-de-alta-calidad-304\/#breadcrumb"},"inLanguage":"de","potentialAction":[{"@type":"ReadAction","target":["https:\/\/global-hookah.com\/es\/producto\/venta-al-por-mayor-de-narguiles-personalizados-de-acero-inoxidable-de-alta-calidad-304\/"]}]},{"@type":"ImageObject","inLanguage":"de","@id":"https:\/\/global-hookah.com\/es\/producto\/venta-al-por-mayor-de-narguiles-personalizados-de-acero-inoxidable-de-alta-calidad-304\/#primaryimage","url":"https:\/\/global-hookah.com\/wp-content\/uploads\/2024\/04\/KTV-Set-High-Quality-304-Stainless-Steel-Hookah-Glass-Bottle-Shisha-Accessories-Smoking-Pipes-Smoking-Grass.webp","contentUrl":"https:\/\/global-hookah.com\/wp-content\/uploads\/2024\/04\/KTV-Set-High-Quality-304-Stainless-Steel-Hookah-Glass-Bottle-Shisha-Accessories-Smoking-Pipes-Smoking-Grass.webp","width":800,"height":800,"caption":"Personalized High Quality 304 Stainless Steel Hookah Wholesale"},{"@type":"BreadcrumbList","@id":"https:\/\/global-hookah.com\/es\/producto\/venta-al-por-mayor-de-narguiles-personalizados-de-acero-inoxidable-de-alta-calidad-304\/#breadcrumb","itemListElement":[{"@type":"ListItem","position":1,"name":"Home","item":"https:\/\/global-hookah.com\/"},{"@type":"ListItem","position":2,"name":"Shop","item":"https:\/\/global-hookah.com\/shop\/"},{"@type":"ListItem","position":3,"name":"Personalized High Quality 304 Stainless Steel Hookah Wholesale"}]},{"@type":"WebSite","@id":"https:\/\/global-hookah.com\/#website","url":"https:\/\/global-hookah.com\/","name":"Globale Wasserpfeife","description":"Globale Wasserpfeife","publisher":{"@id":"https:\/\/global-hookah.com\/#organization"},"potentialAction":[{"@type":"SearchAction","target":{"@type":"EntryPoint","urlTemplate":"https:\/\/global-hookah.com\/?s={search_term_string}"},"query-input":{"@type":"PropertyValueSpecification","valueRequired":true,"valueName":"search_term_string"}}],"inLanguage":"de"},{"@type":"Organization","@id":"https:\/\/global-hookah.com\/#organization","name":"Globale Wasserpfeife","url":"https:\/\/global-hookah.com\/","logo":{"@type":"ImageObject","inLanguage":"de","@id":"https:\/\/global-hookah.com\/#\/schema\/logo\/image\/","url":"https:\/\/global-hookah.com\/wp-content\/uploads\/2021\/10\/cropped-fgg.png","contentUrl":"https:\/\/global-hookah.com\/wp-content\/uploads\/2021\/10\/cropped-fgg.png","width":512,"height":512,"caption":"Global Hookah"},"image":{"@id":"https:\/\/global-hookah.com\/#\/schema\/logo\/image\/"}}]}},"_links":{"self":[{"href":"https:\/\/global-hookah.com\/de\/wp-json\/wp\/v2\/product\/20498","targetHints":{"allow":["GET"]}}],"collection":[{"href":"https:\/\/global-hookah.com\/de\/wp-json\/wp\/v2\/product"}],"about":[{"href":"https:\/\/global-hookah.com\/de\/wp-json\/wp\/v2\/types\/product"}],"replies":[{"embeddable":true,"href":"https:\/\/global-hookah.com\/de\/wp-json\/wp\/v2\/comments?post=20498"}],"version-history":[{"count":0,"href":"https:\/\/global-hookah.com\/de\/wp-json\/wp\/v2\/product\/20498\/revisions"}],"wp:featuredmedia":[{"embeddable":true,"href":"https:\/\/global-hookah.com\/de\/wp-json\/wp\/v2\/media\/20499"}],"wp:attachment":[{"href":"https:\/\/global-hookah.com\/de\/wp-json\/wp\/v2\/media?parent=20498"}],"wp:term":[{"taxonomy":"product_brand","embeddable":true,"href":"https:\/\/global-hookah.com\/de\/wp-json\/wp\/v2\/product_brand?post=20498"},{"taxonomy":"product_cat","embeddable":true,"href":"https:\/\/global-hookah.com\/de\/wp-json\/wp\/v2\/product_cat?post=20498"},{"taxonomy":"product_tag","embeddable":true,"href":"https:\/\/global-hookah.com\/de\/wp-json\/wp\/v2\/product_tag?post=20498"}],"curies":[{"name":"wp","href":"https:\/\/api.w.org\/{rel}","templated":true}]}}