{"id":20506,"date":"2024-04-06T13:17:04","date_gmt":"2024-04-06T13:17:04","guid":{"rendered":"https:\/\/global-hookah.com\/product\/66cm-65cm-64cm-60cm-53cm-44cm-plastic-shisha-set-wholesale\/"},"modified":"2024-04-07T01:49:28","modified_gmt":"2024-04-07T01:49:28","slug":"66cm-65cm-64cm-60cm-53cm-44cm-plastic-shisha-set-wholesale","status":"publish","type":"product","link":"https:\/\/global-hookah.com\/de\/produkt\/66cm-65cm-64cm-60cm-53cm-44cm-plastic-shisha-set-wholesale\/","title":{"rendered":"66cm 65cm 64cm 60cm 53cm 44cm Plastik Shisha Set Gro\u00dfhandel"},"content":{"rendered":"<p>Diese<strong> Plastik-Shisha-Set<\/strong> ist in verschiedenen Gr\u00f6\u00dfen erh\u00e4ltlich, darunter 66cm, 65cm, 64cm, 60cm, 53cm und 44cm. Sie k\u00f6nnen die passende Rohrl\u00e4nge nach Ihren Vorlieben w\u00e4hlen, ist das nicht sehr r\u00fccksichtsvoll?<\/p>\n<p>Unterschiedliche H\u00f6hen bringen unterschiedliche Rauchgeschm\u00e4cker mit sich. Ich kann es kaum erwarten, sie alle auszuprobieren, um diejenige zu finden, die am besten zu mir passt. Wenn Sie auch von Wasserpfeifen mit verschiedenen Geschmacksrichtungen fasziniert sind, sollten Sie sich diese nicht entgehen lassen <strong>h\u00f6henverstellbare Wasserpfeifen-Sets aus Kunststoff<\/strong>! Suchen Sie sich eine aus und probieren Sie sie aus, Sie werden s\u00fcchtig sein!<\/p>\n<p>Er hat einen gro\u00dfartigen eingebauten Filter, der den Rauch reinigt und die sanftesten, seidigsten Z\u00fcge \u00fcberhaupt liefert. Au\u00dferdem kommt er mit einem abnehmbaren, waschbaren Schlauch und einem flexiblen Silikonschlauch, der sich perfekt an Deinen Mund anpasst.<\/p>\n<p>Diese <strong>Wasserpfeifen-Set aus Plastik<\/strong> ist sofort nach dem Auspacken einsatzbereit und enth\u00e4lt alles, was Sie brauchen, wie z. B. den Stiel, den Schlauch, das Mundst\u00fcck usw., damit Sie im Handumdrehen mit dem Paffen beginnen k\u00f6nnen. Auch unser Kundenservice ist sehr freundlich und hilfsbereit. Wenn Sie jemals irgendwelche Probleme haben, wenden Sie sich einfach an uns und wir werden uns darum k\u00fcmmern!<\/p>\n<div class=\"product-specs-list-container\">\n<ul class=\"product-specs-list util-clearfix\">\n<li class=\"product-prop line-limit-length\"><span class=\"property-title\">Herkunft:\u00a0<\/span><span class=\"property-desc line-limit-length\">Festland China<\/span><\/li>\n<li class=\"product-prop line-limit-length\"><span class=\"property-title\">Durchmesser:\u00a0<\/span><span class=\"property-desc line-limit-length\">14,5cm\/18cm\/21,5cm<\/span><\/li>\n<li class=\"product-prop line-limit-length\"><span class=\"property-title\">H\u00f6he:\u00a0<\/span><span class=\"property-desc line-limit-length\">66cm\/53cm\/44cm<\/span><\/li>\n<li class=\"product-prop line-limit-length\"><span class=\"property-title\">Farbe:\u00a0<\/span><span class=\"property-desc line-limit-length\">Rot, Schwarz, Farbig<\/span><\/li>\n<\/ul>\n<\/div>\n<div class=\"detailmodule_image\"><img decoding=\"async\" class=\"detail-desc-decorate-image\" src=\"https:\/\/ae01.alicdn.com\/kf\/S595edf8f4dc0415cb647d0197d56a505t.jpg\" \/><img decoding=\"async\" class=\"detail-desc-decorate-image\" style=\"margin-bottom: 10px;\" src=\"https:\/\/ae01.alicdn.com\/kf\/S80493cdf03ff4a29b2be9e5561532791P.jpg\" \/><img decoding=\"async\" class=\"detail-desc-decorate-image\" style=\"margin-bottom: 10px;\" src=\"https:\/\/ae01.alicdn.com\/kf\/Sab034e9b5d8a47a295d35e8b7cdde0ddx.jpg\" \/><img decoding=\"async\" class=\"detail-desc-decorate-image\" src=\"https:\/\/ae01.alicdn.com\/kf\/S9050f1323cbf4ee7b253002020fe92b9z.jpg\" \/><img decoding=\"async\" class=\"detail-desc-decorate-image\" src=\"https:\/\/ae01.alicdn.com\/kf\/S5363290d1c8844c0b07694564df94d67L.jpg\" \/><img decoding=\"async\" class=\"detail-desc-decorate-image\" src=\"https:\/\/ae01.alicdn.com\/kf\/S835e8f4e24b04a7f9680959b543eeef4T.jpg\" \/><img decoding=\"async\" class=\"detail-desc-decorate-image\" src=\"https:\/\/ae01.alicdn.com\/kf\/S4bb3584d94c94b43ad444a006a01d7a4b.jpg\" \/><\/div>\n<p>&nbsp;<\/p>","protected":false},"excerpt":{"rendered":"<p>Dieses Plastik-Shisha-Set ist in verschiedenen Gr\u00f6\u00dfen erh\u00e4ltlich, darunter 66cm, 65cm, 64cm, 60cm, 53cm und 44cm. Sie<\/p>","protected":false},"featured_media":20507,"comment_status":"closed","ping_status":"closed","template":"","meta":{"iawp_total_views":1,"_joinchat":[]},"product_brand":[],"product_cat":[119],"product_tag":[],"class_list":{"0":"post-20506","1":"product","2":"type-product","3":"status-publish","4":"has-post-thumbnail","6":"product_cat-wholesale-hookah","8":"first","9":"instock","10":"shipping-taxable","11":"purchasable","12":"product-type-variable"},"yoast_head":"<!-- This site is optimized with the Yoast SEO Premium plugin v24.7 (Yoast SEO v26.8) - https:\/\/yoast.com\/product\/yoast-seo-premium-wordpress\/ -->\n<title>66cm 65cm 64cm 60cm 53cm 44cm Plastic Shisha Set Wholesale - Global Hookah<\/title>\n<meta name=\"robots\" content=\"index, follow, max-snippet:-1, max-image-preview:large, max-video-preview:-1\" \/>\n<link rel=\"canonical\" href=\"https:\/\/global-hookah.com\/de\/produkt\/66cm-65cm-64cm-60cm-53cm-44cm-plastic-shisha-set-wholesale\/\" \/>\n<meta property=\"og:locale\" content=\"de_DE\" \/>\n<meta property=\"og:type\" content=\"article\" \/>\n<meta property=\"og:title\" content=\"66cm 65cm 64cm 60cm 53cm 44cm Plastic Shisha Set Wholesale\" \/>\n<meta property=\"og:description\" content=\"This Plastic Shisha Set is available in a variety of sizes, including 66cm, 65cm, 64cm, 60cm, 53cm, and 44cm. You\" \/>\n<meta property=\"og:url\" content=\"https:\/\/global-hookah.com\/de\/produkt\/66cm-65cm-64cm-60cm-53cm-44cm-plastic-shisha-set-wholesale\/\" \/>\n<meta property=\"og:site_name\" content=\"Global Hookah\" \/>\n<meta property=\"article:modified_time\" content=\"2024-04-07T01:49:28+00:00\" \/>\n<meta property=\"og:image\" content=\"https:\/\/global-hookah.com\/wp-content\/uploads\/2024\/04\/LOMINT-Small-Medium-Large-Hookah-Plastic-Shisha-Full-Complete-Set-Height-66cm-65cm-64cm-60cm-53cm.webp\" \/>\n\t<meta property=\"og:image:width\" content=\"1000\" \/>\n\t<meta property=\"og:image:height\" content=\"1000\" \/>\n\t<meta property=\"og:image:type\" content=\"image\/webp\" \/>\n<meta name=\"twitter:card\" content=\"summary_large_image\" \/>\n<meta name=\"twitter:label1\" content=\"Gesch\u00e4tzte Lesezeit\" \/>\n\t<meta name=\"twitter:data1\" content=\"3\u00a0Minuten\" \/>\n<script type=\"application\/ld+json\" class=\"yoast-schema-graph\">{\"@context\":\"https:\/\/schema.org\",\"@graph\":[{\"@type\":\"WebPage\",\"@id\":\"https:\/\/global-hookah.com\/product\/66cm-65cm-64cm-60cm-53cm-44cm-plastic-shisha-set-wholesale\/\",\"url\":\"https:\/\/global-hookah.com\/product\/66cm-65cm-64cm-60cm-53cm-44cm-plastic-shisha-set-wholesale\/\",\"name\":\"66cm 65cm 64cm 60cm 53cm 44cm Plastic Shisha Set Wholesale - Global Hookah\",\"isPartOf\":{\"@id\":\"https:\/\/global-hookah.com\/#website\"},\"primaryImageOfPage\":{\"@id\":\"https:\/\/global-hookah.com\/product\/66cm-65cm-64cm-60cm-53cm-44cm-plastic-shisha-set-wholesale\/#primaryimage\"},\"image\":{\"@id\":\"https:\/\/global-hookah.com\/product\/66cm-65cm-64cm-60cm-53cm-44cm-plastic-shisha-set-wholesale\/#primaryimage\"},\"thumbnailUrl\":\"https:\/\/global-hookah.com\/wp-content\/uploads\/2024\/04\/LOMINT-Small-Medium-Large-Hookah-Plastic-Shisha-Full-Complete-Set-Height-66cm-65cm-64cm-60cm-53cm.webp\",\"datePublished\":\"2024-04-06T13:17:04+00:00\",\"dateModified\":\"2024-04-07T01:49:28+00:00\",\"breadcrumb\":{\"@id\":\"https:\/\/global-hookah.com\/product\/66cm-65cm-64cm-60cm-53cm-44cm-plastic-shisha-set-wholesale\/#breadcrumb\"},\"inLanguage\":\"de\",\"potentialAction\":[{\"@type\":\"ReadAction\",\"target\":[\"https:\/\/global-hookah.com\/product\/66cm-65cm-64cm-60cm-53cm-44cm-plastic-shisha-set-wholesale\/\"]}]},{\"@type\":\"ImageObject\",\"inLanguage\":\"de\",\"@id\":\"https:\/\/global-hookah.com\/product\/66cm-65cm-64cm-60cm-53cm-44cm-plastic-shisha-set-wholesale\/#primaryimage\",\"url\":\"https:\/\/global-hookah.com\/wp-content\/uploads\/2024\/04\/LOMINT-Small-Medium-Large-Hookah-Plastic-Shisha-Full-Complete-Set-Height-66cm-65cm-64cm-60cm-53cm.webp\",\"contentUrl\":\"https:\/\/global-hookah.com\/wp-content\/uploads\/2024\/04\/LOMINT-Small-Medium-Large-Hookah-Plastic-Shisha-Full-Complete-Set-Height-66cm-65cm-64cm-60cm-53cm.webp\",\"width\":1000,\"height\":1000,\"caption\":\"Plastic Shisha Set Wholesale\"},{\"@type\":\"BreadcrumbList\",\"@id\":\"https:\/\/global-hookah.com\/product\/66cm-65cm-64cm-60cm-53cm-44cm-plastic-shisha-set-wholesale\/#breadcrumb\",\"itemListElement\":[{\"@type\":\"ListItem\",\"position\":1,\"name\":\"Home\",\"item\":\"https:\/\/global-hookah.com\/\"},{\"@type\":\"ListItem\",\"position\":2,\"name\":\"Shop\",\"item\":\"https:\/\/global-hookah.com\/shop\/\"},{\"@type\":\"ListItem\",\"position\":3,\"name\":\"66cm 65cm 64cm 60cm 53cm 44cm Plastic Shisha Set Wholesale\"}]},{\"@type\":\"WebSite\",\"@id\":\"https:\/\/global-hookah.com\/#website\",\"url\":\"https:\/\/global-hookah.com\/\",\"name\":\"Global Hookah\",\"description\":\"Global Hookah\",\"publisher\":{\"@id\":\"https:\/\/global-hookah.com\/#organization\"},\"potentialAction\":[{\"@type\":\"SearchAction\",\"target\":{\"@type\":\"EntryPoint\",\"urlTemplate\":\"https:\/\/global-hookah.com\/?s={search_term_string}\"},\"query-input\":{\"@type\":\"PropertyValueSpecification\",\"valueRequired\":true,\"valueName\":\"search_term_string\"}}],\"inLanguage\":\"de\"},{\"@type\":\"Organization\",\"@id\":\"https:\/\/global-hookah.com\/#organization\",\"name\":\"Global Hookah\",\"url\":\"https:\/\/global-hookah.com\/\",\"logo\":{\"@type\":\"ImageObject\",\"inLanguage\":\"de\",\"@id\":\"https:\/\/global-hookah.com\/#\/schema\/logo\/image\/\",\"url\":\"https:\/\/global-hookah.com\/wp-content\/uploads\/2021\/10\/cropped-fgg.png\",\"contentUrl\":\"https:\/\/global-hookah.com\/wp-content\/uploads\/2021\/10\/cropped-fgg.png\",\"width\":512,\"height\":512,\"caption\":\"Global Hookah\"},\"image\":{\"@id\":\"https:\/\/global-hookah.com\/#\/schema\/logo\/image\/\"}}]}<\/script>\n<!-- \/ Yoast SEO Premium plugin. -->","yoast_head_json":{"title":"66cm 65cm 64cm 60cm 53cm 44cm Plastik Shisha Set Gro\u00dfhandel - Global Hookah","robots":{"index":"index","follow":"follow","max-snippet":"max-snippet:-1","max-image-preview":"max-image-preview:large","max-video-preview":"max-video-preview:-1"},"canonical":"https:\/\/global-hookah.com\/de\/produkt\/66cm-65cm-64cm-60cm-53cm-44cm-plastic-shisha-set-wholesale\/","og_locale":"de_DE","og_type":"article","og_title":"66cm 65cm 64cm 60cm 53cm 44cm Plastic Shisha Set Wholesale","og_description":"This Plastic Shisha Set is available in a variety of sizes, including 66cm, 65cm, 64cm, 60cm, 53cm, and 44cm. You","og_url":"https:\/\/global-hookah.com\/de\/produkt\/66cm-65cm-64cm-60cm-53cm-44cm-plastic-shisha-set-wholesale\/","og_site_name":"Global Hookah","article_modified_time":"2024-04-07T01:49:28+00:00","og_image":[{"width":1000,"height":1000,"url":"https:\/\/global-hookah.com\/wp-content\/uploads\/2024\/04\/LOMINT-Small-Medium-Large-Hookah-Plastic-Shisha-Full-Complete-Set-Height-66cm-65cm-64cm-60cm-53cm.webp","type":"image\/webp"}],"twitter_card":"summary_large_image","twitter_misc":{"Gesch\u00e4tzte Lesezeit":"3\u00a0Minuten"},"schema":{"@context":"https:\/\/schema.org","@graph":[{"@type":"WebPage","@id":"https:\/\/global-hookah.com\/product\/66cm-65cm-64cm-60cm-53cm-44cm-plastic-shisha-set-wholesale\/","url":"https:\/\/global-hookah.com\/product\/66cm-65cm-64cm-60cm-53cm-44cm-plastic-shisha-set-wholesale\/","name":"66cm 65cm 64cm 60cm 53cm 44cm Plastik Shisha Set Gro\u00dfhandel - Global Hookah","isPartOf":{"@id":"https:\/\/global-hookah.com\/#website"},"primaryImageOfPage":{"@id":"https:\/\/global-hookah.com\/product\/66cm-65cm-64cm-60cm-53cm-44cm-plastic-shisha-set-wholesale\/#primaryimage"},"image":{"@id":"https:\/\/global-hookah.com\/product\/66cm-65cm-64cm-60cm-53cm-44cm-plastic-shisha-set-wholesale\/#primaryimage"},"thumbnailUrl":"https:\/\/global-hookah.com\/wp-content\/uploads\/2024\/04\/LOMINT-Small-Medium-Large-Hookah-Plastic-Shisha-Full-Complete-Set-Height-66cm-65cm-64cm-60cm-53cm.webp","datePublished":"2024-04-06T13:17:04+00:00","dateModified":"2024-04-07T01:49:28+00:00","breadcrumb":{"@id":"https:\/\/global-hookah.com\/product\/66cm-65cm-64cm-60cm-53cm-44cm-plastic-shisha-set-wholesale\/#breadcrumb"},"inLanguage":"de","potentialAction":[{"@type":"ReadAction","target":["https:\/\/global-hookah.com\/product\/66cm-65cm-64cm-60cm-53cm-44cm-plastic-shisha-set-wholesale\/"]}]},{"@type":"ImageObject","inLanguage":"de","@id":"https:\/\/global-hookah.com\/product\/66cm-65cm-64cm-60cm-53cm-44cm-plastic-shisha-set-wholesale\/#primaryimage","url":"https:\/\/global-hookah.com\/wp-content\/uploads\/2024\/04\/LOMINT-Small-Medium-Large-Hookah-Plastic-Shisha-Full-Complete-Set-Height-66cm-65cm-64cm-60cm-53cm.webp","contentUrl":"https:\/\/global-hookah.com\/wp-content\/uploads\/2024\/04\/LOMINT-Small-Medium-Large-Hookah-Plastic-Shisha-Full-Complete-Set-Height-66cm-65cm-64cm-60cm-53cm.webp","width":1000,"height":1000,"caption":"Plastic Shisha Set Wholesale"},{"@type":"BreadcrumbList","@id":"https:\/\/global-hookah.com\/product\/66cm-65cm-64cm-60cm-53cm-44cm-plastic-shisha-set-wholesale\/#breadcrumb","itemListElement":[{"@type":"ListItem","position":1,"name":"Home","item":"https:\/\/global-hookah.com\/"},{"@type":"ListItem","position":2,"name":"Shop","item":"https:\/\/global-hookah.com\/shop\/"},{"@type":"ListItem","position":3,"name":"66cm 65cm 64cm 60cm 53cm 44cm Plastic Shisha Set Wholesale"}]},{"@type":"WebSite","@id":"https:\/\/global-hookah.com\/#website","url":"https:\/\/global-hookah.com\/","name":"Globale Wasserpfeife","description":"Globale Wasserpfeife","publisher":{"@id":"https:\/\/global-hookah.com\/#organization"},"potentialAction":[{"@type":"SearchAction","target":{"@type":"EntryPoint","urlTemplate":"https:\/\/global-hookah.com\/?s={search_term_string}"},"query-input":{"@type":"PropertyValueSpecification","valueRequired":true,"valueName":"search_term_string"}}],"inLanguage":"de"},{"@type":"Organization","@id":"https:\/\/global-hookah.com\/#organization","name":"Globale Wasserpfeife","url":"https:\/\/global-hookah.com\/","logo":{"@type":"ImageObject","inLanguage":"de","@id":"https:\/\/global-hookah.com\/#\/schema\/logo\/image\/","url":"https:\/\/global-hookah.com\/wp-content\/uploads\/2021\/10\/cropped-fgg.png","contentUrl":"https:\/\/global-hookah.com\/wp-content\/uploads\/2021\/10\/cropped-fgg.png","width":512,"height":512,"caption":"Global Hookah"},"image":{"@id":"https:\/\/global-hookah.com\/#\/schema\/logo\/image\/"}}]}},"_links":{"self":[{"href":"https:\/\/global-hookah.com\/de\/wp-json\/wp\/v2\/product\/20506","targetHints":{"allow":["GET"]}}],"collection":[{"href":"https:\/\/global-hookah.com\/de\/wp-json\/wp\/v2\/product"}],"about":[{"href":"https:\/\/global-hookah.com\/de\/wp-json\/wp\/v2\/types\/product"}],"replies":[{"embeddable":true,"href":"https:\/\/global-hookah.com\/de\/wp-json\/wp\/v2\/comments?post=20506"}],"version-history":[{"count":0,"href":"https:\/\/global-hookah.com\/de\/wp-json\/wp\/v2\/product\/20506\/revisions"}],"wp:featuredmedia":[{"embeddable":true,"href":"https:\/\/global-hookah.com\/de\/wp-json\/wp\/v2\/media\/20507"}],"wp:attachment":[{"href":"https:\/\/global-hookah.com\/de\/wp-json\/wp\/v2\/media?parent=20506"}],"wp:term":[{"taxonomy":"product_brand","embeddable":true,"href":"https:\/\/global-hookah.com\/de\/wp-json\/wp\/v2\/product_brand?post=20506"},{"taxonomy":"product_cat","embeddable":true,"href":"https:\/\/global-hookah.com\/de\/wp-json\/wp\/v2\/product_cat?post=20506"},{"taxonomy":"product_tag","embeddable":true,"href":"https:\/\/global-hookah.com\/de\/wp-json\/wp\/v2\/product_tag?post=20506"}],"curies":[{"name":"wp","href":"https:\/\/api.w.org\/{rel}","templated":true}]}}