{"id":20523,"date":"2024-04-06T13:18:41","date_gmt":"2024-04-06T13:18:41","guid":{"rendered":"https:\/\/global-hookah.com\/product\/customizable-large-size-luxury-hookah\/"},"modified":"2024-04-11T08:09:15","modified_gmt":"2024-04-11T08:09:15","slug":"customizable-large-size-luxury-hookah","status":"publish","type":"product","link":"https:\/\/global-hookah.com\/de\/produkt\/customizable-large-size-luxury-hookah\/","title":{"rendered":"Anpassbare gro\u00dfe Luxus-Wasserpfeife"},"content":{"rendered":"<p>Hey Freund, hast du das gesehen? <strong>Gro\u00dfformatige Luxus-Wasserpfeife<\/strong>? Sie ist komplett aus 304er Edelstahl gefertigt, mit einem schlanken, stromlinienf\u00f6rmigen Aussehen und einer komplizierten Verarbeitung - sie ist buchst\u00e4blich ein Kunstwerk mit fabelhaftem Design! Ich bin sicher, dass sich jeder Shisha-Sammler, der sie sieht, sofort in sie verlieben wird.<\/p>\n<p>Der beste Teil ist, dass es bietet reichlich Anpassungsm\u00f6glichkeiten, k\u00f6nnen Sie Ihre Wasserpfeife anpassen, um alle Ihre Wasserpfeife Phantasien zu erf\u00fcllen! Sie k\u00f6nnen verschiedene farbige w\u00e4hlen <strong>Luxus-Wasserpfeifenschl\u00e4uche<\/strong>, flippige LED-Lichteffekte und Schalen in allen Formen und Farben. Wir bieten sogar Gravurdienste an, um Ihre<br \/>\n<strong>gro\u00dfes Wasserpfeifen-Set<\/strong> Einzigartig<\/p>\n<p>Die Zwei-R\u00f6hren <a href=\"https:\/\/global-hookah.com\/product\/bent-handmade-apple-design-smoking-pipes\/\">Design kann uns helfen, die Rauchmenge zu kontrollieren<\/a> und das eingebaute Isoliermaterial h\u00e4lt die ideale Temperatur aufrecht. Ein hochwertiges Filtersystem reinigt die Abgase. Mit diesem anpassbaren <strong>Luxus-Wasserpfeife<\/strong>k\u00f6nnen Sie verschiedene Geschmackskombinationen ausprobieren.<\/p>\n<p>Das supercoole Vasen-Design macht Sie definitiv zum Mittelpunkt der Party! Die eingebaute <a href=\"https:\/\/global-hookah.com\/product\/acrylic-hookah-with-led-light-shisha-wholesale\/\">LED-Licht<\/a> Der Streifen schafft eine vertr\u00e4umte Atmosph\u00e4re f\u00fcr die Szene, das ist ein tolles Gef\u00fchl! <strong>Das Beste von allem Luxus <\/strong><a href=\"https:\/\/global-hookah.com\/product\/wholesale-hookah-shisha-pipe-with-smoking-accessories\/\">Wasserpfeifen enthalten s\u00e4mtliches Shisha-Zubeh\u00f6r<\/a>! Es gibt auch professionelle Reinigungsger\u00e4te, mit denen Sie weniger Geld ausgeben k\u00f6nnen!<\/p>\n<div class=\"detailmodule_html\">\n<div class=\"detail-desc-decorate-richtext\">\n<div id=\"detail_decorate_root\" data-magic-global=\"%7B%22bizId%22%3A2211188712252%2C%22pageId%22%3A21260386545%2C%22siteId%22%3A10002339483%7D\">\n<div id=\"34391105148\"><\/div>\n<div>\n<div>\n<table class=\"all magic-0\">\n<tbody>\n<tr>\n<td colspan=\"1\" rowspan=\"1\">\n<div><i><b>Farbe<\/b><\/i><\/div>\n<\/td>\n<td colspan=\"1\" rowspan=\"1\">\n<div><i><b>Holz<\/b><\/i><\/div>\n<\/td>\n<\/tr>\n<tr>\n<td colspan=\"1\" rowspan=\"1\">\n<div><i><b>Material<\/b><\/i><\/div>\n<\/td>\n<td colspan=\"1\" rowspan=\"1\">\n<div><i><b>Edelstahl &amp; Holz &amp;Glas<\/b><\/i><\/div>\n<\/td>\n<\/tr>\n<tr>\n<td colspan=\"1\" rowspan=\"1\">\n<div><i><b>Logo<\/b><\/i><\/div>\n<\/td>\n<td colspan=\"1\" rowspan=\"1\">\n<div><i><b>Anpassungen akzeptieren<\/b><\/i><\/div>\n<\/td>\n<\/tr>\n<tr>\n<td colspan=\"1\" rowspan=\"1\">\n<div><i><b>OEM\/ODM<\/b><\/i><\/div>\n<\/td>\n<td colspan=\"1\" rowspan=\"1\">\n<div><i><b>Anpassungen akzeptieren<\/b><\/i><\/div>\n<\/td>\n<\/tr>\n<tr>\n<td colspan=\"1\" rowspan=\"1\">\n<div><i><b>Muster<\/b><\/i><\/div>\n<\/td>\n<td colspan=\"1\" rowspan=\"1\">\n<div><i><b>Kostenlos, aber frachtpflichtig<\/b><\/i><\/div>\n<\/td>\n<\/tr>\n<tr>\n<td colspan=\"1\" rowspan=\"1\">\n<div><i><b>Expresszeit<\/b><\/i><\/div>\n<\/td>\n<td colspan=\"1\" rowspan=\"1\">\n<div><i><b>Innerhalb von 15 Tagen<\/b><\/i><\/div>\n<\/td>\n<\/tr>\n<\/tbody>\n<\/table>\n<\/div>\n<\/div>\n<div>\n<div data-magic=\"{&quot;mds&quot;:{&quot;assetsVersion&quot;:&quot;0.0.14&quot;,&quot;assetsPackageName&quot;:&quot;icbumod&quot;,&quot;moduleNameAlias&quot;:&quot;icbu-pc-detailSellerRecommend&quot;,&quot;moduleData&quot;:{&quot;config&quot;:{&quot;columnCount&quot;:3,&quot;titleKey&quot;:6,&quot;products&quot;:[1600846316370,1600845177974,1600498124153,1600555906100,1600498040594,1600498058501,1600709817553,1600664782140,1600664629890,1600664792183,1600661250682,1600555739103]}}},&quot;version&quot;:1}\"><\/div>\n<\/div>\n<div>\n<div><img decoding=\"async\" src=\"https:\/\/ae03.alicdn.com\/kf\/Safbc06bb86864d2383afb6b82efa24a0X.jpg\" \/><img decoding=\"async\" src=\"https:\/\/ae03.alicdn.com\/kf\/S6d40b156843845e3842fd3bdbe1b94337.jpg\" \/><img decoding=\"async\" src=\"https:\/\/ae03.alicdn.com\/kf\/Sac44ce9c6f8c405e8d040c8f828ccc1cK.jpg\" \/><img decoding=\"async\" src=\"https:\/\/ae03.alicdn.com\/kf\/Sce06ba8e4bc6431eac71a9e42d96e80fC.jpg\" \/><img decoding=\"async\" src=\"https:\/\/ae03.alicdn.com\/kf\/S8fac58d67e294a4da9c1f22e7e17c190J.jpg\" \/><img decoding=\"async\" src=\"https:\/\/ae03.alicdn.com\/kf\/Sa4ae3e234cd44cab9126c088e583496ac.jpg\" \/><\/div>\n<div><\/div>\n<div><\/div>\n<div><img decoding=\"async\" src=\"https:\/\/ae01.alicdn.com\/kf\/S9ee7cb65a42840ebac32bb21d0672a8bB.jpg?width=1416&amp;height=1794&amp;hash=3210\" \/><\/div>\n<\/div>\n<\/div>\n<\/div>\n<\/div>","protected":false},"excerpt":{"rendered":"<p>Hey Freund, hast du diese Large Size Luxury Hookah gesehen? Es ist komplett aus 304 Edelstahl gefertigt, mit einem schlanken,<\/p>","protected":false},"featured_media":20524,"comment_status":"closed","ping_status":"closed","template":"","meta":{"iawp_total_views":13,"_joinchat":[]},"product_brand":[],"product_cat":[560],"product_tag":[],"class_list":{"0":"post-20523","1":"product","2":"type-product","3":"status-publish","4":"has-post-thumbnail","6":"product_cat-glass-hookah-wholesale","8":"first","9":"instock","10":"shipping-taxable","11":"purchasable","12":"product-type-variable"},"yoast_head":"<!-- This site is optimized with the Yoast SEO Premium plugin v24.7 (Yoast SEO v26.8) - https:\/\/yoast.com\/product\/yoast-seo-premium-wordpress\/ -->\n<title>Customizable Large Size Luxury Hookah - Global Hookah<\/title>\n<meta name=\"robots\" content=\"index, follow, max-snippet:-1, max-image-preview:large, max-video-preview:-1\" \/>\n<link rel=\"canonical\" href=\"https:\/\/global-hookah.com\/de\/produkt\/customizable-large-size-luxury-hookah\/\" \/>\n<meta property=\"og:locale\" content=\"de_DE\" \/>\n<meta property=\"og:type\" content=\"article\" \/>\n<meta property=\"og:title\" content=\"Customizable Large Size Luxury Hookah\" \/>\n<meta property=\"og:description\" content=\"Hey friend, have you seen this Large Size Luxury Hookah? It&#8217;s entirely crafted from 304 stainless steel, with a sleek,\" \/>\n<meta property=\"og:url\" content=\"https:\/\/global-hookah.com\/de\/produkt\/customizable-large-size-luxury-hookah\/\" \/>\n<meta property=\"og:site_name\" content=\"Global Hookah\" \/>\n<meta property=\"article:modified_time\" content=\"2024-04-11T08:09:15+00:00\" \/>\n<meta property=\"og:image\" content=\"https:\/\/global-hookah.com\/wp-content\/uploads\/2024\/04\/customizable-Large-Size-Hookah-Lavish-leather-Gift-Box-Packaging-Stainless-steel-Glass-Single-Hose.webp\" \/>\n\t<meta property=\"og:image:width\" content=\"800\" \/>\n\t<meta property=\"og:image:height\" content=\"800\" \/>\n\t<meta property=\"og:image:type\" content=\"image\/webp\" \/>\n<meta name=\"twitter:card\" content=\"summary_large_image\" \/>\n<meta name=\"twitter:label1\" content=\"Gesch\u00e4tzte Lesezeit\" \/>\n\t<meta name=\"twitter:data1\" content=\"3\u00a0Minuten\" \/>\n<script type=\"application\/ld+json\" class=\"yoast-schema-graph\">{\"@context\":\"https:\/\/schema.org\",\"@graph\":[{\"@type\":\"WebPage\",\"@id\":\"https:\/\/global-hookah.com\/product\/customizable-large-size-luxury-hookah\/\",\"url\":\"https:\/\/global-hookah.com\/product\/customizable-large-size-luxury-hookah\/\",\"name\":\"Customizable Large Size Luxury Hookah - Global Hookah\",\"isPartOf\":{\"@id\":\"https:\/\/global-hookah.com\/#website\"},\"primaryImageOfPage\":{\"@id\":\"https:\/\/global-hookah.com\/product\/customizable-large-size-luxury-hookah\/#primaryimage\"},\"image\":{\"@id\":\"https:\/\/global-hookah.com\/product\/customizable-large-size-luxury-hookah\/#primaryimage\"},\"thumbnailUrl\":\"https:\/\/global-hookah.com\/wp-content\/uploads\/2024\/04\/customizable-Large-Size-Hookah-Lavish-leather-Gift-Box-Packaging-Stainless-steel-Glass-Single-Hose.webp\",\"datePublished\":\"2024-04-06T13:18:41+00:00\",\"dateModified\":\"2024-04-11T08:09:15+00:00\",\"breadcrumb\":{\"@id\":\"https:\/\/global-hookah.com\/product\/customizable-large-size-luxury-hookah\/#breadcrumb\"},\"inLanguage\":\"de\",\"potentialAction\":[{\"@type\":\"ReadAction\",\"target\":[\"https:\/\/global-hookah.com\/product\/customizable-large-size-luxury-hookah\/\"]}]},{\"@type\":\"ImageObject\",\"inLanguage\":\"de\",\"@id\":\"https:\/\/global-hookah.com\/product\/customizable-large-size-luxury-hookah\/#primaryimage\",\"url\":\"https:\/\/global-hookah.com\/wp-content\/uploads\/2024\/04\/customizable-Large-Size-Hookah-Lavish-leather-Gift-Box-Packaging-Stainless-steel-Glass-Single-Hose.webp\",\"contentUrl\":\"https:\/\/global-hookah.com\/wp-content\/uploads\/2024\/04\/customizable-Large-Size-Hookah-Lavish-leather-Gift-Box-Packaging-Stainless-steel-Glass-Single-Hose.webp\",\"width\":800,\"height\":800,\"caption\":\"Customizable Large Size Luxury Hookah\"},{\"@type\":\"BreadcrumbList\",\"@id\":\"https:\/\/global-hookah.com\/product\/customizable-large-size-luxury-hookah\/#breadcrumb\",\"itemListElement\":[{\"@type\":\"ListItem\",\"position\":1,\"name\":\"Home\",\"item\":\"https:\/\/global-hookah.com\/\"},{\"@type\":\"ListItem\",\"position\":2,\"name\":\"Shop\",\"item\":\"https:\/\/global-hookah.com\/shop\/\"},{\"@type\":\"ListItem\",\"position\":3,\"name\":\"Customizable Large Size Luxury Hookah\"}]},{\"@type\":\"WebSite\",\"@id\":\"https:\/\/global-hookah.com\/#website\",\"url\":\"https:\/\/global-hookah.com\/\",\"name\":\"Global Hookah\",\"description\":\"Global Hookah\",\"publisher\":{\"@id\":\"https:\/\/global-hookah.com\/#organization\"},\"potentialAction\":[{\"@type\":\"SearchAction\",\"target\":{\"@type\":\"EntryPoint\",\"urlTemplate\":\"https:\/\/global-hookah.com\/?s={search_term_string}\"},\"query-input\":{\"@type\":\"PropertyValueSpecification\",\"valueRequired\":true,\"valueName\":\"search_term_string\"}}],\"inLanguage\":\"de\"},{\"@type\":\"Organization\",\"@id\":\"https:\/\/global-hookah.com\/#organization\",\"name\":\"Global Hookah\",\"url\":\"https:\/\/global-hookah.com\/\",\"logo\":{\"@type\":\"ImageObject\",\"inLanguage\":\"de\",\"@id\":\"https:\/\/global-hookah.com\/#\/schema\/logo\/image\/\",\"url\":\"https:\/\/global-hookah.com\/wp-content\/uploads\/2021\/10\/cropped-fgg.png\",\"contentUrl\":\"https:\/\/global-hookah.com\/wp-content\/uploads\/2021\/10\/cropped-fgg.png\",\"width\":512,\"height\":512,\"caption\":\"Global Hookah\"},\"image\":{\"@id\":\"https:\/\/global-hookah.com\/#\/schema\/logo\/image\/\"}}]}<\/script>\n<!-- \/ Yoast SEO Premium plugin. -->","yoast_head_json":{"title":"Anpassbare Luxus-Wasserpfeife im Gro\u00dfformat - Global Hookah","robots":{"index":"index","follow":"follow","max-snippet":"max-snippet:-1","max-image-preview":"max-image-preview:large","max-video-preview":"max-video-preview:-1"},"canonical":"https:\/\/global-hookah.com\/de\/produkt\/customizable-large-size-luxury-hookah\/","og_locale":"de_DE","og_type":"article","og_title":"Customizable Large Size Luxury Hookah","og_description":"Hey friend, have you seen this Large Size Luxury Hookah? It&#8217;s entirely crafted from 304 stainless steel, with a sleek,","og_url":"https:\/\/global-hookah.com\/de\/produkt\/customizable-large-size-luxury-hookah\/","og_site_name":"Global Hookah","article_modified_time":"2024-04-11T08:09:15+00:00","og_image":[{"width":800,"height":800,"url":"https:\/\/global-hookah.com\/wp-content\/uploads\/2024\/04\/customizable-Large-Size-Hookah-Lavish-leather-Gift-Box-Packaging-Stainless-steel-Glass-Single-Hose.webp","type":"image\/webp"}],"twitter_card":"summary_large_image","twitter_misc":{"Gesch\u00e4tzte Lesezeit":"3\u00a0Minuten"},"schema":{"@context":"https:\/\/schema.org","@graph":[{"@type":"WebPage","@id":"https:\/\/global-hookah.com\/product\/customizable-large-size-luxury-hookah\/","url":"https:\/\/global-hookah.com\/product\/customizable-large-size-luxury-hookah\/","name":"Anpassbare Luxus-Wasserpfeife im Gro\u00dfformat - Global Hookah","isPartOf":{"@id":"https:\/\/global-hookah.com\/#website"},"primaryImageOfPage":{"@id":"https:\/\/global-hookah.com\/product\/customizable-large-size-luxury-hookah\/#primaryimage"},"image":{"@id":"https:\/\/global-hookah.com\/product\/customizable-large-size-luxury-hookah\/#primaryimage"},"thumbnailUrl":"https:\/\/global-hookah.com\/wp-content\/uploads\/2024\/04\/customizable-Large-Size-Hookah-Lavish-leather-Gift-Box-Packaging-Stainless-steel-Glass-Single-Hose.webp","datePublished":"2024-04-06T13:18:41+00:00","dateModified":"2024-04-11T08:09:15+00:00","breadcrumb":{"@id":"https:\/\/global-hookah.com\/product\/customizable-large-size-luxury-hookah\/#breadcrumb"},"inLanguage":"de","potentialAction":[{"@type":"ReadAction","target":["https:\/\/global-hookah.com\/product\/customizable-large-size-luxury-hookah\/"]}]},{"@type":"ImageObject","inLanguage":"de","@id":"https:\/\/global-hookah.com\/product\/customizable-large-size-luxury-hookah\/#primaryimage","url":"https:\/\/global-hookah.com\/wp-content\/uploads\/2024\/04\/customizable-Large-Size-Hookah-Lavish-leather-Gift-Box-Packaging-Stainless-steel-Glass-Single-Hose.webp","contentUrl":"https:\/\/global-hookah.com\/wp-content\/uploads\/2024\/04\/customizable-Large-Size-Hookah-Lavish-leather-Gift-Box-Packaging-Stainless-steel-Glass-Single-Hose.webp","width":800,"height":800,"caption":"Customizable Large Size Luxury Hookah"},{"@type":"BreadcrumbList","@id":"https:\/\/global-hookah.com\/product\/customizable-large-size-luxury-hookah\/#breadcrumb","itemListElement":[{"@type":"ListItem","position":1,"name":"Home","item":"https:\/\/global-hookah.com\/"},{"@type":"ListItem","position":2,"name":"Shop","item":"https:\/\/global-hookah.com\/shop\/"},{"@type":"ListItem","position":3,"name":"Customizable Large Size Luxury Hookah"}]},{"@type":"WebSite","@id":"https:\/\/global-hookah.com\/#website","url":"https:\/\/global-hookah.com\/","name":"Globale Wasserpfeife","description":"Globale Wasserpfeife","publisher":{"@id":"https:\/\/global-hookah.com\/#organization"},"potentialAction":[{"@type":"SearchAction","target":{"@type":"EntryPoint","urlTemplate":"https:\/\/global-hookah.com\/?s={search_term_string}"},"query-input":{"@type":"PropertyValueSpecification","valueRequired":true,"valueName":"search_term_string"}}],"inLanguage":"de"},{"@type":"Organization","@id":"https:\/\/global-hookah.com\/#organization","name":"Globale Wasserpfeife","url":"https:\/\/global-hookah.com\/","logo":{"@type":"ImageObject","inLanguage":"de","@id":"https:\/\/global-hookah.com\/#\/schema\/logo\/image\/","url":"https:\/\/global-hookah.com\/wp-content\/uploads\/2021\/10\/cropped-fgg.png","contentUrl":"https:\/\/global-hookah.com\/wp-content\/uploads\/2021\/10\/cropped-fgg.png","width":512,"height":512,"caption":"Global Hookah"},"image":{"@id":"https:\/\/global-hookah.com\/#\/schema\/logo\/image\/"}}]}},"_links":{"self":[{"href":"https:\/\/global-hookah.com\/de\/wp-json\/wp\/v2\/product\/20523","targetHints":{"allow":["GET"]}}],"collection":[{"href":"https:\/\/global-hookah.com\/de\/wp-json\/wp\/v2\/product"}],"about":[{"href":"https:\/\/global-hookah.com\/de\/wp-json\/wp\/v2\/types\/product"}],"replies":[{"embeddable":true,"href":"https:\/\/global-hookah.com\/de\/wp-json\/wp\/v2\/comments?post=20523"}],"version-history":[{"count":0,"href":"https:\/\/global-hookah.com\/de\/wp-json\/wp\/v2\/product\/20523\/revisions"}],"wp:featuredmedia":[{"embeddable":true,"href":"https:\/\/global-hookah.com\/de\/wp-json\/wp\/v2\/media\/20524"}],"wp:attachment":[{"href":"https:\/\/global-hookah.com\/de\/wp-json\/wp\/v2\/media?parent=20523"}],"wp:term":[{"taxonomy":"product_brand","embeddable":true,"href":"https:\/\/global-hookah.com\/de\/wp-json\/wp\/v2\/product_brand?post=20523"},{"taxonomy":"product_cat","embeddable":true,"href":"https:\/\/global-hookah.com\/de\/wp-json\/wp\/v2\/product_cat?post=20523"},{"taxonomy":"product_tag","embeddable":true,"href":"https:\/\/global-hookah.com\/de\/wp-json\/wp\/v2\/product_tag?post=20523"}],"curies":[{"name":"wp","href":"https:\/\/api.w.org\/{rel}","templated":true}]}}