{"id":20531,"date":"2024-04-06T13:19:36","date_gmt":"2024-04-06T13:19:36","guid":{"rendered":"https:\/\/global-hookah.com\/product\/stainless-steel-hookah-flash-bang-hookahs-wholesale\/"},"modified":"2024-04-07T01:29:07","modified_gmt":"2024-04-07T01:29:07","slug":"portable-stainless-steel-hookahs-wholesale","status":"publish","type":"product","link":"https:\/\/global-hookah.com\/de\/produkt\/portable-stainless-steel-hookahs-wholesale\/","title":{"rendered":"Tragbare Edelstahl-Hookahs Gro\u00dfhandel"},"content":{"rendered":"<p>Wasserpfeife im Freien zu rauchen, ist eine tolle Sache, stimmt's? Aber eine riesige Wasserpfeife mit sich herumzuschleppen <a href=\"https:\/\/global-hookah.com\/\">traditionelle Wasserpfeife<\/a>nicht so sehr. Diese <strong>tragbare Wasserpfeife aus Edelstahl<\/strong> wurde f\u00fcr maximale Tragbarkeit entwickelt, damit Sie \u00fcberall stilvoll paffen k\u00f6nnen.<\/p>\n<p>A<strong> hochwertige tragbare Wasserpfeife<\/strong> muss hervorragende Verarbeitung und hochwertige Materialien haben. Daher w\u00e4hlen wir die h\u00f6chste Qualit\u00e4t 304 Edelstahl, um die Wasserpfeife zu machen, um sicherzustellen, dass es langlebig und sicher ist. Hochwertige Metallschlauch bringt eine glatte Raucherlebnis. Die kompakte Gr\u00f6\u00dfe macht es einfach, in der Tasche Tasche setzen und rauchen, wann immer Sie wollen.<\/p>\n<p>Die Oberfl\u00e4che dieser<strong> Edelstahl Wasserpfeife f\u00fcr Reisen<\/strong> ist mit k\u00fchler und individueller schwarzer Spr\u00fchfarbe behandelt und verf\u00fcgt \u00fcber einen eingebauten Diffusor, der f\u00fcr ein sanfteres und runderes Raucherlebnis sorgt. <strong>tragbare Wasserpfeife aus Edelstahl<\/strong> ist au\u00dferdem mit einem hochwertigen, waschbaren Silikonschlauch ausgestattet, der flexibel und biegsam ist und es Ihnen erm\u00f6glicht, Ihre K\u00f6rperhaltung nach Belieben anzupassen.<\/p>\n<div class=\"detailmodule_html\">\n<div class=\"detail-desc-decorate-richtext\">\n<div id=\"detail_decorate_root\" data-magic-global=\"%7B%22bizId%22%3A2207308648147%2C%22pageId%22%3A21296573839%2C%22siteId%22%3A5006624300%7D\">\n<div class=\"J_module\">\n<div class=\"icbu-pc-detailManyImage magic-1\">\n<div class=\"magic-2\"><img decoding=\"async\" class=\"magic-3\" src=\"https:\/\/ae01.alicdn.com\/kf\/Sdb420e2f4cb54985a49f9fa209b5bcb5P.jpg?width=750&amp;height=750&amp;hash=1500\" \/><\/div>\n<div class=\"magic-2\"><img decoding=\"async\" class=\"magic-3\" src=\"https:\/\/ae01.alicdn.com\/kf\/Sf90a058923b1429fa5f7940e342bd82d0.jpg?width=1080&amp;height=1080&amp;hash=2160\" \/><\/div>\n<div class=\"magic-2\"><img decoding=\"async\" class=\"magic-3\" src=\"https:\/\/ae01.alicdn.com\/kf\/S53b23e7e04fe48f5ac541f918b6b2801o.jpg?width=1080&amp;height=1080&amp;hash=2160\" \/><\/div>\n<div class=\"magic-4\"><img decoding=\"async\" class=\"magic-5\" src=\"https:\/\/ae01.alicdn.com\/kf\/S87c7454514ea4cf8bf7d9413e650f0bdA.jpg?width=1080&amp;height=1920&amp;hash=3000\" \/><\/div>\n<div class=\"magic-2\"><img decoding=\"async\" class=\"magic-3\" src=\"https:\/\/ae01.alicdn.com\/kf\/S510956b5a75c4772851aaa9fb0b001e1X.jpg?width=800&amp;height=800&amp;hash=1600\" \/><\/div>\n<div class=\"magic-4\"><img decoding=\"async\" class=\"magic-5\" src=\"https:\/\/ae01.alicdn.com\/kf\/S832eb2156af84fada87f6be1c8d8e300P.jpg?width=1080&amp;height=1920&amp;hash=3000\" \/><\/div>\n<\/div>\n<\/div>\n<div class=\"J_module\">\n<div id=\"ali-anchor-AliMagic-4b928q\" class=\"magic-0\" data-section=\"AliMagic-4b928q\" data-section-title=\"Specification\"><\/div>\n<\/div>\n<div class=\"J_module\">\n<div class=\"icbu-pc-images magic-13\">\n<div class=\"flex-layout-v\">\n<div class=\"flex-layout-h magic-13\">\n<div class=\"magic-16\"><img decoding=\"async\" class=\"magic-17\" src=\"https:\/\/ae01.alicdn.com\/kf\/S2083001d213c4dfc84dde4055ea37419m.jpg?width=1282&amp;height=1000&amp;hash=2282\" \/><\/div>\n<div class=\"magic-16\"><img decoding=\"async\" class=\"magic-18\" src=\"https:\/\/ae01.alicdn.com\/kf\/S78783e7e6c8a4c0cbb6794c9bd6fe9f8z.jpg?width=1440&amp;height=1080&amp;hash=2520\" \/><\/div>\n<\/div>\n<\/div>\n<\/div>\n<\/div>\n<\/div>\n<div><\/div>\n<\/div>\n<\/div>","protected":false},"excerpt":{"rendered":"<p>Shisha-Rauchen im Freien ist eine tolle Sache, stimmt's? Aber eine riesige traditionelle Wasserpfeife mit sich herumzuschleppen, nicht<\/p>","protected":false},"featured_media":20532,"comment_status":"closed","ping_status":"closed","template":"","meta":{"iawp_total_views":1,"_joinchat":[]},"product_brand":[],"product_cat":[119],"product_tag":[],"class_list":{"0":"post-20531","1":"product","2":"type-product","3":"status-publish","4":"has-post-thumbnail","6":"product_cat-wholesale-hookah","8":"first","9":"instock","10":"shipping-taxable","11":"purchasable","12":"product-type-variable"},"yoast_head":"<!-- This site is optimized with the Yoast SEO Premium plugin v24.7 (Yoast SEO v26.8) - https:\/\/yoast.com\/product\/yoast-seo-premium-wordpress\/ -->\n<title>Portable Stainless Steel Hookahs Wholesale - Global Hookah<\/title>\n<meta name=\"robots\" content=\"index, follow, max-snippet:-1, max-image-preview:large, max-video-preview:-1\" \/>\n<link rel=\"canonical\" href=\"https:\/\/global-hookah.com\/de\/it\/prodotto\/narghile-in-acciaio-inox-flash-bang-uncinetto-allingrosso\/\" \/>\n<meta property=\"og:locale\" content=\"de_DE\" \/>\n<meta property=\"og:type\" content=\"article\" \/>\n<meta property=\"og:title\" content=\"Portable Stainless Steel Hookahs Wholesale\" \/>\n<meta property=\"og:description\" content=\"Smoking hookah outdoors is a total vibe, am I right? But trying to lug around a giant traditional hookah, not\" \/>\n<meta property=\"og:url\" content=\"https:\/\/global-hookah.com\/de\/it\/prodotto\/narghile-in-acciaio-inox-flash-bang-uncinetto-allingrosso\/\" \/>\n<meta property=\"og:site_name\" content=\"Global Hookah\" \/>\n<meta property=\"article:modified_time\" content=\"2024-04-07T01:29:07+00:00\" \/>\n<meta property=\"og:image\" content=\"https:\/\/global-hookah.com\/wp-content\/uploads\/2024\/04\/Factory-directly-selling-Stainless-Steel-Hookah-flash-bang-hookahs-amotion-nargile-modern-hookah-shisha.webp\" \/>\n\t<meta property=\"og:image:width\" content=\"750\" \/>\n\t<meta property=\"og:image:height\" content=\"750\" \/>\n\t<meta property=\"og:image:type\" content=\"image\/webp\" \/>\n<meta name=\"twitter:card\" content=\"summary_large_image\" \/>\n<meta name=\"twitter:label1\" content=\"Gesch\u00e4tzte Lesezeit\" \/>\n\t<meta name=\"twitter:data1\" content=\"3\u00a0Minuten\" \/>\n<script type=\"application\/ld+json\" class=\"yoast-schema-graph\">{\"@context\":\"https:\/\/schema.org\",\"@graph\":[{\"@type\":\"WebPage\",\"@id\":\"https:\/\/global-hookah.com\/it\/prodotto\/narghile-in-acciaio-inox-flash-bang-uncinetto-allingrosso\/\",\"url\":\"https:\/\/global-hookah.com\/it\/prodotto\/narghile-in-acciaio-inox-flash-bang-uncinetto-allingrosso\/\",\"name\":\"Portable Stainless Steel Hookahs Wholesale - Global Hookah\",\"isPartOf\":{\"@id\":\"https:\/\/global-hookah.com\/#website\"},\"primaryImageOfPage\":{\"@id\":\"https:\/\/global-hookah.com\/it\/prodotto\/narghile-in-acciaio-inox-flash-bang-uncinetto-allingrosso\/#primaryimage\"},\"image\":{\"@id\":\"https:\/\/global-hookah.com\/it\/prodotto\/narghile-in-acciaio-inox-flash-bang-uncinetto-allingrosso\/#primaryimage\"},\"thumbnailUrl\":\"https:\/\/global-hookah.com\/wp-content\/uploads\/2024\/04\/Factory-directly-selling-Stainless-Steel-Hookah-flash-bang-hookahs-amotion-nargile-modern-hookah-shisha.webp\",\"datePublished\":\"2024-04-06T13:19:36+00:00\",\"dateModified\":\"2024-04-07T01:29:07+00:00\",\"breadcrumb\":{\"@id\":\"https:\/\/global-hookah.com\/it\/prodotto\/narghile-in-acciaio-inox-flash-bang-uncinetto-allingrosso\/#breadcrumb\"},\"inLanguage\":\"de\",\"potentialAction\":[{\"@type\":\"ReadAction\",\"target\":[\"https:\/\/global-hookah.com\/it\/prodotto\/narghile-in-acciaio-inox-flash-bang-uncinetto-allingrosso\/\"]}]},{\"@type\":\"ImageObject\",\"inLanguage\":\"de\",\"@id\":\"https:\/\/global-hookah.com\/it\/prodotto\/narghile-in-acciaio-inox-flash-bang-uncinetto-allingrosso\/#primaryimage\",\"url\":\"https:\/\/global-hookah.com\/wp-content\/uploads\/2024\/04\/Factory-directly-selling-Stainless-Steel-Hookah-flash-bang-hookahs-amotion-nargile-modern-hookah-shisha.webp\",\"contentUrl\":\"https:\/\/global-hookah.com\/wp-content\/uploads\/2024\/04\/Factory-directly-selling-Stainless-Steel-Hookah-flash-bang-hookahs-amotion-nargile-modern-hookah-shisha.webp\",\"width\":750,\"height\":750,\"caption\":\"portable stainless steel hookahs\"},{\"@type\":\"BreadcrumbList\",\"@id\":\"https:\/\/global-hookah.com\/it\/prodotto\/narghile-in-acciaio-inox-flash-bang-uncinetto-allingrosso\/#breadcrumb\",\"itemListElement\":[{\"@type\":\"ListItem\",\"position\":1,\"name\":\"Home\",\"item\":\"https:\/\/global-hookah.com\/\"},{\"@type\":\"ListItem\",\"position\":2,\"name\":\"Shop\",\"item\":\"https:\/\/global-hookah.com\/shop\/\"},{\"@type\":\"ListItem\",\"position\":3,\"name\":\"Portable Stainless Steel Hookahs Wholesale\"}]},{\"@type\":\"WebSite\",\"@id\":\"https:\/\/global-hookah.com\/#website\",\"url\":\"https:\/\/global-hookah.com\/\",\"name\":\"Global Hookah\",\"description\":\"Global Hookah\",\"publisher\":{\"@id\":\"https:\/\/global-hookah.com\/#organization\"},\"potentialAction\":[{\"@type\":\"SearchAction\",\"target\":{\"@type\":\"EntryPoint\",\"urlTemplate\":\"https:\/\/global-hookah.com\/?s={search_term_string}\"},\"query-input\":{\"@type\":\"PropertyValueSpecification\",\"valueRequired\":true,\"valueName\":\"search_term_string\"}}],\"inLanguage\":\"de\"},{\"@type\":\"Organization\",\"@id\":\"https:\/\/global-hookah.com\/#organization\",\"name\":\"Global Hookah\",\"url\":\"https:\/\/global-hookah.com\/\",\"logo\":{\"@type\":\"ImageObject\",\"inLanguage\":\"de\",\"@id\":\"https:\/\/global-hookah.com\/#\/schema\/logo\/image\/\",\"url\":\"https:\/\/global-hookah.com\/wp-content\/uploads\/2021\/10\/cropped-fgg.png\",\"contentUrl\":\"https:\/\/global-hookah.com\/wp-content\/uploads\/2021\/10\/cropped-fgg.png\",\"width\":512,\"height\":512,\"caption\":\"Global Hookah\"},\"image\":{\"@id\":\"https:\/\/global-hookah.com\/#\/schema\/logo\/image\/\"}}]}<\/script>\n<!-- \/ Yoast SEO Premium plugin. -->","yoast_head_json":{"title":"Tragbare Edelstahl Hookahs Gro\u00dfhandel - Global Hookah","robots":{"index":"index","follow":"follow","max-snippet":"max-snippet:-1","max-image-preview":"max-image-preview:large","max-video-preview":"max-video-preview:-1"},"canonical":"https:\/\/global-hookah.com\/de\/it\/prodotto\/narghile-in-acciaio-inox-flash-bang-uncinetto-allingrosso\/","og_locale":"de_DE","og_type":"article","og_title":"Portable Stainless Steel Hookahs Wholesale","og_description":"Smoking hookah outdoors is a total vibe, am I right? But trying to lug around a giant traditional hookah, not","og_url":"https:\/\/global-hookah.com\/de\/it\/prodotto\/narghile-in-acciaio-inox-flash-bang-uncinetto-allingrosso\/","og_site_name":"Global Hookah","article_modified_time":"2024-04-07T01:29:07+00:00","og_image":[{"width":750,"height":750,"url":"https:\/\/global-hookah.com\/wp-content\/uploads\/2024\/04\/Factory-directly-selling-Stainless-Steel-Hookah-flash-bang-hookahs-amotion-nargile-modern-hookah-shisha.webp","type":"image\/webp"}],"twitter_card":"summary_large_image","twitter_misc":{"Gesch\u00e4tzte Lesezeit":"3\u00a0Minuten"},"schema":{"@context":"https:\/\/schema.org","@graph":[{"@type":"WebPage","@id":"https:\/\/global-hookah.com\/it\/prodotto\/narghile-in-acciaio-inox-flash-bang-uncinetto-allingrosso\/","url":"https:\/\/global-hookah.com\/it\/prodotto\/narghile-in-acciaio-inox-flash-bang-uncinetto-allingrosso\/","name":"Tragbare Edelstahl Hookahs Gro\u00dfhandel - Global Hookah","isPartOf":{"@id":"https:\/\/global-hookah.com\/#website"},"primaryImageOfPage":{"@id":"https:\/\/global-hookah.com\/it\/prodotto\/narghile-in-acciaio-inox-flash-bang-uncinetto-allingrosso\/#primaryimage"},"image":{"@id":"https:\/\/global-hookah.com\/it\/prodotto\/narghile-in-acciaio-inox-flash-bang-uncinetto-allingrosso\/#primaryimage"},"thumbnailUrl":"https:\/\/global-hookah.com\/wp-content\/uploads\/2024\/04\/Factory-directly-selling-Stainless-Steel-Hookah-flash-bang-hookahs-amotion-nargile-modern-hookah-shisha.webp","datePublished":"2024-04-06T13:19:36+00:00","dateModified":"2024-04-07T01:29:07+00:00","breadcrumb":{"@id":"https:\/\/global-hookah.com\/it\/prodotto\/narghile-in-acciaio-inox-flash-bang-uncinetto-allingrosso\/#breadcrumb"},"inLanguage":"de","potentialAction":[{"@type":"ReadAction","target":["https:\/\/global-hookah.com\/it\/prodotto\/narghile-in-acciaio-inox-flash-bang-uncinetto-allingrosso\/"]}]},{"@type":"ImageObject","inLanguage":"de","@id":"https:\/\/global-hookah.com\/it\/prodotto\/narghile-in-acciaio-inox-flash-bang-uncinetto-allingrosso\/#primaryimage","url":"https:\/\/global-hookah.com\/wp-content\/uploads\/2024\/04\/Factory-directly-selling-Stainless-Steel-Hookah-flash-bang-hookahs-amotion-nargile-modern-hookah-shisha.webp","contentUrl":"https:\/\/global-hookah.com\/wp-content\/uploads\/2024\/04\/Factory-directly-selling-Stainless-Steel-Hookah-flash-bang-hookahs-amotion-nargile-modern-hookah-shisha.webp","width":750,"height":750,"caption":"portable stainless steel hookahs"},{"@type":"BreadcrumbList","@id":"https:\/\/global-hookah.com\/it\/prodotto\/narghile-in-acciaio-inox-flash-bang-uncinetto-allingrosso\/#breadcrumb","itemListElement":[{"@type":"ListItem","position":1,"name":"Home","item":"https:\/\/global-hookah.com\/"},{"@type":"ListItem","position":2,"name":"Shop","item":"https:\/\/global-hookah.com\/shop\/"},{"@type":"ListItem","position":3,"name":"Portable Stainless Steel Hookahs Wholesale"}]},{"@type":"WebSite","@id":"https:\/\/global-hookah.com\/#website","url":"https:\/\/global-hookah.com\/","name":"Globale Wasserpfeife","description":"Globale Wasserpfeife","publisher":{"@id":"https:\/\/global-hookah.com\/#organization"},"potentialAction":[{"@type":"SearchAction","target":{"@type":"EntryPoint","urlTemplate":"https:\/\/global-hookah.com\/?s={search_term_string}"},"query-input":{"@type":"PropertyValueSpecification","valueRequired":true,"valueName":"search_term_string"}}],"inLanguage":"de"},{"@type":"Organization","@id":"https:\/\/global-hookah.com\/#organization","name":"Globale Wasserpfeife","url":"https:\/\/global-hookah.com\/","logo":{"@type":"ImageObject","inLanguage":"de","@id":"https:\/\/global-hookah.com\/#\/schema\/logo\/image\/","url":"https:\/\/global-hookah.com\/wp-content\/uploads\/2021\/10\/cropped-fgg.png","contentUrl":"https:\/\/global-hookah.com\/wp-content\/uploads\/2021\/10\/cropped-fgg.png","width":512,"height":512,"caption":"Global Hookah"},"image":{"@id":"https:\/\/global-hookah.com\/#\/schema\/logo\/image\/"}}]}},"_links":{"self":[{"href":"https:\/\/global-hookah.com\/de\/wp-json\/wp\/v2\/product\/20531","targetHints":{"allow":["GET"]}}],"collection":[{"href":"https:\/\/global-hookah.com\/de\/wp-json\/wp\/v2\/product"}],"about":[{"href":"https:\/\/global-hookah.com\/de\/wp-json\/wp\/v2\/types\/product"}],"replies":[{"embeddable":true,"href":"https:\/\/global-hookah.com\/de\/wp-json\/wp\/v2\/comments?post=20531"}],"version-history":[{"count":0,"href":"https:\/\/global-hookah.com\/de\/wp-json\/wp\/v2\/product\/20531\/revisions"}],"wp:featuredmedia":[{"embeddable":true,"href":"https:\/\/global-hookah.com\/de\/wp-json\/wp\/v2\/media\/20532"}],"wp:attachment":[{"href":"https:\/\/global-hookah.com\/de\/wp-json\/wp\/v2\/media?parent=20531"}],"wp:term":[{"taxonomy":"product_brand","embeddable":true,"href":"https:\/\/global-hookah.com\/de\/wp-json\/wp\/v2\/product_brand?post=20531"},{"taxonomy":"product_cat","embeddable":true,"href":"https:\/\/global-hookah.com\/de\/wp-json\/wp\/v2\/product_cat?post=20531"},{"taxonomy":"product_tag","embeddable":true,"href":"https:\/\/global-hookah.com\/de\/wp-json\/wp\/v2\/product_tag?post=20531"}],"curies":[{"name":"wp","href":"https:\/\/api.w.org\/{rel}","templated":true}]}}