{"id":20539,"date":"2024-04-06T13:20:39","date_gmt":"2024-04-06T13:20:39","guid":{"rendered":"https:\/\/global-hookah.com\/product\/brand-customization-luxury-high-end-stainless-steel-hookah\/"},"modified":"2024-04-07T01:09:33","modified_gmt":"2024-04-07T01:09:33","slug":"brand-customization-luxury-high-end-stainless-steel-hookah","status":"publish","type":"product","link":"https:\/\/global-hookah.com\/de\/produkt\/brand-customization-luxury-high-end-stainless-steel-hookah\/","title":{"rendered":"Markenanpassung Luxus High-End-Edelstahl Wasserpfeife"},"content":{"rendered":"<p>Ich wei\u00df, dass ihr alle auf der Suche nach etwas Ausgefallenem seid, <a href=\"https:\/\/global-hookah.com\/product-category\/wholesale-hookah\/\"><strong>Ma\u00dfgeschneiderte Luxus-Wasserpfeife<\/strong> <\/a>um alle Ihre Freunde zu beeindrucken, und ich sage Ihnen, das <strong>Edelstahl-Wasserpfeife der Spitzenklasse<\/strong> ist genau das, was Sie brauchen.<\/p>\n<p>In dem Moment, in dem Sie dies enth\u00fcllen<strong> Hochwertige Wasserpfeifen<\/strong> bei Ihrer n\u00e4chsten exotischen Shisha-Session werden Ihre G\u00e4ste begeistert sein. Beobachten Sie, wie ihnen die Kinnlade herunterf\u00e4llt, wenn Sie jede einzelne Komponente auspacken, von der robusten Edelstahlvase bis zu den komplizierten Eis- und Kugeldiffusoren, die die Rauchk\u00fchlung auf ein neues Niveau heben.<\/p>\n<p>Diese <strong>hochwertiges Shisha-Pfeifen-Set<\/strong> wird aus den hochwertigsten Materialien hergestellt und ist mit einer Edelstahl-Holzkohlehalterung, Silikon-Zigarettenstummeln, Silikonringen, einem Mundst\u00fcck mit Edelstahlgriff, einem Glasflaschenboden und einer Reinigungsb\u00fcrste ausgestattet. Es wurde auf jedes Detail geachtet - vom Premium-Lederschlauch bis zum Stiel und der Schale aus hochwertiger Aluminiumlegierung.<\/p>\n<p>Die<strong> rostfreie Wasserpfeife<\/strong> hat eine gute Abdichtung System, das sicherstellen kann, dass Sie in vollem Umfang die riesige Wasserpfeife Rauch genie\u00dfen k\u00f6nnen und bringen Sie 100% Wasserpfeife Spa\u00df. Kommen Sie und kaufen Sie diese Wasserpfeife jetzt, holen Sie die <a href=\"https:\/\/global-hookah.com\/\">Wasserpfeife<\/a>Nehmen Sie einen tiefen Atemzug und lassen Sie Ihren ganzen K\u00f6rper in dieses wunderbare Rauchparadies eintauchen!<\/p>\n<div class=\"detailmodule_html\">\n<div class=\"detail-desc-decorate-richtext\">\n<div style=\"width: 750.0px; height: 3750.0px; overflow: hidden;\">\n<div style=\"width: 750.0px; height: 3750.0px; overflow: hidden;\">\n<p><img decoding=\"async\" style=\"display: block; width: 100.0%;\" src=\"https:\/\/ae01.alicdn.com\/kf\/S663c0d732a354a1ba6425d0d6e7763f2s.jpg?width=1000&amp;height=1000&amp;hash=2000\" \/> <img decoding=\"async\" style=\"display: block; width: 100.0%;\" src=\"https:\/\/ae01.alicdn.com\/kf\/S4f50ce411b1d486da4340f2221e0ed11E.jpg?width=1000&amp;height=1000&amp;hash=2000\" \/> <img decoding=\"async\" style=\"display: block; width: 100.0%;\" src=\"https:\/\/ae01.alicdn.com\/kf\/S4338237028eb4031a49d7d725db4d71bO.jpg?width=1000&amp;height=1000&amp;hash=2000\" \/> <img decoding=\"async\" style=\"display: block; width: 100.0%;\" src=\"https:\/\/ae01.alicdn.com\/kf\/S8b2f3d20c7c54c23b6046944902b3482e.jpg?width=1000&amp;height=1000&amp;hash=2000\" \/> <img decoding=\"async\" style=\"display: block; width: 100.0%;\" src=\"https:\/\/ae01.alicdn.com\/kf\/Sf3630774f7c3493789d1a250cbc02122f.jpg?width=1000&amp;height=1000&amp;hash=2000\" \/><\/p>\n<p>\u00dcber uns<br \/>\n1,Unser Unternehmen befindet sich in Chinas gr\u00f6\u00dftem Gro\u00dfhandelszentrum<br \/>\nMarkt. Jedes Produkt, das Sie ben\u00f6tigen, k\u00f6nnen Sie mir schicken mit<br \/>\nProduktbilder oder Modelle. Ich gebe Ihnen die niedrigste<br \/>\nAngebot so schnell wie m\u00f6glich zu \u00fcberpr\u00fcfen, und dann die<br \/>\nProdukt im Shop f\u00fcr Sie zum Kauf bereit.<br \/>\n2,Alle Produkte im Shop verkauft werden, sind echte, bitte Ruhe<br \/>\nsicher zu kaufen! Wenn Sie irgendwelche Fragen \u00fcber die<br \/>\nProdukt, kontaktieren Sie uns bitte \u00fcber AliExpress und wir werden<br \/>\nantworten Ihnen innerhalb von 12 Stunden!<br \/>\n3,Wir halten hohe Qualit\u00e4tsstandards aufrecht und streben<br \/>\nf\u00fcr 100% Kundenzufriedenheit! Wenn Sie zufrieden sind<br \/>\nmit unseren Produkten und Dienstleistungen, hinterlassen Sie uns bitte eine<br \/>\nitiven Feedbacks und erhalten au\u00dferdem 5 Punkte von<br \/>\nFeedback.<br \/>\n4, Die Paketinformationen k\u00f6nnen zur\u00fcckverfolgt werden. Wenn Sie<br \/>\ndas Paket nach 90 Tagen noch nicht erhalten haben, k\u00f6nnen Sie<br \/>\nkontaktieren Sie uns und wir erstatten Ihnen den vollen Betrag<br \/>\nNummer: +86 15773188021<br \/>\nE-Mail: pengchi2023712@126.com<br \/>\nWhatsAPP: +86 15773188021<\/p>\n<\/div>\n<\/div>\n<\/div>\n<\/div>","protected":false},"excerpt":{"rendered":"<p>Ich wei\u00df, dass ihr alle auf der Suche nach einer ausgefallenen, ma\u00dfgeschneiderten Luxus-Wasserpfeife seid, mit der ihr all eure Freunde beeindrucken k\u00f6nnt, und lasst mich<\/p>","protected":false},"featured_media":20540,"comment_status":"closed","ping_status":"closed","template":"","meta":{"iawp_total_views":19,"_joinchat":[]},"product_brand":[],"product_cat":[119],"product_tag":[],"class_list":{"0":"post-20539","1":"product","2":"type-product","3":"status-publish","4":"has-post-thumbnail","6":"product_cat-wholesale-hookah","8":"first","9":"instock","10":"shipping-taxable","11":"purchasable","12":"product-type-variable"},"yoast_head":"<!-- This site is optimized with the Yoast SEO Premium plugin v24.7 (Yoast SEO v26.8) - https:\/\/yoast.com\/product\/yoast-seo-premium-wordpress\/ -->\n<title>Brand Customization Luxury High-End Stainless Steel Hookah - Global Hookah<\/title>\n<meta name=\"robots\" content=\"index, follow, max-snippet:-1, max-image-preview:large, max-video-preview:-1\" \/>\n<link rel=\"canonical\" href=\"https:\/\/global-hookah.com\/de\/produkt\/markenanpassung-luxus-high-end-edelstahl-wasserpfeife\/\" \/>\n<meta property=\"og:locale\" content=\"de_DE\" \/>\n<meta property=\"og:type\" content=\"article\" \/>\n<meta property=\"og:title\" content=\"Brand Customization Luxury High-End Stainless Steel Hookah\" \/>\n<meta property=\"og:description\" content=\"Now I know y&#8217;all are looking for a fancy, custom-made luxury hookah to impress all your friends, and let me\" \/>\n<meta property=\"og:url\" content=\"https:\/\/global-hookah.com\/de\/produkt\/markenanpassung-luxus-high-end-edelstahl-wasserpfeife\/\" \/>\n<meta property=\"og:site_name\" content=\"Global Hookah\" \/>\n<meta property=\"article:modified_time\" content=\"2024-04-07T01:09:33+00:00\" \/>\n<meta property=\"og:image\" content=\"https:\/\/global-hookah.com\/wp-content\/uploads\/2024\/04\/Luxury-high-end-stainless-steel-hookah-complete-set-with-Russian-gift-box-El-Bomber-version.webp\" \/>\n\t<meta property=\"og:image:width\" content=\"800\" \/>\n\t<meta property=\"og:image:height\" content=\"800\" \/>\n\t<meta property=\"og:image:type\" content=\"image\/webp\" \/>\n<meta name=\"twitter:card\" content=\"summary_large_image\" \/>\n<meta name=\"twitter:label1\" content=\"Gesch\u00e4tzte Lesezeit\" \/>\n\t<meta name=\"twitter:data1\" content=\"3\u00a0Minuten\" \/>\n<script type=\"application\/ld+json\" class=\"yoast-schema-graph\">{\"@context\":\"https:\/\/schema.org\",\"@graph\":[{\"@type\":\"WebPage\",\"@id\":\"https:\/\/global-hookah.com\/de\/produkt\/markenanpassung-luxus-high-end-edelstahl-wasserpfeife\/\",\"url\":\"https:\/\/global-hookah.com\/de\/produkt\/markenanpassung-luxus-high-end-edelstahl-wasserpfeife\/\",\"name\":\"Brand Customization Luxury High-End Stainless Steel Hookah - Global Hookah\",\"isPartOf\":{\"@id\":\"https:\/\/global-hookah.com\/#website\"},\"primaryImageOfPage\":{\"@id\":\"https:\/\/global-hookah.com\/de\/produkt\/markenanpassung-luxus-high-end-edelstahl-wasserpfeife\/#primaryimage\"},\"image\":{\"@id\":\"https:\/\/global-hookah.com\/de\/produkt\/markenanpassung-luxus-high-end-edelstahl-wasserpfeife\/#primaryimage\"},\"thumbnailUrl\":\"https:\/\/global-hookah.com\/wp-content\/uploads\/2024\/04\/Luxury-high-end-stainless-steel-hookah-complete-set-with-Russian-gift-box-El-Bomber-version.webp\",\"datePublished\":\"2024-04-06T13:20:39+00:00\",\"dateModified\":\"2024-04-07T01:09:33+00:00\",\"breadcrumb\":{\"@id\":\"https:\/\/global-hookah.com\/de\/produkt\/markenanpassung-luxus-high-end-edelstahl-wasserpfeife\/#breadcrumb\"},\"inLanguage\":\"de\",\"potentialAction\":[{\"@type\":\"ReadAction\",\"target\":[\"https:\/\/global-hookah.com\/de\/produkt\/markenanpassung-luxus-high-end-edelstahl-wasserpfeife\/\"]}]},{\"@type\":\"ImageObject\",\"inLanguage\":\"de\",\"@id\":\"https:\/\/global-hookah.com\/de\/produkt\/markenanpassung-luxus-high-end-edelstahl-wasserpfeife\/#primaryimage\",\"url\":\"https:\/\/global-hookah.com\/wp-content\/uploads\/2024\/04\/Luxury-high-end-stainless-steel-hookah-complete-set-with-Russian-gift-box-El-Bomber-version.webp\",\"contentUrl\":\"https:\/\/global-hookah.com\/wp-content\/uploads\/2024\/04\/Luxury-high-end-stainless-steel-hookah-complete-set-with-Russian-gift-box-El-Bomber-version.webp\",\"width\":800,\"height\":800,\"caption\":\"Brand Customization Luxury High-End Stainless Steel Hookah\"},{\"@type\":\"BreadcrumbList\",\"@id\":\"https:\/\/global-hookah.com\/de\/produkt\/markenanpassung-luxus-high-end-edelstahl-wasserpfeife\/#breadcrumb\",\"itemListElement\":[{\"@type\":\"ListItem\",\"position\":1,\"name\":\"Home\",\"item\":\"https:\/\/global-hookah.com\/\"},{\"@type\":\"ListItem\",\"position\":2,\"name\":\"Shop\",\"item\":\"https:\/\/global-hookah.com\/shop\/\"},{\"@type\":\"ListItem\",\"position\":3,\"name\":\"Brand Customization Luxury High-End Stainless Steel Hookah\"}]},{\"@type\":\"WebSite\",\"@id\":\"https:\/\/global-hookah.com\/#website\",\"url\":\"https:\/\/global-hookah.com\/\",\"name\":\"Global Hookah\",\"description\":\"Global Hookah\",\"publisher\":{\"@id\":\"https:\/\/global-hookah.com\/#organization\"},\"potentialAction\":[{\"@type\":\"SearchAction\",\"target\":{\"@type\":\"EntryPoint\",\"urlTemplate\":\"https:\/\/global-hookah.com\/?s={search_term_string}\"},\"query-input\":{\"@type\":\"PropertyValueSpecification\",\"valueRequired\":true,\"valueName\":\"search_term_string\"}}],\"inLanguage\":\"de\"},{\"@type\":\"Organization\",\"@id\":\"https:\/\/global-hookah.com\/#organization\",\"name\":\"Global Hookah\",\"url\":\"https:\/\/global-hookah.com\/\",\"logo\":{\"@type\":\"ImageObject\",\"inLanguage\":\"de\",\"@id\":\"https:\/\/global-hookah.com\/#\/schema\/logo\/image\/\",\"url\":\"https:\/\/global-hookah.com\/wp-content\/uploads\/2021\/10\/cropped-fgg.png\",\"contentUrl\":\"https:\/\/global-hookah.com\/wp-content\/uploads\/2021\/10\/cropped-fgg.png\",\"width\":512,\"height\":512,\"caption\":\"Global Hookah\"},\"image\":{\"@id\":\"https:\/\/global-hookah.com\/#\/schema\/logo\/image\/\"}}]}<\/script>\n<!-- \/ Yoast SEO Premium plugin. -->","yoast_head_json":{"title":"Markenanpassung Luxus High-End Edelstahl Wasserpfeife - Global Hookah","robots":{"index":"index","follow":"follow","max-snippet":"max-snippet:-1","max-image-preview":"max-image-preview:large","max-video-preview":"max-video-preview:-1"},"canonical":"https:\/\/global-hookah.com\/de\/produkt\/markenanpassung-luxus-high-end-edelstahl-wasserpfeife\/","og_locale":"de_DE","og_type":"article","og_title":"Brand Customization Luxury High-End Stainless Steel Hookah","og_description":"Now I know y&#8217;all are looking for a fancy, custom-made luxury hookah to impress all your friends, and let me","og_url":"https:\/\/global-hookah.com\/de\/produkt\/markenanpassung-luxus-high-end-edelstahl-wasserpfeife\/","og_site_name":"Global Hookah","article_modified_time":"2024-04-07T01:09:33+00:00","og_image":[{"width":800,"height":800,"url":"https:\/\/global-hookah.com\/wp-content\/uploads\/2024\/04\/Luxury-high-end-stainless-steel-hookah-complete-set-with-Russian-gift-box-El-Bomber-version.webp","type":"image\/webp"}],"twitter_card":"summary_large_image","twitter_misc":{"Gesch\u00e4tzte Lesezeit":"3\u00a0Minuten"},"schema":{"@context":"https:\/\/schema.org","@graph":[{"@type":"WebPage","@id":"https:\/\/global-hookah.com\/de\/produkt\/markenanpassung-luxus-high-end-edelstahl-wasserpfeife\/","url":"https:\/\/global-hookah.com\/de\/produkt\/markenanpassung-luxus-high-end-edelstahl-wasserpfeife\/","name":"Markenanpassung Luxus High-End Edelstahl Wasserpfeife - Global Hookah","isPartOf":{"@id":"https:\/\/global-hookah.com\/#website"},"primaryImageOfPage":{"@id":"https:\/\/global-hookah.com\/de\/produkt\/markenanpassung-luxus-high-end-edelstahl-wasserpfeife\/#primaryimage"},"image":{"@id":"https:\/\/global-hookah.com\/de\/produkt\/markenanpassung-luxus-high-end-edelstahl-wasserpfeife\/#primaryimage"},"thumbnailUrl":"https:\/\/global-hookah.com\/wp-content\/uploads\/2024\/04\/Luxury-high-end-stainless-steel-hookah-complete-set-with-Russian-gift-box-El-Bomber-version.webp","datePublished":"2024-04-06T13:20:39+00:00","dateModified":"2024-04-07T01:09:33+00:00","breadcrumb":{"@id":"https:\/\/global-hookah.com\/de\/produkt\/markenanpassung-luxus-high-end-edelstahl-wasserpfeife\/#breadcrumb"},"inLanguage":"de","potentialAction":[{"@type":"ReadAction","target":["https:\/\/global-hookah.com\/de\/produkt\/markenanpassung-luxus-high-end-edelstahl-wasserpfeife\/"]}]},{"@type":"ImageObject","inLanguage":"de","@id":"https:\/\/global-hookah.com\/de\/produkt\/markenanpassung-luxus-high-end-edelstahl-wasserpfeife\/#primaryimage","url":"https:\/\/global-hookah.com\/wp-content\/uploads\/2024\/04\/Luxury-high-end-stainless-steel-hookah-complete-set-with-Russian-gift-box-El-Bomber-version.webp","contentUrl":"https:\/\/global-hookah.com\/wp-content\/uploads\/2024\/04\/Luxury-high-end-stainless-steel-hookah-complete-set-with-Russian-gift-box-El-Bomber-version.webp","width":800,"height":800,"caption":"Brand Customization Luxury High-End Stainless Steel Hookah"},{"@type":"BreadcrumbList","@id":"https:\/\/global-hookah.com\/de\/produkt\/markenanpassung-luxus-high-end-edelstahl-wasserpfeife\/#breadcrumb","itemListElement":[{"@type":"ListItem","position":1,"name":"Home","item":"https:\/\/global-hookah.com\/"},{"@type":"ListItem","position":2,"name":"Shop","item":"https:\/\/global-hookah.com\/shop\/"},{"@type":"ListItem","position":3,"name":"Brand Customization Luxury High-End Stainless Steel Hookah"}]},{"@type":"WebSite","@id":"https:\/\/global-hookah.com\/#website","url":"https:\/\/global-hookah.com\/","name":"Globale Wasserpfeife","description":"Globale Wasserpfeife","publisher":{"@id":"https:\/\/global-hookah.com\/#organization"},"potentialAction":[{"@type":"SearchAction","target":{"@type":"EntryPoint","urlTemplate":"https:\/\/global-hookah.com\/?s={search_term_string}"},"query-input":{"@type":"PropertyValueSpecification","valueRequired":true,"valueName":"search_term_string"}}],"inLanguage":"de"},{"@type":"Organization","@id":"https:\/\/global-hookah.com\/#organization","name":"Globale Wasserpfeife","url":"https:\/\/global-hookah.com\/","logo":{"@type":"ImageObject","inLanguage":"de","@id":"https:\/\/global-hookah.com\/#\/schema\/logo\/image\/","url":"https:\/\/global-hookah.com\/wp-content\/uploads\/2021\/10\/cropped-fgg.png","contentUrl":"https:\/\/global-hookah.com\/wp-content\/uploads\/2021\/10\/cropped-fgg.png","width":512,"height":512,"caption":"Global Hookah"},"image":{"@id":"https:\/\/global-hookah.com\/#\/schema\/logo\/image\/"}}]}},"_links":{"self":[{"href":"https:\/\/global-hookah.com\/de\/wp-json\/wp\/v2\/product\/20539","targetHints":{"allow":["GET"]}}],"collection":[{"href":"https:\/\/global-hookah.com\/de\/wp-json\/wp\/v2\/product"}],"about":[{"href":"https:\/\/global-hookah.com\/de\/wp-json\/wp\/v2\/types\/product"}],"replies":[{"embeddable":true,"href":"https:\/\/global-hookah.com\/de\/wp-json\/wp\/v2\/comments?post=20539"}],"version-history":[{"count":0,"href":"https:\/\/global-hookah.com\/de\/wp-json\/wp\/v2\/product\/20539\/revisions"}],"wp:featuredmedia":[{"embeddable":true,"href":"https:\/\/global-hookah.com\/de\/wp-json\/wp\/v2\/media\/20540"}],"wp:attachment":[{"href":"https:\/\/global-hookah.com\/de\/wp-json\/wp\/v2\/media?parent=20539"}],"wp:term":[{"taxonomy":"product_brand","embeddable":true,"href":"https:\/\/global-hookah.com\/de\/wp-json\/wp\/v2\/product_brand?post=20539"},{"taxonomy":"product_cat","embeddable":true,"href":"https:\/\/global-hookah.com\/de\/wp-json\/wp\/v2\/product_cat?post=20539"},{"taxonomy":"product_tag","embeddable":true,"href":"https:\/\/global-hookah.com\/de\/wp-json\/wp\/v2\/product_tag?post=20539"}],"curies":[{"name":"wp","href":"https:\/\/api.w.org\/{rel}","templated":true}]}}