{"id":20547,"date":"2024-04-06T13:21:14","date_gmt":"2024-04-06T13:21:14","guid":{"rendered":"https:\/\/global-hookah.com\/product\/stainless-steel-portable-hookah-wholesale\/"},"modified":"2024-04-06T13:21:33","modified_gmt":"2024-04-06T13:21:33","slug":"stainless-steel-portable-hookah-wholesale","status":"publish","type":"product","link":"https:\/\/global-hookah.com\/de\/produkt\/stainless-steel-portable-hookah-wholesale\/","title":{"rendered":"Tragbare Wasserpfeife aus Edelstahl Gro\u00dfhandel"},"content":{"rendered":"<div class=\"product-specs-list-container\">\n<ul class=\"product-specs-list util-clearfix\">\n<li class=\"product-prop line-limit-length\"><span\n\t\t\t\t\t\t\t\t\tclass=\"property-title\">DIY-Bedarf:&nbsp;<\/span><span\n\t\t\t\t\t\t\t\t\tclass=\"property-desc line-limit-length\">ELEKTRISCH<\/span>\n\t\t\t\t\t\t<\/li>\n<li class=\"product-prop line-limit-length\"><span\n\t\t\t\t\t\t\t\t\tclass=\"property-title\">Herkunft:&nbsp;<\/span><span\n\t\t\t\t\t\t\t\t\tclass=\"property-desc line-limit-length\">Festland China<\/span>\n\t\t\t\t\t\t<\/li>\n<li class=\"product-prop line-limit-length\"><span\n\t\t\t\t\t\t\t\t\tclass=\"property-title\">Die Form:&nbsp;<\/span><span\n\t\t\t\t\t\t\t\t\tclass=\"property-desc line-limit-length\">Freier Typ<\/span>\n\t\t\t\t\t\t<\/li>\n<li class=\"product-prop line-limit-length\"><span\n\t\t\t\t\t\t\t\t\tclass=\"property-title\">Die Technik:&nbsp;<\/span><span\n\t\t\t\t\t\t\t\t\tclass=\"property-desc line-limit-length\">Mattiert<\/span>\n\t\t\t\t\t\t<\/li>\n<li class=\"product-prop line-limit-length\"><span\n\t\t\t\t\t\t\t\t\tclass=\"property-title\">Material:&nbsp;<\/span><span\n\t\t\t\t\t\t\t\t\tclass=\"property-desc line-limit-length\">Edelstahl, rostfreier Stahl<\/span>\n\t\t\t\t\t\t<\/li>\n<li class=\"product-prop line-limit-length\"><span\n\t\t\t\t\t\t\t\t\tclass=\"property-title\">Ort der Herkunft:&nbsp;<\/span><span\n\t\t\t\t\t\t\t\t\tclass=\"property-desc line-limit-length\">Zhejiang, China<\/span>\n\t\t\t\t\t\t<\/li>\n<li class=\"product-prop line-limit-length\"><span\n\t\t\t\t\t\t\t\t\tclass=\"property-title\">Markenname:&nbsp;<\/span><span\n\t\t\t\t\t\t\t\t\tclass=\"property-desc line-limit-length\">Yimi Wasserpfeife<\/span>\n\t\t\t\t\t\t<\/li>\n<li class=\"product-prop line-limit-length\"><span\n\t\t\t\t\t\t\t\t\tclass=\"property-title\">Modellnummer:&nbsp;<\/span><span\n\t\t\t\t\t\t\t\t\tclass=\"property-desc line-limit-length\">Nix<\/span>\n\t\t\t\t\t\t<\/li>\n<li class=\"product-prop line-limit-length\"><span\n\t\t\t\t\t\t\t\t\tclass=\"property-title\">Produkt:&nbsp;<\/span><span\n\t\t\t\t\t\t\t\t\tclass=\"property-desc line-limit-length\">tragbare Wasserpfeife<\/span>\n\t\t\t\t\t\t<\/li>\n<li class=\"product-prop line-limit-length\"><span\n\t\t\t\t\t\t\t\t\tclass=\"property-title\">Gr\u00f6\u00dfe:&nbsp;<\/span><span\n\t\t\t\t\t\t\t\t\tclass=\"property-desc line-limit-length\">klein<\/span>\n\t\t\t\t\t\t<\/li>\n<li class=\"product-prop line-limit-length\"><span\n\t\t\t\t\t\t\t\t\tclass=\"property-title\">Verpacken:&nbsp;<\/span><span\n\t\t\t\t\t\t\t\t\tclass=\"property-desc line-limit-length\">Reisetasche<\/span>\n\t\t\t\t\t\t<\/li>\n<li class=\"product-prop line-limit-length\"><span\n\t\t\t\t\t\t\t\t\tclass=\"property-title\">MOQ:&nbsp;<\/span><span\n\t\t\t\t\t\t\t\t\tclass=\"property-desc line-limit-length\">2St\u00fcck<\/span>\n\t\t\t\t\t\t<\/li>\n<li class=\"product-prop line-limit-length\"><span\n\t\t\t\t\t\t\t\t\tclass=\"property-title\">Zubeh\u00f6r:&nbsp;<\/span><span\n\t\t\t\t\t\t\t\t\tclass=\"property-desc line-limit-length\">Wasserpfeifen-Schale, Wasserpfeifen-Schlauch, Wasserpfeifen-Zange, Wasserpfeifen-Tablett<\/span>\n\t\t\t\t\t\t<\/li>\n<li class=\"product-prop line-limit-length\"><span\n\t\t\t\t\t\t\t\t\tclass=\"property-title\">Benutzerdefiniertes Paket:&nbsp;<\/span><span\n\t\t\t\t\t\t\t\t\tclass=\"property-desc line-limit-length\">verf\u00fcgbar<\/span>\n\t\t\t\t\t\t<\/li>\n<li class=\"product-prop line-limit-length\"><span\n\t\t\t\t\t\t\t\t\tclass=\"property-title\">OEM-Bestellung:&nbsp;<\/span><span\n\t\t\t\t\t\t\t\t\tclass=\"property-desc line-limit-length\">Verf\u00fcgbar<\/span>\n\t\t\t\t\t\t<\/li>\n<li class=\"product-prop line-limit-length\"><span\n\t\t\t\t\t\t\t\t\tclass=\"property-title\">ODM-Bestellung:&nbsp;<\/span><span\n\t\t\t\t\t\t\t\t\tclass=\"property-desc line-limit-length\">Verf\u00fcgbar<\/span>\n\t\t\t\t\t\t<\/li>\n<li class=\"product-prop line-limit-length\"><span\n\t\t\t\t\t\t\t\t\tclass=\"property-title\">Lieferung von T\u00fcr zu T\u00fcr:&nbsp;<\/span><span\n\t\t\t\t\t\t\t\t\tclass=\"property-desc line-limit-length\">Verf\u00fcgbar<\/span>\n\t\t\t\t\t\t<\/li>\n<\/ul><\/div>\n<div class=\"detailmodule_html\">\n<div class=\"detail-desc-decorate-richtext\">Wenn Sie Fragen haben, kontaktieren Sie uns bitte, WhatsApp: +86 15580043427\uff0cEmail:2589659452@qq.com<html><br \/>\n <head><\/head><br \/>\n <body><\/p>\n<div data-magic-global=\"%7B%22bizId%22%3A2466681779%2C%22pageId%22%3A21196784749%2C%22siteId%22%3A10002356086%7D\" id=\"detail_decorate_root\">\n<style>#detail_decorate_root .magic-0{margin-bottom:10px;overflow:hidden}#detail_decorate_root .magic-1{border-bottom-style:solid;border-bottom-color:#53647a;font-family:Roboto;font-size:24px;color:#53647a;font-style:normal;border-bottom-width:2px;padding-top:8px;padding-bottom:4px}#detail_decorate_root .magic-2{margin-bottom:10px;line-height:0}#detail_decorate_root .magic-3{margin-bottom:0}#detail_decorate_root .magic-4{position:relative;width:100%}#detail_decorate_root .magic-5{width:750px;border-collapse:collapse}#detail_decorate_root .magic-6{min-height:18px;padding:5px 10px;width:261px;min-height:18px;box-sizing:content-box}#detail_decorate_root .magic-7{text-align:left}#detail_decorate_root .magic-8{min-height:18px;padding:5px 10px;width:442px;min-height:18px;box-sizing:content-box}#detail_decorate_root .magic-9{width:750px}#detail_decorate_root .magic-10{overflow:hidden;width:750px;height:750px;margin-top:0;margin-bottom:0;margin-left:0;margin-right:0}#detail_decorate_root .magic-11{margin-top:-74px;margin-left:17px;width:750px;height:750px}<\/style>\n<div module-id=\"34376741384\" module-title=\"detailSellerRecommend\" render=\"true\" class=\"J_module\">\n<div data-magic=\"{&quot;mds&quot;:{&quot;assetsVersion&quot;:&quot;0.0.14&quot;,&quot;assetsPackageName&quot;:&quot;icbumod&quot;,&quot;moduleNameAlias&quot;:&quot;icbu-pc-detailSellerRecommend&quot;,&quot;moduleData&quot;:{&quot;config&quot;:{&quot;columnCount&quot;:4,&quot;titleKey&quot;:6,&quot;products&quot;:[1600705921745,1600858729151,1600243959795,1600743018448,1600863308032,62320584434,1600474171685,1600218492406,1600683368453,1600478069074,1600706053168,1600478792675]}}},&quot;version&quot;:1}\" class=\"icbu-pc-detailSellerRecommend magic-0\"><\/div>\n<\/p><\/div>\n<div module-id=\"32704617143\" module-title=\"detailProductNavigation\" render=\"true\" class=\"J_module\">\n<div id=\"ali-anchor-AliMagic-8iod65\" data-section=\"AliMagic-8iod65\" data-section-title=\"Product Description\" class=\"magic-1\">\n     Beschreibung des Produkts\n    <\/div>\n<\/p><\/div>\n<div module-id=\"32704617144\" module-title=\"detailManyImage\" render=\"true\" class=\"J_module\">\n<div class=\"icbu-pc-detailManyImage magic-2\">\n<div class=\"magic-3\">\n      <img decoding=\"async\" src=\"https:\/\/ae01.alicdn.com\/kf\/S1c227cbc508647f59e71c0164b585eb82.jpg?width=1000&#038;height=1000&#038;hash=2000\" class=\"magic-4\">\n     <\/div>\n<div class=\"magic-3\">\n      <img decoding=\"async\" src=\"https:\/\/ae01.alicdn.com\/kf\/Sc62ae78b2f2c457ead93113e0b525ff6E.jpg?width=1000&#038;height=1000&#038;hash=2000\" class=\"magic-4\">\n     <\/div>\n<div class=\"magic-3\">\n      <img decoding=\"async\" src=\"https:\/\/ae01.alicdn.com\/kf\/S2b529ca2966443aabd7e928a2966340a6.jpg?width=1000&#038;height=1000&#038;hash=2000\" class=\"magic-4\">\n     <\/div>\n<div class=\"magic-3\">\n      <img decoding=\"async\" src=\"https:\/\/ae01.alicdn.com\/kf\/S4758e0da7e7d40e9bc1a3e5e3729dbb83.jpg?width=2500&#038;height=2500&#038;hash=5000\" class=\"magic-4\">\n     <\/div>\n<div class=\"magic-3\">\n      <img decoding=\"async\" src=\"https:\/\/ae01.alicdn.com\/kf\/S1106cc3849cf4ac1991413a0610a66d4L.jpg?width=2550&#038;height=2550&#038;hash=5100\" class=\"magic-4\">\n     <\/div>\n<\/p><\/div>\n<\/p><\/div>\n<div module-id=\"32704617145\" module-title=\"detailProductNavigation\" render=\"true\" class=\"J_module\">\n<div id=\"ali-anchor-AliMagic-tv6vmb\" data-section=\"AliMagic-tv6vmb\" data-section-title=\"Specification\" class=\"magic-1\">\n     Spezifikation\n    <\/div>\n<\/p><\/div>\n<div module-id=\"32704617146\" module-title=\"detailTableHorizontal\" render=\"true\" class=\"J_module\">\n<div class=\"ife-detail-decorate-table\">\n<table class=\"is-zebra all magic-5\">\n<tbody>\n<tr>\n<td colspan=\"1\" rowspan=\"1\">\n<div class=\"magic-6\">\n<div class=\"magic-7\">\n           HOCHWERTIGES MATERIAL:\n          <\/div>\n<\/p><\/div>\n<\/td>\n<td colspan=\"1\" rowspan=\"1\">\n<div class=\"magic-8\">\n          &nbsp;PREMIUM MATERIAL: F\u00fcr den Preis, den Sie zahlen, erhalten Sie Materialien von h\u00f6chster Qualit\u00e4t. Die Metallteile sind aus folgenden Materialien gefertigt<br \/>\n          <br \/>Der Wassertank besteht aus hochwertigem, rostfreiem Edelstahl 304 und der Wassertank aus 5 mm dickem Acryl. Die Qualit\u00e4t ist sp\u00fcrbar, wenn<br \/>\n          <br \/>Sie halten Nix in Ihren H\u00e4nden.\n         <\/div>\n<\/td>\n<\/tr>\n<tr>\n<td colspan=\"1\" rowspan=\"1\">\n<div class=\"magic-6\">\n          HOOKAH BAG:\n         <\/div>\n<\/td>\n<td colspan=\"1\" rowspan=\"1\">\n<div class=\"magic-8\">\n          Die Nix Wasserpfeifentasche ist aus robustem 800D Oxford-Gewebe gefertigt und damit so strapazierf\u00e4hig wie eine Sporttasche. Sie verf\u00fcgt \u00fcber separate Taschen<br \/>\n          <br \/>f\u00fcr jedes Wasserpfeifenzubeh\u00f6r, um Kratzer durch Reibung zu vermeiden. Die Tasche ist mit einem l\u00e4ngenverstellbaren Schultergurt ausgestattet, der<br \/>\n          <br \/>kann als Handtasche oder Umh\u00e4ngetasche verwendet werden.\n         <\/div>\n<\/td>\n<\/tr>\n<tr>\n<td colspan=\"1\" rowspan=\"1\">\n<div class=\"magic-6\">\n          KOMPAKTE GR\u00d6SSE:\n         <\/div>\n<\/td>\n<td colspan=\"1\" rowspan=\"1\">\n<div class=\"magic-8\">\n          &nbsp;Die Nix Wasserpfeife hat einen Durchmesser von 8cm und ist 21,5cm hoch. Das Mundst\u00fcck der Wasserpfeife ist 25cm lang und kann in zwei Teile zerlegt werden<br \/>\n          <br \/>Dadurch l\u00e4sst sich alles, einschlie\u00dflich des Wasserpfeifenzubeh\u00f6rs, leicht in eine Reisetasche packen. Seine kompakte Gr\u00f6\u00dfe macht ihn perfekt<br \/>\n          <br \/>f\u00fcr die Verwendung im Freien, insbesondere f\u00fcr diejenigen, die eine tragbare Option f\u00fcr Langstreckenreisen suchen.\n         <\/div>\n<\/td>\n<\/tr>\n<tr>\n<td colspan=\"1\" rowspan=\"1\">\n<div class=\"magic-6\">\n          STABILIT\u00c4T:\n         <\/div>\n<\/td>\n<td colspan=\"1\" rowspan=\"1\">\n<div class=\"magic-8\">\n          &nbsp;Der Nix Shisha-Schlauch ist f\u00fcr die Befestigung an der Basis der Shisha vorgesehen. Viele tragbare und Mini-Whookahs haben jedoch Schl\u00e4uche, die<br \/>\n          <br \/>Dies stellt ein Risiko dar, wenn die Wasserpfeife aus leichten und minderwertigen Materialien wie Aluminium hergestellt ist. Diese<br \/>\n          <br \/>kann dazu f\u00fchren, dass die Wasserpfeife umkippt, wenn man zu stark am Schlauch zieht. Die Yimi Hookah-Nix ist aus robustem Edelstahl gefertigt und<br \/>\n          <br \/>wiegt mehr als 1,5 Kilogramm und gew\u00e4hrleistet auch im leeren Zustand Stabilit\u00e4t.\n         <\/div>\n<\/td>\n<\/tr>\n<\/tbody>\n<\/table><\/div>\n<\/p><\/div>\n<div module-id=\"32704617150\" module-title=\"detailProductNavigation\" render=\"true\" class=\"J_module\">\n<div id=\"ali-anchor-AliMagic-9otc0o\" data-section=\"AliMagic-9otc0o\" data-section-title=\"Company Profile\" class=\"magic-1\">\n     Firmenprofil\n    <\/div>\n<\/p><\/div>\n<div module-id=\"32693095316\" module-title=\"detailSingleImage\" render=\"true\" class=\"J_module\">\n<div class=\"icbu-pc-images magic-9\">\n<div>\n<div class=\"flex-layout-v\">\n<div class=\"flex-layout-h magic-9\">\n<div class=\"magic-10\">\n         <img decoding=\"async\" src=\"https:\/\/ae01.alicdn.com\/kf\/Sffa632508ccf469b8f093d83f2c2c263z.jpg?width=1000&#038;height=1000&#038;hash=2000\" class=\"magic-11\">\n        <\/div>\n<\/p><\/div>\n<\/p><\/div>\n<\/p><\/div>\n<\/p><\/div>\n<\/p><\/div>\n<\/p><\/div>\n<p> <\/body><br \/>\n<\/html><\/div>\n<\/div>","protected":false},"excerpt":{"rendered":"<p>DIY-Bedarf: ELEKTRISCH Herkunft: Festland China Form: Freier Typ Technik: Mattiert Material: Edelstahl, rostfreier Stahl Herkunftsort: Zhejiang, China Markenname: Yimi Hookah Modellnummer: Nix<\/p>","protected":false},"featured_media":20548,"comment_status":"","ping_status":"closed","template":"","meta":{"iawp_total_views":6,"_joinchat":[]},"product_brand":[],"product_cat":[119],"product_tag":[],"class_list":{"0":"post-20547","1":"product","2":"type-product","3":"status-publish","4":"has-post-thumbnail","6":"product_cat-wholesale-hookah","8":"first","9":"instock","10":"shipping-taxable","11":"purchasable","12":"product-type-variable"},"yoast_head":"<!-- This site is optimized with the Yoast SEO Premium plugin v24.7 (Yoast SEO v26.8) - https:\/\/yoast.com\/product\/yoast-seo-premium-wordpress\/ -->\n<title>Stainless Steel Portable Hookah Wholesale - Global Hookah<\/title>\n<meta name=\"robots\" content=\"index, follow, max-snippet:-1, max-image-preview:large, max-video-preview:-1\" \/>\n<link rel=\"canonical\" href=\"https:\/\/global-hookah.com\/de\/ru\/\u043f\u0440\u043e\u0434\u0443\u043a\u0442\/stainless-steel-portable-hookah-wholesale\/\" \/>\n<meta property=\"og:locale\" content=\"de_DE\" \/>\n<meta property=\"og:type\" content=\"article\" \/>\n<meta property=\"og:title\" content=\"Stainless Steel Portable Hookah Wholesale\" \/>\n<meta property=\"og:description\" content=\"DIY Supplies:&nbsp;ELECTRICAL Origin:&nbsp;Mainland China Shape:&nbsp;Free Type Technics:&nbsp;Frosted Material:&nbsp;Stainless steel, stainless steel Place of Origin:&nbsp;Zhejiang, China Brand Name:&nbsp;Yimi Hookah Model Number:&nbsp;Nix\" \/>\n<meta property=\"og:url\" content=\"https:\/\/global-hookah.com\/de\/ru\/\u043f\u0440\u043e\u0434\u0443\u043a\u0442\/stainless-steel-portable-hookah-wholesale\/\" \/>\n<meta property=\"og:site_name\" content=\"Global Hookah\" \/>\n<meta property=\"article:modified_time\" content=\"2024-04-06T13:21:33+00:00\" \/>\n<meta property=\"og:image\" content=\"https:\/\/global-hookah.com\/wp-content\/uploads\/2024\/04\/V2A-Stainless-Steel-Portable-Hookah-Wholesale-Mini-Hookah-Cup-With-Hookah-Travel-Bag-All-Accessories.webp\" \/>\n\t<meta property=\"og:image:width\" content=\"2550\" \/>\n\t<meta property=\"og:image:height\" content=\"2550\" \/>\n\t<meta property=\"og:image:type\" content=\"image\/webp\" \/>\n<meta name=\"twitter:card\" content=\"summary_large_image\" \/>\n<meta name=\"twitter:label1\" content=\"Gesch\u00e4tzte Lesezeit\" \/>\n\t<meta name=\"twitter:data1\" content=\"2\u00a0Minuten\" \/>\n<script type=\"application\/ld+json\" class=\"yoast-schema-graph\">{\"@context\":\"https:\/\/schema.org\",\"@graph\":[{\"@type\":\"WebPage\",\"@id\":\"https:\/\/global-hookah.com\/ru\/\u043f\u0440\u043e\u0434\u0443\u043a\u0442\/stainless-steel-portable-hookah-wholesale\/\",\"url\":\"https:\/\/global-hookah.com\/ru\/\u043f\u0440\u043e\u0434\u0443\u043a\u0442\/stainless-steel-portable-hookah-wholesale\/\",\"name\":\"Stainless Steel Portable Hookah Wholesale - Global Hookah\",\"isPartOf\":{\"@id\":\"https:\/\/global-hookah.com\/#website\"},\"primaryImageOfPage\":{\"@id\":\"https:\/\/global-hookah.com\/ru\/\u043f\u0440\u043e\u0434\u0443\u043a\u0442\/stainless-steel-portable-hookah-wholesale\/#primaryimage\"},\"image\":{\"@id\":\"https:\/\/global-hookah.com\/ru\/\u043f\u0440\u043e\u0434\u0443\u043a\u0442\/stainless-steel-portable-hookah-wholesale\/#primaryimage\"},\"thumbnailUrl\":\"https:\/\/global-hookah.com\/wp-content\/uploads\/2024\/04\/V2A-Stainless-Steel-Portable-Hookah-Wholesale-Mini-Hookah-Cup-With-Hookah-Travel-Bag-All-Accessories.webp\",\"datePublished\":\"2024-04-06T13:21:14+00:00\",\"dateModified\":\"2024-04-06T13:21:33+00:00\",\"breadcrumb\":{\"@id\":\"https:\/\/global-hookah.com\/ru\/\u043f\u0440\u043e\u0434\u0443\u043a\u0442\/stainless-steel-portable-hookah-wholesale\/#breadcrumb\"},\"inLanguage\":\"de\",\"potentialAction\":[{\"@type\":\"ReadAction\",\"target\":[\"https:\/\/global-hookah.com\/ru\/\u043f\u0440\u043e\u0434\u0443\u043a\u0442\/stainless-steel-portable-hookah-wholesale\/\"]}]},{\"@type\":\"ImageObject\",\"inLanguage\":\"de\",\"@id\":\"https:\/\/global-hookah.com\/ru\/\u043f\u0440\u043e\u0434\u0443\u043a\u0442\/stainless-steel-portable-hookah-wholesale\/#primaryimage\",\"url\":\"https:\/\/global-hookah.com\/wp-content\/uploads\/2024\/04\/V2A-Stainless-Steel-Portable-Hookah-Wholesale-Mini-Hookah-Cup-With-Hookah-Travel-Bag-All-Accessories.webp\",\"contentUrl\":\"https:\/\/global-hookah.com\/wp-content\/uploads\/2024\/04\/V2A-Stainless-Steel-Portable-Hookah-Wholesale-Mini-Hookah-Cup-With-Hookah-Travel-Bag-All-Accessories.webp\",\"width\":2550,\"height\":2550},{\"@type\":\"BreadcrumbList\",\"@id\":\"https:\/\/global-hookah.com\/ru\/\u043f\u0440\u043e\u0434\u0443\u043a\u0442\/stainless-steel-portable-hookah-wholesale\/#breadcrumb\",\"itemListElement\":[{\"@type\":\"ListItem\",\"position\":1,\"name\":\"Home\",\"item\":\"https:\/\/global-hookah.com\/\"},{\"@type\":\"ListItem\",\"position\":2,\"name\":\"Shop\",\"item\":\"https:\/\/global-hookah.com\/shop\/\"},{\"@type\":\"ListItem\",\"position\":3,\"name\":\"Stainless Steel Portable Hookah Wholesale\"}]},{\"@type\":\"WebSite\",\"@id\":\"https:\/\/global-hookah.com\/#website\",\"url\":\"https:\/\/global-hookah.com\/\",\"name\":\"Global Hookah\",\"description\":\"Global Hookah\",\"publisher\":{\"@id\":\"https:\/\/global-hookah.com\/#organization\"},\"potentialAction\":[{\"@type\":\"SearchAction\",\"target\":{\"@type\":\"EntryPoint\",\"urlTemplate\":\"https:\/\/global-hookah.com\/?s={search_term_string}\"},\"query-input\":{\"@type\":\"PropertyValueSpecification\",\"valueRequired\":true,\"valueName\":\"search_term_string\"}}],\"inLanguage\":\"de\"},{\"@type\":\"Organization\",\"@id\":\"https:\/\/global-hookah.com\/#organization\",\"name\":\"Global Hookah\",\"url\":\"https:\/\/global-hookah.com\/\",\"logo\":{\"@type\":\"ImageObject\",\"inLanguage\":\"de\",\"@id\":\"https:\/\/global-hookah.com\/#\/schema\/logo\/image\/\",\"url\":\"https:\/\/global-hookah.com\/wp-content\/uploads\/2021\/10\/cropped-fgg.png\",\"contentUrl\":\"https:\/\/global-hookah.com\/wp-content\/uploads\/2021\/10\/cropped-fgg.png\",\"width\":512,\"height\":512,\"caption\":\"Global Hookah\"},\"image\":{\"@id\":\"https:\/\/global-hookah.com\/#\/schema\/logo\/image\/\"}}]}<\/script>\n<!-- \/ Yoast SEO Premium plugin. -->","yoast_head_json":{"title":"Tragbare Wasserpfeife aus Edelstahl Gro\u00dfhandel - Global Hookah","robots":{"index":"index","follow":"follow","max-snippet":"max-snippet:-1","max-image-preview":"max-image-preview:large","max-video-preview":"max-video-preview:-1"},"canonical":"https:\/\/global-hookah.com\/de\/ru\/\u043f\u0440\u043e\u0434\u0443\u043a\u0442\/stainless-steel-portable-hookah-wholesale\/","og_locale":"de_DE","og_type":"article","og_title":"Stainless Steel Portable Hookah Wholesale","og_description":"DIY Supplies:&nbsp;ELECTRICAL Origin:&nbsp;Mainland China Shape:&nbsp;Free Type Technics:&nbsp;Frosted Material:&nbsp;Stainless steel, stainless steel Place of Origin:&nbsp;Zhejiang, China Brand Name:&nbsp;Yimi Hookah Model Number:&nbsp;Nix","og_url":"https:\/\/global-hookah.com\/de\/ru\/\u043f\u0440\u043e\u0434\u0443\u043a\u0442\/stainless-steel-portable-hookah-wholesale\/","og_site_name":"Global Hookah","article_modified_time":"2024-04-06T13:21:33+00:00","og_image":[{"width":2550,"height":2550,"url":"https:\/\/global-hookah.com\/wp-content\/uploads\/2024\/04\/V2A-Stainless-Steel-Portable-Hookah-Wholesale-Mini-Hookah-Cup-With-Hookah-Travel-Bag-All-Accessories.webp","type":"image\/webp"}],"twitter_card":"summary_large_image","twitter_misc":{"Gesch\u00e4tzte Lesezeit":"2\u00a0Minuten"},"schema":{"@context":"https:\/\/schema.org","@graph":[{"@type":"WebPage","@id":"https:\/\/global-hookah.com\/ru\/\u043f\u0440\u043e\u0434\u0443\u043a\u0442\/stainless-steel-portable-hookah-wholesale\/","url":"https:\/\/global-hookah.com\/ru\/\u043f\u0440\u043e\u0434\u0443\u043a\u0442\/stainless-steel-portable-hookah-wholesale\/","name":"Tragbare Wasserpfeife aus Edelstahl Gro\u00dfhandel - Global Hookah","isPartOf":{"@id":"https:\/\/global-hookah.com\/#website"},"primaryImageOfPage":{"@id":"https:\/\/global-hookah.com\/ru\/\u043f\u0440\u043e\u0434\u0443\u043a\u0442\/stainless-steel-portable-hookah-wholesale\/#primaryimage"},"image":{"@id":"https:\/\/global-hookah.com\/ru\/\u043f\u0440\u043e\u0434\u0443\u043a\u0442\/stainless-steel-portable-hookah-wholesale\/#primaryimage"},"thumbnailUrl":"https:\/\/global-hookah.com\/wp-content\/uploads\/2024\/04\/V2A-Stainless-Steel-Portable-Hookah-Wholesale-Mini-Hookah-Cup-With-Hookah-Travel-Bag-All-Accessories.webp","datePublished":"2024-04-06T13:21:14+00:00","dateModified":"2024-04-06T13:21:33+00:00","breadcrumb":{"@id":"https:\/\/global-hookah.com\/ru\/\u043f\u0440\u043e\u0434\u0443\u043a\u0442\/stainless-steel-portable-hookah-wholesale\/#breadcrumb"},"inLanguage":"de","potentialAction":[{"@type":"ReadAction","target":["https:\/\/global-hookah.com\/ru\/\u043f\u0440\u043e\u0434\u0443\u043a\u0442\/stainless-steel-portable-hookah-wholesale\/"]}]},{"@type":"ImageObject","inLanguage":"de","@id":"https:\/\/global-hookah.com\/ru\/\u043f\u0440\u043e\u0434\u0443\u043a\u0442\/stainless-steel-portable-hookah-wholesale\/#primaryimage","url":"https:\/\/global-hookah.com\/wp-content\/uploads\/2024\/04\/V2A-Stainless-Steel-Portable-Hookah-Wholesale-Mini-Hookah-Cup-With-Hookah-Travel-Bag-All-Accessories.webp","contentUrl":"https:\/\/global-hookah.com\/wp-content\/uploads\/2024\/04\/V2A-Stainless-Steel-Portable-Hookah-Wholesale-Mini-Hookah-Cup-With-Hookah-Travel-Bag-All-Accessories.webp","width":2550,"height":2550},{"@type":"BreadcrumbList","@id":"https:\/\/global-hookah.com\/ru\/\u043f\u0440\u043e\u0434\u0443\u043a\u0442\/stainless-steel-portable-hookah-wholesale\/#breadcrumb","itemListElement":[{"@type":"ListItem","position":1,"name":"Home","item":"https:\/\/global-hookah.com\/"},{"@type":"ListItem","position":2,"name":"Shop","item":"https:\/\/global-hookah.com\/shop\/"},{"@type":"ListItem","position":3,"name":"Stainless Steel Portable Hookah Wholesale"}]},{"@type":"WebSite","@id":"https:\/\/global-hookah.com\/#website","url":"https:\/\/global-hookah.com\/","name":"Globale Wasserpfeife","description":"Globale Wasserpfeife","publisher":{"@id":"https:\/\/global-hookah.com\/#organization"},"potentialAction":[{"@type":"SearchAction","target":{"@type":"EntryPoint","urlTemplate":"https:\/\/global-hookah.com\/?s={search_term_string}"},"query-input":{"@type":"PropertyValueSpecification","valueRequired":true,"valueName":"search_term_string"}}],"inLanguage":"de"},{"@type":"Organization","@id":"https:\/\/global-hookah.com\/#organization","name":"Globale Wasserpfeife","url":"https:\/\/global-hookah.com\/","logo":{"@type":"ImageObject","inLanguage":"de","@id":"https:\/\/global-hookah.com\/#\/schema\/logo\/image\/","url":"https:\/\/global-hookah.com\/wp-content\/uploads\/2021\/10\/cropped-fgg.png","contentUrl":"https:\/\/global-hookah.com\/wp-content\/uploads\/2021\/10\/cropped-fgg.png","width":512,"height":512,"caption":"Global Hookah"},"image":{"@id":"https:\/\/global-hookah.com\/#\/schema\/logo\/image\/"}}]}},"_links":{"self":[{"href":"https:\/\/global-hookah.com\/de\/wp-json\/wp\/v2\/product\/20547","targetHints":{"allow":["GET"]}}],"collection":[{"href":"https:\/\/global-hookah.com\/de\/wp-json\/wp\/v2\/product"}],"about":[{"href":"https:\/\/global-hookah.com\/de\/wp-json\/wp\/v2\/types\/product"}],"replies":[{"embeddable":true,"href":"https:\/\/global-hookah.com\/de\/wp-json\/wp\/v2\/comments?post=20547"}],"version-history":[{"count":0,"href":"https:\/\/global-hookah.com\/de\/wp-json\/wp\/v2\/product\/20547\/revisions"}],"wp:featuredmedia":[{"embeddable":true,"href":"https:\/\/global-hookah.com\/de\/wp-json\/wp\/v2\/media\/20548"}],"wp:attachment":[{"href":"https:\/\/global-hookah.com\/de\/wp-json\/wp\/v2\/media?parent=20547"}],"wp:term":[{"taxonomy":"product_brand","embeddable":true,"href":"https:\/\/global-hookah.com\/de\/wp-json\/wp\/v2\/product_brand?post=20547"},{"taxonomy":"product_cat","embeddable":true,"href":"https:\/\/global-hookah.com\/de\/wp-json\/wp\/v2\/product_cat?post=20547"},{"taxonomy":"product_tag","embeddable":true,"href":"https:\/\/global-hookah.com\/de\/wp-json\/wp\/v2\/product_tag?post=20547"}],"curies":[{"name":"wp","href":"https:\/\/api.w.org\/{rel}","templated":true}]}}