{"id":20644,"date":"2024-04-13T00:48:14","date_gmt":"2024-04-13T00:48:14","guid":{"rendered":"https:\/\/global-hookah.com\/?post_type=product&#038;p=20644"},"modified":"2024-04-13T02:53:08","modified_gmt":"2024-04-13T02:53:08","slug":"dry-flower-long-vape-pipe-wholesale","status":"publish","type":"product","link":"https:\/\/global-hookah.com\/de\/produkt\/dry-flower-long-vape-pipe-wholesale\/","title":{"rendered":"Trockene Blume lange Vape Pipe Gro\u00dfhandel"},"content":{"rendered":"<p>Als Neuling in Sachen E-Zigaretten bin ich immer auf der Suche nach dem trendigsten und coolsten E-Zigaretten-Erlebnis. Als ich die <strong>Trockene Blume lange Vape-Pfeife<\/strong>Ich war sofort von seinem h\u00fcbschen Aussehen und dem innovativen, einstellbaren Heizsystem begeistert!<\/p>\n<p>Die einstellbare Heizspirale passt die Temperatur perfekt an, um E-Saft in seidenweichen Dampf zu verwandeln. Keine verbrannten Treffer mehr! Der gro\u00dfe 3,5-ml-Tank und die langlebige 900-mAh-Batterie bedeuten tonnenweise Dampfvergn\u00fcgen zwischen den Aufladungen.<\/p>\n<p>Der durchsichtige Tank ist so cool - man kann die riesigen, dicken Wolken beobachten, die sich bei jedem Zug bilden. Und die Spule, die sich am Boden befindet, setzt den Saft vollst\u00e4ndig der Hitze aus, was zu einer fantastischen Dampfproduktion f\u00fchrt. Die <strong>Trockene Blume lange Vape-Pfeife<\/strong> funktioniert auch mit Ihren Lieblingszerst\u00e4ubern mit 510er Gewinde!<\/p>\n<p>Ich muss sagen, wenn man die Schachtel zum ersten Mal \u00f6ffnet, ist das elegante<a href=\"https:\/\/global-hookah.com\/product-category\/tobacco-pipe\/\"> Rohr<\/a> Das Design und die fantastische Handwerkskunst werden Sie sicher beeindrucken.<\/p>","protected":false},"excerpt":{"rendered":"<ul class=\"a-unordered-list a-vertical a-spacing-mini\">\n<li>Wenn Sie Gro\u00dfhandels- oder Anpassungsbedarf haben, k\u00f6nnen Sie sich gerne an jesse@xiaoxiongcrafts.com wenden. Unser Team wird sich f\u00fcr Sie einsetzen und ma\u00dfgeschneiderte Vape-Pipes f\u00fcr Ihre Marke herstellen.<\/li>\n<li>Mit dem fortschrittlichen DNA 60 Chipsatz kann diese E-Pfeife bis zu 60 Watt Leistung abgeben. Es unterst\u00fctzt Temperaturregelung mit Edelstahl, Nickel und Titan-Coils f\u00fcr ma\u00dfgeschneiderte vaping.<\/li>\n<li>Das kleine OLED-Display zeigt die aktuellen Einstellungen und den Modus deutlich an. Sie k\u00f6nnen Wattleistung, Temperatur, Widerstand, Spannung und mehr ganz einfach \u00fcberwachen und einstellen.<\/li>\n<li>Das komplette Kit enth\u00e4lt die Rosenholz e-Pfeife, Tropfspitze Stamm, Sub-Ohm Clearomizer Tank, zwei High-Drain 18650 Batterien und ein Ladeger\u00e4t<\/li>\n<li>Der DNA 60-Chip bietet wichtige Schutzfunktionen wie \u00dcberhitzungsschutz, Schutz vor niedrigem Widerstand, Schutz vor \u00dcberentladung und mehr f\u00fcr einen sicheren Betrieb.<\/li>\n<\/ul>","protected":false},"featured_media":20667,"comment_status":"open","ping_status":"closed","template":"","meta":{"iawp_total_views":4,"_joinchat":[]},"product_brand":[],"product_cat":[415,482],"product_tag":[],"class_list":{"0":"post-20644","1":"product","2":"type-product","3":"status-publish","4":"has-post-thumbnail","6":"product_cat-accessories","7":"product_cat-custom-vape-pipe","9":"first","10":"instock","11":"shipping-taxable","12":"product-type-external"},"yoast_head":"<!-- This site is optimized with the Yoast SEO Premium plugin v24.7 (Yoast SEO v26.8) - https:\/\/yoast.com\/product\/yoast-seo-premium-wordpress\/ -->\n<title>Dry Flower Long Vape Pipe Wholesale - Global Hookah<\/title>\n<meta name=\"robots\" content=\"index, follow, max-snippet:-1, max-image-preview:large, max-video-preview:-1\" \/>\n<link rel=\"canonical\" href=\"https:\/\/global-hookah.com\/de\/produkt\/dry-flower-long-vape-pipe-wholesale\/\" \/>\n<meta property=\"og:locale\" content=\"de_DE\" \/>\n<meta property=\"og:type\" content=\"article\" \/>\n<meta property=\"og:title\" content=\"Dry Flower Long Vape Pipe Wholesale\" \/>\n<meta property=\"og:description\" content=\"For any wholesale or customization needs, please feel free to inquire at\u00a0jesse@xiaoxiongcrafts.com. Our team will be dedicated to serving you and crafting tailored vape pipes for your brand.  With the advanced DNA 60 chipset, this e-pipe can output up to 60 watts of power. It supports temperature control with stainless steel, nickel, and titanium coils for customized vaping.  The mini OLED screen clearly displays your current settings and mode. Easily monitor and adjust wattage, temperature, resistance, voltage, and more.  The complete kit includes the rosewood e-pipe, drip tip stem, sub-ohm clearomizer tank, two high-drain 18650 batteries, and a battery charger  The DNA 60 chip provides essential protections like over-heating prevention, low resistance protection, over-discharge protection, and more for safe operation.\" \/>\n<meta property=\"og:url\" content=\"https:\/\/global-hookah.com\/de\/produkt\/dry-flower-long-vape-pipe-wholesale\/\" \/>\n<meta property=\"og:site_name\" content=\"Global Hookah\" \/>\n<meta property=\"article:modified_time\" content=\"2024-04-13T02:53:08+00:00\" \/>\n<meta property=\"og:image\" content=\"https:\/\/global-hookah.com\/wp-content\/uploads\/2024\/04\/6658.jpg\" \/>\n\t<meta property=\"og:image:width\" content=\"2000\" \/>\n\t<meta property=\"og:image:height\" content=\"2000\" \/>\n\t<meta property=\"og:image:type\" content=\"image\/jpeg\" \/>\n<meta name=\"twitter:card\" content=\"summary_large_image\" \/>\n<meta name=\"twitter:label1\" content=\"Gesch\u00e4tzte Lesezeit\" \/>\n\t<meta name=\"twitter:data1\" content=\"1\u00a0Minute\" \/>\n<script type=\"application\/ld+json\" class=\"yoast-schema-graph\">{\"@context\":\"https:\/\/schema.org\",\"@graph\":[{\"@type\":\"WebPage\",\"@id\":\"https:\/\/global-hookah.com\/product\/dry-flower-long-vape-pipe-wholesale\/\",\"url\":\"https:\/\/global-hookah.com\/product\/dry-flower-long-vape-pipe-wholesale\/\",\"name\":\"Dry Flower Long Vape Pipe Wholesale - Global Hookah\",\"isPartOf\":{\"@id\":\"https:\/\/global-hookah.com\/#website\"},\"primaryImageOfPage\":{\"@id\":\"https:\/\/global-hookah.com\/product\/dry-flower-long-vape-pipe-wholesale\/#primaryimage\"},\"image\":{\"@id\":\"https:\/\/global-hookah.com\/product\/dry-flower-long-vape-pipe-wholesale\/#primaryimage\"},\"thumbnailUrl\":\"https:\/\/global-hookah.com\/wp-content\/uploads\/2024\/04\/6658.jpg\",\"datePublished\":\"2024-04-13T00:48:14+00:00\",\"dateModified\":\"2024-04-13T02:53:08+00:00\",\"breadcrumb\":{\"@id\":\"https:\/\/global-hookah.com\/product\/dry-flower-long-vape-pipe-wholesale\/#breadcrumb\"},\"inLanguage\":\"de\",\"potentialAction\":[{\"@type\":\"ReadAction\",\"target\":[\"https:\/\/global-hookah.com\/product\/dry-flower-long-vape-pipe-wholesale\/\"]}]},{\"@type\":\"ImageObject\",\"inLanguage\":\"de\",\"@id\":\"https:\/\/global-hookah.com\/product\/dry-flower-long-vape-pipe-wholesale\/#primaryimage\",\"url\":\"https:\/\/global-hookah.com\/wp-content\/uploads\/2024\/04\/6658.jpg\",\"contentUrl\":\"https:\/\/global-hookah.com\/wp-content\/uploads\/2024\/04\/6658.jpg\",\"width\":2000,\"height\":2000,\"caption\":\"Dry Flower Long Vape Pipe Wholesale\"},{\"@type\":\"BreadcrumbList\",\"@id\":\"https:\/\/global-hookah.com\/product\/dry-flower-long-vape-pipe-wholesale\/#breadcrumb\",\"itemListElement\":[{\"@type\":\"ListItem\",\"position\":1,\"name\":\"Home\",\"item\":\"https:\/\/global-hookah.com\/\"},{\"@type\":\"ListItem\",\"position\":2,\"name\":\"Shop\",\"item\":\"https:\/\/global-hookah.com\/shop\/\"},{\"@type\":\"ListItem\",\"position\":3,\"name\":\"Dry Flower Long Vape Pipe Wholesale\"}]},{\"@type\":\"WebSite\",\"@id\":\"https:\/\/global-hookah.com\/#website\",\"url\":\"https:\/\/global-hookah.com\/\",\"name\":\"Global Hookah\",\"description\":\"Global Hookah\",\"publisher\":{\"@id\":\"https:\/\/global-hookah.com\/#organization\"},\"potentialAction\":[{\"@type\":\"SearchAction\",\"target\":{\"@type\":\"EntryPoint\",\"urlTemplate\":\"https:\/\/global-hookah.com\/?s={search_term_string}\"},\"query-input\":{\"@type\":\"PropertyValueSpecification\",\"valueRequired\":true,\"valueName\":\"search_term_string\"}}],\"inLanguage\":\"de\"},{\"@type\":\"Organization\",\"@id\":\"https:\/\/global-hookah.com\/#organization\",\"name\":\"Global Hookah\",\"url\":\"https:\/\/global-hookah.com\/\",\"logo\":{\"@type\":\"ImageObject\",\"inLanguage\":\"de\",\"@id\":\"https:\/\/global-hookah.com\/#\/schema\/logo\/image\/\",\"url\":\"https:\/\/global-hookah.com\/wp-content\/uploads\/2021\/10\/cropped-fgg.png\",\"contentUrl\":\"https:\/\/global-hookah.com\/wp-content\/uploads\/2021\/10\/cropped-fgg.png\",\"width\":512,\"height\":512,\"caption\":\"Global Hookah\"},\"image\":{\"@id\":\"https:\/\/global-hookah.com\/#\/schema\/logo\/image\/\"}}]}<\/script>\n<!-- \/ Yoast SEO Premium plugin. -->","yoast_head_json":{"title":"Trockene Blume lange Vape Pipe Gro\u00dfhandel - Global Hookah","robots":{"index":"index","follow":"follow","max-snippet":"max-snippet:-1","max-image-preview":"max-image-preview:large","max-video-preview":"max-video-preview:-1"},"canonical":"https:\/\/global-hookah.com\/de\/produkt\/dry-flower-long-vape-pipe-wholesale\/","og_locale":"de_DE","og_type":"article","og_title":"Dry Flower Long Vape Pipe Wholesale","og_description":"For any wholesale or customization needs, please feel free to inquire at\u00a0jesse@xiaoxiongcrafts.com. Our team will be dedicated to serving you and crafting tailored vape pipes for your brand.  With the advanced DNA 60 chipset, this e-pipe can output up to 60 watts of power. It supports temperature control with stainless steel, nickel, and titanium coils for customized vaping.  The mini OLED screen clearly displays your current settings and mode. Easily monitor and adjust wattage, temperature, resistance, voltage, and more.  The complete kit includes the rosewood e-pipe, drip tip stem, sub-ohm clearomizer tank, two high-drain 18650 batteries, and a battery charger  The DNA 60 chip provides essential protections like over-heating prevention, low resistance protection, over-discharge protection, and more for safe operation.","og_url":"https:\/\/global-hookah.com\/de\/produkt\/dry-flower-long-vape-pipe-wholesale\/","og_site_name":"Global Hookah","article_modified_time":"2024-04-13T02:53:08+00:00","og_image":[{"width":2000,"height":2000,"url":"https:\/\/global-hookah.com\/wp-content\/uploads\/2024\/04\/6658.jpg","type":"image\/jpeg"}],"twitter_card":"summary_large_image","twitter_misc":{"Gesch\u00e4tzte Lesezeit":"1\u00a0Minute"},"schema":{"@context":"https:\/\/schema.org","@graph":[{"@type":"WebPage","@id":"https:\/\/global-hookah.com\/product\/dry-flower-long-vape-pipe-wholesale\/","url":"https:\/\/global-hookah.com\/product\/dry-flower-long-vape-pipe-wholesale\/","name":"Trockene Blume lange Vape Pipe Gro\u00dfhandel - Global Hookah","isPartOf":{"@id":"https:\/\/global-hookah.com\/#website"},"primaryImageOfPage":{"@id":"https:\/\/global-hookah.com\/product\/dry-flower-long-vape-pipe-wholesale\/#primaryimage"},"image":{"@id":"https:\/\/global-hookah.com\/product\/dry-flower-long-vape-pipe-wholesale\/#primaryimage"},"thumbnailUrl":"https:\/\/global-hookah.com\/wp-content\/uploads\/2024\/04\/6658.jpg","datePublished":"2024-04-13T00:48:14+00:00","dateModified":"2024-04-13T02:53:08+00:00","breadcrumb":{"@id":"https:\/\/global-hookah.com\/product\/dry-flower-long-vape-pipe-wholesale\/#breadcrumb"},"inLanguage":"de","potentialAction":[{"@type":"ReadAction","target":["https:\/\/global-hookah.com\/product\/dry-flower-long-vape-pipe-wholesale\/"]}]},{"@type":"ImageObject","inLanguage":"de","@id":"https:\/\/global-hookah.com\/product\/dry-flower-long-vape-pipe-wholesale\/#primaryimage","url":"https:\/\/global-hookah.com\/wp-content\/uploads\/2024\/04\/6658.jpg","contentUrl":"https:\/\/global-hookah.com\/wp-content\/uploads\/2024\/04\/6658.jpg","width":2000,"height":2000,"caption":"Dry Flower Long Vape Pipe Wholesale"},{"@type":"BreadcrumbList","@id":"https:\/\/global-hookah.com\/product\/dry-flower-long-vape-pipe-wholesale\/#breadcrumb","itemListElement":[{"@type":"ListItem","position":1,"name":"Home","item":"https:\/\/global-hookah.com\/"},{"@type":"ListItem","position":2,"name":"Shop","item":"https:\/\/global-hookah.com\/shop\/"},{"@type":"ListItem","position":3,"name":"Dry Flower Long Vape Pipe Wholesale"}]},{"@type":"WebSite","@id":"https:\/\/global-hookah.com\/#website","url":"https:\/\/global-hookah.com\/","name":"Globale Wasserpfeife","description":"Globale Wasserpfeife","publisher":{"@id":"https:\/\/global-hookah.com\/#organization"},"potentialAction":[{"@type":"SearchAction","target":{"@type":"EntryPoint","urlTemplate":"https:\/\/global-hookah.com\/?s={search_term_string}"},"query-input":{"@type":"PropertyValueSpecification","valueRequired":true,"valueName":"search_term_string"}}],"inLanguage":"de"},{"@type":"Organization","@id":"https:\/\/global-hookah.com\/#organization","name":"Globale Wasserpfeife","url":"https:\/\/global-hookah.com\/","logo":{"@type":"ImageObject","inLanguage":"de","@id":"https:\/\/global-hookah.com\/#\/schema\/logo\/image\/","url":"https:\/\/global-hookah.com\/wp-content\/uploads\/2021\/10\/cropped-fgg.png","contentUrl":"https:\/\/global-hookah.com\/wp-content\/uploads\/2021\/10\/cropped-fgg.png","width":512,"height":512,"caption":"Global Hookah"},"image":{"@id":"https:\/\/global-hookah.com\/#\/schema\/logo\/image\/"}}]}},"_links":{"self":[{"href":"https:\/\/global-hookah.com\/de\/wp-json\/wp\/v2\/product\/20644","targetHints":{"allow":["GET"]}}],"collection":[{"href":"https:\/\/global-hookah.com\/de\/wp-json\/wp\/v2\/product"}],"about":[{"href":"https:\/\/global-hookah.com\/de\/wp-json\/wp\/v2\/types\/product"}],"replies":[{"embeddable":true,"href":"https:\/\/global-hookah.com\/de\/wp-json\/wp\/v2\/comments?post=20644"}],"version-history":[{"count":0,"href":"https:\/\/global-hookah.com\/de\/wp-json\/wp\/v2\/product\/20644\/revisions"}],"wp:featuredmedia":[{"embeddable":true,"href":"https:\/\/global-hookah.com\/de\/wp-json\/wp\/v2\/media\/20667"}],"wp:attachment":[{"href":"https:\/\/global-hookah.com\/de\/wp-json\/wp\/v2\/media?parent=20644"}],"wp:term":[{"taxonomy":"product_brand","embeddable":true,"href":"https:\/\/global-hookah.com\/de\/wp-json\/wp\/v2\/product_brand?post=20644"},{"taxonomy":"product_cat","embeddable":true,"href":"https:\/\/global-hookah.com\/de\/wp-json\/wp\/v2\/product_cat?post=20644"},{"taxonomy":"product_tag","embeddable":true,"href":"https:\/\/global-hookah.com\/de\/wp-json\/wp\/v2\/product_tag?post=20644"}],"curies":[{"name":"wp","href":"https:\/\/api.w.org\/{rel}","templated":true}]}}