{"id":20647,"date":"2024-04-13T00:48:15","date_gmt":"2024-04-13T00:48:15","guid":{"rendered":"https:\/\/global-hookah.com\/?post_type=product&#038;p=20647"},"modified":"2024-04-13T02:08:06","modified_gmt":"2024-04-13T02:08:06","slug":"e-pipe-vaporizer-wholesale","status":"publish","type":"product","link":"https:\/\/global-hookah.com\/de\/produkt\/e-pipe-vaporizer-wholesale\/","title":{"rendered":"E-Pfeife Verdampfer Gro\u00dfhandel"},"content":{"rendered":"<p>Wenn der \u00e4u\u00dfere Charme dieses <strong>E-Pfeife Verdampfer<\/strong> bereits Ihr Herz erobert hat, dann werden Sie von seiner inneren Konfiguration zutiefst fasziniert sein. Wir verwenden hochwertiges E-Liquid, um ein lang anhaltendes Dampferlebnis zu bieten. Die drei e-Fl\u00fcssigkeit Aromen k\u00f6nnen von Ihnen gemischt und abgestimmt werden. Sie k\u00f6nnen w\u00e4hlen, ob Sie sauer oder s\u00fc\u00df wollen. Die lange Akkulaufzeit von bis zu einem Tag kann Ihre langfristigen Verdampfungsbed\u00fcrfnisse erf\u00fcllen. Sie k\u00f6nnen nach Herzenslust rauchen!<\/p>\n<p>Diese <strong>Elektronisches Rohr<\/strong> ist aus hochwertigem Blair-Holz und rostfreiem Stahl gefertigt, und Sie k\u00f6nnen seine hochwertige Textur sp\u00fcren. Unsere Designer haben ihn verbessert und optimiert, und jetzt ist er kleiner, leichter und sehr einfach zu tragen.<\/p>\n<p>Unser <strong>Dampfrauchpfeifen<\/strong> verwenden die international anerkannte Ego 510 elektronische Zigarette Gewinde, die sicher und zuverl\u00e4ssig ist und unterst\u00fctzt nahtlose Anpassung der Ausgangsleistung. Die eingebaute 2ml e-Fl\u00fcssigkeit Speicherschicht ist aus hochelastischer Bio-Baumwolle aus Japan importiert, und kombiniert mit dem neugeborenen Kanthal A1 Heizdraht, wird es reich und dick produzieren<\/p>\n<p>Was mich am meisten begeistert, ist das Rauchvolumen und das Mundgef\u00fchl, es ist einfach so befriedigend! Die riesigen Dampfwolken, der sanfte Zug und jeder Zug geben mir ein extrem zufriedenes Gef\u00fchl. Ich garantiere, dass Sie, sobald Sie die<a href=\"https:\/\/global-hookah.com\/product-category\/tobacco-pipe\/custom-vape-pipe\/\"> <strong>E-Rohr<\/strong><\/a> zum ersten Mal sehen, werden Sie sich in sie verlieben,<\/p>\n<p>&nbsp;<\/p>","protected":false},"excerpt":{"rendered":"<ul>\n<li>Wenn Sie Gro\u00dfhandels- oder Anpassungsbedarf haben, k\u00f6nnen Sie sich gerne an jesse@xiaoxiongcrafts.com wenden. Unser Team wird sich f\u00fcr Sie einsetzen und ma\u00dfgeschneiderte Vape-Pipes f\u00fcr Ihre Marke herstellen.<\/li>\n<li>Elegantes Design aus Bruy\u00e8reholz und rostfreiem Stahl<\/li>\n<li>1000mAh eingebauter Akku<\/li>\n<li>Batteriekapazit\u00e4t: 1000mAh<\/li>\n<li>Zerst\u00e4uber Kapazit\u00e4t: 2ml<\/li>\n<li>Aufladezeit: 2-3 Stunden<\/li>\n<li>Arbeitsmodus: Volle 35W Wattleistung<\/li>\n<li>E-Saft Kapazit\u00e4t: 2.0ml<\/li>\n<li>Betriebsspannung: DC3.3V-DC4.2V<\/li>\n<li>Spulendraht-Material: Kanthal A1<\/li>\n<li>Ultraleicht und tragbar<\/li>\n<li>Eine Taste f\u00fcr einfache Bedienung<\/li>\n<li>Schutzfunktionen: Unterspannungsschutz, \u00dcberspannungsschutz, \u00dcberentladungsschutz, \u00dcberstromschutz, Kurzschlussschutz<\/li>\n<\/ul>","protected":false},"featured_media":20671,"comment_status":"open","ping_status":"closed","template":"","meta":{"iawp_total_views":0,"_joinchat":[]},"product_brand":[],"product_cat":[415,482],"product_tag":[],"class_list":{"0":"post-20647","1":"product","2":"type-product","3":"status-publish","4":"has-post-thumbnail","6":"product_cat-accessories","7":"product_cat-custom-vape-pipe","9":"first","10":"instock","11":"shipping-taxable","12":"product-type-external"},"yoast_head":"<!-- This site is optimized with the Yoast SEO Premium plugin v24.7 (Yoast SEO v26.8) - https:\/\/yoast.com\/product\/yoast-seo-premium-wordpress\/ -->\n<title>E-Pipe Vaporizer Wholesale - Global Hookah<\/title>\n<meta name=\"robots\" content=\"index, follow, max-snippet:-1, max-image-preview:large, max-video-preview:-1\" \/>\n<link rel=\"canonical\" href=\"https:\/\/global-hookah.com\/de\/produkt\/e-pipe-vaporizer-wholesale\/\" \/>\n<meta property=\"og:locale\" content=\"de_DE\" \/>\n<meta property=\"og:type\" content=\"article\" \/>\n<meta property=\"og:title\" content=\"E-Pipe Vaporizer Wholesale\" \/>\n<meta property=\"og:description\" content=\"For any wholesale or customization needs, please feel free to inquire at\u00a0jesse@xiaoxiongcrafts.com. Our team will be dedicated to serving you and crafting tailored vape pipes for your brand.  Elegant briarwood and stainless steel design  1000mAh built-in battery  Battery Capacity: 1000mAh  Atomizer Capacity: 2ml  Charging Time: 2-3 hours  Working Mode: Full 35W wattage output  E-juice Capacity: 2.0ml  Working Voltage: DC3.3V-DC4.2V  Coil Wire Material: Kanthal A1  Ultra lightweight and portable  One button for easy operation  Protections: Low voltage protection, Over voltage protection, Over-discharge protection, Over current protection, Short circuit protection\" \/>\n<meta property=\"og:url\" content=\"https:\/\/global-hookah.com\/de\/produkt\/e-pipe-vaporizer-wholesale\/\" \/>\n<meta property=\"og:site_name\" content=\"Global Hookah\" \/>\n<meta property=\"article:modified_time\" content=\"2024-04-13T02:08:06+00:00\" \/>\n<meta property=\"og:image\" content=\"https:\/\/global-hookah.com\/wp-content\/uploads\/2024\/04\/8856.jpg\" \/>\n\t<meta property=\"og:image:width\" content=\"2000\" \/>\n\t<meta property=\"og:image:height\" content=\"2000\" \/>\n\t<meta property=\"og:image:type\" content=\"image\/jpeg\" \/>\n<meta name=\"twitter:card\" content=\"summary_large_image\" \/>\n<meta name=\"twitter:label1\" content=\"Gesch\u00e4tzte Lesezeit\" \/>\n\t<meta name=\"twitter:data1\" content=\"2\u00a0Minuten\" \/>\n<script type=\"application\/ld+json\" class=\"yoast-schema-graph\">{\"@context\":\"https:\/\/schema.org\",\"@graph\":[{\"@type\":\"WebPage\",\"@id\":\"https:\/\/global-hookah.com\/product\/e-pipe-vaporizer-wholesale\/\",\"url\":\"https:\/\/global-hookah.com\/product\/e-pipe-vaporizer-wholesale\/\",\"name\":\"E-Pipe Vaporizer Wholesale - Global Hookah\",\"isPartOf\":{\"@id\":\"https:\/\/global-hookah.com\/#website\"},\"primaryImageOfPage\":{\"@id\":\"https:\/\/global-hookah.com\/product\/e-pipe-vaporizer-wholesale\/#primaryimage\"},\"image\":{\"@id\":\"https:\/\/global-hookah.com\/product\/e-pipe-vaporizer-wholesale\/#primaryimage\"},\"thumbnailUrl\":\"https:\/\/global-hookah.com\/wp-content\/uploads\/2024\/04\/8856.jpg\",\"datePublished\":\"2024-04-13T00:48:15+00:00\",\"dateModified\":\"2024-04-13T02:08:06+00:00\",\"breadcrumb\":{\"@id\":\"https:\/\/global-hookah.com\/product\/e-pipe-vaporizer-wholesale\/#breadcrumb\"},\"inLanguage\":\"de\",\"potentialAction\":[{\"@type\":\"ReadAction\",\"target\":[\"https:\/\/global-hookah.com\/product\/e-pipe-vaporizer-wholesale\/\"]}]},{\"@type\":\"ImageObject\",\"inLanguage\":\"de\",\"@id\":\"https:\/\/global-hookah.com\/product\/e-pipe-vaporizer-wholesale\/#primaryimage\",\"url\":\"https:\/\/global-hookah.com\/wp-content\/uploads\/2024\/04\/8856.jpg\",\"contentUrl\":\"https:\/\/global-hookah.com\/wp-content\/uploads\/2024\/04\/8856.jpg\",\"width\":2000,\"height\":2000},{\"@type\":\"BreadcrumbList\",\"@id\":\"https:\/\/global-hookah.com\/product\/e-pipe-vaporizer-wholesale\/#breadcrumb\",\"itemListElement\":[{\"@type\":\"ListItem\",\"position\":1,\"name\":\"Home\",\"item\":\"https:\/\/global-hookah.com\/\"},{\"@type\":\"ListItem\",\"position\":2,\"name\":\"Shop\",\"item\":\"https:\/\/global-hookah.com\/shop\/\"},{\"@type\":\"ListItem\",\"position\":3,\"name\":\"E-Pipe Vaporizer Wholesale\"}]},{\"@type\":\"WebSite\",\"@id\":\"https:\/\/global-hookah.com\/#website\",\"url\":\"https:\/\/global-hookah.com\/\",\"name\":\"Global Hookah\",\"description\":\"Global Hookah\",\"publisher\":{\"@id\":\"https:\/\/global-hookah.com\/#organization\"},\"potentialAction\":[{\"@type\":\"SearchAction\",\"target\":{\"@type\":\"EntryPoint\",\"urlTemplate\":\"https:\/\/global-hookah.com\/?s={search_term_string}\"},\"query-input\":{\"@type\":\"PropertyValueSpecification\",\"valueRequired\":true,\"valueName\":\"search_term_string\"}}],\"inLanguage\":\"de\"},{\"@type\":\"Organization\",\"@id\":\"https:\/\/global-hookah.com\/#organization\",\"name\":\"Global Hookah\",\"url\":\"https:\/\/global-hookah.com\/\",\"logo\":{\"@type\":\"ImageObject\",\"inLanguage\":\"de\",\"@id\":\"https:\/\/global-hookah.com\/#\/schema\/logo\/image\/\",\"url\":\"https:\/\/global-hookah.com\/wp-content\/uploads\/2021\/10\/cropped-fgg.png\",\"contentUrl\":\"https:\/\/global-hookah.com\/wp-content\/uploads\/2021\/10\/cropped-fgg.png\",\"width\":512,\"height\":512,\"caption\":\"Global Hookah\"},\"image\":{\"@id\":\"https:\/\/global-hookah.com\/#\/schema\/logo\/image\/\"}}]}<\/script>\n<!-- \/ Yoast SEO Premium plugin. -->","yoast_head_json":{"title":"E-Pfeife Vaporizer Gro\u00dfhandel - Global Hookah","robots":{"index":"index","follow":"follow","max-snippet":"max-snippet:-1","max-image-preview":"max-image-preview:large","max-video-preview":"max-video-preview:-1"},"canonical":"https:\/\/global-hookah.com\/de\/produkt\/e-pipe-vaporizer-wholesale\/","og_locale":"de_DE","og_type":"article","og_title":"E-Pipe Vaporizer Wholesale","og_description":"For any wholesale or customization needs, please feel free to inquire at\u00a0jesse@xiaoxiongcrafts.com. Our team will be dedicated to serving you and crafting tailored vape pipes for your brand.  Elegant briarwood and stainless steel design  1000mAh built-in battery  Battery Capacity: 1000mAh  Atomizer Capacity: 2ml  Charging Time: 2-3 hours  Working Mode: Full 35W wattage output  E-juice Capacity: 2.0ml  Working Voltage: DC3.3V-DC4.2V  Coil Wire Material: Kanthal A1  Ultra lightweight and portable  One button for easy operation  Protections: Low voltage protection, Over voltage protection, Over-discharge protection, Over current protection, Short circuit protection","og_url":"https:\/\/global-hookah.com\/de\/produkt\/e-pipe-vaporizer-wholesale\/","og_site_name":"Global Hookah","article_modified_time":"2024-04-13T02:08:06+00:00","og_image":[{"width":2000,"height":2000,"url":"https:\/\/global-hookah.com\/wp-content\/uploads\/2024\/04\/8856.jpg","type":"image\/jpeg"}],"twitter_card":"summary_large_image","twitter_misc":{"Gesch\u00e4tzte Lesezeit":"2\u00a0Minuten"},"schema":{"@context":"https:\/\/schema.org","@graph":[{"@type":"WebPage","@id":"https:\/\/global-hookah.com\/product\/e-pipe-vaporizer-wholesale\/","url":"https:\/\/global-hookah.com\/product\/e-pipe-vaporizer-wholesale\/","name":"E-Pfeife Vaporizer Gro\u00dfhandel - Global Hookah","isPartOf":{"@id":"https:\/\/global-hookah.com\/#website"},"primaryImageOfPage":{"@id":"https:\/\/global-hookah.com\/product\/e-pipe-vaporizer-wholesale\/#primaryimage"},"image":{"@id":"https:\/\/global-hookah.com\/product\/e-pipe-vaporizer-wholesale\/#primaryimage"},"thumbnailUrl":"https:\/\/global-hookah.com\/wp-content\/uploads\/2024\/04\/8856.jpg","datePublished":"2024-04-13T00:48:15+00:00","dateModified":"2024-04-13T02:08:06+00:00","breadcrumb":{"@id":"https:\/\/global-hookah.com\/product\/e-pipe-vaporizer-wholesale\/#breadcrumb"},"inLanguage":"de","potentialAction":[{"@type":"ReadAction","target":["https:\/\/global-hookah.com\/product\/e-pipe-vaporizer-wholesale\/"]}]},{"@type":"ImageObject","inLanguage":"de","@id":"https:\/\/global-hookah.com\/product\/e-pipe-vaporizer-wholesale\/#primaryimage","url":"https:\/\/global-hookah.com\/wp-content\/uploads\/2024\/04\/8856.jpg","contentUrl":"https:\/\/global-hookah.com\/wp-content\/uploads\/2024\/04\/8856.jpg","width":2000,"height":2000},{"@type":"BreadcrumbList","@id":"https:\/\/global-hookah.com\/product\/e-pipe-vaporizer-wholesale\/#breadcrumb","itemListElement":[{"@type":"ListItem","position":1,"name":"Home","item":"https:\/\/global-hookah.com\/"},{"@type":"ListItem","position":2,"name":"Shop","item":"https:\/\/global-hookah.com\/shop\/"},{"@type":"ListItem","position":3,"name":"E-Pipe Vaporizer Wholesale"}]},{"@type":"WebSite","@id":"https:\/\/global-hookah.com\/#website","url":"https:\/\/global-hookah.com\/","name":"Globale Wasserpfeife","description":"Globale Wasserpfeife","publisher":{"@id":"https:\/\/global-hookah.com\/#organization"},"potentialAction":[{"@type":"SearchAction","target":{"@type":"EntryPoint","urlTemplate":"https:\/\/global-hookah.com\/?s={search_term_string}"},"query-input":{"@type":"PropertyValueSpecification","valueRequired":true,"valueName":"search_term_string"}}],"inLanguage":"de"},{"@type":"Organization","@id":"https:\/\/global-hookah.com\/#organization","name":"Globale Wasserpfeife","url":"https:\/\/global-hookah.com\/","logo":{"@type":"ImageObject","inLanguage":"de","@id":"https:\/\/global-hookah.com\/#\/schema\/logo\/image\/","url":"https:\/\/global-hookah.com\/wp-content\/uploads\/2021\/10\/cropped-fgg.png","contentUrl":"https:\/\/global-hookah.com\/wp-content\/uploads\/2021\/10\/cropped-fgg.png","width":512,"height":512,"caption":"Global Hookah"},"image":{"@id":"https:\/\/global-hookah.com\/#\/schema\/logo\/image\/"}}]}},"_links":{"self":[{"href":"https:\/\/global-hookah.com\/de\/wp-json\/wp\/v2\/product\/20647","targetHints":{"allow":["GET"]}}],"collection":[{"href":"https:\/\/global-hookah.com\/de\/wp-json\/wp\/v2\/product"}],"about":[{"href":"https:\/\/global-hookah.com\/de\/wp-json\/wp\/v2\/types\/product"}],"replies":[{"embeddable":true,"href":"https:\/\/global-hookah.com\/de\/wp-json\/wp\/v2\/comments?post=20647"}],"version-history":[{"count":0,"href":"https:\/\/global-hookah.com\/de\/wp-json\/wp\/v2\/product\/20647\/revisions"}],"wp:featuredmedia":[{"embeddable":true,"href":"https:\/\/global-hookah.com\/de\/wp-json\/wp\/v2\/media\/20671"}],"wp:attachment":[{"href":"https:\/\/global-hookah.com\/de\/wp-json\/wp\/v2\/media?parent=20647"}],"wp:term":[{"taxonomy":"product_brand","embeddable":true,"href":"https:\/\/global-hookah.com\/de\/wp-json\/wp\/v2\/product_brand?post=20647"},{"taxonomy":"product_cat","embeddable":true,"href":"https:\/\/global-hookah.com\/de\/wp-json\/wp\/v2\/product_cat?post=20647"},{"taxonomy":"product_tag","embeddable":true,"href":"https:\/\/global-hookah.com\/de\/wp-json\/wp\/v2\/product_tag?post=20647"}],"curies":[{"name":"wp","href":"https:\/\/api.w.org\/{rel}","templated":true}]}}