{"id":20649,"date":"2024-04-13T00:48:15","date_gmt":"2024-04-13T00:48:15","guid":{"rendered":"https:\/\/global-hookah.com\/?post_type=product&#038;p=20649"},"modified":"2024-04-13T02:29:43","modified_gmt":"2024-04-13T02:29:43","slug":"wooden-e-pipe-wholesale","status":"publish","type":"product","link":"https:\/\/global-hookah.com\/de\/produkt\/wooden-e-pipe-wholesale\/","title":{"rendered":"H\u00f6lzerne E-Rohre Gro\u00dfhandel"},"content":{"rendered":"<p>Lassen Sie uns dar\u00fcber sprechen<strong> E-Rohr aus Holz<\/strong> Zun\u00e4chst einmal sieht sie sehr gut aus! Die Form der Pfeife aus ganzem Holz, sowohl visuell als auch haptisch, hat definitiv ein hohes Niveau erreicht und gibt Ihnen ein Gef\u00fchl von Ritual, wenn Sie sie benutzen! Gepaart mit dem exquisiten Zigarettenhalter aus Metall ist dieses Design einfach ein Kunstwerk!<\/p>\n<p>Apropos Konfiguration, diese <strong>E-Rohr aus Holz<\/strong> hat ein leichtes Geh\u00e4use von nur 88 Gramm, wird aber von einem leistungsstarken 1600-mAh-Akku angetrieben, so dass die Nutzungszeit absolut stressfrei ist. Was ist noch erstaunlicher ist seine 5-stufig einstellbare Ausgangsleistung, von 5W bis 30W. Sie k\u00f6nnen direkt DIY, was Rauchen Erfahrung, die Sie wollen. Das ist so cool!<\/p>\n<p>Dar\u00fcber hinaus arbeiten wir mit Pfeifenhandwerkern auf der ganzen Welt zusammen, um einzigartige, individuelle Designs anzubieten. Sie k\u00f6nnen eine E-Zigarette voller Pers\u00f6nlichkeit und Emotionen ganz nach Ihrer eigenen Kreativit\u00e4t und Ihren Bed\u00fcrfnissen gestalten! Ich versichere Ihnen, dass eine solche einmalige <a href=\"https:\/\/global-hookah.com\/product-category\/tobacco-pipe\/custom-vape-pipe\/\">E-Zigarette<\/a> wird mit Sicherheit zum Starprodukt in Ihrem Gesch\u00e4ft und zieht unz\u00e4hlige Kunden an.<\/p>\n<p>Produkt-Parameter\uff1a<\/p>\n<p>Empfohlener Widerstand: 1.0-1.5ohm<br \/>\nAkku-Kapazit\u00e4t: 1450mAh<br \/>\nVernebler Kapazit\u00e4t: 3ml<br \/>\nAusgangsleistung: 5W-30W<br \/>\nBetriebsspannung: 3,3V-4,2V<br \/>\nAufladezeit: etwa 2,5 Stunden -<\/p>","protected":false},"excerpt":{"rendered":"<p>Lassen Sie uns \u00fcber diese h\u00f6lzerne E-Pfeife Aussehen zuerst sprechen, es ist so h\u00fcbsch! Die Form der Pfeife besteht aus ganzen<\/p>","protected":false},"featured_media":20675,"comment_status":"open","ping_status":"closed","template":"","meta":{"iawp_total_views":4,"_joinchat":[]},"product_brand":[],"product_cat":[415,482],"product_tag":[],"class_list":{"0":"post-20649","1":"product","2":"type-product","3":"status-publish","4":"has-post-thumbnail","6":"product_cat-accessories","7":"product_cat-custom-vape-pipe","9":"first","10":"instock","11":"shipping-taxable","12":"product-type-external"},"yoast_head":"<!-- This site is optimized with the Yoast SEO Premium plugin v24.7 (Yoast SEO v26.8) - https:\/\/yoast.com\/product\/yoast-seo-premium-wordpress\/ -->\n<title>Wooden E Pipe Wholesale - Global Hookah<\/title>\n<meta name=\"robots\" content=\"index, follow, max-snippet:-1, max-image-preview:large, max-video-preview:-1\" \/>\n<link rel=\"canonical\" href=\"https:\/\/global-hookah.com\/de\/produkt\/wooden-e-pipe-wholesale\/\" \/>\n<meta property=\"og:locale\" content=\"de_DE\" \/>\n<meta property=\"og:type\" content=\"article\" \/>\n<meta property=\"og:title\" content=\"Wooden E Pipe Wholesale\" \/>\n<meta property=\"og:description\" content=\"Let&#8217;s talk about this Wooden E Pipe appearance first, it&#8217;s so handsome! The shape of the pipe made of whole\" \/>\n<meta property=\"og:url\" content=\"https:\/\/global-hookah.com\/de\/produkt\/wooden-e-pipe-wholesale\/\" \/>\n<meta property=\"og:site_name\" content=\"Global Hookah\" \/>\n<meta property=\"article:modified_time\" content=\"2024-04-13T02:29:43+00:00\" \/>\n<meta property=\"og:image\" content=\"https:\/\/global-hookah.com\/wp-content\/uploads\/2024\/04\/1711163126855.png\" \/>\n\t<meta property=\"og:image:width\" content=\"800\" \/>\n\t<meta property=\"og:image:height\" content=\"800\" \/>\n\t<meta property=\"og:image:type\" content=\"image\/png\" \/>\n<meta name=\"twitter:card\" content=\"summary_large_image\" \/>\n<meta name=\"twitter:label1\" content=\"Gesch\u00e4tzte Lesezeit\" \/>\n\t<meta name=\"twitter:data1\" content=\"2\u00a0Minuten\" \/>\n<script type=\"application\/ld+json\" class=\"yoast-schema-graph\">{\"@context\":\"https:\/\/schema.org\",\"@graph\":[{\"@type\":\"WebPage\",\"@id\":\"https:\/\/global-hookah.com\/product\/wooden-e-pipe-wholesale\/\",\"url\":\"https:\/\/global-hookah.com\/product\/wooden-e-pipe-wholesale\/\",\"name\":\"Wooden E Pipe Wholesale - Global Hookah\",\"isPartOf\":{\"@id\":\"https:\/\/global-hookah.com\/#website\"},\"primaryImageOfPage\":{\"@id\":\"https:\/\/global-hookah.com\/product\/wooden-e-pipe-wholesale\/#primaryimage\"},\"image\":{\"@id\":\"https:\/\/global-hookah.com\/product\/wooden-e-pipe-wholesale\/#primaryimage\"},\"thumbnailUrl\":\"https:\/\/global-hookah.com\/wp-content\/uploads\/2024\/04\/1711163126855.png\",\"datePublished\":\"2024-04-13T00:48:15+00:00\",\"dateModified\":\"2024-04-13T02:29:43+00:00\",\"breadcrumb\":{\"@id\":\"https:\/\/global-hookah.com\/product\/wooden-e-pipe-wholesale\/#breadcrumb\"},\"inLanguage\":\"de\",\"potentialAction\":[{\"@type\":\"ReadAction\",\"target\":[\"https:\/\/global-hookah.com\/product\/wooden-e-pipe-wholesale\/\"]}]},{\"@type\":\"ImageObject\",\"inLanguage\":\"de\",\"@id\":\"https:\/\/global-hookah.com\/product\/wooden-e-pipe-wholesale\/#primaryimage\",\"url\":\"https:\/\/global-hookah.com\/wp-content\/uploads\/2024\/04\/1711163126855.png\",\"contentUrl\":\"https:\/\/global-hookah.com\/wp-content\/uploads\/2024\/04\/1711163126855.png\",\"width\":800,\"height\":800},{\"@type\":\"BreadcrumbList\",\"@id\":\"https:\/\/global-hookah.com\/product\/wooden-e-pipe-wholesale\/#breadcrumb\",\"itemListElement\":[{\"@type\":\"ListItem\",\"position\":1,\"name\":\"Home\",\"item\":\"https:\/\/global-hookah.com\/\"},{\"@type\":\"ListItem\",\"position\":2,\"name\":\"Shop\",\"item\":\"https:\/\/global-hookah.com\/shop\/\"},{\"@type\":\"ListItem\",\"position\":3,\"name\":\"Wooden E Pipe Wholesale\"}]},{\"@type\":\"WebSite\",\"@id\":\"https:\/\/global-hookah.com\/#website\",\"url\":\"https:\/\/global-hookah.com\/\",\"name\":\"Global Hookah\",\"description\":\"Global Hookah\",\"publisher\":{\"@id\":\"https:\/\/global-hookah.com\/#organization\"},\"potentialAction\":[{\"@type\":\"SearchAction\",\"target\":{\"@type\":\"EntryPoint\",\"urlTemplate\":\"https:\/\/global-hookah.com\/?s={search_term_string}\"},\"query-input\":{\"@type\":\"PropertyValueSpecification\",\"valueRequired\":true,\"valueName\":\"search_term_string\"}}],\"inLanguage\":\"de\"},{\"@type\":\"Organization\",\"@id\":\"https:\/\/global-hookah.com\/#organization\",\"name\":\"Global Hookah\",\"url\":\"https:\/\/global-hookah.com\/\",\"logo\":{\"@type\":\"ImageObject\",\"inLanguage\":\"de\",\"@id\":\"https:\/\/global-hookah.com\/#\/schema\/logo\/image\/\",\"url\":\"https:\/\/global-hookah.com\/wp-content\/uploads\/2021\/10\/cropped-fgg.png\",\"contentUrl\":\"https:\/\/global-hookah.com\/wp-content\/uploads\/2021\/10\/cropped-fgg.png\",\"width\":512,\"height\":512,\"caption\":\"Global Hookah\"},\"image\":{\"@id\":\"https:\/\/global-hookah.com\/#\/schema\/logo\/image\/\"}}]}<\/script>\n<!-- \/ Yoast SEO Premium plugin. -->","yoast_head_json":{"title":"H\u00f6lzerne E-Pfeife Gro\u00dfhandel - Global Hookah","robots":{"index":"index","follow":"follow","max-snippet":"max-snippet:-1","max-image-preview":"max-image-preview:large","max-video-preview":"max-video-preview:-1"},"canonical":"https:\/\/global-hookah.com\/de\/produkt\/wooden-e-pipe-wholesale\/","og_locale":"de_DE","og_type":"article","og_title":"Wooden E Pipe Wholesale","og_description":"Let&#8217;s talk about this Wooden E Pipe appearance first, it&#8217;s so handsome! The shape of the pipe made of whole","og_url":"https:\/\/global-hookah.com\/de\/produkt\/wooden-e-pipe-wholesale\/","og_site_name":"Global Hookah","article_modified_time":"2024-04-13T02:29:43+00:00","og_image":[{"width":800,"height":800,"url":"https:\/\/global-hookah.com\/wp-content\/uploads\/2024\/04\/1711163126855.png","type":"image\/png"}],"twitter_card":"summary_large_image","twitter_misc":{"Gesch\u00e4tzte Lesezeit":"2\u00a0Minuten"},"schema":{"@context":"https:\/\/schema.org","@graph":[{"@type":"WebPage","@id":"https:\/\/global-hookah.com\/product\/wooden-e-pipe-wholesale\/","url":"https:\/\/global-hookah.com\/product\/wooden-e-pipe-wholesale\/","name":"H\u00f6lzerne E-Pfeife Gro\u00dfhandel - Global Hookah","isPartOf":{"@id":"https:\/\/global-hookah.com\/#website"},"primaryImageOfPage":{"@id":"https:\/\/global-hookah.com\/product\/wooden-e-pipe-wholesale\/#primaryimage"},"image":{"@id":"https:\/\/global-hookah.com\/product\/wooden-e-pipe-wholesale\/#primaryimage"},"thumbnailUrl":"https:\/\/global-hookah.com\/wp-content\/uploads\/2024\/04\/1711163126855.png","datePublished":"2024-04-13T00:48:15+00:00","dateModified":"2024-04-13T02:29:43+00:00","breadcrumb":{"@id":"https:\/\/global-hookah.com\/product\/wooden-e-pipe-wholesale\/#breadcrumb"},"inLanguage":"de","potentialAction":[{"@type":"ReadAction","target":["https:\/\/global-hookah.com\/product\/wooden-e-pipe-wholesale\/"]}]},{"@type":"ImageObject","inLanguage":"de","@id":"https:\/\/global-hookah.com\/product\/wooden-e-pipe-wholesale\/#primaryimage","url":"https:\/\/global-hookah.com\/wp-content\/uploads\/2024\/04\/1711163126855.png","contentUrl":"https:\/\/global-hookah.com\/wp-content\/uploads\/2024\/04\/1711163126855.png","width":800,"height":800},{"@type":"BreadcrumbList","@id":"https:\/\/global-hookah.com\/product\/wooden-e-pipe-wholesale\/#breadcrumb","itemListElement":[{"@type":"ListItem","position":1,"name":"Home","item":"https:\/\/global-hookah.com\/"},{"@type":"ListItem","position":2,"name":"Shop","item":"https:\/\/global-hookah.com\/shop\/"},{"@type":"ListItem","position":3,"name":"Wooden E Pipe Wholesale"}]},{"@type":"WebSite","@id":"https:\/\/global-hookah.com\/#website","url":"https:\/\/global-hookah.com\/","name":"Globale Wasserpfeife","description":"Globale Wasserpfeife","publisher":{"@id":"https:\/\/global-hookah.com\/#organization"},"potentialAction":[{"@type":"SearchAction","target":{"@type":"EntryPoint","urlTemplate":"https:\/\/global-hookah.com\/?s={search_term_string}"},"query-input":{"@type":"PropertyValueSpecification","valueRequired":true,"valueName":"search_term_string"}}],"inLanguage":"de"},{"@type":"Organization","@id":"https:\/\/global-hookah.com\/#organization","name":"Globale Wasserpfeife","url":"https:\/\/global-hookah.com\/","logo":{"@type":"ImageObject","inLanguage":"de","@id":"https:\/\/global-hookah.com\/#\/schema\/logo\/image\/","url":"https:\/\/global-hookah.com\/wp-content\/uploads\/2021\/10\/cropped-fgg.png","contentUrl":"https:\/\/global-hookah.com\/wp-content\/uploads\/2021\/10\/cropped-fgg.png","width":512,"height":512,"caption":"Global Hookah"},"image":{"@id":"https:\/\/global-hookah.com\/#\/schema\/logo\/image\/"}}]}},"_links":{"self":[{"href":"https:\/\/global-hookah.com\/de\/wp-json\/wp\/v2\/product\/20649","targetHints":{"allow":["GET"]}}],"collection":[{"href":"https:\/\/global-hookah.com\/de\/wp-json\/wp\/v2\/product"}],"about":[{"href":"https:\/\/global-hookah.com\/de\/wp-json\/wp\/v2\/types\/product"}],"replies":[{"embeddable":true,"href":"https:\/\/global-hookah.com\/de\/wp-json\/wp\/v2\/comments?post=20649"}],"version-history":[{"count":0,"href":"https:\/\/global-hookah.com\/de\/wp-json\/wp\/v2\/product\/20649\/revisions"}],"wp:featuredmedia":[{"embeddable":true,"href":"https:\/\/global-hookah.com\/de\/wp-json\/wp\/v2\/media\/20675"}],"wp:attachment":[{"href":"https:\/\/global-hookah.com\/de\/wp-json\/wp\/v2\/media?parent=20649"}],"wp:term":[{"taxonomy":"product_brand","embeddable":true,"href":"https:\/\/global-hookah.com\/de\/wp-json\/wp\/v2\/product_brand?post=20649"},{"taxonomy":"product_cat","embeddable":true,"href":"https:\/\/global-hookah.com\/de\/wp-json\/wp\/v2\/product_cat?post=20649"},{"taxonomy":"product_tag","embeddable":true,"href":"https:\/\/global-hookah.com\/de\/wp-json\/wp\/v2\/product_tag?post=20649"}],"curies":[{"name":"wp","href":"https:\/\/api.w.org\/{rel}","templated":true}]}}