{"id":20656,"date":"2024-04-13T00:48:15","date_gmt":"2024-04-13T00:48:15","guid":{"rendered":"https:\/\/global-hookah.com\/?post_type=product&#038;p=20656"},"modified":"2024-04-23T13:19:40","modified_gmt":"2024-04-23T13:19:40","slug":"best-pipe-style-vaporizer-wholesale","status":"publish","type":"product","link":"https:\/\/global-hookah.com\/de\/produkt\/best-pipe-style-vaporizer-wholesale\/","title":{"rendered":"Beste Pfeife Stil Vaporizer Gro\u00dfhandel"},"content":{"rendered":"<p>Aufruf an alle <strong>Vape-Enthusiasten und Gro\u00dfh\u00e4ndler<\/strong>! Wir freuen uns, Ihnen unser neuestes und gr\u00f6\u00dftes Produkt vorstellen zu k\u00f6nnen - die <strong>Verdampfer im Pfeifenstil<\/strong>. Dieser Tube E-Cig Vaporizer ist das meistverkaufte Produkt f\u00fcr Ihr Cannabis-Rauchgesch\u00e4ft, es ist perfekt f\u00fcr anspruchsvolle E-Zigaretten-Enthusiasten<\/p>\n<p>Vorbei sind die Zeiten, in denen m\u00fchsame <strong>E-Pfeife vape<\/strong>. Unser R\u00f6hrendesign entspricht dem Raucherlebnis, das Sie kennen und lieben. Mit seinem pfeifen\u00e4hnlichen Gef\u00fchl und seiner Tragbarkeit kannst Du \u00fcberall dort paffen, wo Dein Herz begehrt.<\/p>\n<p>Der schicke und avantgardistische Stil dieses <a href=\"https:\/\/global-hookah.com\/product\/e-pipe-vaporizer-wholesale\/\">E-Pfeife Verdampfer<\/a> bringt unvergleichliche Sanftheit in Ihr Dampferlebnis. Es verwendet branchenf\u00fchrende Heiztechnologie, um konstant ideale Temperaturen f\u00fcr jeden Zug zu gew\u00e4hrleisten.<\/p>\n<p>Der leistungsstarke 900mAh-Akku h\u00e4lt den ganzen Tag, und die einstellbare 3-stufige Spannung (3,0V-4,2V) passt sich individuellen Vorlieben an. Unsere fortschrittliche Verfl\u00fcssigungstechnik produziert dickeren, reicheren Dampf. Wir haben auch den Luftstrom f\u00fcr ein ununterbrochenes Rauchgef\u00fchl optimiert.<\/p>\n<p>Er ist mit der 510er-Standardschnittstelle kompatibel und kann mit verschiedenem E-Zig-Zubeh\u00f6r verwendet werden. Vor allem der eingebaute intelligente Chip, der eine konstante Verdampfungstemperatur f\u00fcr die gr\u00fcndlichste Nikotinerfahrung erm\u00f6glicht. Aber mein Favorit ist das LED-Licht an der Seite des <strong>Verdampferrohr, <\/strong>\u00a0was einen sehr coolen visuellen Effekt ergibt.<\/p>","protected":false},"excerpt":{"rendered":"<ul class=\"a-unordered-list a-vertical a-spacing-mini\">\n<li>F\u00fcr jede <a href=\"https:\/\/global-hookah.com\/product\/customized-wooden-herbal-vaporizer-wholesale\/\">Gro\u00dfhandel oder Personalisierung<\/a> ben\u00f6tigen, wenden Sie sich bitte an jesse@xiaoxiongcrafts.com. Unser Team wird sich f\u00fcr Sie einsetzen und ma\u00dfgeschneiderte L\u00f6sungen f\u00fcr Sie entwickeln. <a href=\"https:\/\/global-hookah.com\/product\/customizable-vape-pipe-wholesale\/\">Wasserpfeifen<\/a> f\u00fcr Ihre Marke.<\/li>\n<\/ul>","protected":false},"featured_media":20685,"comment_status":"open","ping_status":"closed","template":"","meta":{"iawp_total_views":2,"_joinchat":[]},"product_brand":[],"product_cat":[415,482],"product_tag":[],"class_list":{"0":"post-20656","1":"product","2":"type-product","3":"status-publish","4":"has-post-thumbnail","6":"product_cat-accessories","7":"product_cat-custom-vape-pipe","9":"first","10":"instock","11":"shipping-taxable","12":"product-type-external"},"yoast_head":"<!-- This site is optimized with the Yoast SEO Premium plugin v24.7 (Yoast SEO v26.8) - https:\/\/yoast.com\/product\/yoast-seo-premium-wordpress\/ -->\n<title>Best Pipe Style Vaporizer Wholesale - Global Hookah<\/title>\n<meta name=\"robots\" content=\"index, follow, max-snippet:-1, max-image-preview:large, max-video-preview:-1\" \/>\n<link rel=\"canonical\" href=\"https:\/\/global-hookah.com\/de\/produkt\/best-pipe-style-vaporizer-wholesale\/\" \/>\n<meta property=\"og:locale\" content=\"de_DE\" \/>\n<meta property=\"og:type\" content=\"article\" \/>\n<meta property=\"og:title\" content=\"Best Pipe Style Vaporizer Wholesale\" \/>\n<meta property=\"og:description\" content=\"For any wholesale or customization needs, please feel free to inquire at\u00a0jesse@xiaoxiongcrafts.com. Our team will be dedicated to serving you and crafting tailored vape pipes for your brand.\" \/>\n<meta property=\"og:url\" content=\"https:\/\/global-hookah.com\/de\/produkt\/best-pipe-style-vaporizer-wholesale\/\" \/>\n<meta property=\"og:site_name\" content=\"Global Hookah\" \/>\n<meta property=\"article:modified_time\" content=\"2024-04-23T13:19:40+00:00\" \/>\n<meta property=\"og:image\" content=\"https:\/\/global-hookah.com\/wp-content\/uploads\/2024\/04\/\u4e3b\u56fe-01.jpg\" \/>\n\t<meta property=\"og:image:width\" content=\"800\" \/>\n\t<meta property=\"og:image:height\" content=\"800\" \/>\n\t<meta property=\"og:image:type\" content=\"image\/jpeg\" \/>\n<meta name=\"twitter:card\" content=\"summary_large_image\" \/>\n<meta name=\"twitter:label1\" content=\"Gesch\u00e4tzte Lesezeit\" \/>\n\t<meta name=\"twitter:data1\" content=\"2\u00a0Minuten\" \/>\n<script type=\"application\/ld+json\" class=\"yoast-schema-graph\">{\"@context\":\"https:\/\/schema.org\",\"@graph\":[{\"@type\":\"WebPage\",\"@id\":\"https:\/\/global-hookah.com\/product\/best-pipe-style-vaporizer-wholesale\/\",\"url\":\"https:\/\/global-hookah.com\/product\/best-pipe-style-vaporizer-wholesale\/\",\"name\":\"Best Pipe Style Vaporizer Wholesale - Global Hookah\",\"isPartOf\":{\"@id\":\"https:\/\/global-hookah.com\/#website\"},\"primaryImageOfPage\":{\"@id\":\"https:\/\/global-hookah.com\/product\/best-pipe-style-vaporizer-wholesale\/#primaryimage\"},\"image\":{\"@id\":\"https:\/\/global-hookah.com\/product\/best-pipe-style-vaporizer-wholesale\/#primaryimage\"},\"thumbnailUrl\":\"https:\/\/global-hookah.com\/wp-content\/uploads\/2024\/04\/\u4e3b\u56fe-01.jpg\",\"datePublished\":\"2024-04-13T00:48:15+00:00\",\"dateModified\":\"2024-04-23T13:19:40+00:00\",\"breadcrumb\":{\"@id\":\"https:\/\/global-hookah.com\/product\/best-pipe-style-vaporizer-wholesale\/#breadcrumb\"},\"inLanguage\":\"de\",\"potentialAction\":[{\"@type\":\"ReadAction\",\"target\":[\"https:\/\/global-hookah.com\/product\/best-pipe-style-vaporizer-wholesale\/\"]}]},{\"@type\":\"ImageObject\",\"inLanguage\":\"de\",\"@id\":\"https:\/\/global-hookah.com\/product\/best-pipe-style-vaporizer-wholesale\/#primaryimage\",\"url\":\"https:\/\/global-hookah.com\/wp-content\/uploads\/2024\/04\/\u4e3b\u56fe-01.jpg\",\"contentUrl\":\"https:\/\/global-hookah.com\/wp-content\/uploads\/2024\/04\/\u4e3b\u56fe-01.jpg\",\"width\":800,\"height\":800},{\"@type\":\"BreadcrumbList\",\"@id\":\"https:\/\/global-hookah.com\/product\/best-pipe-style-vaporizer-wholesale\/#breadcrumb\",\"itemListElement\":[{\"@type\":\"ListItem\",\"position\":1,\"name\":\"Home\",\"item\":\"https:\/\/global-hookah.com\/\"},{\"@type\":\"ListItem\",\"position\":2,\"name\":\"Shop\",\"item\":\"https:\/\/global-hookah.com\/shop\/\"},{\"@type\":\"ListItem\",\"position\":3,\"name\":\"Best Pipe Style Vaporizer Wholesale\"}]},{\"@type\":\"WebSite\",\"@id\":\"https:\/\/global-hookah.com\/#website\",\"url\":\"https:\/\/global-hookah.com\/\",\"name\":\"Global Hookah\",\"description\":\"Global Hookah\",\"publisher\":{\"@id\":\"https:\/\/global-hookah.com\/#organization\"},\"potentialAction\":[{\"@type\":\"SearchAction\",\"target\":{\"@type\":\"EntryPoint\",\"urlTemplate\":\"https:\/\/global-hookah.com\/?s={search_term_string}\"},\"query-input\":{\"@type\":\"PropertyValueSpecification\",\"valueRequired\":true,\"valueName\":\"search_term_string\"}}],\"inLanguage\":\"de\"},{\"@type\":\"Organization\",\"@id\":\"https:\/\/global-hookah.com\/#organization\",\"name\":\"Global Hookah\",\"url\":\"https:\/\/global-hookah.com\/\",\"logo\":{\"@type\":\"ImageObject\",\"inLanguage\":\"de\",\"@id\":\"https:\/\/global-hookah.com\/#\/schema\/logo\/image\/\",\"url\":\"https:\/\/global-hookah.com\/wp-content\/uploads\/2021\/10\/cropped-fgg.png\",\"contentUrl\":\"https:\/\/global-hookah.com\/wp-content\/uploads\/2021\/10\/cropped-fgg.png\",\"width\":512,\"height\":512,\"caption\":\"Global Hookah\"},\"image\":{\"@id\":\"https:\/\/global-hookah.com\/#\/schema\/logo\/image\/\"}}]}<\/script>\n<!-- \/ Yoast SEO Premium plugin. -->","yoast_head_json":{"title":"Beste Pfeife Stil Vaporizer Gro\u00dfhandel - Global Hookah","robots":{"index":"index","follow":"follow","max-snippet":"max-snippet:-1","max-image-preview":"max-image-preview:large","max-video-preview":"max-video-preview:-1"},"canonical":"https:\/\/global-hookah.com\/de\/produkt\/best-pipe-style-vaporizer-wholesale\/","og_locale":"de_DE","og_type":"article","og_title":"Best Pipe Style Vaporizer Wholesale","og_description":"For any wholesale or customization needs, please feel free to inquire at\u00a0jesse@xiaoxiongcrafts.com. Our team will be dedicated to serving you and crafting tailored vape pipes for your brand.","og_url":"https:\/\/global-hookah.com\/de\/produkt\/best-pipe-style-vaporizer-wholesale\/","og_site_name":"Global Hookah","article_modified_time":"2024-04-23T13:19:40+00:00","og_image":[{"width":800,"height":800,"url":"https:\/\/global-hookah.com\/wp-content\/uploads\/2024\/04\/\u4e3b\u56fe-01.jpg","type":"image\/jpeg"}],"twitter_card":"summary_large_image","twitter_misc":{"Gesch\u00e4tzte Lesezeit":"2\u00a0Minuten"},"schema":{"@context":"https:\/\/schema.org","@graph":[{"@type":"WebPage","@id":"https:\/\/global-hookah.com\/product\/best-pipe-style-vaporizer-wholesale\/","url":"https:\/\/global-hookah.com\/product\/best-pipe-style-vaporizer-wholesale\/","name":"Beste Pfeife Stil Vaporizer Gro\u00dfhandel - Global Hookah","isPartOf":{"@id":"https:\/\/global-hookah.com\/#website"},"primaryImageOfPage":{"@id":"https:\/\/global-hookah.com\/product\/best-pipe-style-vaporizer-wholesale\/#primaryimage"},"image":{"@id":"https:\/\/global-hookah.com\/product\/best-pipe-style-vaporizer-wholesale\/#primaryimage"},"thumbnailUrl":"https:\/\/global-hookah.com\/wp-content\/uploads\/2024\/04\/\u4e3b\u56fe-01.jpg","datePublished":"2024-04-13T00:48:15+00:00","dateModified":"2024-04-23T13:19:40+00:00","breadcrumb":{"@id":"https:\/\/global-hookah.com\/product\/best-pipe-style-vaporizer-wholesale\/#breadcrumb"},"inLanguage":"de","potentialAction":[{"@type":"ReadAction","target":["https:\/\/global-hookah.com\/product\/best-pipe-style-vaporizer-wholesale\/"]}]},{"@type":"ImageObject","inLanguage":"de","@id":"https:\/\/global-hookah.com\/product\/best-pipe-style-vaporizer-wholesale\/#primaryimage","url":"https:\/\/global-hookah.com\/wp-content\/uploads\/2024\/04\/\u4e3b\u56fe-01.jpg","contentUrl":"https:\/\/global-hookah.com\/wp-content\/uploads\/2024\/04\/\u4e3b\u56fe-01.jpg","width":800,"height":800},{"@type":"BreadcrumbList","@id":"https:\/\/global-hookah.com\/product\/best-pipe-style-vaporizer-wholesale\/#breadcrumb","itemListElement":[{"@type":"ListItem","position":1,"name":"Home","item":"https:\/\/global-hookah.com\/"},{"@type":"ListItem","position":2,"name":"Shop","item":"https:\/\/global-hookah.com\/shop\/"},{"@type":"ListItem","position":3,"name":"Best Pipe Style Vaporizer Wholesale"}]},{"@type":"WebSite","@id":"https:\/\/global-hookah.com\/#website","url":"https:\/\/global-hookah.com\/","name":"Globale Wasserpfeife","description":"Globale Wasserpfeife","publisher":{"@id":"https:\/\/global-hookah.com\/#organization"},"potentialAction":[{"@type":"SearchAction","target":{"@type":"EntryPoint","urlTemplate":"https:\/\/global-hookah.com\/?s={search_term_string}"},"query-input":{"@type":"PropertyValueSpecification","valueRequired":true,"valueName":"search_term_string"}}],"inLanguage":"de"},{"@type":"Organization","@id":"https:\/\/global-hookah.com\/#organization","name":"Globale Wasserpfeife","url":"https:\/\/global-hookah.com\/","logo":{"@type":"ImageObject","inLanguage":"de","@id":"https:\/\/global-hookah.com\/#\/schema\/logo\/image\/","url":"https:\/\/global-hookah.com\/wp-content\/uploads\/2021\/10\/cropped-fgg.png","contentUrl":"https:\/\/global-hookah.com\/wp-content\/uploads\/2021\/10\/cropped-fgg.png","width":512,"height":512,"caption":"Global Hookah"},"image":{"@id":"https:\/\/global-hookah.com\/#\/schema\/logo\/image\/"}}]}},"_links":{"self":[{"href":"https:\/\/global-hookah.com\/de\/wp-json\/wp\/v2\/product\/20656","targetHints":{"allow":["GET"]}}],"collection":[{"href":"https:\/\/global-hookah.com\/de\/wp-json\/wp\/v2\/product"}],"about":[{"href":"https:\/\/global-hookah.com\/de\/wp-json\/wp\/v2\/types\/product"}],"replies":[{"embeddable":true,"href":"https:\/\/global-hookah.com\/de\/wp-json\/wp\/v2\/comments?post=20656"}],"version-history":[{"count":0,"href":"https:\/\/global-hookah.com\/de\/wp-json\/wp\/v2\/product\/20656\/revisions"}],"wp:featuredmedia":[{"embeddable":true,"href":"https:\/\/global-hookah.com\/de\/wp-json\/wp\/v2\/media\/20685"}],"wp:attachment":[{"href":"https:\/\/global-hookah.com\/de\/wp-json\/wp\/v2\/media?parent=20656"}],"wp:term":[{"taxonomy":"product_brand","embeddable":true,"href":"https:\/\/global-hookah.com\/de\/wp-json\/wp\/v2\/product_brand?post=20656"},{"taxonomy":"product_cat","embeddable":true,"href":"https:\/\/global-hookah.com\/de\/wp-json\/wp\/v2\/product_cat?post=20656"},{"taxonomy":"product_tag","embeddable":true,"href":"https:\/\/global-hookah.com\/de\/wp-json\/wp\/v2\/product_tag?post=20656"}],"curies":[{"name":"wp","href":"https:\/\/api.w.org\/{rel}","templated":true}]}}