{"id":20923,"date":"2024-04-17T11:38:11","date_gmt":"2024-04-17T11:38:11","guid":{"rendered":"https:\/\/global-hookah.com\/product\/compact-car-hookah-kit-wholesale\/"},"modified":"2024-04-18T13:14:29","modified_gmt":"2024-04-18T13:14:29","slug":"compact-car-hookah-kit-wholesale","status":"publish","type":"product","link":"https:\/\/global-hookah.com\/de\/produkt\/compact-car-hookah-kit-wholesale\/","title":{"rendered":"Kompaktes Auto Hookah Kit Gro\u00dfhandel"},"content":{"rendered":"<p style=\"font-family: 'open sans', roboto, arial, helvetica, sans-serif, simsun; font-size: 14px; font-weight: 400; letter-spacing: normal; line-height: inherit; text-align: start; white-space: normal; color: #222222; background-color: #ffffff; border: 0px; margin: 0px; padding: 0px; box-sizing: border-box;\" align=\"start\">Ist Ihre Reise ein wenig langweilig geworden? Bringen Sie etwas Spa\u00df in Ihre Reisen mit diesem <strong>Auto-Hookah-Kit<\/strong> Topf!<\/p>\n<p>Sie m\u00fcssen wissen, dass mit der Popularit\u00e4t der Wasserpfeife Kultur auf der ganzen Welt, viele Menschen hoffen, Wasserpfeife bequem zu genie\u00dfen, w\u00e4hrend der Reise im Auto. Allerdings, <a href=\"https:\/\/global-hookah.com\/\">traditionelle Wasserpfeife<\/a> Die Ausr\u00fcstung ist sperrig und unbequem zu tragen. Unser<strong> Auto-Hookah-Set<\/strong> l\u00f6st dieses Problem perfekt.<\/p>\n<p>Diese<strong> Auto Wasserpfeife<\/strong> wurde sorgf\u00e4ltig entworfen, um kompakt genug zu sein, um perfekt in einen Standard-Autobecherhalter zu passen oder leicht in einen Rucksack zu passen, um herumzutragen. Das elektrische Auto Wasserpfeife Set umfasst die Wasserpfeife K\u00f6rper, Silikonschlauch, Holzkohle Zange, kleine und gro\u00dfe Metall Zigarettenstummel Schalen, und alle Teile sind ordentlich in der Wasserpfeife K\u00f6rper mit einer winddichten Abdeckung gespeichert.<\/p>\n<p>\u00d6ffnen Sie die elegante schwarze Tragetasche und Sie finden zwei Schl\u00e4uche und Mundst\u00fccke, damit Sie und ein Freund die Wasserpfeife gemeinsam nutzen k\u00f6nnen (nat\u00fcrlich nicht w\u00e4hrend der Fahrt!) F\u00fcgen Sie einige Eisw\u00fcrfel in den eleganten Sockel und stellen Sie ihn einfach auf. Voila, Ihre eigene mobile Wasserpfeifen-Lounge.<\/p>\n<p>Stell dir vor, du f\u00e4hrst auf der Autobahn und genie\u00dft eine Wasserpfeifen-Session. Das w\u00e4re ein tolles Gef\u00fchl!<\/p>\n<p style=\"font-family: 'open sans', roboto, arial, helvetica, sans-serif, simsun; font-size: 14px; font-weight: 400; letter-spacing: normal; line-height: inherit; text-align: start; white-space: normal; color: #222222; background-color: #ffffff; border: 0px; margin: 0px; padding: 0px; box-sizing: border-box;\" align=\"start\"><img decoding=\"async\" src=\"https:\/\/ae01.alicdn.com\/kf\/S801a8e114e1244fcb33dee1f27cb94a9S.jpg\" \/><img decoding=\"async\" src=\"https:\/\/ae01.alicdn.com\/kf\/S672094d227b24adb997163ae253dcef1n.jpg\" \/><img decoding=\"async\" src=\"https:\/\/ae01.alicdn.com\/kf\/Sac52a5f712f54e33b9d4ed2bc1f62e2bz.jpg\" \/><img decoding=\"async\" src=\"https:\/\/ae01.alicdn.com\/kf\/Sce01822c944c45fdad3602a317ef3aa1N.jpg\" \/><img decoding=\"async\" src=\"https:\/\/ae01.alicdn.com\/kf\/S319edcb984ad4dd09e50c8a8f8bbd7260.jpg\" \/><img decoding=\"async\" src=\"https:\/\/ae01.alicdn.com\/kf\/Sa300d6efe9964c9b89e2ac0db0fe2683U.jpg\" \/><\/p>","protected":false},"excerpt":{"rendered":"<p>Wird Ihre Reise ein wenig langweilig? Bringen Sie etwas Spa\u00df in Ihre Reisen mit diesem Car Hookah Kit Topf! Sie<\/p>","protected":false},"featured_media":20924,"comment_status":"closed","ping_status":"closed","template":"","meta":{"iawp_total_views":52,"_joinchat":[]},"product_brand":[],"product_cat":[559,119],"product_tag":[],"class_list":{"0":"post-20923","1":"product","2":"type-product","3":"status-publish","4":"has-post-thumbnail","6":"product_cat-portable-hookah-wholesale","7":"product_cat-wholesale-hookah","9":"first","10":"instock","11":"shipping-taxable","12":"product-type-external"},"yoast_head":"<!-- This site is optimized with the Yoast SEO Premium plugin v24.7 (Yoast SEO v26.8) - https:\/\/yoast.com\/product\/yoast-seo-premium-wordpress\/ -->\n<title>Compact Car Hookah Kit Wholesale - Global Hookah<\/title>\n<meta name=\"robots\" content=\"index, follow, max-snippet:-1, max-image-preview:large, max-video-preview:-1\" \/>\n<link rel=\"canonical\" href=\"https:\/\/global-hookah.com\/de\/producto\/kit-de-narguile-compacto-para-coche-al-por-mayor\/\" \/>\n<meta property=\"og:locale\" content=\"de_DE\" \/>\n<meta property=\"og:type\" content=\"article\" \/>\n<meta property=\"og:title\" content=\"Compact Car Hookah Kit Wholesale\" \/>\n<meta property=\"og:description\" content=\"Is your trip getting a little dull? Add some fun to your travels with this Car Hookah Kit pot! You\" \/>\n<meta property=\"og:url\" content=\"https:\/\/global-hookah.com\/de\/producto\/kit-de-narguile-compacto-para-coche-al-por-mayor\/\" \/>\n<meta property=\"og:site_name\" content=\"Global Hookah\" \/>\n<meta property=\"article:modified_time\" content=\"2024-04-18T13:14:29+00:00\" \/>\n<meta property=\"og:image\" content=\"https:\/\/global-hookah.com\/wp-content\/uploads\/2024\/04\/kf-S801a8e114e1244fcb33dee1f27cb94a9S-Cup-Shape-Hookah-Shisha-Single-Tube-Portable-Car-Use-Hookah-Shisha-Fashionable-Whole-Set-Hookah-Shisha.webp\" \/>\n\t<meta property=\"og:image:width\" content=\"1000\" \/>\n\t<meta property=\"og:image:height\" content=\"1000\" \/>\n\t<meta property=\"og:image:type\" content=\"image\/webp\" \/>\n<meta name=\"twitter:card\" content=\"summary_large_image\" \/>\n<meta name=\"twitter:label1\" content=\"Gesch\u00e4tzte Lesezeit\" \/>\n\t<meta name=\"twitter:data1\" content=\"3\u00a0Minuten\" \/>\n<script type=\"application\/ld+json\" class=\"yoast-schema-graph\">{\"@context\":\"https:\/\/schema.org\",\"@graph\":[{\"@type\":\"WebPage\",\"@id\":\"https:\/\/global-hookah.com\/es\/producto\/kit-de-narguile-compacto-para-coche-al-por-mayor\/\",\"url\":\"https:\/\/global-hookah.com\/es\/producto\/kit-de-narguile-compacto-para-coche-al-por-mayor\/\",\"name\":\"Compact Car Hookah Kit Wholesale - Global Hookah\",\"isPartOf\":{\"@id\":\"https:\/\/global-hookah.com\/#website\"},\"primaryImageOfPage\":{\"@id\":\"https:\/\/global-hookah.com\/es\/producto\/kit-de-narguile-compacto-para-coche-al-por-mayor\/#primaryimage\"},\"image\":{\"@id\":\"https:\/\/global-hookah.com\/es\/producto\/kit-de-narguile-compacto-para-coche-al-por-mayor\/#primaryimage\"},\"thumbnailUrl\":\"https:\/\/global-hookah.com\/wp-content\/uploads\/2024\/04\/kf-S801a8e114e1244fcb33dee1f27cb94a9S-Cup-Shape-Hookah-Shisha-Single-Tube-Portable-Car-Use-Hookah-Shisha-Fashionable-Whole-Set-Hookah-Shisha.webp\",\"datePublished\":\"2024-04-17T11:38:11+00:00\",\"dateModified\":\"2024-04-18T13:14:29+00:00\",\"breadcrumb\":{\"@id\":\"https:\/\/global-hookah.com\/es\/producto\/kit-de-narguile-compacto-para-coche-al-por-mayor\/#breadcrumb\"},\"inLanguage\":\"de\",\"potentialAction\":[{\"@type\":\"ReadAction\",\"target\":[\"https:\/\/global-hookah.com\/es\/producto\/kit-de-narguile-compacto-para-coche-al-por-mayor\/\"]}]},{\"@type\":\"ImageObject\",\"inLanguage\":\"de\",\"@id\":\"https:\/\/global-hookah.com\/es\/producto\/kit-de-narguile-compacto-para-coche-al-por-mayor\/#primaryimage\",\"url\":\"https:\/\/global-hookah.com\/wp-content\/uploads\/2024\/04\/kf-S801a8e114e1244fcb33dee1f27cb94a9S-Cup-Shape-Hookah-Shisha-Single-Tube-Portable-Car-Use-Hookah-Shisha-Fashionable-Whole-Set-Hookah-Shisha.webp\",\"contentUrl\":\"https:\/\/global-hookah.com\/wp-content\/uploads\/2024\/04\/kf-S801a8e114e1244fcb33dee1f27cb94a9S-Cup-Shape-Hookah-Shisha-Single-Tube-Portable-Car-Use-Hookah-Shisha-Fashionable-Whole-Set-Hookah-Shisha.webp\",\"width\":1000,\"height\":1000,\"caption\":\"Compact Car Hookah Kit Wholesale\"},{\"@type\":\"BreadcrumbList\",\"@id\":\"https:\/\/global-hookah.com\/es\/producto\/kit-de-narguile-compacto-para-coche-al-por-mayor\/#breadcrumb\",\"itemListElement\":[{\"@type\":\"ListItem\",\"position\":1,\"name\":\"Home\",\"item\":\"https:\/\/global-hookah.com\/\"},{\"@type\":\"ListItem\",\"position\":2,\"name\":\"Shop\",\"item\":\"https:\/\/global-hookah.com\/shop\/\"},{\"@type\":\"ListItem\",\"position\":3,\"name\":\"Compact Car Hookah Kit Wholesale\"}]},{\"@type\":\"WebSite\",\"@id\":\"https:\/\/global-hookah.com\/#website\",\"url\":\"https:\/\/global-hookah.com\/\",\"name\":\"Global Hookah\",\"description\":\"Global Hookah\",\"publisher\":{\"@id\":\"https:\/\/global-hookah.com\/#organization\"},\"potentialAction\":[{\"@type\":\"SearchAction\",\"target\":{\"@type\":\"EntryPoint\",\"urlTemplate\":\"https:\/\/global-hookah.com\/?s={search_term_string}\"},\"query-input\":{\"@type\":\"PropertyValueSpecification\",\"valueRequired\":true,\"valueName\":\"search_term_string\"}}],\"inLanguage\":\"de\"},{\"@type\":\"Organization\",\"@id\":\"https:\/\/global-hookah.com\/#organization\",\"name\":\"Global Hookah\",\"url\":\"https:\/\/global-hookah.com\/\",\"logo\":{\"@type\":\"ImageObject\",\"inLanguage\":\"de\",\"@id\":\"https:\/\/global-hookah.com\/#\/schema\/logo\/image\/\",\"url\":\"https:\/\/global-hookah.com\/wp-content\/uploads\/2021\/10\/cropped-fgg.png\",\"contentUrl\":\"https:\/\/global-hookah.com\/wp-content\/uploads\/2021\/10\/cropped-fgg.png\",\"width\":512,\"height\":512,\"caption\":\"Global Hookah\"},\"image\":{\"@id\":\"https:\/\/global-hookah.com\/#\/schema\/logo\/image\/\"}}]}<\/script>\n<!-- \/ Yoast SEO Premium plugin. -->","yoast_head_json":{"title":"Kompaktes Auto Hookah Kit Gro\u00dfhandel - Global Hookah","robots":{"index":"index","follow":"follow","max-snippet":"max-snippet:-1","max-image-preview":"max-image-preview:large","max-video-preview":"max-video-preview:-1"},"canonical":"https:\/\/global-hookah.com\/de\/producto\/kit-de-narguile-compacto-para-coche-al-por-mayor\/","og_locale":"de_DE","og_type":"article","og_title":"Compact Car Hookah Kit Wholesale","og_description":"Is your trip getting a little dull? Add some fun to your travels with this Car Hookah Kit pot! You","og_url":"https:\/\/global-hookah.com\/de\/producto\/kit-de-narguile-compacto-para-coche-al-por-mayor\/","og_site_name":"Global Hookah","article_modified_time":"2024-04-18T13:14:29+00:00","og_image":[{"width":1000,"height":1000,"url":"https:\/\/global-hookah.com\/wp-content\/uploads\/2024\/04\/kf-S801a8e114e1244fcb33dee1f27cb94a9S-Cup-Shape-Hookah-Shisha-Single-Tube-Portable-Car-Use-Hookah-Shisha-Fashionable-Whole-Set-Hookah-Shisha.webp","type":"image\/webp"}],"twitter_card":"summary_large_image","twitter_misc":{"Gesch\u00e4tzte Lesezeit":"3\u00a0Minuten"},"schema":{"@context":"https:\/\/schema.org","@graph":[{"@type":"WebPage","@id":"https:\/\/global-hookah.com\/es\/producto\/kit-de-narguile-compacto-para-coche-al-por-mayor\/","url":"https:\/\/global-hookah.com\/es\/producto\/kit-de-narguile-compacto-para-coche-al-por-mayor\/","name":"Kompaktes Auto Hookah Kit Gro\u00dfhandel - Global Hookah","isPartOf":{"@id":"https:\/\/global-hookah.com\/#website"},"primaryImageOfPage":{"@id":"https:\/\/global-hookah.com\/es\/producto\/kit-de-narguile-compacto-para-coche-al-por-mayor\/#primaryimage"},"image":{"@id":"https:\/\/global-hookah.com\/es\/producto\/kit-de-narguile-compacto-para-coche-al-por-mayor\/#primaryimage"},"thumbnailUrl":"https:\/\/global-hookah.com\/wp-content\/uploads\/2024\/04\/kf-S801a8e114e1244fcb33dee1f27cb94a9S-Cup-Shape-Hookah-Shisha-Single-Tube-Portable-Car-Use-Hookah-Shisha-Fashionable-Whole-Set-Hookah-Shisha.webp","datePublished":"2024-04-17T11:38:11+00:00","dateModified":"2024-04-18T13:14:29+00:00","breadcrumb":{"@id":"https:\/\/global-hookah.com\/es\/producto\/kit-de-narguile-compacto-para-coche-al-por-mayor\/#breadcrumb"},"inLanguage":"de","potentialAction":[{"@type":"ReadAction","target":["https:\/\/global-hookah.com\/es\/producto\/kit-de-narguile-compacto-para-coche-al-por-mayor\/"]}]},{"@type":"ImageObject","inLanguage":"de","@id":"https:\/\/global-hookah.com\/es\/producto\/kit-de-narguile-compacto-para-coche-al-por-mayor\/#primaryimage","url":"https:\/\/global-hookah.com\/wp-content\/uploads\/2024\/04\/kf-S801a8e114e1244fcb33dee1f27cb94a9S-Cup-Shape-Hookah-Shisha-Single-Tube-Portable-Car-Use-Hookah-Shisha-Fashionable-Whole-Set-Hookah-Shisha.webp","contentUrl":"https:\/\/global-hookah.com\/wp-content\/uploads\/2024\/04\/kf-S801a8e114e1244fcb33dee1f27cb94a9S-Cup-Shape-Hookah-Shisha-Single-Tube-Portable-Car-Use-Hookah-Shisha-Fashionable-Whole-Set-Hookah-Shisha.webp","width":1000,"height":1000,"caption":"Compact Car Hookah Kit Wholesale"},{"@type":"BreadcrumbList","@id":"https:\/\/global-hookah.com\/es\/producto\/kit-de-narguile-compacto-para-coche-al-por-mayor\/#breadcrumb","itemListElement":[{"@type":"ListItem","position":1,"name":"Home","item":"https:\/\/global-hookah.com\/"},{"@type":"ListItem","position":2,"name":"Shop","item":"https:\/\/global-hookah.com\/shop\/"},{"@type":"ListItem","position":3,"name":"Compact Car Hookah Kit Wholesale"}]},{"@type":"WebSite","@id":"https:\/\/global-hookah.com\/#website","url":"https:\/\/global-hookah.com\/","name":"Globale Wasserpfeife","description":"Globale Wasserpfeife","publisher":{"@id":"https:\/\/global-hookah.com\/#organization"},"potentialAction":[{"@type":"SearchAction","target":{"@type":"EntryPoint","urlTemplate":"https:\/\/global-hookah.com\/?s={search_term_string}"},"query-input":{"@type":"PropertyValueSpecification","valueRequired":true,"valueName":"search_term_string"}}],"inLanguage":"de"},{"@type":"Organization","@id":"https:\/\/global-hookah.com\/#organization","name":"Globale Wasserpfeife","url":"https:\/\/global-hookah.com\/","logo":{"@type":"ImageObject","inLanguage":"de","@id":"https:\/\/global-hookah.com\/#\/schema\/logo\/image\/","url":"https:\/\/global-hookah.com\/wp-content\/uploads\/2021\/10\/cropped-fgg.png","contentUrl":"https:\/\/global-hookah.com\/wp-content\/uploads\/2021\/10\/cropped-fgg.png","width":512,"height":512,"caption":"Global Hookah"},"image":{"@id":"https:\/\/global-hookah.com\/#\/schema\/logo\/image\/"}}]}},"_links":{"self":[{"href":"https:\/\/global-hookah.com\/de\/wp-json\/wp\/v2\/product\/20923","targetHints":{"allow":["GET"]}}],"collection":[{"href":"https:\/\/global-hookah.com\/de\/wp-json\/wp\/v2\/product"}],"about":[{"href":"https:\/\/global-hookah.com\/de\/wp-json\/wp\/v2\/types\/product"}],"replies":[{"embeddable":true,"href":"https:\/\/global-hookah.com\/de\/wp-json\/wp\/v2\/comments?post=20923"}],"version-history":[{"count":0,"href":"https:\/\/global-hookah.com\/de\/wp-json\/wp\/v2\/product\/20923\/revisions"}],"wp:featuredmedia":[{"embeddable":true,"href":"https:\/\/global-hookah.com\/de\/wp-json\/wp\/v2\/media\/20924"}],"wp:attachment":[{"href":"https:\/\/global-hookah.com\/de\/wp-json\/wp\/v2\/media?parent=20923"}],"wp:term":[{"taxonomy":"product_brand","embeddable":true,"href":"https:\/\/global-hookah.com\/de\/wp-json\/wp\/v2\/product_brand?post=20923"},{"taxonomy":"product_cat","embeddable":true,"href":"https:\/\/global-hookah.com\/de\/wp-json\/wp\/v2\/product_cat?post=20923"},{"taxonomy":"product_tag","embeddable":true,"href":"https:\/\/global-hookah.com\/de\/wp-json\/wp\/v2\/product_tag?post=20923"}],"curies":[{"name":"wp","href":"https:\/\/api.w.org\/{rel}","templated":true}]}}