{"id":20956,"date":"2024-04-17T11:46:49","date_gmt":"2024-04-17T11:46:49","guid":{"rendered":"https:\/\/global-hookah.com\/product\/custom-pineapple-hookah-pipe\/"},"modified":"2024-04-23T13:15:12","modified_gmt":"2024-04-23T13:15:12","slug":"custom-pineapple-hookah-pipe","status":"publish","type":"product","link":"https:\/\/global-hookah.com\/de\/produkt\/custom-pineapple-hookah-pipe\/","title":{"rendered":"Benutzerdefinierte Ananas Hookah Pfeife"},"content":{"rendered":"<p>&nbsp;<\/p>\n<div class=\"product-specs-list-container\">\n<ul class=\"product-specs-list util-clearfix\">\n<li class=\"product-prop line-limit-length\"><span class=\"property-title\">Modellnummer:\u00a0<\/span><span class=\"property-desc line-limit-length\">Wasserpfeife<\/span><\/li>\n<li class=\"product-prop line-limit-length\"><span class=\"property-title\">Die Form:\u00a0<\/span><span class=\"property-desc line-limit-length\">Freier Typ<\/span><\/li>\n<li class=\"product-prop line-limit-length\"><span class=\"property-title\">Die Technik:\u00a0<\/span><span class=\"property-desc line-limit-length\">Lack<\/span><\/li>\n<li class=\"product-prop line-limit-length\"><span class=\"property-title\">Material:\u00a0<\/span><span class=\"property-desc line-limit-length\">RESIN<\/span><\/li>\n<li class=\"product-prop line-limit-length\"><span class=\"property-title\">Herkunft:\u00a0<\/span><span class=\"property-desc line-limit-length\">Festland China<\/span><\/li>\n<li class=\"product-prop line-limit-length\"><span class=\"property-title\">Art:\u00a0<\/span><span class=\"property-desc line-limit-length\">Shisha<\/span><\/li>\n<li class=\"product-prop line-limit-length\"><span class=\"property-title\">H\u00f6he:\u00a0<\/span><span class=\"property-desc line-limit-length\">35cm<\/span><\/li>\n<li class=\"product-prop line-limit-length\"><span class=\"property-title\">Verpackung:\u00a0<\/span><span class=\"property-desc line-limit-length\">Perle Baumwolle Farbe Box<\/span><\/li>\n<li class=\"product-prop line-limit-length\"><span class=\"property-title\">Gr\u00f6\u00dfe des Farbkastens:\u00a0<\/span><span class=\"property-desc line-limit-length\">34.5*27*18.6cm<\/span><\/li>\n<\/ul>\n<\/div>\n<div class=\"detailmodule_text-image\">\n<p style=\"font-size: 16px; font-weight: normal; text-align: left; display: block; width: 100%;\" align=\"left\">Beschreibung des Produkts<br \/>\nArt: Shisha<br \/>\nMaterial: Kunstharz<br \/>\nH\u00f6he: 35cm<br \/>\nVerpackung: Perle Baumwolle Farbe Box<br \/>\nFarbe Box Gr\u00f6\u00dfe: 34.5*27*18.6cm<br \/>\nVerpackung: Shisha K\u00f6rper, Rauch Bowal, Carbon Aschenbecher, Silikon-Rohr, Aluminium-Griff, Kohlenstoff-Klemme, <a href=\"https:\/\/global-hookah.com\/product\/stainless-steel-led-remote-control-lamp-water-cigarette-pot-super-large-smoke-plate-wholesale\/\">LED-Fernbedienung<\/a> Licht<\/p>\n<div><img decoding=\"async\" class=\"detail-desc-decorate-image\" src=\"https:\/\/ae01.alicdn.com\/kf\/Sa94c87b8904046b9896ad45a89ab2d0d7.jpeg\" \/><img decoding=\"async\" class=\"detail-desc-decorate-image\" src=\"https:\/\/ae01.alicdn.com\/kf\/S8c8de98412f849869c55800a4980c4032.jpeg\" \/><img decoding=\"async\" class=\"detail-desc-decorate-image\" src=\"https:\/\/ae01.alicdn.com\/kf\/S7d4fb326736741ebb2362b4e9690d014U.jpeg\" \/><img decoding=\"async\" class=\"detail-desc-decorate-image\" src=\"https:\/\/ae01.alicdn.com\/kf\/Sd56b39fc896a4c4f9793a083ef7fc8047.jpg\" \/><img decoding=\"async\" class=\"detail-desc-decorate-image\" src=\"https:\/\/ae01.alicdn.com\/kf\/Sa060d910cb3b45c480642bb0051e8e96z.jpg\" \/><img decoding=\"async\" class=\"detail-desc-decorate-image\" src=\"https:\/\/ae01.alicdn.com\/kf\/Sb476ec4e61e7452498ea965037e6e015J.jpg\" \/><img decoding=\"async\" class=\"detail-desc-decorate-image\" src=\"https:\/\/ae01.alicdn.com\/kf\/Sa36c53d989a74b0f9b3a02efb1555c41J.jpg\" \/><img decoding=\"async\" class=\"detail-desc-decorate-image\" src=\"https:\/\/ae01.alicdn.com\/kf\/S1f8ed4abc0c84523b1685f4667a69357T.jpg\" \/><\/div>\n<\/div>\n<div class=\"detailmodule_text-image\">\n<p style=\"color: #ffffff;\">F\u00fcr Wasserpfeife<br \/>\nNarghile<br \/>\nWasserpfeifen-Schale<br \/>\n<a href=\"https:\/\/global-hookah.com\/product\/wholesale-hookah-shisha-pipe-with-smoking-accessories\/\">Wasserpfeifenrauchen<\/a> D\u00fcsen<br \/>\nRaucherzubeh\u00f6r<br \/>\n<a href=\"https:\/\/global-hookah.com\/product\/2-hoses-glass-hookah-pipe-wholesale\/\">Glaspfeife<\/a> Rauchen<br \/>\nRauchelektronik<br \/>\nWasserpfeife Wasserpfeife<br \/>\n<a class=\"wpil_keyword_link\" href=\"https:\/\/global-hookah.com\/product-category\/wholesale-weed-pipes\/\"   title=\"Unkraut-Pfeife\" data-wpil-keyword-link=\"linked\">Unkraut-Pfeife<\/a><\/p>\n<\/div>\n<p>&nbsp;<\/p>","protected":false},"excerpt":{"rendered":"<p>&nbsp; Modellnummer: Wasserpfeife Form: Freier Typ Technik: Lack Material: HARZ Herkunft: Festland China Typ: Shisha H\u00f6he: 35cm Verpackung: Perle Baumwolle Farbe Box Farbe Box Gr\u00f6\u00dfe: 34.5*27*18.6cm Produktbeschreibung<\/p>","protected":false},"featured_media":20957,"comment_status":"closed","ping_status":"closed","template":"","meta":{"iawp_total_views":5,"_joinchat":[]},"product_brand":[],"product_cat":[560,119],"product_tag":[],"class_list":{"0":"post-20956","1":"product","2":"type-product","3":"status-publish","4":"has-post-thumbnail","6":"product_cat-glass-hookah-wholesale","7":"product_cat-wholesale-hookah","9":"first","10":"instock","11":"shipping-taxable","12":"purchasable","13":"product-type-variable"},"yoast_head":"<!-- This site is optimized with the Yoast SEO Premium plugin v24.7 (Yoast SEO v26.8) - https:\/\/yoast.com\/product\/yoast-seo-premium-wordpress\/ -->\n<title>Custom Pineapple Hookah Pipe - Global Hookah<\/title>\n<meta name=\"robots\" content=\"index, follow, max-snippet:-1, max-image-preview:large, max-video-preview:-1\" \/>\n<link rel=\"canonical\" href=\"https:\/\/global-hookah.com\/de\/produkt\/custom-pineapple-hookah-pipe\/\" \/>\n<meta property=\"og:locale\" content=\"de_DE\" \/>\n<meta property=\"og:type\" content=\"article\" \/>\n<meta property=\"og:title\" content=\"Custom Pineapple Hookah Pipe\" \/>\n<meta property=\"og:description\" content=\"&nbsp; Model Number:\u00a0hookah Shape:\u00a0Free Type Technics:\u00a0Lacquer Material:\u00a0RESIN Origin:\u00a0Mainland China Type:\u00a0Shisha Height:\u00a035cm Packaging:\u00a0Pearl cotton color box Color box size:\u00a034.5*27*18.6cm Product description\" \/>\n<meta property=\"og:url\" content=\"https:\/\/global-hookah.com\/de\/produkt\/custom-pineapple-hookah-pipe\/\" \/>\n<meta property=\"og:site_name\" content=\"Global Hookah\" \/>\n<meta property=\"article:modified_time\" content=\"2024-04-23T13:15:12+00:00\" \/>\n<meta property=\"og:image\" content=\"https:\/\/global-hookah.com\/wp-content\/uploads\/2024\/04\/kf-S271fe84d7b8d47268139b46f72d2326db-Resin-Arabian-Hookah-Smoking-Hooka-Pipe-Complete-Chicha-Narguile-Smoke-Accessories-KTV-Bar-Light-Pineapple-Modeling.webp\" \/>\n\t<meta property=\"og:image:width\" content=\"800\" \/>\n\t<meta property=\"og:image:height\" content=\"800\" \/>\n\t<meta property=\"og:image:type\" content=\"image\/webp\" \/>\n<meta name=\"twitter:card\" content=\"summary_large_image\" \/>\n<meta name=\"twitter:label1\" content=\"Gesch\u00e4tzte Lesezeit\" \/>\n\t<meta name=\"twitter:data1\" content=\"3\u00a0Minuten\" \/>\n<script type=\"application\/ld+json\" class=\"yoast-schema-graph\">{\"@context\":\"https:\/\/schema.org\",\"@graph\":[{\"@type\":\"WebPage\",\"@id\":\"https:\/\/global-hookah.com\/product\/custom-pineapple-hookah-pipe\/\",\"url\":\"https:\/\/global-hookah.com\/product\/custom-pineapple-hookah-pipe\/\",\"name\":\"Custom Pineapple Hookah Pipe - Global Hookah\",\"isPartOf\":{\"@id\":\"https:\/\/global-hookah.com\/#website\"},\"primaryImageOfPage\":{\"@id\":\"https:\/\/global-hookah.com\/product\/custom-pineapple-hookah-pipe\/#primaryimage\"},\"image\":{\"@id\":\"https:\/\/global-hookah.com\/product\/custom-pineapple-hookah-pipe\/#primaryimage\"},\"thumbnailUrl\":\"https:\/\/global-hookah.com\/wp-content\/uploads\/2024\/04\/kf-S271fe84d7b8d47268139b46f72d2326db-Resin-Arabian-Hookah-Smoking-Hooka-Pipe-Complete-Chicha-Narguile-Smoke-Accessories-KTV-Bar-Light-Pineapple-Modeling.webp\",\"datePublished\":\"2024-04-17T11:46:49+00:00\",\"dateModified\":\"2024-04-23T13:15:12+00:00\",\"breadcrumb\":{\"@id\":\"https:\/\/global-hookah.com\/product\/custom-pineapple-hookah-pipe\/#breadcrumb\"},\"inLanguage\":\"de\",\"potentialAction\":[{\"@type\":\"ReadAction\",\"target\":[\"https:\/\/global-hookah.com\/product\/custom-pineapple-hookah-pipe\/\"]}]},{\"@type\":\"ImageObject\",\"inLanguage\":\"de\",\"@id\":\"https:\/\/global-hookah.com\/product\/custom-pineapple-hookah-pipe\/#primaryimage\",\"url\":\"https:\/\/global-hookah.com\/wp-content\/uploads\/2024\/04\/kf-S271fe84d7b8d47268139b46f72d2326db-Resin-Arabian-Hookah-Smoking-Hooka-Pipe-Complete-Chicha-Narguile-Smoke-Accessories-KTV-Bar-Light-Pineapple-Modeling.webp\",\"contentUrl\":\"https:\/\/global-hookah.com\/wp-content\/uploads\/2024\/04\/kf-S271fe84d7b8d47268139b46f72d2326db-Resin-Arabian-Hookah-Smoking-Hooka-Pipe-Complete-Chicha-Narguile-Smoke-Accessories-KTV-Bar-Light-Pineapple-Modeling.webp\",\"width\":800,\"height\":800,\"caption\":\"Custom Pineapple Hookah Pipe\"},{\"@type\":\"BreadcrumbList\",\"@id\":\"https:\/\/global-hookah.com\/product\/custom-pineapple-hookah-pipe\/#breadcrumb\",\"itemListElement\":[{\"@type\":\"ListItem\",\"position\":1,\"name\":\"Home\",\"item\":\"https:\/\/global-hookah.com\/\"},{\"@type\":\"ListItem\",\"position\":2,\"name\":\"Shop\",\"item\":\"https:\/\/global-hookah.com\/shop\/\"},{\"@type\":\"ListItem\",\"position\":3,\"name\":\"Custom Pineapple Hookah Pipe\"}]},{\"@type\":\"WebSite\",\"@id\":\"https:\/\/global-hookah.com\/#website\",\"url\":\"https:\/\/global-hookah.com\/\",\"name\":\"Global Hookah\",\"description\":\"Global Hookah\",\"publisher\":{\"@id\":\"https:\/\/global-hookah.com\/#organization\"},\"potentialAction\":[{\"@type\":\"SearchAction\",\"target\":{\"@type\":\"EntryPoint\",\"urlTemplate\":\"https:\/\/global-hookah.com\/?s={search_term_string}\"},\"query-input\":{\"@type\":\"PropertyValueSpecification\",\"valueRequired\":true,\"valueName\":\"search_term_string\"}}],\"inLanguage\":\"de\"},{\"@type\":\"Organization\",\"@id\":\"https:\/\/global-hookah.com\/#organization\",\"name\":\"Global Hookah\",\"url\":\"https:\/\/global-hookah.com\/\",\"logo\":{\"@type\":\"ImageObject\",\"inLanguage\":\"de\",\"@id\":\"https:\/\/global-hookah.com\/#\/schema\/logo\/image\/\",\"url\":\"https:\/\/global-hookah.com\/wp-content\/uploads\/2021\/10\/cropped-fgg.png\",\"contentUrl\":\"https:\/\/global-hookah.com\/wp-content\/uploads\/2021\/10\/cropped-fgg.png\",\"width\":512,\"height\":512,\"caption\":\"Global Hookah\"},\"image\":{\"@id\":\"https:\/\/global-hookah.com\/#\/schema\/logo\/image\/\"}}]}<\/script>\n<!-- \/ Yoast SEO Premium plugin. -->","yoast_head_json":{"title":"Benutzerdefinierte Ananas Shisha-Pfeife - Global Hookah","robots":{"index":"index","follow":"follow","max-snippet":"max-snippet:-1","max-image-preview":"max-image-preview:large","max-video-preview":"max-video-preview:-1"},"canonical":"https:\/\/global-hookah.com\/de\/produkt\/custom-pineapple-hookah-pipe\/","og_locale":"de_DE","og_type":"article","og_title":"Custom Pineapple Hookah Pipe","og_description":"&nbsp; Model Number:\u00a0hookah Shape:\u00a0Free Type Technics:\u00a0Lacquer Material:\u00a0RESIN Origin:\u00a0Mainland China Type:\u00a0Shisha Height:\u00a035cm Packaging:\u00a0Pearl cotton color box Color box size:\u00a034.5*27*18.6cm Product description","og_url":"https:\/\/global-hookah.com\/de\/produkt\/custom-pineapple-hookah-pipe\/","og_site_name":"Global Hookah","article_modified_time":"2024-04-23T13:15:12+00:00","og_image":[{"width":800,"height":800,"url":"https:\/\/global-hookah.com\/wp-content\/uploads\/2024\/04\/kf-S271fe84d7b8d47268139b46f72d2326db-Resin-Arabian-Hookah-Smoking-Hooka-Pipe-Complete-Chicha-Narguile-Smoke-Accessories-KTV-Bar-Light-Pineapple-Modeling.webp","type":"image\/webp"}],"twitter_card":"summary_large_image","twitter_misc":{"Gesch\u00e4tzte Lesezeit":"3\u00a0Minuten"},"schema":{"@context":"https:\/\/schema.org","@graph":[{"@type":"WebPage","@id":"https:\/\/global-hookah.com\/product\/custom-pineapple-hookah-pipe\/","url":"https:\/\/global-hookah.com\/product\/custom-pineapple-hookah-pipe\/","name":"Benutzerdefinierte Ananas Shisha-Pfeife - Global Hookah","isPartOf":{"@id":"https:\/\/global-hookah.com\/#website"},"primaryImageOfPage":{"@id":"https:\/\/global-hookah.com\/product\/custom-pineapple-hookah-pipe\/#primaryimage"},"image":{"@id":"https:\/\/global-hookah.com\/product\/custom-pineapple-hookah-pipe\/#primaryimage"},"thumbnailUrl":"https:\/\/global-hookah.com\/wp-content\/uploads\/2024\/04\/kf-S271fe84d7b8d47268139b46f72d2326db-Resin-Arabian-Hookah-Smoking-Hooka-Pipe-Complete-Chicha-Narguile-Smoke-Accessories-KTV-Bar-Light-Pineapple-Modeling.webp","datePublished":"2024-04-17T11:46:49+00:00","dateModified":"2024-04-23T13:15:12+00:00","breadcrumb":{"@id":"https:\/\/global-hookah.com\/product\/custom-pineapple-hookah-pipe\/#breadcrumb"},"inLanguage":"de","potentialAction":[{"@type":"ReadAction","target":["https:\/\/global-hookah.com\/product\/custom-pineapple-hookah-pipe\/"]}]},{"@type":"ImageObject","inLanguage":"de","@id":"https:\/\/global-hookah.com\/product\/custom-pineapple-hookah-pipe\/#primaryimage","url":"https:\/\/global-hookah.com\/wp-content\/uploads\/2024\/04\/kf-S271fe84d7b8d47268139b46f72d2326db-Resin-Arabian-Hookah-Smoking-Hooka-Pipe-Complete-Chicha-Narguile-Smoke-Accessories-KTV-Bar-Light-Pineapple-Modeling.webp","contentUrl":"https:\/\/global-hookah.com\/wp-content\/uploads\/2024\/04\/kf-S271fe84d7b8d47268139b46f72d2326db-Resin-Arabian-Hookah-Smoking-Hooka-Pipe-Complete-Chicha-Narguile-Smoke-Accessories-KTV-Bar-Light-Pineapple-Modeling.webp","width":800,"height":800,"caption":"Custom Pineapple Hookah Pipe"},{"@type":"BreadcrumbList","@id":"https:\/\/global-hookah.com\/product\/custom-pineapple-hookah-pipe\/#breadcrumb","itemListElement":[{"@type":"ListItem","position":1,"name":"Home","item":"https:\/\/global-hookah.com\/"},{"@type":"ListItem","position":2,"name":"Shop","item":"https:\/\/global-hookah.com\/shop\/"},{"@type":"ListItem","position":3,"name":"Custom Pineapple Hookah Pipe"}]},{"@type":"WebSite","@id":"https:\/\/global-hookah.com\/#website","url":"https:\/\/global-hookah.com\/","name":"Globale Wasserpfeife","description":"Globale Wasserpfeife","publisher":{"@id":"https:\/\/global-hookah.com\/#organization"},"potentialAction":[{"@type":"SearchAction","target":{"@type":"EntryPoint","urlTemplate":"https:\/\/global-hookah.com\/?s={search_term_string}"},"query-input":{"@type":"PropertyValueSpecification","valueRequired":true,"valueName":"search_term_string"}}],"inLanguage":"de"},{"@type":"Organization","@id":"https:\/\/global-hookah.com\/#organization","name":"Globale Wasserpfeife","url":"https:\/\/global-hookah.com\/","logo":{"@type":"ImageObject","inLanguage":"de","@id":"https:\/\/global-hookah.com\/#\/schema\/logo\/image\/","url":"https:\/\/global-hookah.com\/wp-content\/uploads\/2021\/10\/cropped-fgg.png","contentUrl":"https:\/\/global-hookah.com\/wp-content\/uploads\/2021\/10\/cropped-fgg.png","width":512,"height":512,"caption":"Global Hookah"},"image":{"@id":"https:\/\/global-hookah.com\/#\/schema\/logo\/image\/"}}]}},"_links":{"self":[{"href":"https:\/\/global-hookah.com\/de\/wp-json\/wp\/v2\/product\/20956","targetHints":{"allow":["GET"]}}],"collection":[{"href":"https:\/\/global-hookah.com\/de\/wp-json\/wp\/v2\/product"}],"about":[{"href":"https:\/\/global-hookah.com\/de\/wp-json\/wp\/v2\/types\/product"}],"replies":[{"embeddable":true,"href":"https:\/\/global-hookah.com\/de\/wp-json\/wp\/v2\/comments?post=20956"}],"version-history":[{"count":0,"href":"https:\/\/global-hookah.com\/de\/wp-json\/wp\/v2\/product\/20956\/revisions"}],"wp:featuredmedia":[{"embeddable":true,"href":"https:\/\/global-hookah.com\/de\/wp-json\/wp\/v2\/media\/20957"}],"wp:attachment":[{"href":"https:\/\/global-hookah.com\/de\/wp-json\/wp\/v2\/media?parent=20956"}],"wp:term":[{"taxonomy":"product_brand","embeddable":true,"href":"https:\/\/global-hookah.com\/de\/wp-json\/wp\/v2\/product_brand?post=20956"},{"taxonomy":"product_cat","embeddable":true,"href":"https:\/\/global-hookah.com\/de\/wp-json\/wp\/v2\/product_cat?post=20956"},{"taxonomy":"product_tag","embeddable":true,"href":"https:\/\/global-hookah.com\/de\/wp-json\/wp\/v2\/product_tag?post=20956"}],"curies":[{"name":"wp","href":"https:\/\/api.w.org\/{rel}","templated":true}]}}