{"id":20965,"date":"2024-04-17T11:48:23","date_gmt":"2024-04-17T11:48:23","guid":{"rendered":"https:\/\/global-hookah.com\/product\/bulk-customized-protable-car-hookah-with-cover-led\/"},"modified":"2024-04-18T12:34:50","modified_gmt":"2024-04-18T12:34:50","slug":"bulk-customized-protable-car-hookah-with-cover-led","status":"publish","type":"product","link":"https:\/\/global-hookah.com\/de\/produkt\/bulk-customized-protable-car-hookah-with-cover-led\/","title":{"rendered":"Bulk Customized Protable Auto Wasserpfeife mit Abdeckung Led"},"content":{"rendered":"<div class=\"product-specs-list-container\">\n<p><strong style=\"font-size: 20px;\"><span class=\"15\"><span style=\"color: #f44e3b;\">PARAMETER<\/span><\/span><\/strong><\/p>\n<\/div>\n<div class=\"detailmodule_html\">\n<div class=\"detail-desc-decorate-richtext\">\n<p class=\"p\" style=\"margin: 0pt; padding: 0pt 0pt 0pt 0em;\"><span style=\"font-size: 14px;\"><strong><span style=\"background-color: #ffffff;\"><span style=\"color: #000000;\">Nettogewicht :<\/span><\/span><\/strong><\/span><span style=\"font-size: 14px;\"><span style=\"background-color: #ffffff;\">\u00a0420g<\/span><\/span><\/p>\n<p class=\"p\"><span style=\"font-size: 14px;\"><span style=\"color: #000000;\"><strong>Packungsgr\u00f6\u00dfe:<\/strong><\/span><\/span><span style=\"font-size: 14px;\"><span style=\"color: #000000;\">\u00a025*8,5*8,5cm<\/span><\/span><\/p>\n<p class=\"p\"><strong><span style=\"font-size: 14px;\"><span style=\"color: #000000;\">Material :<\/span><\/span><\/strong><span style=\"font-size: 14px;\">Acryl + Edelstahl<\/span><\/p>\n<p class=\"p\" style=\"margin: 0pt; padding: 0pt 0pt 0pt 0em;\"><span style=\"font-size: 14px;\"><span style=\"background-color: #ffffff;\"><span style=\"color: #000000;\"><strong>Verwendung:<\/strong><\/span><\/span><\/span><span style=\"font-size: 14px;\"><span style=\"background-color: #ffffff;\"><span style=\"color: #000000;\">\u00a0Wasserpfeife Rauchen<\/span><\/span><\/span><\/p>\n<p><span style=\"font-size: 20px;\"><strong><span class=\"15\"><span style=\"color: #f44e3b;\">EINSCHLIESSLICH<\/span><\/span><\/strong><\/span><br \/>\n<span style=\"font-size: 20px;\"><span style=\"font-size: 14px;\"><span style=\"background-color: #ffffff;\"><span style=\"color: #000000;\">Schale aus rostfreiem Stahl<\/span><\/span><\/span><\/span><span style=\"font-size: 20px;\"><span style=\"font-size: 14px;\"><span style=\"background-color: #ffffff;\"><span style=\"color: #000000;\"><strong>*1<\/strong><\/span><\/span><\/span><\/span><span style=\"font-size: 20px;\"><span style=\"font-size: 14px;\"><span style=\"background-color: #ffffff;\"><span style=\"color: #000000;\"><br \/>\nHalter f\u00fcr Holzkohle<\/span><\/span><\/span><\/span><span style=\"font-size: 20px;\"><span style=\"font-size: 14px;\"><span style=\"background-color: #ffffff;\"><span style=\"color: #000000;\"><strong>*1<\/strong><\/span><\/span><\/span><\/span><span style=\"font-size: 20px;\"><span style=\"font-size: 14px;\"><span style=\"background-color: #ffffff;\"><span style=\"color: #000000;\"><br \/>\nFallrohr<\/span><\/span><\/span><\/span><span style=\"font-size: 20px;\"><span style=\"font-size: 14px;\"><span style=\"background-color: #ffffff;\"><span style=\"color: #000000;\"><strong>*1<\/strong><\/span><\/span><\/span><\/span><span style=\"font-size: 20px;\"><span style=\"font-size: 14px;\"><span style=\"background-color: #ffffff;\"><span style=\"color: #000000;\"><br \/>\nAnti-R\u00fcckfluss-Schalld\u00e4mpfer<\/span><\/span><\/span><\/span><span style=\"font-size: 20px;\"><span style=\"font-size: 14px;\"><span style=\"background-color: #ffffff;\"><span style=\"color: #000000;\"><strong>*1<\/strong><\/span><\/span><\/span><\/span><span style=\"font-size: 20px;\"><span style=\"font-size: 14px;\"><span style=\"background-color: #ffffff;\"><span style=\"color: #000000;\"><br \/>\nSilikonschlauch<\/span><\/span><\/span><\/span><span style=\"font-size: 20px;\"><span style=\"font-size: 14px;\"><span style=\"background-color: #ffffff;\"><span style=\"color: #000000;\"><strong>*1<\/strong><\/span><\/span><\/span><\/span><span style=\"font-size: 20px;\"><span style=\"font-size: 14px;\"><span style=\"background-color: #ffffff;\"><span style=\"color: #000000;\"><br \/>\nStrohhalm aus Silikon<\/span><\/span><\/span><\/span><span style=\"font-size: 20px;\"><span style=\"font-size: 14px;\"><span style=\"background-color: #ffffff;\"><span style=\"color: #000000;\"><strong>*1<\/strong><\/span><\/span><\/span><\/span><span style=\"font-size: 20px;\"><span style=\"font-size: 14px;\"><span style=\"background-color: #ffffff;\"><span style=\"color: #000000;\"><br \/>\nLED-Leuchten<\/span><\/span><\/span><\/span><span style=\"font-size: 20px;\"><span style=\"font-size: 14px;\"><span style=\"background-color: #ffffff;\"><span style=\"color: #000000;\"><strong>*1<\/strong><\/span><\/span><\/span><\/span><span style=\"font-size: 20px;\"><span style=\"font-size: 14px;\"><span style=\"background-color: #ffffff;\"><span style=\"color: #000000;\"><br \/>\nClip<\/span><\/span><\/span><\/span><span style=\"font-size: 20px;\"><span style=\"font-size: 14px;\"><span style=\"background-color: #ffffff;\"><span style=\"color: #000000;\"><strong>*1<\/strong><\/span><\/span><\/span><\/span><span style=\"font-size: 20px;\"><span style=\"font-size: 14px;\"><span style=\"background-color: #ffffff;\"><span style=\"color: #000000;\"><br \/>\nFr\u00fchling<\/span><\/span><\/span><\/span><span style=\"font-size: 20px;\"><span style=\"font-size: 14px;\"><span style=\"background-color: #ffffff;\"><span style=\"color: #000000;\"><strong>*1<\/strong><\/span><\/span><\/span><\/span><span style=\"font-size: 20px;\"><span style=\"font-size: 14px;\"><span style=\"background-color: #ffffff;\"><span style=\"color: #000000;\"><br \/>\nKontaktaufnahme<\/span><\/span><\/span><\/span><span style=\"font-size: 20px;\"><span style=\"font-size: 14px;\"><span style=\"background-color: #ffffff;\"><span style=\"color: #000000;\"><strong>*1<\/strong><\/span><\/span><\/span><\/span><span style=\"font-size: 20px;\"><span style=\"font-size: 14px;\"><span style=\"background-color: #ffffff;\"><span style=\"color: #000000;\"><br \/>\nSchraubenzieher<\/span><\/span><\/span><\/span><span style=\"font-size: 20px;\"><span style=\"font-size: 14px;\"><span style=\"background-color: #ffffff;\"><span style=\"color: #000000;\"><strong>*1<\/strong><\/span><\/span><\/span><\/span><span style=\"font-size: 20px;\"><span style=\"font-size: 14px;\"><span style=\"background-color: #ffffff;\"><span style=\"color: #000000;\"><br \/>\nEinwegd\u00fcse<\/span><\/span><\/span><\/span><span style=\"font-size: 20px;\"><span style=\"font-size: 14px;\"><span style=\"background-color: #ffffff;\"><span style=\"color: #000000;\"><strong>*1<\/strong><\/span><\/span><\/span><\/span><span style=\"font-size: 20px;\"><span style=\"font-size: 14px;\"><span style=\"background-color: #ffffff;\"><span style=\"color: #000000;\"><br \/>\nHandtasche<\/span><\/span><\/span><\/span><span style=\"font-size: 20px;\"><span style=\"font-size: 14px;\"><span style=\"background-color: #ffffff;\"><span style=\"color: #000000;\"><strong>*1<\/strong><\/span><\/span><\/span><\/span><span style=\"font-size: 20px;\"><span style=\"font-size: 14px;\"><span style=\"background-color: #ffffff;\"><span style=\"color: #000000;\"><br \/>\nHandbuch<\/span><\/span><\/span><\/span><span style=\"font-size: 20px;\"><span style=\"font-size: 14px;\"><span style=\"background-color: #ffffff;\"><span style=\"color: #000000;\"><strong>*1<\/p>\n<p><\/strong><\/span><\/span><\/span><\/span><img decoding=\"async\" style=\"font-family: inherit; font-size: 0px; font-weight: inherit; letter-spacing: normal; line-height: inherit; text-align: center; white-space: normal; color: transparent; border: 0px; margin: 0px; padding: 0px; display: inline-block; max-width: 750px; width: 750px; height: 2346.75px; box-sizing: border-box;\" src=\"https:\/\/ae01.alicdn.com\/kf\/Sefcf97d457bd46b59b81e79b4fb7d0e13.jpg?width=1000&amp;height=3129&amp;hash=4129\" width=\"750px\" height=\"2346.75px\" \/><img decoding=\"async\" style=\"font-family: inherit; font-size: 0px; font-weight: inherit; letter-spacing: normal; line-height: inherit; text-align: center; white-space: normal; color: transparent; border: 0px; margin: 0px; padding: 0px; display: inline-block; max-width: 750px; width: 750px; height: 2304px; box-sizing: border-box;\" src=\"https:\/\/ae01.alicdn.com\/kf\/S3dc9fd35948e460d9ce72a4a4d6a5adbN.jpg?width=1000&amp;height=3072&amp;hash=4072\" width=\"750px\" height=\"2304px\" \/><img decoding=\"async\" style=\"font-family: inherit; font-size: 0px; font-weight: inherit; letter-spacing: normal; line-height: inherit; text-align: center; white-space: normal; color: transparent; border: 0px; margin: 0px; padding: 0px; display: inline-block; max-width: 750px; width: 750px; height: 750px; box-sizing: border-box;\" src=\"https:\/\/ae01.alicdn.com\/kf\/S9bdf31edba624003a407a756de814238a.jpg?width=1800&amp;height=1800&amp;hash=3600\" width=\"750px\" height=\"750px\" \/><img decoding=\"async\" style=\"font-family: inherit; font-size: 0px; font-weight: inherit; letter-spacing: normal; line-height: inherit; text-align: center; white-space: normal; color: transparent; border: 0px; margin: 0px; padding: 0px; display: inline-block; max-width: 750px; width: 750px; height: 1072.5px; box-sizing: border-box;\" src=\"https:\/\/ae01.alicdn.com\/kf\/Sf00778f6873f4c3389c18c4b7d523e289.jpg?width=1500&amp;height=2145&amp;hash=3645\" width=\"750px\" height=\"1072.5px\" \/><img decoding=\"async\" style=\"font-family: inherit; font-size: 0px; font-weight: inherit; letter-spacing: normal; line-height: inherit; text-align: center; white-space: normal; color: transparent; border: 0px; margin: 0px; padding: 0px; display: inline-block; max-width: 750px; width: 750px; height: 750px; box-sizing: border-box;\" src=\"https:\/\/ae01.alicdn.com\/kf\/S36f40a743675457aa55e29205f7e34a2J.jpg?width=1500&amp;height=1500&amp;hash=3000\" width=\"750px\" height=\"750px\" \/><img decoding=\"async\" style=\"font-family: inherit; font-size: 0px; font-weight: inherit; letter-spacing: normal; line-height: inherit; text-align: center; white-space: normal; color: transparent; border: 0px; margin: 0px; padding: 0px; display: inline-block; max-width: 750px; width: 750px; height: 749.744px; box-sizing: border-box;\" src=\"https:\/\/ae01.alicdn.com\/kf\/Sb4a5b94715264691823828bfb1d27699M.jpg?width=2932&amp;height=2931&amp;hash=5863\" width=\"750px\" height=\"749.744px\" \/><img decoding=\"async\" style=\"font-family: inherit; font-size: 0px; font-weight: inherit; letter-spacing: normal; line-height: inherit; text-align: center; white-space: normal; color: transparent; border: 0px; margin: 0px; padding: 0px; display: inline-block; max-width: 750px; width: 750px; height: 750px; box-sizing: border-box;\" src=\"https:\/\/ae01.alicdn.com\/kf\/S9e94895b8efb408598aaf26567b109fa5.jpg?width=1500&amp;height=1500&amp;hash=3000\" width=\"750px\" height=\"750px\" \/><img decoding=\"async\" style=\"font-family: inherit; font-size: 0px; font-weight: inherit; letter-spacing: normal; line-height: inherit; text-align: center; white-space: normal; color: transparent; border: 0px; margin: 0px; padding: 0px; display: inline-block; max-width: 750px; width: 750px; height: 750px; box-sizing: border-box;\" src=\"https:\/\/ae01.alicdn.com\/kf\/S5136e0b140db487ca1bb9b62d863f55ek.jpg?width=1500&amp;height=1500&amp;hash=3000\" width=\"750px\" height=\"750px\" \/><img decoding=\"async\" style=\"font-family: inherit; font-size: 0px; font-weight: inherit; letter-spacing: normal; line-height: inherit; text-align: center; white-space: normal; color: transparent; border: 0px; margin: 0px; padding: 0px; display: inline-block; max-width: 750px; width: 750px; height: 750px; box-sizing: border-box;\" src=\"https:\/\/ae01.alicdn.com\/kf\/Sfb2fa1935a83406e891b453665f1c821D.jpg?width=1000&amp;height=1000&amp;hash=2000\" width=\"750px\" height=\"750px\" \/><\/p>\n<p style=\"font-family: 'Open Sans', Roboto, Arial, Helvetica, sans-serif, SimSun; font-size: 14px; font-weight: 400; letter-spacing: normal; line-height: inherit; text-align: left; white-space: normal; color: #222222; margin: 0px; padding: 0px; box-sizing: border-box;\" align=\"left\">Warme Aufforderung:<br \/>\n1. unterst\u00fctzen f\u00fcr Gro\u00dfhandel, Dropshipping, Logo anpassen, OEM!<br \/>\n2.+Folgen Sie dem Gesch\u00e4ft und erhalten Sie Rabatte oder Gutscheine.<br \/>\n3.about Farbe: Ein Teil der Produkte sind zuf\u00e4llige Farbe geschickt, um schnelle Versandgeschwindigkeit zu halten (wenn Sie wollen, welche Farbe, lassen Sie bitte Hinweis oder Nachricht).<br \/>\n4. \u00fcber Stecker: Egal, welches Land Sie sind aus, wir alle senden Sie Standard-Konvertierung Stecker passt Ihr nationales.Shipping:<br \/>\n1. wir garantieren, dass wir die Ware innerhalb von 24 Stunden nach Zahlungsbest\u00e4tigung versenden, au\u00dfer an Feiertagen.<br \/>\n2. wir versenden durch AliExpress Standard Versand, DHL, Fedex, haupts\u00e4chlich entsprechend der Versandmethode Ihrer Wahl.<br \/>\n3. wir haben reiche Erfahrung im Versand, Sie werden keine Probleme mit dem Zoll haben, bitte 100% Garantie glauben Sie uns.<br \/>\n4. wenn Sie den Artikel nach 15-45 Tagen nicht erhalten haben, kontaktieren Sie uns bitte, wir werden alles tun, um das Problem zu l\u00f6sen.<br \/>\nR\u00fcckgabe &amp; R\u00fcckerstattung:<br \/>\nWenn irgendeine Frage \u00fcber Einzelteile, nehmen Sie bitte Fotos oder Videos, kontaktieren Sie uns, um erneut zu senden, R\u00fcckkehr oder R\u00fcckerstattung, brauchen Sie nicht \u00f6ffnen den Streit oder \u00dcberpr\u00fcfung.<br \/>\nGarantie:<br \/>\n100% Original und Qualit\u00e4tsgarantie! Alle Artikel haben 1-3 Jahre Garantie.<\/p>\n<div style=\"font-family: 'Open Sans', Roboto, Arial, Helvetica, sans-serif, SimSun; font-size: 14px; font-weight: 400; letter-spacing: normal; text-align: start; white-space: normal; color: #222222; margin: 0px; padding: 0px; box-sizing: content-box;\" align=\"start\"><\/div>\n<p>&nbsp;<\/p>\n<\/div>\n<\/div>\n<p>&nbsp;<\/p>","protected":false},"excerpt":{"rendered":"<p>PARAMETER Nettogewicht: 420g Packungsgr\u00f6\u00dfe: 25*8.5*8.5cm Material: Acryl + Edelstahl Verwendung: Wasserpfeife Rauchen EINSCHLIE\u00dfLICH Edelstahlschale*1 Holzkohle<\/p>","protected":false},"featured_media":20966,"comment_status":"closed","ping_status":"closed","template":"","meta":{"iawp_total_views":2,"_joinchat":[]},"product_brand":[],"product_cat":[559],"product_tag":[],"class_list":{"0":"post-20965","1":"product","2":"type-product","3":"status-publish","4":"has-post-thumbnail","6":"product_cat-portable-hookah-wholesale","8":"first","9":"instock","10":"shipping-taxable","11":"product-type-external"},"yoast_head":"<!-- This site is optimized with the Yoast SEO Premium plugin v24.7 (Yoast SEO v26.8) - https:\/\/yoast.com\/product\/yoast-seo-premium-wordpress\/ -->\n<title>Bulk Customized Protable Car Hookah With Cover Led - Global Hookah<\/title>\n<meta name=\"robots\" content=\"index, follow, max-snippet:-1, max-image-preview:large, max-video-preview:-1\" \/>\n<link rel=\"canonical\" href=\"https:\/\/global-hookah.com\/de\/producto\/a-granel-personalizado-protable-coche-pipa-de-agua-con-tapa-led\/\" \/>\n<meta property=\"og:locale\" content=\"de_DE\" \/>\n<meta property=\"og:type\" content=\"article\" \/>\n<meta property=\"og:title\" content=\"Bulk Customized Protable Car Hookah With Cover Led\" \/>\n<meta property=\"og:description\" content=\"PARAMETER Net Weight :\u00a0420g Package Size :\u00a025*8.5*8.5cm Material :Acrylic + Stainless steel Use :\u00a0Hookah Smoking ITEM INCLUDING Stainless steel\u00a0bowl*1 Charcoal\" \/>\n<meta property=\"og:url\" content=\"https:\/\/global-hookah.com\/de\/producto\/a-granel-personalizado-protable-coche-pipa-de-agua-con-tapa-led\/\" \/>\n<meta property=\"og:site_name\" content=\"Global Hookah\" \/>\n<meta property=\"article:modified_time\" content=\"2024-04-18T12:34:50+00:00\" \/>\n<meta property=\"og:image\" content=\"https:\/\/global-hookah.com\/wp-content\/uploads\/2024\/04\/kf-S6e63ab206b404e3dae8c0fe0b786a6f8Y-SMO-Protable-Car-Hookah-Travel-Set-with-Cover-LED-Narguile-Complete-Set-Acrylic-Smoking-Water-Pipes.webp\" \/>\n\t<meta property=\"og:image:width\" content=\"1500\" \/>\n\t<meta property=\"og:image:height\" content=\"1500\" \/>\n\t<meta property=\"og:image:type\" content=\"image\/webp\" \/>\n<meta name=\"twitter:card\" content=\"summary_large_image\" \/>\n<meta name=\"twitter:label1\" content=\"Gesch\u00e4tzte Lesezeit\" \/>\n\t<meta name=\"twitter:data1\" content=\"3\u00a0Minuten\" \/>\n<script type=\"application\/ld+json\" class=\"yoast-schema-graph\">{\"@context\":\"https:\/\/schema.org\",\"@graph\":[{\"@type\":\"WebPage\",\"@id\":\"https:\/\/global-hookah.com\/es\/producto\/a-granel-personalizado-protable-coche-pipa-de-agua-con-tapa-led\/\",\"url\":\"https:\/\/global-hookah.com\/es\/producto\/a-granel-personalizado-protable-coche-pipa-de-agua-con-tapa-led\/\",\"name\":\"Bulk Customized Protable Car Hookah With Cover Led - Global Hookah\",\"isPartOf\":{\"@id\":\"https:\/\/global-hookah.com\/#website\"},\"primaryImageOfPage\":{\"@id\":\"https:\/\/global-hookah.com\/es\/producto\/a-granel-personalizado-protable-coche-pipa-de-agua-con-tapa-led\/#primaryimage\"},\"image\":{\"@id\":\"https:\/\/global-hookah.com\/es\/producto\/a-granel-personalizado-protable-coche-pipa-de-agua-con-tapa-led\/#primaryimage\"},\"thumbnailUrl\":\"https:\/\/global-hookah.com\/wp-content\/uploads\/2024\/04\/kf-S6e63ab206b404e3dae8c0fe0b786a6f8Y-SMO-Protable-Car-Hookah-Travel-Set-with-Cover-LED-Narguile-Complete-Set-Acrylic-Smoking-Water-Pipes.webp\",\"datePublished\":\"2024-04-17T11:48:23+00:00\",\"dateModified\":\"2024-04-18T12:34:50+00:00\",\"breadcrumb\":{\"@id\":\"https:\/\/global-hookah.com\/es\/producto\/a-granel-personalizado-protable-coche-pipa-de-agua-con-tapa-led\/#breadcrumb\"},\"inLanguage\":\"de\",\"potentialAction\":[{\"@type\":\"ReadAction\",\"target\":[\"https:\/\/global-hookah.com\/es\/producto\/a-granel-personalizado-protable-coche-pipa-de-agua-con-tapa-led\/\"]}]},{\"@type\":\"ImageObject\",\"inLanguage\":\"de\",\"@id\":\"https:\/\/global-hookah.com\/es\/producto\/a-granel-personalizado-protable-coche-pipa-de-agua-con-tapa-led\/#primaryimage\",\"url\":\"https:\/\/global-hookah.com\/wp-content\/uploads\/2024\/04\/kf-S6e63ab206b404e3dae8c0fe0b786a6f8Y-SMO-Protable-Car-Hookah-Travel-Set-with-Cover-LED-Narguile-Complete-Set-Acrylic-Smoking-Water-Pipes.webp\",\"contentUrl\":\"https:\/\/global-hookah.com\/wp-content\/uploads\/2024\/04\/kf-S6e63ab206b404e3dae8c0fe0b786a6f8Y-SMO-Protable-Car-Hookah-Travel-Set-with-Cover-LED-Narguile-Complete-Set-Acrylic-Smoking-Water-Pipes.webp\",\"width\":1500,\"height\":1500,\"caption\":\"Bulk Customized Protable Car Hookah With Cover Led\"},{\"@type\":\"BreadcrumbList\",\"@id\":\"https:\/\/global-hookah.com\/es\/producto\/a-granel-personalizado-protable-coche-pipa-de-agua-con-tapa-led\/#breadcrumb\",\"itemListElement\":[{\"@type\":\"ListItem\",\"position\":1,\"name\":\"Home\",\"item\":\"https:\/\/global-hookah.com\/\"},{\"@type\":\"ListItem\",\"position\":2,\"name\":\"Shop\",\"item\":\"https:\/\/global-hookah.com\/shop\/\"},{\"@type\":\"ListItem\",\"position\":3,\"name\":\"Bulk Customized Protable Car Hookah With Cover Led\"}]},{\"@type\":\"WebSite\",\"@id\":\"https:\/\/global-hookah.com\/#website\",\"url\":\"https:\/\/global-hookah.com\/\",\"name\":\"Global Hookah\",\"description\":\"Global Hookah\",\"publisher\":{\"@id\":\"https:\/\/global-hookah.com\/#organization\"},\"potentialAction\":[{\"@type\":\"SearchAction\",\"target\":{\"@type\":\"EntryPoint\",\"urlTemplate\":\"https:\/\/global-hookah.com\/?s={search_term_string}\"},\"query-input\":{\"@type\":\"PropertyValueSpecification\",\"valueRequired\":true,\"valueName\":\"search_term_string\"}}],\"inLanguage\":\"de\"},{\"@type\":\"Organization\",\"@id\":\"https:\/\/global-hookah.com\/#organization\",\"name\":\"Global Hookah\",\"url\":\"https:\/\/global-hookah.com\/\",\"logo\":{\"@type\":\"ImageObject\",\"inLanguage\":\"de\",\"@id\":\"https:\/\/global-hookah.com\/#\/schema\/logo\/image\/\",\"url\":\"https:\/\/global-hookah.com\/wp-content\/uploads\/2021\/10\/cropped-fgg.png\",\"contentUrl\":\"https:\/\/global-hookah.com\/wp-content\/uploads\/2021\/10\/cropped-fgg.png\",\"width\":512,\"height\":512,\"caption\":\"Global Hookah\"},\"image\":{\"@id\":\"https:\/\/global-hookah.com\/#\/schema\/logo\/image\/\"}}]}<\/script>\n<!-- \/ Yoast SEO Premium plugin. -->","yoast_head_json":{"title":"Bulk Customized Protable Auto Wasserpfeife mit Abdeckung Led - Global Hookah","robots":{"index":"index","follow":"follow","max-snippet":"max-snippet:-1","max-image-preview":"max-image-preview:large","max-video-preview":"max-video-preview:-1"},"canonical":"https:\/\/global-hookah.com\/de\/producto\/a-granel-personalizado-protable-coche-pipa-de-agua-con-tapa-led\/","og_locale":"de_DE","og_type":"article","og_title":"Bulk Customized Protable Car Hookah With Cover Led","og_description":"PARAMETER Net Weight :\u00a0420g Package Size :\u00a025*8.5*8.5cm Material :Acrylic + Stainless steel Use :\u00a0Hookah Smoking ITEM INCLUDING Stainless steel\u00a0bowl*1 Charcoal","og_url":"https:\/\/global-hookah.com\/de\/producto\/a-granel-personalizado-protable-coche-pipa-de-agua-con-tapa-led\/","og_site_name":"Global Hookah","article_modified_time":"2024-04-18T12:34:50+00:00","og_image":[{"width":1500,"height":1500,"url":"https:\/\/global-hookah.com\/wp-content\/uploads\/2024\/04\/kf-S6e63ab206b404e3dae8c0fe0b786a6f8Y-SMO-Protable-Car-Hookah-Travel-Set-with-Cover-LED-Narguile-Complete-Set-Acrylic-Smoking-Water-Pipes.webp","type":"image\/webp"}],"twitter_card":"summary_large_image","twitter_misc":{"Gesch\u00e4tzte Lesezeit":"3\u00a0Minuten"},"schema":{"@context":"https:\/\/schema.org","@graph":[{"@type":"WebPage","@id":"https:\/\/global-hookah.com\/es\/producto\/a-granel-personalizado-protable-coche-pipa-de-agua-con-tapa-led\/","url":"https:\/\/global-hookah.com\/es\/producto\/a-granel-personalizado-protable-coche-pipa-de-agua-con-tapa-led\/","name":"Bulk Customized Protable Auto Wasserpfeife mit Abdeckung Led - Global Hookah","isPartOf":{"@id":"https:\/\/global-hookah.com\/#website"},"primaryImageOfPage":{"@id":"https:\/\/global-hookah.com\/es\/producto\/a-granel-personalizado-protable-coche-pipa-de-agua-con-tapa-led\/#primaryimage"},"image":{"@id":"https:\/\/global-hookah.com\/es\/producto\/a-granel-personalizado-protable-coche-pipa-de-agua-con-tapa-led\/#primaryimage"},"thumbnailUrl":"https:\/\/global-hookah.com\/wp-content\/uploads\/2024\/04\/kf-S6e63ab206b404e3dae8c0fe0b786a6f8Y-SMO-Protable-Car-Hookah-Travel-Set-with-Cover-LED-Narguile-Complete-Set-Acrylic-Smoking-Water-Pipes.webp","datePublished":"2024-04-17T11:48:23+00:00","dateModified":"2024-04-18T12:34:50+00:00","breadcrumb":{"@id":"https:\/\/global-hookah.com\/es\/producto\/a-granel-personalizado-protable-coche-pipa-de-agua-con-tapa-led\/#breadcrumb"},"inLanguage":"de","potentialAction":[{"@type":"ReadAction","target":["https:\/\/global-hookah.com\/es\/producto\/a-granel-personalizado-protable-coche-pipa-de-agua-con-tapa-led\/"]}]},{"@type":"ImageObject","inLanguage":"de","@id":"https:\/\/global-hookah.com\/es\/producto\/a-granel-personalizado-protable-coche-pipa-de-agua-con-tapa-led\/#primaryimage","url":"https:\/\/global-hookah.com\/wp-content\/uploads\/2024\/04\/kf-S6e63ab206b404e3dae8c0fe0b786a6f8Y-SMO-Protable-Car-Hookah-Travel-Set-with-Cover-LED-Narguile-Complete-Set-Acrylic-Smoking-Water-Pipes.webp","contentUrl":"https:\/\/global-hookah.com\/wp-content\/uploads\/2024\/04\/kf-S6e63ab206b404e3dae8c0fe0b786a6f8Y-SMO-Protable-Car-Hookah-Travel-Set-with-Cover-LED-Narguile-Complete-Set-Acrylic-Smoking-Water-Pipes.webp","width":1500,"height":1500,"caption":"Bulk Customized Protable Car Hookah With Cover Led"},{"@type":"BreadcrumbList","@id":"https:\/\/global-hookah.com\/es\/producto\/a-granel-personalizado-protable-coche-pipa-de-agua-con-tapa-led\/#breadcrumb","itemListElement":[{"@type":"ListItem","position":1,"name":"Home","item":"https:\/\/global-hookah.com\/"},{"@type":"ListItem","position":2,"name":"Shop","item":"https:\/\/global-hookah.com\/shop\/"},{"@type":"ListItem","position":3,"name":"Bulk Customized Protable Car Hookah With Cover Led"}]},{"@type":"WebSite","@id":"https:\/\/global-hookah.com\/#website","url":"https:\/\/global-hookah.com\/","name":"Globale Wasserpfeife","description":"Globale Wasserpfeife","publisher":{"@id":"https:\/\/global-hookah.com\/#organization"},"potentialAction":[{"@type":"SearchAction","target":{"@type":"EntryPoint","urlTemplate":"https:\/\/global-hookah.com\/?s={search_term_string}"},"query-input":{"@type":"PropertyValueSpecification","valueRequired":true,"valueName":"search_term_string"}}],"inLanguage":"de"},{"@type":"Organization","@id":"https:\/\/global-hookah.com\/#organization","name":"Globale Wasserpfeife","url":"https:\/\/global-hookah.com\/","logo":{"@type":"ImageObject","inLanguage":"de","@id":"https:\/\/global-hookah.com\/#\/schema\/logo\/image\/","url":"https:\/\/global-hookah.com\/wp-content\/uploads\/2021\/10\/cropped-fgg.png","contentUrl":"https:\/\/global-hookah.com\/wp-content\/uploads\/2021\/10\/cropped-fgg.png","width":512,"height":512,"caption":"Global Hookah"},"image":{"@id":"https:\/\/global-hookah.com\/#\/schema\/logo\/image\/"}}]}},"_links":{"self":[{"href":"https:\/\/global-hookah.com\/de\/wp-json\/wp\/v2\/product\/20965","targetHints":{"allow":["GET"]}}],"collection":[{"href":"https:\/\/global-hookah.com\/de\/wp-json\/wp\/v2\/product"}],"about":[{"href":"https:\/\/global-hookah.com\/de\/wp-json\/wp\/v2\/types\/product"}],"replies":[{"embeddable":true,"href":"https:\/\/global-hookah.com\/de\/wp-json\/wp\/v2\/comments?post=20965"}],"version-history":[{"count":0,"href":"https:\/\/global-hookah.com\/de\/wp-json\/wp\/v2\/product\/20965\/revisions"}],"wp:featuredmedia":[{"embeddable":true,"href":"https:\/\/global-hookah.com\/de\/wp-json\/wp\/v2\/media\/20966"}],"wp:attachment":[{"href":"https:\/\/global-hookah.com\/de\/wp-json\/wp\/v2\/media?parent=20965"}],"wp:term":[{"taxonomy":"product_brand","embeddable":true,"href":"https:\/\/global-hookah.com\/de\/wp-json\/wp\/v2\/product_brand?post=20965"},{"taxonomy":"product_cat","embeddable":true,"href":"https:\/\/global-hookah.com\/de\/wp-json\/wp\/v2\/product_cat?post=20965"},{"taxonomy":"product_tag","embeddable":true,"href":"https:\/\/global-hookah.com\/de\/wp-json\/wp\/v2\/product_tag?post=20965"}],"curies":[{"name":"wp","href":"https:\/\/api.w.org\/{rel}","templated":true}]}}