{"id":20983,"date":"2024-04-17T11:52:48","date_gmt":"2024-04-17T11:52:48","guid":{"rendered":"https:\/\/global-hookah.com\/product\/customizable-portable-cube-acrylic-hookah\/"},"modified":"2024-04-17T12:49:30","modified_gmt":"2024-04-17T12:49:30","slug":"customizable-portable-cube-acrylic-hookah","status":"publish","type":"product","link":"https:\/\/global-hookah.com\/de\/produkt\/customizable-portable-cube-acrylic-hookah\/","title":{"rendered":"Anpassbare tragbare W\u00fcrfel-Acryl Wasserpfeife"},"content":{"rendered":"<p>&nbsp;<\/p>\n<div class=\"product-specs-list-container\">\n<ul class=\"product-specs-list util-clearfix\">\n<li class=\"product-prop line-limit-length\">EINFACH ZU MONTIEREN UND ZU BENUTZEN:<br \/>\nSie k\u00f6nnen sie schnell installieren und sofort genie\u00dfen. Bitte reinigen Sie die <a href=\"https:\/\/global-hookah.com\/product\/acrylic-hookah\/\">Acryl Wasserpfeife<\/a> K\u00f6rper, Silikonsch\u00fcssel und Schlauch, wenn Sie sie zum ersten Mal benutzen, dann wird es sicherlich eine ausgezeichnete Erfahrung f\u00fcr Sie!BEAUTIFUL HOOKAH SET:<br \/>\nAusgestattet mit einer erstaunlichen LED <a href=\"https:\/\/global-hookah.com\/bulk-nitrous-oxide-tank-wholesale\/\">Wasserpfeife<\/a> Entwurf. Es kommt mit einer magischen Multicolor LED-Basis. So, wenn Sie es verwenden, wird es eine romantische Atmosph\u00e4re zu schaffen, so dass unsere Shisha Zeit nicht nur bequem und angenehm, sondern auch ein visuelles Vergn\u00fcgen.Artikel: Reisen <a href=\"https:\/\/global-hookah.com\/product\/bulk-portable-x-style-hookah-shisha-set-with-led-lights\/\">Shisha Wasserpfeifenset<\/a> mit Holzkohlehalterung<br \/>\nMaterial: Acryl + Silikon + Metall<br \/>\nFarbe: Schwarz, Blau, Rot, Rosa, Wei\u00df<br \/>\nVerwendung: Nargile, Cachimba, <a href=\"https:\/\/global-hookah.com\/product\/alien-gas-mask-bong-with-acrylic-water-pipe\/\">Wasserrohre<\/a> Zubeh\u00f6r<br \/>\nGeeignet f\u00fcr: Haus, Bar, Hochzeit, Party, Outdoo<\/li>\n<\/ul>\n<\/div>\n<div class=\"detailmodule_html\">\n<div class=\"detail-desc-decorate-richtext\">\n<div>\n<div>\n<div><\/div>\n<p style=\"margin: 0px; display: block; width: 100%;\"><img decoding=\"async\" src=\"https:\/\/ae03.alicdn.com\/kf\/S5965a306a68a4b38b3988cb2274001e5H.jpg\" \/><img decoding=\"async\" style=\"width: 1000px; height: 1000px;\" src=\"https:\/\/ae01.alicdn.com\/kf\/S79b69e591e66450b92b8325417a0edcf3.jpg?width=2000&amp;height=2000&amp;hash=4000\" width=\"1000px\" height=\"1000px\" \/><img decoding=\"async\" style=\"width: 1000px; height: 1000px;\" src=\"https:\/\/ae03.alicdn.com\/kf\/Sc21ae6f1df01441faa0c93670e2ba2feI.jpg\" width=\"1000px\" height=\"1000px\" \/><img decoding=\"async\" style=\"width: 1000px; height: 1000px;\" src=\"https:\/\/ae01.alicdn.com\/kf\/S45df0b3a152f44f498a1310426140ba5s.jpg?width=2000&amp;height=2000&amp;hash=4000\" width=\"1000px\" height=\"1000px\" \/><img decoding=\"async\" style=\"width: 1000px; height: 1000px;\" src=\"https:\/\/ae03.alicdn.com\/kf\/S269968498149431ab832e689aa01b8e2M.jpg\" width=\"1000px\" height=\"1000px\" \/><img decoding=\"async\" style=\"width: 1000px; height: 1000px;\" src=\"https:\/\/ae01.alicdn.com\/kf\/Sae0a1566c73845c5be168a271d4dc8d9a.jpg?width=2000&amp;height=2000&amp;hash=4000\" width=\"1000px\" height=\"1000px\" \/><img decoding=\"async\" style=\"width: 1000px; height: 1000px;\" src=\"https:\/\/ae03.alicdn.com\/kf\/S7d03a6752ef2430b81e2acf9650601fa9.jpg\" width=\"1000px\" height=\"1000px\" \/><img decoding=\"async\" style=\"width: 1000px; height: 1000px;\" src=\"https:\/\/ae01.alicdn.com\/kf\/Sc87f84bf09ed4f51bcbc64c264ccff59W.jpg?width=2000&amp;height=2000&amp;hash=4000\" width=\"1000px\" height=\"1000px\" \/><\/p>\n<div><\/div>\n<\/div>\n<\/div>\n<p>&nbsp;<\/p>\n<\/div>\n<\/div>","protected":false},"excerpt":{"rendered":"<p>&nbsp; EINFACH ZU MONTIEREN UND ZU VERWENDEN: Sie k\u00f6nnen sie schnell installieren und beginnen zu genie\u00dfen. Bitte reinigen Sie die Acryl Wasserpfeife<\/p>","protected":false},"featured_media":20984,"comment_status":"closed","ping_status":"closed","template":"","meta":{"iawp_total_views":14,"_joinchat":[]},"product_brand":[],"product_cat":[559,119],"product_tag":[],"class_list":{"0":"post-20983","1":"product","2":"type-product","3":"status-publish","4":"has-post-thumbnail","6":"product_cat-portable-hookah-wholesale","7":"product_cat-wholesale-hookah","9":"first","10":"instock","11":"shipping-taxable","12":"product-type-external"},"yoast_head":"<!-- This site is optimized with the Yoast SEO Premium plugin v24.7 (Yoast SEO v26.8) - https:\/\/yoast.com\/product\/yoast-seo-premium-wordpress\/ -->\n<title>Customizable Portable Cube Acrylic Hookah - Global Hookah<\/title>\n<meta name=\"robots\" content=\"index, follow, max-snippet:-1, max-image-preview:large, max-video-preview:-1\" \/>\n<link rel=\"canonical\" href=\"https:\/\/global-hookah.com\/de\/ru\/\u043f\u0440\u043e\u0434\u0443\u043a\u0442\/customizable-portable-cube-acrylic-hookah\/\" \/>\n<meta property=\"og:locale\" content=\"de_DE\" \/>\n<meta property=\"og:type\" content=\"article\" \/>\n<meta property=\"og:title\" content=\"Customizable Portable Cube Acrylic Hookah\" \/>\n<meta property=\"og:description\" content=\"&nbsp; EASY TO ASSEMBLE &amp; USE: You can install them quickly and start to enjoy. Please clean the acrylic hookah\" \/>\n<meta property=\"og:url\" content=\"https:\/\/global-hookah.com\/de\/ru\/\u043f\u0440\u043e\u0434\u0443\u043a\u0442\/customizable-portable-cube-acrylic-hookah\/\" \/>\n<meta property=\"og:site_name\" content=\"Global Hookah\" \/>\n<meta property=\"article:modified_time\" content=\"2024-04-17T12:49:30+00:00\" \/>\n<meta property=\"og:image\" content=\"https:\/\/global-hookah.com\/wp-content\/uploads\/2024\/04\/kf-S6c6caddc3274461c80c328d5b2164c0dG-Acrylic-Shisha-Hookah-with-Charcoal-Holder-Silicone-Bowl-Hose-Led-Light-Tongs-Accessories-for-Chicha-Narguile.webp\" \/>\n\t<meta property=\"og:image:width\" content=\"2000\" \/>\n\t<meta property=\"og:image:height\" content=\"2000\" \/>\n\t<meta property=\"og:image:type\" content=\"image\/webp\" \/>\n<meta name=\"twitter:card\" content=\"summary_large_image\" \/>\n<meta name=\"twitter:label1\" content=\"Gesch\u00e4tzte Lesezeit\" \/>\n\t<meta name=\"twitter:data1\" content=\"3\u00a0Minuten\" \/>\n<script type=\"application\/ld+json\" class=\"yoast-schema-graph\">{\"@context\":\"https:\/\/schema.org\",\"@graph\":[{\"@type\":\"WebPage\",\"@id\":\"https:\/\/global-hookah.com\/ru\/\u043f\u0440\u043e\u0434\u0443\u043a\u0442\/customizable-portable-cube-acrylic-hookah\/\",\"url\":\"https:\/\/global-hookah.com\/ru\/\u043f\u0440\u043e\u0434\u0443\u043a\u0442\/customizable-portable-cube-acrylic-hookah\/\",\"name\":\"Customizable Portable Cube Acrylic Hookah - Global Hookah\",\"isPartOf\":{\"@id\":\"https:\/\/global-hookah.com\/#website\"},\"primaryImageOfPage\":{\"@id\":\"https:\/\/global-hookah.com\/ru\/\u043f\u0440\u043e\u0434\u0443\u043a\u0442\/customizable-portable-cube-acrylic-hookah\/#primaryimage\"},\"image\":{\"@id\":\"https:\/\/global-hookah.com\/ru\/\u043f\u0440\u043e\u0434\u0443\u043a\u0442\/customizable-portable-cube-acrylic-hookah\/#primaryimage\"},\"thumbnailUrl\":\"https:\/\/global-hookah.com\/wp-content\/uploads\/2024\/04\/kf-S6c6caddc3274461c80c328d5b2164c0dG-Acrylic-Shisha-Hookah-with-Charcoal-Holder-Silicone-Bowl-Hose-Led-Light-Tongs-Accessories-for-Chicha-Narguile.webp\",\"datePublished\":\"2024-04-17T11:52:48+00:00\",\"dateModified\":\"2024-04-17T12:49:30+00:00\",\"breadcrumb\":{\"@id\":\"https:\/\/global-hookah.com\/ru\/\u043f\u0440\u043e\u0434\u0443\u043a\u0442\/customizable-portable-cube-acrylic-hookah\/#breadcrumb\"},\"inLanguage\":\"de\",\"potentialAction\":[{\"@type\":\"ReadAction\",\"target\":[\"https:\/\/global-hookah.com\/ru\/\u043f\u0440\u043e\u0434\u0443\u043a\u0442\/customizable-portable-cube-acrylic-hookah\/\"]}]},{\"@type\":\"ImageObject\",\"inLanguage\":\"de\",\"@id\":\"https:\/\/global-hookah.com\/ru\/\u043f\u0440\u043e\u0434\u0443\u043a\u0442\/customizable-portable-cube-acrylic-hookah\/#primaryimage\",\"url\":\"https:\/\/global-hookah.com\/wp-content\/uploads\/2024\/04\/kf-S6c6caddc3274461c80c328d5b2164c0dG-Acrylic-Shisha-Hookah-with-Charcoal-Holder-Silicone-Bowl-Hose-Led-Light-Tongs-Accessories-for-Chicha-Narguile.webp\",\"contentUrl\":\"https:\/\/global-hookah.com\/wp-content\/uploads\/2024\/04\/kf-S6c6caddc3274461c80c328d5b2164c0dG-Acrylic-Shisha-Hookah-with-Charcoal-Holder-Silicone-Bowl-Hose-Led-Light-Tongs-Accessories-for-Chicha-Narguile.webp\",\"width\":2000,\"height\":2000,\"caption\":\"Customizable Portable Cube Acrylic Hookah\"},{\"@type\":\"BreadcrumbList\",\"@id\":\"https:\/\/global-hookah.com\/ru\/\u043f\u0440\u043e\u0434\u0443\u043a\u0442\/customizable-portable-cube-acrylic-hookah\/#breadcrumb\",\"itemListElement\":[{\"@type\":\"ListItem\",\"position\":1,\"name\":\"Home\",\"item\":\"https:\/\/global-hookah.com\/\"},{\"@type\":\"ListItem\",\"position\":2,\"name\":\"Shop\",\"item\":\"https:\/\/global-hookah.com\/shop\/\"},{\"@type\":\"ListItem\",\"position\":3,\"name\":\"Customizable Portable Cube Acrylic Hookah\"}]},{\"@type\":\"WebSite\",\"@id\":\"https:\/\/global-hookah.com\/#website\",\"url\":\"https:\/\/global-hookah.com\/\",\"name\":\"Global Hookah\",\"description\":\"Global Hookah\",\"publisher\":{\"@id\":\"https:\/\/global-hookah.com\/#organization\"},\"potentialAction\":[{\"@type\":\"SearchAction\",\"target\":{\"@type\":\"EntryPoint\",\"urlTemplate\":\"https:\/\/global-hookah.com\/?s={search_term_string}\"},\"query-input\":{\"@type\":\"PropertyValueSpecification\",\"valueRequired\":true,\"valueName\":\"search_term_string\"}}],\"inLanguage\":\"de\"},{\"@type\":\"Organization\",\"@id\":\"https:\/\/global-hookah.com\/#organization\",\"name\":\"Global Hookah\",\"url\":\"https:\/\/global-hookah.com\/\",\"logo\":{\"@type\":\"ImageObject\",\"inLanguage\":\"de\",\"@id\":\"https:\/\/global-hookah.com\/#\/schema\/logo\/image\/\",\"url\":\"https:\/\/global-hookah.com\/wp-content\/uploads\/2021\/10\/cropped-fgg.png\",\"contentUrl\":\"https:\/\/global-hookah.com\/wp-content\/uploads\/2021\/10\/cropped-fgg.png\",\"width\":512,\"height\":512,\"caption\":\"Global Hookah\"},\"image\":{\"@id\":\"https:\/\/global-hookah.com\/#\/schema\/logo\/image\/\"}}]}<\/script>\n<!-- \/ Yoast SEO Premium plugin. -->","yoast_head_json":{"title":"Anpassbare tragbare W\u00fcrfel-Acryl Wasserpfeife - Global Hookah","robots":{"index":"index","follow":"follow","max-snippet":"max-snippet:-1","max-image-preview":"max-image-preview:large","max-video-preview":"max-video-preview:-1"},"canonical":"https:\/\/global-hookah.com\/de\/ru\/\u043f\u0440\u043e\u0434\u0443\u043a\u0442\/customizable-portable-cube-acrylic-hookah\/","og_locale":"de_DE","og_type":"article","og_title":"Customizable Portable Cube Acrylic Hookah","og_description":"&nbsp; EASY TO ASSEMBLE &amp; USE: You can install them quickly and start to enjoy. Please clean the acrylic hookah","og_url":"https:\/\/global-hookah.com\/de\/ru\/\u043f\u0440\u043e\u0434\u0443\u043a\u0442\/customizable-portable-cube-acrylic-hookah\/","og_site_name":"Global Hookah","article_modified_time":"2024-04-17T12:49:30+00:00","og_image":[{"width":2000,"height":2000,"url":"https:\/\/global-hookah.com\/wp-content\/uploads\/2024\/04\/kf-S6c6caddc3274461c80c328d5b2164c0dG-Acrylic-Shisha-Hookah-with-Charcoal-Holder-Silicone-Bowl-Hose-Led-Light-Tongs-Accessories-for-Chicha-Narguile.webp","type":"image\/webp"}],"twitter_card":"summary_large_image","twitter_misc":{"Gesch\u00e4tzte Lesezeit":"3\u00a0Minuten"},"schema":{"@context":"https:\/\/schema.org","@graph":[{"@type":"WebPage","@id":"https:\/\/global-hookah.com\/ru\/\u043f\u0440\u043e\u0434\u0443\u043a\u0442\/customizable-portable-cube-acrylic-hookah\/","url":"https:\/\/global-hookah.com\/ru\/\u043f\u0440\u043e\u0434\u0443\u043a\u0442\/customizable-portable-cube-acrylic-hookah\/","name":"Anpassbare tragbare W\u00fcrfel-Acryl Wasserpfeife - Global Hookah","isPartOf":{"@id":"https:\/\/global-hookah.com\/#website"},"primaryImageOfPage":{"@id":"https:\/\/global-hookah.com\/ru\/\u043f\u0440\u043e\u0434\u0443\u043a\u0442\/customizable-portable-cube-acrylic-hookah\/#primaryimage"},"image":{"@id":"https:\/\/global-hookah.com\/ru\/\u043f\u0440\u043e\u0434\u0443\u043a\u0442\/customizable-portable-cube-acrylic-hookah\/#primaryimage"},"thumbnailUrl":"https:\/\/global-hookah.com\/wp-content\/uploads\/2024\/04\/kf-S6c6caddc3274461c80c328d5b2164c0dG-Acrylic-Shisha-Hookah-with-Charcoal-Holder-Silicone-Bowl-Hose-Led-Light-Tongs-Accessories-for-Chicha-Narguile.webp","datePublished":"2024-04-17T11:52:48+00:00","dateModified":"2024-04-17T12:49:30+00:00","breadcrumb":{"@id":"https:\/\/global-hookah.com\/ru\/\u043f\u0440\u043e\u0434\u0443\u043a\u0442\/customizable-portable-cube-acrylic-hookah\/#breadcrumb"},"inLanguage":"de","potentialAction":[{"@type":"ReadAction","target":["https:\/\/global-hookah.com\/ru\/\u043f\u0440\u043e\u0434\u0443\u043a\u0442\/customizable-portable-cube-acrylic-hookah\/"]}]},{"@type":"ImageObject","inLanguage":"de","@id":"https:\/\/global-hookah.com\/ru\/\u043f\u0440\u043e\u0434\u0443\u043a\u0442\/customizable-portable-cube-acrylic-hookah\/#primaryimage","url":"https:\/\/global-hookah.com\/wp-content\/uploads\/2024\/04\/kf-S6c6caddc3274461c80c328d5b2164c0dG-Acrylic-Shisha-Hookah-with-Charcoal-Holder-Silicone-Bowl-Hose-Led-Light-Tongs-Accessories-for-Chicha-Narguile.webp","contentUrl":"https:\/\/global-hookah.com\/wp-content\/uploads\/2024\/04\/kf-S6c6caddc3274461c80c328d5b2164c0dG-Acrylic-Shisha-Hookah-with-Charcoal-Holder-Silicone-Bowl-Hose-Led-Light-Tongs-Accessories-for-Chicha-Narguile.webp","width":2000,"height":2000,"caption":"Customizable Portable Cube Acrylic Hookah"},{"@type":"BreadcrumbList","@id":"https:\/\/global-hookah.com\/ru\/\u043f\u0440\u043e\u0434\u0443\u043a\u0442\/customizable-portable-cube-acrylic-hookah\/#breadcrumb","itemListElement":[{"@type":"ListItem","position":1,"name":"Home","item":"https:\/\/global-hookah.com\/"},{"@type":"ListItem","position":2,"name":"Shop","item":"https:\/\/global-hookah.com\/shop\/"},{"@type":"ListItem","position":3,"name":"Customizable Portable Cube Acrylic Hookah"}]},{"@type":"WebSite","@id":"https:\/\/global-hookah.com\/#website","url":"https:\/\/global-hookah.com\/","name":"Globale Wasserpfeife","description":"Globale Wasserpfeife","publisher":{"@id":"https:\/\/global-hookah.com\/#organization"},"potentialAction":[{"@type":"SearchAction","target":{"@type":"EntryPoint","urlTemplate":"https:\/\/global-hookah.com\/?s={search_term_string}"},"query-input":{"@type":"PropertyValueSpecification","valueRequired":true,"valueName":"search_term_string"}}],"inLanguage":"de"},{"@type":"Organization","@id":"https:\/\/global-hookah.com\/#organization","name":"Globale Wasserpfeife","url":"https:\/\/global-hookah.com\/","logo":{"@type":"ImageObject","inLanguage":"de","@id":"https:\/\/global-hookah.com\/#\/schema\/logo\/image\/","url":"https:\/\/global-hookah.com\/wp-content\/uploads\/2021\/10\/cropped-fgg.png","contentUrl":"https:\/\/global-hookah.com\/wp-content\/uploads\/2021\/10\/cropped-fgg.png","width":512,"height":512,"caption":"Global Hookah"},"image":{"@id":"https:\/\/global-hookah.com\/#\/schema\/logo\/image\/"}}]}},"_links":{"self":[{"href":"https:\/\/global-hookah.com\/de\/wp-json\/wp\/v2\/product\/20983","targetHints":{"allow":["GET"]}}],"collection":[{"href":"https:\/\/global-hookah.com\/de\/wp-json\/wp\/v2\/product"}],"about":[{"href":"https:\/\/global-hookah.com\/de\/wp-json\/wp\/v2\/types\/product"}],"replies":[{"embeddable":true,"href":"https:\/\/global-hookah.com\/de\/wp-json\/wp\/v2\/comments?post=20983"}],"version-history":[{"count":0,"href":"https:\/\/global-hookah.com\/de\/wp-json\/wp\/v2\/product\/20983\/revisions"}],"wp:featuredmedia":[{"embeddable":true,"href":"https:\/\/global-hookah.com\/de\/wp-json\/wp\/v2\/media\/20984"}],"wp:attachment":[{"href":"https:\/\/global-hookah.com\/de\/wp-json\/wp\/v2\/media?parent=20983"}],"wp:term":[{"taxonomy":"product_brand","embeddable":true,"href":"https:\/\/global-hookah.com\/de\/wp-json\/wp\/v2\/product_brand?post=20983"},{"taxonomy":"product_cat","embeddable":true,"href":"https:\/\/global-hookah.com\/de\/wp-json\/wp\/v2\/product_cat?post=20983"},{"taxonomy":"product_tag","embeddable":true,"href":"https:\/\/global-hookah.com\/de\/wp-json\/wp\/v2\/product_tag?post=20983"}],"curies":[{"name":"wp","href":"https:\/\/api.w.org\/{rel}","templated":true}]}}