{"id":21009,"date":"2024-04-17T11:59:17","date_gmt":"2024-04-17T11:59:17","guid":{"rendered":"https:\/\/global-hookah.com\/product\/bulk-middle-east-retro-punk-style-hookah-pipe\/"},"modified":"2024-04-17T12:30:26","modified_gmt":"2024-04-17T12:30:26","slug":"bulk-middle-east-retro-punk-style-hookah-pipe","status":"publish","type":"product","link":"https:\/\/global-hookah.com\/de\/produkt\/bulk-middle-east-retro-punk-style-hookah-pipe\/","title":{"rendered":"Bulk Nahost Retro Punk Stil Wasserpfeife"},"content":{"rendered":"<p>&nbsp;<\/p>\n<div class=\"product-specs-list-container\">\n<ul class=\"product-specs-list util-clearfix\">\n<li class=\"product-prop line-limit-length\"><span class=\"property-title\">Art:\u00a0<\/span><span class=\"property-desc line-limit-length\">Handwerkzeugteile<\/span><\/li>\n<li class=\"product-prop line-limit-length\"><span class=\"property-title\">Herkunft:\u00a0<\/span><span class=\"property-desc line-limit-length\">Festland China<\/span><\/li>\n<li class=\"product-prop line-limit-length\"><span class=\"property-title\">Marke:\u00a0<\/span><span class=\"property-desc line-limit-length\">Baum-Raucher<\/span><\/li>\n<li class=\"product-prop line-limit-length\"><span class=\"property-title\">Produktionsgebiet:\u00a0<\/span><span class=\"property-desc line-limit-length\">China<\/span><\/li>\n<li class=\"product-prop line-limit-length\"><span class=\"property-title\">Materialqualit\u00e4t:\u00a0<\/span><span class=\"property-desc line-limit-length\">andere<\/span><\/li>\n<li class=\"product-prop line-limit-length\"><span class=\"property-title\">Farbklassifizierung:\u00a0<\/span><span class=\"property-desc line-limit-length\">Als ganzes Set<\/span><\/li>\n<li class=\"product-prop line-limit-length\"><span class=\"property-title\">Art.Nr.:\u00a0<\/span><span class=\"property-desc line-limit-length\">Arabische Wasserpfeife Topf wd deutsche Luft Topf Nahost-Stil<\/span><\/li>\n<li class=\"product-prop line-limit-length\"><span class=\"property-title\">Stil:\u00a0<\/span><span class=\"property-desc line-limit-length\">Gerader Typ<\/span><\/li>\n<\/ul>\n<\/div>\n<div class=\"detailmodule_html\">\n<div class=\"detail-desc-decorate-richtext\">\n<p>\u00a0<img decoding=\"async\" src=\"https:\/\/ae01.alicdn.com\/kf\/S09338bf2198b43ce9368d49a507f5806o.jpg?width=800&amp;height=1422&amp;hash=2222\" \/><img decoding=\"async\" src=\"https:\/\/ae01.alicdn.com\/kf\/Sf3683f613614407f80ea673aae0b7b35L.jpg?width=800&amp;height=800&amp;hash=1600\" \/>\u00a0<img decoding=\"async\" src=\"https:\/\/ae01.alicdn.com\/kf\/Se4ebe7baabb64d7cbb3dc5ce5aed2b6aY.jpg?width=800&amp;height=853&amp;hash=1653\" \/><img decoding=\"async\" src=\"https:\/\/ae01.alicdn.com\/kf\/S5ac18abdc25f434f8972a4213d8671e5q.jpg?width=800&amp;height=884&amp;hash=1684\" \/><img decoding=\"async\" src=\"https:\/\/ae01.alicdn.com\/kf\/S7b2f99f5ae9943f099e2d6e11abe71e9m.jpg?width=800&amp;height=854&amp;hash=1654\" \/><img decoding=\"async\" src=\"https:\/\/ae01.alicdn.com\/kf\/S64767e6902cd4ca8a6ec48d47c41cdfbD.jpg?width=800&amp;height=852&amp;hash=1652\" \/><img decoding=\"async\" src=\"https:\/\/ae01.alicdn.com\/kf\/Se83a13bccbc745ae8ce2e67ba1d21719X.jpg?width=800&amp;height=810&amp;hash=1610\" \/><img decoding=\"async\" src=\"https:\/\/ae01.alicdn.com\/kf\/S8e8a63514bb340b3b4bb42b178784277S.jpg?width=800&amp;height=837&amp;hash=1637\" \/><img decoding=\"async\" src=\"https:\/\/ae01.alicdn.com\/kf\/Scfa04f5e844f4fdca0d45de0b3e48bcaZ.jpg?width=800&amp;height=853&amp;hash=1653\" \/><img decoding=\"async\" src=\"https:\/\/ae01.alicdn.com\/kf\/S2e9fb238c0e242b7a83e1f986387acc6X.jpg?width=800&amp;height=935&amp;hash=1735\" \/><img decoding=\"async\" src=\"https:\/\/ae01.alicdn.com\/kf\/Sfccf8000314e4561970445cd051f11eaA.jpg?width=800&amp;height=872&amp;hash=1672\" \/><img decoding=\"async\" src=\"https:\/\/ae01.alicdn.com\/kf\/Sde85db5f2e834c3483311024ff4abf5eF.jpg?width=800&amp;height=816&amp;hash=1616\" \/><br \/>\n\u00dcber uns<br \/>\n1,Unser Unternehmen befindet sich in Chinas gr\u00f6\u00dftem Gro\u00dfhandelszentrum<br \/>\nMarkt. Jedes Produkt, das Sie ben\u00f6tigen, k\u00f6nnen Sie mir schicken mit<br \/>\nProduktbilder oder Modelle. Ich gebe Ihnen die niedrigste<br \/>\nAngebot so schnell wie m\u00f6glich zu \u00fcberpr\u00fcfen, und dann die<br \/>\nProdukt im Shop f\u00fcr Sie zum Kauf bereit.<br \/>\n2,Alle Produkte im Shop verkauft werden, sind echte, bitte Ruhe<br \/>\nsicher zu kaufen! Wenn Sie irgendwelche Fragen \u00fcber die<br \/>\nProdukt, kontaktieren Sie uns bitte \u00fcber AliExpress und wir werden<br \/>\nantworten Ihnen innerhalb von 12 Stunden!<br \/>\n3,Wir halten hohe Qualit\u00e4tsstandards aufrecht und streben<br \/>\nf\u00fcr 100% Kundenzufriedenheit! Wenn Sie zufrieden sind<br \/>\nmit unseren Produkten und Dienstleistungen, hinterlassen Sie uns bitte eine<br \/>\nitiven Feedbacks und erhalten au\u00dferdem 5 Punkte von<br \/>\nFeedback.<br \/>\n4, Die Paketinformationen k\u00f6nnen zur\u00fcckverfolgt werden. Wenn Sie<br \/>\ndas Paket nach 90 Tagen noch nicht erhalten haben, k\u00f6nnen Sie<br \/>\nkontaktieren Sie uns und wir erstatten Ihnen den vollen Betrag<br \/>\nNummer: +86 15773188021<br \/>\nE-Mail: pengchi2023712@126.com<br \/>\nWhatsAPP: +86 15773188021<\/p>\n<\/div>\n<\/div>","protected":false},"excerpt":{"rendered":"<p>&nbsp; Art: Handwerkzeugteile Herkunft: Festland China Marke: Tree Smokers Produktionsgebiet: China Materialqualit\u00e4t: andere Farbklassifizierung: Als ganzes Set Art.Nr: Arabischer Wasserpfeifentopf<\/p>","protected":false},"featured_media":21010,"comment_status":"closed","ping_status":"closed","template":"","meta":{"iawp_total_views":6,"_joinchat":[]},"product_brand":[],"product_cat":[119],"product_tag":[],"class_list":{"0":"post-21009","1":"product","2":"type-product","3":"status-publish","4":"has-post-thumbnail","6":"product_cat-wholesale-hookah","8":"first","9":"instock","10":"shipping-taxable","11":"product-type-external"},"yoast_head":"<!-- This site is optimized with the Yoast SEO Premium plugin v24.7 (Yoast SEO v26.8) - https:\/\/yoast.com\/product\/yoast-seo-premium-wordpress\/ -->\n<title>Bulk Middle East Retro Punk Style Hookah Pipe - Global Hookah<\/title>\n<meta name=\"robots\" content=\"index, follow, max-snippet:-1, max-image-preview:large, max-video-preview:-1\" \/>\n<link rel=\"canonical\" href=\"https:\/\/global-hookah.com\/de\/produkt\/bulk-middle-east-retro-punk-style-hookah-pipe\/\" \/>\n<meta property=\"og:locale\" content=\"de_DE\" \/>\n<meta property=\"og:type\" content=\"article\" \/>\n<meta property=\"og:title\" content=\"Bulk Middle East Retro Punk Style Hookah Pipe\" \/>\n<meta property=\"og:description\" content=\"&nbsp; Type:\u00a0Hand Tool Parts Origin:\u00a0Mainland China brand:\u00a0Tree smokers producing area:\u00a0China material quality:\u00a0other Color classification:\u00a0As a whole set Art.No.:\u00a0Arab hookah pot\" \/>\n<meta property=\"og:url\" content=\"https:\/\/global-hookah.com\/de\/produkt\/bulk-middle-east-retro-punk-style-hookah-pipe\/\" \/>\n<meta property=\"og:site_name\" content=\"Global Hookah\" \/>\n<meta property=\"article:modified_time\" content=\"2024-04-17T12:30:26+00:00\" \/>\n<meta property=\"og:image\" content=\"https:\/\/global-hookah.com\/wp-content\/uploads\/2024\/04\/kf-Sa27adfeedf614adb847ea23f02048ae98-Middle-East-retro-punk-win-style-gold-wd-hookah-air-T1G-Middle-East-arabic-shisha-restaurant.webp\" \/>\n\t<meta property=\"og:image:width\" content=\"800\" \/>\n\t<meta property=\"og:image:height\" content=\"800\" \/>\n\t<meta property=\"og:image:type\" content=\"image\/webp\" \/>\n<meta name=\"twitter:card\" content=\"summary_large_image\" \/>\n<meta name=\"twitter:label1\" content=\"Gesch\u00e4tzte Lesezeit\" \/>\n\t<meta name=\"twitter:data1\" content=\"4\u00a0Minuten\" \/>\n<script type=\"application\/ld+json\" class=\"yoast-schema-graph\">{\"@context\":\"https:\/\/schema.org\",\"@graph\":[{\"@type\":\"WebPage\",\"@id\":\"https:\/\/global-hookah.com\/product\/bulk-middle-east-retro-punk-style-hookah-pipe\/\",\"url\":\"https:\/\/global-hookah.com\/product\/bulk-middle-east-retro-punk-style-hookah-pipe\/\",\"name\":\"Bulk Middle East Retro Punk Style Hookah Pipe - Global Hookah\",\"isPartOf\":{\"@id\":\"https:\/\/global-hookah.com\/#website\"},\"primaryImageOfPage\":{\"@id\":\"https:\/\/global-hookah.com\/product\/bulk-middle-east-retro-punk-style-hookah-pipe\/#primaryimage\"},\"image\":{\"@id\":\"https:\/\/global-hookah.com\/product\/bulk-middle-east-retro-punk-style-hookah-pipe\/#primaryimage\"},\"thumbnailUrl\":\"https:\/\/global-hookah.com\/wp-content\/uploads\/2024\/04\/kf-Sa27adfeedf614adb847ea23f02048ae98-Middle-East-retro-punk-win-style-gold-wd-hookah-air-T1G-Middle-East-arabic-shisha-restaurant.webp\",\"datePublished\":\"2024-04-17T11:59:17+00:00\",\"dateModified\":\"2024-04-17T12:30:26+00:00\",\"breadcrumb\":{\"@id\":\"https:\/\/global-hookah.com\/product\/bulk-middle-east-retro-punk-style-hookah-pipe\/#breadcrumb\"},\"inLanguage\":\"de\",\"potentialAction\":[{\"@type\":\"ReadAction\",\"target\":[\"https:\/\/global-hookah.com\/product\/bulk-middle-east-retro-punk-style-hookah-pipe\/\"]}]},{\"@type\":\"ImageObject\",\"inLanguage\":\"de\",\"@id\":\"https:\/\/global-hookah.com\/product\/bulk-middle-east-retro-punk-style-hookah-pipe\/#primaryimage\",\"url\":\"https:\/\/global-hookah.com\/wp-content\/uploads\/2024\/04\/kf-Sa27adfeedf614adb847ea23f02048ae98-Middle-East-retro-punk-win-style-gold-wd-hookah-air-T1G-Middle-East-arabic-shisha-restaurant.webp\",\"contentUrl\":\"https:\/\/global-hookah.com\/wp-content\/uploads\/2024\/04\/kf-Sa27adfeedf614adb847ea23f02048ae98-Middle-East-retro-punk-win-style-gold-wd-hookah-air-T1G-Middle-East-arabic-shisha-restaurant.webp\",\"width\":800,\"height\":800,\"caption\":\"Bulk Middle East Retro Punk Style Hookah Pipe\"},{\"@type\":\"BreadcrumbList\",\"@id\":\"https:\/\/global-hookah.com\/product\/bulk-middle-east-retro-punk-style-hookah-pipe\/#breadcrumb\",\"itemListElement\":[{\"@type\":\"ListItem\",\"position\":1,\"name\":\"Home\",\"item\":\"https:\/\/global-hookah.com\/\"},{\"@type\":\"ListItem\",\"position\":2,\"name\":\"Shop\",\"item\":\"https:\/\/global-hookah.com\/shop\/\"},{\"@type\":\"ListItem\",\"position\":3,\"name\":\"Bulk Middle East Retro Punk Style Hookah Pipe\"}]},{\"@type\":\"WebSite\",\"@id\":\"https:\/\/global-hookah.com\/#website\",\"url\":\"https:\/\/global-hookah.com\/\",\"name\":\"Global Hookah\",\"description\":\"Global Hookah\",\"publisher\":{\"@id\":\"https:\/\/global-hookah.com\/#organization\"},\"potentialAction\":[{\"@type\":\"SearchAction\",\"target\":{\"@type\":\"EntryPoint\",\"urlTemplate\":\"https:\/\/global-hookah.com\/?s={search_term_string}\"},\"query-input\":{\"@type\":\"PropertyValueSpecification\",\"valueRequired\":true,\"valueName\":\"search_term_string\"}}],\"inLanguage\":\"de\"},{\"@type\":\"Organization\",\"@id\":\"https:\/\/global-hookah.com\/#organization\",\"name\":\"Global Hookah\",\"url\":\"https:\/\/global-hookah.com\/\",\"logo\":{\"@type\":\"ImageObject\",\"inLanguage\":\"de\",\"@id\":\"https:\/\/global-hookah.com\/#\/schema\/logo\/image\/\",\"url\":\"https:\/\/global-hookah.com\/wp-content\/uploads\/2021\/10\/cropped-fgg.png\",\"contentUrl\":\"https:\/\/global-hookah.com\/wp-content\/uploads\/2021\/10\/cropped-fgg.png\",\"width\":512,\"height\":512,\"caption\":\"Global Hookah\"},\"image\":{\"@id\":\"https:\/\/global-hookah.com\/#\/schema\/logo\/image\/\"}}]}<\/script>\n<!-- \/ Yoast SEO Premium plugin. -->","yoast_head_json":{"title":"Bulk Nahost Retro Punk Stil Wasserpfeife - Global Hookah","robots":{"index":"index","follow":"follow","max-snippet":"max-snippet:-1","max-image-preview":"max-image-preview:large","max-video-preview":"max-video-preview:-1"},"canonical":"https:\/\/global-hookah.com\/de\/produkt\/bulk-middle-east-retro-punk-style-hookah-pipe\/","og_locale":"de_DE","og_type":"article","og_title":"Bulk Middle East Retro Punk Style Hookah Pipe","og_description":"&nbsp; Type:\u00a0Hand Tool Parts Origin:\u00a0Mainland China brand:\u00a0Tree smokers producing area:\u00a0China material quality:\u00a0other Color classification:\u00a0As a whole set Art.No.:\u00a0Arab hookah pot","og_url":"https:\/\/global-hookah.com\/de\/produkt\/bulk-middle-east-retro-punk-style-hookah-pipe\/","og_site_name":"Global Hookah","article_modified_time":"2024-04-17T12:30:26+00:00","og_image":[{"width":800,"height":800,"url":"https:\/\/global-hookah.com\/wp-content\/uploads\/2024\/04\/kf-Sa27adfeedf614adb847ea23f02048ae98-Middle-East-retro-punk-win-style-gold-wd-hookah-air-T1G-Middle-East-arabic-shisha-restaurant.webp","type":"image\/webp"}],"twitter_card":"summary_large_image","twitter_misc":{"Gesch\u00e4tzte Lesezeit":"4\u00a0Minuten"},"schema":{"@context":"https:\/\/schema.org","@graph":[{"@type":"WebPage","@id":"https:\/\/global-hookah.com\/product\/bulk-middle-east-retro-punk-style-hookah-pipe\/","url":"https:\/\/global-hookah.com\/product\/bulk-middle-east-retro-punk-style-hookah-pipe\/","name":"Bulk Nahost Retro Punk Stil Wasserpfeife - Global Hookah","isPartOf":{"@id":"https:\/\/global-hookah.com\/#website"},"primaryImageOfPage":{"@id":"https:\/\/global-hookah.com\/product\/bulk-middle-east-retro-punk-style-hookah-pipe\/#primaryimage"},"image":{"@id":"https:\/\/global-hookah.com\/product\/bulk-middle-east-retro-punk-style-hookah-pipe\/#primaryimage"},"thumbnailUrl":"https:\/\/global-hookah.com\/wp-content\/uploads\/2024\/04\/kf-Sa27adfeedf614adb847ea23f02048ae98-Middle-East-retro-punk-win-style-gold-wd-hookah-air-T1G-Middle-East-arabic-shisha-restaurant.webp","datePublished":"2024-04-17T11:59:17+00:00","dateModified":"2024-04-17T12:30:26+00:00","breadcrumb":{"@id":"https:\/\/global-hookah.com\/product\/bulk-middle-east-retro-punk-style-hookah-pipe\/#breadcrumb"},"inLanguage":"de","potentialAction":[{"@type":"ReadAction","target":["https:\/\/global-hookah.com\/product\/bulk-middle-east-retro-punk-style-hookah-pipe\/"]}]},{"@type":"ImageObject","inLanguage":"de","@id":"https:\/\/global-hookah.com\/product\/bulk-middle-east-retro-punk-style-hookah-pipe\/#primaryimage","url":"https:\/\/global-hookah.com\/wp-content\/uploads\/2024\/04\/kf-Sa27adfeedf614adb847ea23f02048ae98-Middle-East-retro-punk-win-style-gold-wd-hookah-air-T1G-Middle-East-arabic-shisha-restaurant.webp","contentUrl":"https:\/\/global-hookah.com\/wp-content\/uploads\/2024\/04\/kf-Sa27adfeedf614adb847ea23f02048ae98-Middle-East-retro-punk-win-style-gold-wd-hookah-air-T1G-Middle-East-arabic-shisha-restaurant.webp","width":800,"height":800,"caption":"Bulk Middle East Retro Punk Style Hookah Pipe"},{"@type":"BreadcrumbList","@id":"https:\/\/global-hookah.com\/product\/bulk-middle-east-retro-punk-style-hookah-pipe\/#breadcrumb","itemListElement":[{"@type":"ListItem","position":1,"name":"Home","item":"https:\/\/global-hookah.com\/"},{"@type":"ListItem","position":2,"name":"Shop","item":"https:\/\/global-hookah.com\/shop\/"},{"@type":"ListItem","position":3,"name":"Bulk Middle East Retro Punk Style Hookah Pipe"}]},{"@type":"WebSite","@id":"https:\/\/global-hookah.com\/#website","url":"https:\/\/global-hookah.com\/","name":"Globale Wasserpfeife","description":"Globale Wasserpfeife","publisher":{"@id":"https:\/\/global-hookah.com\/#organization"},"potentialAction":[{"@type":"SearchAction","target":{"@type":"EntryPoint","urlTemplate":"https:\/\/global-hookah.com\/?s={search_term_string}"},"query-input":{"@type":"PropertyValueSpecification","valueRequired":true,"valueName":"search_term_string"}}],"inLanguage":"de"},{"@type":"Organization","@id":"https:\/\/global-hookah.com\/#organization","name":"Globale Wasserpfeife","url":"https:\/\/global-hookah.com\/","logo":{"@type":"ImageObject","inLanguage":"de","@id":"https:\/\/global-hookah.com\/#\/schema\/logo\/image\/","url":"https:\/\/global-hookah.com\/wp-content\/uploads\/2021\/10\/cropped-fgg.png","contentUrl":"https:\/\/global-hookah.com\/wp-content\/uploads\/2021\/10\/cropped-fgg.png","width":512,"height":512,"caption":"Global Hookah"},"image":{"@id":"https:\/\/global-hookah.com\/#\/schema\/logo\/image\/"}}]}},"_links":{"self":[{"href":"https:\/\/global-hookah.com\/de\/wp-json\/wp\/v2\/product\/21009","targetHints":{"allow":["GET"]}}],"collection":[{"href":"https:\/\/global-hookah.com\/de\/wp-json\/wp\/v2\/product"}],"about":[{"href":"https:\/\/global-hookah.com\/de\/wp-json\/wp\/v2\/types\/product"}],"replies":[{"embeddable":true,"href":"https:\/\/global-hookah.com\/de\/wp-json\/wp\/v2\/comments?post=21009"}],"version-history":[{"count":0,"href":"https:\/\/global-hookah.com\/de\/wp-json\/wp\/v2\/product\/21009\/revisions"}],"wp:featuredmedia":[{"embeddable":true,"href":"https:\/\/global-hookah.com\/de\/wp-json\/wp\/v2\/media\/21010"}],"wp:attachment":[{"href":"https:\/\/global-hookah.com\/de\/wp-json\/wp\/v2\/media?parent=21009"}],"wp:term":[{"taxonomy":"product_brand","embeddable":true,"href":"https:\/\/global-hookah.com\/de\/wp-json\/wp\/v2\/product_brand?post=21009"},{"taxonomy":"product_cat","embeddable":true,"href":"https:\/\/global-hookah.com\/de\/wp-json\/wp\/v2\/product_cat?post=21009"},{"taxonomy":"product_tag","embeddable":true,"href":"https:\/\/global-hookah.com\/de\/wp-json\/wp\/v2\/product_tag?post=21009"}],"curies":[{"name":"wp","href":"https:\/\/api.w.org\/{rel}","templated":true}]}}