{"id":21017,"date":"2024-04-17T12:03:28","date_gmt":"2024-04-17T12:03:28","guid":{"rendered":"https:\/\/global-hookah.com\/product\/high-end-metal-hookah-wholesale\/"},"modified":"2024-04-22T10:53:26","modified_gmt":"2024-04-22T10:53:26","slug":"high-end-metal-hookah-wholesale","status":"publish","type":"product","link":"https:\/\/global-hookah.com\/de\/produkt\/high-end-metal-hookah-wholesale\/","title":{"rendered":"High-End Metall Wasserpfeife Gro\u00dfhandel"},"content":{"rendered":"<div class=\"product-specs-list-container\">\n<ul class=\"product-specs-list util-clearfix\">\n<li class=\"product-prop line-limit-length\">Liebe Wasserpfeifen-Liebhaber! Wollt Ihr eine <a href=\"https:\/\/global-hookah.com\/\">High-End-Wasserpfeife<\/a> mit einem edlen Aussehen und einer au\u00dfergew\u00f6hnlichen Textur? Dann verpassen Sie nicht unsere neu eingef\u00fchrte Gold-Level-Hookah K\u00f6nig - High-End Metal HookahThis High-End Metal Hookah ist aus Metall gefertigt und hat deutliche Muskel Textur! Sie wird aus speziell angefertigtem Metall aus Texas hergestellt und ist mit einem aus Deutschland importierten W\u00e4rme\u00fcbertragungssystem ausgestattet, um eine noch nie dagewesene Menge an Rauch zu gew\u00e4hrleisten.<\/li>\n<\/ul>\n<\/div>\n<p><span style=\"font-size: 18.0px;\"><img decoding=\"async\" src=\"https:\/\/ae01.alicdn.com\/kf\/HTB1mbhRLpXXXXbbaXXXq6xXFXXXW\/225583817\/HTB1mbhRLpXXXXbbaXXXq6xXFXXXW.jpg?width=800&amp;height=800&amp;size=211012&amp;hash=212612\" alt=\"aeProduct.getSubject()\" width=\"750\" align=\"left\" \/><img decoding=\"async\" src=\"https:\/\/ae01.alicdn.com\/kf\/HTB1UhF3LpXXXXclXFXXq6xXFXXXF\/225583817\/HTB1UhF3LpXXXXclXFXXq6xXFXXXF.jpg?width=800&amp;height=800&amp;size=287291&amp;hash=288891\" alt=\"aeProduct.getSubject()\" width=\"750\" align=\"left\" \/><img decoding=\"async\" src=\"https:\/\/ae01.alicdn.com\/kf\/HTB1z48VLpXXXXbfXVXXq6xXFXXXl\/225583817\/HTB1z48VLpXXXXbfXVXXq6xXFXXXl.jpg?width=800&amp;height=949&amp;size=265626&amp;hash=267375\" alt=\"aeProduct.getSubject()\" width=\"750\" align=\"left\" \/><img decoding=\"async\" src=\"https:\/\/ae01.alicdn.com\/kf\/HTB1iBOgLpXXXXbkXXXXq6xXFXXX5\/225583817\/HTB1iBOgLpXXXXbkXXXXq6xXFXXX5.jpg?width=800&amp;height=800&amp;size=256534&amp;hash=258134\" alt=\"aeProduct.getSubject()\" width=\"750\" align=\"left\" \/><img decoding=\"async\" src=\"https:\/\/ae01.alicdn.com\/kf\/HTB1FrKaLpXXXXaCXpXXq6xXFXXXY\/225583817\/HTB1FrKaLpXXXXaCXpXXq6xXFXXXY.jpg?width=800&amp;height=800&amp;size=216141&amp;hash=217741\" alt=\"aeProduct.getSubject()\" width=\"750\" align=\"left\" \/><img decoding=\"async\" src=\"https:\/\/ae01.alicdn.com\/kf\/HTB1ryNRLpXXXXahaXXXq6xXFXXX7\/225583817\/HTB1ryNRLpXXXXahaXXXq6xXFXXX7.jpg?width=800&amp;height=800&amp;size=212822&amp;hash=214422\" alt=\"aeProduct.getSubject()\" width=\"750\" align=\"left\" \/><img decoding=\"async\" src=\"https:\/\/ae01.alicdn.com\/kf\/HTB1eUFWLpXXXXaHXVXXq6xXFXXXJ\/225583817\/HTB1eUFWLpXXXXaHXVXXq6xXFXXXJ.jpg?width=800&amp;height=800&amp;size=295209&amp;hash=296809\" alt=\"aeProduct.getSubject()\" width=\"750\" align=\"left\" \/><img decoding=\"async\" src=\"https:\/\/ae01.alicdn.com\/kf\/HTB1JJx0LpXXXXXuXVXXq6xXFXXXv\/225583817\/HTB1JJx0LpXXXXXuXVXXq6xXFXXXv.jpg?width=800&amp;height=800&amp;size=175714&amp;hash=177314\" alt=\"aeProduct.getSubject()\" width=\"750\" align=\"left\" \/><\/span><\/p>","protected":false},"excerpt":{"rendered":"<p>Liebe Wasserpfeifen-Liebhaber! M\u00f6chten Sie eine hochwertige Wasserpfeife mit einem edlen Aussehen und einer au\u00dfergew\u00f6hnlichen Beschaffenheit? Dann verpassen Sie nicht unsere<\/p>","protected":false},"featured_media":21018,"comment_status":"closed","ping_status":"closed","template":"","meta":{"iawp_total_views":1,"_joinchat":[]},"product_brand":[],"product_cat":[559,119],"product_tag":[],"class_list":{"0":"post-21017","1":"product","2":"type-product","3":"status-publish","4":"has-post-thumbnail","6":"product_cat-portable-hookah-wholesale","7":"product_cat-wholesale-hookah","9":"first","10":"instock","11":"shipping-taxable","12":"product-type-external"},"yoast_head":"<!-- This site is optimized with the Yoast SEO Premium plugin v24.7 (Yoast SEO v26.8) - https:\/\/yoast.com\/product\/yoast-seo-premium-wordpress\/ -->\n<title>High-End Metal Hookah Wholesale - Global Hookah<\/title>\n<meta name=\"robots\" content=\"index, follow, max-snippet:-1, max-image-preview:large, max-video-preview:-1\" \/>\n<link rel=\"canonical\" href=\"https:\/\/global-hookah.com\/de\/produkt\/high-end-metal-hookah-wholesale\/\" \/>\n<meta property=\"og:locale\" content=\"de_DE\" \/>\n<meta property=\"og:type\" content=\"article\" \/>\n<meta property=\"og:title\" content=\"High-End Metal Hookah Wholesale\" \/>\n<meta property=\"og:description\" content=\"Dear hookah lovers! Do you want a high-end hookah with a classy appearance and extraordinary texture? Then don\u2019t miss our\" \/>\n<meta property=\"og:url\" content=\"https:\/\/global-hookah.com\/de\/produkt\/high-end-metal-hookah-wholesale\/\" \/>\n<meta property=\"og:site_name\" content=\"Global Hookah\" \/>\n<meta property=\"article:modified_time\" content=\"2024-04-22T10:53:26+00:00\" \/>\n<meta property=\"og:image\" content=\"https:\/\/global-hookah.com\/wp-content\/uploads\/2024\/04\/kf-HTB1vNToJVXXXXbIXpXXq6xXFXXX5-Fashion-Delicate-Pipe-Shisha-Hookah-Full-Set-of-Smoke-Double-Filtration-Filters-Can-Be-Cleaned-Hookahs.webp\" \/>\n\t<meta property=\"og:image:width\" content=\"800\" \/>\n\t<meta property=\"og:image:height\" content=\"800\" \/>\n\t<meta property=\"og:image:type\" content=\"image\/webp\" \/>\n<meta name=\"twitter:card\" content=\"summary_large_image\" \/>\n<meta name=\"twitter:label1\" content=\"Gesch\u00e4tzte Lesezeit\" \/>\n\t<meta name=\"twitter:data1\" content=\"3\u00a0Minuten\" \/>\n<script type=\"application\/ld+json\" class=\"yoast-schema-graph\">{\"@context\":\"https:\/\/schema.org\",\"@graph\":[{\"@type\":\"WebPage\",\"@id\":\"https:\/\/global-hookah.com\/product\/high-end-metal-hookah-wholesale\/\",\"url\":\"https:\/\/global-hookah.com\/product\/high-end-metal-hookah-wholesale\/\",\"name\":\"High-End Metal Hookah Wholesale - Global Hookah\",\"isPartOf\":{\"@id\":\"https:\/\/global-hookah.com\/#website\"},\"primaryImageOfPage\":{\"@id\":\"https:\/\/global-hookah.com\/product\/high-end-metal-hookah-wholesale\/#primaryimage\"},\"image\":{\"@id\":\"https:\/\/global-hookah.com\/product\/high-end-metal-hookah-wholesale\/#primaryimage\"},\"thumbnailUrl\":\"https:\/\/global-hookah.com\/wp-content\/uploads\/2024\/04\/kf-HTB1vNToJVXXXXbIXpXXq6xXFXXX5-Fashion-Delicate-Pipe-Shisha-Hookah-Full-Set-of-Smoke-Double-Filtration-Filters-Can-Be-Cleaned-Hookahs.webp\",\"datePublished\":\"2024-04-17T12:03:28+00:00\",\"dateModified\":\"2024-04-22T10:53:26+00:00\",\"breadcrumb\":{\"@id\":\"https:\/\/global-hookah.com\/product\/high-end-metal-hookah-wholesale\/#breadcrumb\"},\"inLanguage\":\"de\",\"potentialAction\":[{\"@type\":\"ReadAction\",\"target\":[\"https:\/\/global-hookah.com\/product\/high-end-metal-hookah-wholesale\/\"]}]},{\"@type\":\"ImageObject\",\"inLanguage\":\"de\",\"@id\":\"https:\/\/global-hookah.com\/product\/high-end-metal-hookah-wholesale\/#primaryimage\",\"url\":\"https:\/\/global-hookah.com\/wp-content\/uploads\/2024\/04\/kf-HTB1vNToJVXXXXbIXpXXq6xXFXXX5-Fashion-Delicate-Pipe-Shisha-Hookah-Full-Set-of-Smoke-Double-Filtration-Filters-Can-Be-Cleaned-Hookahs.webp\",\"contentUrl\":\"https:\/\/global-hookah.com\/wp-content\/uploads\/2024\/04\/kf-HTB1vNToJVXXXXbIXpXXq6xXFXXX5-Fashion-Delicate-Pipe-Shisha-Hookah-Full-Set-of-Smoke-Double-Filtration-Filters-Can-Be-Cleaned-Hookahs.webp\",\"width\":800,\"height\":800,\"caption\":\"High-End Metal Hookah Wholesale\"},{\"@type\":\"BreadcrumbList\",\"@id\":\"https:\/\/global-hookah.com\/product\/high-end-metal-hookah-wholesale\/#breadcrumb\",\"itemListElement\":[{\"@type\":\"ListItem\",\"position\":1,\"name\":\"Home\",\"item\":\"https:\/\/global-hookah.com\/\"},{\"@type\":\"ListItem\",\"position\":2,\"name\":\"Shop\",\"item\":\"https:\/\/global-hookah.com\/shop\/\"},{\"@type\":\"ListItem\",\"position\":3,\"name\":\"High-End Metal Hookah Wholesale\"}]},{\"@type\":\"WebSite\",\"@id\":\"https:\/\/global-hookah.com\/#website\",\"url\":\"https:\/\/global-hookah.com\/\",\"name\":\"Global Hookah\",\"description\":\"Global Hookah\",\"publisher\":{\"@id\":\"https:\/\/global-hookah.com\/#organization\"},\"potentialAction\":[{\"@type\":\"SearchAction\",\"target\":{\"@type\":\"EntryPoint\",\"urlTemplate\":\"https:\/\/global-hookah.com\/?s={search_term_string}\"},\"query-input\":{\"@type\":\"PropertyValueSpecification\",\"valueRequired\":true,\"valueName\":\"search_term_string\"}}],\"inLanguage\":\"de\"},{\"@type\":\"Organization\",\"@id\":\"https:\/\/global-hookah.com\/#organization\",\"name\":\"Global Hookah\",\"url\":\"https:\/\/global-hookah.com\/\",\"logo\":{\"@type\":\"ImageObject\",\"inLanguage\":\"de\",\"@id\":\"https:\/\/global-hookah.com\/#\/schema\/logo\/image\/\",\"url\":\"https:\/\/global-hookah.com\/wp-content\/uploads\/2021\/10\/cropped-fgg.png\",\"contentUrl\":\"https:\/\/global-hookah.com\/wp-content\/uploads\/2021\/10\/cropped-fgg.png\",\"width\":512,\"height\":512,\"caption\":\"Global Hookah\"},\"image\":{\"@id\":\"https:\/\/global-hookah.com\/#\/schema\/logo\/image\/\"}}]}<\/script>\n<!-- \/ Yoast SEO Premium plugin. -->","yoast_head_json":{"title":"High-End Metall Wasserpfeife Gro\u00dfhandel - Global Hookah","robots":{"index":"index","follow":"follow","max-snippet":"max-snippet:-1","max-image-preview":"max-image-preview:large","max-video-preview":"max-video-preview:-1"},"canonical":"https:\/\/global-hookah.com\/de\/produkt\/high-end-metal-hookah-wholesale\/","og_locale":"de_DE","og_type":"article","og_title":"High-End Metal Hookah Wholesale","og_description":"Dear hookah lovers! Do you want a high-end hookah with a classy appearance and extraordinary texture? Then don\u2019t miss our","og_url":"https:\/\/global-hookah.com\/de\/produkt\/high-end-metal-hookah-wholesale\/","og_site_name":"Global Hookah","article_modified_time":"2024-04-22T10:53:26+00:00","og_image":[{"width":800,"height":800,"url":"https:\/\/global-hookah.com\/wp-content\/uploads\/2024\/04\/kf-HTB1vNToJVXXXXbIXpXXq6xXFXXX5-Fashion-Delicate-Pipe-Shisha-Hookah-Full-Set-of-Smoke-Double-Filtration-Filters-Can-Be-Cleaned-Hookahs.webp","type":"image\/webp"}],"twitter_card":"summary_large_image","twitter_misc":{"Gesch\u00e4tzte Lesezeit":"3\u00a0Minuten"},"schema":{"@context":"https:\/\/schema.org","@graph":[{"@type":"WebPage","@id":"https:\/\/global-hookah.com\/product\/high-end-metal-hookah-wholesale\/","url":"https:\/\/global-hookah.com\/product\/high-end-metal-hookah-wholesale\/","name":"High-End Metall Wasserpfeife Gro\u00dfhandel - Global Hookah","isPartOf":{"@id":"https:\/\/global-hookah.com\/#website"},"primaryImageOfPage":{"@id":"https:\/\/global-hookah.com\/product\/high-end-metal-hookah-wholesale\/#primaryimage"},"image":{"@id":"https:\/\/global-hookah.com\/product\/high-end-metal-hookah-wholesale\/#primaryimage"},"thumbnailUrl":"https:\/\/global-hookah.com\/wp-content\/uploads\/2024\/04\/kf-HTB1vNToJVXXXXbIXpXXq6xXFXXX5-Fashion-Delicate-Pipe-Shisha-Hookah-Full-Set-of-Smoke-Double-Filtration-Filters-Can-Be-Cleaned-Hookahs.webp","datePublished":"2024-04-17T12:03:28+00:00","dateModified":"2024-04-22T10:53:26+00:00","breadcrumb":{"@id":"https:\/\/global-hookah.com\/product\/high-end-metal-hookah-wholesale\/#breadcrumb"},"inLanguage":"de","potentialAction":[{"@type":"ReadAction","target":["https:\/\/global-hookah.com\/product\/high-end-metal-hookah-wholesale\/"]}]},{"@type":"ImageObject","inLanguage":"de","@id":"https:\/\/global-hookah.com\/product\/high-end-metal-hookah-wholesale\/#primaryimage","url":"https:\/\/global-hookah.com\/wp-content\/uploads\/2024\/04\/kf-HTB1vNToJVXXXXbIXpXXq6xXFXXX5-Fashion-Delicate-Pipe-Shisha-Hookah-Full-Set-of-Smoke-Double-Filtration-Filters-Can-Be-Cleaned-Hookahs.webp","contentUrl":"https:\/\/global-hookah.com\/wp-content\/uploads\/2024\/04\/kf-HTB1vNToJVXXXXbIXpXXq6xXFXXX5-Fashion-Delicate-Pipe-Shisha-Hookah-Full-Set-of-Smoke-Double-Filtration-Filters-Can-Be-Cleaned-Hookahs.webp","width":800,"height":800,"caption":"High-End Metal Hookah Wholesale"},{"@type":"BreadcrumbList","@id":"https:\/\/global-hookah.com\/product\/high-end-metal-hookah-wholesale\/#breadcrumb","itemListElement":[{"@type":"ListItem","position":1,"name":"Home","item":"https:\/\/global-hookah.com\/"},{"@type":"ListItem","position":2,"name":"Shop","item":"https:\/\/global-hookah.com\/shop\/"},{"@type":"ListItem","position":3,"name":"High-End Metal Hookah Wholesale"}]},{"@type":"WebSite","@id":"https:\/\/global-hookah.com\/#website","url":"https:\/\/global-hookah.com\/","name":"Globale Wasserpfeife","description":"Globale Wasserpfeife","publisher":{"@id":"https:\/\/global-hookah.com\/#organization"},"potentialAction":[{"@type":"SearchAction","target":{"@type":"EntryPoint","urlTemplate":"https:\/\/global-hookah.com\/?s={search_term_string}"},"query-input":{"@type":"PropertyValueSpecification","valueRequired":true,"valueName":"search_term_string"}}],"inLanguage":"de"},{"@type":"Organization","@id":"https:\/\/global-hookah.com\/#organization","name":"Globale Wasserpfeife","url":"https:\/\/global-hookah.com\/","logo":{"@type":"ImageObject","inLanguage":"de","@id":"https:\/\/global-hookah.com\/#\/schema\/logo\/image\/","url":"https:\/\/global-hookah.com\/wp-content\/uploads\/2021\/10\/cropped-fgg.png","contentUrl":"https:\/\/global-hookah.com\/wp-content\/uploads\/2021\/10\/cropped-fgg.png","width":512,"height":512,"caption":"Global Hookah"},"image":{"@id":"https:\/\/global-hookah.com\/#\/schema\/logo\/image\/"}}]}},"_links":{"self":[{"href":"https:\/\/global-hookah.com\/de\/wp-json\/wp\/v2\/product\/21017","targetHints":{"allow":["GET"]}}],"collection":[{"href":"https:\/\/global-hookah.com\/de\/wp-json\/wp\/v2\/product"}],"about":[{"href":"https:\/\/global-hookah.com\/de\/wp-json\/wp\/v2\/types\/product"}],"replies":[{"embeddable":true,"href":"https:\/\/global-hookah.com\/de\/wp-json\/wp\/v2\/comments?post=21017"}],"version-history":[{"count":0,"href":"https:\/\/global-hookah.com\/de\/wp-json\/wp\/v2\/product\/21017\/revisions"}],"wp:featuredmedia":[{"embeddable":true,"href":"https:\/\/global-hookah.com\/de\/wp-json\/wp\/v2\/media\/21018"}],"wp:attachment":[{"href":"https:\/\/global-hookah.com\/de\/wp-json\/wp\/v2\/media?parent=21017"}],"wp:term":[{"taxonomy":"product_brand","embeddable":true,"href":"https:\/\/global-hookah.com\/de\/wp-json\/wp\/v2\/product_brand?post=21017"},{"taxonomy":"product_cat","embeddable":true,"href":"https:\/\/global-hookah.com\/de\/wp-json\/wp\/v2\/product_cat?post=21017"},{"taxonomy":"product_tag","embeddable":true,"href":"https:\/\/global-hookah.com\/de\/wp-json\/wp\/v2\/product_tag?post=21017"}],"curies":[{"name":"wp","href":"https:\/\/api.w.org\/{rel}","templated":true}]}}