{"id":21025,"date":"2024-04-17T12:05:49","date_gmt":"2024-04-17T12:05:49","guid":{"rendered":"https:\/\/global-hookah.com\/product\/wholesale-discount-medium-size-aluminum-alloy-shisha-set\/"},"modified":"2024-04-17T12:22:46","modified_gmt":"2024-04-17T12:22:46","slug":"wholesale-discount-medium-size-aluminum-alloy-shisha-set","status":"publish","type":"product","link":"https:\/\/global-hookah.com\/de\/produkt\/wholesale-discount-medium-size-aluminum-alloy-shisha-set\/","title":{"rendered":"Gro\u00dfhandel Rabatt Medium Gr\u00f6\u00dfe Aluminiumlegierung Shisha Set"},"content":{"rendered":"<p>Attribut \"Ware<br \/>\nProduktkategorie:<a href=\"https:\/\/global-hookah.com\/\"> Wasserpfeife<\/a><br \/>\nShisha-Set aus Aluminiumlegierung<br \/>\nProduktmerkmale: Top 10 L\u00f6cher Luft Design<br \/>\nFarbe: Rot, Gold, Wei\u00df, Gr\u00fcn, Blau<br \/>\nStil: Einfaches, neues Chinesisch<br \/>\nProduktgewicht: 2,2 kg (mit Farbkarton)<br \/>\nProdukth\u00f6he: 39cm<br \/>\nVerpackungsgr\u00f6\u00dfe: 19*19*25cm<\/p>\n<div class=\"detailmodule_text-image\">\n<div><\/div>\n<div><img decoding=\"async\" class=\"detail-desc-decorate-image\" src=\"https:\/\/ae01.alicdn.com\/kf\/Sf2095b12acb44f1aba4ae8c789cef325m.jpeg\" \/><img decoding=\"async\" class=\"detail-desc-decorate-image\" src=\"https:\/\/ae01.alicdn.com\/kf\/Sd6d5779018c94136b0ad0dc5ee060cd2j.jpg\" \/><img decoding=\"async\" class=\"detail-desc-decorate-image\" src=\"https:\/\/ae01.alicdn.com\/kf\/Sb6a6bf75a94e4930b16d4d5c6e024597W.jpg\" \/><img decoding=\"async\" class=\"detail-desc-decorate-image\" src=\"https:\/\/ae01.alicdn.com\/kf\/S45c468add14748aaa1ff3c97ca6c42ecB.jpg\" \/><img decoding=\"async\" class=\"detail-desc-decorate-image\" src=\"https:\/\/ae01.alicdn.com\/kf\/S0a2613ee702d4a52ba1e4c4eee6cbed7e.jpg\" \/><img decoding=\"async\" class=\"detail-desc-decorate-image\" src=\"https:\/\/ae01.alicdn.com\/kf\/Sd2c5f34392ec4e69bf1083a2edf53845x.jpg\" \/><img decoding=\"async\" class=\"detail-desc-decorate-image\" src=\"https:\/\/ae01.alicdn.com\/kf\/Scbd64a74c6994150be5bb6d84c733c3aG.jpg\" \/><img decoding=\"async\" class=\"detail-desc-decorate-image\" src=\"https:\/\/ae01.alicdn.com\/kf\/Sae2c07d02cfb4739b040916ca52a8c46E.jpg\" \/><img decoding=\"async\" class=\"detail-desc-decorate-image\" src=\"https:\/\/ae01.alicdn.com\/kf\/Sa7a7a7e9d8fe48d7827812fc7b85bee6u.jpg\" \/><img decoding=\"async\" class=\"detail-desc-decorate-image\" src=\"https:\/\/ae01.alicdn.com\/kf\/S8e2276f6ff134990b05c075465004013s.jpeg\" \/><\/div>\n<\/div>\n<div class=\"detailmodule_text-image\">\n<p style=\"color: #ffffff;\">Neu <a href=\"https:\/\/global-hookah.com\/product\/medium-single-pipe-hookah-wholesale\/\">Mittelgro\u00dfe Single Pipe Top Smoke Wasserpfeife<\/a><br \/>\nFr\u00fchling <a href=\"https:\/\/global-hookah.com\/product\/aluminum-alloy-single-pipe-full-set-of-water-cigarette-pot-wholesale\/\">Shisha-Set aus Aluminiumlegierung<\/a><br \/>\nRauchende Dampfer<br \/>\nNarghile<br \/>\nHooka Komplett-Set<br \/>\nHooka<br \/>\n<a href=\"https:\/\/global-hookah.com\/how-to-clean-a-smoking-pipe\/\">Rauchrohr<\/a><br \/>\n<a href=\"https:\/\/global-hookah.com\/product\/alien-gas-mask-bong-with-acrylic-water-pipe\/\">Wasserleitung<\/a> Rauch<br \/>\nWasserpfeife<br \/>\nShisha<\/p>\n<\/div>\n<p>&nbsp;<\/p>","protected":false},"excerpt":{"rendered":"<p>Wareneigenschaft Produktkategorie: Wasserpfeife Aluminiumlegierung Shisha Set Produktmerkmale: Top 10 L\u00f6cher Luft Design Farbe: Rot, Gold, wei\u00df,<\/p>","protected":false},"featured_media":21026,"comment_status":"closed","ping_status":"closed","template":"","meta":{"iawp_total_views":1,"_joinchat":[]},"product_brand":[],"product_cat":[119],"product_tag":[],"class_list":{"0":"post-21025","1":"product","2":"type-product","3":"status-publish","4":"has-post-thumbnail","6":"product_cat-wholesale-hookah","8":"first","9":"instock","10":"shipping-taxable","11":"product-type-external"},"yoast_head":"<!-- This site is optimized with the Yoast SEO Premium plugin v24.7 (Yoast SEO v26.8) - https:\/\/yoast.com\/product\/yoast-seo-premium-wordpress\/ -->\n<title>Wholesale Discount Medium Size Aluminum Alloy Shisha Set - Global Hookah<\/title>\n<meta name=\"robots\" content=\"index, follow, max-snippet:-1, max-image-preview:large, max-video-preview:-1\" \/>\n<link rel=\"canonical\" href=\"https:\/\/global-hookah.com\/de\/pt\/produto\/conjunto-de-narguile-de-liga-de-aluminio-de-tamanho-medio-com-desconto-no-atacado\/\" \/>\n<meta property=\"og:locale\" content=\"de_DE\" \/>\n<meta property=\"og:type\" content=\"article\" \/>\n<meta property=\"og:title\" content=\"Wholesale Discount Medium Size Aluminum Alloy Shisha Set\" \/>\n<meta property=\"og:description\" content=\"Commodity attribute Product category: Hookah aluminum alloy shisha set Product features: Top 10 holes air design Color: Red, gold, white,\" \/>\n<meta property=\"og:url\" content=\"https:\/\/global-hookah.com\/de\/pt\/produto\/conjunto-de-narguile-de-liga-de-aluminio-de-tamanho-medio-com-desconto-no-atacado\/\" \/>\n<meta property=\"og:site_name\" content=\"Global Hookah\" \/>\n<meta property=\"article:modified_time\" content=\"2024-04-17T12:22:46+00:00\" \/>\n<meta property=\"og:image\" content=\"https:\/\/global-hookah.com\/wp-content\/uploads\/2024\/04\/kf-S9be8175c27fe4caeb7ff7a57b80ff30eV-Single-Pipe-Top-Smoke-Hookah-Aluminum-Alloy-Shisha-Set-Smoking-Steamers-Narghile-Hooka-Complete-Kit-Gift.webp\" \/>\n\t<meta property=\"og:image:width\" content=\"1920\" \/>\n\t<meta property=\"og:image:height\" content=\"1920\" \/>\n\t<meta property=\"og:image:type\" content=\"image\/webp\" \/>\n<meta name=\"twitter:card\" content=\"summary_large_image\" \/>\n<meta name=\"twitter:label1\" content=\"Gesch\u00e4tzte Lesezeit\" \/>\n\t<meta name=\"twitter:data1\" content=\"3\u00a0Minuten\" \/>\n<script type=\"application\/ld+json\" class=\"yoast-schema-graph\">{\"@context\":\"https:\/\/schema.org\",\"@graph\":[{\"@type\":\"WebPage\",\"@id\":\"https:\/\/global-hookah.com\/pt\/produto\/conjunto-de-narguile-de-liga-de-aluminio-de-tamanho-medio-com-desconto-no-atacado\/\",\"url\":\"https:\/\/global-hookah.com\/pt\/produto\/conjunto-de-narguile-de-liga-de-aluminio-de-tamanho-medio-com-desconto-no-atacado\/\",\"name\":\"Wholesale Discount Medium Size Aluminum Alloy Shisha Set - Global Hookah\",\"isPartOf\":{\"@id\":\"https:\/\/global-hookah.com\/#website\"},\"primaryImageOfPage\":{\"@id\":\"https:\/\/global-hookah.com\/pt\/produto\/conjunto-de-narguile-de-liga-de-aluminio-de-tamanho-medio-com-desconto-no-atacado\/#primaryimage\"},\"image\":{\"@id\":\"https:\/\/global-hookah.com\/pt\/produto\/conjunto-de-narguile-de-liga-de-aluminio-de-tamanho-medio-com-desconto-no-atacado\/#primaryimage\"},\"thumbnailUrl\":\"https:\/\/global-hookah.com\/wp-content\/uploads\/2024\/04\/kf-S9be8175c27fe4caeb7ff7a57b80ff30eV-Single-Pipe-Top-Smoke-Hookah-Aluminum-Alloy-Shisha-Set-Smoking-Steamers-Narghile-Hooka-Complete-Kit-Gift.webp\",\"datePublished\":\"2024-04-17T12:05:49+00:00\",\"dateModified\":\"2024-04-17T12:22:46+00:00\",\"breadcrumb\":{\"@id\":\"https:\/\/global-hookah.com\/pt\/produto\/conjunto-de-narguile-de-liga-de-aluminio-de-tamanho-medio-com-desconto-no-atacado\/#breadcrumb\"},\"inLanguage\":\"de\",\"potentialAction\":[{\"@type\":\"ReadAction\",\"target\":[\"https:\/\/global-hookah.com\/pt\/produto\/conjunto-de-narguile-de-liga-de-aluminio-de-tamanho-medio-com-desconto-no-atacado\/\"]}]},{\"@type\":\"ImageObject\",\"inLanguage\":\"de\",\"@id\":\"https:\/\/global-hookah.com\/pt\/produto\/conjunto-de-narguile-de-liga-de-aluminio-de-tamanho-medio-com-desconto-no-atacado\/#primaryimage\",\"url\":\"https:\/\/global-hookah.com\/wp-content\/uploads\/2024\/04\/kf-S9be8175c27fe4caeb7ff7a57b80ff30eV-Single-Pipe-Top-Smoke-Hookah-Aluminum-Alloy-Shisha-Set-Smoking-Steamers-Narghile-Hooka-Complete-Kit-Gift.webp\",\"contentUrl\":\"https:\/\/global-hookah.com\/wp-content\/uploads\/2024\/04\/kf-S9be8175c27fe4caeb7ff7a57b80ff30eV-Single-Pipe-Top-Smoke-Hookah-Aluminum-Alloy-Shisha-Set-Smoking-Steamers-Narghile-Hooka-Complete-Kit-Gift.webp\",\"width\":1920,\"height\":1920},{\"@type\":\"BreadcrumbList\",\"@id\":\"https:\/\/global-hookah.com\/pt\/produto\/conjunto-de-narguile-de-liga-de-aluminio-de-tamanho-medio-com-desconto-no-atacado\/#breadcrumb\",\"itemListElement\":[{\"@type\":\"ListItem\",\"position\":1,\"name\":\"Home\",\"item\":\"https:\/\/global-hookah.com\/\"},{\"@type\":\"ListItem\",\"position\":2,\"name\":\"Shop\",\"item\":\"https:\/\/global-hookah.com\/shop\/\"},{\"@type\":\"ListItem\",\"position\":3,\"name\":\"Wholesale Discount Medium Size Aluminum Alloy Shisha Set\"}]},{\"@type\":\"WebSite\",\"@id\":\"https:\/\/global-hookah.com\/#website\",\"url\":\"https:\/\/global-hookah.com\/\",\"name\":\"Global Hookah\",\"description\":\"Global Hookah\",\"publisher\":{\"@id\":\"https:\/\/global-hookah.com\/#organization\"},\"potentialAction\":[{\"@type\":\"SearchAction\",\"target\":{\"@type\":\"EntryPoint\",\"urlTemplate\":\"https:\/\/global-hookah.com\/?s={search_term_string}\"},\"query-input\":{\"@type\":\"PropertyValueSpecification\",\"valueRequired\":true,\"valueName\":\"search_term_string\"}}],\"inLanguage\":\"de\"},{\"@type\":\"Organization\",\"@id\":\"https:\/\/global-hookah.com\/#organization\",\"name\":\"Global Hookah\",\"url\":\"https:\/\/global-hookah.com\/\",\"logo\":{\"@type\":\"ImageObject\",\"inLanguage\":\"de\",\"@id\":\"https:\/\/global-hookah.com\/#\/schema\/logo\/image\/\",\"url\":\"https:\/\/global-hookah.com\/wp-content\/uploads\/2021\/10\/cropped-fgg.png\",\"contentUrl\":\"https:\/\/global-hookah.com\/wp-content\/uploads\/2021\/10\/cropped-fgg.png\",\"width\":512,\"height\":512,\"caption\":\"Global Hookah\"},\"image\":{\"@id\":\"https:\/\/global-hookah.com\/#\/schema\/logo\/image\/\"}}]}<\/script>\n<!-- \/ Yoast SEO Premium plugin. -->","yoast_head_json":{"title":"Gro\u00dfhandel Rabatt Medium Gr\u00f6\u00dfe Aluminiumlegierung Shisha Set - Global Hookah","robots":{"index":"index","follow":"follow","max-snippet":"max-snippet:-1","max-image-preview":"max-image-preview:large","max-video-preview":"max-video-preview:-1"},"canonical":"https:\/\/global-hookah.com\/de\/pt\/produto\/conjunto-de-narguile-de-liga-de-aluminio-de-tamanho-medio-com-desconto-no-atacado\/","og_locale":"de_DE","og_type":"article","og_title":"Wholesale Discount Medium Size Aluminum Alloy Shisha Set","og_description":"Commodity attribute Product category: Hookah aluminum alloy shisha set Product features: Top 10 holes air design Color: Red, gold, white,","og_url":"https:\/\/global-hookah.com\/de\/pt\/produto\/conjunto-de-narguile-de-liga-de-aluminio-de-tamanho-medio-com-desconto-no-atacado\/","og_site_name":"Global Hookah","article_modified_time":"2024-04-17T12:22:46+00:00","og_image":[{"width":1920,"height":1920,"url":"https:\/\/global-hookah.com\/wp-content\/uploads\/2024\/04\/kf-S9be8175c27fe4caeb7ff7a57b80ff30eV-Single-Pipe-Top-Smoke-Hookah-Aluminum-Alloy-Shisha-Set-Smoking-Steamers-Narghile-Hooka-Complete-Kit-Gift.webp","type":"image\/webp"}],"twitter_card":"summary_large_image","twitter_misc":{"Gesch\u00e4tzte Lesezeit":"3\u00a0Minuten"},"schema":{"@context":"https:\/\/schema.org","@graph":[{"@type":"WebPage","@id":"https:\/\/global-hookah.com\/pt\/produto\/conjunto-de-narguile-de-liga-de-aluminio-de-tamanho-medio-com-desconto-no-atacado\/","url":"https:\/\/global-hookah.com\/pt\/produto\/conjunto-de-narguile-de-liga-de-aluminio-de-tamanho-medio-com-desconto-no-atacado\/","name":"Gro\u00dfhandel Rabatt Medium Gr\u00f6\u00dfe Aluminiumlegierung Shisha Set - Global Hookah","isPartOf":{"@id":"https:\/\/global-hookah.com\/#website"},"primaryImageOfPage":{"@id":"https:\/\/global-hookah.com\/pt\/produto\/conjunto-de-narguile-de-liga-de-aluminio-de-tamanho-medio-com-desconto-no-atacado\/#primaryimage"},"image":{"@id":"https:\/\/global-hookah.com\/pt\/produto\/conjunto-de-narguile-de-liga-de-aluminio-de-tamanho-medio-com-desconto-no-atacado\/#primaryimage"},"thumbnailUrl":"https:\/\/global-hookah.com\/wp-content\/uploads\/2024\/04\/kf-S9be8175c27fe4caeb7ff7a57b80ff30eV-Single-Pipe-Top-Smoke-Hookah-Aluminum-Alloy-Shisha-Set-Smoking-Steamers-Narghile-Hooka-Complete-Kit-Gift.webp","datePublished":"2024-04-17T12:05:49+00:00","dateModified":"2024-04-17T12:22:46+00:00","breadcrumb":{"@id":"https:\/\/global-hookah.com\/pt\/produto\/conjunto-de-narguile-de-liga-de-aluminio-de-tamanho-medio-com-desconto-no-atacado\/#breadcrumb"},"inLanguage":"de","potentialAction":[{"@type":"ReadAction","target":["https:\/\/global-hookah.com\/pt\/produto\/conjunto-de-narguile-de-liga-de-aluminio-de-tamanho-medio-com-desconto-no-atacado\/"]}]},{"@type":"ImageObject","inLanguage":"de","@id":"https:\/\/global-hookah.com\/pt\/produto\/conjunto-de-narguile-de-liga-de-aluminio-de-tamanho-medio-com-desconto-no-atacado\/#primaryimage","url":"https:\/\/global-hookah.com\/wp-content\/uploads\/2024\/04\/kf-S9be8175c27fe4caeb7ff7a57b80ff30eV-Single-Pipe-Top-Smoke-Hookah-Aluminum-Alloy-Shisha-Set-Smoking-Steamers-Narghile-Hooka-Complete-Kit-Gift.webp","contentUrl":"https:\/\/global-hookah.com\/wp-content\/uploads\/2024\/04\/kf-S9be8175c27fe4caeb7ff7a57b80ff30eV-Single-Pipe-Top-Smoke-Hookah-Aluminum-Alloy-Shisha-Set-Smoking-Steamers-Narghile-Hooka-Complete-Kit-Gift.webp","width":1920,"height":1920},{"@type":"BreadcrumbList","@id":"https:\/\/global-hookah.com\/pt\/produto\/conjunto-de-narguile-de-liga-de-aluminio-de-tamanho-medio-com-desconto-no-atacado\/#breadcrumb","itemListElement":[{"@type":"ListItem","position":1,"name":"Home","item":"https:\/\/global-hookah.com\/"},{"@type":"ListItem","position":2,"name":"Shop","item":"https:\/\/global-hookah.com\/shop\/"},{"@type":"ListItem","position":3,"name":"Wholesale Discount Medium Size Aluminum Alloy Shisha Set"}]},{"@type":"WebSite","@id":"https:\/\/global-hookah.com\/#website","url":"https:\/\/global-hookah.com\/","name":"Globale Wasserpfeife","description":"Globale Wasserpfeife","publisher":{"@id":"https:\/\/global-hookah.com\/#organization"},"potentialAction":[{"@type":"SearchAction","target":{"@type":"EntryPoint","urlTemplate":"https:\/\/global-hookah.com\/?s={search_term_string}"},"query-input":{"@type":"PropertyValueSpecification","valueRequired":true,"valueName":"search_term_string"}}],"inLanguage":"de"},{"@type":"Organization","@id":"https:\/\/global-hookah.com\/#organization","name":"Globale Wasserpfeife","url":"https:\/\/global-hookah.com\/","logo":{"@type":"ImageObject","inLanguage":"de","@id":"https:\/\/global-hookah.com\/#\/schema\/logo\/image\/","url":"https:\/\/global-hookah.com\/wp-content\/uploads\/2021\/10\/cropped-fgg.png","contentUrl":"https:\/\/global-hookah.com\/wp-content\/uploads\/2021\/10\/cropped-fgg.png","width":512,"height":512,"caption":"Global Hookah"},"image":{"@id":"https:\/\/global-hookah.com\/#\/schema\/logo\/image\/"}}]}},"_links":{"self":[{"href":"https:\/\/global-hookah.com\/de\/wp-json\/wp\/v2\/product\/21025","targetHints":{"allow":["GET"]}}],"collection":[{"href":"https:\/\/global-hookah.com\/de\/wp-json\/wp\/v2\/product"}],"about":[{"href":"https:\/\/global-hookah.com\/de\/wp-json\/wp\/v2\/types\/product"}],"replies":[{"embeddable":true,"href":"https:\/\/global-hookah.com\/de\/wp-json\/wp\/v2\/comments?post=21025"}],"version-history":[{"count":0,"href":"https:\/\/global-hookah.com\/de\/wp-json\/wp\/v2\/product\/21025\/revisions"}],"wp:featuredmedia":[{"embeddable":true,"href":"https:\/\/global-hookah.com\/de\/wp-json\/wp\/v2\/media\/21026"}],"wp:attachment":[{"href":"https:\/\/global-hookah.com\/de\/wp-json\/wp\/v2\/media?parent=21025"}],"wp:term":[{"taxonomy":"product_brand","embeddable":true,"href":"https:\/\/global-hookah.com\/de\/wp-json\/wp\/v2\/product_brand?post=21025"},{"taxonomy":"product_cat","embeddable":true,"href":"https:\/\/global-hookah.com\/de\/wp-json\/wp\/v2\/product_cat?post=21025"},{"taxonomy":"product_tag","embeddable":true,"href":"https:\/\/global-hookah.com\/de\/wp-json\/wp\/v2\/product_tag?post=21025"}],"curies":[{"name":"wp","href":"https:\/\/api.w.org\/{rel}","templated":true}]}}