{"id":21135,"date":"2024-04-18T14:27:30","date_gmt":"2024-04-18T14:27:30","guid":{"rendered":"https:\/\/global-hookah.com\/product\/imported-24k-gold-arabic-hookah-wholesale\/"},"modified":"2024-04-18T14:27:35","modified_gmt":"2024-04-18T14:27:35","slug":"imported-24k-gold-arabic-hookah-wholesale","status":"publish","type":"product","link":"https:\/\/global-hookah.com\/de\/produkt\/imported-24k-gold-arabic-hookah-wholesale\/","title":{"rendered":"Importierte 24k Gold Arabisch Wasserpfeife Gro\u00dfhandel"},"content":{"rendered":"<div class=\"product-specs-list-container\">\n<ul class=\"product-specs-list util-clearfix\">\n<li class=\"product-prop line-limit-length\"><span\n\t\t\t\t\t\t\t\t\tclass=\"property-title\">Art:&nbsp;<\/span><span\n\t\t\t\t\t\t\t\t\tclass=\"property-desc line-limit-length\">Teile f\u00fcr Elektrowerkzeuge<\/span>\n\t\t\t\t\t\t<\/li>\n<li class=\"product-prop line-limit-length\"><span\n\t\t\t\t\t\t\t\t\tclass=\"property-title\">Herkunft:&nbsp;<\/span><span\n\t\t\t\t\t\t\t\t\tclass=\"property-desc line-limit-length\">Festland China<\/span>\n\t\t\t\t\t\t<\/li>\n<li class=\"product-prop line-limit-length\"><span\n\t\t\t\t\t\t\t\t\tclass=\"property-title\">Produktionsgebiet:&nbsp;<\/span><span\n\t\t\t\t\t\t\t\t\tclass=\"property-desc line-limit-length\">andere<\/span>\n\t\t\t\t\t\t<\/li>\n<li class=\"product-prop line-limit-length\"><span\n\t\t\t\t\t\t\t\t\tclass=\"property-title\">Materialqualit\u00e4t:&nbsp;<\/span><span\n\t\t\t\t\t\t\t\t\tclass=\"property-desc line-limit-length\">andere<\/span>\n\t\t\t\t\t\t<\/li>\n<li class=\"product-prop line-limit-length\"><span\n\t\t\t\t\t\t\t\t\tclass=\"property-title\">Artikel Nummer:&nbsp;<\/span><span\n\t\t\t\t\t\t\t\t\tclass=\"property-desc line-limit-length\">Polnische Wookah Wasserpfeife Wasserpfeife Wasserpfeife Wasserpfeife<\/span>\n\t\t\t\t\t\t<\/li>\n<li class=\"product-prop line-limit-length\"><span\n\t\t\t\t\t\t\t\t\tclass=\"property-title\">Stil:&nbsp;<\/span><span\n\t\t\t\t\t\t\t\t\tclass=\"property-desc line-limit-length\">Ein Anzug\/Geschenkbox<\/span>\n\t\t\t\t\t\t<\/li>\n<\/ul><\/div>\n<div class=\"detailmodule_html\">\n<div class=\"detail-desc-decorate-richtext\">\n<p>&nbsp;<img decoding=\"async\" referrerpolicy=\"no-referrer\" src=\"https:\/\/ae01.alicdn.com\/kf\/Se2e8714a59b541ef94829225762bebf9e.jpg?width=800&#038;height=800&#038;hash=1600\"><img decoding=\"async\" referrerpolicy=\"no-referrer\" src=\"https:\/\/ae01.alicdn.com\/kf\/S6c7751fc3d6841da9b0adabaaf962cb2b.jpg?width=800&#038;height=800&#038;hash=1600\"><img decoding=\"async\" referrerpolicy=\"no-referrer\" src=\"https:\/\/ae01.alicdn.com\/kf\/S78bae6807239457bbfa6c2f98409a9e8T.jpg?width=800&#038;height=800&#038;hash=1600\"><img decoding=\"async\" referrerpolicy=\"no-referrer\" src=\"https:\/\/ae01.alicdn.com\/kf\/S90a96474468e4ba889ed63da4dad0910M.jpg?width=800&#038;height=800&#038;hash=1600\"><img decoding=\"async\" referrerpolicy=\"no-referrer\" src=\"https:\/\/ae01.alicdn.com\/kf\/S921016b67b01481ab4e1fe6749c31b156.jpg?width=800&#038;height=800&#038;hash=1600\"><img decoding=\"async\" referrerpolicy=\"no-referrer\" src=\"https:\/\/ae01.alicdn.com\/kf\/S9b57c2665736468ea773be40d8951804Z.jpg?width=800&#038;height=800&#038;hash=1600\"><img decoding=\"async\" referrerpolicy=\"no-referrer\" src=\"https:\/\/ae01.alicdn.com\/kf\/S4182482738d245609781644fc69473daI.jpg?width=800&#038;height=800&#038;hash=1600\"><img decoding=\"async\" referrerpolicy=\"no-referrer\" src=\"https:\/\/ae01.alicdn.com\/kf\/S0cd85e4192e441b4a4e48c7d4344a981Y.jpg?width=800&#038;height=800&#038;hash=1600\"><img decoding=\"async\" referrerpolicy=\"no-referrer\" src=\"https:\/\/ae01.alicdn.com\/kf\/Saa67413bfe32410288e705bd05d4fb46a.jpg?width=800&#038;height=800&#038;hash=1600\"><br \/>\n\u00dcber uns<br \/>\n1,Unser Unternehmen befindet sich in Chinas gr\u00f6\u00dftem Gro\u00dfhandelszentrum<br \/>\nMarkt. Jedes Produkt, das Sie ben\u00f6tigen, k\u00f6nnen Sie mir schicken mit<br \/>\nProduktbilder oder Modelle. Ich gebe Ihnen die niedrigste<br \/>\nAngebot so schnell wie m\u00f6glich zu \u00fcberpr\u00fcfen, und dann die<br \/>\nProdukt im Shop f\u00fcr Sie zum Kauf bereit.<br \/>\n2,Alle Produkte im Shop verkauft werden, sind echte, bitte Ruhe<br \/>\nsicher zu kaufen! Wenn Sie irgendwelche Fragen \u00fcber die<br \/>\nProdukt, kontaktieren Sie uns bitte \u00fcber AliExpress und wir werden<br \/>\nantworten Ihnen innerhalb von 12 Stunden!<br \/>\n3,Wir halten hohe Qualit\u00e4tsstandards aufrecht und streben<br \/>\nf\u00fcr 100% Kundenzufriedenheit! Wenn Sie zufrieden sind<br \/>\nmit unseren Produkten und Dienstleistungen, hinterlassen Sie uns bitte eine<br \/>\nitiven Feedbacks und erhalten au\u00dferdem 5 Punkte von<br \/>\nFeedback.<br \/>\n4, Die Paketinformationen k\u00f6nnen zur\u00fcckverfolgt werden. Wenn Sie<br \/>\ndas Paket nach 90 Tagen noch nicht erhalten haben, k\u00f6nnen Sie<br \/>\nkontaktieren Sie uns und wir erstatten Ihnen den vollen Betrag<br \/>\nNummer: +86 15773188021<br \/>\nE-Mail: pengchi2023712@126.com<br \/>\nWhatsAPP: +86 15773188021<\/p>\n<\/div>\n<\/div>","protected":false},"excerpt":{"rendered":"<p>Typ: Elektrowerkzeugteile Herkunft: Festland China Produktionsgebiet: andere Materialqualit\u00e4t: andere Artikelnummer: Polnische Wookah Wasserpfeife Wasserpfeife Wasserpfeife Stil: Ein Anzug\/Geschenkbox &nbsp;<\/p>","protected":false},"featured_media":21136,"comment_status":"","ping_status":"closed","template":"","meta":{"iawp_total_views":6,"_joinchat":[]},"product_brand":[],"product_cat":[560,119],"product_tag":[],"class_list":{"0":"post-21135","1":"product","2":"type-product","3":"status-publish","4":"has-post-thumbnail","6":"product_cat-glass-hookah-wholesale","7":"product_cat-wholesale-hookah","9":"first","10":"instock","11":"shipping-taxable","12":"purchasable","13":"product-type-variable"},"yoast_head":"<!-- This site is optimized with the Yoast SEO Premium plugin v24.7 (Yoast SEO v26.8) - https:\/\/yoast.com\/product\/yoast-seo-premium-wordpress\/ -->\n<title>Imported 24k Gold Arabic Hookah Wholesale - Global Hookah<\/title>\n<meta name=\"robots\" content=\"index, follow, max-snippet:-1, max-image-preview:large, max-video-preview:-1\" \/>\n<link rel=\"canonical\" href=\"https:\/\/global-hookah.com\/de\/produkt\/imported-24k-gold-arabic-hookah-wholesale\/\" \/>\n<meta property=\"og:locale\" content=\"de_DE\" \/>\n<meta property=\"og:type\" content=\"article\" \/>\n<meta property=\"og:title\" content=\"Imported 24k Gold Arabic Hookah Wholesale\" \/>\n<meta property=\"og:description\" content=\"Type:&nbsp;Power Tool Parts Origin:&nbsp;Mainland China producing area:&nbsp;other material quality:&nbsp;other Article number:&nbsp;Polish wookah hookah hookah hookah hookah style:&nbsp;A suit\/gift box &nbsp;\" \/>\n<meta property=\"og:url\" content=\"https:\/\/global-hookah.com\/de\/produkt\/imported-24k-gold-arabic-hookah-wholesale\/\" \/>\n<meta property=\"og:site_name\" content=\"Global Hookah\" \/>\n<meta property=\"article:modified_time\" content=\"2024-04-18T14:27:35+00:00\" \/>\n<meta property=\"og:image\" content=\"https:\/\/global-hookah.com\/wp-content\/uploads\/2024\/04\/kf-Sff301941359d4cb9a2574de1a2b5fef7g-24K-gold-Arabic-hookah-imported-from-Poland.webp\" \/>\n\t<meta property=\"og:image:width\" content=\"800\" \/>\n\t<meta property=\"og:image:height\" content=\"800\" \/>\n\t<meta property=\"og:image:type\" content=\"image\/webp\" \/>\n<meta name=\"twitter:card\" content=\"summary_large_image\" \/>\n<meta name=\"twitter:label1\" content=\"Gesch\u00e4tzte Lesezeit\" \/>\n\t<meta name=\"twitter:data1\" content=\"1\u00a0Minute\" \/>\n<script type=\"application\/ld+json\" class=\"yoast-schema-graph\">{\"@context\":\"https:\/\/schema.org\",\"@graph\":[{\"@type\":\"WebPage\",\"@id\":\"https:\/\/global-hookah.com\/product\/imported-24k-gold-arabic-hookah-wholesale\/\",\"url\":\"https:\/\/global-hookah.com\/product\/imported-24k-gold-arabic-hookah-wholesale\/\",\"name\":\"Imported 24k Gold Arabic Hookah Wholesale - Global Hookah\",\"isPartOf\":{\"@id\":\"https:\/\/global-hookah.com\/#website\"},\"primaryImageOfPage\":{\"@id\":\"https:\/\/global-hookah.com\/product\/imported-24k-gold-arabic-hookah-wholesale\/#primaryimage\"},\"image\":{\"@id\":\"https:\/\/global-hookah.com\/product\/imported-24k-gold-arabic-hookah-wholesale\/#primaryimage\"},\"thumbnailUrl\":\"https:\/\/global-hookah.com\/wp-content\/uploads\/2024\/04\/kf-Sff301941359d4cb9a2574de1a2b5fef7g-24K-gold-Arabic-hookah-imported-from-Poland.webp\",\"datePublished\":\"2024-04-18T14:27:30+00:00\",\"dateModified\":\"2024-04-18T14:27:35+00:00\",\"breadcrumb\":{\"@id\":\"https:\/\/global-hookah.com\/product\/imported-24k-gold-arabic-hookah-wholesale\/#breadcrumb\"},\"inLanguage\":\"de\",\"potentialAction\":[{\"@type\":\"ReadAction\",\"target\":[\"https:\/\/global-hookah.com\/product\/imported-24k-gold-arabic-hookah-wholesale\/\"]}]},{\"@type\":\"ImageObject\",\"inLanguage\":\"de\",\"@id\":\"https:\/\/global-hookah.com\/product\/imported-24k-gold-arabic-hookah-wholesale\/#primaryimage\",\"url\":\"https:\/\/global-hookah.com\/wp-content\/uploads\/2024\/04\/kf-Sff301941359d4cb9a2574de1a2b5fef7g-24K-gold-Arabic-hookah-imported-from-Poland.webp\",\"contentUrl\":\"https:\/\/global-hookah.com\/wp-content\/uploads\/2024\/04\/kf-Sff301941359d4cb9a2574de1a2b5fef7g-24K-gold-Arabic-hookah-imported-from-Poland.webp\",\"width\":800,\"height\":800},{\"@type\":\"BreadcrumbList\",\"@id\":\"https:\/\/global-hookah.com\/product\/imported-24k-gold-arabic-hookah-wholesale\/#breadcrumb\",\"itemListElement\":[{\"@type\":\"ListItem\",\"position\":1,\"name\":\"Home\",\"item\":\"https:\/\/global-hookah.com\/\"},{\"@type\":\"ListItem\",\"position\":2,\"name\":\"Shop\",\"item\":\"https:\/\/global-hookah.com\/shop\/\"},{\"@type\":\"ListItem\",\"position\":3,\"name\":\"Imported 24k Gold Arabic Hookah Wholesale\"}]},{\"@type\":\"WebSite\",\"@id\":\"https:\/\/global-hookah.com\/#website\",\"url\":\"https:\/\/global-hookah.com\/\",\"name\":\"Global Hookah\",\"description\":\"Global Hookah\",\"publisher\":{\"@id\":\"https:\/\/global-hookah.com\/#organization\"},\"potentialAction\":[{\"@type\":\"SearchAction\",\"target\":{\"@type\":\"EntryPoint\",\"urlTemplate\":\"https:\/\/global-hookah.com\/?s={search_term_string}\"},\"query-input\":{\"@type\":\"PropertyValueSpecification\",\"valueRequired\":true,\"valueName\":\"search_term_string\"}}],\"inLanguage\":\"de\"},{\"@type\":\"Organization\",\"@id\":\"https:\/\/global-hookah.com\/#organization\",\"name\":\"Global Hookah\",\"url\":\"https:\/\/global-hookah.com\/\",\"logo\":{\"@type\":\"ImageObject\",\"inLanguage\":\"de\",\"@id\":\"https:\/\/global-hookah.com\/#\/schema\/logo\/image\/\",\"url\":\"https:\/\/global-hookah.com\/wp-content\/uploads\/2021\/10\/cropped-fgg.png\",\"contentUrl\":\"https:\/\/global-hookah.com\/wp-content\/uploads\/2021\/10\/cropped-fgg.png\",\"width\":512,\"height\":512,\"caption\":\"Global Hookah\"},\"image\":{\"@id\":\"https:\/\/global-hookah.com\/#\/schema\/logo\/image\/\"}}]}<\/script>\n<!-- \/ Yoast SEO Premium plugin. -->","yoast_head_json":{"title":"Importierte 24k Gold Arabische Wasserpfeife Gro\u00dfhandel - Global Hookah","robots":{"index":"index","follow":"follow","max-snippet":"max-snippet:-1","max-image-preview":"max-image-preview:large","max-video-preview":"max-video-preview:-1"},"canonical":"https:\/\/global-hookah.com\/de\/produkt\/imported-24k-gold-arabic-hookah-wholesale\/","og_locale":"de_DE","og_type":"article","og_title":"Imported 24k Gold Arabic Hookah Wholesale","og_description":"Type:&nbsp;Power Tool Parts Origin:&nbsp;Mainland China producing area:&nbsp;other material quality:&nbsp;other Article number:&nbsp;Polish wookah hookah hookah hookah hookah style:&nbsp;A suit\/gift box &nbsp;","og_url":"https:\/\/global-hookah.com\/de\/produkt\/imported-24k-gold-arabic-hookah-wholesale\/","og_site_name":"Global Hookah","article_modified_time":"2024-04-18T14:27:35+00:00","og_image":[{"width":800,"height":800,"url":"https:\/\/global-hookah.com\/wp-content\/uploads\/2024\/04\/kf-Sff301941359d4cb9a2574de1a2b5fef7g-24K-gold-Arabic-hookah-imported-from-Poland.webp","type":"image\/webp"}],"twitter_card":"summary_large_image","twitter_misc":{"Gesch\u00e4tzte Lesezeit":"1\u00a0Minute"},"schema":{"@context":"https:\/\/schema.org","@graph":[{"@type":"WebPage","@id":"https:\/\/global-hookah.com\/product\/imported-24k-gold-arabic-hookah-wholesale\/","url":"https:\/\/global-hookah.com\/product\/imported-24k-gold-arabic-hookah-wholesale\/","name":"Importierte 24k Gold Arabische Wasserpfeife Gro\u00dfhandel - Global Hookah","isPartOf":{"@id":"https:\/\/global-hookah.com\/#website"},"primaryImageOfPage":{"@id":"https:\/\/global-hookah.com\/product\/imported-24k-gold-arabic-hookah-wholesale\/#primaryimage"},"image":{"@id":"https:\/\/global-hookah.com\/product\/imported-24k-gold-arabic-hookah-wholesale\/#primaryimage"},"thumbnailUrl":"https:\/\/global-hookah.com\/wp-content\/uploads\/2024\/04\/kf-Sff301941359d4cb9a2574de1a2b5fef7g-24K-gold-Arabic-hookah-imported-from-Poland.webp","datePublished":"2024-04-18T14:27:30+00:00","dateModified":"2024-04-18T14:27:35+00:00","breadcrumb":{"@id":"https:\/\/global-hookah.com\/product\/imported-24k-gold-arabic-hookah-wholesale\/#breadcrumb"},"inLanguage":"de","potentialAction":[{"@type":"ReadAction","target":["https:\/\/global-hookah.com\/product\/imported-24k-gold-arabic-hookah-wholesale\/"]}]},{"@type":"ImageObject","inLanguage":"de","@id":"https:\/\/global-hookah.com\/product\/imported-24k-gold-arabic-hookah-wholesale\/#primaryimage","url":"https:\/\/global-hookah.com\/wp-content\/uploads\/2024\/04\/kf-Sff301941359d4cb9a2574de1a2b5fef7g-24K-gold-Arabic-hookah-imported-from-Poland.webp","contentUrl":"https:\/\/global-hookah.com\/wp-content\/uploads\/2024\/04\/kf-Sff301941359d4cb9a2574de1a2b5fef7g-24K-gold-Arabic-hookah-imported-from-Poland.webp","width":800,"height":800},{"@type":"BreadcrumbList","@id":"https:\/\/global-hookah.com\/product\/imported-24k-gold-arabic-hookah-wholesale\/#breadcrumb","itemListElement":[{"@type":"ListItem","position":1,"name":"Home","item":"https:\/\/global-hookah.com\/"},{"@type":"ListItem","position":2,"name":"Shop","item":"https:\/\/global-hookah.com\/shop\/"},{"@type":"ListItem","position":3,"name":"Imported 24k Gold Arabic Hookah Wholesale"}]},{"@type":"WebSite","@id":"https:\/\/global-hookah.com\/#website","url":"https:\/\/global-hookah.com\/","name":"Globale Wasserpfeife","description":"Globale Wasserpfeife","publisher":{"@id":"https:\/\/global-hookah.com\/#organization"},"potentialAction":[{"@type":"SearchAction","target":{"@type":"EntryPoint","urlTemplate":"https:\/\/global-hookah.com\/?s={search_term_string}"},"query-input":{"@type":"PropertyValueSpecification","valueRequired":true,"valueName":"search_term_string"}}],"inLanguage":"de"},{"@type":"Organization","@id":"https:\/\/global-hookah.com\/#organization","name":"Globale Wasserpfeife","url":"https:\/\/global-hookah.com\/","logo":{"@type":"ImageObject","inLanguage":"de","@id":"https:\/\/global-hookah.com\/#\/schema\/logo\/image\/","url":"https:\/\/global-hookah.com\/wp-content\/uploads\/2021\/10\/cropped-fgg.png","contentUrl":"https:\/\/global-hookah.com\/wp-content\/uploads\/2021\/10\/cropped-fgg.png","width":512,"height":512,"caption":"Global Hookah"},"image":{"@id":"https:\/\/global-hookah.com\/#\/schema\/logo\/image\/"}}]}},"_links":{"self":[{"href":"https:\/\/global-hookah.com\/de\/wp-json\/wp\/v2\/product\/21135","targetHints":{"allow":["GET"]}}],"collection":[{"href":"https:\/\/global-hookah.com\/de\/wp-json\/wp\/v2\/product"}],"about":[{"href":"https:\/\/global-hookah.com\/de\/wp-json\/wp\/v2\/types\/product"}],"replies":[{"embeddable":true,"href":"https:\/\/global-hookah.com\/de\/wp-json\/wp\/v2\/comments?post=21135"}],"version-history":[{"count":0,"href":"https:\/\/global-hookah.com\/de\/wp-json\/wp\/v2\/product\/21135\/revisions"}],"wp:featuredmedia":[{"embeddable":true,"href":"https:\/\/global-hookah.com\/de\/wp-json\/wp\/v2\/media\/21136"}],"wp:attachment":[{"href":"https:\/\/global-hookah.com\/de\/wp-json\/wp\/v2\/media?parent=21135"}],"wp:term":[{"taxonomy":"product_brand","embeddable":true,"href":"https:\/\/global-hookah.com\/de\/wp-json\/wp\/v2\/product_brand?post=21135"},{"taxonomy":"product_cat","embeddable":true,"href":"https:\/\/global-hookah.com\/de\/wp-json\/wp\/v2\/product_cat?post=21135"},{"taxonomy":"product_tag","embeddable":true,"href":"https:\/\/global-hookah.com\/de\/wp-json\/wp\/v2\/product_tag?post=21135"}],"curies":[{"name":"wp","href":"https:\/\/api.w.org\/{rel}","templated":true}]}}