{"id":21226,"date":"2024-04-19T08:45:59","date_gmt":"2024-04-19T08:45:59","guid":{"rendered":"https:\/\/global-hookah.com\/product\/1-97m-pink-hookah-hose-wholesale\/"},"modified":"2024-04-19T08:46:04","modified_gmt":"2024-04-19T08:46:04","slug":"1-97m-pink-hookah-hose-wholesale","status":"publish","type":"product","link":"https:\/\/global-hookah.com\/de\/produkt\/1-97m-pink-hookah-hose-wholesale\/","title":{"rendered":"1.97m Rosa Hookah Schlauch Gro\u00dfhandel"},"content":{"rendered":"<div class=\"product-specs-list-container\">\n<ul class=\"product-specs-list util-clearfix\">\n<li class=\"product-prop line-limit-length\"><span\n\t\t\t\t\t\t\t\t\tclass=\"property-title\">Modellnummer:&nbsp;<\/span><span\n\t\t\t\t\t\t\t\t\tclass=\"property-desc line-limit-length\">SA1051<\/span>\n\t\t\t\t\t\t<\/li>\n<li class=\"product-prop line-limit-length\"><span\n\t\t\t\t\t\t\t\t\tclass=\"property-title\">Die Form:&nbsp;<\/span><span\n\t\t\t\t\t\t\t\t\tclass=\"property-desc line-limit-length\">Freier Typ<\/span>\n\t\t\t\t\t\t<\/li>\n<li class=\"product-prop line-limit-length\"><span\n\t\t\t\t\t\t\t\t\tclass=\"property-title\">Die Technik:&nbsp;<\/span><span\n\t\t\t\t\t\t\t\t\tclass=\"property-desc line-limit-length\">Lack<\/span>\n\t\t\t\t\t\t<\/li>\n<li class=\"product-prop line-limit-length\"><span\n\t\t\t\t\t\t\t\t\tclass=\"property-title\">Material:&nbsp;<\/span><span\n\t\t\t\t\t\t\t\t\tclass=\"property-desc line-limit-length\">Acryl<\/span>\n\t\t\t\t\t\t<\/li>\n<li class=\"product-prop line-limit-length\"><span\n\t\t\t\t\t\t\t\t\tclass=\"property-title\">Markenname:&nbsp;<\/span><span\n\t\t\t\t\t\t\t\t\tclass=\"property-desc line-limit-length\">SY<\/span>\n\t\t\t\t\t\t<\/li>\n<li class=\"product-prop line-limit-length\"><span\n\t\t\t\t\t\t\t\t\tclass=\"property-title\">Herkunft:&nbsp;<\/span><span\n\t\t\t\t\t\t\t\t\tclass=\"property-desc line-limit-length\">Festland China<\/span>\n\t\t\t\t\t\t<\/li>\n<li class=\"product-prop line-limit-length\"><span\n\t\t\t\t\t\t\t\t\tclass=\"property-title\">Farbe:&nbsp;<\/span><span\n\t\t\t\t\t\t\t\t\tclass=\"property-desc line-limit-length\">Lila\/Rosa\/Wei\u00df<\/span>\n\t\t\t\t\t\t<\/li>\n<li class=\"product-prop line-limit-length\"><span\n\t\t\t\t\t\t\t\t\tclass=\"property-title\">Wasserpfeifengriff Material:&nbsp;<\/span><span\n\t\t\t\t\t\t\t\t\tclass=\"property-desc line-limit-length\">Acryl<\/span>\n\t\t\t\t\t\t<\/li>\n<li class=\"product-prop line-limit-length\"><span\n\t\t\t\t\t\t\t\t\tclass=\"property-title\">Hookah-Pfeife Material:&nbsp;<\/span><span\n\t\t\t\t\t\t\t\t\tclass=\"property-desc line-limit-length\">Kunststoff<\/span>\n\t\t\t\t\t\t<\/li>\n<li class=\"product-prop line-limit-length\"><span\n\t\t\t\t\t\t\t\t\tclass=\"property-title\">L\u00e4nge:&nbsp;<\/span><span\n\t\t\t\t\t\t\t\t\tclass=\"property-desc line-limit-length\">Etwa 1,97 m<\/span>\n\t\t\t\t\t\t<\/li>\n<li class=\"product-prop line-limit-length\"><span\n\t\t\t\t\t\t\t\t\tclass=\"property-title\">Wasserpfeifengriff L\u00e4nge:&nbsp;<\/span><span\n\t\t\t\t\t\t\t\t\tclass=\"property-desc line-limit-length\">Etwa 8,5 cm 39,5 cm<\/span>\n\t\t\t\t\t\t<\/li>\n<li class=\"product-prop line-limit-length\"><span\n\t\t\t\t\t\t\t\t\tclass=\"property-title\">Gewicht:&nbsp;<\/span><span\n\t\t\t\t\t\t\t\t\tclass=\"property-desc line-limit-length\">Etwa 160g<\/span>\n\t\t\t\t\t\t<\/li>\n<li class=\"product-prop line-limit-length\"><span\n\t\t\t\t\t\t\t\t\tclass=\"property-title\">Was:&nbsp;<\/span><span\n\t\t\t\t\t\t\t\t\tclass=\"property-desc line-limit-length\">Wasserpfeifen-Schlauch<\/span>\n\t\t\t\t\t\t<\/li>\n<li class=\"product-prop line-limit-length\"><span\n\t\t\t\t\t\t\t\t\tclass=\"property-title\">Paket:&nbsp;<\/span><span\n\t\t\t\t\t\t\t\t\tclass=\"property-desc line-limit-length\">Opp Tasche<\/span>\n\t\t\t\t\t\t<\/li>\n<\/ul><\/div>","protected":false},"excerpt":{"rendered":"<p>Modellnummer: SA1051 Form: Freier Typ Technik: Lackierung Material: Acryl Markenname: SY Herkunft: Festland China Farbe: Lila\/Rosa\/Wei\u00df Hookah Griff Material: Acryl Shisha-Pfeife Material: Plastik L\u00e4nge: Ungef\u00e4hr 1.97m Hookah<\/p>","protected":false},"featured_media":21227,"comment_status":"","ping_status":"closed","template":"","meta":{"iawp_total_views":5,"_joinchat":[]},"product_brand":[],"product_cat":[644],"product_tag":[],"class_list":{"0":"post-21226","1":"product","2":"type-product","3":"status-publish","4":"has-post-thumbnail","6":"product_cat-hookah-hose-wholesale","8":"first","9":"instock","10":"shipping-taxable","11":"purchasable","12":"product-type-variable"},"yoast_head":"<!-- This site is optimized with the Yoast SEO Premium plugin v24.7 (Yoast SEO v26.8) - https:\/\/yoast.com\/product\/yoast-seo-premium-wordpress\/ -->\n<title>1.97m Pink Hookah Hose Wholesale - Global Hookah<\/title>\n<meta name=\"robots\" content=\"index, follow, max-snippet:-1, max-image-preview:large, max-video-preview:-1\" \/>\n<link rel=\"canonical\" href=\"https:\/\/global-hookah.com\/de\/ru\/\u043f\u0440\u043e\u0434\u0443\u043a\u0442\/1-97m-pink-hookah-hose-wholesale\/\" \/>\n<meta property=\"og:locale\" content=\"de_DE\" \/>\n<meta property=\"og:type\" content=\"article\" \/>\n<meta property=\"og:title\" content=\"1.97m Pink Hookah Hose Wholesale\" \/>\n<meta property=\"og:description\" content=\"Model Number:&nbsp;SA1051 Shape:&nbsp;Free Type Technics:&nbsp;Lacquer Material:&nbsp;Acrylic Brand Name:&nbsp;SY Origin:&nbsp;Mainland China Color:&nbsp;Purple\/Pink\/White Hookah handle Material:&nbsp;Acrylic Hookah pipe Material:&nbsp;Plastic Length:&nbsp;About 1.97m Hookah\" \/>\n<meta property=\"og:url\" content=\"https:\/\/global-hookah.com\/de\/ru\/\u043f\u0440\u043e\u0434\u0443\u043a\u0442\/1-97m-pink-hookah-hose-wholesale\/\" \/>\n<meta property=\"og:site_name\" content=\"Global Hookah\" \/>\n<meta property=\"article:modified_time\" content=\"2024-04-19T08:46:04+00:00\" \/>\n<meta property=\"og:image\" content=\"https:\/\/global-hookah.com\/wp-content\/uploads\/2024\/04\/kf-H82a5c6da496243608b78ffb3410755dct-SY-1PC-New-Design-Lenght-1-97m-Acrylic-Hookah-Hose-Plastic-Shisha-Hookah-Hose-Narguile-Accessories.webp\" \/>\n\t<meta property=\"og:image:width\" content=\"800\" \/>\n\t<meta property=\"og:image:height\" content=\"800\" \/>\n\t<meta property=\"og:image:type\" content=\"image\/webp\" \/>\n<meta name=\"twitter:card\" content=\"summary_large_image\" \/>\n<script type=\"application\/ld+json\" class=\"yoast-schema-graph\">{\"@context\":\"https:\/\/schema.org\",\"@graph\":[{\"@type\":\"WebPage\",\"@id\":\"https:\/\/global-hookah.com\/ru\/\u043f\u0440\u043e\u0434\u0443\u043a\u0442\/1-97m-pink-hookah-hose-wholesale\/\",\"url\":\"https:\/\/global-hookah.com\/ru\/\u043f\u0440\u043e\u0434\u0443\u043a\u0442\/1-97m-pink-hookah-hose-wholesale\/\",\"name\":\"1.97m Pink Hookah Hose Wholesale - Global Hookah\",\"isPartOf\":{\"@id\":\"https:\/\/global-hookah.com\/#website\"},\"primaryImageOfPage\":{\"@id\":\"https:\/\/global-hookah.com\/ru\/\u043f\u0440\u043e\u0434\u0443\u043a\u0442\/1-97m-pink-hookah-hose-wholesale\/#primaryimage\"},\"image\":{\"@id\":\"https:\/\/global-hookah.com\/ru\/\u043f\u0440\u043e\u0434\u0443\u043a\u0442\/1-97m-pink-hookah-hose-wholesale\/#primaryimage\"},\"thumbnailUrl\":\"https:\/\/global-hookah.com\/wp-content\/uploads\/2024\/04\/kf-H82a5c6da496243608b78ffb3410755dct-SY-1PC-New-Design-Lenght-1-97m-Acrylic-Hookah-Hose-Plastic-Shisha-Hookah-Hose-Narguile-Accessories.webp\",\"datePublished\":\"2024-04-19T08:45:59+00:00\",\"dateModified\":\"2024-04-19T08:46:04+00:00\",\"breadcrumb\":{\"@id\":\"https:\/\/global-hookah.com\/ru\/\u043f\u0440\u043e\u0434\u0443\u043a\u0442\/1-97m-pink-hookah-hose-wholesale\/#breadcrumb\"},\"inLanguage\":\"de\",\"potentialAction\":[{\"@type\":\"ReadAction\",\"target\":[\"https:\/\/global-hookah.com\/ru\/\u043f\u0440\u043e\u0434\u0443\u043a\u0442\/1-97m-pink-hookah-hose-wholesale\/\"]}]},{\"@type\":\"ImageObject\",\"inLanguage\":\"de\",\"@id\":\"https:\/\/global-hookah.com\/ru\/\u043f\u0440\u043e\u0434\u0443\u043a\u0442\/1-97m-pink-hookah-hose-wholesale\/#primaryimage\",\"url\":\"https:\/\/global-hookah.com\/wp-content\/uploads\/2024\/04\/kf-H82a5c6da496243608b78ffb3410755dct-SY-1PC-New-Design-Lenght-1-97m-Acrylic-Hookah-Hose-Plastic-Shisha-Hookah-Hose-Narguile-Accessories.webp\",\"contentUrl\":\"https:\/\/global-hookah.com\/wp-content\/uploads\/2024\/04\/kf-H82a5c6da496243608b78ffb3410755dct-SY-1PC-New-Design-Lenght-1-97m-Acrylic-Hookah-Hose-Plastic-Shisha-Hookah-Hose-Narguile-Accessories.webp\",\"width\":800,\"height\":800},{\"@type\":\"BreadcrumbList\",\"@id\":\"https:\/\/global-hookah.com\/ru\/\u043f\u0440\u043e\u0434\u0443\u043a\u0442\/1-97m-pink-hookah-hose-wholesale\/#breadcrumb\",\"itemListElement\":[{\"@type\":\"ListItem\",\"position\":1,\"name\":\"Home\",\"item\":\"https:\/\/global-hookah.com\/\"},{\"@type\":\"ListItem\",\"position\":2,\"name\":\"Shop\",\"item\":\"https:\/\/global-hookah.com\/shop\/\"},{\"@type\":\"ListItem\",\"position\":3,\"name\":\"1.97m Pink Hookah Hose Wholesale\"}]},{\"@type\":\"WebSite\",\"@id\":\"https:\/\/global-hookah.com\/#website\",\"url\":\"https:\/\/global-hookah.com\/\",\"name\":\"Global Hookah\",\"description\":\"Global Hookah\",\"publisher\":{\"@id\":\"https:\/\/global-hookah.com\/#organization\"},\"potentialAction\":[{\"@type\":\"SearchAction\",\"target\":{\"@type\":\"EntryPoint\",\"urlTemplate\":\"https:\/\/global-hookah.com\/?s={search_term_string}\"},\"query-input\":{\"@type\":\"PropertyValueSpecification\",\"valueRequired\":true,\"valueName\":\"search_term_string\"}}],\"inLanguage\":\"de\"},{\"@type\":\"Organization\",\"@id\":\"https:\/\/global-hookah.com\/#organization\",\"name\":\"Global Hookah\",\"url\":\"https:\/\/global-hookah.com\/\",\"logo\":{\"@type\":\"ImageObject\",\"inLanguage\":\"de\",\"@id\":\"https:\/\/global-hookah.com\/#\/schema\/logo\/image\/\",\"url\":\"https:\/\/global-hookah.com\/wp-content\/uploads\/2021\/10\/cropped-fgg.png\",\"contentUrl\":\"https:\/\/global-hookah.com\/wp-content\/uploads\/2021\/10\/cropped-fgg.png\",\"width\":512,\"height\":512,\"caption\":\"Global Hookah\"},\"image\":{\"@id\":\"https:\/\/global-hookah.com\/#\/schema\/logo\/image\/\"}}]}<\/script>\n<!-- \/ Yoast SEO Premium plugin. -->","yoast_head_json":{"title":"1.97m Rosa Hookah Schlauch Gro\u00dfhandel - Global Hookah","robots":{"index":"index","follow":"follow","max-snippet":"max-snippet:-1","max-image-preview":"max-image-preview:large","max-video-preview":"max-video-preview:-1"},"canonical":"https:\/\/global-hookah.com\/de\/ru\/\u043f\u0440\u043e\u0434\u0443\u043a\u0442\/1-97m-pink-hookah-hose-wholesale\/","og_locale":"de_DE","og_type":"article","og_title":"1.97m Pink Hookah Hose Wholesale","og_description":"Model Number:&nbsp;SA1051 Shape:&nbsp;Free Type Technics:&nbsp;Lacquer Material:&nbsp;Acrylic Brand Name:&nbsp;SY Origin:&nbsp;Mainland China Color:&nbsp;Purple\/Pink\/White Hookah handle Material:&nbsp;Acrylic Hookah pipe Material:&nbsp;Plastic Length:&nbsp;About 1.97m Hookah","og_url":"https:\/\/global-hookah.com\/de\/ru\/\u043f\u0440\u043e\u0434\u0443\u043a\u0442\/1-97m-pink-hookah-hose-wholesale\/","og_site_name":"Global Hookah","article_modified_time":"2024-04-19T08:46:04+00:00","og_image":[{"width":800,"height":800,"url":"https:\/\/global-hookah.com\/wp-content\/uploads\/2024\/04\/kf-H82a5c6da496243608b78ffb3410755dct-SY-1PC-New-Design-Lenght-1-97m-Acrylic-Hookah-Hose-Plastic-Shisha-Hookah-Hose-Narguile-Accessories.webp","type":"image\/webp"}],"twitter_card":"summary_large_image","schema":{"@context":"https:\/\/schema.org","@graph":[{"@type":"WebPage","@id":"https:\/\/global-hookah.com\/ru\/\u043f\u0440\u043e\u0434\u0443\u043a\u0442\/1-97m-pink-hookah-hose-wholesale\/","url":"https:\/\/global-hookah.com\/ru\/\u043f\u0440\u043e\u0434\u0443\u043a\u0442\/1-97m-pink-hookah-hose-wholesale\/","name":"1.97m Rosa Hookah Schlauch Gro\u00dfhandel - Global Hookah","isPartOf":{"@id":"https:\/\/global-hookah.com\/#website"},"primaryImageOfPage":{"@id":"https:\/\/global-hookah.com\/ru\/\u043f\u0440\u043e\u0434\u0443\u043a\u0442\/1-97m-pink-hookah-hose-wholesale\/#primaryimage"},"image":{"@id":"https:\/\/global-hookah.com\/ru\/\u043f\u0440\u043e\u0434\u0443\u043a\u0442\/1-97m-pink-hookah-hose-wholesale\/#primaryimage"},"thumbnailUrl":"https:\/\/global-hookah.com\/wp-content\/uploads\/2024\/04\/kf-H82a5c6da496243608b78ffb3410755dct-SY-1PC-New-Design-Lenght-1-97m-Acrylic-Hookah-Hose-Plastic-Shisha-Hookah-Hose-Narguile-Accessories.webp","datePublished":"2024-04-19T08:45:59+00:00","dateModified":"2024-04-19T08:46:04+00:00","breadcrumb":{"@id":"https:\/\/global-hookah.com\/ru\/\u043f\u0440\u043e\u0434\u0443\u043a\u0442\/1-97m-pink-hookah-hose-wholesale\/#breadcrumb"},"inLanguage":"de","potentialAction":[{"@type":"ReadAction","target":["https:\/\/global-hookah.com\/ru\/\u043f\u0440\u043e\u0434\u0443\u043a\u0442\/1-97m-pink-hookah-hose-wholesale\/"]}]},{"@type":"ImageObject","inLanguage":"de","@id":"https:\/\/global-hookah.com\/ru\/\u043f\u0440\u043e\u0434\u0443\u043a\u0442\/1-97m-pink-hookah-hose-wholesale\/#primaryimage","url":"https:\/\/global-hookah.com\/wp-content\/uploads\/2024\/04\/kf-H82a5c6da496243608b78ffb3410755dct-SY-1PC-New-Design-Lenght-1-97m-Acrylic-Hookah-Hose-Plastic-Shisha-Hookah-Hose-Narguile-Accessories.webp","contentUrl":"https:\/\/global-hookah.com\/wp-content\/uploads\/2024\/04\/kf-H82a5c6da496243608b78ffb3410755dct-SY-1PC-New-Design-Lenght-1-97m-Acrylic-Hookah-Hose-Plastic-Shisha-Hookah-Hose-Narguile-Accessories.webp","width":800,"height":800},{"@type":"BreadcrumbList","@id":"https:\/\/global-hookah.com\/ru\/\u043f\u0440\u043e\u0434\u0443\u043a\u0442\/1-97m-pink-hookah-hose-wholesale\/#breadcrumb","itemListElement":[{"@type":"ListItem","position":1,"name":"Home","item":"https:\/\/global-hookah.com\/"},{"@type":"ListItem","position":2,"name":"Shop","item":"https:\/\/global-hookah.com\/shop\/"},{"@type":"ListItem","position":3,"name":"1.97m Pink Hookah Hose Wholesale"}]},{"@type":"WebSite","@id":"https:\/\/global-hookah.com\/#website","url":"https:\/\/global-hookah.com\/","name":"Globale Wasserpfeife","description":"Globale Wasserpfeife","publisher":{"@id":"https:\/\/global-hookah.com\/#organization"},"potentialAction":[{"@type":"SearchAction","target":{"@type":"EntryPoint","urlTemplate":"https:\/\/global-hookah.com\/?s={search_term_string}"},"query-input":{"@type":"PropertyValueSpecification","valueRequired":true,"valueName":"search_term_string"}}],"inLanguage":"de"},{"@type":"Organization","@id":"https:\/\/global-hookah.com\/#organization","name":"Globale Wasserpfeife","url":"https:\/\/global-hookah.com\/","logo":{"@type":"ImageObject","inLanguage":"de","@id":"https:\/\/global-hookah.com\/#\/schema\/logo\/image\/","url":"https:\/\/global-hookah.com\/wp-content\/uploads\/2021\/10\/cropped-fgg.png","contentUrl":"https:\/\/global-hookah.com\/wp-content\/uploads\/2021\/10\/cropped-fgg.png","width":512,"height":512,"caption":"Global Hookah"},"image":{"@id":"https:\/\/global-hookah.com\/#\/schema\/logo\/image\/"}}]}},"_links":{"self":[{"href":"https:\/\/global-hookah.com\/de\/wp-json\/wp\/v2\/product\/21226","targetHints":{"allow":["GET"]}}],"collection":[{"href":"https:\/\/global-hookah.com\/de\/wp-json\/wp\/v2\/product"}],"about":[{"href":"https:\/\/global-hookah.com\/de\/wp-json\/wp\/v2\/types\/product"}],"replies":[{"embeddable":true,"href":"https:\/\/global-hookah.com\/de\/wp-json\/wp\/v2\/comments?post=21226"}],"version-history":[{"count":0,"href":"https:\/\/global-hookah.com\/de\/wp-json\/wp\/v2\/product\/21226\/revisions"}],"wp:featuredmedia":[{"embeddable":true,"href":"https:\/\/global-hookah.com\/de\/wp-json\/wp\/v2\/media\/21227"}],"wp:attachment":[{"href":"https:\/\/global-hookah.com\/de\/wp-json\/wp\/v2\/media?parent=21226"}],"wp:term":[{"taxonomy":"product_brand","embeddable":true,"href":"https:\/\/global-hookah.com\/de\/wp-json\/wp\/v2\/product_brand?post=21226"},{"taxonomy":"product_cat","embeddable":true,"href":"https:\/\/global-hookah.com\/de\/wp-json\/wp\/v2\/product_cat?post=21226"},{"taxonomy":"product_tag","embeddable":true,"href":"https:\/\/global-hookah.com\/de\/wp-json\/wp\/v2\/product_tag?post=21226"}],"curies":[{"name":"wp","href":"https:\/\/api.w.org\/{rel}","templated":true}]}}