{"id":21280,"date":"2024-04-19T08:56:17","date_gmt":"2024-04-19T08:56:17","guid":{"rendered":"https:\/\/global-hookah.com\/product\/dejaya-1m-hookah-hose-boquilla-cachimba-shisha-pipe-chicha-sisha-narguile-pipes-smoking-accessories\/"},"modified":"2024-04-22T02:10:35","modified_gmt":"2024-04-22T02:10:35","slug":"custom-hookah-hose","status":"publish","type":"product","link":"https:\/\/global-hookah.com\/de\/produkt\/custom-hookah-hose\/","title":{"rendered":"Benutzerdefinierter Hookah-Schlauch"},"content":{"rendered":"<div class=\"detailmodule_html\">\n<div class=\"detailmodule_html\">\n<div>\n<p>Peppen Sie Ihr Shisha-Spiel mit unserem brandneuen Schlauch-Service auf! Ich wei\u00df, wie in der heutigen Shisha-Szene, mit einem<a href=\"https:\/\/global-hookah.com\/\"> einzigartige Wasserpfeife<\/a> ist ein Muss f\u00fcr jeden Raucher.<\/p>\n<p>Dann suchen Sie nicht weiter! Mit unserem ma\u00dfgeschneiderten Service erhalten Sie <strong>einen Wasserpfeifenschlauch entwerfen<\/strong> die perfekt zu Ihrem Stil passt. W\u00e4hlen Sie aus einer Reihe von Materialien - sei es hochwertiger Stoff, <a href=\"https:\/\/global-hookah.com\/product\/1-5m-leather-hookah-hose-wholesale\/\">Naturleder<\/a> oder <a href=\"https:\/\/global-hookah.com\/product\/glass-hookah-silicone-hose-tips\/\">weiches Nylon<\/a>? Und wir setzen noch einen drauf mit gl\u00e4nzenden Metallteilen an den Anschl\u00fcssen. So viele Optionen, machen Sie es zu Ihrem einzigartigen Raucherzubeh\u00f6r! Wir k\u00f6nnen sogar Ihr Markenlogo oder Muster auf den Schlauch drucken.<\/p>\n<p>Unsere erfahrenen Handwerker w\u00e4hlen nur die besten Materialien aus, um ein langlebiges Produkt zu schaffen, <strong>Qualit\u00e4t benutzerdefinierte Wasserpfeife Schlauch<\/strong> f\u00fcr Sie. Wenn der Sommer kommt und der Shisha-Rauch zu flie\u00dfen beginnt, wird Ihre neue personalisierte Pfeife das Gespr\u00e4chsthema in der Lounge sein!<\/p>\n<p>Entwerfen Sie also Ihren Traumschlauch mit uns - Sie entwerfen ihn und wir helfen Ihnen dabei - perfekt!<\/p>\n<p>&nbsp;<\/p>\n<\/div>\n<div><span style=\"font-size: 20px; font-family: arial, helvetica, sans-serif;\">Material:Kunstleder+Holz<\/span><\/div>\n<div><span style=\"font-size: 20px; font-family: arial, helvetica, sans-serif;\">L\u00e4nge:Etwa 1M<\/span><\/div>\n<div><span style=\"font-size: 20px; font-family: arial, helvetica, sans-serif;\">Farbe:Schwarz\/Rot\/Blau\/Gr\u00fcn\/Wei\u00df\/<\/span><\/div>\n<div><span style=\"font-size: 20px; font-family: arial, helvetica, sans-serif;\">Paket enthalten:1PC*Hookah Schlauch<\/span><\/div>\n<div><span style=\"font-size: 20px; font-family: arial, helvetica, sans-serif;\">Hinweis: 1. aufgrund der manuellen Messung, bitte erlauben Sie Toleranz bei 1cm-2cm.<\/span><\/div>\n<div><span style=\"font-size: 20px; font-family: arial, helvetica, sans-serif;\">\u00a0 \u00a0 \u00a0 \u00a0 2. installieren Sie bitte diesen Schlauch auf Ihrem richtigen Produkt nach unserer Gr\u00f6\u00dfe gezeigt.<\/span><\/div>\n<p><img decoding=\"async\" src=\"https:\/\/ae01.alicdn.com\/kf\/HTB19wb5cyCYBuNkSnaVq6AMsVXaN.jpg\" \/><img decoding=\"async\" src=\"https:\/\/ae01.alicdn.com\/kf\/HTB1rxLtjAKWBuNjy1zjq6AOypXao.jpg\" \/><img decoding=\"async\" src=\"https:\/\/ae01.alicdn.com\/kf\/HTB1QigocBsmBKNjSZFFq6AT9VXas.jpg\" \/><img decoding=\"async\" src=\"https:\/\/ae01.alicdn.com\/kf\/HTB1eQ_ZjpuWBuNjSspnq6x1NVXaW.jpg\" \/><img decoding=\"async\" src=\"https:\/\/ae01.alicdn.com\/kf\/HTB10tfzjwaTBuNjSszfq6xgfpXaz.jpg\" \/><img decoding=\"async\" src=\"https:\/\/ae01.alicdn.com\/kf\/HTB1VykocBsmBKNjSZFFq6AT9VXa4.jpg\" \/><img decoding=\"async\" src=\"https:\/\/ae01.alicdn.com\/kf\/HTB1iJsdjuySBuNjy1zdq6xPxFXaV.jpg\" \/><img decoding=\"async\" src=\"https:\/\/ae01.alicdn.com\/kf\/S0d892d42bdbb419184c94318dd406569e.jpg\" \/><img decoding=\"async\" src=\"https:\/\/ae01.alicdn.com\/kf\/Sfb51f89fa7184182a459e2337cb050acn.jpg\" \/><img decoding=\"async\" src=\"https:\/\/ae01.alicdn.com\/kf\/S27ff0a0b2b834de1a3262fbf6bb0dcae7.jpg\" \/><img decoding=\"async\" src=\"https:\/\/ae01.alicdn.com\/kf\/S4c7155b20f504ac7813abc3539c18639P.jpg\" \/><img decoding=\"async\" src=\"https:\/\/ae01.alicdn.com\/kf\/S9843bfc079ce4eca94b318a0da347bdeV.jpg\" \/><img decoding=\"async\" src=\"https:\/\/ae01.alicdn.com\/kf\/S6b76c06792184b52867b544af8bfefe8R.jpg\" \/><img decoding=\"async\" src=\"https:\/\/ae01.alicdn.com\/kf\/S518a006859a64f44a6422b803ec5cb151.jpg\" \/><\/p>\n<p><img decoding=\"async\" src=\"https:\/\/ae01.alicdn.com\/kf\/HTB1cREHcDmWBKNjSZFBq6xxUFXan.jpg\" \/><img decoding=\"async\" src=\"https:\/\/ae01.alicdn.com\/kf\/HTB1VkjMjv9TBuNjy0Fcq6zeiFXaB.jpg\" \/><\/p>\n<p><img decoding=\"async\" src=\"https:\/\/ae01.alicdn.com\/kf\/HTB17.pdj9BYBeNjy0Feq6znmFXa0.jpg\" \/><img decoding=\"async\" src=\"https:\/\/ae01.alicdn.com\/kf\/HTB1WdZ7csuYBuNkSmRyq6AA3pXaD.jpg\" \/><\/p>\n<\/div>\n<\/div>\n<p>&nbsp;<\/p>\n<p>&nbsp;<\/p>\n<p>&nbsp;<\/p>\n<p>&nbsp;<\/p>\n<p>&nbsp;<\/p>","protected":false},"excerpt":{"rendered":"<p>Peppen Sie Ihr Shisha-Spiel mit unserem brandneuen Schlauch-Service auf! Ich wei\u00df, wie in der heutigen Shisha-Szene, mit<\/p>","protected":false},"featured_media":21281,"comment_status":"closed","ping_status":"closed","template":"","meta":{"iawp_total_views":3,"_joinchat":[]},"product_brand":[],"product_cat":[415],"product_tag":[],"class_list":{"0":"post-21280","1":"product","2":"type-product","3":"status-publish","4":"has-post-thumbnail","6":"product_cat-accessories","8":"first","9":"instock","10":"shipping-taxable","11":"product-type-external"},"yoast_head":"<!-- This site is optimized with the Yoast SEO Premium plugin v24.7 (Yoast SEO v26.8) - https:\/\/yoast.com\/product\/yoast-seo-premium-wordpress\/ -->\n<title>Custom Hookah Hose - Global Hookah<\/title>\n<meta name=\"robots\" content=\"index, follow, max-snippet:-1, max-image-preview:large, max-video-preview:-1\" \/>\n<link rel=\"canonical\" href=\"https:\/\/global-hookah.com\/de\/it\/prodotto\/tubo-per-narghile-personalizzato\/\" \/>\n<meta property=\"og:locale\" content=\"de_DE\" \/>\n<meta property=\"og:type\" content=\"article\" \/>\n<meta property=\"og:title\" content=\"Custom Hookah Hose\" \/>\n<meta property=\"og:description\" content=\"Spice up your hookah game with our brand new custom hose service! I know how in today&#8217;s hookah scene, having\" \/>\n<meta property=\"og:url\" content=\"https:\/\/global-hookah.com\/de\/it\/prodotto\/tubo-per-narghile-personalizzato\/\" \/>\n<meta property=\"og:site_name\" content=\"Global Hookah\" \/>\n<meta property=\"article:modified_time\" content=\"2024-04-22T02:10:35+00:00\" \/>\n<meta property=\"og:image\" content=\"https:\/\/global-hookah.com\/wp-content\/uploads\/2024\/04\/kf-Sf9a6aeae9fb44557a0e224aea02a5aa6h-DEJAYA-1M-Hookah-Hose-Boquilla-Cachimba-Shisha-Pipe-Chicha-Sisha-Narguile-Pipes-Smoking-Accessories.webp\" \/>\n\t<meta property=\"og:image:width\" content=\"1000\" \/>\n\t<meta property=\"og:image:height\" content=\"1000\" \/>\n\t<meta property=\"og:image:type\" content=\"image\/webp\" \/>\n<meta name=\"twitter:card\" content=\"summary_large_image\" \/>\n<meta name=\"twitter:label1\" content=\"Gesch\u00e4tzte Lesezeit\" \/>\n\t<meta name=\"twitter:data1\" content=\"5\u00a0Minuten\" \/>\n<script type=\"application\/ld+json\" class=\"yoast-schema-graph\">{\"@context\":\"https:\/\/schema.org\",\"@graph\":[{\"@type\":\"WebPage\",\"@id\":\"https:\/\/global-hookah.com\/it\/prodotto\/tubo-per-narghile-personalizzato\/\",\"url\":\"https:\/\/global-hookah.com\/it\/prodotto\/tubo-per-narghile-personalizzato\/\",\"name\":\"Custom Hookah Hose - Global Hookah\",\"isPartOf\":{\"@id\":\"https:\/\/global-hookah.com\/#website\"},\"primaryImageOfPage\":{\"@id\":\"https:\/\/global-hookah.com\/it\/prodotto\/tubo-per-narghile-personalizzato\/#primaryimage\"},\"image\":{\"@id\":\"https:\/\/global-hookah.com\/it\/prodotto\/tubo-per-narghile-personalizzato\/#primaryimage\"},\"thumbnailUrl\":\"https:\/\/global-hookah.com\/wp-content\/uploads\/2024\/04\/kf-Sf9a6aeae9fb44557a0e224aea02a5aa6h-DEJAYA-1M-Hookah-Hose-Boquilla-Cachimba-Shisha-Pipe-Chicha-Sisha-Narguile-Pipes-Smoking-Accessories.webp\",\"datePublished\":\"2024-04-19T08:56:17+00:00\",\"dateModified\":\"2024-04-22T02:10:35+00:00\",\"breadcrumb\":{\"@id\":\"https:\/\/global-hookah.com\/it\/prodotto\/tubo-per-narghile-personalizzato\/#breadcrumb\"},\"inLanguage\":\"de\",\"potentialAction\":[{\"@type\":\"ReadAction\",\"target\":[\"https:\/\/global-hookah.com\/it\/prodotto\/tubo-per-narghile-personalizzato\/\"]}]},{\"@type\":\"ImageObject\",\"inLanguage\":\"de\",\"@id\":\"https:\/\/global-hookah.com\/it\/prodotto\/tubo-per-narghile-personalizzato\/#primaryimage\",\"url\":\"https:\/\/global-hookah.com\/wp-content\/uploads\/2024\/04\/kf-Sf9a6aeae9fb44557a0e224aea02a5aa6h-DEJAYA-1M-Hookah-Hose-Boquilla-Cachimba-Shisha-Pipe-Chicha-Sisha-Narguile-Pipes-Smoking-Accessories.webp\",\"contentUrl\":\"https:\/\/global-hookah.com\/wp-content\/uploads\/2024\/04\/kf-Sf9a6aeae9fb44557a0e224aea02a5aa6h-DEJAYA-1M-Hookah-Hose-Boquilla-Cachimba-Shisha-Pipe-Chicha-Sisha-Narguile-Pipes-Smoking-Accessories.webp\",\"width\":1000,\"height\":1000,\"caption\":\"Custom Hookah Hose\"},{\"@type\":\"BreadcrumbList\",\"@id\":\"https:\/\/global-hookah.com\/it\/prodotto\/tubo-per-narghile-personalizzato\/#breadcrumb\",\"itemListElement\":[{\"@type\":\"ListItem\",\"position\":1,\"name\":\"Home\",\"item\":\"https:\/\/global-hookah.com\/\"},{\"@type\":\"ListItem\",\"position\":2,\"name\":\"Shop\",\"item\":\"https:\/\/global-hookah.com\/shop\/\"},{\"@type\":\"ListItem\",\"position\":3,\"name\":\"Custom Hookah Hose\"}]},{\"@type\":\"WebSite\",\"@id\":\"https:\/\/global-hookah.com\/#website\",\"url\":\"https:\/\/global-hookah.com\/\",\"name\":\"Global Hookah\",\"description\":\"Global Hookah\",\"publisher\":{\"@id\":\"https:\/\/global-hookah.com\/#organization\"},\"potentialAction\":[{\"@type\":\"SearchAction\",\"target\":{\"@type\":\"EntryPoint\",\"urlTemplate\":\"https:\/\/global-hookah.com\/?s={search_term_string}\"},\"query-input\":{\"@type\":\"PropertyValueSpecification\",\"valueRequired\":true,\"valueName\":\"search_term_string\"}}],\"inLanguage\":\"de\"},{\"@type\":\"Organization\",\"@id\":\"https:\/\/global-hookah.com\/#organization\",\"name\":\"Global Hookah\",\"url\":\"https:\/\/global-hookah.com\/\",\"logo\":{\"@type\":\"ImageObject\",\"inLanguage\":\"de\",\"@id\":\"https:\/\/global-hookah.com\/#\/schema\/logo\/image\/\",\"url\":\"https:\/\/global-hookah.com\/wp-content\/uploads\/2021\/10\/cropped-fgg.png\",\"contentUrl\":\"https:\/\/global-hookah.com\/wp-content\/uploads\/2021\/10\/cropped-fgg.png\",\"width\":512,\"height\":512,\"caption\":\"Global Hookah\"},\"image\":{\"@id\":\"https:\/\/global-hookah.com\/#\/schema\/logo\/image\/\"}}]}<\/script>\n<!-- \/ Yoast SEO Premium plugin. -->","yoast_head_json":{"title":"Individueller Wasserpfeifenschlauch - Global Hookah","robots":{"index":"index","follow":"follow","max-snippet":"max-snippet:-1","max-image-preview":"max-image-preview:large","max-video-preview":"max-video-preview:-1"},"canonical":"https:\/\/global-hookah.com\/de\/it\/prodotto\/tubo-per-narghile-personalizzato\/","og_locale":"de_DE","og_type":"article","og_title":"Custom Hookah Hose","og_description":"Spice up your hookah game with our brand new custom hose service! I know how in today&#8217;s hookah scene, having","og_url":"https:\/\/global-hookah.com\/de\/it\/prodotto\/tubo-per-narghile-personalizzato\/","og_site_name":"Global Hookah","article_modified_time":"2024-04-22T02:10:35+00:00","og_image":[{"width":1000,"height":1000,"url":"https:\/\/global-hookah.com\/wp-content\/uploads\/2024\/04\/kf-Sf9a6aeae9fb44557a0e224aea02a5aa6h-DEJAYA-1M-Hookah-Hose-Boquilla-Cachimba-Shisha-Pipe-Chicha-Sisha-Narguile-Pipes-Smoking-Accessories.webp","type":"image\/webp"}],"twitter_card":"summary_large_image","twitter_misc":{"Gesch\u00e4tzte Lesezeit":"5\u00a0Minuten"},"schema":{"@context":"https:\/\/schema.org","@graph":[{"@type":"WebPage","@id":"https:\/\/global-hookah.com\/it\/prodotto\/tubo-per-narghile-personalizzato\/","url":"https:\/\/global-hookah.com\/it\/prodotto\/tubo-per-narghile-personalizzato\/","name":"Individueller Wasserpfeifenschlauch - Global Hookah","isPartOf":{"@id":"https:\/\/global-hookah.com\/#website"},"primaryImageOfPage":{"@id":"https:\/\/global-hookah.com\/it\/prodotto\/tubo-per-narghile-personalizzato\/#primaryimage"},"image":{"@id":"https:\/\/global-hookah.com\/it\/prodotto\/tubo-per-narghile-personalizzato\/#primaryimage"},"thumbnailUrl":"https:\/\/global-hookah.com\/wp-content\/uploads\/2024\/04\/kf-Sf9a6aeae9fb44557a0e224aea02a5aa6h-DEJAYA-1M-Hookah-Hose-Boquilla-Cachimba-Shisha-Pipe-Chicha-Sisha-Narguile-Pipes-Smoking-Accessories.webp","datePublished":"2024-04-19T08:56:17+00:00","dateModified":"2024-04-22T02:10:35+00:00","breadcrumb":{"@id":"https:\/\/global-hookah.com\/it\/prodotto\/tubo-per-narghile-personalizzato\/#breadcrumb"},"inLanguage":"de","potentialAction":[{"@type":"ReadAction","target":["https:\/\/global-hookah.com\/it\/prodotto\/tubo-per-narghile-personalizzato\/"]}]},{"@type":"ImageObject","inLanguage":"de","@id":"https:\/\/global-hookah.com\/it\/prodotto\/tubo-per-narghile-personalizzato\/#primaryimage","url":"https:\/\/global-hookah.com\/wp-content\/uploads\/2024\/04\/kf-Sf9a6aeae9fb44557a0e224aea02a5aa6h-DEJAYA-1M-Hookah-Hose-Boquilla-Cachimba-Shisha-Pipe-Chicha-Sisha-Narguile-Pipes-Smoking-Accessories.webp","contentUrl":"https:\/\/global-hookah.com\/wp-content\/uploads\/2024\/04\/kf-Sf9a6aeae9fb44557a0e224aea02a5aa6h-DEJAYA-1M-Hookah-Hose-Boquilla-Cachimba-Shisha-Pipe-Chicha-Sisha-Narguile-Pipes-Smoking-Accessories.webp","width":1000,"height":1000,"caption":"Custom Hookah Hose"},{"@type":"BreadcrumbList","@id":"https:\/\/global-hookah.com\/it\/prodotto\/tubo-per-narghile-personalizzato\/#breadcrumb","itemListElement":[{"@type":"ListItem","position":1,"name":"Home","item":"https:\/\/global-hookah.com\/"},{"@type":"ListItem","position":2,"name":"Shop","item":"https:\/\/global-hookah.com\/shop\/"},{"@type":"ListItem","position":3,"name":"Custom Hookah Hose"}]},{"@type":"WebSite","@id":"https:\/\/global-hookah.com\/#website","url":"https:\/\/global-hookah.com\/","name":"Globale Wasserpfeife","description":"Globale Wasserpfeife","publisher":{"@id":"https:\/\/global-hookah.com\/#organization"},"potentialAction":[{"@type":"SearchAction","target":{"@type":"EntryPoint","urlTemplate":"https:\/\/global-hookah.com\/?s={search_term_string}"},"query-input":{"@type":"PropertyValueSpecification","valueRequired":true,"valueName":"search_term_string"}}],"inLanguage":"de"},{"@type":"Organization","@id":"https:\/\/global-hookah.com\/#organization","name":"Globale Wasserpfeife","url":"https:\/\/global-hookah.com\/","logo":{"@type":"ImageObject","inLanguage":"de","@id":"https:\/\/global-hookah.com\/#\/schema\/logo\/image\/","url":"https:\/\/global-hookah.com\/wp-content\/uploads\/2021\/10\/cropped-fgg.png","contentUrl":"https:\/\/global-hookah.com\/wp-content\/uploads\/2021\/10\/cropped-fgg.png","width":512,"height":512,"caption":"Global Hookah"},"image":{"@id":"https:\/\/global-hookah.com\/#\/schema\/logo\/image\/"}}]}},"_links":{"self":[{"href":"https:\/\/global-hookah.com\/de\/wp-json\/wp\/v2\/product\/21280","targetHints":{"allow":["GET"]}}],"collection":[{"href":"https:\/\/global-hookah.com\/de\/wp-json\/wp\/v2\/product"}],"about":[{"href":"https:\/\/global-hookah.com\/de\/wp-json\/wp\/v2\/types\/product"}],"replies":[{"embeddable":true,"href":"https:\/\/global-hookah.com\/de\/wp-json\/wp\/v2\/comments?post=21280"}],"version-history":[{"count":0,"href":"https:\/\/global-hookah.com\/de\/wp-json\/wp\/v2\/product\/21280\/revisions"}],"wp:featuredmedia":[{"embeddable":true,"href":"https:\/\/global-hookah.com\/de\/wp-json\/wp\/v2\/media\/21281"}],"wp:attachment":[{"href":"https:\/\/global-hookah.com\/de\/wp-json\/wp\/v2\/media?parent=21280"}],"wp:term":[{"taxonomy":"product_brand","embeddable":true,"href":"https:\/\/global-hookah.com\/de\/wp-json\/wp\/v2\/product_brand?post=21280"},{"taxonomy":"product_cat","embeddable":true,"href":"https:\/\/global-hookah.com\/de\/wp-json\/wp\/v2\/product_cat?post=21280"},{"taxonomy":"product_tag","embeddable":true,"href":"https:\/\/global-hookah.com\/de\/wp-json\/wp\/v2\/product_tag?post=21280"}],"curies":[{"name":"wp","href":"https:\/\/api.w.org\/{rel}","templated":true}]}}