{"id":21297,"date":"2024-04-19T08:59:09","date_gmt":"2024-04-19T08:59:09","guid":{"rendered":"https:\/\/global-hookah.com\/product\/1-82m-red-hookah-hose-for-bong\/"},"modified":"2024-04-22T01:08:27","modified_gmt":"2024-04-22T01:08:27","slug":"1-82m-red-hookah-hose-for-bong","status":"publish","type":"product","link":"https:\/\/global-hookah.com\/de\/produkt\/1-82m-red-hookah-hose-for-bong\/","title":{"rendered":"1.82m roter Hookah-Schlauch f\u00fcr Bong"},"content":{"rendered":"<div class=\"product-specs-list-container\">\n<p>Sind Sie es leid, Ihre Wasserpfeife m\u00fchsam zu erreichen, w\u00e4hrend Sie auf der Couch entspannen? Diese Tage sind vorbei mit dieser <strong>1,82 Meter langer Shisha-Schlauch<\/strong>! Diese verl\u00e4ngerte L\u00e4nge bedeutet, dass Sie sich zur\u00fccklehnen und Ihre Lieblings-Shisha in v\u00f6lligem Komfort genie\u00dfen k\u00f6nnen. F\u00fcr uns faule Shisha-Liebhaber wird damit ein Traum wahr.<\/p>\n<p>Der Griff hat eine glatte Holzoberfl\u00e4che, die sich gut in Ihrer Hand anf\u00fchlt. Der Schlauch selbst ist mit weichem PU-Leder ummantelt - dieses Material erm\u00f6glicht es uns, ihn l\u00e4nger zu benutzen! Mit einem Gewicht von 243 g ist dieser<strong> Wasserpfeifen-Schlauchspitzen<\/strong> ist extrem strapazierf\u00e4hig und kann sich nicht verheddern oder verdrehen.<\/p>\n<p>Vor allem, da sie aus hochwertigen PU-Materialien hergestellt wird, die strenge Sicherheitstests bestehen, k\u00f6nnen Sie sicher sein, dass keine sch\u00e4dlichen Substanzen Ihr Shisha-Erlebnis beeintr\u00e4chtigen. Das glatte Innere erm\u00f6glicht einen ungehinderten Luftstrom, so dass Sie das volle Geschmacksprofil mit jedem Zug erhalten. In der Tat, diese<strong> Wasserpfeifenschlauch f\u00fcr Bong<\/strong> kann das Rauchvolumen und -aroma um 30% im Vergleich zu einer <a href=\"https:\/\/global-hookah.com\/product-category\/hookah-accessories-wholesale\/hookah-hose-wholesale\/\">Standard-Wasserpfeifenschlauch<\/a>. Jeder Zug f\u00fcllt Ihren Mund mit dickem, befriedigendem Rauch. Und die Anti-Ghosting-Funktionalit\u00e4t verhindert nachklingende Aromen, so dass Sie den urspr\u00fcnglichen Tabakgeschmack jedes Mal voll auskosten k\u00f6nnen.<\/p>\n<p>Wenn Sie auf einer Party sind, tragen Sie das bei sich <strong>Wasserpfeifenschlauch<\/strong> zieht garantiert alle Blicke auf sich und sorgt f\u00fcr Aufregung. Es ist das perfekte Accessoire f\u00fcr uns Wasserpfeifenliebhaber, die sich gerne von der Masse abheben. Wenn wir uns die Reaktionen der Leute vorstellen, sind wir wirklich begeistert.<\/p>\n<ul class=\"product-specs-list util-clearfix\">\n<li class=\"product-prop line-limit-length\"><span class=\"property-title\">Was:\u00a0<\/span><span class=\"property-desc line-limit-length\">Wasserpfeifen-Schlauch<\/span><\/li>\n<li class=\"product-prop line-limit-length\"><span class=\"property-title\">Farbe:\u00a0<\/span><span class=\"property-desc line-limit-length\">Rot<\/span><\/li>\n<li class=\"product-prop line-limit-length\"><span class=\"property-title\">L\u00e4nge:\u00a0<\/span><span class=\"property-desc line-limit-length\">Ungef\u00e4hr 182cm<\/span><\/li>\n<li class=\"product-prop line-limit-length\"><span class=\"property-title\">Gewicht:\u00a0<\/span><span class=\"property-desc line-limit-length\">Etwa 243g\/Stk.<\/span><\/li>\n<li class=\"product-prop line-limit-length\"><span class=\"property-title\">Material des Griffs:\u00a0<\/span><span class=\"property-desc line-limit-length\">H\u00f6lzernes<\/span><\/li>\n<li class=\"product-prop line-limit-length\"><span class=\"property-title\"><a href=\"https:\/\/global-hookah.com\/product\/1-5m-leather-hookah-hose-wholesale\/\">Schlauch Material:\u00a0<\/a><\/span><span class=\"property-desc line-limit-length\">Leder PU-ummantelt<\/span><\/li>\n<li class=\"product-prop line-limit-length\"><span class=\"property-title\">Anwendung:\u00a0<\/span><span class=\"property-desc line-limit-length\">Shisha <a href=\"https:\/\/global-hookah.com\/\">Wasserpfeife<\/a> Tabak<\/span><\/li>\n<li class=\"product-prop line-limit-length\"><span class=\"property-title\">Verwendung:\u00a0<\/span><span class=\"property-desc line-limit-length\">Bars Partys Caf\u00e9s<\/span><\/li>\n<li class=\"product-prop line-limit-length\"><span class=\"property-title\">Paket:\u00a0<\/span><span class=\"property-desc line-limit-length\">Opp Tasche<\/span><\/li>\n<\/ul>\n<\/div>","protected":false},"excerpt":{"rendered":"<p>Sind Sie es leid, Ihre Wasserpfeife m\u00fchsam zu erreichen, w\u00e4hrend Sie auf der Couch entspannen? Diese Tage sind vorbei mit diesem 1,82 Meter<\/p>","protected":false},"featured_media":21301,"comment_status":"closed","ping_status":"closed","template":"","meta":{"iawp_total_views":1,"_joinchat":[]},"product_brand":[],"product_cat":[644],"product_tag":[],"class_list":{"0":"post-21297","1":"product","2":"type-product","3":"status-publish","4":"has-post-thumbnail","6":"product_cat-hookah-hose-wholesale","8":"first","9":"instock","10":"shipping-taxable","11":"product-type-external"},"yoast_head":"<!-- This site is optimized with the Yoast SEO Premium plugin v24.7 (Yoast SEO v26.8) - https:\/\/yoast.com\/product\/yoast-seo-premium-wordpress\/ -->\n<title>1.82m Red Hookah Hose For Bong - Global Hookah<\/title>\n<meta name=\"robots\" content=\"index, follow, max-snippet:-1, max-image-preview:large, max-video-preview:-1\" \/>\n<link rel=\"canonical\" href=\"https:\/\/global-hookah.com\/de\/produkt\/1-82m-red-hookah-hose-for-bong\/\" \/>\n<meta property=\"og:locale\" content=\"de_DE\" \/>\n<meta property=\"og:type\" content=\"article\" \/>\n<meta property=\"og:title\" content=\"1.82m Red Hookah Hose For Bong\" \/>\n<meta property=\"og:description\" content=\"Tired of straining to reach your hookah while relaxing on the couch? Those days are over with this 1.82 meter\" \/>\n<meta property=\"og:url\" content=\"https:\/\/global-hookah.com\/de\/produkt\/1-82m-red-hookah-hose-for-bong\/\" \/>\n<meta property=\"og:site_name\" content=\"Global Hookah\" \/>\n<meta property=\"article:modified_time\" content=\"2024-04-22T01:08:27+00:00\" \/>\n<meta property=\"og:image\" content=\"https:\/\/global-hookah.com\/wp-content\/uploads\/2024\/04\/kf-Sd27c1d5b963141cdbcacae261743b1906-SY-1-82m-Wooden-Handle-Hookah-Leather-Hose-Shisha-Hose-Red-Narguile-Nargile-Water-Smoking-Accessories.webp\" \/>\n\t<meta property=\"og:image:width\" content=\"800\" \/>\n\t<meta property=\"og:image:height\" content=\"800\" \/>\n\t<meta property=\"og:image:type\" content=\"image\/webp\" \/>\n<meta name=\"twitter:card\" content=\"summary_large_image\" \/>\n<meta name=\"twitter:label1\" content=\"Gesch\u00e4tzte Lesezeit\" \/>\n\t<meta name=\"twitter:data1\" content=\"2\u00a0Minuten\" \/>\n<script type=\"application\/ld+json\" class=\"yoast-schema-graph\">{\"@context\":\"https:\/\/schema.org\",\"@graph\":[{\"@type\":\"WebPage\",\"@id\":\"https:\/\/global-hookah.com\/product\/1-82m-red-hookah-hose-for-bong\/\",\"url\":\"https:\/\/global-hookah.com\/product\/1-82m-red-hookah-hose-for-bong\/\",\"name\":\"1.82m Red Hookah Hose For Bong - Global Hookah\",\"isPartOf\":{\"@id\":\"https:\/\/global-hookah.com\/#website\"},\"primaryImageOfPage\":{\"@id\":\"https:\/\/global-hookah.com\/product\/1-82m-red-hookah-hose-for-bong\/#primaryimage\"},\"image\":{\"@id\":\"https:\/\/global-hookah.com\/product\/1-82m-red-hookah-hose-for-bong\/#primaryimage\"},\"thumbnailUrl\":\"https:\/\/global-hookah.com\/wp-content\/uploads\/2024\/04\/kf-Sd27c1d5b963141cdbcacae261743b1906-SY-1-82m-Wooden-Handle-Hookah-Leather-Hose-Shisha-Hose-Red-Narguile-Nargile-Water-Smoking-Accessories.webp\",\"datePublished\":\"2024-04-19T08:59:09+00:00\",\"dateModified\":\"2024-04-22T01:08:27+00:00\",\"breadcrumb\":{\"@id\":\"https:\/\/global-hookah.com\/product\/1-82m-red-hookah-hose-for-bong\/#breadcrumb\"},\"inLanguage\":\"de\",\"potentialAction\":[{\"@type\":\"ReadAction\",\"target\":[\"https:\/\/global-hookah.com\/product\/1-82m-red-hookah-hose-for-bong\/\"]}]},{\"@type\":\"ImageObject\",\"inLanguage\":\"de\",\"@id\":\"https:\/\/global-hookah.com\/product\/1-82m-red-hookah-hose-for-bong\/#primaryimage\",\"url\":\"https:\/\/global-hookah.com\/wp-content\/uploads\/2024\/04\/kf-Sd27c1d5b963141cdbcacae261743b1906-SY-1-82m-Wooden-Handle-Hookah-Leather-Hose-Shisha-Hose-Red-Narguile-Nargile-Water-Smoking-Accessories.webp\",\"contentUrl\":\"https:\/\/global-hookah.com\/wp-content\/uploads\/2024\/04\/kf-Sd27c1d5b963141cdbcacae261743b1906-SY-1-82m-Wooden-Handle-Hookah-Leather-Hose-Shisha-Hose-Red-Narguile-Nargile-Water-Smoking-Accessories.webp\",\"width\":800,\"height\":800,\"caption\":\"1.82m Red Hookah Hose For Bong\"},{\"@type\":\"BreadcrumbList\",\"@id\":\"https:\/\/global-hookah.com\/product\/1-82m-red-hookah-hose-for-bong\/#breadcrumb\",\"itemListElement\":[{\"@type\":\"ListItem\",\"position\":1,\"name\":\"Home\",\"item\":\"https:\/\/global-hookah.com\/\"},{\"@type\":\"ListItem\",\"position\":2,\"name\":\"Shop\",\"item\":\"https:\/\/global-hookah.com\/shop\/\"},{\"@type\":\"ListItem\",\"position\":3,\"name\":\"1.82m Red Hookah Hose For Bong\"}]},{\"@type\":\"WebSite\",\"@id\":\"https:\/\/global-hookah.com\/#website\",\"url\":\"https:\/\/global-hookah.com\/\",\"name\":\"Global Hookah\",\"description\":\"Global Hookah\",\"publisher\":{\"@id\":\"https:\/\/global-hookah.com\/#organization\"},\"potentialAction\":[{\"@type\":\"SearchAction\",\"target\":{\"@type\":\"EntryPoint\",\"urlTemplate\":\"https:\/\/global-hookah.com\/?s={search_term_string}\"},\"query-input\":{\"@type\":\"PropertyValueSpecification\",\"valueRequired\":true,\"valueName\":\"search_term_string\"}}],\"inLanguage\":\"de\"},{\"@type\":\"Organization\",\"@id\":\"https:\/\/global-hookah.com\/#organization\",\"name\":\"Global Hookah\",\"url\":\"https:\/\/global-hookah.com\/\",\"logo\":{\"@type\":\"ImageObject\",\"inLanguage\":\"de\",\"@id\":\"https:\/\/global-hookah.com\/#\/schema\/logo\/image\/\",\"url\":\"https:\/\/global-hookah.com\/wp-content\/uploads\/2021\/10\/cropped-fgg.png\",\"contentUrl\":\"https:\/\/global-hookah.com\/wp-content\/uploads\/2021\/10\/cropped-fgg.png\",\"width\":512,\"height\":512,\"caption\":\"Global Hookah\"},\"image\":{\"@id\":\"https:\/\/global-hookah.com\/#\/schema\/logo\/image\/\"}}]}<\/script>\n<!-- \/ Yoast SEO Premium plugin. -->","yoast_head_json":{"title":"1.82m Roter Wasserpfeifenschlauch f\u00fcr Bong - Global Hookah","robots":{"index":"index","follow":"follow","max-snippet":"max-snippet:-1","max-image-preview":"max-image-preview:large","max-video-preview":"max-video-preview:-1"},"canonical":"https:\/\/global-hookah.com\/de\/produkt\/1-82m-red-hookah-hose-for-bong\/","og_locale":"de_DE","og_type":"article","og_title":"1.82m Red Hookah Hose For Bong","og_description":"Tired of straining to reach your hookah while relaxing on the couch? Those days are over with this 1.82 meter","og_url":"https:\/\/global-hookah.com\/de\/produkt\/1-82m-red-hookah-hose-for-bong\/","og_site_name":"Global Hookah","article_modified_time":"2024-04-22T01:08:27+00:00","og_image":[{"width":800,"height":800,"url":"https:\/\/global-hookah.com\/wp-content\/uploads\/2024\/04\/kf-Sd27c1d5b963141cdbcacae261743b1906-SY-1-82m-Wooden-Handle-Hookah-Leather-Hose-Shisha-Hose-Red-Narguile-Nargile-Water-Smoking-Accessories.webp","type":"image\/webp"}],"twitter_card":"summary_large_image","twitter_misc":{"Gesch\u00e4tzte Lesezeit":"2\u00a0Minuten"},"schema":{"@context":"https:\/\/schema.org","@graph":[{"@type":"WebPage","@id":"https:\/\/global-hookah.com\/product\/1-82m-red-hookah-hose-for-bong\/","url":"https:\/\/global-hookah.com\/product\/1-82m-red-hookah-hose-for-bong\/","name":"1.82m Roter Wasserpfeifenschlauch f\u00fcr Bong - Global Hookah","isPartOf":{"@id":"https:\/\/global-hookah.com\/#website"},"primaryImageOfPage":{"@id":"https:\/\/global-hookah.com\/product\/1-82m-red-hookah-hose-for-bong\/#primaryimage"},"image":{"@id":"https:\/\/global-hookah.com\/product\/1-82m-red-hookah-hose-for-bong\/#primaryimage"},"thumbnailUrl":"https:\/\/global-hookah.com\/wp-content\/uploads\/2024\/04\/kf-Sd27c1d5b963141cdbcacae261743b1906-SY-1-82m-Wooden-Handle-Hookah-Leather-Hose-Shisha-Hose-Red-Narguile-Nargile-Water-Smoking-Accessories.webp","datePublished":"2024-04-19T08:59:09+00:00","dateModified":"2024-04-22T01:08:27+00:00","breadcrumb":{"@id":"https:\/\/global-hookah.com\/product\/1-82m-red-hookah-hose-for-bong\/#breadcrumb"},"inLanguage":"de","potentialAction":[{"@type":"ReadAction","target":["https:\/\/global-hookah.com\/product\/1-82m-red-hookah-hose-for-bong\/"]}]},{"@type":"ImageObject","inLanguage":"de","@id":"https:\/\/global-hookah.com\/product\/1-82m-red-hookah-hose-for-bong\/#primaryimage","url":"https:\/\/global-hookah.com\/wp-content\/uploads\/2024\/04\/kf-Sd27c1d5b963141cdbcacae261743b1906-SY-1-82m-Wooden-Handle-Hookah-Leather-Hose-Shisha-Hose-Red-Narguile-Nargile-Water-Smoking-Accessories.webp","contentUrl":"https:\/\/global-hookah.com\/wp-content\/uploads\/2024\/04\/kf-Sd27c1d5b963141cdbcacae261743b1906-SY-1-82m-Wooden-Handle-Hookah-Leather-Hose-Shisha-Hose-Red-Narguile-Nargile-Water-Smoking-Accessories.webp","width":800,"height":800,"caption":"1.82m Red Hookah Hose For Bong"},{"@type":"BreadcrumbList","@id":"https:\/\/global-hookah.com\/product\/1-82m-red-hookah-hose-for-bong\/#breadcrumb","itemListElement":[{"@type":"ListItem","position":1,"name":"Home","item":"https:\/\/global-hookah.com\/"},{"@type":"ListItem","position":2,"name":"Shop","item":"https:\/\/global-hookah.com\/shop\/"},{"@type":"ListItem","position":3,"name":"1.82m Red Hookah Hose For Bong"}]},{"@type":"WebSite","@id":"https:\/\/global-hookah.com\/#website","url":"https:\/\/global-hookah.com\/","name":"Globale Wasserpfeife","description":"Globale Wasserpfeife","publisher":{"@id":"https:\/\/global-hookah.com\/#organization"},"potentialAction":[{"@type":"SearchAction","target":{"@type":"EntryPoint","urlTemplate":"https:\/\/global-hookah.com\/?s={search_term_string}"},"query-input":{"@type":"PropertyValueSpecification","valueRequired":true,"valueName":"search_term_string"}}],"inLanguage":"de"},{"@type":"Organization","@id":"https:\/\/global-hookah.com\/#organization","name":"Globale Wasserpfeife","url":"https:\/\/global-hookah.com\/","logo":{"@type":"ImageObject","inLanguage":"de","@id":"https:\/\/global-hookah.com\/#\/schema\/logo\/image\/","url":"https:\/\/global-hookah.com\/wp-content\/uploads\/2021\/10\/cropped-fgg.png","contentUrl":"https:\/\/global-hookah.com\/wp-content\/uploads\/2021\/10\/cropped-fgg.png","width":512,"height":512,"caption":"Global Hookah"},"image":{"@id":"https:\/\/global-hookah.com\/#\/schema\/logo\/image\/"}}]}},"_links":{"self":[{"href":"https:\/\/global-hookah.com\/de\/wp-json\/wp\/v2\/product\/21297","targetHints":{"allow":["GET"]}}],"collection":[{"href":"https:\/\/global-hookah.com\/de\/wp-json\/wp\/v2\/product"}],"about":[{"href":"https:\/\/global-hookah.com\/de\/wp-json\/wp\/v2\/types\/product"}],"replies":[{"embeddable":true,"href":"https:\/\/global-hookah.com\/de\/wp-json\/wp\/v2\/comments?post=21297"}],"version-history":[{"count":0,"href":"https:\/\/global-hookah.com\/de\/wp-json\/wp\/v2\/product\/21297\/revisions"}],"wp:featuredmedia":[{"embeddable":true,"href":"https:\/\/global-hookah.com\/de\/wp-json\/wp\/v2\/media\/21301"}],"wp:attachment":[{"href":"https:\/\/global-hookah.com\/de\/wp-json\/wp\/v2\/media?parent=21297"}],"wp:term":[{"taxonomy":"product_brand","embeddable":true,"href":"https:\/\/global-hookah.com\/de\/wp-json\/wp\/v2\/product_brand?post=21297"},{"taxonomy":"product_cat","embeddable":true,"href":"https:\/\/global-hookah.com\/de\/wp-json\/wp\/v2\/product_cat?post=21297"},{"taxonomy":"product_tag","embeddable":true,"href":"https:\/\/global-hookah.com\/de\/wp-json\/wp\/v2\/product_tag?post=21297"}],"curies":[{"name":"wp","href":"https:\/\/api.w.org\/{rel}","templated":true}]}}