{"id":21315,"date":"2024-04-19T09:00:58","date_gmt":"2024-04-19T09:00:58","guid":{"rendered":"https:\/\/global-hookah.com\/product\/rubber-hookah-hose-wholesale\/"},"modified":"2024-04-21T09:06:22","modified_gmt":"2024-04-21T09:06:22","slug":"rubber-hookah-hose-wholesale","status":"publish","type":"product","link":"https:\/\/global-hookah.com\/de\/produkt\/rubber-hookah-hose-wholesale\/","title":{"rendered":"Gummi Hookah Schlauch Gro\u00dfhandel"},"content":{"rendered":"<div class=\"product-specs-list-container\">\n<p>Aus hochwertigem Naturkautschuk gefertigt, ist dieses <strong>Gummi Hookah Schlauch<\/strong> ist kompatibel mit <a href=\"https:\/\/global-hookah.com\/product-category\/wholesale-hookah\/\">verschiedene Arten von Wasserpfeifen<\/a>. Sein flexibles Rohr kann sich biegen und beh\u00e4lt seine Form, \u00fcber ein Jahr lang zu verwenden.<\/p>\n<p>Die universelle Kompatibilit\u00e4t ist ein wichtiges Merkmal und eignet sich f\u00fcr die meisten <a href=\"https:\/\/global-hookah.com\/product\/medium-arab-hookah-wholesale\/\">mittlere bis gro\u00dfe Wasserpfeifen<\/a>. Egal, welche Wasserpfeife Sie verwenden, es bietet eine hervorragende Verbindung und luftdichte Abdichtung, so dass Sie Wasserpfeife mit Freunden genie\u00dfen k\u00f6nnen.<\/p>\n<p>Wir haben auch die interne Struktur des Systems speziell entwickelt. <strong>Wasserpfeifen-Gummischlauch<\/strong>Das Innere ist f\u00fcr eine gr\u00fcndliche Reinigung von oben bis unten leicht zug\u00e4nglich. Vom Rauchanf\u00e4nger bis zum Veteranen kann jeder diesen Schlauch in Sekundenschnelle installieren und warten.<\/p>\n<p>Dar\u00fcber hinaus ist die <strong>langlebiger Wasserpfeifen-Gummischlauch<\/strong> h\u00e4lt stundenlang hei\u00dfem Wasserpfeifenrauch stand, ohne Flecken oder Ger\u00fcche zu hinterlassen. Also. Werfen Sie diese minderwertigen Wasserpfeifenschl\u00e4uche weg und verbessern Sie Ihr Shisha-Erlebnis mit diesem <strong>Gummi-Hookah-Schlauch<\/strong> !<\/p>\n<\/div>\n<div class=\"detailmodule_image\"><\/div>\n<div class=\"detailmodule_image\"><img decoding=\"async\" class=\"detail-desc-decorate-image\" style=\"margin-bottom: 10px;\" src=\"https:\/\/ae01.alicdn.com\/kf\/S6692bbde05484d2aa5496f98f0167e085.jpg\" \/><img decoding=\"async\" class=\"detail-desc-decorate-image\" style=\"margin-bottom: 10px;\" src=\"https:\/\/ae01.alicdn.com\/kf\/Se42d4b290cd843c1878d0e73a6cda9cfR.jpg\" \/><img decoding=\"async\" class=\"detail-desc-decorate-image\" style=\"margin-bottom: 10px;\" src=\"https:\/\/ae01.alicdn.com\/kf\/Sc9798c20fe1a4a47b5b8e1b2a102dd20Y.jpg\" \/><img decoding=\"async\" class=\"detail-desc-decorate-image\" style=\"margin-bottom: 10px;\" src=\"https:\/\/ae01.alicdn.com\/kf\/S70646a42b51e487dae3009e8da766aadc.jpg\" \/><img decoding=\"async\" class=\"detail-desc-decorate-image\" style=\"margin-bottom: 10px;\" src=\"https:\/\/ae01.alicdn.com\/kf\/S2ee81588110c4f318d8d7f8e603e6347J.jpg\" \/><img decoding=\"async\" class=\"detail-desc-decorate-image\" style=\"margin-bottom: 10px;\" src=\"https:\/\/ae01.alicdn.com\/kf\/S40d15d1e70f444ac88496a5d4ce56223N.jpg\" \/><\/div>\n<div class=\"detailmodule_image\"><\/div>\n<div class=\"detailmodule_image\"><\/div>\n<p>&nbsp;<\/p>","protected":false},"excerpt":{"rendered":"<p>Dieser aus hochwertigem Naturkautschuk gefertigte Gummischlauch ist mit verschiedenen Wasserpfeifenarten kompatibel. Sein flexibler Schlauch kann<\/p>","protected":false},"featured_media":21316,"comment_status":"closed","ping_status":"closed","template":"","meta":{"iawp_total_views":6,"_joinchat":[]},"product_brand":[],"product_cat":[644],"product_tag":[],"class_list":{"0":"post-21315","1":"product","2":"type-product","3":"status-publish","4":"has-post-thumbnail","6":"product_cat-hookah-hose-wholesale","8":"first","9":"instock","10":"shipping-taxable","11":"product-type-external"},"yoast_head":"<!-- This site is optimized with the Yoast SEO Premium plugin v24.7 (Yoast SEO v26.8) - https:\/\/yoast.com\/product\/yoast-seo-premium-wordpress\/ -->\n<title>Rubber Hookah Hose Wholesale - Global Hookah<\/title>\n<meta name=\"robots\" content=\"index, follow, max-snippet:-1, max-image-preview:large, max-video-preview:-1\" \/>\n<link rel=\"canonical\" href=\"https:\/\/global-hookah.com\/de\/produkt\/rubber-hookah-hose-wholesale\/\" \/>\n<meta property=\"og:locale\" content=\"de_DE\" \/>\n<meta property=\"og:type\" content=\"article\" \/>\n<meta property=\"og:title\" content=\"Rubber Hookah Hose Wholesale\" \/>\n<meta property=\"og:description\" content=\"Made from high-quality natural rubber, this Rubber Hookah Hose is compatible with different styles of hookahs. Its flexible tube can\" \/>\n<meta property=\"og:url\" content=\"https:\/\/global-hookah.com\/de\/produkt\/rubber-hookah-hose-wholesale\/\" \/>\n<meta property=\"og:site_name\" content=\"Global Hookah\" \/>\n<meta property=\"article:modified_time\" content=\"2024-04-21T09:06:22+00:00\" \/>\n<meta property=\"og:image\" content=\"https:\/\/global-hookah.com\/wp-content\/uploads\/2024\/04\/kf-Sa0778e61aa76443283c289583c80b9d8X-SY-Leather-Hookah-Hose-Acrylic-shisha-Mouth-Tips-Narguile-Nargile-Cachimbas-Chicha-Water-Pipe-Accessories.webp\" \/>\n\t<meta property=\"og:image:width\" content=\"800\" \/>\n\t<meta property=\"og:image:height\" content=\"800\" \/>\n\t<meta property=\"og:image:type\" content=\"image\/webp\" \/>\n<meta name=\"twitter:card\" content=\"summary_large_image\" \/>\n<meta name=\"twitter:label1\" content=\"Gesch\u00e4tzte Lesezeit\" \/>\n\t<meta name=\"twitter:data1\" content=\"2\u00a0Minuten\" \/>\n<script type=\"application\/ld+json\" class=\"yoast-schema-graph\">{\"@context\":\"https:\/\/schema.org\",\"@graph\":[{\"@type\":\"WebPage\",\"@id\":\"https:\/\/global-hookah.com\/product\/rubber-hookah-hose-wholesale\/\",\"url\":\"https:\/\/global-hookah.com\/product\/rubber-hookah-hose-wholesale\/\",\"name\":\"Rubber Hookah Hose Wholesale - Global Hookah\",\"isPartOf\":{\"@id\":\"https:\/\/global-hookah.com\/#website\"},\"primaryImageOfPage\":{\"@id\":\"https:\/\/global-hookah.com\/product\/rubber-hookah-hose-wholesale\/#primaryimage\"},\"image\":{\"@id\":\"https:\/\/global-hookah.com\/product\/rubber-hookah-hose-wholesale\/#primaryimage\"},\"thumbnailUrl\":\"https:\/\/global-hookah.com\/wp-content\/uploads\/2024\/04\/kf-Sa0778e61aa76443283c289583c80b9d8X-SY-Leather-Hookah-Hose-Acrylic-shisha-Mouth-Tips-Narguile-Nargile-Cachimbas-Chicha-Water-Pipe-Accessories.webp\",\"datePublished\":\"2024-04-19T09:00:58+00:00\",\"dateModified\":\"2024-04-21T09:06:22+00:00\",\"breadcrumb\":{\"@id\":\"https:\/\/global-hookah.com\/product\/rubber-hookah-hose-wholesale\/#breadcrumb\"},\"inLanguage\":\"de\",\"potentialAction\":[{\"@type\":\"ReadAction\",\"target\":[\"https:\/\/global-hookah.com\/product\/rubber-hookah-hose-wholesale\/\"]}]},{\"@type\":\"ImageObject\",\"inLanguage\":\"de\",\"@id\":\"https:\/\/global-hookah.com\/product\/rubber-hookah-hose-wholesale\/#primaryimage\",\"url\":\"https:\/\/global-hookah.com\/wp-content\/uploads\/2024\/04\/kf-Sa0778e61aa76443283c289583c80b9d8X-SY-Leather-Hookah-Hose-Acrylic-shisha-Mouth-Tips-Narguile-Nargile-Cachimbas-Chicha-Water-Pipe-Accessories.webp\",\"contentUrl\":\"https:\/\/global-hookah.com\/wp-content\/uploads\/2024\/04\/kf-Sa0778e61aa76443283c289583c80b9d8X-SY-Leather-Hookah-Hose-Acrylic-shisha-Mouth-Tips-Narguile-Nargile-Cachimbas-Chicha-Water-Pipe-Accessories.webp\",\"width\":800,\"height\":800,\"caption\":\"Rubber Hookah Hose Wholesale\"},{\"@type\":\"BreadcrumbList\",\"@id\":\"https:\/\/global-hookah.com\/product\/rubber-hookah-hose-wholesale\/#breadcrumb\",\"itemListElement\":[{\"@type\":\"ListItem\",\"position\":1,\"name\":\"Home\",\"item\":\"https:\/\/global-hookah.com\/\"},{\"@type\":\"ListItem\",\"position\":2,\"name\":\"Shop\",\"item\":\"https:\/\/global-hookah.com\/shop\/\"},{\"@type\":\"ListItem\",\"position\":3,\"name\":\"Rubber Hookah Hose Wholesale\"}]},{\"@type\":\"WebSite\",\"@id\":\"https:\/\/global-hookah.com\/#website\",\"url\":\"https:\/\/global-hookah.com\/\",\"name\":\"Global Hookah\",\"description\":\"Global Hookah\",\"publisher\":{\"@id\":\"https:\/\/global-hookah.com\/#organization\"},\"potentialAction\":[{\"@type\":\"SearchAction\",\"target\":{\"@type\":\"EntryPoint\",\"urlTemplate\":\"https:\/\/global-hookah.com\/?s={search_term_string}\"},\"query-input\":{\"@type\":\"PropertyValueSpecification\",\"valueRequired\":true,\"valueName\":\"search_term_string\"}}],\"inLanguage\":\"de\"},{\"@type\":\"Organization\",\"@id\":\"https:\/\/global-hookah.com\/#organization\",\"name\":\"Global Hookah\",\"url\":\"https:\/\/global-hookah.com\/\",\"logo\":{\"@type\":\"ImageObject\",\"inLanguage\":\"de\",\"@id\":\"https:\/\/global-hookah.com\/#\/schema\/logo\/image\/\",\"url\":\"https:\/\/global-hookah.com\/wp-content\/uploads\/2021\/10\/cropped-fgg.png\",\"contentUrl\":\"https:\/\/global-hookah.com\/wp-content\/uploads\/2021\/10\/cropped-fgg.png\",\"width\":512,\"height\":512,\"caption\":\"Global Hookah\"},\"image\":{\"@id\":\"https:\/\/global-hookah.com\/#\/schema\/logo\/image\/\"}}]}<\/script>\n<!-- \/ Yoast SEO Premium plugin. -->","yoast_head_json":{"title":"Gummi Hookah Schlauch Gro\u00dfhandel - Global Hookah","robots":{"index":"index","follow":"follow","max-snippet":"max-snippet:-1","max-image-preview":"max-image-preview:large","max-video-preview":"max-video-preview:-1"},"canonical":"https:\/\/global-hookah.com\/de\/produkt\/rubber-hookah-hose-wholesale\/","og_locale":"de_DE","og_type":"article","og_title":"Rubber Hookah Hose Wholesale","og_description":"Made from high-quality natural rubber, this Rubber Hookah Hose is compatible with different styles of hookahs. Its flexible tube can","og_url":"https:\/\/global-hookah.com\/de\/produkt\/rubber-hookah-hose-wholesale\/","og_site_name":"Global Hookah","article_modified_time":"2024-04-21T09:06:22+00:00","og_image":[{"width":800,"height":800,"url":"https:\/\/global-hookah.com\/wp-content\/uploads\/2024\/04\/kf-Sa0778e61aa76443283c289583c80b9d8X-SY-Leather-Hookah-Hose-Acrylic-shisha-Mouth-Tips-Narguile-Nargile-Cachimbas-Chicha-Water-Pipe-Accessories.webp","type":"image\/webp"}],"twitter_card":"summary_large_image","twitter_misc":{"Gesch\u00e4tzte Lesezeit":"2\u00a0Minuten"},"schema":{"@context":"https:\/\/schema.org","@graph":[{"@type":"WebPage","@id":"https:\/\/global-hookah.com\/product\/rubber-hookah-hose-wholesale\/","url":"https:\/\/global-hookah.com\/product\/rubber-hookah-hose-wholesale\/","name":"Gummi Hookah Schlauch Gro\u00dfhandel - Global Hookah","isPartOf":{"@id":"https:\/\/global-hookah.com\/#website"},"primaryImageOfPage":{"@id":"https:\/\/global-hookah.com\/product\/rubber-hookah-hose-wholesale\/#primaryimage"},"image":{"@id":"https:\/\/global-hookah.com\/product\/rubber-hookah-hose-wholesale\/#primaryimage"},"thumbnailUrl":"https:\/\/global-hookah.com\/wp-content\/uploads\/2024\/04\/kf-Sa0778e61aa76443283c289583c80b9d8X-SY-Leather-Hookah-Hose-Acrylic-shisha-Mouth-Tips-Narguile-Nargile-Cachimbas-Chicha-Water-Pipe-Accessories.webp","datePublished":"2024-04-19T09:00:58+00:00","dateModified":"2024-04-21T09:06:22+00:00","breadcrumb":{"@id":"https:\/\/global-hookah.com\/product\/rubber-hookah-hose-wholesale\/#breadcrumb"},"inLanguage":"de","potentialAction":[{"@type":"ReadAction","target":["https:\/\/global-hookah.com\/product\/rubber-hookah-hose-wholesale\/"]}]},{"@type":"ImageObject","inLanguage":"de","@id":"https:\/\/global-hookah.com\/product\/rubber-hookah-hose-wholesale\/#primaryimage","url":"https:\/\/global-hookah.com\/wp-content\/uploads\/2024\/04\/kf-Sa0778e61aa76443283c289583c80b9d8X-SY-Leather-Hookah-Hose-Acrylic-shisha-Mouth-Tips-Narguile-Nargile-Cachimbas-Chicha-Water-Pipe-Accessories.webp","contentUrl":"https:\/\/global-hookah.com\/wp-content\/uploads\/2024\/04\/kf-Sa0778e61aa76443283c289583c80b9d8X-SY-Leather-Hookah-Hose-Acrylic-shisha-Mouth-Tips-Narguile-Nargile-Cachimbas-Chicha-Water-Pipe-Accessories.webp","width":800,"height":800,"caption":"Rubber Hookah Hose Wholesale"},{"@type":"BreadcrumbList","@id":"https:\/\/global-hookah.com\/product\/rubber-hookah-hose-wholesale\/#breadcrumb","itemListElement":[{"@type":"ListItem","position":1,"name":"Home","item":"https:\/\/global-hookah.com\/"},{"@type":"ListItem","position":2,"name":"Shop","item":"https:\/\/global-hookah.com\/shop\/"},{"@type":"ListItem","position":3,"name":"Rubber Hookah Hose Wholesale"}]},{"@type":"WebSite","@id":"https:\/\/global-hookah.com\/#website","url":"https:\/\/global-hookah.com\/","name":"Globale Wasserpfeife","description":"Globale Wasserpfeife","publisher":{"@id":"https:\/\/global-hookah.com\/#organization"},"potentialAction":[{"@type":"SearchAction","target":{"@type":"EntryPoint","urlTemplate":"https:\/\/global-hookah.com\/?s={search_term_string}"},"query-input":{"@type":"PropertyValueSpecification","valueRequired":true,"valueName":"search_term_string"}}],"inLanguage":"de"},{"@type":"Organization","@id":"https:\/\/global-hookah.com\/#organization","name":"Globale Wasserpfeife","url":"https:\/\/global-hookah.com\/","logo":{"@type":"ImageObject","inLanguage":"de","@id":"https:\/\/global-hookah.com\/#\/schema\/logo\/image\/","url":"https:\/\/global-hookah.com\/wp-content\/uploads\/2021\/10\/cropped-fgg.png","contentUrl":"https:\/\/global-hookah.com\/wp-content\/uploads\/2021\/10\/cropped-fgg.png","width":512,"height":512,"caption":"Global Hookah"},"image":{"@id":"https:\/\/global-hookah.com\/#\/schema\/logo\/image\/"}}]}},"_links":{"self":[{"href":"https:\/\/global-hookah.com\/de\/wp-json\/wp\/v2\/product\/21315","targetHints":{"allow":["GET"]}}],"collection":[{"href":"https:\/\/global-hookah.com\/de\/wp-json\/wp\/v2\/product"}],"about":[{"href":"https:\/\/global-hookah.com\/de\/wp-json\/wp\/v2\/types\/product"}],"replies":[{"embeddable":true,"href":"https:\/\/global-hookah.com\/de\/wp-json\/wp\/v2\/comments?post=21315"}],"version-history":[{"count":0,"href":"https:\/\/global-hookah.com\/de\/wp-json\/wp\/v2\/product\/21315\/revisions"}],"wp:featuredmedia":[{"embeddable":true,"href":"https:\/\/global-hookah.com\/de\/wp-json\/wp\/v2\/media\/21316"}],"wp:attachment":[{"href":"https:\/\/global-hookah.com\/de\/wp-json\/wp\/v2\/media?parent=21315"}],"wp:term":[{"taxonomy":"product_brand","embeddable":true,"href":"https:\/\/global-hookah.com\/de\/wp-json\/wp\/v2\/product_brand?post=21315"},{"taxonomy":"product_cat","embeddable":true,"href":"https:\/\/global-hookah.com\/de\/wp-json\/wp\/v2\/product_cat?post=21315"},{"taxonomy":"product_tag","embeddable":true,"href":"https:\/\/global-hookah.com\/de\/wp-json\/wp\/v2\/product_tag?post=21315"}],"curies":[{"name":"wp","href":"https:\/\/api.w.org\/{rel}","templated":true}]}}