{"id":21587,"date":"2024-04-25T03:41:09","date_gmt":"2024-04-25T03:41:09","guid":{"rendered":"https:\/\/global-hookah.com\/product\/clearance-small-plastic-hookah-kit\/"},"modified":"2024-04-25T05:33:32","modified_gmt":"2024-04-25T05:33:32","slug":"clearance-small-plastic-hookah-kit","status":"publish","type":"product","link":"https:\/\/global-hookah.com\/de\/produkt\/clearance-small-plastic-hookah-kit\/","title":{"rendered":"Clearance Small Plastic Hookah kit"},"content":{"rendered":"<div class=\"product-specs-list-container\">\n<p><strong><span style=\"font-size: 16px; font-family: 'comic sans ms', cursive;\">Beschreibung des Produkts:<\/span><\/strong><\/p>\n<\/div>\n<p><span style=\"font-size: 16px; font-family: 'comic sans ms', cursive;\">Name:Kleines Plastik-Hookah-Kit<\/span><\/p>\n<p><span style=\"font-size: 16px; font-family: 'comic sans ms', cursive;\">Farbe: schwarz, lila, gelb, gr\u00fcn, roseo, blau<\/span><\/p>\n<p><span style=\"font-size: 16px; font-family: 'comic sans ms', cursive;\">Material\uff1aKunststoff<\/span><\/p>\n<p><span style=\"font-size: 16px; font-family: 'comic sans ms', cursive;\">Gr\u00f6\u00dfe: 35 cm (hoch)<\/span><\/p>\n<p><span style=\"font-size: 16px; font-family: 'comic sans ms', cursive;\">Packliste:<\/span><\/p>\n<p><span style=\"font-size: 16px; font-family: 'comic sans ms', cursive;\">1X PCS Kunststoffsockel<\/span><\/p>\n<p><span style=\"font-size: 16px; font-family: 'comic sans ms', cursive;\">1X PCS Klassische Zange<\/span><\/p>\n<p><span style=\"font-size: 16px; font-family: 'comic sans ms', cursive;\">1X PCS Kunststoffschlauch<\/span><\/p>\n<p><span style=\"font-size: 16px; font-family: 'comic sans ms', cursive;\">1X PCS Metalltablett<\/span><\/p>\n<p><span style=\"font-size: 16px; font-family: 'comic sans ms', cursive;\">1X PCS Silikon-Schale<\/span><\/p>\n<p>&nbsp;<\/p>\n<p><span style=\"font-size: 16px; font-family: 'comic sans ms', cursive;\">Das Material ist Kunststoff, es ist leicht und klein in der Gr\u00f6\u00dfe, einfach zu montieren und zu demontieren, sehr bequem zu nehmen, ist es eine ausgezeichnete Wahl f\u00fcr Ihre Outdoor-Raucher.<\/span><\/p>\n<p><span style=\"font-size: 16px; font-family: 'comic sans ms', cursive;\">Dies ist ein gro\u00dfartiges Shisha-Kit f\u00fcr Shisha-Bars und Restaurants, das Ihnen ein gro\u00dfartiges Raucherlebnis bietet.<\/span><img decoding=\"async\" src=\"https:\/\/ae01.alicdn.com\/kf\/S6ee060eab6cb4498a14b1c3b809c067dS.jpg\" \/><img decoding=\"async\" src=\"https:\/\/ae01.alicdn.com\/kf\/S5f60e9337d8a4eb28db3d8ad1905529fm.jpg\" \/><img decoding=\"async\" src=\"https:\/\/ae01.alicdn.com\/kf\/S6de74d3065d74be9b483da469dcc0f01h.jpg\" \/><img decoding=\"async\" src=\"https:\/\/ae01.alicdn.com\/kf\/S56781208e3f74ea99ca01330a6d5c696f.jpg\" \/><img decoding=\"async\" src=\"https:\/\/ae01.alicdn.com\/kf\/S3cc984c498944f2c9cc2a3cd80d14eb6b.jpg\" \/><img decoding=\"async\" src=\"https:\/\/ae01.alicdn.com\/kf\/Sa96b0afbfd9742648345d52f147b045bq.jpg\" \/><img decoding=\"async\" src=\"https:\/\/ae01.alicdn.com\/kf\/Sb29c4528b5554361aeb92e67db64d166O.jpg\" \/><img decoding=\"async\" src=\"https:\/\/ae01.alicdn.com\/kf\/Seb05236cafeb44f5972cf818f656a78al.jpg\" \/><img decoding=\"async\" src=\"https:\/\/ae01.alicdn.com\/kf\/S6054feac85ba488abf29be6cf015a9bbv.jpg\" \/><\/p>","protected":false},"excerpt":{"rendered":"<p>Produkt Beschreibung: Name: Kleine Kunststoff Hookah Kit Farbe: schwarz, lila, gelb, gr\u00fcn, roseo, blau Material: Kunststoff Gr\u00f6\u00dfe: 35cm (hoch) Packliste: 1X PCS Plastik Basis 1X PCS Klassisch<\/p>","protected":false},"featured_media":21588,"comment_status":"closed","ping_status":"closed","template":"","meta":{"iawp_total_views":0,"_joinchat":[]},"product_brand":[],"product_cat":[119],"product_tag":[],"class_list":{"0":"post-21587","1":"product","2":"type-product","3":"status-publish","4":"has-post-thumbnail","6":"product_cat-wholesale-hookah","8":"first","9":"instock","10":"shipping-taxable","11":"purchasable","12":"product-type-variable"},"yoast_head":"<!-- This site is optimized with the Yoast SEO Premium plugin v24.7 (Yoast SEO v26.8) - https:\/\/yoast.com\/product\/yoast-seo-premium-wordpress\/ -->\n<title>Clearance Small Plastic Hookah kit - Global Hookah<\/title>\n<meta name=\"robots\" content=\"index, follow, max-snippet:-1, max-image-preview:large, max-video-preview:-1\" \/>\n<link rel=\"canonical\" href=\"https:\/\/global-hookah.com\/de\/produkt\/freigabe-kleines-plastik-hookah-kit\/\" \/>\n<meta property=\"og:locale\" content=\"de_DE\" \/>\n<meta property=\"og:type\" content=\"article\" \/>\n<meta property=\"og:title\" content=\"Clearance Small Plastic Hookah kit\" \/>\n<meta property=\"og:description\" content=\"Product Description: Name:Small Plastic Hookah Kit Color :black,purple,yellow,green,roseo,blue material\uff1aPlastic Size :35cm(high) Packing list: 1X PCS Plastic Base 1X PCS Classic\" \/>\n<meta property=\"og:url\" content=\"https:\/\/global-hookah.com\/de\/produkt\/freigabe-kleines-plastik-hookah-kit\/\" \/>\n<meta property=\"og:site_name\" content=\"Global Hookah\" \/>\n<meta property=\"article:modified_time\" content=\"2024-04-25T05:33:32+00:00\" \/>\n<meta property=\"og:image\" content=\"https:\/\/global-hookah.com\/wp-content\/uploads\/2024\/04\/kf-S4069d0f95b38409a9f1df181978bc7f1G-Small-Plastic-Hookah-kit-Colorful-Transparent-Small-Cute-Hookah-Suitable-for-Men-and-Women-Gifts-in.webp\" \/>\n\t<meta property=\"og:image:width\" content=\"1000\" \/>\n\t<meta property=\"og:image:height\" content=\"1000\" \/>\n\t<meta property=\"og:image:type\" content=\"image\/webp\" \/>\n<meta name=\"twitter:card\" content=\"summary_large_image\" \/>\n<meta name=\"twitter:label1\" content=\"Gesch\u00e4tzte Lesezeit\" \/>\n\t<meta name=\"twitter:data1\" content=\"3\u00a0Minuten\" \/>\n<script type=\"application\/ld+json\" class=\"yoast-schema-graph\">{\"@context\":\"https:\/\/schema.org\",\"@graph\":[{\"@type\":\"WebPage\",\"@id\":\"https:\/\/global-hookah.com\/de\/produkt\/freigabe-kleines-plastik-hookah-kit\/\",\"url\":\"https:\/\/global-hookah.com\/de\/produkt\/freigabe-kleines-plastik-hookah-kit\/\",\"name\":\"Clearance Small Plastic Hookah kit - Global Hookah\",\"isPartOf\":{\"@id\":\"https:\/\/global-hookah.com\/#website\"},\"primaryImageOfPage\":{\"@id\":\"https:\/\/global-hookah.com\/de\/produkt\/freigabe-kleines-plastik-hookah-kit\/#primaryimage\"},\"image\":{\"@id\":\"https:\/\/global-hookah.com\/de\/produkt\/freigabe-kleines-plastik-hookah-kit\/#primaryimage\"},\"thumbnailUrl\":\"https:\/\/global-hookah.com\/wp-content\/uploads\/2024\/04\/kf-S4069d0f95b38409a9f1df181978bc7f1G-Small-Plastic-Hookah-kit-Colorful-Transparent-Small-Cute-Hookah-Suitable-for-Men-and-Women-Gifts-in.webp\",\"datePublished\":\"2024-04-25T03:41:09+00:00\",\"dateModified\":\"2024-04-25T05:33:32+00:00\",\"breadcrumb\":{\"@id\":\"https:\/\/global-hookah.com\/de\/produkt\/freigabe-kleines-plastik-hookah-kit\/#breadcrumb\"},\"inLanguage\":\"de\",\"potentialAction\":[{\"@type\":\"ReadAction\",\"target\":[\"https:\/\/global-hookah.com\/de\/produkt\/freigabe-kleines-plastik-hookah-kit\/\"]}]},{\"@type\":\"ImageObject\",\"inLanguage\":\"de\",\"@id\":\"https:\/\/global-hookah.com\/de\/produkt\/freigabe-kleines-plastik-hookah-kit\/#primaryimage\",\"url\":\"https:\/\/global-hookah.com\/wp-content\/uploads\/2024\/04\/kf-S4069d0f95b38409a9f1df181978bc7f1G-Small-Plastic-Hookah-kit-Colorful-Transparent-Small-Cute-Hookah-Suitable-for-Men-and-Women-Gifts-in.webp\",\"contentUrl\":\"https:\/\/global-hookah.com\/wp-content\/uploads\/2024\/04\/kf-S4069d0f95b38409a9f1df181978bc7f1G-Small-Plastic-Hookah-kit-Colorful-Transparent-Small-Cute-Hookah-Suitable-for-Men-and-Women-Gifts-in.webp\",\"width\":1000,\"height\":1000,\"caption\":\"Clearance Small Plastic Hookah kit\"},{\"@type\":\"BreadcrumbList\",\"@id\":\"https:\/\/global-hookah.com\/de\/produkt\/freigabe-kleines-plastik-hookah-kit\/#breadcrumb\",\"itemListElement\":[{\"@type\":\"ListItem\",\"position\":1,\"name\":\"Home\",\"item\":\"https:\/\/global-hookah.com\/\"},{\"@type\":\"ListItem\",\"position\":2,\"name\":\"Shop\",\"item\":\"https:\/\/global-hookah.com\/shop\/\"},{\"@type\":\"ListItem\",\"position\":3,\"name\":\"Clearance Small Plastic Hookah kit\"}]},{\"@type\":\"WebSite\",\"@id\":\"https:\/\/global-hookah.com\/#website\",\"url\":\"https:\/\/global-hookah.com\/\",\"name\":\"Global Hookah\",\"description\":\"Global Hookah\",\"publisher\":{\"@id\":\"https:\/\/global-hookah.com\/#organization\"},\"potentialAction\":[{\"@type\":\"SearchAction\",\"target\":{\"@type\":\"EntryPoint\",\"urlTemplate\":\"https:\/\/global-hookah.com\/?s={search_term_string}\"},\"query-input\":{\"@type\":\"PropertyValueSpecification\",\"valueRequired\":true,\"valueName\":\"search_term_string\"}}],\"inLanguage\":\"de\"},{\"@type\":\"Organization\",\"@id\":\"https:\/\/global-hookah.com\/#organization\",\"name\":\"Global Hookah\",\"url\":\"https:\/\/global-hookah.com\/\",\"logo\":{\"@type\":\"ImageObject\",\"inLanguage\":\"de\",\"@id\":\"https:\/\/global-hookah.com\/#\/schema\/logo\/image\/\",\"url\":\"https:\/\/global-hookah.com\/wp-content\/uploads\/2021\/10\/cropped-fgg.png\",\"contentUrl\":\"https:\/\/global-hookah.com\/wp-content\/uploads\/2021\/10\/cropped-fgg.png\",\"width\":512,\"height\":512,\"caption\":\"Global Hookah\"},\"image\":{\"@id\":\"https:\/\/global-hookah.com\/#\/schema\/logo\/image\/\"}}]}<\/script>\n<!-- \/ Yoast SEO Premium plugin. -->","yoast_head_json":{"title":"Ausverkauf Kleines Plastik Wasserpfeifen-Set - Global Hookah","robots":{"index":"index","follow":"follow","max-snippet":"max-snippet:-1","max-image-preview":"max-image-preview:large","max-video-preview":"max-video-preview:-1"},"canonical":"https:\/\/global-hookah.com\/de\/produkt\/freigabe-kleines-plastik-hookah-kit\/","og_locale":"de_DE","og_type":"article","og_title":"Clearance Small Plastic Hookah kit","og_description":"Product Description: Name:Small Plastic Hookah Kit Color :black,purple,yellow,green,roseo,blue material\uff1aPlastic Size :35cm(high) Packing list: 1X PCS Plastic Base 1X PCS Classic","og_url":"https:\/\/global-hookah.com\/de\/produkt\/freigabe-kleines-plastik-hookah-kit\/","og_site_name":"Global Hookah","article_modified_time":"2024-04-25T05:33:32+00:00","og_image":[{"width":1000,"height":1000,"url":"https:\/\/global-hookah.com\/wp-content\/uploads\/2024\/04\/kf-S4069d0f95b38409a9f1df181978bc7f1G-Small-Plastic-Hookah-kit-Colorful-Transparent-Small-Cute-Hookah-Suitable-for-Men-and-Women-Gifts-in.webp","type":"image\/webp"}],"twitter_card":"summary_large_image","twitter_misc":{"Gesch\u00e4tzte Lesezeit":"3\u00a0Minuten"},"schema":{"@context":"https:\/\/schema.org","@graph":[{"@type":"WebPage","@id":"https:\/\/global-hookah.com\/de\/produkt\/freigabe-kleines-plastik-hookah-kit\/","url":"https:\/\/global-hookah.com\/de\/produkt\/freigabe-kleines-plastik-hookah-kit\/","name":"Ausverkauf Kleines Plastik Wasserpfeifen-Set - Global Hookah","isPartOf":{"@id":"https:\/\/global-hookah.com\/#website"},"primaryImageOfPage":{"@id":"https:\/\/global-hookah.com\/de\/produkt\/freigabe-kleines-plastik-hookah-kit\/#primaryimage"},"image":{"@id":"https:\/\/global-hookah.com\/de\/produkt\/freigabe-kleines-plastik-hookah-kit\/#primaryimage"},"thumbnailUrl":"https:\/\/global-hookah.com\/wp-content\/uploads\/2024\/04\/kf-S4069d0f95b38409a9f1df181978bc7f1G-Small-Plastic-Hookah-kit-Colorful-Transparent-Small-Cute-Hookah-Suitable-for-Men-and-Women-Gifts-in.webp","datePublished":"2024-04-25T03:41:09+00:00","dateModified":"2024-04-25T05:33:32+00:00","breadcrumb":{"@id":"https:\/\/global-hookah.com\/de\/produkt\/freigabe-kleines-plastik-hookah-kit\/#breadcrumb"},"inLanguage":"de","potentialAction":[{"@type":"ReadAction","target":["https:\/\/global-hookah.com\/de\/produkt\/freigabe-kleines-plastik-hookah-kit\/"]}]},{"@type":"ImageObject","inLanguage":"de","@id":"https:\/\/global-hookah.com\/de\/produkt\/freigabe-kleines-plastik-hookah-kit\/#primaryimage","url":"https:\/\/global-hookah.com\/wp-content\/uploads\/2024\/04\/kf-S4069d0f95b38409a9f1df181978bc7f1G-Small-Plastic-Hookah-kit-Colorful-Transparent-Small-Cute-Hookah-Suitable-for-Men-and-Women-Gifts-in.webp","contentUrl":"https:\/\/global-hookah.com\/wp-content\/uploads\/2024\/04\/kf-S4069d0f95b38409a9f1df181978bc7f1G-Small-Plastic-Hookah-kit-Colorful-Transparent-Small-Cute-Hookah-Suitable-for-Men-and-Women-Gifts-in.webp","width":1000,"height":1000,"caption":"Clearance Small Plastic Hookah kit"},{"@type":"BreadcrumbList","@id":"https:\/\/global-hookah.com\/de\/produkt\/freigabe-kleines-plastik-hookah-kit\/#breadcrumb","itemListElement":[{"@type":"ListItem","position":1,"name":"Home","item":"https:\/\/global-hookah.com\/"},{"@type":"ListItem","position":2,"name":"Shop","item":"https:\/\/global-hookah.com\/shop\/"},{"@type":"ListItem","position":3,"name":"Clearance Small Plastic Hookah kit"}]},{"@type":"WebSite","@id":"https:\/\/global-hookah.com\/#website","url":"https:\/\/global-hookah.com\/","name":"Globale Wasserpfeife","description":"Globale Wasserpfeife","publisher":{"@id":"https:\/\/global-hookah.com\/#organization"},"potentialAction":[{"@type":"SearchAction","target":{"@type":"EntryPoint","urlTemplate":"https:\/\/global-hookah.com\/?s={search_term_string}"},"query-input":{"@type":"PropertyValueSpecification","valueRequired":true,"valueName":"search_term_string"}}],"inLanguage":"de"},{"@type":"Organization","@id":"https:\/\/global-hookah.com\/#organization","name":"Globale Wasserpfeife","url":"https:\/\/global-hookah.com\/","logo":{"@type":"ImageObject","inLanguage":"de","@id":"https:\/\/global-hookah.com\/#\/schema\/logo\/image\/","url":"https:\/\/global-hookah.com\/wp-content\/uploads\/2021\/10\/cropped-fgg.png","contentUrl":"https:\/\/global-hookah.com\/wp-content\/uploads\/2021\/10\/cropped-fgg.png","width":512,"height":512,"caption":"Global Hookah"},"image":{"@id":"https:\/\/global-hookah.com\/#\/schema\/logo\/image\/"}}]}},"_links":{"self":[{"href":"https:\/\/global-hookah.com\/de\/wp-json\/wp\/v2\/product\/21587","targetHints":{"allow":["GET"]}}],"collection":[{"href":"https:\/\/global-hookah.com\/de\/wp-json\/wp\/v2\/product"}],"about":[{"href":"https:\/\/global-hookah.com\/de\/wp-json\/wp\/v2\/types\/product"}],"replies":[{"embeddable":true,"href":"https:\/\/global-hookah.com\/de\/wp-json\/wp\/v2\/comments?post=21587"}],"version-history":[{"count":0,"href":"https:\/\/global-hookah.com\/de\/wp-json\/wp\/v2\/product\/21587\/revisions"}],"wp:featuredmedia":[{"embeddable":true,"href":"https:\/\/global-hookah.com\/de\/wp-json\/wp\/v2\/media\/21588"}],"wp:attachment":[{"href":"https:\/\/global-hookah.com\/de\/wp-json\/wp\/v2\/media?parent=21587"}],"wp:term":[{"taxonomy":"product_brand","embeddable":true,"href":"https:\/\/global-hookah.com\/de\/wp-json\/wp\/v2\/product_brand?post=21587"},{"taxonomy":"product_cat","embeddable":true,"href":"https:\/\/global-hookah.com\/de\/wp-json\/wp\/v2\/product_cat?post=21587"},{"taxonomy":"product_tag","embeddable":true,"href":"https:\/\/global-hookah.com\/de\/wp-json\/wp\/v2\/product_tag?post=21587"}],"curies":[{"name":"wp","href":"https:\/\/api.w.org\/{rel}","templated":true}]}}