{"id":21644,"date":"2024-04-25T06:08:58","date_gmt":"2024-04-25T06:08:58","guid":{"rendered":"https:\/\/global-hookah.com\/product\/arabic-portable-small-hookah-wholesale\/"},"modified":"2024-04-25T08:19:17","modified_gmt":"2024-04-25T08:19:17","slug":"arabic-portable-small-hookah-wholesale","status":"publish","type":"product","link":"https:\/\/global-hookah.com\/de\/produkt\/arabic-portable-small-hookah-wholesale\/","title":{"rendered":"Arabische tragbare kleine Wasserpfeife Gro\u00dfhandel"},"content":{"rendered":"<p><iframe title=\"Arabisch Tragbare Kleine Wasserpfeife\" width=\"500\" height=\"281\" src=\"https:\/\/www.youtube.com\/embed\/p9Te1S9KLL0?feature=oembed\" frameborder=\"0\" allow=\"accelerometer; autoplay; clipboard-write; encrypted-media; gyroscope; picture-in-picture; web-share\" referrerpolicy=\"strict-origin-when-cross-origin\" allowfullscreen><\/iframe><\/p>\n<p align=\"start\">\n<p style=\"font-size: 14px; font-weight: 400; letter-spacing: normal; line-height: inherit; text-align: start; white-space: normal; color: #222222; margin: 0px; padding: 0px; box-sizing: border-box;\" align=\"start\"><strong>Parameter:<\/strong><\/p>\n<p style=\"font-size: 14px; font-weight: 400; letter-spacing: normal; line-height: inherit; text-align: start; white-space: normal; color: #222222; margin: 0px; padding: 0px; box-sizing: border-box;\" align=\"start\">Paketgr\u00f6\u00dfe: Etwa 23*21*12cm<br \/>\nVerwendung: Hookah Rauchen<\/p>\n<p style=\"font-size: 14px; font-weight: 400; letter-spacing: normal; line-height: inherit; text-align: start; white-space: normal; color: #222222; margin: 0px; padding: 0px; box-sizing: border-box;\" align=\"start\"><strong>Das Paket enth\u00e4lt:<\/strong><br \/>\n1 * Wasserpfeife K\u00f6rper<br \/>\n1 * Silikonschlauch<\/p>\n<p>1 * Silikon-Kristall-Rauchtopf<br \/>\n1 * Aluminium-Griff<br \/>\n1 * Kohlenstoff-Clip<br \/>\n<img decoding=\"async\" src=\"https:\/\/ae01.alicdn.com\/kf\/S1633ad0136aa4c68b84ff69e922a908es.jpg\" \/><br \/>\n<img decoding=\"async\" src=\"https:\/\/ae01.alicdn.com\/kf\/S1e216ce84f7e4acb951a8d175ca8b15bZ.jpg\" \/><br \/>\n<img decoding=\"async\" src=\"https:\/\/ae01.alicdn.com\/kf\/S92fbca5830564993aecd28d277f18158E.jpg\" \/><br \/>\n<img decoding=\"async\" src=\"https:\/\/ae01.alicdn.com\/kf\/S06d5ccf6753a44b98652503be53067ca6.jpg\" \/><br \/>\n<img decoding=\"async\" src=\"https:\/\/ae01.alicdn.com\/kf\/S9ca324dc5143418cb4074de66463478fF.jpg\" \/><br \/>\n<img decoding=\"async\" src=\"https:\/\/ae01.alicdn.com\/kf\/S7d26469093cc47fc938b9468c7c67ed3l.jpg\" \/><br \/>\n<img decoding=\"async\" src=\"https:\/\/ae01.alicdn.com\/kf\/S5190a3900e8147d196a02b78251348acd.jpg\" \/><br \/>\n<img decoding=\"async\" src=\"https:\/\/ae01.alicdn.com\/kf\/See38da68a3af441391f944b7d70f337ax.jpg\" \/><br \/>\n<img decoding=\"async\" src=\"https:\/\/ae01.alicdn.com\/kf\/Sb24d1a84bda9462da761b0907cefa190O.jpg\" \/><br \/>\n<img decoding=\"async\" src=\"https:\/\/ae01.alicdn.com\/kf\/S0bb8b2d48866414e8e169256fc51f52eT.jpg\" \/><\/p>","protected":false},"excerpt":{"rendered":"<p>Parameter: Paket Gr\u00f6\u00dfe: Etwa 23*21*12cm Verwendung: Wasserpfeife Rauchen Paket beinhaltet: 1 * Wasserpfeife K\u00f6rper 1 * Silikon Schlauch<\/p>","protected":false},"featured_media":21645,"comment_status":"closed","ping_status":"closed","template":"","meta":{"iawp_total_views":6,"_joinchat":[]},"product_brand":[],"product_cat":[559],"product_tag":[],"class_list":{"0":"post-21644","1":"product","2":"type-product","3":"status-publish","4":"has-post-thumbnail","6":"product_cat-portable-hookah-wholesale","8":"first","9":"instock","10":"shipping-taxable","11":"product-type-external"},"yoast_head":"<!-- This site is optimized with the Yoast SEO Premium plugin v24.7 (Yoast SEO v26.8) - https:\/\/yoast.com\/product\/yoast-seo-premium-wordpress\/ -->\n<title>Arabic Portable Small Hookah Wholesale - Global Hookah<\/title>\n<meta name=\"robots\" content=\"index, follow, max-snippet:-1, max-image-preview:large, max-video-preview:-1\" \/>\n<link rel=\"canonical\" href=\"https:\/\/global-hookah.com\/de\/producto\/narguile-arabe-portatil-pequeno-al-por-mayor\/\" \/>\n<meta property=\"og:locale\" content=\"de_DE\" \/>\n<meta property=\"og:type\" content=\"article\" \/>\n<meta property=\"og:title\" content=\"Arabic Portable Small Hookah Wholesale\" \/>\n<meta property=\"og:description\" content=\"Parameter: Package Size : About 23*21*12cm Use : Hookah Smoking Package Includes: 1 * Hookah Body 1 * Silicone Tube\" \/>\n<meta property=\"og:url\" content=\"https:\/\/global-hookah.com\/de\/producto\/narguile-arabe-portatil-pequeno-al-por-mayor\/\" \/>\n<meta property=\"og:site_name\" content=\"Global Hookah\" \/>\n<meta property=\"article:modified_time\" content=\"2024-04-25T08:19:17+00:00\" \/>\n<meta property=\"og:image\" content=\"https:\/\/global-hookah.com\/wp-content\/uploads\/2024\/04\/kf-Se7c68122afc14463b49a012e1b0d2d10F-Arabic-Hookah-Portable-Shisha-Hookah-Set-Diamond-Small-Steel-Cannon-Desktop-Shisha-for-Car-Chicha-Holder.webp\" \/>\n\t<meta property=\"og:image:width\" content=\"900\" \/>\n\t<meta property=\"og:image:height\" content=\"900\" \/>\n\t<meta property=\"og:image:type\" content=\"image\/webp\" \/>\n<meta name=\"twitter:card\" content=\"summary_large_image\" \/>\n<meta name=\"twitter:label1\" content=\"Gesch\u00e4tzte Lesezeit\" \/>\n\t<meta name=\"twitter:data1\" content=\"3\u00a0Minuten\" \/>\n<script type=\"application\/ld+json\" class=\"yoast-schema-graph\">{\"@context\":\"https:\/\/schema.org\",\"@graph\":[{\"@type\":\"WebPage\",\"@id\":\"https:\/\/global-hookah.com\/es\/producto\/narguile-arabe-portatil-pequeno-al-por-mayor\/\",\"url\":\"https:\/\/global-hookah.com\/es\/producto\/narguile-arabe-portatil-pequeno-al-por-mayor\/\",\"name\":\"Arabic Portable Small Hookah Wholesale - Global Hookah\",\"isPartOf\":{\"@id\":\"https:\/\/global-hookah.com\/#website\"},\"primaryImageOfPage\":{\"@id\":\"https:\/\/global-hookah.com\/es\/producto\/narguile-arabe-portatil-pequeno-al-por-mayor\/#primaryimage\"},\"image\":{\"@id\":\"https:\/\/global-hookah.com\/es\/producto\/narguile-arabe-portatil-pequeno-al-por-mayor\/#primaryimage\"},\"thumbnailUrl\":\"https:\/\/global-hookah.com\/wp-content\/uploads\/2024\/04\/kf-Se7c68122afc14463b49a012e1b0d2d10F-Arabic-Hookah-Portable-Shisha-Hookah-Set-Diamond-Small-Steel-Cannon-Desktop-Shisha-for-Car-Chicha-Holder.webp\",\"datePublished\":\"2024-04-25T06:08:58+00:00\",\"dateModified\":\"2024-04-25T08:19:17+00:00\",\"breadcrumb\":{\"@id\":\"https:\/\/global-hookah.com\/es\/producto\/narguile-arabe-portatil-pequeno-al-por-mayor\/#breadcrumb\"},\"inLanguage\":\"de\",\"potentialAction\":[{\"@type\":\"ReadAction\",\"target\":[\"https:\/\/global-hookah.com\/es\/producto\/narguile-arabe-portatil-pequeno-al-por-mayor\/\"]}]},{\"@type\":\"ImageObject\",\"inLanguage\":\"de\",\"@id\":\"https:\/\/global-hookah.com\/es\/producto\/narguile-arabe-portatil-pequeno-al-por-mayor\/#primaryimage\",\"url\":\"https:\/\/global-hookah.com\/wp-content\/uploads\/2024\/04\/kf-Se7c68122afc14463b49a012e1b0d2d10F-Arabic-Hookah-Portable-Shisha-Hookah-Set-Diamond-Small-Steel-Cannon-Desktop-Shisha-for-Car-Chicha-Holder.webp\",\"contentUrl\":\"https:\/\/global-hookah.com\/wp-content\/uploads\/2024\/04\/kf-Se7c68122afc14463b49a012e1b0d2d10F-Arabic-Hookah-Portable-Shisha-Hookah-Set-Diamond-Small-Steel-Cannon-Desktop-Shisha-for-Car-Chicha-Holder.webp\",\"width\":900,\"height\":900,\"caption\":\"Arabic Portable Small Hookah Wholesale\"},{\"@type\":\"BreadcrumbList\",\"@id\":\"https:\/\/global-hookah.com\/es\/producto\/narguile-arabe-portatil-pequeno-al-por-mayor\/#breadcrumb\",\"itemListElement\":[{\"@type\":\"ListItem\",\"position\":1,\"name\":\"Home\",\"item\":\"https:\/\/global-hookah.com\/\"},{\"@type\":\"ListItem\",\"position\":2,\"name\":\"Shop\",\"item\":\"https:\/\/global-hookah.com\/shop\/\"},{\"@type\":\"ListItem\",\"position\":3,\"name\":\"Arabic Portable Small Hookah Wholesale\"}]},{\"@type\":\"WebSite\",\"@id\":\"https:\/\/global-hookah.com\/#website\",\"url\":\"https:\/\/global-hookah.com\/\",\"name\":\"Global Hookah\",\"description\":\"Global Hookah\",\"publisher\":{\"@id\":\"https:\/\/global-hookah.com\/#organization\"},\"potentialAction\":[{\"@type\":\"SearchAction\",\"target\":{\"@type\":\"EntryPoint\",\"urlTemplate\":\"https:\/\/global-hookah.com\/?s={search_term_string}\"},\"query-input\":{\"@type\":\"PropertyValueSpecification\",\"valueRequired\":true,\"valueName\":\"search_term_string\"}}],\"inLanguage\":\"de\"},{\"@type\":\"Organization\",\"@id\":\"https:\/\/global-hookah.com\/#organization\",\"name\":\"Global Hookah\",\"url\":\"https:\/\/global-hookah.com\/\",\"logo\":{\"@type\":\"ImageObject\",\"inLanguage\":\"de\",\"@id\":\"https:\/\/global-hookah.com\/#\/schema\/logo\/image\/\",\"url\":\"https:\/\/global-hookah.com\/wp-content\/uploads\/2021\/10\/cropped-fgg.png\",\"contentUrl\":\"https:\/\/global-hookah.com\/wp-content\/uploads\/2021\/10\/cropped-fgg.png\",\"width\":512,\"height\":512,\"caption\":\"Global Hookah\"},\"image\":{\"@id\":\"https:\/\/global-hookah.com\/#\/schema\/logo\/image\/\"}}]}<\/script>\n<!-- \/ Yoast SEO Premium plugin. -->","yoast_head_json":{"title":"Arabische tragbare kleine Wasserpfeife Gro\u00dfhandel - Global Hookah","robots":{"index":"index","follow":"follow","max-snippet":"max-snippet:-1","max-image-preview":"max-image-preview:large","max-video-preview":"max-video-preview:-1"},"canonical":"https:\/\/global-hookah.com\/de\/producto\/narguile-arabe-portatil-pequeno-al-por-mayor\/","og_locale":"de_DE","og_type":"article","og_title":"Arabic Portable Small Hookah Wholesale","og_description":"Parameter: Package Size : About 23*21*12cm Use : Hookah Smoking Package Includes: 1 * Hookah Body 1 * Silicone Tube","og_url":"https:\/\/global-hookah.com\/de\/producto\/narguile-arabe-portatil-pequeno-al-por-mayor\/","og_site_name":"Global Hookah","article_modified_time":"2024-04-25T08:19:17+00:00","og_image":[{"width":900,"height":900,"url":"https:\/\/global-hookah.com\/wp-content\/uploads\/2024\/04\/kf-Se7c68122afc14463b49a012e1b0d2d10F-Arabic-Hookah-Portable-Shisha-Hookah-Set-Diamond-Small-Steel-Cannon-Desktop-Shisha-for-Car-Chicha-Holder.webp","type":"image\/webp"}],"twitter_card":"summary_large_image","twitter_misc":{"Gesch\u00e4tzte Lesezeit":"3\u00a0Minuten"},"schema":{"@context":"https:\/\/schema.org","@graph":[{"@type":"WebPage","@id":"https:\/\/global-hookah.com\/es\/producto\/narguile-arabe-portatil-pequeno-al-por-mayor\/","url":"https:\/\/global-hookah.com\/es\/producto\/narguile-arabe-portatil-pequeno-al-por-mayor\/","name":"Arabische tragbare kleine Wasserpfeife Gro\u00dfhandel - Global Hookah","isPartOf":{"@id":"https:\/\/global-hookah.com\/#website"},"primaryImageOfPage":{"@id":"https:\/\/global-hookah.com\/es\/producto\/narguile-arabe-portatil-pequeno-al-por-mayor\/#primaryimage"},"image":{"@id":"https:\/\/global-hookah.com\/es\/producto\/narguile-arabe-portatil-pequeno-al-por-mayor\/#primaryimage"},"thumbnailUrl":"https:\/\/global-hookah.com\/wp-content\/uploads\/2024\/04\/kf-Se7c68122afc14463b49a012e1b0d2d10F-Arabic-Hookah-Portable-Shisha-Hookah-Set-Diamond-Small-Steel-Cannon-Desktop-Shisha-for-Car-Chicha-Holder.webp","datePublished":"2024-04-25T06:08:58+00:00","dateModified":"2024-04-25T08:19:17+00:00","breadcrumb":{"@id":"https:\/\/global-hookah.com\/es\/producto\/narguile-arabe-portatil-pequeno-al-por-mayor\/#breadcrumb"},"inLanguage":"de","potentialAction":[{"@type":"ReadAction","target":["https:\/\/global-hookah.com\/es\/producto\/narguile-arabe-portatil-pequeno-al-por-mayor\/"]}]},{"@type":"ImageObject","inLanguage":"de","@id":"https:\/\/global-hookah.com\/es\/producto\/narguile-arabe-portatil-pequeno-al-por-mayor\/#primaryimage","url":"https:\/\/global-hookah.com\/wp-content\/uploads\/2024\/04\/kf-Se7c68122afc14463b49a012e1b0d2d10F-Arabic-Hookah-Portable-Shisha-Hookah-Set-Diamond-Small-Steel-Cannon-Desktop-Shisha-for-Car-Chicha-Holder.webp","contentUrl":"https:\/\/global-hookah.com\/wp-content\/uploads\/2024\/04\/kf-Se7c68122afc14463b49a012e1b0d2d10F-Arabic-Hookah-Portable-Shisha-Hookah-Set-Diamond-Small-Steel-Cannon-Desktop-Shisha-for-Car-Chicha-Holder.webp","width":900,"height":900,"caption":"Arabic Portable Small Hookah Wholesale"},{"@type":"BreadcrumbList","@id":"https:\/\/global-hookah.com\/es\/producto\/narguile-arabe-portatil-pequeno-al-por-mayor\/#breadcrumb","itemListElement":[{"@type":"ListItem","position":1,"name":"Home","item":"https:\/\/global-hookah.com\/"},{"@type":"ListItem","position":2,"name":"Shop","item":"https:\/\/global-hookah.com\/shop\/"},{"@type":"ListItem","position":3,"name":"Arabic Portable Small Hookah Wholesale"}]},{"@type":"WebSite","@id":"https:\/\/global-hookah.com\/#website","url":"https:\/\/global-hookah.com\/","name":"Globale Wasserpfeife","description":"Globale Wasserpfeife","publisher":{"@id":"https:\/\/global-hookah.com\/#organization"},"potentialAction":[{"@type":"SearchAction","target":{"@type":"EntryPoint","urlTemplate":"https:\/\/global-hookah.com\/?s={search_term_string}"},"query-input":{"@type":"PropertyValueSpecification","valueRequired":true,"valueName":"search_term_string"}}],"inLanguage":"de"},{"@type":"Organization","@id":"https:\/\/global-hookah.com\/#organization","name":"Globale Wasserpfeife","url":"https:\/\/global-hookah.com\/","logo":{"@type":"ImageObject","inLanguage":"de","@id":"https:\/\/global-hookah.com\/#\/schema\/logo\/image\/","url":"https:\/\/global-hookah.com\/wp-content\/uploads\/2021\/10\/cropped-fgg.png","contentUrl":"https:\/\/global-hookah.com\/wp-content\/uploads\/2021\/10\/cropped-fgg.png","width":512,"height":512,"caption":"Global Hookah"},"image":{"@id":"https:\/\/global-hookah.com\/#\/schema\/logo\/image\/"}}]}},"_links":{"self":[{"href":"https:\/\/global-hookah.com\/de\/wp-json\/wp\/v2\/product\/21644","targetHints":{"allow":["GET"]}}],"collection":[{"href":"https:\/\/global-hookah.com\/de\/wp-json\/wp\/v2\/product"}],"about":[{"href":"https:\/\/global-hookah.com\/de\/wp-json\/wp\/v2\/types\/product"}],"replies":[{"embeddable":true,"href":"https:\/\/global-hookah.com\/de\/wp-json\/wp\/v2\/comments?post=21644"}],"version-history":[{"count":0,"href":"https:\/\/global-hookah.com\/de\/wp-json\/wp\/v2\/product\/21644\/revisions"}],"wp:featuredmedia":[{"embeddable":true,"href":"https:\/\/global-hookah.com\/de\/wp-json\/wp\/v2\/media\/21645"}],"wp:attachment":[{"href":"https:\/\/global-hookah.com\/de\/wp-json\/wp\/v2\/media?parent=21644"}],"wp:term":[{"taxonomy":"product_brand","embeddable":true,"href":"https:\/\/global-hookah.com\/de\/wp-json\/wp\/v2\/product_brand?post=21644"},{"taxonomy":"product_cat","embeddable":true,"href":"https:\/\/global-hookah.com\/de\/wp-json\/wp\/v2\/product_cat?post=21644"},{"taxonomy":"product_tag","embeddable":true,"href":"https:\/\/global-hookah.com\/de\/wp-json\/wp\/v2\/product_tag?post=21644"}],"curies":[{"name":"wp","href":"https:\/\/api.w.org\/{rel}","templated":true}]}}