{"id":21664,"date":"2024-04-25T06:14:33","date_gmt":"2024-04-25T06:14:33","guid":{"rendered":"https:\/\/global-hookah.com\/product\/customizable-large-hookah-with-4-hoses\/"},"modified":"2024-04-25T07:44:44","modified_gmt":"2024-04-25T07:44:44","slug":"customizable-large-hookah-with-4-hoses","status":"publish","type":"product","link":"https:\/\/global-hookah.com\/de\/produkt\/customizable-large-hookah-with-4-hoses\/","title":{"rendered":"Anpassbare gro\u00dfe Wasserpfeife mit 4 Schl\u00e4uchen"},"content":{"rendered":"<div style=\"font-family: 'Open Sans', Roboto, Arial, Helvetica, sans-serif, SimSun; font-size: 14px; font-weight: 400; letter-spacing: normal; text-align: start; white-space: normal; color: #222222; margin: 0px; padding: 0px; box-sizing: content-box;\" align=\"start\">\n<p style=\"line-height: inherit; margin: 0px; padding: 0px; box-sizing: border-box;\"><span style=\"background-color: #ffffff; color: #000000; font-size: 18px; font-family: 'Open Sans', Roboto, Arial, Helvetica, sans-serif, SimSun;\"><br \/>\nMaterial:Glas+Metall+Keramik<br \/>\nTyp:4 Schl\u00e4uche<br \/>\nFarbe:Schwarz,Blau,Rot,Gelb<br \/>\nGesamth\u00f6he: Etwa 52CM\/20.47\u2033<br \/>\nBoden-Durchmesser: Etwa 12,5CM\/4,92\u2033<br \/>\nVerwendung:Shihsa Pipe&amp; Zubeh\u00f6r<br \/>\nGeeigneter Ort: Zuhause, Bar, Club, Hochzeit, Party, Reisen, Outdoor.<\/span><\/p>\n<\/div>\n<p style=\"font-family: 'Open Sans', Roboto, Arial, Helvetica, sans-serif, SimSun; font-size: 14px; font-weight: 400; letter-spacing: normal; line-height: inherit; text-align: start; white-space: normal; color: #222222; margin: 0px; padding: 0px; box-sizing: border-box;\" align=\"start\"><span style=\"background-color: #ffffff; color: #000000; font-size: 18px; font-family: 'Open Sans', Roboto, Arial, Helvetica, sans-serif, SimSun;\"><br \/>\nPackliste:<br \/>\n1PC*Hookah Base(Inklusive notwendigem Zubeh\u00f6r wie Foto zeigt)<br \/>\n1PC* Keramik-Schale<br \/>\n4PCS* Schl\u00e4uche aus Kunstleder<br \/>\n1PC* Metall-Kohlezange<br \/>\n<\/span><\/p>\n<p>&nbsp;<\/p>\n<p><img decoding=\"async\" class=\"desc-img-loaded\" style=\"font-family: Tahoma, Arial, \u5b8b\u4f53, sans-serif; font-size: 12px; font-weight: 400; letter-spacing: normal; text-align: start; white-space: normal; color: #333333; background-color: #ffffff; border: 0px; margin: 0px; padding: 0px; display: block; max-width: 790px; width: 790px; height: auto; box-sizing: border-box;\" src=\"https:\/\/cbu01.alicdn.com\/img\/ibank\/O1CN01cpUmxI23khjPKgQWM_!!2201231717294-0-cib.jpg\" usemap=\"#_sdmap_2\" width=\"790px\" height=\"auto\" \/><img decoding=\"async\" class=\"desc-img-loaded\" style=\"font-family: Tahoma, Arial, \u5b8b\u4f53, sans-serif; font-size: 12px; font-weight: 400; letter-spacing: normal; text-align: start; white-space: normal; color: #333333; background-color: #ffffff; border: 0px; margin: 0px; padding: 0px; display: block; max-width: 790px; width: 790px; height: auto; box-sizing: border-box;\" src=\"https:\/\/cbu01.alicdn.com\/img\/ibank\/O1CN01WKsBMf23khjRQOjBn_!!2201231717294-0-cib.jpg\" usemap=\"#_sdmap_3\" width=\"790px\" height=\"auto\" \/><img decoding=\"async\" class=\"desc-img-loaded\" style=\"font-family: Tahoma, Arial, \u5b8b\u4f53, sans-serif; font-size: 12px; font-weight: 400; letter-spacing: normal; text-align: start; white-space: normal; color: #333333; background-color: #ffffff; border: 0px; margin: 0px; padding: 0px; display: block; max-width: 790px; width: 790px; height: auto; box-sizing: border-box;\" src=\"https:\/\/cbu01.alicdn.com\/img\/ibank\/O1CN01MO1KHh23khjUOJJeh_!!2201231717294-0-cib.jpg\" usemap=\"#_sdmap_4\" width=\"790px\" height=\"auto\" \/><img decoding=\"async\" class=\"desc-img-loaded\" style=\"font-family: Tahoma, Arial, \u5b8b\u4f53, sans-serif; font-size: 12px; font-weight: 400; letter-spacing: normal; text-align: start; white-space: normal; color: #333333; background-color: #ffffff; border: 0px; margin: 0px; padding: 0px; display: block; max-width: 790px; width: 790px; height: auto; box-sizing: border-box;\" src=\"https:\/\/cbu01.alicdn.com\/img\/ibank\/O1CN01cSm6wv23khjRmMxTQ_!!2201231717294-0-cib.jpg\" usemap=\"#_sdmap_5\" width=\"790px\" height=\"auto\" \/><img decoding=\"async\" class=\"desc-img-loaded\" style=\"font-family: Tahoma, Arial, \u5b8b\u4f53, sans-serif; font-size: 12px; font-weight: 400; letter-spacing: normal; text-align: start; white-space: normal; color: #333333; background-color: #ffffff; border: 0px; margin: 0px; padding: 0px; display: block; max-width: 790px; width: 790px; height: auto; box-sizing: border-box;\" src=\"https:\/\/cbu01.alicdn.com\/img\/ibank\/O1CN01vTFiJY23khjRQNzTT_!!2201231717294-0-cib.jpg\" usemap=\"#_sdmap_6\" width=\"790px\" height=\"auto\" \/><img decoding=\"async\" class=\"desc-img-loaded\" style=\"font-family: Tahoma, Arial, \u5b8b\u4f53, sans-serif; font-size: 12px; font-weight: 400; letter-spacing: normal; text-align: start; white-space: normal; color: #333333; background-color: #ffffff; border: 0px; margin: 0px; padding: 0px; display: block; max-width: 790px; width: 790px; height: auto; box-sizing: border-box;\" src=\"https:\/\/cbu01.alicdn.com\/img\/ibank\/O1CN01uYGuKV23khjOZmMV4_!!2201231717294-0-cib.jpg\" usemap=\"#_sdmap_7\" width=\"790px\" height=\"auto\" \/><img decoding=\"async\" class=\"desc-img-loaded\" style=\"font-family: Tahoma, Arial, \u5b8b\u4f53, sans-serif; font-size: 12px; font-weight: 400; letter-spacing: normal; text-align: start; white-space: normal; color: #333333; background-color: #ffffff; border: 0px; margin: 0px; padding: 0px; display: block; max-width: 790px; width: 790px; height: auto; box-sizing: border-box;\" src=\"https:\/\/cbu01.alicdn.com\/img\/ibank\/O1CN01QHwf2k23khjPKftFi_!!2201231717294-0-cib.jpg\" usemap=\"#_sdmap_8\" width=\"790px\" height=\"auto\" \/><img decoding=\"async\" class=\"desc-img-loaded\" style=\"font-family: Tahoma, Arial, \u5b8b\u4f53, sans-serif; font-size: 12px; font-weight: 400; letter-spacing: normal; text-align: start; white-space: normal; color: #333333; background-color: #ffffff; border: 0px; margin: 0px; padding: 0px; display: block; max-width: 790px; width: 790px; height: auto; box-sizing: border-box;\" src=\"https:\/\/cbu01.alicdn.com\/img\/ibank\/O1CN01n30IqM23khjRQMqmg_!!2201231717294-0-cib.jpg\" usemap=\"#_sdmap_9\" width=\"790px\" height=\"auto\" \/><img decoding=\"async\" class=\"desc-img-loaded\" style=\"font-family: Tahoma, Arial, \u5b8b\u4f53, sans-serif; font-size: 12px; font-weight: 400; letter-spacing: normal; text-align: start; white-space: normal; color: #333333; background-color: #ffffff; border: 0px; margin: 0px; padding: 0px; display: block; max-width: 790px; width: 790px; height: auto; box-sizing: border-box;\" src=\"https:\/\/cbu01.alicdn.com\/img\/ibank\/O1CN01QJAPlz23khjOZltOp_!!2201231717294-0-cib.jpg\" usemap=\"#_sdmap_10\" width=\"790px\" height=\"auto\" \/><img decoding=\"async\" class=\"desc-img-loaded\" style=\"font-family: Tahoma, Arial, \u5b8b\u4f53, sans-serif; font-size: 12px; font-weight: 400; letter-spacing: normal; text-align: start; white-space: normal; color: #333333; background-color: #ffffff; border: 0px; margin: 0px; padding: 0px; display: block; max-width: 790px; width: 790px; height: auto; box-sizing: border-box;\" src=\"https:\/\/cbu01.alicdn.com\/img\/ibank\/O1CN01MzFuNk23khjOZkt2c_!!2201231717294-0-cib.jpg\" usemap=\"#_sdmap_11\" width=\"790px\" height=\"auto\" \/><img decoding=\"async\" class=\"desc-img-loaded\" style=\"font-family: Tahoma, Arial, \u5b8b\u4f53, sans-serif; font-size: 12px; font-weight: 400; letter-spacing: normal; text-align: start; white-space: normal; color: #333333; background-color: #ffffff; border: 0px; margin: 0px; padding: 0px; display: block; max-width: 790px; width: 790px; height: auto; box-sizing: border-box;\" src=\"https:\/\/cbu01.alicdn.com\/img\/ibank\/O1CN01JEhapU23khjTDpo3L_!!2201231717294-0-cib.jpg\" usemap=\"#_sdmap_12\" width=\"790px\" height=\"auto\" \/><\/p>\n<p>&nbsp;<\/p>","protected":false},"excerpt":{"rendered":"<p>Material:Glas+Metall+Keramik Typ:4 Schl\u00e4uche Farbe:Schwarz,Blau,Rot,Gelb Gesamth\u00f6he:Ungef\u00e4hr 52CM\/20.47\u2033 Boden-Durchmesser:Ungef\u00e4hr 12.5CM\/4.92\u2033 Verwendung:Shihsa Pfeife&amp;Zubeh\u00f6r Geeigneter Ort:Zuhause,Bar,Club,Hochzeit,Party,Reisen,Outdoor. Packliste: 1PC*Hookah Base(Inklusive notwendiger<\/p>","protected":false},"featured_media":21665,"comment_status":"closed","ping_status":"closed","template":"","meta":{"iawp_total_views":3,"_joinchat":[]},"product_brand":[],"product_cat":[560,119],"product_tag":[],"class_list":{"0":"post-21664","1":"product","2":"type-product","3":"status-publish","4":"has-post-thumbnail","6":"product_cat-glass-hookah-wholesale","7":"product_cat-wholesale-hookah","9":"first","10":"instock","11":"shipping-taxable","12":"product-type-external"},"yoast_head":"<!-- This site is optimized with the Yoast SEO Premium plugin v24.7 (Yoast SEO v26.8) - https:\/\/yoast.com\/product\/yoast-seo-premium-wordpress\/ -->\n<title>Customizable Large Hookah With 4 Hoses - Global Hookah<\/title>\n<meta name=\"robots\" content=\"index, follow, max-snippet:-1, max-image-preview:large, max-video-preview:-1\" \/>\n<link rel=\"canonical\" href=\"https:\/\/global-hookah.com\/de\/producto\/narguile-grande-personalizable-con-4-mangueras\/\" \/>\n<meta property=\"og:locale\" content=\"de_DE\" \/>\n<meta property=\"og:type\" content=\"article\" \/>\n<meta property=\"og:title\" content=\"Customizable Large Hookah With 4 Hoses\" \/>\n<meta property=\"og:description\" content=\"Material:Glass+Metal+Ceramic Type:4 Hoses Color:Black,Blue,Red,Yellow Total Height:About 52CM\/20.47&#8243; Bottom Diameter:About 12.5CM\/4.92&#8243; Use:Shihsa Pipe&amp; Accessories Suitable Place:Home,Bar,Club,Wedding,Party,Travel,Outdoor. Packing List: 1PC*Hookah Base(Including necessary\" \/>\n<meta property=\"og:url\" content=\"https:\/\/global-hookah.com\/de\/producto\/narguile-grande-personalizable-con-4-mangueras\/\" \/>\n<meta property=\"og:site_name\" content=\"Global Hookah\" \/>\n<meta property=\"article:modified_time\" content=\"2024-04-25T07:44:44+00:00\" \/>\n<meta property=\"og:image\" content=\"https:\/\/global-hookah.com\/wp-content\/uploads\/2024\/04\/kf-Sfdad9d777ce2414b8f1a120acecfc238l-New-Bar-Shisha-Pipe-Set-4-Hoses-Glass-Hookah-Pipa-Narguile-Complete-Chicha-Cachimba-Hooka-Sisha.webp\" \/>\n\t<meta property=\"og:image:width\" content=\"1920\" \/>\n\t<meta property=\"og:image:height\" content=\"1920\" \/>\n\t<meta property=\"og:image:type\" content=\"image\/webp\" \/>\n<meta name=\"twitter:card\" content=\"summary_large_image\" \/>\n<meta name=\"twitter:label1\" content=\"Gesch\u00e4tzte Lesezeit\" \/>\n\t<meta name=\"twitter:data1\" content=\"3\u00a0Minuten\" \/>\n<script type=\"application\/ld+json\" class=\"yoast-schema-graph\">{\"@context\":\"https:\/\/schema.org\",\"@graph\":[{\"@type\":\"WebPage\",\"@id\":\"https:\/\/global-hookah.com\/es\/producto\/narguile-grande-personalizable-con-4-mangueras\/\",\"url\":\"https:\/\/global-hookah.com\/es\/producto\/narguile-grande-personalizable-con-4-mangueras\/\",\"name\":\"Customizable Large Hookah With 4 Hoses - Global Hookah\",\"isPartOf\":{\"@id\":\"https:\/\/global-hookah.com\/#website\"},\"primaryImageOfPage\":{\"@id\":\"https:\/\/global-hookah.com\/es\/producto\/narguile-grande-personalizable-con-4-mangueras\/#primaryimage\"},\"image\":{\"@id\":\"https:\/\/global-hookah.com\/es\/producto\/narguile-grande-personalizable-con-4-mangueras\/#primaryimage\"},\"thumbnailUrl\":\"https:\/\/global-hookah.com\/wp-content\/uploads\/2024\/04\/kf-Sfdad9d777ce2414b8f1a120acecfc238l-New-Bar-Shisha-Pipe-Set-4-Hoses-Glass-Hookah-Pipa-Narguile-Complete-Chicha-Cachimba-Hooka-Sisha.webp\",\"datePublished\":\"2024-04-25T06:14:33+00:00\",\"dateModified\":\"2024-04-25T07:44:44+00:00\",\"breadcrumb\":{\"@id\":\"https:\/\/global-hookah.com\/es\/producto\/narguile-grande-personalizable-con-4-mangueras\/#breadcrumb\"},\"inLanguage\":\"de\",\"potentialAction\":[{\"@type\":\"ReadAction\",\"target\":[\"https:\/\/global-hookah.com\/es\/producto\/narguile-grande-personalizable-con-4-mangueras\/\"]}]},{\"@type\":\"ImageObject\",\"inLanguage\":\"de\",\"@id\":\"https:\/\/global-hookah.com\/es\/producto\/narguile-grande-personalizable-con-4-mangueras\/#primaryimage\",\"url\":\"https:\/\/global-hookah.com\/wp-content\/uploads\/2024\/04\/kf-Sfdad9d777ce2414b8f1a120acecfc238l-New-Bar-Shisha-Pipe-Set-4-Hoses-Glass-Hookah-Pipa-Narguile-Complete-Chicha-Cachimba-Hooka-Sisha.webp\",\"contentUrl\":\"https:\/\/global-hookah.com\/wp-content\/uploads\/2024\/04\/kf-Sfdad9d777ce2414b8f1a120acecfc238l-New-Bar-Shisha-Pipe-Set-4-Hoses-Glass-Hookah-Pipa-Narguile-Complete-Chicha-Cachimba-Hooka-Sisha.webp\",\"width\":1920,\"height\":1920,\"caption\":\"Customizable Large Hookah With 4 Hoses\"},{\"@type\":\"BreadcrumbList\",\"@id\":\"https:\/\/global-hookah.com\/es\/producto\/narguile-grande-personalizable-con-4-mangueras\/#breadcrumb\",\"itemListElement\":[{\"@type\":\"ListItem\",\"position\":1,\"name\":\"Home\",\"item\":\"https:\/\/global-hookah.com\/\"},{\"@type\":\"ListItem\",\"position\":2,\"name\":\"Shop\",\"item\":\"https:\/\/global-hookah.com\/shop\/\"},{\"@type\":\"ListItem\",\"position\":3,\"name\":\"Customizable Large Hookah With 4 Hoses\"}]},{\"@type\":\"WebSite\",\"@id\":\"https:\/\/global-hookah.com\/#website\",\"url\":\"https:\/\/global-hookah.com\/\",\"name\":\"Global Hookah\",\"description\":\"Global Hookah\",\"publisher\":{\"@id\":\"https:\/\/global-hookah.com\/#organization\"},\"potentialAction\":[{\"@type\":\"SearchAction\",\"target\":{\"@type\":\"EntryPoint\",\"urlTemplate\":\"https:\/\/global-hookah.com\/?s={search_term_string}\"},\"query-input\":{\"@type\":\"PropertyValueSpecification\",\"valueRequired\":true,\"valueName\":\"search_term_string\"}}],\"inLanguage\":\"de\"},{\"@type\":\"Organization\",\"@id\":\"https:\/\/global-hookah.com\/#organization\",\"name\":\"Global Hookah\",\"url\":\"https:\/\/global-hookah.com\/\",\"logo\":{\"@type\":\"ImageObject\",\"inLanguage\":\"de\",\"@id\":\"https:\/\/global-hookah.com\/#\/schema\/logo\/image\/\",\"url\":\"https:\/\/global-hookah.com\/wp-content\/uploads\/2021\/10\/cropped-fgg.png\",\"contentUrl\":\"https:\/\/global-hookah.com\/wp-content\/uploads\/2021\/10\/cropped-fgg.png\",\"width\":512,\"height\":512,\"caption\":\"Global Hookah\"},\"image\":{\"@id\":\"https:\/\/global-hookah.com\/#\/schema\/logo\/image\/\"}}]}<\/script>\n<!-- \/ Yoast SEO Premium plugin. -->","yoast_head_json":{"title":"Anpassbare gro\u00dfe Wasserpfeife mit 4 Schl\u00e4uchen - Global Hookah","robots":{"index":"index","follow":"follow","max-snippet":"max-snippet:-1","max-image-preview":"max-image-preview:large","max-video-preview":"max-video-preview:-1"},"canonical":"https:\/\/global-hookah.com\/de\/producto\/narguile-grande-personalizable-con-4-mangueras\/","og_locale":"de_DE","og_type":"article","og_title":"Customizable Large Hookah With 4 Hoses","og_description":"Material:Glass+Metal+Ceramic Type:4 Hoses Color:Black,Blue,Red,Yellow Total Height:About 52CM\/20.47&#8243; Bottom Diameter:About 12.5CM\/4.92&#8243; Use:Shihsa Pipe&amp; Accessories Suitable Place:Home,Bar,Club,Wedding,Party,Travel,Outdoor. Packing List: 1PC*Hookah Base(Including necessary","og_url":"https:\/\/global-hookah.com\/de\/producto\/narguile-grande-personalizable-con-4-mangueras\/","og_site_name":"Global Hookah","article_modified_time":"2024-04-25T07:44:44+00:00","og_image":[{"width":1920,"height":1920,"url":"https:\/\/global-hookah.com\/wp-content\/uploads\/2024\/04\/kf-Sfdad9d777ce2414b8f1a120acecfc238l-New-Bar-Shisha-Pipe-Set-4-Hoses-Glass-Hookah-Pipa-Narguile-Complete-Chicha-Cachimba-Hooka-Sisha.webp","type":"image\/webp"}],"twitter_card":"summary_large_image","twitter_misc":{"Gesch\u00e4tzte Lesezeit":"3\u00a0Minuten"},"schema":{"@context":"https:\/\/schema.org","@graph":[{"@type":"WebPage","@id":"https:\/\/global-hookah.com\/es\/producto\/narguile-grande-personalizable-con-4-mangueras\/","url":"https:\/\/global-hookah.com\/es\/producto\/narguile-grande-personalizable-con-4-mangueras\/","name":"Anpassbare gro\u00dfe Wasserpfeife mit 4 Schl\u00e4uchen - Global Hookah","isPartOf":{"@id":"https:\/\/global-hookah.com\/#website"},"primaryImageOfPage":{"@id":"https:\/\/global-hookah.com\/es\/producto\/narguile-grande-personalizable-con-4-mangueras\/#primaryimage"},"image":{"@id":"https:\/\/global-hookah.com\/es\/producto\/narguile-grande-personalizable-con-4-mangueras\/#primaryimage"},"thumbnailUrl":"https:\/\/global-hookah.com\/wp-content\/uploads\/2024\/04\/kf-Sfdad9d777ce2414b8f1a120acecfc238l-New-Bar-Shisha-Pipe-Set-4-Hoses-Glass-Hookah-Pipa-Narguile-Complete-Chicha-Cachimba-Hooka-Sisha.webp","datePublished":"2024-04-25T06:14:33+00:00","dateModified":"2024-04-25T07:44:44+00:00","breadcrumb":{"@id":"https:\/\/global-hookah.com\/es\/producto\/narguile-grande-personalizable-con-4-mangueras\/#breadcrumb"},"inLanguage":"de","potentialAction":[{"@type":"ReadAction","target":["https:\/\/global-hookah.com\/es\/producto\/narguile-grande-personalizable-con-4-mangueras\/"]}]},{"@type":"ImageObject","inLanguage":"de","@id":"https:\/\/global-hookah.com\/es\/producto\/narguile-grande-personalizable-con-4-mangueras\/#primaryimage","url":"https:\/\/global-hookah.com\/wp-content\/uploads\/2024\/04\/kf-Sfdad9d777ce2414b8f1a120acecfc238l-New-Bar-Shisha-Pipe-Set-4-Hoses-Glass-Hookah-Pipa-Narguile-Complete-Chicha-Cachimba-Hooka-Sisha.webp","contentUrl":"https:\/\/global-hookah.com\/wp-content\/uploads\/2024\/04\/kf-Sfdad9d777ce2414b8f1a120acecfc238l-New-Bar-Shisha-Pipe-Set-4-Hoses-Glass-Hookah-Pipa-Narguile-Complete-Chicha-Cachimba-Hooka-Sisha.webp","width":1920,"height":1920,"caption":"Customizable Large Hookah With 4 Hoses"},{"@type":"BreadcrumbList","@id":"https:\/\/global-hookah.com\/es\/producto\/narguile-grande-personalizable-con-4-mangueras\/#breadcrumb","itemListElement":[{"@type":"ListItem","position":1,"name":"Home","item":"https:\/\/global-hookah.com\/"},{"@type":"ListItem","position":2,"name":"Shop","item":"https:\/\/global-hookah.com\/shop\/"},{"@type":"ListItem","position":3,"name":"Customizable Large Hookah With 4 Hoses"}]},{"@type":"WebSite","@id":"https:\/\/global-hookah.com\/#website","url":"https:\/\/global-hookah.com\/","name":"Globale Wasserpfeife","description":"Globale Wasserpfeife","publisher":{"@id":"https:\/\/global-hookah.com\/#organization"},"potentialAction":[{"@type":"SearchAction","target":{"@type":"EntryPoint","urlTemplate":"https:\/\/global-hookah.com\/?s={search_term_string}"},"query-input":{"@type":"PropertyValueSpecification","valueRequired":true,"valueName":"search_term_string"}}],"inLanguage":"de"},{"@type":"Organization","@id":"https:\/\/global-hookah.com\/#organization","name":"Globale Wasserpfeife","url":"https:\/\/global-hookah.com\/","logo":{"@type":"ImageObject","inLanguage":"de","@id":"https:\/\/global-hookah.com\/#\/schema\/logo\/image\/","url":"https:\/\/global-hookah.com\/wp-content\/uploads\/2021\/10\/cropped-fgg.png","contentUrl":"https:\/\/global-hookah.com\/wp-content\/uploads\/2021\/10\/cropped-fgg.png","width":512,"height":512,"caption":"Global Hookah"},"image":{"@id":"https:\/\/global-hookah.com\/#\/schema\/logo\/image\/"}}]}},"_links":{"self":[{"href":"https:\/\/global-hookah.com\/de\/wp-json\/wp\/v2\/product\/21664","targetHints":{"allow":["GET"]}}],"collection":[{"href":"https:\/\/global-hookah.com\/de\/wp-json\/wp\/v2\/product"}],"about":[{"href":"https:\/\/global-hookah.com\/de\/wp-json\/wp\/v2\/types\/product"}],"replies":[{"embeddable":true,"href":"https:\/\/global-hookah.com\/de\/wp-json\/wp\/v2\/comments?post=21664"}],"version-history":[{"count":0,"href":"https:\/\/global-hookah.com\/de\/wp-json\/wp\/v2\/product\/21664\/revisions"}],"wp:featuredmedia":[{"embeddable":true,"href":"https:\/\/global-hookah.com\/de\/wp-json\/wp\/v2\/media\/21665"}],"wp:attachment":[{"href":"https:\/\/global-hookah.com\/de\/wp-json\/wp\/v2\/media?parent=21664"}],"wp:term":[{"taxonomy":"product_brand","embeddable":true,"href":"https:\/\/global-hookah.com\/de\/wp-json\/wp\/v2\/product_brand?post=21664"},{"taxonomy":"product_cat","embeddable":true,"href":"https:\/\/global-hookah.com\/de\/wp-json\/wp\/v2\/product_cat?post=21664"},{"taxonomy":"product_tag","embeddable":true,"href":"https:\/\/global-hookah.com\/de\/wp-json\/wp\/v2\/product_tag?post=21664"}],"curies":[{"name":"wp","href":"https:\/\/api.w.org\/{rel}","templated":true}]}}