{"id":21679,"date":"2024-04-25T06:15:58","date_gmt":"2024-04-25T06:15:58","guid":{"rendered":"https:\/\/global-hookah.com\/product\/bulk-custom-blue-hookah-with-led-light\/"},"modified":"2024-04-25T07:36:05","modified_gmt":"2024-04-25T07:36:05","slug":"bulk-custom-blue-hookah-with-led-light","status":"publish","type":"product","link":"https:\/\/global-hookah.com\/de\/produkt\/bulk-custom-blue-hookah-with-led-light\/","title":{"rendered":"Bulk Custom Blue Wasserpfeife mit Led-Licht"},"content":{"rendered":"<div data-elementor-type=\"wp-post\" data-elementor-id=\"21679\" class=\"elementor elementor-21679\">\n\t\t\t\t\t\t<section class=\"elementor-section elementor-top-section elementor-element elementor-element-1f2731c elementor-section-boxed elementor-section-height-default elementor-section-height-default\" data-id=\"1f2731c\" data-element_type=\"section\" data-e-type=\"section\">\n\t\t\t\t\t\t<div class=\"elementor-container elementor-column-gap-default\">\n\t\t\t\t\t<div class=\"elementor-column elementor-col-100 elementor-top-column elementor-element elementor-element-4610e48\" data-id=\"4610e48\" data-element_type=\"column\" data-e-type=\"column\">\n\t\t\t<div class=\"elementor-widget-wrap elementor-element-populated\">\n\t\t\t\t\t\t<div class=\"elementor-element elementor-element-b9f7dea elementor-widget elementor-widget-video\" data-id=\"b9f7dea\" data-element_type=\"widget\" data-e-type=\"widget\" data-settings=\"{&quot;youtube_url&quot;:&quot;https:\\\/\\\/youtu.be\\\/3YkZD2yBS7s&quot;,&quot;video_type&quot;:&quot;youtube&quot;,&quot;controls&quot;:&quot;yes&quot;}\" data-widget_type=\"video.default\">\n\t\t\t\t<div class=\"elementor-widget-container\">\n\t\t\t\t\t\t\t<div class=\"elementor-wrapper elementor-open-inline\">\n\t\t\t<div class=\"elementor-video\"><\/div>\t\t<\/div>\n\t\t\t\t\t\t<\/div>\n\t\t\t\t<\/div>\n\t\t\t\t\t<\/div>\n\t\t<\/div>\n\t\t\t\t\t<\/div>\n\t\t<\/section>\n\t\t\t\t<section class=\"elementor-section elementor-top-section elementor-element elementor-element-76cb854b elementor-section-boxed elementor-section-height-default elementor-section-height-default\" data-id=\"76cb854b\" data-element_type=\"section\" data-e-type=\"section\">\n\t\t\t\t\t\t<div class=\"elementor-container elementor-column-gap-default\">\n\t\t\t\t\t<div class=\"elementor-column elementor-col-100 elementor-top-column elementor-element elementor-element-5d63e7bd\" data-id=\"5d63e7bd\" data-element_type=\"column\" data-e-type=\"column\">\n\t\t\t<div class=\"elementor-widget-wrap elementor-element-populated\">\n\t\t\t\t\t\t<div class=\"elementor-element elementor-element-4bab09ce color-scheme-inherit text-left elementor-widget elementor-widget-text-editor\" data-id=\"4bab09ce\" data-element_type=\"widget\" data-e-type=\"widget\" data-widget_type=\"text-editor.default\">\n\t\t\t\t<div class=\"elementor-widget-container\">\n\t\t\t\t\t\t\t\t\t<div class=\"detailmodule_html\"><div class=\"detail-desc-decorate-richtext\"><p><span style=\"color: #e74c3c;\"><span style=\"font-size: 18px;\"><span style=\"background-color: #ffffff;\"><span style=\"font-family: arial, helvetica, sans-serif;\"><strong>Spezifikation:<\/strong><\/span><\/span><\/span><\/span><br \/><span style=\"font-size: 14px;\"><span style=\"color: #333333;\"><span style=\"font-family: 'pingfang SC', 'helvetica neue', arial, 'hiragino sans gb', 'microsoft yahei ui', 'microsoft yahei', simsun, sans-serif;\"><span style=\"font-size: 10.5pt;\"><span style=\"background-color: #ffffff;\"><span style=\"font-family: Arial;\"><span style=\"color: #000000;\">\u2606 Material:Kunststoff+Metall<br \/><span style=\"font-size: 14px;\"><span style=\"color: #333333;\"><span style=\"font-family: 'pingfang SC', 'helvetica neue', arial, 'hiragino sans gb', 'microsoft yahei ui', 'microsoft yahei', simsun, sans-serif;\"><span style=\"font-size: 10.5pt;\"><span style=\"background-color: #ffffff;\"><span style=\"font-family: Arial;\"><span style=\"color: #000000;\">\u2606 Produktspezifikationen:Viskose,Magnet<\/span><\/span><\/span><\/span><\/span><\/span><\/span><br \/>\u2606 NW:245g<br \/><span style=\"font-size: 14px;\"><span style=\"color: #333333;\"><span style=\"font-family: 'pingfang SC', 'helvetica neue', arial, 'hiragino sans gb', 'microsoft yahei ui', 'microsoft yahei', simsun, sans-serif;\"><span style=\"font-size: 10.5pt;\"><span style=\"background-color: #ffffff;\"><span style=\"font-family: Arial;\"><span style=\"color: #000000;\">\u2606 Gr\u00f6\u00dfe:16*16*3cm<\/span><\/span><\/span><\/span><\/span><\/span><\/span><\/span><\/span><\/span><\/span><\/span><\/span><\/span><br \/><span style=\"font-size: 10.5pt;\"><span style=\"background-color: #ffffff;\"><span style=\"font-family: Arial;\"><span style=\"color: #000000;\">\u2606 Verwendung :Raucherbedarf<\/span><br \/><span style=\"color: #e74c3c;\"><span style=\"font-size: 18px;\"><span style=\"font-family: Arial,Helvetica,sans-serif;\"><strong>Das Paket enth\u00e4lt:<\/strong><\/span><\/span><\/span><span style=\"color: #000000;\"><br \/><span style=\"font-size: 10.5pt;\"><span style=\"background-color: #ffffff;\"><span style=\"font-family: Arial;\"><span style=\"color: #000000;\">\u2606\u00a0<\/span><\/span><\/span><\/span>LED-Lampe<br \/><span style=\"font-size: 10.5pt;\"><span style=\"background-color: #ffffff;\"><span style=\"font-family: Arial;\"><span style=\"color: #000000;\">\u2606 Kontrollieren<\/span><\/span><\/span><\/span><br \/><span style=\"font-size: 10.5pt;\"><span style=\"background-color: #ffffff;\"><span style=\"font-family: Arial;\"><span style=\"color: #000000;\">\u2606 Ladeger\u00e4t<\/span><\/span><\/span><\/span><br \/><span style=\"font-size: 10.5pt;\"><span style=\"background-color: #ffffff;\"><span style=\"font-family: Arial;\"><span style=\"color: #000000;\">\u2606\u00a0<\/span><\/span><\/span><\/span>Magent oder Viskose<\/span><\/span><\/span><\/span>\u00a0<span style=\"color: #e74c3c;\">(Auswahl je nach gekauftem Produkt)<\/span><span style=\"font-size: 10.5pt;\"><span style=\"background-color: #ffffff;\"><span style=\"font-family: Arial;\"><span style=\"color: #000000;\"><br \/><span style=\"font-size: 10.5pt;\"><span style=\"background-color: #ffffff;\"><span style=\"font-family: Arial;\"><span style=\"color: #000000;\"><span style=\"font-size: 10.5pt;\"><span style=\"background-color: #ffffff;\"><span style=\"font-family: Arial;\"><span style=\"color: #000000;\">\u2606 Farbkasten<\/span><\/span><\/span><\/span><\/span><\/span><\/span><\/span><\/span><\/span><\/span><\/span><br \/><span style=\"color: #e74c3c;\"><strong><span style=\"font-size: 18px;\"><span style=\"background-color: #ffffff;\"><span style=\"font-family: arial, helvetica, sans-serif;\"><span style=\"font-family: Arial, Helvetica, sans-serif;\">Anmerkung:<\/span><\/span><\/span><\/span><\/strong><\/span><span style=\"font-size: 14px;\"><span style=\"background-color: #ffffff;\"><span style=\"color: #000000;\"><span style=\"font-family: arial, helvetica, sans-serif;\"><br \/>1.please allow 0-1cm Fehler durch manuelle Messung. pls stellen Sie sicher, dass Sie nichts dagegen haben, bevor Sie bieten.<br \/>2. aufgrund des Unterschieds zwischen verschiedenen Monitoren, kann das Bild nicht die tats\u00e4chliche Farbe des Artikels widerspiegeln. Dankesch\u00f6n<\/span><\/span><\/span><\/span><\/p><p><img decoding=\"async\" src=\"https:\/\/ae01.alicdn.com\/kf\/S066e38913b7642f5b7e893af25275dac3.jpg?width=800&amp;height=800&amp;hash=1600\" \/><img decoding=\"async\" src=\"https:\/\/ae01.alicdn.com\/kf\/S5d21a30df9154db3a1ab29b8734bb3f26.jpg?width=800&amp;height=800&amp;hash=1600\" \/><img decoding=\"async\" src=\"https:\/\/ae01.alicdn.com\/kf\/Se7e1568b90754f61b999f795ccffedf1K.jpg?width=800&amp;height=800&amp;hash=1600\" \/><img decoding=\"async\" src=\"https:\/\/ae01.alicdn.com\/kf\/S41601259a92e4b9ebb6ff64703cfd81fw.jpg?width=800&amp;height=800&amp;hash=1600\" \/><img decoding=\"async\" src=\"https:\/\/ae01.alicdn.com\/kf\/Sfd98091c523b42859306589162cbd9836.jpg?width=800&amp;height=800&amp;hash=1600\" \/><img decoding=\"async\" src=\"https:\/\/ae01.alicdn.com\/kf\/S9c909c6ce1a247d4bda7cefd8fcf56aei.jpg?width=1100&amp;height=1100&amp;hash=2200\" \/><img decoding=\"async\" src=\"https:\/\/ae01.alicdn.com\/kf\/S9841fc620f334f25906484fc715d09efJ.jpg?width=500&amp;height=500&amp;hash=1000\" \/><img decoding=\"async\" src=\"https:\/\/ae01.alicdn.com\/kf\/S7fe0e2db52e44b0eb52b7357deb9c2cdl.jpg?width=480&amp;height=642&amp;hash=1122\" \/><img decoding=\"async\" src=\"https:\/\/ae01.alicdn.com\/kf\/S7bced48433214b2ba4905511146e21dfA.jpg?width=750&amp;height=795&amp;hash=1545\" \/><img decoding=\"async\" src=\"https:\/\/ae01.alicdn.com\/kf\/S9c93e95b8c6243f49741059d721f12f4o.jpg?width=600&amp;height=600&amp;hash=1200\" \/><img decoding=\"async\" src=\"https:\/\/ae01.alicdn.com\/kf\/Sfeb9db4bffd541099f14575a3a448083z.jpg?width=600&amp;height=600&amp;hash=1200\" \/><img decoding=\"async\" src=\"https:\/\/ae01.alicdn.com\/kf\/S8b7cebb3f2f44fac814e0c4bcdc895adS.jpg?width=800&amp;height=800&amp;hash=1600\" \/><img decoding=\"async\" src=\"https:\/\/ae01.alicdn.com\/kf\/S17b7396482f94ecc8a112aaaa888946d6.jpg?width=1000&amp;height=1000&amp;hash=2000\" \/><img decoding=\"async\" src=\"https:\/\/ae01.alicdn.com\/kf\/S92a2e9d826104b46a60ab57aa6e565bah.jpg?width=1000&amp;height=1000&amp;hash=2000\" \/><img decoding=\"async\" src=\"https:\/\/ae01.alicdn.com\/kf\/Sd045f2f1e81742c5aedfb8c93330c0e64.jpg?width=750&amp;height=648&amp;hash=1398\" \/><\/p><p style=\"text-align: center; margin: 5pt 0pt 5pt 0pt;\" align=\"center\"><strong><span class=\"15\" style=\"font-size: 24pt;\"><span style=\"background-color: #68bc00;\"><span style=\"color: #000000;\"><span style=\"font-family: 'Comic Sans MS';\">MOONSHADE Rauchen<\/span><\/span><\/span><\/span><\/strong><\/p><p style=\"text-align: justify; margin: 5pt 0pt 5pt 0pt;\" align=\"justify\"><span style=\"background-color: #ffffff;\"><span style=\"color: #000000;\"><span style=\"font-size: 14px;\"><span style=\"font-family: arial, helvetica, sans-serif;\">1. Unterst\u00fctzung f\u00fcr Gro\u00dfhandel, Dropshipping, Logo Customize, OEM! <\/span><\/span><\/span><\/span><\/p><p style=\"text-align: justify; margin: 5pt 0pt 5pt 0pt;\" align=\"justify\"><span style=\"background-color: #ffffff;\"><span style=\"color: #000000;\"><span style=\"font-size: 14px;\"><span style=\"font-family: arial, helvetica, sans-serif;\">2. +Folgen Sie dem Gesch\u00e4ft und erhalten Sie Rabatte oder Gutscheine <\/span><\/span><\/span><\/span><\/p><p style=\"text-align: justify; margin: 5pt 0pt 5pt 0pt;\" align=\"justify\"><span style=\"background-color: #ffffff;\"><span style=\"color: #000000;\"><span style=\"font-size: 14px;\"><span style=\"font-family: arial, helvetica, sans-serif;\">3. \u00dcber Farbe: Ein Teil der Produkte werden zuf\u00e4llige Farbe gesendet, um schnelle Versandgeschwindigkeit beizubehalten (wenn Sie welche Farbe w\u00fcnschen, lassen Sie bitte Anmerkung oder Nachricht) <\/span><\/span><\/span><\/span><\/p><p style=\"text-align: justify; margin: 5pt 0pt 5pt 0pt;\" align=\"justify\"><span style=\"background-color: #ffffff;\"><span style=\"color: #000000;\"><span style=\"font-size: 14px;\"><span style=\"font-family: arial, helvetica, sans-serif;\">4. \u00dcber Stecker: Egal, welches Land Sie sind aus, wir alle senden Sie Standard-Konvertierung Stecker passt Ihre nationale. <\/span><\/span><\/span><\/span><\/p><p style=\"text-align: justify; margin: 5pt 0pt 5pt 0pt;\" align=\"justify\"><span style=\"background-color: #ffffff;\"><span style=\"color: #000000;\"><span style=\"font-size: 14px;\"><span style=\"font-family: arial, helvetica, sans-serif;\">5. Wir garantieren, die Ware innerhalb von 24 Stunden nach Zahlungsbest\u00e4tigung zu versenden, au\u00dfer an Feiertagen <\/span><\/span><\/span><\/span><\/p><p style=\"text-align: justify; margin: 5pt 0pt 5pt 0pt;\" align=\"justify\"><span style=\"background-color: #ffffff;\"><span style=\"color: #000000;\"><span style=\"font-size: 14px;\"><span style=\"font-family: arial, helvetica, sans-serif;\">6. Wir versenden durch AliExpress Standard Versand, DHL, Fedex, haupts\u00e4chlich entsprechend der Versandmethode Ihrer Wahl. <\/span><\/span><\/span><\/span><\/p><p style=\"text-align: justify; margin: 5pt 0pt 5pt 0pt;\" align=\"justify\"><span style=\"background-color: #ffffff;\"><span style=\"color: #000000;\"><span style=\"font-size: 14px;\"><span style=\"font-family: arial, helvetica, sans-serif;\">7. Wir haben reiche Versanderfahrung, Sie werden keine Probleme mit dem Zoll haben, bitte 100% Garantie glauben Sie uns. <\/span><\/span><\/span><\/span><\/p><p style=\"text-align: justify; margin: 5pt 0pt 5pt 0pt;\" align=\"justify\"><span style=\"background-color: #ffffff;\"><span style=\"color: #000000;\"><span style=\"font-size: 14px;\"><span style=\"font-family: arial, helvetica, sans-serif;\">8. Wenn Sie das Element nach 15-45 Tagen nicht erhalten haben, z\u00f6gern Sie nicht, uns zu kontaktieren.Wir werden uns bem\u00fchen, das Problem zu l\u00f6sen.Return &amp; Refund:Wenn irgendeine Frage \u00fcber Einzelteile, nehmen Sie bitte Fotos oder Videos, kontaktieren Sie uns, um wieder zu senden, R\u00fcckkehr oder R\u00fcckerstattung, brauchen Sie nicht \u00f6ffnen den Streit oder review.Warranty:100% Genuine und Qualit\u00e4tssicherung! Alle Artikel haben 1-3 Jahre Garantie.<\/span><\/span><\/span><\/span><\/p><\/div><\/div>\t\t\t\t\t\t\t\t<\/div>\n\t\t\t\t<\/div>\n\t\t\t\t\t<\/div>\n\t\t<\/div>\n\t\t\t\t\t<\/div>\n\t\t<\/section>\n\t\t\t\t<\/div>","protected":false},"excerpt":{"rendered":"<p>Spezifikation: \u2606 Material:Kunststoff+Metall \u2606 Produktspezifikationen:Viskose,Magnet \u2606 NW:245g \u2606 Gr\u00f6\u00dfe:16*16*3cm \u2606 Verwendung:Raucherzubeh\u00f6r Paket beinhaltet: \u2606 LED-Lampe \u2606 Steuerger\u00e4t \u2606<\/p>","protected":false},"featured_media":21680,"comment_status":"closed","ping_status":"closed","template":"","meta":{"iawp_total_views":0,"_joinchat":[]},"product_brand":[],"product_cat":[560],"product_tag":[],"class_list":{"0":"post-21679","1":"product","2":"type-product","3":"status-publish","4":"has-post-thumbnail","6":"product_cat-glass-hookah-wholesale","8":"first","9":"instock","10":"shipping-taxable","11":"product-type-external"},"yoast_head":"<!-- This site is optimized with the Yoast SEO Premium plugin v24.7 (Yoast SEO v26.8) - https:\/\/yoast.com\/product\/yoast-seo-premium-wordpress\/ -->\n<title>Bulk Custom Blue Hookah With Led Light - Global Hookah<\/title>\n<meta name=\"robots\" content=\"index, follow, max-snippet:-1, max-image-preview:large, max-video-preview:-1\" \/>\n<link rel=\"canonical\" href=\"https:\/\/global-hookah.com\/de\/produkt\/bulk-benutzerdefinierte-blaue-wasserpfeife-mit-led-licht\/\" \/>\n<meta property=\"og:locale\" content=\"de_DE\" \/>\n<meta property=\"og:type\" content=\"article\" \/>\n<meta property=\"og:title\" content=\"Bulk Custom Blue Hookah With Led Light\" \/>\n<meta property=\"og:description\" content=\"Specification: \u2606 Material:Plastic+Metal \u2606\u00a0Product Specifications:Viscose,Magnet \u2606 NW:245g \u2606 Size:16*16*3cm \u2606 Use :Smoking supplies Package Includes: \u2606\u00a0LED Lamp \u2606 Controllre \u2606\" \/>\n<meta property=\"og:url\" content=\"https:\/\/global-hookah.com\/de\/produkt\/bulk-benutzerdefinierte-blaue-wasserpfeife-mit-led-licht\/\" \/>\n<meta property=\"og:site_name\" content=\"Global Hookah\" \/>\n<meta property=\"article:modified_time\" content=\"2024-04-25T07:36:05+00:00\" \/>\n<meta property=\"og:image\" content=\"https:\/\/global-hookah.com\/wp-content\/uploads\/2024\/04\/kf-Sd80ba9f49c0d462083b20a03b2755fb5l-JUSES-S-Hookah-LED-Ring-Light-Rechargeable-RGB-Colorful-Shisha-Lamp-Grid-Round-Hole-Buckle-Nightclub.webp\" \/>\n\t<meta property=\"og:image:width\" content=\"1000\" \/>\n\t<meta property=\"og:image:height\" content=\"1000\" \/>\n\t<meta property=\"og:image:type\" content=\"image\/webp\" \/>\n<meta name=\"twitter:card\" content=\"summary_large_image\" \/>\n<meta name=\"twitter:label1\" content=\"Gesch\u00e4tzte Lesezeit\" \/>\n\t<meta name=\"twitter:data1\" content=\"5\u00a0Minuten\" \/>\n<script type=\"application\/ld+json\" class=\"yoast-schema-graph\">{\"@context\":\"https:\/\/schema.org\",\"@graph\":[{\"@type\":\"WebPage\",\"@id\":\"https:\/\/global-hookah.com\/de\/produkt\/bulk-benutzerdefinierte-blaue-wasserpfeife-mit-led-licht\/\",\"url\":\"https:\/\/global-hookah.com\/de\/produkt\/bulk-benutzerdefinierte-blaue-wasserpfeife-mit-led-licht\/\",\"name\":\"Bulk Custom Blue Hookah With Led Light - Global Hookah\",\"isPartOf\":{\"@id\":\"https:\/\/global-hookah.com\/#website\"},\"primaryImageOfPage\":{\"@id\":\"https:\/\/global-hookah.com\/de\/produkt\/bulk-benutzerdefinierte-blaue-wasserpfeife-mit-led-licht\/#primaryimage\"},\"image\":{\"@id\":\"https:\/\/global-hookah.com\/de\/produkt\/bulk-benutzerdefinierte-blaue-wasserpfeife-mit-led-licht\/#primaryimage\"},\"thumbnailUrl\":\"https:\/\/global-hookah.com\/wp-content\/uploads\/2024\/04\/kf-Sd80ba9f49c0d462083b20a03b2755fb5l-JUSES-S-Hookah-LED-Ring-Light-Rechargeable-RGB-Colorful-Shisha-Lamp-Grid-Round-Hole-Buckle-Nightclub.webp\",\"datePublished\":\"2024-04-25T06:15:58+00:00\",\"dateModified\":\"2024-04-25T07:36:05+00:00\",\"breadcrumb\":{\"@id\":\"https:\/\/global-hookah.com\/de\/produkt\/bulk-benutzerdefinierte-blaue-wasserpfeife-mit-led-licht\/#breadcrumb\"},\"inLanguage\":\"de\",\"potentialAction\":[{\"@type\":\"ReadAction\",\"target\":[\"https:\/\/global-hookah.com\/de\/produkt\/bulk-benutzerdefinierte-blaue-wasserpfeife-mit-led-licht\/\"]}]},{\"@type\":\"ImageObject\",\"inLanguage\":\"de\",\"@id\":\"https:\/\/global-hookah.com\/de\/produkt\/bulk-benutzerdefinierte-blaue-wasserpfeife-mit-led-licht\/#primaryimage\",\"url\":\"https:\/\/global-hookah.com\/wp-content\/uploads\/2024\/04\/kf-Sd80ba9f49c0d462083b20a03b2755fb5l-JUSES-S-Hookah-LED-Ring-Light-Rechargeable-RGB-Colorful-Shisha-Lamp-Grid-Round-Hole-Buckle-Nightclub.webp\",\"contentUrl\":\"https:\/\/global-hookah.com\/wp-content\/uploads\/2024\/04\/kf-Sd80ba9f49c0d462083b20a03b2755fb5l-JUSES-S-Hookah-LED-Ring-Light-Rechargeable-RGB-Colorful-Shisha-Lamp-Grid-Round-Hole-Buckle-Nightclub.webp\",\"width\":1000,\"height\":1000,\"caption\":\"Bulk Custom Blue Hookah With Led Light\"},{\"@type\":\"BreadcrumbList\",\"@id\":\"https:\/\/global-hookah.com\/de\/produkt\/bulk-benutzerdefinierte-blaue-wasserpfeife-mit-led-licht\/#breadcrumb\",\"itemListElement\":[{\"@type\":\"ListItem\",\"position\":1,\"name\":\"Home\",\"item\":\"https:\/\/global-hookah.com\/\"},{\"@type\":\"ListItem\",\"position\":2,\"name\":\"Shop\",\"item\":\"https:\/\/global-hookah.com\/shop\/\"},{\"@type\":\"ListItem\",\"position\":3,\"name\":\"Bulk Custom Blue Hookah With Led Light\"}]},{\"@type\":\"WebSite\",\"@id\":\"https:\/\/global-hookah.com\/#website\",\"url\":\"https:\/\/global-hookah.com\/\",\"name\":\"Global Hookah\",\"description\":\"Global Hookah\",\"publisher\":{\"@id\":\"https:\/\/global-hookah.com\/#organization\"},\"potentialAction\":[{\"@type\":\"SearchAction\",\"target\":{\"@type\":\"EntryPoint\",\"urlTemplate\":\"https:\/\/global-hookah.com\/?s={search_term_string}\"},\"query-input\":{\"@type\":\"PropertyValueSpecification\",\"valueRequired\":true,\"valueName\":\"search_term_string\"}}],\"inLanguage\":\"de\"},{\"@type\":\"Organization\",\"@id\":\"https:\/\/global-hookah.com\/#organization\",\"name\":\"Global Hookah\",\"url\":\"https:\/\/global-hookah.com\/\",\"logo\":{\"@type\":\"ImageObject\",\"inLanguage\":\"de\",\"@id\":\"https:\/\/global-hookah.com\/#\/schema\/logo\/image\/\",\"url\":\"https:\/\/global-hookah.com\/wp-content\/uploads\/2021\/10\/cropped-fgg.png\",\"contentUrl\":\"https:\/\/global-hookah.com\/wp-content\/uploads\/2021\/10\/cropped-fgg.png\",\"width\":512,\"height\":512,\"caption\":\"Global Hookah\"},\"image\":{\"@id\":\"https:\/\/global-hookah.com\/#\/schema\/logo\/image\/\"}}]}<\/script>\n<!-- \/ Yoast SEO Premium plugin. -->","yoast_head_json":{"title":"Bulk Custom Blue Wasserpfeife mit Led-Licht - Global Hookah","robots":{"index":"index","follow":"follow","max-snippet":"max-snippet:-1","max-image-preview":"max-image-preview:large","max-video-preview":"max-video-preview:-1"},"canonical":"https:\/\/global-hookah.com\/de\/produkt\/bulk-benutzerdefinierte-blaue-wasserpfeife-mit-led-licht\/","og_locale":"de_DE","og_type":"article","og_title":"Bulk Custom Blue Hookah With Led Light","og_description":"Specification: \u2606 Material:Plastic+Metal \u2606\u00a0Product Specifications:Viscose,Magnet \u2606 NW:245g \u2606 Size:16*16*3cm \u2606 Use :Smoking supplies Package Includes: \u2606\u00a0LED Lamp \u2606 Controllre \u2606","og_url":"https:\/\/global-hookah.com\/de\/produkt\/bulk-benutzerdefinierte-blaue-wasserpfeife-mit-led-licht\/","og_site_name":"Global Hookah","article_modified_time":"2024-04-25T07:36:05+00:00","og_image":[{"width":1000,"height":1000,"url":"https:\/\/global-hookah.com\/wp-content\/uploads\/2024\/04\/kf-Sd80ba9f49c0d462083b20a03b2755fb5l-JUSES-S-Hookah-LED-Ring-Light-Rechargeable-RGB-Colorful-Shisha-Lamp-Grid-Round-Hole-Buckle-Nightclub.webp","type":"image\/webp"}],"twitter_card":"summary_large_image","twitter_misc":{"Gesch\u00e4tzte Lesezeit":"5\u00a0Minuten"},"schema":{"@context":"https:\/\/schema.org","@graph":[{"@type":"WebPage","@id":"https:\/\/global-hookah.com\/de\/produkt\/bulk-benutzerdefinierte-blaue-wasserpfeife-mit-led-licht\/","url":"https:\/\/global-hookah.com\/de\/produkt\/bulk-benutzerdefinierte-blaue-wasserpfeife-mit-led-licht\/","name":"Bulk Custom Blue Wasserpfeife mit Led-Licht - Global Hookah","isPartOf":{"@id":"https:\/\/global-hookah.com\/#website"},"primaryImageOfPage":{"@id":"https:\/\/global-hookah.com\/de\/produkt\/bulk-benutzerdefinierte-blaue-wasserpfeife-mit-led-licht\/#primaryimage"},"image":{"@id":"https:\/\/global-hookah.com\/de\/produkt\/bulk-benutzerdefinierte-blaue-wasserpfeife-mit-led-licht\/#primaryimage"},"thumbnailUrl":"https:\/\/global-hookah.com\/wp-content\/uploads\/2024\/04\/kf-Sd80ba9f49c0d462083b20a03b2755fb5l-JUSES-S-Hookah-LED-Ring-Light-Rechargeable-RGB-Colorful-Shisha-Lamp-Grid-Round-Hole-Buckle-Nightclub.webp","datePublished":"2024-04-25T06:15:58+00:00","dateModified":"2024-04-25T07:36:05+00:00","breadcrumb":{"@id":"https:\/\/global-hookah.com\/de\/produkt\/bulk-benutzerdefinierte-blaue-wasserpfeife-mit-led-licht\/#breadcrumb"},"inLanguage":"de","potentialAction":[{"@type":"ReadAction","target":["https:\/\/global-hookah.com\/de\/produkt\/bulk-benutzerdefinierte-blaue-wasserpfeife-mit-led-licht\/"]}]},{"@type":"ImageObject","inLanguage":"de","@id":"https:\/\/global-hookah.com\/de\/produkt\/bulk-benutzerdefinierte-blaue-wasserpfeife-mit-led-licht\/#primaryimage","url":"https:\/\/global-hookah.com\/wp-content\/uploads\/2024\/04\/kf-Sd80ba9f49c0d462083b20a03b2755fb5l-JUSES-S-Hookah-LED-Ring-Light-Rechargeable-RGB-Colorful-Shisha-Lamp-Grid-Round-Hole-Buckle-Nightclub.webp","contentUrl":"https:\/\/global-hookah.com\/wp-content\/uploads\/2024\/04\/kf-Sd80ba9f49c0d462083b20a03b2755fb5l-JUSES-S-Hookah-LED-Ring-Light-Rechargeable-RGB-Colorful-Shisha-Lamp-Grid-Round-Hole-Buckle-Nightclub.webp","width":1000,"height":1000,"caption":"Bulk Custom Blue Hookah With Led Light"},{"@type":"BreadcrumbList","@id":"https:\/\/global-hookah.com\/de\/produkt\/bulk-benutzerdefinierte-blaue-wasserpfeife-mit-led-licht\/#breadcrumb","itemListElement":[{"@type":"ListItem","position":1,"name":"Home","item":"https:\/\/global-hookah.com\/"},{"@type":"ListItem","position":2,"name":"Shop","item":"https:\/\/global-hookah.com\/shop\/"},{"@type":"ListItem","position":3,"name":"Bulk Custom Blue Hookah With Led Light"}]},{"@type":"WebSite","@id":"https:\/\/global-hookah.com\/#website","url":"https:\/\/global-hookah.com\/","name":"Globale Wasserpfeife","description":"Globale Wasserpfeife","publisher":{"@id":"https:\/\/global-hookah.com\/#organization"},"potentialAction":[{"@type":"SearchAction","target":{"@type":"EntryPoint","urlTemplate":"https:\/\/global-hookah.com\/?s={search_term_string}"},"query-input":{"@type":"PropertyValueSpecification","valueRequired":true,"valueName":"search_term_string"}}],"inLanguage":"de"},{"@type":"Organization","@id":"https:\/\/global-hookah.com\/#organization","name":"Globale Wasserpfeife","url":"https:\/\/global-hookah.com\/","logo":{"@type":"ImageObject","inLanguage":"de","@id":"https:\/\/global-hookah.com\/#\/schema\/logo\/image\/","url":"https:\/\/global-hookah.com\/wp-content\/uploads\/2021\/10\/cropped-fgg.png","contentUrl":"https:\/\/global-hookah.com\/wp-content\/uploads\/2021\/10\/cropped-fgg.png","width":512,"height":512,"caption":"Global Hookah"},"image":{"@id":"https:\/\/global-hookah.com\/#\/schema\/logo\/image\/"}}]}},"_links":{"self":[{"href":"https:\/\/global-hookah.com\/de\/wp-json\/wp\/v2\/product\/21679","targetHints":{"allow":["GET"]}}],"collection":[{"href":"https:\/\/global-hookah.com\/de\/wp-json\/wp\/v2\/product"}],"about":[{"href":"https:\/\/global-hookah.com\/de\/wp-json\/wp\/v2\/types\/product"}],"replies":[{"embeddable":true,"href":"https:\/\/global-hookah.com\/de\/wp-json\/wp\/v2\/comments?post=21679"}],"version-history":[{"count":0,"href":"https:\/\/global-hookah.com\/de\/wp-json\/wp\/v2\/product\/21679\/revisions"}],"wp:featuredmedia":[{"embeddable":true,"href":"https:\/\/global-hookah.com\/de\/wp-json\/wp\/v2\/media\/21680"}],"wp:attachment":[{"href":"https:\/\/global-hookah.com\/de\/wp-json\/wp\/v2\/media?parent=21679"}],"wp:term":[{"taxonomy":"product_brand","embeddable":true,"href":"https:\/\/global-hookah.com\/de\/wp-json\/wp\/v2\/product_brand?post=21679"},{"taxonomy":"product_cat","embeddable":true,"href":"https:\/\/global-hookah.com\/de\/wp-json\/wp\/v2\/product_cat?post=21679"},{"taxonomy":"product_tag","embeddable":true,"href":"https:\/\/global-hookah.com\/de\/wp-json\/wp\/v2\/product_tag?post=21679"}],"curies":[{"name":"wp","href":"https:\/\/api.w.org\/{rel}","templated":true}]}}