{"id":21688,"date":"2024-04-25T06:17:17","date_gmt":"2024-04-25T06:17:17","guid":{"rendered":"https:\/\/global-hookah.com\/product\/wholesale-art-glass-shisha-hookah-with-led-light\/"},"modified":"2024-04-25T07:27:55","modified_gmt":"2024-04-25T07:27:55","slug":"wholesale-art-glass-shisha-hookah-with-led-light","status":"publish","type":"product","link":"https:\/\/global-hookah.com\/de\/produkt\/wholesale-art-glass-shisha-hookah-with-led-light\/","title":{"rendered":"Gro\u00dfhandel Kunst Glas Shisha Wasserpfeife mit Led-Licht"},"content":{"rendered":"<div class=\"detailmodule_text\">\n<p class=\"detail-desc-decorate-content\" style=\"font-family: OpenSans; font-size: 14px; font-weight: 300; line-height: 20px; white-space: pre-wrap; color: #000000; margin-bottom: 12px;\">\n<\/div>\n<div class=\"detailmodule_text\">\n<p class=\"detail-desc-decorate-title\" style=\"font-family: OpenSans; font-size: 20px; font-weight: 900; line-height: 28px; white-space: pre-wrap; color: #000000; margin-bottom: 12px;\">Merkmale:<\/p>\n<p class=\"detail-desc-decorate-content\" style=\"font-family: OpenSans; font-size: 14px; font-weight: 300; line-height: 20px; white-space: pre-wrap; color: #000000; margin-bottom: 12px;\">- Das dicke Glasgef\u00e4\u00df macht die Wasserpfeife sehr stabil auf dem Tisch.<\/p>\n<p>- Glasgravur-Design.<\/p>\n<p>- Mit 16 Farben wechselnden LED-Licht und Fernbedienung.<\/p>\n<p>- Hochwertiges Borosilikatglas, hitzebest\u00e4ndig und klar<\/p>\n<p>- Hookah H\u00f6he 380mm(14.96inches)<\/p>\n<p>- Erh\u00e4ltliche Farbe: Klar<\/p>\n<p>- Verpackung: EPE-Schaum und starker Karton<\/p>\n<p>- Gr\u00f6\u00dfe des Schaumstoffpakets: 400*280*220mm, Bruttogewicht: ca. 1.99kgs<\/p>\n<\/div>\n<div class=\"detailmodule_text\">\n<p class=\"detail-desc-decorate-title\" style=\"font-family: OpenSans; font-size: 20px; font-weight: 900; line-height: 28px; white-space: pre-wrap; color: #000000; margin-bottom: 12px;\">Paket inklusive:<\/p>\n<p class=\"detail-desc-decorate-content\" style=\"font-family: OpenSans; font-size: 14px; font-weight: 300; line-height: 20px; white-space: pre-wrap; color: #000000; margin-bottom: 12px;\">- 1pc Hookah Flasche Basis<\/p>\n<p>- 1St\u00fcck Aschenbecher aus Glas<\/p>\n<p>- 1St\u00fcck Glas Tabakschale<\/p>\n<p>- 1pc Glas Holzkohlehalter<\/p>\n<p>- 1St\u00fcck Schlauchadapter 14mm Durchmesser Gelenkgr\u00f6\u00dfe<\/p>\n<p>- 1St\u00fcck lebensmittelechter Silikonschlauch 1500mm L\u00e4nge<\/p>\n<p>- 1St\u00fcck Glasmundst\u00fcck<\/p>\n<p>- 1pc 16 Farben wechselnden LED-Licht und Fernbedienung (ohne Batterie als Luft Versand Sicherheit)<\/p>\n<\/div>\n<div class=\"detailmodule_image\"><img decoding=\"async\" class=\"detail-desc-decorate-image\" src=\"https:\/\/ae01.alicdn.com\/kf\/H03b6e7ebc1764ae1b85e59f79d5af70a0.jpg\" \/><img decoding=\"async\" class=\"detail-desc-decorate-image\" src=\"https:\/\/ae01.alicdn.com\/kf\/Hdc96ebe30791401c8e52573ef1d22830q.jpg\" \/><img decoding=\"async\" class=\"detail-desc-decorate-image\" src=\"https:\/\/ae01.alicdn.com\/kf\/H9a72b1a79e114f71b1c2bd5f51e9aef8t.jpg\" \/><img decoding=\"async\" class=\"detail-desc-decorate-image\" src=\"https:\/\/ae01.alicdn.com\/kf\/Hcffb4b7ebfdc40f4b612b0b6e21e653dY.jpg\" \/><img decoding=\"async\" class=\"detail-desc-decorate-image\" src=\"https:\/\/ae01.alicdn.com\/kf\/H0c38ddf2a96f4ad5a85903f548450f1fb.jpg\" \/><img decoding=\"async\" class=\"detail-desc-decorate-image\" src=\"https:\/\/ae01.alicdn.com\/kf\/Hf0a3fea19fd845e9b7f6f5363606c0d05.jpg\" \/><img decoding=\"async\" class=\"detail-desc-decorate-image\" src=\"https:\/\/ae01.alicdn.com\/kf\/H2288d7868a5540649d7088670da1dcf18.jpg\" \/><img decoding=\"async\" class=\"detail-desc-decorate-image\" src=\"https:\/\/ae01.alicdn.com\/kf\/Hefb2e41d860745fbae92cad8ddf9f031d.jpg\" \/><\/div>\n<div class=\"detailmodule_text-image\"><img decoding=\"async\" class=\"detail-desc-decorate-image\" style=\"margin-bottom: 10px;\" src=\"https:\/\/ae01.alicdn.com\/kf\/S92e43fa565d145d6bb1a4bcb22e2a7bda.jpg\" \/><a class=\"\" href=\"https:\/\/www.aliexpress.com\/item\/32744424427.html\" target=\"_self\" rel=\"noopener nofollow\"><img decoding=\"async\" class=\"detail-desc-decorate-image\" src=\"https:\/\/ae01.alicdn.com\/kf\/He2fd8d8c48334ba8b7f768ca6927ed31J.jpg\" \/><\/a><a class=\"\" href=\"https:\/\/www.aliexpress.com\/item\/32758659927.html\" target=\"_self\" rel=\"noopener nofollow\"><img decoding=\"async\" class=\"detail-desc-decorate-image\" src=\"https:\/\/ae01.alicdn.com\/kf\/Ha2d44ba5b83846a6a8710d11953c9bc6c.jpg\" \/><\/a><a class=\"\" href=\"https:\/\/www.aliexpress.com\/item\/32756360421.html\" target=\"_self\" rel=\"noopener nofollow\"><img decoding=\"async\" class=\"detail-desc-decorate-image\" src=\"https:\/\/ae01.alicdn.com\/kf\/H9c750d49b6a843d188bd143acec99fbeQ.jpg\" \/><\/a><\/div>\n<div class=\"detailmodule_image\"><img decoding=\"async\" class=\"detail-desc-decorate-image\" src=\"https:\/\/ae01.alicdn.com\/kf\/HTB1k69ba6zuK1RjSsppq6xz0XXak.jpg\" \/><img decoding=\"async\" class=\"detail-desc-decorate-image\" src=\"https:\/\/ae01.alicdn.com\/kf\/HTB1p95caZnrK1RjSspkq6yuvXXas.jpg\" \/><img decoding=\"async\" class=\"detail-desc-decorate-image\" src=\"https:\/\/ae01.alicdn.com\/kf\/HTB1.vaXa6DuK1RjSszdq6xGLpXa1.jpg\" \/><img decoding=\"async\" class=\"detail-desc-decorate-image\" src=\"https:\/\/ae01.alicdn.com\/kf\/HTB1mZyla6nuK1RkSmFPq6AuzFXaA.jpg\" \/><\/div>\n<div class=\"detailmodule_text\"><\/div>","protected":false},"excerpt":{"rendered":"<p>Eigenschaften: - Dickes Glasgef\u00e4\u00df machen die Wasserpfeife sehr stabil auf dem Tisch. - Glas Gravur Design. - Mit 16<\/p>","protected":false},"featured_media":21689,"comment_status":"closed","ping_status":"closed","template":"","meta":{"iawp_total_views":19,"_joinchat":[]},"product_brand":[],"product_cat":[560,119],"product_tag":[],"class_list":{"0":"post-21688","1":"product","2":"type-product","3":"status-publish","4":"has-post-thumbnail","6":"product_cat-glass-hookah-wholesale","7":"product_cat-wholesale-hookah","9":"first","10":"instock","11":"shipping-taxable","12":"product-type-external"},"yoast_head":"<!-- This site is optimized with the Yoast SEO Premium plugin v24.7 (Yoast SEO v26.8) - https:\/\/yoast.com\/product\/yoast-seo-premium-wordpress\/ -->\n<title>Wholesale Art Glass Shisha Hookah with Led light - Global Hookah<\/title>\n<meta name=\"robots\" content=\"index, follow, max-snippet:-1, max-image-preview:large, max-video-preview:-1\" \/>\n<link rel=\"canonical\" href=\"https:\/\/global-hookah.com\/de\/produkt\/groshandel-kunst-glas-shisha-wasserpfeife-mit-led-licht\/\" \/>\n<meta property=\"og:locale\" content=\"de_DE\" \/>\n<meta property=\"og:type\" content=\"article\" \/>\n<meta property=\"og:title\" content=\"Wholesale Art Glass Shisha Hookah with Led light\" \/>\n<meta property=\"og:description\" content=\"Features: &#8211; Thick glass jar make the hookah very stable on the table. &#8211; Glass engraving design. &#8211; With 16\" \/>\n<meta property=\"og:url\" content=\"https:\/\/global-hookah.com\/de\/produkt\/groshandel-kunst-glas-shisha-wasserpfeife-mit-led-licht\/\" \/>\n<meta property=\"og:site_name\" content=\"Global Hookah\" \/>\n<meta property=\"article:modified_time\" content=\"2024-04-25T07:27:55+00:00\" \/>\n<meta property=\"og:image\" content=\"https:\/\/global-hookah.com\/wp-content\/uploads\/2024\/04\/kf-H8e90d675773647babbe46ce84d8c2a73y-New-Special-Design-Led-Art-Glass-Shisha-Hookah-Smoking-Chicha-Narguile-Head-Tobacco-Bowl-Black-Silicone.webp\" \/>\n\t<meta property=\"og:image:width\" content=\"800\" \/>\n\t<meta property=\"og:image:height\" content=\"800\" \/>\n\t<meta property=\"og:image:type\" content=\"image\/webp\" \/>\n<meta name=\"twitter:card\" content=\"summary_large_image\" \/>\n<meta name=\"twitter:label1\" content=\"Gesch\u00e4tzte Lesezeit\" \/>\n\t<meta name=\"twitter:data1\" content=\"4\u00a0Minuten\" \/>\n<script type=\"application\/ld+json\" class=\"yoast-schema-graph\">{\"@context\":\"https:\/\/schema.org\",\"@graph\":[{\"@type\":\"WebPage\",\"@id\":\"https:\/\/global-hookah.com\/de\/produkt\/groshandel-kunst-glas-shisha-wasserpfeife-mit-led-licht\/\",\"url\":\"https:\/\/global-hookah.com\/de\/produkt\/groshandel-kunst-glas-shisha-wasserpfeife-mit-led-licht\/\",\"name\":\"Wholesale Art Glass Shisha Hookah with Led light - Global Hookah\",\"isPartOf\":{\"@id\":\"https:\/\/global-hookah.com\/#website\"},\"primaryImageOfPage\":{\"@id\":\"https:\/\/global-hookah.com\/de\/produkt\/groshandel-kunst-glas-shisha-wasserpfeife-mit-led-licht\/#primaryimage\"},\"image\":{\"@id\":\"https:\/\/global-hookah.com\/de\/produkt\/groshandel-kunst-glas-shisha-wasserpfeife-mit-led-licht\/#primaryimage\"},\"thumbnailUrl\":\"https:\/\/global-hookah.com\/wp-content\/uploads\/2024\/04\/kf-H8e90d675773647babbe46ce84d8c2a73y-New-Special-Design-Led-Art-Glass-Shisha-Hookah-Smoking-Chicha-Narguile-Head-Tobacco-Bowl-Black-Silicone.webp\",\"datePublished\":\"2024-04-25T06:17:17+00:00\",\"dateModified\":\"2024-04-25T07:27:55+00:00\",\"breadcrumb\":{\"@id\":\"https:\/\/global-hookah.com\/de\/produkt\/groshandel-kunst-glas-shisha-wasserpfeife-mit-led-licht\/#breadcrumb\"},\"inLanguage\":\"de\",\"potentialAction\":[{\"@type\":\"ReadAction\",\"target\":[\"https:\/\/global-hookah.com\/de\/produkt\/groshandel-kunst-glas-shisha-wasserpfeife-mit-led-licht\/\"]}]},{\"@type\":\"ImageObject\",\"inLanguage\":\"de\",\"@id\":\"https:\/\/global-hookah.com\/de\/produkt\/groshandel-kunst-glas-shisha-wasserpfeife-mit-led-licht\/#primaryimage\",\"url\":\"https:\/\/global-hookah.com\/wp-content\/uploads\/2024\/04\/kf-H8e90d675773647babbe46ce84d8c2a73y-New-Special-Design-Led-Art-Glass-Shisha-Hookah-Smoking-Chicha-Narguile-Head-Tobacco-Bowl-Black-Silicone.webp\",\"contentUrl\":\"https:\/\/global-hookah.com\/wp-content\/uploads\/2024\/04\/kf-H8e90d675773647babbe46ce84d8c2a73y-New-Special-Design-Led-Art-Glass-Shisha-Hookah-Smoking-Chicha-Narguile-Head-Tobacco-Bowl-Black-Silicone.webp\",\"width\":800,\"height\":800,\"caption\":\"Wholesale Art Glass Shisha Hookah with Led light\"},{\"@type\":\"BreadcrumbList\",\"@id\":\"https:\/\/global-hookah.com\/de\/produkt\/groshandel-kunst-glas-shisha-wasserpfeife-mit-led-licht\/#breadcrumb\",\"itemListElement\":[{\"@type\":\"ListItem\",\"position\":1,\"name\":\"Home\",\"item\":\"https:\/\/global-hookah.com\/\"},{\"@type\":\"ListItem\",\"position\":2,\"name\":\"Shop\",\"item\":\"https:\/\/global-hookah.com\/shop\/\"},{\"@type\":\"ListItem\",\"position\":3,\"name\":\"Wholesale Art Glass Shisha Hookah with Led light\"}]},{\"@type\":\"WebSite\",\"@id\":\"https:\/\/global-hookah.com\/#website\",\"url\":\"https:\/\/global-hookah.com\/\",\"name\":\"Global Hookah\",\"description\":\"Global Hookah\",\"publisher\":{\"@id\":\"https:\/\/global-hookah.com\/#organization\"},\"potentialAction\":[{\"@type\":\"SearchAction\",\"target\":{\"@type\":\"EntryPoint\",\"urlTemplate\":\"https:\/\/global-hookah.com\/?s={search_term_string}\"},\"query-input\":{\"@type\":\"PropertyValueSpecification\",\"valueRequired\":true,\"valueName\":\"search_term_string\"}}],\"inLanguage\":\"de\"},{\"@type\":\"Organization\",\"@id\":\"https:\/\/global-hookah.com\/#organization\",\"name\":\"Global Hookah\",\"url\":\"https:\/\/global-hookah.com\/\",\"logo\":{\"@type\":\"ImageObject\",\"inLanguage\":\"de\",\"@id\":\"https:\/\/global-hookah.com\/#\/schema\/logo\/image\/\",\"url\":\"https:\/\/global-hookah.com\/wp-content\/uploads\/2021\/10\/cropped-fgg.png\",\"contentUrl\":\"https:\/\/global-hookah.com\/wp-content\/uploads\/2021\/10\/cropped-fgg.png\",\"width\":512,\"height\":512,\"caption\":\"Global Hookah\"},\"image\":{\"@id\":\"https:\/\/global-hookah.com\/#\/schema\/logo\/image\/\"}}]}<\/script>\n<!-- \/ Yoast SEO Premium plugin. -->","yoast_head_json":{"title":"Gro\u00dfhandel Kunst Glas Shisha Wasserpfeife mit Led-Licht - Global Hookah","robots":{"index":"index","follow":"follow","max-snippet":"max-snippet:-1","max-image-preview":"max-image-preview:large","max-video-preview":"max-video-preview:-1"},"canonical":"https:\/\/global-hookah.com\/de\/produkt\/groshandel-kunst-glas-shisha-wasserpfeife-mit-led-licht\/","og_locale":"de_DE","og_type":"article","og_title":"Wholesale Art Glass Shisha Hookah with Led light","og_description":"Features: &#8211; Thick glass jar make the hookah very stable on the table. &#8211; Glass engraving design. &#8211; With 16","og_url":"https:\/\/global-hookah.com\/de\/produkt\/groshandel-kunst-glas-shisha-wasserpfeife-mit-led-licht\/","og_site_name":"Global Hookah","article_modified_time":"2024-04-25T07:27:55+00:00","og_image":[{"width":800,"height":800,"url":"https:\/\/global-hookah.com\/wp-content\/uploads\/2024\/04\/kf-H8e90d675773647babbe46ce84d8c2a73y-New-Special-Design-Led-Art-Glass-Shisha-Hookah-Smoking-Chicha-Narguile-Head-Tobacco-Bowl-Black-Silicone.webp","type":"image\/webp"}],"twitter_card":"summary_large_image","twitter_misc":{"Gesch\u00e4tzte Lesezeit":"4\u00a0Minuten"},"schema":{"@context":"https:\/\/schema.org","@graph":[{"@type":"WebPage","@id":"https:\/\/global-hookah.com\/de\/produkt\/groshandel-kunst-glas-shisha-wasserpfeife-mit-led-licht\/","url":"https:\/\/global-hookah.com\/de\/produkt\/groshandel-kunst-glas-shisha-wasserpfeife-mit-led-licht\/","name":"Gro\u00dfhandel Kunst Glas Shisha Wasserpfeife mit Led-Licht - Global Hookah","isPartOf":{"@id":"https:\/\/global-hookah.com\/#website"},"primaryImageOfPage":{"@id":"https:\/\/global-hookah.com\/de\/produkt\/groshandel-kunst-glas-shisha-wasserpfeife-mit-led-licht\/#primaryimage"},"image":{"@id":"https:\/\/global-hookah.com\/de\/produkt\/groshandel-kunst-glas-shisha-wasserpfeife-mit-led-licht\/#primaryimage"},"thumbnailUrl":"https:\/\/global-hookah.com\/wp-content\/uploads\/2024\/04\/kf-H8e90d675773647babbe46ce84d8c2a73y-New-Special-Design-Led-Art-Glass-Shisha-Hookah-Smoking-Chicha-Narguile-Head-Tobacco-Bowl-Black-Silicone.webp","datePublished":"2024-04-25T06:17:17+00:00","dateModified":"2024-04-25T07:27:55+00:00","breadcrumb":{"@id":"https:\/\/global-hookah.com\/de\/produkt\/groshandel-kunst-glas-shisha-wasserpfeife-mit-led-licht\/#breadcrumb"},"inLanguage":"de","potentialAction":[{"@type":"ReadAction","target":["https:\/\/global-hookah.com\/de\/produkt\/groshandel-kunst-glas-shisha-wasserpfeife-mit-led-licht\/"]}]},{"@type":"ImageObject","inLanguage":"de","@id":"https:\/\/global-hookah.com\/de\/produkt\/groshandel-kunst-glas-shisha-wasserpfeife-mit-led-licht\/#primaryimage","url":"https:\/\/global-hookah.com\/wp-content\/uploads\/2024\/04\/kf-H8e90d675773647babbe46ce84d8c2a73y-New-Special-Design-Led-Art-Glass-Shisha-Hookah-Smoking-Chicha-Narguile-Head-Tobacco-Bowl-Black-Silicone.webp","contentUrl":"https:\/\/global-hookah.com\/wp-content\/uploads\/2024\/04\/kf-H8e90d675773647babbe46ce84d8c2a73y-New-Special-Design-Led-Art-Glass-Shisha-Hookah-Smoking-Chicha-Narguile-Head-Tobacco-Bowl-Black-Silicone.webp","width":800,"height":800,"caption":"Wholesale Art Glass Shisha Hookah with Led light"},{"@type":"BreadcrumbList","@id":"https:\/\/global-hookah.com\/de\/produkt\/groshandel-kunst-glas-shisha-wasserpfeife-mit-led-licht\/#breadcrumb","itemListElement":[{"@type":"ListItem","position":1,"name":"Home","item":"https:\/\/global-hookah.com\/"},{"@type":"ListItem","position":2,"name":"Shop","item":"https:\/\/global-hookah.com\/shop\/"},{"@type":"ListItem","position":3,"name":"Wholesale Art Glass Shisha Hookah with Led light"}]},{"@type":"WebSite","@id":"https:\/\/global-hookah.com\/#website","url":"https:\/\/global-hookah.com\/","name":"Globale Wasserpfeife","description":"Globale Wasserpfeife","publisher":{"@id":"https:\/\/global-hookah.com\/#organization"},"potentialAction":[{"@type":"SearchAction","target":{"@type":"EntryPoint","urlTemplate":"https:\/\/global-hookah.com\/?s={search_term_string}"},"query-input":{"@type":"PropertyValueSpecification","valueRequired":true,"valueName":"search_term_string"}}],"inLanguage":"de"},{"@type":"Organization","@id":"https:\/\/global-hookah.com\/#organization","name":"Globale Wasserpfeife","url":"https:\/\/global-hookah.com\/","logo":{"@type":"ImageObject","inLanguage":"de","@id":"https:\/\/global-hookah.com\/#\/schema\/logo\/image\/","url":"https:\/\/global-hookah.com\/wp-content\/uploads\/2021\/10\/cropped-fgg.png","contentUrl":"https:\/\/global-hookah.com\/wp-content\/uploads\/2021\/10\/cropped-fgg.png","width":512,"height":512,"caption":"Global Hookah"},"image":{"@id":"https:\/\/global-hookah.com\/#\/schema\/logo\/image\/"}}]}},"_links":{"self":[{"href":"https:\/\/global-hookah.com\/de\/wp-json\/wp\/v2\/product\/21688","targetHints":{"allow":["GET"]}}],"collection":[{"href":"https:\/\/global-hookah.com\/de\/wp-json\/wp\/v2\/product"}],"about":[{"href":"https:\/\/global-hookah.com\/de\/wp-json\/wp\/v2\/types\/product"}],"replies":[{"embeddable":true,"href":"https:\/\/global-hookah.com\/de\/wp-json\/wp\/v2\/comments?post=21688"}],"version-history":[{"count":0,"href":"https:\/\/global-hookah.com\/de\/wp-json\/wp\/v2\/product\/21688\/revisions"}],"wp:featuredmedia":[{"embeddable":true,"href":"https:\/\/global-hookah.com\/de\/wp-json\/wp\/v2\/media\/21689"}],"wp:attachment":[{"href":"https:\/\/global-hookah.com\/de\/wp-json\/wp\/v2\/media?parent=21688"}],"wp:term":[{"taxonomy":"product_brand","embeddable":true,"href":"https:\/\/global-hookah.com\/de\/wp-json\/wp\/v2\/product_brand?post=21688"},{"taxonomy":"product_cat","embeddable":true,"href":"https:\/\/global-hookah.com\/de\/wp-json\/wp\/v2\/product_cat?post=21688"},{"taxonomy":"product_tag","embeddable":true,"href":"https:\/\/global-hookah.com\/de\/wp-json\/wp\/v2\/product_tag?post=21688"}],"curies":[{"name":"wp","href":"https:\/\/api.w.org\/{rel}","templated":true}]}}