{"id":21697,"date":"2024-04-25T06:18:17","date_gmt":"2024-04-25T06:18:17","guid":{"rendered":"https:\/\/global-hookah.com\/product\/bulk-classic-iron-sheet-arab-hookah\/"},"modified":"2024-04-25T13:53:15","modified_gmt":"2024-04-25T13:53:15","slug":"bulk-classic-iron-sheet-arab-hookah","status":"publish","type":"product","link":"https:\/\/global-hookah.com\/de\/produkt\/bulk-classic-iron-sheet-arab-hookah\/","title":{"rendered":"Bulk Classic Eisen Blatt Arabische Wasserpfeife"},"content":{"rendered":"<p>&nbsp;<\/p>\n<div class=\"product-specs-list-container\">\n<ul class=\"product-specs-list util-clearfix\">\n<li class=\"product-prop line-limit-length\"><span class=\"property-title\">Die Form:\u00a0<\/span><span class=\"property-desc line-limit-length\">Freier Typ<\/span><\/li>\n<li class=\"product-prop line-limit-length\"><span class=\"property-title\">Material:\u00a0<\/span><span class=\"property-desc line-limit-length\">Glas<\/span><\/li>\n<li class=\"product-prop line-limit-length\"><span class=\"property-title\">Herkunft:\u00a0<\/span><span class=\"property-desc line-limit-length\">Festland China<\/span><\/li>\n<\/ul>\n<\/div>\n<p style=\"font-family: 'Open Sans', Roboto, Arial, Helvetica, sans-serif, SimSun; font-size: 14px; font-weight: 400; letter-spacing: normal; line-height: inherit; text-align: start; white-space: normal; color: #222222; background-color: #ffffff; margin: 0px; padding: 0px; box-sizing: border-box;\" align=\"start\">1. hohe Qualit\u00e4t Kunststoff, Glas und Metall, langlebig und zart<\/p>\n<p style=\"font-family: 'Open Sans', Roboto, Arial, Helvetica, sans-serif, SimSun; font-size: 14px; font-weight: 400; letter-spacing: normal; line-height: inherit; text-align: start; white-space: normal; color: #222222; background-color: #ffffff; margin: 0px; padding: 0px; box-sizing: border-box;\" align=\"start\">2. Menge : 1 <a href=\"https:\/\/global-hookah.com\/product\/premium-hookah-set-glass-shisha-set-wholesale\/\">Set Shisha Wasserpfeife<\/a> nur wie auf dem Bild zu sehen, Einzelrohr oder Doppelrohr, bitte w\u00e4hlen Sie nach Ihrem Bedarf<\/p>\n<p style=\"font-family: 'Open Sans', Roboto, Arial, Helvetica, sans-serif, SimSun; font-size: 14px; font-weight: 400; letter-spacing: normal; line-height: inherit; text-align: start; white-space: normal; color: #222222; background-color: #ffffff; margin: 0px; padding: 0px; box-sizing: border-box;\" align=\"start\">3. Gr\u00f6\u00dfe: H\u00f6he etwa 54cm, Breite etwa 11 cm<\/p>\n<p style=\"font-family: 'Open Sans', Roboto, Arial, Helvetica, sans-serif, SimSun; font-size: 14px; font-weight: 400; letter-spacing: normal; line-height: inherit; text-align: start; white-space: normal; color: #222222; background-color: #ffffff; margin: 0px; padding: 0px; box-sizing: border-box;\" align=\"start\">4. Verwendung :Verwendung von <a href=\"https:\/\/global-hookah.com\/product\/stainless-steel-led-remote-control-lamp-water-cigarette-pot-super-large-smoke-plate-wholesale\/\">wasserabsorbierender Rauch<\/a>kann auch ein Geschenk f\u00fcr Freunde und Familie sein<\/p>\n<p style=\"font-family: 'Open Sans', Roboto, Arial, Helvetica, sans-serif, SimSun; font-size: 14px; font-weight: 400; letter-spacing: normal; line-height: inherit; text-align: start; white-space: normal; color: #222222; background-color: #ffffff; margin: 0px; padding: 0px; box-sizing: border-box;\" align=\"start\">(5) Bulk-Preis und Sonderpreis f\u00fcr Shop-Follower zur Verf\u00fcgung, bitte kontaktieren Sie mich f\u00fcr mehr \u00dcberraschung!<\/p>\n<p style=\"font-family: 'Open Sans', Roboto, Arial, Helvetica, sans-serif, SimSun; font-size: 14px; font-weight: 400; letter-spacing: normal; line-height: inherit; text-align: start; white-space: normal; color: #222222; background-color: #ffffff; margin: 0px; padding: 0px; box-sizing: border-box;\" align=\"start\"><img decoding=\"async\" src=\"https:\/\/ae01.alicdn.com\/kf\/S2ee6c3f918454f4eaf6d9f316104de20v.jpg\" \/><img decoding=\"async\" src=\"https:\/\/ae01.alicdn.com\/kf\/S9569d1cd218c4dc38b0c1b7450a317c5w.jpg\" \/><img decoding=\"async\" src=\"https:\/\/ae01.alicdn.com\/kf\/S8917cc2f8a1940b7b93b441e1c78aefbi.jpg\" \/><img decoding=\"async\" src=\"https:\/\/ae01.alicdn.com\/kf\/S86738bb4bb664f2492eb139b50d574d2O.jpg\" \/><img decoding=\"async\" src=\"https:\/\/ae01.alicdn.com\/kf\/Sf7879c9a7101479b97d3bbd854a406b4D.jpg\" \/><img decoding=\"async\" src=\"https:\/\/ae01.alicdn.com\/kf\/S0a99d735db9249da879297695752c93bZ.jpg\" \/><\/p>","protected":false},"excerpt":{"rendered":"<p>&nbsp; Form: Freier Typ Material: Glas Herkunft: Festland China 1.high Qualit\u00e4t Kunststoff, Glas und Metall, langlebig und zart 2. Menge: 1 Satz<\/p>","protected":false},"featured_media":21698,"comment_status":"closed","ping_status":"closed","template":"","meta":{"iawp_total_views":1,"_joinchat":[]},"product_brand":[],"product_cat":[119],"product_tag":[],"class_list":{"0":"post-21697","1":"product","2":"type-product","3":"status-publish","4":"has-post-thumbnail","6":"product_cat-wholesale-hookah","8":"first","9":"instock","10":"shipping-taxable","11":"purchasable","12":"product-type-variable"},"yoast_head":"<!-- This site is optimized with the Yoast SEO Premium plugin v24.7 (Yoast SEO v26.8) - https:\/\/yoast.com\/product\/yoast-seo-premium-wordpress\/ -->\n<title>Bulk Classic Iron Sheet Arab Hookah - Global Hookah<\/title>\n<meta name=\"robots\" content=\"index, follow, max-snippet:-1, max-image-preview:large, max-video-preview:-1\" \/>\n<link rel=\"canonical\" href=\"https:\/\/global-hookah.com\/de\/producto\/hoja-de-hierro-clasico-a-granel-hookah-arabe\/\" \/>\n<meta property=\"og:locale\" content=\"de_DE\" \/>\n<meta property=\"og:type\" content=\"article\" \/>\n<meta property=\"og:title\" content=\"Bulk Classic Iron Sheet Arab Hookah\" \/>\n<meta property=\"og:description\" content=\"&nbsp; Shape:\u00a0Free Type Material:\u00a0glass Origin:\u00a0Mainland China 1.High quality plastic,glass and metal , durable and delicate 2. Quantity : 1 Set\" \/>\n<meta property=\"og:url\" content=\"https:\/\/global-hookah.com\/de\/producto\/hoja-de-hierro-clasico-a-granel-hookah-arabe\/\" \/>\n<meta property=\"og:site_name\" content=\"Global Hookah\" \/>\n<meta property=\"article:modified_time\" content=\"2024-04-25T13:53:15+00:00\" \/>\n<meta property=\"og:image\" content=\"https:\/\/global-hookah.com\/wp-content\/uploads\/2024\/04\/kf-Sf7879c9a7101479b97d3bbd854a406b4D-Water-Pipe-Shisha-Set-Classic-Iron-Sheet-Arab-Shisha-Hookah-Glass-Water-Pipe-Kettle-Shisha-Single.webp\" \/>\n\t<meta property=\"og:image:width\" content=\"800\" \/>\n\t<meta property=\"og:image:height\" content=\"800\" \/>\n\t<meta property=\"og:image:type\" content=\"image\/webp\" \/>\n<meta name=\"twitter:card\" content=\"summary_large_image\" \/>\n<meta name=\"twitter:label1\" content=\"Gesch\u00e4tzte Lesezeit\" \/>\n\t<meta name=\"twitter:data1\" content=\"2\u00a0Minuten\" \/>\n<script type=\"application\/ld+json\" class=\"yoast-schema-graph\">{\"@context\":\"https:\/\/schema.org\",\"@graph\":[{\"@type\":\"WebPage\",\"@id\":\"https:\/\/global-hookah.com\/es\/producto\/hoja-de-hierro-clasico-a-granel-hookah-arabe\/\",\"url\":\"https:\/\/global-hookah.com\/es\/producto\/hoja-de-hierro-clasico-a-granel-hookah-arabe\/\",\"name\":\"Bulk Classic Iron Sheet Arab Hookah - Global Hookah\",\"isPartOf\":{\"@id\":\"https:\/\/global-hookah.com\/#website\"},\"primaryImageOfPage\":{\"@id\":\"https:\/\/global-hookah.com\/es\/producto\/hoja-de-hierro-clasico-a-granel-hookah-arabe\/#primaryimage\"},\"image\":{\"@id\":\"https:\/\/global-hookah.com\/es\/producto\/hoja-de-hierro-clasico-a-granel-hookah-arabe\/#primaryimage\"},\"thumbnailUrl\":\"https:\/\/global-hookah.com\/wp-content\/uploads\/2024\/04\/kf-Sf7879c9a7101479b97d3bbd854a406b4D-Water-Pipe-Shisha-Set-Classic-Iron-Sheet-Arab-Shisha-Hookah-Glass-Water-Pipe-Kettle-Shisha-Single.webp\",\"datePublished\":\"2024-04-25T06:18:17+00:00\",\"dateModified\":\"2024-04-25T13:53:15+00:00\",\"breadcrumb\":{\"@id\":\"https:\/\/global-hookah.com\/es\/producto\/hoja-de-hierro-clasico-a-granel-hookah-arabe\/#breadcrumb\"},\"inLanguage\":\"de\",\"potentialAction\":[{\"@type\":\"ReadAction\",\"target\":[\"https:\/\/global-hookah.com\/es\/producto\/hoja-de-hierro-clasico-a-granel-hookah-arabe\/\"]}]},{\"@type\":\"ImageObject\",\"inLanguage\":\"de\",\"@id\":\"https:\/\/global-hookah.com\/es\/producto\/hoja-de-hierro-clasico-a-granel-hookah-arabe\/#primaryimage\",\"url\":\"https:\/\/global-hookah.com\/wp-content\/uploads\/2024\/04\/kf-Sf7879c9a7101479b97d3bbd854a406b4D-Water-Pipe-Shisha-Set-Classic-Iron-Sheet-Arab-Shisha-Hookah-Glass-Water-Pipe-Kettle-Shisha-Single.webp\",\"contentUrl\":\"https:\/\/global-hookah.com\/wp-content\/uploads\/2024\/04\/kf-Sf7879c9a7101479b97d3bbd854a406b4D-Water-Pipe-Shisha-Set-Classic-Iron-Sheet-Arab-Shisha-Hookah-Glass-Water-Pipe-Kettle-Shisha-Single.webp\",\"width\":800,\"height\":800,\"caption\":\"Bulk Classic Iron Sheet Arab Hookah\"},{\"@type\":\"BreadcrumbList\",\"@id\":\"https:\/\/global-hookah.com\/es\/producto\/hoja-de-hierro-clasico-a-granel-hookah-arabe\/#breadcrumb\",\"itemListElement\":[{\"@type\":\"ListItem\",\"position\":1,\"name\":\"Home\",\"item\":\"https:\/\/global-hookah.com\/\"},{\"@type\":\"ListItem\",\"position\":2,\"name\":\"Shop\",\"item\":\"https:\/\/global-hookah.com\/shop\/\"},{\"@type\":\"ListItem\",\"position\":3,\"name\":\"Bulk Classic Iron Sheet Arab Hookah\"}]},{\"@type\":\"WebSite\",\"@id\":\"https:\/\/global-hookah.com\/#website\",\"url\":\"https:\/\/global-hookah.com\/\",\"name\":\"Global Hookah\",\"description\":\"Global Hookah\",\"publisher\":{\"@id\":\"https:\/\/global-hookah.com\/#organization\"},\"potentialAction\":[{\"@type\":\"SearchAction\",\"target\":{\"@type\":\"EntryPoint\",\"urlTemplate\":\"https:\/\/global-hookah.com\/?s={search_term_string}\"},\"query-input\":{\"@type\":\"PropertyValueSpecification\",\"valueRequired\":true,\"valueName\":\"search_term_string\"}}],\"inLanguage\":\"de\"},{\"@type\":\"Organization\",\"@id\":\"https:\/\/global-hookah.com\/#organization\",\"name\":\"Global Hookah\",\"url\":\"https:\/\/global-hookah.com\/\",\"logo\":{\"@type\":\"ImageObject\",\"inLanguage\":\"de\",\"@id\":\"https:\/\/global-hookah.com\/#\/schema\/logo\/image\/\",\"url\":\"https:\/\/global-hookah.com\/wp-content\/uploads\/2021\/10\/cropped-fgg.png\",\"contentUrl\":\"https:\/\/global-hookah.com\/wp-content\/uploads\/2021\/10\/cropped-fgg.png\",\"width\":512,\"height\":512,\"caption\":\"Global Hookah\"},\"image\":{\"@id\":\"https:\/\/global-hookah.com\/#\/schema\/logo\/image\/\"}}]}<\/script>\n<!-- \/ Yoast SEO Premium plugin. -->","yoast_head_json":{"title":"Bulk Classic Eisen Blatt Arabische Wasserpfeife - Global Hookah","robots":{"index":"index","follow":"follow","max-snippet":"max-snippet:-1","max-image-preview":"max-image-preview:large","max-video-preview":"max-video-preview:-1"},"canonical":"https:\/\/global-hookah.com\/de\/producto\/hoja-de-hierro-clasico-a-granel-hookah-arabe\/","og_locale":"de_DE","og_type":"article","og_title":"Bulk Classic Iron Sheet Arab Hookah","og_description":"&nbsp; Shape:\u00a0Free Type Material:\u00a0glass Origin:\u00a0Mainland China 1.High quality plastic,glass and metal , durable and delicate 2. Quantity : 1 Set","og_url":"https:\/\/global-hookah.com\/de\/producto\/hoja-de-hierro-clasico-a-granel-hookah-arabe\/","og_site_name":"Global Hookah","article_modified_time":"2024-04-25T13:53:15+00:00","og_image":[{"width":800,"height":800,"url":"https:\/\/global-hookah.com\/wp-content\/uploads\/2024\/04\/kf-Sf7879c9a7101479b97d3bbd854a406b4D-Water-Pipe-Shisha-Set-Classic-Iron-Sheet-Arab-Shisha-Hookah-Glass-Water-Pipe-Kettle-Shisha-Single.webp","type":"image\/webp"}],"twitter_card":"summary_large_image","twitter_misc":{"Gesch\u00e4tzte Lesezeit":"2\u00a0Minuten"},"schema":{"@context":"https:\/\/schema.org","@graph":[{"@type":"WebPage","@id":"https:\/\/global-hookah.com\/es\/producto\/hoja-de-hierro-clasico-a-granel-hookah-arabe\/","url":"https:\/\/global-hookah.com\/es\/producto\/hoja-de-hierro-clasico-a-granel-hookah-arabe\/","name":"Bulk Classic Eisen Blatt Arabische Wasserpfeife - Global Hookah","isPartOf":{"@id":"https:\/\/global-hookah.com\/#website"},"primaryImageOfPage":{"@id":"https:\/\/global-hookah.com\/es\/producto\/hoja-de-hierro-clasico-a-granel-hookah-arabe\/#primaryimage"},"image":{"@id":"https:\/\/global-hookah.com\/es\/producto\/hoja-de-hierro-clasico-a-granel-hookah-arabe\/#primaryimage"},"thumbnailUrl":"https:\/\/global-hookah.com\/wp-content\/uploads\/2024\/04\/kf-Sf7879c9a7101479b97d3bbd854a406b4D-Water-Pipe-Shisha-Set-Classic-Iron-Sheet-Arab-Shisha-Hookah-Glass-Water-Pipe-Kettle-Shisha-Single.webp","datePublished":"2024-04-25T06:18:17+00:00","dateModified":"2024-04-25T13:53:15+00:00","breadcrumb":{"@id":"https:\/\/global-hookah.com\/es\/producto\/hoja-de-hierro-clasico-a-granel-hookah-arabe\/#breadcrumb"},"inLanguage":"de","potentialAction":[{"@type":"ReadAction","target":["https:\/\/global-hookah.com\/es\/producto\/hoja-de-hierro-clasico-a-granel-hookah-arabe\/"]}]},{"@type":"ImageObject","inLanguage":"de","@id":"https:\/\/global-hookah.com\/es\/producto\/hoja-de-hierro-clasico-a-granel-hookah-arabe\/#primaryimage","url":"https:\/\/global-hookah.com\/wp-content\/uploads\/2024\/04\/kf-Sf7879c9a7101479b97d3bbd854a406b4D-Water-Pipe-Shisha-Set-Classic-Iron-Sheet-Arab-Shisha-Hookah-Glass-Water-Pipe-Kettle-Shisha-Single.webp","contentUrl":"https:\/\/global-hookah.com\/wp-content\/uploads\/2024\/04\/kf-Sf7879c9a7101479b97d3bbd854a406b4D-Water-Pipe-Shisha-Set-Classic-Iron-Sheet-Arab-Shisha-Hookah-Glass-Water-Pipe-Kettle-Shisha-Single.webp","width":800,"height":800,"caption":"Bulk Classic Iron Sheet Arab Hookah"},{"@type":"BreadcrumbList","@id":"https:\/\/global-hookah.com\/es\/producto\/hoja-de-hierro-clasico-a-granel-hookah-arabe\/#breadcrumb","itemListElement":[{"@type":"ListItem","position":1,"name":"Home","item":"https:\/\/global-hookah.com\/"},{"@type":"ListItem","position":2,"name":"Shop","item":"https:\/\/global-hookah.com\/shop\/"},{"@type":"ListItem","position":3,"name":"Bulk Classic Iron Sheet Arab Hookah"}]},{"@type":"WebSite","@id":"https:\/\/global-hookah.com\/#website","url":"https:\/\/global-hookah.com\/","name":"Globale Wasserpfeife","description":"Globale Wasserpfeife","publisher":{"@id":"https:\/\/global-hookah.com\/#organization"},"potentialAction":[{"@type":"SearchAction","target":{"@type":"EntryPoint","urlTemplate":"https:\/\/global-hookah.com\/?s={search_term_string}"},"query-input":{"@type":"PropertyValueSpecification","valueRequired":true,"valueName":"search_term_string"}}],"inLanguage":"de"},{"@type":"Organization","@id":"https:\/\/global-hookah.com\/#organization","name":"Globale Wasserpfeife","url":"https:\/\/global-hookah.com\/","logo":{"@type":"ImageObject","inLanguage":"de","@id":"https:\/\/global-hookah.com\/#\/schema\/logo\/image\/","url":"https:\/\/global-hookah.com\/wp-content\/uploads\/2021\/10\/cropped-fgg.png","contentUrl":"https:\/\/global-hookah.com\/wp-content\/uploads\/2021\/10\/cropped-fgg.png","width":512,"height":512,"caption":"Global Hookah"},"image":{"@id":"https:\/\/global-hookah.com\/#\/schema\/logo\/image\/"}}]}},"_links":{"self":[{"href":"https:\/\/global-hookah.com\/de\/wp-json\/wp\/v2\/product\/21697","targetHints":{"allow":["GET"]}}],"collection":[{"href":"https:\/\/global-hookah.com\/de\/wp-json\/wp\/v2\/product"}],"about":[{"href":"https:\/\/global-hookah.com\/de\/wp-json\/wp\/v2\/types\/product"}],"replies":[{"embeddable":true,"href":"https:\/\/global-hookah.com\/de\/wp-json\/wp\/v2\/comments?post=21697"}],"version-history":[{"count":0,"href":"https:\/\/global-hookah.com\/de\/wp-json\/wp\/v2\/product\/21697\/revisions"}],"wp:featuredmedia":[{"embeddable":true,"href":"https:\/\/global-hookah.com\/de\/wp-json\/wp\/v2\/media\/21698"}],"wp:attachment":[{"href":"https:\/\/global-hookah.com\/de\/wp-json\/wp\/v2\/media?parent=21697"}],"wp:term":[{"taxonomy":"product_brand","embeddable":true,"href":"https:\/\/global-hookah.com\/de\/wp-json\/wp\/v2\/product_brand?post=21697"},{"taxonomy":"product_cat","embeddable":true,"href":"https:\/\/global-hookah.com\/de\/wp-json\/wp\/v2\/product_cat?post=21697"},{"taxonomy":"product_tag","embeddable":true,"href":"https:\/\/global-hookah.com\/de\/wp-json\/wp\/v2\/product_tag?post=21697"}],"curies":[{"name":"wp","href":"https:\/\/api.w.org\/{rel}","templated":true}]}}