{"id":21706,"date":"2024-04-25T06:19:35","date_gmt":"2024-04-25T06:19:35","guid":{"rendered":"https:\/\/global-hookah.com\/product\/arab-mini-hookah-wholesale\/"},"modified":"2024-04-25T14:19:49","modified_gmt":"2024-04-25T14:19:49","slug":"arab-mini-hookah-wholesale","status":"publish","type":"product","link":"https:\/\/global-hookah.com\/de\/produkt\/arab-mini-hookah-wholesale\/","title":{"rendered":"Arabische Mini Wasserpfeife Gro\u00dfhandel"},"content":{"rendered":"<p>&nbsp;<\/p>\n<div class=\"product-specs-list-container\">\n<ul class=\"product-specs-list util-clearfix\">\n<li class=\"product-prop line-limit-length\"><span class=\"property-title\">Die Form:\u00a0<\/span><span class=\"property-desc line-limit-length\">Freier Typ<\/span><\/li>\n<li class=\"product-prop line-limit-length\"><span class=\"property-title\">Material:\u00a0<\/span><span class=\"property-desc line-limit-length\">Glas<\/span><\/li>\n<li class=\"product-prop line-limit-length\"><span class=\"property-title\">Herkunft:\u00a0<\/span><span class=\"property-desc line-limit-length\">Festland China<\/span><\/li>\n<\/ul>\n<\/div>\n<p style=\"font-family: 'open sans', roboto, arial, helvetica, sans-serif, simsun; font-size: 14px; font-weight: 400; letter-spacing: normal; line-height: inherit; text-align: start; white-space: normal; color: #222222; background-color: #ffffff; border: 0px; margin: 0px; padding: 0px; box-sizing: border-box;\" align=\"start\">1..hohe Qualit\u00e4t Metall und Glas gemacht, langlebig und zart<\/p>\n<p style=\"font-family: 'open sans', roboto, arial, helvetica, sans-serif, simsun; font-size: 14px; font-weight: 400; letter-spacing: normal; line-height: inherit; text-align: start; white-space: normal; color: #222222; background-color: #ffffff; border: 0px; margin: 0px; padding: 0px; box-sizing: border-box;\" align=\"start\">2. Menge : 1 <a href=\"https:\/\/global-hookah.com\/product\/bulk-portable-x-style-hookah-shisha-set-with-led-lights\/\">Set Shisha Wasserpfeife<\/a> nur wie Bild zeigt, zwei R\u00f6hren, verschiedene Farben verf\u00fcgbar, bitte w\u00e4hlen Sie nach Ihrem Bedarf<\/p>\n<p style=\"font-family: 'open sans', roboto, arial, helvetica, sans-serif, simsun; font-size: 14px; font-weight: 400; letter-spacing: normal; line-height: inherit; text-align: start; white-space: normal; color: #222222; background-color: #ffffff; border: 0px; margin: 0px; padding: 0px; box-sizing: border-box;\" align=\"start\">3. Gr\u00f6\u00dfe :<span style=\"font-size: inherit; font-family: inherit;\">\u00a0H\u00f6he ca. 30 cm, Breite ca. 10 cm<\/span><\/p>\n<p style=\"font-family: 'open sans', roboto, arial, helvetica, sans-serif, simsun; font-size: 14px; font-weight: 400; letter-spacing: normal; line-height: inherit; text-align: start; white-space: normal; color: #222222; background-color: #ffffff; border: 0px; margin: 0px; padding: 0px; box-sizing: border-box;\" align=\"start\">4. Verwendung: Verwendung von Wasser absorbieren Rauch, kann auch Geschenk f\u00fcr Freunde und Familie sein<\/p>\n<p style=\"font-family: 'open sans', roboto, arial, helvetica, sans-serif, simsun; font-size: 14px; font-weight: 400; letter-spacing: normal; line-height: inherit; text-align: start; white-space: normal; color: #222222; background-color: #ffffff; border: 0px; margin: 0px; padding: 0px; box-sizing: border-box;\" align=\"start\">(5) Bulk-Preis und Sonderpreis f\u00fcr Shop-Follower zur Verf\u00fcgung, bitte kontaktieren Sie mich f\u00fcr mehr \u00dcberraschung!<\/p>\n<p style=\"font-family: 'open sans', roboto, arial, helvetica, sans-serif, simsun; font-size: 14px; font-weight: 400; letter-spacing: normal; line-height: inherit; text-align: start; white-space: normal; color: #222222; background-color: #ffffff; border: 0px; margin: 0px; padding: 0px; box-sizing: border-box;\" align=\"start\"><img decoding=\"async\" src=\"https:\/\/ae01.alicdn.com\/kf\/S2bd2f5aafbec48f082cd2524ba39ede24.jpg\" \/><img decoding=\"async\" src=\"https:\/\/ae01.alicdn.com\/kf\/S5c990b5e357749358264e2d8cc168d4a8.jpg\" \/><img decoding=\"async\" src=\"https:\/\/ae01.alicdn.com\/kf\/S64ab9b16fa2b4f1d9c8665ce5d0be1dca.jpg\" \/><img decoding=\"async\" src=\"https:\/\/ae01.alicdn.com\/kf\/Sc9ecb9109d4242a39c81956d458afd0bx.jpg\" \/><img decoding=\"async\" src=\"https:\/\/ae01.alicdn.com\/kf\/S576471506d3249a798cc684ba71acb1bZ.jpg\" \/><img decoding=\"async\" src=\"https:\/\/ae01.alicdn.com\/kf\/S27accf26178242359f9766dbc84b9161J.jpg\" \/><\/p>","protected":false},"excerpt":{"rendered":"<p>&nbsp; Form: Freier Typ Material: Glas Herkunft: Festland China 1..Hohe Qualit\u00e4t Metall und Glas gemacht, langlebig und zart 2. Menge: 1<\/p>","protected":false},"featured_media":21707,"comment_status":"closed","ping_status":"closed","template":"","meta":{"iawp_total_views":2,"_joinchat":[]},"product_brand":[],"product_cat":[559],"product_tag":[],"class_list":{"0":"post-21706","1":"product","2":"type-product","3":"status-publish","4":"has-post-thumbnail","6":"product_cat-portable-hookah-wholesale","8":"first","9":"instock","10":"shipping-taxable","11":"product-type-external"},"yoast_head":"<!-- This site is optimized with the Yoast SEO Premium plugin v24.7 (Yoast SEO v26.8) - https:\/\/yoast.com\/product\/yoast-seo-premium-wordpress\/ -->\n<title>Arab Mini Hookah Wholesale - Global Hookah<\/title>\n<meta name=\"robots\" content=\"index, follow, max-snippet:-1, max-image-preview:large, max-video-preview:-1\" \/>\n<link rel=\"canonical\" href=\"https:\/\/global-hookah.com\/de\/produkt\/arab-mini-hookah-wholesale\/\" \/>\n<meta property=\"og:locale\" content=\"de_DE\" \/>\n<meta property=\"og:type\" content=\"article\" \/>\n<meta property=\"og:title\" content=\"Arab Mini Hookah Wholesale\" \/>\n<meta property=\"og:description\" content=\"&nbsp; Shape:\u00a0Free Type Material:\u00a0glass Origin:\u00a0Mainland China 1..High quality metal and Glass Made , durable and delicate 2. Quantity : 1\" \/>\n<meta property=\"og:url\" content=\"https:\/\/global-hookah.com\/de\/produkt\/arab-mini-hookah-wholesale\/\" \/>\n<meta property=\"og:site_name\" content=\"Global Hookah\" \/>\n<meta property=\"article:modified_time\" content=\"2024-04-25T14:19:49+00:00\" \/>\n<meta property=\"og:image\" content=\"https:\/\/global-hookah.com\/wp-content\/uploads\/2024\/04\/kf-Sc9ecb9109d4242a39c81956d458afd0bx-Arab-Hookah-Shisha-Complete-Set-New-Glass-Hookah-Shisha-Double-Tubes-Pipes-Accessories-For-Lounge-Party.webp\" \/>\n\t<meta property=\"og:image:width\" content=\"800\" \/>\n\t<meta property=\"og:image:height\" content=\"800\" \/>\n\t<meta property=\"og:image:type\" content=\"image\/webp\" \/>\n<meta name=\"twitter:card\" content=\"summary_large_image\" \/>\n<meta name=\"twitter:label1\" content=\"Gesch\u00e4tzte Lesezeit\" \/>\n\t<meta name=\"twitter:data1\" content=\"2\u00a0Minuten\" \/>\n<script type=\"application\/ld+json\" class=\"yoast-schema-graph\">{\"@context\":\"https:\/\/schema.org\",\"@graph\":[{\"@type\":\"WebPage\",\"@id\":\"https:\/\/global-hookah.com\/product\/arab-mini-hookah-wholesale\/\",\"url\":\"https:\/\/global-hookah.com\/product\/arab-mini-hookah-wholesale\/\",\"name\":\"Arab Mini Hookah Wholesale - Global Hookah\",\"isPartOf\":{\"@id\":\"https:\/\/global-hookah.com\/#website\"},\"primaryImageOfPage\":{\"@id\":\"https:\/\/global-hookah.com\/product\/arab-mini-hookah-wholesale\/#primaryimage\"},\"image\":{\"@id\":\"https:\/\/global-hookah.com\/product\/arab-mini-hookah-wholesale\/#primaryimage\"},\"thumbnailUrl\":\"https:\/\/global-hookah.com\/wp-content\/uploads\/2024\/04\/kf-Sc9ecb9109d4242a39c81956d458afd0bx-Arab-Hookah-Shisha-Complete-Set-New-Glass-Hookah-Shisha-Double-Tubes-Pipes-Accessories-For-Lounge-Party.webp\",\"datePublished\":\"2024-04-25T06:19:35+00:00\",\"dateModified\":\"2024-04-25T14:19:49+00:00\",\"breadcrumb\":{\"@id\":\"https:\/\/global-hookah.com\/product\/arab-mini-hookah-wholesale\/#breadcrumb\"},\"inLanguage\":\"de\",\"potentialAction\":[{\"@type\":\"ReadAction\",\"target\":[\"https:\/\/global-hookah.com\/product\/arab-mini-hookah-wholesale\/\"]}]},{\"@type\":\"ImageObject\",\"inLanguage\":\"de\",\"@id\":\"https:\/\/global-hookah.com\/product\/arab-mini-hookah-wholesale\/#primaryimage\",\"url\":\"https:\/\/global-hookah.com\/wp-content\/uploads\/2024\/04\/kf-Sc9ecb9109d4242a39c81956d458afd0bx-Arab-Hookah-Shisha-Complete-Set-New-Glass-Hookah-Shisha-Double-Tubes-Pipes-Accessories-For-Lounge-Party.webp\",\"contentUrl\":\"https:\/\/global-hookah.com\/wp-content\/uploads\/2024\/04\/kf-Sc9ecb9109d4242a39c81956d458afd0bx-Arab-Hookah-Shisha-Complete-Set-New-Glass-Hookah-Shisha-Double-Tubes-Pipes-Accessories-For-Lounge-Party.webp\",\"width\":800,\"height\":800,\"caption\":\"Arab Mini Hookah Wholesale\"},{\"@type\":\"BreadcrumbList\",\"@id\":\"https:\/\/global-hookah.com\/product\/arab-mini-hookah-wholesale\/#breadcrumb\",\"itemListElement\":[{\"@type\":\"ListItem\",\"position\":1,\"name\":\"Home\",\"item\":\"https:\/\/global-hookah.com\/\"},{\"@type\":\"ListItem\",\"position\":2,\"name\":\"Shop\",\"item\":\"https:\/\/global-hookah.com\/shop\/\"},{\"@type\":\"ListItem\",\"position\":3,\"name\":\"Arab Mini Hookah Wholesale\"}]},{\"@type\":\"WebSite\",\"@id\":\"https:\/\/global-hookah.com\/#website\",\"url\":\"https:\/\/global-hookah.com\/\",\"name\":\"Global Hookah\",\"description\":\"Global Hookah\",\"publisher\":{\"@id\":\"https:\/\/global-hookah.com\/#organization\"},\"potentialAction\":[{\"@type\":\"SearchAction\",\"target\":{\"@type\":\"EntryPoint\",\"urlTemplate\":\"https:\/\/global-hookah.com\/?s={search_term_string}\"},\"query-input\":{\"@type\":\"PropertyValueSpecification\",\"valueRequired\":true,\"valueName\":\"search_term_string\"}}],\"inLanguage\":\"de\"},{\"@type\":\"Organization\",\"@id\":\"https:\/\/global-hookah.com\/#organization\",\"name\":\"Global Hookah\",\"url\":\"https:\/\/global-hookah.com\/\",\"logo\":{\"@type\":\"ImageObject\",\"inLanguage\":\"de\",\"@id\":\"https:\/\/global-hookah.com\/#\/schema\/logo\/image\/\",\"url\":\"https:\/\/global-hookah.com\/wp-content\/uploads\/2021\/10\/cropped-fgg.png\",\"contentUrl\":\"https:\/\/global-hookah.com\/wp-content\/uploads\/2021\/10\/cropped-fgg.png\",\"width\":512,\"height\":512,\"caption\":\"Global Hookah\"},\"image\":{\"@id\":\"https:\/\/global-hookah.com\/#\/schema\/logo\/image\/\"}}]}<\/script>\n<!-- \/ Yoast SEO Premium plugin. -->","yoast_head_json":{"title":"Arabische Mini-Wasserpfeife Gro\u00dfhandel - Global Hookah","robots":{"index":"index","follow":"follow","max-snippet":"max-snippet:-1","max-image-preview":"max-image-preview:large","max-video-preview":"max-video-preview:-1"},"canonical":"https:\/\/global-hookah.com\/de\/produkt\/arab-mini-hookah-wholesale\/","og_locale":"de_DE","og_type":"article","og_title":"Arab Mini Hookah Wholesale","og_description":"&nbsp; Shape:\u00a0Free Type Material:\u00a0glass Origin:\u00a0Mainland China 1..High quality metal and Glass Made , durable and delicate 2. Quantity : 1","og_url":"https:\/\/global-hookah.com\/de\/produkt\/arab-mini-hookah-wholesale\/","og_site_name":"Global Hookah","article_modified_time":"2024-04-25T14:19:49+00:00","og_image":[{"width":800,"height":800,"url":"https:\/\/global-hookah.com\/wp-content\/uploads\/2024\/04\/kf-Sc9ecb9109d4242a39c81956d458afd0bx-Arab-Hookah-Shisha-Complete-Set-New-Glass-Hookah-Shisha-Double-Tubes-Pipes-Accessories-For-Lounge-Party.webp","type":"image\/webp"}],"twitter_card":"summary_large_image","twitter_misc":{"Gesch\u00e4tzte Lesezeit":"2\u00a0Minuten"},"schema":{"@context":"https:\/\/schema.org","@graph":[{"@type":"WebPage","@id":"https:\/\/global-hookah.com\/product\/arab-mini-hookah-wholesale\/","url":"https:\/\/global-hookah.com\/product\/arab-mini-hookah-wholesale\/","name":"Arabische Mini-Wasserpfeife Gro\u00dfhandel - Global Hookah","isPartOf":{"@id":"https:\/\/global-hookah.com\/#website"},"primaryImageOfPage":{"@id":"https:\/\/global-hookah.com\/product\/arab-mini-hookah-wholesale\/#primaryimage"},"image":{"@id":"https:\/\/global-hookah.com\/product\/arab-mini-hookah-wholesale\/#primaryimage"},"thumbnailUrl":"https:\/\/global-hookah.com\/wp-content\/uploads\/2024\/04\/kf-Sc9ecb9109d4242a39c81956d458afd0bx-Arab-Hookah-Shisha-Complete-Set-New-Glass-Hookah-Shisha-Double-Tubes-Pipes-Accessories-For-Lounge-Party.webp","datePublished":"2024-04-25T06:19:35+00:00","dateModified":"2024-04-25T14:19:49+00:00","breadcrumb":{"@id":"https:\/\/global-hookah.com\/product\/arab-mini-hookah-wholesale\/#breadcrumb"},"inLanguage":"de","potentialAction":[{"@type":"ReadAction","target":["https:\/\/global-hookah.com\/product\/arab-mini-hookah-wholesale\/"]}]},{"@type":"ImageObject","inLanguage":"de","@id":"https:\/\/global-hookah.com\/product\/arab-mini-hookah-wholesale\/#primaryimage","url":"https:\/\/global-hookah.com\/wp-content\/uploads\/2024\/04\/kf-Sc9ecb9109d4242a39c81956d458afd0bx-Arab-Hookah-Shisha-Complete-Set-New-Glass-Hookah-Shisha-Double-Tubes-Pipes-Accessories-For-Lounge-Party.webp","contentUrl":"https:\/\/global-hookah.com\/wp-content\/uploads\/2024\/04\/kf-Sc9ecb9109d4242a39c81956d458afd0bx-Arab-Hookah-Shisha-Complete-Set-New-Glass-Hookah-Shisha-Double-Tubes-Pipes-Accessories-For-Lounge-Party.webp","width":800,"height":800,"caption":"Arab Mini Hookah Wholesale"},{"@type":"BreadcrumbList","@id":"https:\/\/global-hookah.com\/product\/arab-mini-hookah-wholesale\/#breadcrumb","itemListElement":[{"@type":"ListItem","position":1,"name":"Home","item":"https:\/\/global-hookah.com\/"},{"@type":"ListItem","position":2,"name":"Shop","item":"https:\/\/global-hookah.com\/shop\/"},{"@type":"ListItem","position":3,"name":"Arab Mini Hookah Wholesale"}]},{"@type":"WebSite","@id":"https:\/\/global-hookah.com\/#website","url":"https:\/\/global-hookah.com\/","name":"Globale Wasserpfeife","description":"Globale Wasserpfeife","publisher":{"@id":"https:\/\/global-hookah.com\/#organization"},"potentialAction":[{"@type":"SearchAction","target":{"@type":"EntryPoint","urlTemplate":"https:\/\/global-hookah.com\/?s={search_term_string}"},"query-input":{"@type":"PropertyValueSpecification","valueRequired":true,"valueName":"search_term_string"}}],"inLanguage":"de"},{"@type":"Organization","@id":"https:\/\/global-hookah.com\/#organization","name":"Globale Wasserpfeife","url":"https:\/\/global-hookah.com\/","logo":{"@type":"ImageObject","inLanguage":"de","@id":"https:\/\/global-hookah.com\/#\/schema\/logo\/image\/","url":"https:\/\/global-hookah.com\/wp-content\/uploads\/2021\/10\/cropped-fgg.png","contentUrl":"https:\/\/global-hookah.com\/wp-content\/uploads\/2021\/10\/cropped-fgg.png","width":512,"height":512,"caption":"Global Hookah"},"image":{"@id":"https:\/\/global-hookah.com\/#\/schema\/logo\/image\/"}}]}},"_links":{"self":[{"href":"https:\/\/global-hookah.com\/de\/wp-json\/wp\/v2\/product\/21706","targetHints":{"allow":["GET"]}}],"collection":[{"href":"https:\/\/global-hookah.com\/de\/wp-json\/wp\/v2\/product"}],"about":[{"href":"https:\/\/global-hookah.com\/de\/wp-json\/wp\/v2\/types\/product"}],"replies":[{"embeddable":true,"href":"https:\/\/global-hookah.com\/de\/wp-json\/wp\/v2\/comments?post=21706"}],"version-history":[{"count":0,"href":"https:\/\/global-hookah.com\/de\/wp-json\/wp\/v2\/product\/21706\/revisions"}],"wp:featuredmedia":[{"embeddable":true,"href":"https:\/\/global-hookah.com\/de\/wp-json\/wp\/v2\/media\/21707"}],"wp:attachment":[{"href":"https:\/\/global-hookah.com\/de\/wp-json\/wp\/v2\/media?parent=21706"}],"wp:term":[{"taxonomy":"product_brand","embeddable":true,"href":"https:\/\/global-hookah.com\/de\/wp-json\/wp\/v2\/product_brand?post=21706"},{"taxonomy":"product_cat","embeddable":true,"href":"https:\/\/global-hookah.com\/de\/wp-json\/wp\/v2\/product_cat?post=21706"},{"taxonomy":"product_tag","embeddable":true,"href":"https:\/\/global-hookah.com\/de\/wp-json\/wp\/v2\/product_tag?post=21706"}],"curies":[{"name":"wp","href":"https:\/\/api.w.org\/{rel}","templated":true}]}}