{"id":21715,"date":"2024-04-25T06:25:51","date_gmt":"2024-04-25T06:25:51","guid":{"rendered":"https:\/\/global-hookah.com\/product\/skull-hookah-wholesale-2\/"},"modified":"2024-04-25T13:24:46","modified_gmt":"2024-04-25T13:24:46","slug":"black-skull-hookah-wholesale","status":"publish","type":"product","link":"https:\/\/global-hookah.com\/de\/produkt\/black-skull-hookah-wholesale\/","title":{"rendered":"Schwarzer Sch\u00e4del Wasserpfeife Gro\u00dfhandel"},"content":{"rendered":"<p><iframe title=\"Totenkopf Wasserpfeife\" width=\"500\" height=\"281\" src=\"https:\/\/www.youtube.com\/embed\/XzTGbnoql8g?feature=oembed\" frameborder=\"0\" allow=\"accelerometer; autoplay; clipboard-write; encrypted-media; gyroscope; picture-in-picture; web-share\" referrerpolicy=\"strict-origin-when-cross-origin\" allowfullscreen><\/iframe><\/p>\n<p>Sobald ich das hier gesehen habe <strong>cooler Totenkopf Wasserpfeife<\/strong>Das kantige Au\u00dfendesign hat es mir angetan. Die markante schwarze Totenkopfform scheint wie geschaffen f\u00fcr diejenigen unter uns, die Individualit\u00e4t und Rebellion suchen.<\/p>\n<p>Jeder Teil des Sch\u00e4dels ist kunstvoll geschnitzt, mit raffinierten Details in den Gesichtsz\u00fcgen, die ein bedrohliches und doch verspieltes Grinsen einfangen. Im Schein der gl\u00fchenden Lichter strahlt er eine geheimnisvolle Aura aus.<\/p>\n<p>Stellen Sie sich vor, Sie und Ihre Freunde sitzen um den Rauchtisch herum und der Rauch steigt und f\u00e4llt in der <strong>Totenkopf Wasserpfeife Bong<\/strong>gepaart mit seinem wilden Ausdruck, werden Sie ein wenig aufregenden Spa\u00df zu f\u00fchlen. Im Gegensatz zu Produkten von unterschiedlicher Qualit\u00e4t auf dem Markt, unsere <strong>Totenkopf Wasserpfeife Bong<\/strong> wird nicht unter Rissen oder Bruch leiden und kann Ihr Shisha-Leben lange begleiten.<\/p>\n<p>Im Inneren ist die<strong> Sch\u00e4del Kopf Wasserpfeife<\/strong> verwendet ein sorgf\u00e4ltig entwickeltes Luftstromsystem, das eine gleichm\u00e4\u00dfige, ungehinderte Rauchabgabe gew\u00e4hrleistet. Egal, welche Shisha-Geschmacksrichtung Sie w\u00e4hlen, sie wird das Aroma des Tabaks vollst\u00e4ndig freisetzen<\/p>\n<p>Nat\u00fcrlich braucht eine gute Hookah auch ein komplettes Set an Zubeh\u00f6r, um das ultimative Erlebnis zu bieten. So kommt diese Sch\u00e4del Shisha-Pfeife mit einem vollst\u00e4ndigen Satz von Funktionen eingebaut - mmetal Sch\u00fcssel und Schlauch, eine Schale mit einem Filter, um den Materialfluss zu steuern, Ersatzschlauch Spulen, und vieles mehr. Diese Details sind vollst\u00e4ndig f\u00fcr Sie ber\u00fccksichtigt!<\/p>\n<p>Material: Kunstharz<\/p>\n<p>H\u00f6he: 40cm<\/p>\n<p>Verpackung: wei\u00dfer Karton<\/p>\n<p>Gr\u00f6\u00dfe der Farbdose: 20,5\u00d718,5x21cm<\/p>\n<p>Einzelgewicht: 2,24 kg (einschlie\u00dflich wei\u00dfem Karton)<\/p>\n<p>Menge verpacken: 6 St\u00fcck<\/p>\n<p>Box-Manometer: 42x38x43cm<\/p>\n<p>Gewicht: 17,8 kg<\/p>\n<p><img fetchpriority=\"high\" decoding=\"async\" src=\"https:\/\/ae01.alicdn.com\/kf\/S65f27d8dfd4649f6b9f38d122ae8a192W.jpg?width=800&amp;height=835&amp;hash=1635\" width=\"790\" height=\"824\" \/><\/p>\n<p><img decoding=\"async\" src=\"https:\/\/ae01.alicdn.com\/kf\/S07ca5e3581fe42188a53413e12f004375.jpg?width=800&amp;height=829&amp;hash=1629\" width=\"790\" height=\"818\" \/><\/p>\n<p><img decoding=\"async\" src=\"https:\/\/ae01.alicdn.com\/kf\/Sba6423dbc3114529acef740b12c13dd3C.jpg?width=800&amp;height=847&amp;hash=1647\" width=\"790\" height=\"836\" \/><\/p>\n<p><img loading=\"lazy\" decoding=\"async\" src=\"https:\/\/ae01.alicdn.com\/kf\/Sd1f2fbe308fe477781341eb9900ff7fe9.jpg?width=800&amp;height=875&amp;hash=1675\" width=\"790\" height=\"864\" \/><\/p>\n<p><img loading=\"lazy\" decoding=\"async\" src=\"https:\/\/ae01.alicdn.com\/kf\/S0ae1ed254fce4f0987c7c1239c84d806x.jpg?width=800&amp;height=1025&amp;hash=1825\" width=\"790\" height=\"1012\" \/><br \/>\n<img decoding=\"async\" src=\"https:\/\/ae01.alicdn.com\/kf\/Se4482388ca4043dc9b71a297e28957db4.jpg?width=750&amp;height=833&amp;hash=1583\" \/><\/p>","protected":false},"excerpt":{"rendered":"<p>Als ich diese coole Totenkopf-Wasserpfeife erblickte, war ich sofort von ihrem kantigen Design fasziniert. Die<\/p>","protected":false},"featured_media":21716,"comment_status":"closed","ping_status":"closed","template":"","meta":{"iawp_total_views":12,"_joinchat":[]},"product_brand":[],"product_cat":[119],"product_tag":[],"class_list":{"0":"post-21715","1":"product","2":"type-product","3":"status-publish","4":"has-post-thumbnail","6":"product_cat-wholesale-hookah","8":"first","9":"instock","10":"shipping-taxable","11":"product-type-external"},"yoast_head":"<!-- This site is optimized with the Yoast SEO Premium plugin v24.7 (Yoast SEO v26.8) - https:\/\/yoast.com\/product\/yoast-seo-premium-wordpress\/ -->\n<title>Black Skull Hookah Wholesale - Global Hookah<\/title>\n<meta name=\"robots\" content=\"index, follow, max-snippet:-1, max-image-preview:large, max-video-preview:-1\" \/>\n<link rel=\"canonical\" href=\"https:\/\/global-hookah.com\/de\/produkt\/black-skull-hookah-wholesale\/\" \/>\n<meta property=\"og:locale\" content=\"de_DE\" \/>\n<meta property=\"og:type\" content=\"article\" \/>\n<meta property=\"og:title\" content=\"Black Skull Hookah Wholesale\" \/>\n<meta property=\"og:description\" content=\"As soon as I laid eyes on this cool skull hookah, I was drawn to its edgy exterior design. The\" \/>\n<meta property=\"og:url\" content=\"https:\/\/global-hookah.com\/de\/produkt\/black-skull-hookah-wholesale\/\" \/>\n<meta property=\"og:site_name\" content=\"Global Hookah\" \/>\n<meta property=\"article:modified_time\" content=\"2024-04-25T13:24:46+00:00\" \/>\n<meta property=\"og:image\" content=\"https:\/\/global-hookah.com\/wp-content\/uploads\/2024\/04\/kf-S9ef4c1b93c044f98a05f58b0d18175c8L-Barra-de-recarga-de-luz-Led-de-calavera-arabiga-para-cachimba-Ktv-conjunto-de-narguile-grande.webp\" \/>\n\t<meta property=\"og:image:width\" content=\"750\" \/>\n\t<meta property=\"og:image:height\" content=\"1000\" \/>\n\t<meta property=\"og:image:type\" content=\"image\/webp\" \/>\n<meta name=\"twitter:card\" content=\"summary_large_image\" \/>\n<meta name=\"twitter:label1\" content=\"Gesch\u00e4tzte Lesezeit\" \/>\n\t<meta name=\"twitter:data1\" content=\"3\u00a0Minuten\" \/>\n<script type=\"application\/ld+json\" class=\"yoast-schema-graph\">{\"@context\":\"https:\/\/schema.org\",\"@graph\":[{\"@type\":\"WebPage\",\"@id\":\"https:\/\/global-hookah.com\/product\/black-skull-hookah-wholesale\/\",\"url\":\"https:\/\/global-hookah.com\/product\/black-skull-hookah-wholesale\/\",\"name\":\"Black Skull Hookah Wholesale - Global Hookah\",\"isPartOf\":{\"@id\":\"https:\/\/global-hookah.com\/#website\"},\"primaryImageOfPage\":{\"@id\":\"https:\/\/global-hookah.com\/product\/black-skull-hookah-wholesale\/#primaryimage\"},\"image\":{\"@id\":\"https:\/\/global-hookah.com\/product\/black-skull-hookah-wholesale\/#primaryimage\"},\"thumbnailUrl\":\"https:\/\/global-hookah.com\/wp-content\/uploads\/2024\/04\/kf-S9ef4c1b93c044f98a05f58b0d18175c8L-Barra-de-recarga-de-luz-Led-de-calavera-arabiga-para-cachimba-Ktv-conjunto-de-narguile-grande.webp\",\"datePublished\":\"2024-04-25T06:25:51+00:00\",\"dateModified\":\"2024-04-25T13:24:46+00:00\",\"breadcrumb\":{\"@id\":\"https:\/\/global-hookah.com\/product\/black-skull-hookah-wholesale\/#breadcrumb\"},\"inLanguage\":\"de\",\"potentialAction\":[{\"@type\":\"ReadAction\",\"target\":[\"https:\/\/global-hookah.com\/product\/black-skull-hookah-wholesale\/\"]}]},{\"@type\":\"ImageObject\",\"inLanguage\":\"de\",\"@id\":\"https:\/\/global-hookah.com\/product\/black-skull-hookah-wholesale\/#primaryimage\",\"url\":\"https:\/\/global-hookah.com\/wp-content\/uploads\/2024\/04\/kf-S9ef4c1b93c044f98a05f58b0d18175c8L-Barra-de-recarga-de-luz-Led-de-calavera-arabiga-para-cachimba-Ktv-conjunto-de-narguile-grande.webp\",\"contentUrl\":\"https:\/\/global-hookah.com\/wp-content\/uploads\/2024\/04\/kf-S9ef4c1b93c044f98a05f58b0d18175c8L-Barra-de-recarga-de-luz-Led-de-calavera-arabiga-para-cachimba-Ktv-conjunto-de-narguile-grande.webp\",\"width\":750,\"height\":1000,\"caption\":\"Black Skull Hookah Wholesale\"},{\"@type\":\"BreadcrumbList\",\"@id\":\"https:\/\/global-hookah.com\/product\/black-skull-hookah-wholesale\/#breadcrumb\",\"itemListElement\":[{\"@type\":\"ListItem\",\"position\":1,\"name\":\"Home\",\"item\":\"https:\/\/global-hookah.com\/\"},{\"@type\":\"ListItem\",\"position\":2,\"name\":\"Shop\",\"item\":\"https:\/\/global-hookah.com\/shop\/\"},{\"@type\":\"ListItem\",\"position\":3,\"name\":\"Black Skull Hookah Wholesale\"}]},{\"@type\":\"WebSite\",\"@id\":\"https:\/\/global-hookah.com\/#website\",\"url\":\"https:\/\/global-hookah.com\/\",\"name\":\"Global Hookah\",\"description\":\"Global Hookah\",\"publisher\":{\"@id\":\"https:\/\/global-hookah.com\/#organization\"},\"potentialAction\":[{\"@type\":\"SearchAction\",\"target\":{\"@type\":\"EntryPoint\",\"urlTemplate\":\"https:\/\/global-hookah.com\/?s={search_term_string}\"},\"query-input\":{\"@type\":\"PropertyValueSpecification\",\"valueRequired\":true,\"valueName\":\"search_term_string\"}}],\"inLanguage\":\"de\"},{\"@type\":\"Organization\",\"@id\":\"https:\/\/global-hookah.com\/#organization\",\"name\":\"Global Hookah\",\"url\":\"https:\/\/global-hookah.com\/\",\"logo\":{\"@type\":\"ImageObject\",\"inLanguage\":\"de\",\"@id\":\"https:\/\/global-hookah.com\/#\/schema\/logo\/image\/\",\"url\":\"https:\/\/global-hookah.com\/wp-content\/uploads\/2021\/10\/cropped-fgg.png\",\"contentUrl\":\"https:\/\/global-hookah.com\/wp-content\/uploads\/2021\/10\/cropped-fgg.png\",\"width\":512,\"height\":512,\"caption\":\"Global Hookah\"},\"image\":{\"@id\":\"https:\/\/global-hookah.com\/#\/schema\/logo\/image\/\"}}]}<\/script>\n<!-- \/ Yoast SEO Premium plugin. -->","yoast_head_json":{"title":"Schwarzer Sch\u00e4del Wasserpfeife Gro\u00dfhandel - Global Hookah","robots":{"index":"index","follow":"follow","max-snippet":"max-snippet:-1","max-image-preview":"max-image-preview:large","max-video-preview":"max-video-preview:-1"},"canonical":"https:\/\/global-hookah.com\/de\/produkt\/black-skull-hookah-wholesale\/","og_locale":"de_DE","og_type":"article","og_title":"Black Skull Hookah Wholesale","og_description":"As soon as I laid eyes on this cool skull hookah, I was drawn to its edgy exterior design. The","og_url":"https:\/\/global-hookah.com\/de\/produkt\/black-skull-hookah-wholesale\/","og_site_name":"Global Hookah","article_modified_time":"2024-04-25T13:24:46+00:00","og_image":[{"width":750,"height":1000,"url":"https:\/\/global-hookah.com\/wp-content\/uploads\/2024\/04\/kf-S9ef4c1b93c044f98a05f58b0d18175c8L-Barra-de-recarga-de-luz-Led-de-calavera-arabiga-para-cachimba-Ktv-conjunto-de-narguile-grande.webp","type":"image\/webp"}],"twitter_card":"summary_large_image","twitter_misc":{"Gesch\u00e4tzte Lesezeit":"3\u00a0Minuten"},"schema":{"@context":"https:\/\/schema.org","@graph":[{"@type":"WebPage","@id":"https:\/\/global-hookah.com\/product\/black-skull-hookah-wholesale\/","url":"https:\/\/global-hookah.com\/product\/black-skull-hookah-wholesale\/","name":"Schwarzer Sch\u00e4del Wasserpfeife Gro\u00dfhandel - Global Hookah","isPartOf":{"@id":"https:\/\/global-hookah.com\/#website"},"primaryImageOfPage":{"@id":"https:\/\/global-hookah.com\/product\/black-skull-hookah-wholesale\/#primaryimage"},"image":{"@id":"https:\/\/global-hookah.com\/product\/black-skull-hookah-wholesale\/#primaryimage"},"thumbnailUrl":"https:\/\/global-hookah.com\/wp-content\/uploads\/2024\/04\/kf-S9ef4c1b93c044f98a05f58b0d18175c8L-Barra-de-recarga-de-luz-Led-de-calavera-arabiga-para-cachimba-Ktv-conjunto-de-narguile-grande.webp","datePublished":"2024-04-25T06:25:51+00:00","dateModified":"2024-04-25T13:24:46+00:00","breadcrumb":{"@id":"https:\/\/global-hookah.com\/product\/black-skull-hookah-wholesale\/#breadcrumb"},"inLanguage":"de","potentialAction":[{"@type":"ReadAction","target":["https:\/\/global-hookah.com\/product\/black-skull-hookah-wholesale\/"]}]},{"@type":"ImageObject","inLanguage":"de","@id":"https:\/\/global-hookah.com\/product\/black-skull-hookah-wholesale\/#primaryimage","url":"https:\/\/global-hookah.com\/wp-content\/uploads\/2024\/04\/kf-S9ef4c1b93c044f98a05f58b0d18175c8L-Barra-de-recarga-de-luz-Led-de-calavera-arabiga-para-cachimba-Ktv-conjunto-de-narguile-grande.webp","contentUrl":"https:\/\/global-hookah.com\/wp-content\/uploads\/2024\/04\/kf-S9ef4c1b93c044f98a05f58b0d18175c8L-Barra-de-recarga-de-luz-Led-de-calavera-arabiga-para-cachimba-Ktv-conjunto-de-narguile-grande.webp","width":750,"height":1000,"caption":"Black Skull Hookah Wholesale"},{"@type":"BreadcrumbList","@id":"https:\/\/global-hookah.com\/product\/black-skull-hookah-wholesale\/#breadcrumb","itemListElement":[{"@type":"ListItem","position":1,"name":"Home","item":"https:\/\/global-hookah.com\/"},{"@type":"ListItem","position":2,"name":"Shop","item":"https:\/\/global-hookah.com\/shop\/"},{"@type":"ListItem","position":3,"name":"Black Skull Hookah Wholesale"}]},{"@type":"WebSite","@id":"https:\/\/global-hookah.com\/#website","url":"https:\/\/global-hookah.com\/","name":"Globale Wasserpfeife","description":"Globale Wasserpfeife","publisher":{"@id":"https:\/\/global-hookah.com\/#organization"},"potentialAction":[{"@type":"SearchAction","target":{"@type":"EntryPoint","urlTemplate":"https:\/\/global-hookah.com\/?s={search_term_string}"},"query-input":{"@type":"PropertyValueSpecification","valueRequired":true,"valueName":"search_term_string"}}],"inLanguage":"de"},{"@type":"Organization","@id":"https:\/\/global-hookah.com\/#organization","name":"Globale Wasserpfeife","url":"https:\/\/global-hookah.com\/","logo":{"@type":"ImageObject","inLanguage":"de","@id":"https:\/\/global-hookah.com\/#\/schema\/logo\/image\/","url":"https:\/\/global-hookah.com\/wp-content\/uploads\/2021\/10\/cropped-fgg.png","contentUrl":"https:\/\/global-hookah.com\/wp-content\/uploads\/2021\/10\/cropped-fgg.png","width":512,"height":512,"caption":"Global Hookah"},"image":{"@id":"https:\/\/global-hookah.com\/#\/schema\/logo\/image\/"}}]}},"_links":{"self":[{"href":"https:\/\/global-hookah.com\/de\/wp-json\/wp\/v2\/product\/21715","targetHints":{"allow":["GET"]}}],"collection":[{"href":"https:\/\/global-hookah.com\/de\/wp-json\/wp\/v2\/product"}],"about":[{"href":"https:\/\/global-hookah.com\/de\/wp-json\/wp\/v2\/types\/product"}],"replies":[{"embeddable":true,"href":"https:\/\/global-hookah.com\/de\/wp-json\/wp\/v2\/comments?post=21715"}],"version-history":[{"count":0,"href":"https:\/\/global-hookah.com\/de\/wp-json\/wp\/v2\/product\/21715\/revisions"}],"wp:featuredmedia":[{"embeddable":true,"href":"https:\/\/global-hookah.com\/de\/wp-json\/wp\/v2\/media\/21716"}],"wp:attachment":[{"href":"https:\/\/global-hookah.com\/de\/wp-json\/wp\/v2\/media?parent=21715"}],"wp:term":[{"taxonomy":"product_brand","embeddable":true,"href":"https:\/\/global-hookah.com\/de\/wp-json\/wp\/v2\/product_brand?post=21715"},{"taxonomy":"product_cat","embeddable":true,"href":"https:\/\/global-hookah.com\/de\/wp-json\/wp\/v2\/product_cat?post=21715"},{"taxonomy":"product_tag","embeddable":true,"href":"https:\/\/global-hookah.com\/de\/wp-json\/wp\/v2\/product_tag?post=21715"}],"curies":[{"name":"wp","href":"https:\/\/api.w.org\/{rel}","templated":true}]}}