{"id":21723,"date":"2024-04-25T06:28:03","date_gmt":"2024-04-25T06:28:03","guid":{"rendered":"https:\/\/global-hookah.com\/product\/portable-hookah-cup-wholesale\/"},"modified":"2024-04-25T06:28:09","modified_gmt":"2024-04-25T06:28:09","slug":"portable-hookah-cup-wholesale","status":"publish","type":"product","link":"https:\/\/global-hookah.com\/de\/produkt\/portable-hookah-cup-wholesale\/","title":{"rendered":"Portable Hookah Cup Gro\u00dfhandel"},"content":{"rendered":"<div class=\"product-specs-list-container\">\n<ul class=\"product-specs-list util-clearfix\">\n<li class=\"product-prop line-limit-length\"><span\n\t\t\t\t\t\t\t\t\tclass=\"property-title\">Modellnummer:&nbsp;<\/span><span\n\t\t\t\t\t\t\t\t\tclass=\"property-desc line-limit-length\">SMT-SD7305<\/span>\n\t\t\t\t\t\t<\/li>\n<li class=\"product-prop line-limit-length\"><span\n\t\t\t\t\t\t\t\t\tclass=\"property-title\">Die Form:&nbsp;<\/span><span\n\t\t\t\t\t\t\t\t\tclass=\"property-desc line-limit-length\">Gerader Typ<\/span>\n\t\t\t\t\t\t<\/li>\n<li class=\"product-prop line-limit-length\"><span\n\t\t\t\t\t\t\t\t\tclass=\"property-title\">Die Technik:&nbsp;<\/span><span\n\t\t\t\t\t\t\t\t\tclass=\"property-desc line-limit-length\">GEFROREN<\/span>\n\t\t\t\t\t\t<\/li>\n<li class=\"product-prop line-limit-length\"><span\n\t\t\t\t\t\t\t\t\tclass=\"property-title\">Material:&nbsp;<\/span><span\n\t\t\t\t\t\t\t\t\tclass=\"property-desc line-limit-length\">Glas<\/span>\n\t\t\t\t\t\t<\/li>\n<li class=\"product-prop line-limit-length\"><span\n\t\t\t\t\t\t\t\t\tclass=\"property-title\">Herkunft:&nbsp;<\/span><span\n\t\t\t\t\t\t\t\t\tclass=\"property-desc line-limit-length\">Festland China<\/span>\n\t\t\t\t\t\t<\/li>\n<li class=\"product-prop line-limit-length\"><span\n\t\t\t\t\t\t\t\t\tclass=\"property-title\">Beschaffenheit des Materials:&nbsp;<\/span><span\n\t\t\t\t\t\t\t\t\tclass=\"property-desc line-limit-length\">Glas, Kunststoff, Legierung<\/span>\n\t\t\t\t\t\t<\/li>\n<\/ul><\/div>\n<p><span style=\"color:rgba(244,78,59,255);font-size:24px\">\u3010New Popular Bottle Water Pipe Portable Hookah Shisha Tobacco Smoking Pipes Circulation Filter Glass Tube Set Men Gift for Health\u3011<\/span><\/p>\n<p style=\"text-align:center\" align=\"center\"><span style=\"font-size:12px\">*****************************************************************************************<\/span><\/p>\n<p><span style=\"color:rgba(254,146,0,255);font-size:16px\">Es handelt sich um ein neuartiges, multifunktionales Hilfsmittel zum Rauchen, das das Rauchen interessanter und ges\u00fcnder macht und auch verschiedene Geschmackserlebnisse erm\u00f6glicht;<\/span><\/p>\n<p><span style=\"color:rgba(254,146,0,255);font-size:16px\">W\u00e4hrend des Rauchens k\u00f6nnen einige sch\u00e4dliche Stoffe in Zigaretten durch die Wasserfiltration wirksam gefiltert werden; dies hat eine gewisse Schutzwirkung f\u00fcr Raucher!<\/span><\/p>\n<p><span style=\"color:rgba(254,146,0,255);font-size:16px\">[Der Boden der Wasserpfeife ist aus Glas, durchscheinend und wei\u00df gefrostet. Nach der Farbe der oberen Abdeckung, sind die Unterschiede: Gold, Silber und Schwarz;<\/span><\/p>\n<p><\/p>\n<p><span style=\"color:rgba(254,146,0,255);font-size:16px\">[Der Topfk\u00f6rper besteht aus mattiertem Glas (um St\u00fcrze und Ber\u00fchrungen w\u00e4hrend des Gebrauchs und der Lagerung zu vermeiden); die obere Abdeckung besteht aus einer Legierung, und die Saugd\u00fcse ist aus umweltfreundlichem Kunststoff gefertigt;<\/span><\/p>\n<p><\/p>\n<p><span style=\"color:rgba(254,146,0,255);font-size:16px\">[\u00d6ffnen Sie den Deckel des Topfes und geben Sie sauberes Wasser oder fl\u00fcssige Getr\u00e4nke, Cola, Saft usw. hinein;<\/span><\/p>\n<p><\/p>\n<p><span style=\"color:rgba(254,146,0,255);font-size:16px\">F\u00fcllen der Pfeife mit Schnitttabak oder Zigaretten;<\/span><\/p>\n<p><\/p>\n<p><span style=\"color:rgba(254,146,0,255);font-size:16px\">Langsam anz\u00fcnden und rauchen (Anz\u00fcndhilfen und Zigaretten m\u00fcssen selbst mitgebracht werden);<\/span><\/p>\n<p><\/p>\n<p><span style=\"color:rgba(254,146,0,255);font-size:16px\">\u00d6ffnen Sie die obere Abdeckung zum Reinigen;<\/span><\/p>\n<p><\/p>\n<p><span style=\"color:rgba(254,146,0,255);font-size:16px\">Zwei Saugd\u00fcsen k\u00f6nnen je nach Bedarf ausgetauscht werden;<\/span><\/p>\n<p style=\"text-align:center\" align=\"center\"><span style=\"font-size:12px\">--------------------------------------------------------<\/span><\/p>\n<p style=\"text-align:center\" align=\"center\"><img decoding=\"async\" src=\"https:\/\/ae01.alicdn.com\/kf\/H94c3232a0dff427bad9d642d5f6170d6e.jpg\" slate-data-type=\"image\"\/><\/p>\n<p><\/p>\n<p style=\"text-align:center\" align=\"center\"><img decoding=\"async\" src=\"https:\/\/ae01.alicdn.com\/kf\/H44bf4ed07501422dac90e30cf7b9bb05B.jpg\" slate-data-type=\"image\"\/><img decoding=\"async\" src=\"https:\/\/ae01.alicdn.com\/kf\/H170f185c42874e00a0a4f3f53cc4453a8.jpg\" slate-data-type=\"image\"\/><img decoding=\"async\" src=\"https:\/\/ae01.alicdn.com\/kf\/H4568e7e215704034956f5a2a10cec839e.jpg\" slate-data-type=\"image\"\/><\/p>\n<p><\/p>\n<p style=\"text-align:center\" align=\"center\"><img decoding=\"async\" src=\"https:\/\/ae01.alicdn.com\/kf\/H5390a6eeae9844eb8a2896eed3df17868.jpg\" slate-data-type=\"image\"\/><img decoding=\"async\" src=\"https:\/\/ae01.alicdn.com\/kf\/Hd68b1c92ed894b2b8fa6cc58232fb0555.jpg\" slate-data-type=\"image\"\/><\/p>\n<p><\/p>\n<p style=\"text-align:center\" align=\"center\"><img decoding=\"async\" src=\"https:\/\/ae01.alicdn.com\/kf\/H73236432d1b94442a21d5780bb30bc21B.jpg\" slate-data-type=\"image\"\/><\/p>\n<p><\/p>\n<p style=\"text-align:center\" align=\"center\"><img decoding=\"async\" src=\"https:\/\/ae01.alicdn.com\/kf\/H644544dc89a34ddda8e4ca9b4423b071e.jpg\" slate-data-type=\"image\"\/><\/p>","protected":false},"excerpt":{"rendered":"<p>Modellnummer: SMT-SD7305 Form: Gerader Typ Technik: FROSTED Material: Glas Herkunft: Festland China Beschaffenheit des Materials: Glas, Kunststoff, Legierung \u3010New Popular Bottle Water Pipe Portable Hookah<\/p>","protected":false},"featured_media":21724,"comment_status":"","ping_status":"closed","template":"","meta":{"iawp_total_views":11,"_joinchat":[]},"product_brand":[],"product_cat":[559,119],"product_tag":[],"class_list":{"0":"post-21723","1":"product","2":"type-product","3":"status-publish","4":"has-post-thumbnail","6":"product_cat-portable-hookah-wholesale","7":"product_cat-wholesale-hookah","9":"first","10":"instock","11":"shipping-taxable","12":"purchasable","13":"product-type-variable"},"yoast_head":"<!-- This site is optimized with the Yoast SEO Premium plugin v24.7 (Yoast SEO v26.8) - https:\/\/yoast.com\/product\/yoast-seo-premium-wordpress\/ -->\n<title>Portable Hookah Cup Wholesale - Global Hookah<\/title>\n<meta name=\"robots\" content=\"index, follow, max-snippet:-1, max-image-preview:large, max-video-preview:-1\" \/>\n<link rel=\"canonical\" href=\"https:\/\/global-hookah.com\/de\/it\/prodotto\/tazza-portatile-per-narghile-allingrosso\/\" \/>\n<meta property=\"og:locale\" content=\"de_DE\" \/>\n<meta property=\"og:type\" content=\"article\" \/>\n<meta property=\"og:title\" content=\"Portable Hookah Cup Wholesale\" \/>\n<meta property=\"og:description\" content=\"Model Number:&nbsp;SMT-SD7305 Shape:&nbsp;Straight Type Technics:&nbsp;FROSTED Material:&nbsp;glass Origin:&nbsp;Mainland China texture of material:&nbsp;Glass, plastic, alloy \u3010New Popular Bottle Water Pipe Portable Hookah\" \/>\n<meta property=\"og:url\" content=\"https:\/\/global-hookah.com\/de\/it\/prodotto\/tazza-portatile-per-narghile-allingrosso\/\" \/>\n<meta property=\"og:site_name\" content=\"Global Hookah\" \/>\n<meta property=\"article:modified_time\" content=\"2024-04-25T06:28:09+00:00\" \/>\n<meta property=\"og:image\" content=\"https:\/\/global-hookah.com\/wp-content\/uploads\/2024\/04\/kf-H93915d6369c04b3c91c72cc78a232ef1V-New-Popular-Bottle-Water-Pipe-Portable-Hookah-Shisha-Tobacco-Smoking-Pipes-Circulation-Filter-Glass-Tube-Set.webp\" \/>\n\t<meta property=\"og:image:width\" content=\"800\" \/>\n\t<meta property=\"og:image:height\" content=\"800\" \/>\n\t<meta property=\"og:image:type\" content=\"image\/webp\" \/>\n<meta name=\"twitter:card\" content=\"summary_large_image\" \/>\n<meta name=\"twitter:label1\" content=\"Gesch\u00e4tzte Lesezeit\" \/>\n\t<meta name=\"twitter:data1\" content=\"1\u00a0Minute\" \/>\n<script type=\"application\/ld+json\" class=\"yoast-schema-graph\">{\"@context\":\"https:\/\/schema.org\",\"@graph\":[{\"@type\":\"WebPage\",\"@id\":\"https:\/\/global-hookah.com\/it\/prodotto\/tazza-portatile-per-narghile-allingrosso\/\",\"url\":\"https:\/\/global-hookah.com\/it\/prodotto\/tazza-portatile-per-narghile-allingrosso\/\",\"name\":\"Portable Hookah Cup Wholesale - Global Hookah\",\"isPartOf\":{\"@id\":\"https:\/\/global-hookah.com\/#website\"},\"primaryImageOfPage\":{\"@id\":\"https:\/\/global-hookah.com\/it\/prodotto\/tazza-portatile-per-narghile-allingrosso\/#primaryimage\"},\"image\":{\"@id\":\"https:\/\/global-hookah.com\/it\/prodotto\/tazza-portatile-per-narghile-allingrosso\/#primaryimage\"},\"thumbnailUrl\":\"https:\/\/global-hookah.com\/wp-content\/uploads\/2024\/04\/kf-H93915d6369c04b3c91c72cc78a232ef1V-New-Popular-Bottle-Water-Pipe-Portable-Hookah-Shisha-Tobacco-Smoking-Pipes-Circulation-Filter-Glass-Tube-Set.webp\",\"datePublished\":\"2024-04-25T06:28:03+00:00\",\"dateModified\":\"2024-04-25T06:28:09+00:00\",\"breadcrumb\":{\"@id\":\"https:\/\/global-hookah.com\/it\/prodotto\/tazza-portatile-per-narghile-allingrosso\/#breadcrumb\"},\"inLanguage\":\"de\",\"potentialAction\":[{\"@type\":\"ReadAction\",\"target\":[\"https:\/\/global-hookah.com\/it\/prodotto\/tazza-portatile-per-narghile-allingrosso\/\"]}]},{\"@type\":\"ImageObject\",\"inLanguage\":\"de\",\"@id\":\"https:\/\/global-hookah.com\/it\/prodotto\/tazza-portatile-per-narghile-allingrosso\/#primaryimage\",\"url\":\"https:\/\/global-hookah.com\/wp-content\/uploads\/2024\/04\/kf-H93915d6369c04b3c91c72cc78a232ef1V-New-Popular-Bottle-Water-Pipe-Portable-Hookah-Shisha-Tobacco-Smoking-Pipes-Circulation-Filter-Glass-Tube-Set.webp\",\"contentUrl\":\"https:\/\/global-hookah.com\/wp-content\/uploads\/2024\/04\/kf-H93915d6369c04b3c91c72cc78a232ef1V-New-Popular-Bottle-Water-Pipe-Portable-Hookah-Shisha-Tobacco-Smoking-Pipes-Circulation-Filter-Glass-Tube-Set.webp\",\"width\":800,\"height\":800},{\"@type\":\"BreadcrumbList\",\"@id\":\"https:\/\/global-hookah.com\/it\/prodotto\/tazza-portatile-per-narghile-allingrosso\/#breadcrumb\",\"itemListElement\":[{\"@type\":\"ListItem\",\"position\":1,\"name\":\"Home\",\"item\":\"https:\/\/global-hookah.com\/\"},{\"@type\":\"ListItem\",\"position\":2,\"name\":\"Shop\",\"item\":\"https:\/\/global-hookah.com\/shop\/\"},{\"@type\":\"ListItem\",\"position\":3,\"name\":\"Portable Hookah Cup Wholesale\"}]},{\"@type\":\"WebSite\",\"@id\":\"https:\/\/global-hookah.com\/#website\",\"url\":\"https:\/\/global-hookah.com\/\",\"name\":\"Global Hookah\",\"description\":\"Global Hookah\",\"publisher\":{\"@id\":\"https:\/\/global-hookah.com\/#organization\"},\"potentialAction\":[{\"@type\":\"SearchAction\",\"target\":{\"@type\":\"EntryPoint\",\"urlTemplate\":\"https:\/\/global-hookah.com\/?s={search_term_string}\"},\"query-input\":{\"@type\":\"PropertyValueSpecification\",\"valueRequired\":true,\"valueName\":\"search_term_string\"}}],\"inLanguage\":\"de\"},{\"@type\":\"Organization\",\"@id\":\"https:\/\/global-hookah.com\/#organization\",\"name\":\"Global Hookah\",\"url\":\"https:\/\/global-hookah.com\/\",\"logo\":{\"@type\":\"ImageObject\",\"inLanguage\":\"de\",\"@id\":\"https:\/\/global-hookah.com\/#\/schema\/logo\/image\/\",\"url\":\"https:\/\/global-hookah.com\/wp-content\/uploads\/2021\/10\/cropped-fgg.png\",\"contentUrl\":\"https:\/\/global-hookah.com\/wp-content\/uploads\/2021\/10\/cropped-fgg.png\",\"width\":512,\"height\":512,\"caption\":\"Global Hookah\"},\"image\":{\"@id\":\"https:\/\/global-hookah.com\/#\/schema\/logo\/image\/\"}}]}<\/script>\n<!-- \/ Yoast SEO Premium plugin. -->","yoast_head_json":{"title":"Tragbare Hookah Tasse Gro\u00dfhandel - Global Hookah","robots":{"index":"index","follow":"follow","max-snippet":"max-snippet:-1","max-image-preview":"max-image-preview:large","max-video-preview":"max-video-preview:-1"},"canonical":"https:\/\/global-hookah.com\/de\/it\/prodotto\/tazza-portatile-per-narghile-allingrosso\/","og_locale":"de_DE","og_type":"article","og_title":"Portable Hookah Cup Wholesale","og_description":"Model Number:&nbsp;SMT-SD7305 Shape:&nbsp;Straight Type Technics:&nbsp;FROSTED Material:&nbsp;glass Origin:&nbsp;Mainland China texture of material:&nbsp;Glass, plastic, alloy \u3010New Popular Bottle Water Pipe Portable Hookah","og_url":"https:\/\/global-hookah.com\/de\/it\/prodotto\/tazza-portatile-per-narghile-allingrosso\/","og_site_name":"Global Hookah","article_modified_time":"2024-04-25T06:28:09+00:00","og_image":[{"width":800,"height":800,"url":"https:\/\/global-hookah.com\/wp-content\/uploads\/2024\/04\/kf-H93915d6369c04b3c91c72cc78a232ef1V-New-Popular-Bottle-Water-Pipe-Portable-Hookah-Shisha-Tobacco-Smoking-Pipes-Circulation-Filter-Glass-Tube-Set.webp","type":"image\/webp"}],"twitter_card":"summary_large_image","twitter_misc":{"Gesch\u00e4tzte Lesezeit":"1\u00a0Minute"},"schema":{"@context":"https:\/\/schema.org","@graph":[{"@type":"WebPage","@id":"https:\/\/global-hookah.com\/it\/prodotto\/tazza-portatile-per-narghile-allingrosso\/","url":"https:\/\/global-hookah.com\/it\/prodotto\/tazza-portatile-per-narghile-allingrosso\/","name":"Tragbare Hookah Tasse Gro\u00dfhandel - Global Hookah","isPartOf":{"@id":"https:\/\/global-hookah.com\/#website"},"primaryImageOfPage":{"@id":"https:\/\/global-hookah.com\/it\/prodotto\/tazza-portatile-per-narghile-allingrosso\/#primaryimage"},"image":{"@id":"https:\/\/global-hookah.com\/it\/prodotto\/tazza-portatile-per-narghile-allingrosso\/#primaryimage"},"thumbnailUrl":"https:\/\/global-hookah.com\/wp-content\/uploads\/2024\/04\/kf-H93915d6369c04b3c91c72cc78a232ef1V-New-Popular-Bottle-Water-Pipe-Portable-Hookah-Shisha-Tobacco-Smoking-Pipes-Circulation-Filter-Glass-Tube-Set.webp","datePublished":"2024-04-25T06:28:03+00:00","dateModified":"2024-04-25T06:28:09+00:00","breadcrumb":{"@id":"https:\/\/global-hookah.com\/it\/prodotto\/tazza-portatile-per-narghile-allingrosso\/#breadcrumb"},"inLanguage":"de","potentialAction":[{"@type":"ReadAction","target":["https:\/\/global-hookah.com\/it\/prodotto\/tazza-portatile-per-narghile-allingrosso\/"]}]},{"@type":"ImageObject","inLanguage":"de","@id":"https:\/\/global-hookah.com\/it\/prodotto\/tazza-portatile-per-narghile-allingrosso\/#primaryimage","url":"https:\/\/global-hookah.com\/wp-content\/uploads\/2024\/04\/kf-H93915d6369c04b3c91c72cc78a232ef1V-New-Popular-Bottle-Water-Pipe-Portable-Hookah-Shisha-Tobacco-Smoking-Pipes-Circulation-Filter-Glass-Tube-Set.webp","contentUrl":"https:\/\/global-hookah.com\/wp-content\/uploads\/2024\/04\/kf-H93915d6369c04b3c91c72cc78a232ef1V-New-Popular-Bottle-Water-Pipe-Portable-Hookah-Shisha-Tobacco-Smoking-Pipes-Circulation-Filter-Glass-Tube-Set.webp","width":800,"height":800},{"@type":"BreadcrumbList","@id":"https:\/\/global-hookah.com\/it\/prodotto\/tazza-portatile-per-narghile-allingrosso\/#breadcrumb","itemListElement":[{"@type":"ListItem","position":1,"name":"Home","item":"https:\/\/global-hookah.com\/"},{"@type":"ListItem","position":2,"name":"Shop","item":"https:\/\/global-hookah.com\/shop\/"},{"@type":"ListItem","position":3,"name":"Portable Hookah Cup Wholesale"}]},{"@type":"WebSite","@id":"https:\/\/global-hookah.com\/#website","url":"https:\/\/global-hookah.com\/","name":"Globale Wasserpfeife","description":"Globale Wasserpfeife","publisher":{"@id":"https:\/\/global-hookah.com\/#organization"},"potentialAction":[{"@type":"SearchAction","target":{"@type":"EntryPoint","urlTemplate":"https:\/\/global-hookah.com\/?s={search_term_string}"},"query-input":{"@type":"PropertyValueSpecification","valueRequired":true,"valueName":"search_term_string"}}],"inLanguage":"de"},{"@type":"Organization","@id":"https:\/\/global-hookah.com\/#organization","name":"Globale Wasserpfeife","url":"https:\/\/global-hookah.com\/","logo":{"@type":"ImageObject","inLanguage":"de","@id":"https:\/\/global-hookah.com\/#\/schema\/logo\/image\/","url":"https:\/\/global-hookah.com\/wp-content\/uploads\/2021\/10\/cropped-fgg.png","contentUrl":"https:\/\/global-hookah.com\/wp-content\/uploads\/2021\/10\/cropped-fgg.png","width":512,"height":512,"caption":"Global Hookah"},"image":{"@id":"https:\/\/global-hookah.com\/#\/schema\/logo\/image\/"}}]}},"_links":{"self":[{"href":"https:\/\/global-hookah.com\/de\/wp-json\/wp\/v2\/product\/21723","targetHints":{"allow":["GET"]}}],"collection":[{"href":"https:\/\/global-hookah.com\/de\/wp-json\/wp\/v2\/product"}],"about":[{"href":"https:\/\/global-hookah.com\/de\/wp-json\/wp\/v2\/types\/product"}],"replies":[{"embeddable":true,"href":"https:\/\/global-hookah.com\/de\/wp-json\/wp\/v2\/comments?post=21723"}],"version-history":[{"count":0,"href":"https:\/\/global-hookah.com\/de\/wp-json\/wp\/v2\/product\/21723\/revisions"}],"wp:featuredmedia":[{"embeddable":true,"href":"https:\/\/global-hookah.com\/de\/wp-json\/wp\/v2\/media\/21724"}],"wp:attachment":[{"href":"https:\/\/global-hookah.com\/de\/wp-json\/wp\/v2\/media?parent=21723"}],"wp:term":[{"taxonomy":"product_brand","embeddable":true,"href":"https:\/\/global-hookah.com\/de\/wp-json\/wp\/v2\/product_brand?post=21723"},{"taxonomy":"product_cat","embeddable":true,"href":"https:\/\/global-hookah.com\/de\/wp-json\/wp\/v2\/product_cat?post=21723"},{"taxonomy":"product_tag","embeddable":true,"href":"https:\/\/global-hookah.com\/de\/wp-json\/wp\/v2\/product_tag?post=21723"}],"curies":[{"name":"wp","href":"https:\/\/api.w.org\/{rel}","templated":true}]}}