{"id":21731,"date":"2024-04-25T06:29:18","date_gmt":"2024-04-25T06:29:18","guid":{"rendered":"https:\/\/global-hookah.com\/product\/metal-hookah-pipe-wholesale\/"},"modified":"2024-04-25T12:04:08","modified_gmt":"2024-04-25T12:04:08","slug":"metal-hookah-pipe-wholesale","status":"publish","type":"product","link":"https:\/\/global-hookah.com\/de\/produkt\/metal-hookah-pipe-wholesale\/","title":{"rendered":"Metall Hookah Rohr Gro\u00dfhandel"},"content":{"rendered":"<div class=\"product-specs-list-container\">\n<p><span data-preserver-spaces=\"true\">Ich wei\u00df, dass Sie als Wasserpfeifen-Kenner wie Sie selbst nicht wollen, dass diese sch\u00e4big hergestellt werden, <strong>Wasserpfeifen von fragw\u00fcrdiger Qualit\u00e4t<\/strong>richtig? Nun, unser <strong>Metall Hookah Pfeife<\/strong> ist f\u00fcr Sie ma\u00dfgeschneidert! Er ist aus hochwertigem Aluminium gefertigt, nicht nur robust und\u00a0<\/span><span data-preserver-spaces=\"true\">dauerhaft,<\/span><span data-preserver-spaces=\"true\">\u00a0aber auch auf Hochglanz poliert, das Gef\u00fchl\u00a0<\/span><span data-preserver-spaces=\"true\">cool<\/span><span data-preserver-spaces=\"true\">\u00a0und weich anf\u00fchlen und ein ausgezeichnetes Raucherlebnis bieten.<\/span><\/p>\n<p>&nbsp;<\/p>\n<p><span data-preserver-spaces=\"true\">Diese <strong>Metall Hookah Pfeife<\/strong><\/span><span data-preserver-spaces=\"true\">\u00a0verwendet eine unglasierte <a href=\"https:\/\/global-hookah.com\/product-category\/hookah-accessories-wholesale\/hookah-bowl-wholesale\/\">Keramik Wasserpfeife Sch\u00fcssel<\/a>. Seine por\u00f6se Struktur kann das Aroma des Tabaks vollst\u00e4ndig absorbieren und l\u00e4sst traditionelle Tabakpackungen mit nur einer Geschmacksrichtung wie nie zuvor mit bis zu 120% ihres Charmes erstrahlen! Stellen Sie sich einfach vor, wie Ihr Lieblings-Shisha-Tabak in dieser unglasierten Packung schmecken w\u00fcrde.\u00a0<\/span><span data-preserver-spaces=\"true\">Wasserpfeife<\/span><span data-preserver-spaces=\"true\">!<\/span><\/p>\n<p>&nbsp;<\/p>\n<p><span data-preserver-spaces=\"true\">Nat\u00fcrlich ist dies <strong>Metall Hookah Pfeife<\/strong>\u00a0<\/span><span data-preserver-spaces=\"true\">hat mehr zu bieten<\/span><span data-preserver-spaces=\"true\">\u00a0als nur ein\u00a0<\/span><span data-preserver-spaces=\"true\">cool<\/span><span data-preserver-spaces=\"true\">\u00a0Brenner<\/span><span data-preserver-spaces=\"true\">es<\/span><span data-preserver-spaces=\"true\">\u00a0bietet auch eine hervorragende Abdichtung. Es werden hochwertige Gummifittings verwendet, die eine 360-Grad-Abdichtung zwischen dem Rohr und dem Glasboden erreichen. Selbst nach l\u00e4ngerem Gebrauch gibt es keinerlei Luftlecks.<\/span><\/p>\n<p>&nbsp;<\/p>\n<p><span data-preserver-spaces=\"true\">Ebenso ist die T\u00fclle, die den Schlauch mit der Wasserpfeife verbindet\u00a0<\/span><span data-preserver-spaces=\"true\">auch<\/span><span data-preserver-spaces=\"true\">\u00a0sorgt f\u00fcr perfekte\u00a0<\/span><span data-preserver-spaces=\"true\">Luftdichtheit,<\/span><span data-preserver-spaces=\"true\">\u00a0ohne l\u00e4stige\u00a0<\/span><span data-preserver-spaces=\"true\">Luft<\/span><span data-preserver-spaces=\"true\">\u00a0Lecks.<\/span><span data-preserver-spaces=\"true\">\u00a0<\/span><span data-preserver-spaces=\"true\">Diese<\/span><span data-preserver-spaces=\"true\">\u00a0k\u00f6nnen Sie garantiert ein sanftes und reines Shisha-Erlebnis genie\u00dfen.<\/span><\/p>\n<p>&nbsp;<\/p>\n<p><span data-preserver-spaces=\"true\">Ich wei\u00df, dass Sie sich eine solche hervorragende Metall-Wasserpfeife nicht entgehen lassen wollen. Wir sind bereit, Sie mit der h\u00f6chsten Qualit\u00e4t der Produkte und Dienstleistungen zu bieten. Wenn Sie Gro\u00dfhandel ben\u00f6tigen diese\u00a0<\/span><span data-preserver-spaces=\"true\">Wasserpfeife<\/span><span data-preserver-spaces=\"true\">bitte\u00a0<\/span><span data-preserver-spaces=\"true\">Sie k\u00f6nnen gerne<\/span><span data-preserver-spaces=\"true\">\u00a0kontaktieren Sie uns.<\/span><\/p>\n<ul class=\"product-specs-list util-clearfix\">\n<li class=\"product-prop line-limit-length\"><span class=\"property-title\">Produktkategorie:\u00a0<\/span><span class=\"property-desc line-limit-length\">Tabaktopf<\/span><\/li>\n<li class=\"product-prop line-limit-length\"><span class=\"property-title\">Material:\u00a0<\/span><span class=\"property-desc line-limit-length\">Aluminium<\/span><\/li>\n<\/ul>\n<\/div>\n<div class=\"detailmodule_html\">\n<div class=\"detail-desc-decorate-richtext\">\n<p><img decoding=\"async\" src=\"https:\/\/ae01.alicdn.com\/kf\/S1447cd4ed3d6446a96e768af9eef422fy.jpg?width=800&amp;height=714&amp;hash=1514\" alt=\"undefined\" width=\"790\" height=\"705.075\" \/><\/p>\n<p><img fetchpriority=\"high\" decoding=\"async\" src=\"https:\/\/ae03.alicdn.com\/kf\/S2c02fb4fa7584b2094869dc143916e58h.jpg\" alt=\"undefined\" width=\"789\" height=\"789\" \/><\/p>\n<p><img decoding=\"async\" src=\"https:\/\/ae01.alicdn.com\/kf\/S7705eb4592a84050af9b969ef9fecfdaH.jpg?width=750&amp;height=750&amp;hash=1500\" alt=\"undefined\" width=\"789\" height=\"789\" \/><\/p>\n<p><img decoding=\"async\" src=\"https:\/\/ae01.alicdn.com\/kf\/S8f48ee78b20c418c8db9268ec0b59e04r.jpg?width=800&amp;height=432&amp;hash=1232\" alt=\"undefined\" width=\"790\" height=\"426.6\" \/><\/p>\n<p><img decoding=\"async\" src=\"https:\/\/ae01.alicdn.com\/kf\/S535dc7481d9f43d684318d227911835dL.jpg?width=750&amp;height=750&amp;hash=1500\" alt=\"undefined\" width=\"791\" height=\"791\" \/><br \/>\n<img loading=\"lazy\" decoding=\"async\" src=\"https:\/\/ae01.alicdn.com\/kf\/Sd67f8ac6973b40c8b034f30661ac29f6C.jpg?width=750&amp;height=750&amp;hash=1500\" alt=\"_MG_9563\" width=\"789\" height=\"789\" \/><br \/>\n<img loading=\"lazy\" decoding=\"async\" src=\"https:\/\/ae01.alicdn.com\/kf\/Sf3a9bbca961142b4a662263a265b688dz.jpg?width=750&amp;height=750&amp;hash=1500\" alt=\"_MG_9595\" width=\"788\" height=\"788\" \/><br \/>\n<img loading=\"lazy\" decoding=\"async\" src=\"https:\/\/ae01.alicdn.com\/kf\/Sce4e7f28827941ff8b54524e9fb73f87g.jpg?width=750&amp;height=750&amp;hash=1500\" alt=\"_MG_9582\" width=\"787\" height=\"787\" \/><br \/>\n<img loading=\"lazy\" decoding=\"async\" src=\"https:\/\/ae01.alicdn.com\/kf\/Sd2e78217d55a4c9fbff5fe7107ce8030H.jpg?width=1000&amp;height=1000&amp;hash=2000\" alt=\"_MG_9551\" width=\"786\" height=\"786\" \/><br \/>\n<img loading=\"lazy\" decoding=\"async\" src=\"https:\/\/ae01.alicdn.com\/kf\/S9f7a284e56e64a2b9a0b2304f071580dK.jpg?width=1000&amp;height=1000&amp;hash=2000\" alt=\"_MG_9570\" width=\"789\" height=\"789\" \/><\/p>\n<p><img decoding=\"async\" src=\"https:\/\/ae01.alicdn.com\/kf\/S519b2c56cc7a450ebce3253720144b80X.jpg?width=800&amp;height=506&amp;hash=1306\" alt=\"undefined\" width=\"790\" height=\"499.675\" \/><br \/>\n<img decoding=\"async\" src=\"https:\/\/ae01.alicdn.com\/kf\/S0137e49f7e1d4eb1a5029c5a1dcc5a5bB.jpg?width=800&amp;height=701&amp;hash=1501\" alt=\"undefined\" width=\"790\" height=\"692.2375000000001\" \/><br \/>\n<img decoding=\"async\" src=\"https:\/\/ae01.alicdn.com\/kf\/S30885683b2d9442385f1431157ee01312.jpg?width=800&amp;height=615&amp;hash=1415\" alt=\"undefined\" width=\"790\" height=\"607.3125\" \/><br \/>\n<img decoding=\"async\" src=\"https:\/\/ae01.alicdn.com\/kf\/S2ea100e278504f91ae2028847c1bce75s.jpg?width=800&amp;height=579&amp;hash=1379\" alt=\"undefined\" width=\"790\" height=\"571.7625\" \/><br \/>\n<img decoding=\"async\" src=\"https:\/\/ae01.alicdn.com\/kf\/Sc408666f79944f67883839e48f0928c5X.jpg?width=800&amp;height=549&amp;hash=1349\" alt=\"undefined\" width=\"790\" height=\"542.1375\" \/><\/p>\n<\/div>\n<\/div>","protected":false},"excerpt":{"rendered":"<p>Ich wei\u00df, als Wasserpfeifen-Kenner wie Sie, wollen Sie bestimmt nicht, dass diese sch\u00e4big hergestellten Wasserpfeifen von fragw\u00fcrdiger Qualit\u00e4t sind, oder? Nun, unser<\/p>","protected":false},"featured_media":21732,"comment_status":"closed","ping_status":"closed","template":"","meta":{"iawp_total_views":0,"_joinchat":[]},"product_brand":[],"product_cat":[119],"product_tag":[],"class_list":{"0":"post-21731","1":"product","2":"type-product","3":"status-publish","4":"has-post-thumbnail","6":"product_cat-wholesale-hookah","8":"first","9":"instock","10":"shipping-taxable","11":"product-type-external"},"yoast_head":"<!-- This site is optimized with the Yoast SEO Premium plugin v24.7 (Yoast SEO v26.8) - https:\/\/yoast.com\/product\/yoast-seo-premium-wordpress\/ -->\n<title>Metal Hookah Pipe Wholesale - Global Hookah<\/title>\n<meta name=\"robots\" content=\"index, follow, max-snippet:-1, max-image-preview:large, max-video-preview:-1\" \/>\n<link rel=\"canonical\" href=\"https:\/\/global-hookah.com\/de\/produkt\/metal-hookah-pipe-wholesale\/\" \/>\n<meta property=\"og:locale\" content=\"de_DE\" \/>\n<meta property=\"og:type\" content=\"article\" \/>\n<meta property=\"og:title\" content=\"Metal Hookah Pipe Wholesale\" \/>\n<meta property=\"og:description\" content=\"I know, as a hookah connoisseur like yourself, you must not want those shoddily made, questionable-quality hookahs, right? Well, our\" \/>\n<meta property=\"og:url\" content=\"https:\/\/global-hookah.com\/de\/produkt\/metal-hookah-pipe-wholesale\/\" \/>\n<meta property=\"og:site_name\" content=\"Global Hookah\" \/>\n<meta property=\"article:modified_time\" content=\"2024-04-25T12:04:08+00:00\" \/>\n<meta property=\"og:image\" content=\"https:\/\/global-hookah.com\/wp-content\/uploads\/2024\/04\/kf-S65a63c3484bc455c8255ed95ab131efea-Double-Cycle-Filter-Cigarette-Holder-Metal-Hookah-Pipe-Smoking-Set-Gifts-for-Men-Lighters-Accessories-Household.webp\" \/>\n\t<meta property=\"og:image:width\" content=\"800\" \/>\n\t<meta property=\"og:image:height\" content=\"800\" \/>\n\t<meta property=\"og:image:type\" content=\"image\/webp\" \/>\n<meta name=\"twitter:card\" content=\"summary_large_image\" \/>\n<meta name=\"twitter:label1\" content=\"Gesch\u00e4tzte Lesezeit\" \/>\n\t<meta name=\"twitter:data1\" content=\"5\u00a0Minuten\" \/>\n<script type=\"application\/ld+json\" class=\"yoast-schema-graph\">{\"@context\":\"https:\/\/schema.org\",\"@graph\":[{\"@type\":\"WebPage\",\"@id\":\"https:\/\/global-hookah.com\/product\/metal-hookah-pipe-wholesale\/\",\"url\":\"https:\/\/global-hookah.com\/product\/metal-hookah-pipe-wholesale\/\",\"name\":\"Metal Hookah Pipe Wholesale - Global Hookah\",\"isPartOf\":{\"@id\":\"https:\/\/global-hookah.com\/#website\"},\"primaryImageOfPage\":{\"@id\":\"https:\/\/global-hookah.com\/product\/metal-hookah-pipe-wholesale\/#primaryimage\"},\"image\":{\"@id\":\"https:\/\/global-hookah.com\/product\/metal-hookah-pipe-wholesale\/#primaryimage\"},\"thumbnailUrl\":\"https:\/\/global-hookah.com\/wp-content\/uploads\/2024\/04\/kf-S65a63c3484bc455c8255ed95ab131efea-Double-Cycle-Filter-Cigarette-Holder-Metal-Hookah-Pipe-Smoking-Set-Gifts-for-Men-Lighters-Accessories-Household.webp\",\"datePublished\":\"2024-04-25T06:29:18+00:00\",\"dateModified\":\"2024-04-25T12:04:08+00:00\",\"breadcrumb\":{\"@id\":\"https:\/\/global-hookah.com\/product\/metal-hookah-pipe-wholesale\/#breadcrumb\"},\"inLanguage\":\"de\",\"potentialAction\":[{\"@type\":\"ReadAction\",\"target\":[\"https:\/\/global-hookah.com\/product\/metal-hookah-pipe-wholesale\/\"]}]},{\"@type\":\"ImageObject\",\"inLanguage\":\"de\",\"@id\":\"https:\/\/global-hookah.com\/product\/metal-hookah-pipe-wholesale\/#primaryimage\",\"url\":\"https:\/\/global-hookah.com\/wp-content\/uploads\/2024\/04\/kf-S65a63c3484bc455c8255ed95ab131efea-Double-Cycle-Filter-Cigarette-Holder-Metal-Hookah-Pipe-Smoking-Set-Gifts-for-Men-Lighters-Accessories-Household.webp\",\"contentUrl\":\"https:\/\/global-hookah.com\/wp-content\/uploads\/2024\/04\/kf-S65a63c3484bc455c8255ed95ab131efea-Double-Cycle-Filter-Cigarette-Holder-Metal-Hookah-Pipe-Smoking-Set-Gifts-for-Men-Lighters-Accessories-Household.webp\",\"width\":800,\"height\":800},{\"@type\":\"BreadcrumbList\",\"@id\":\"https:\/\/global-hookah.com\/product\/metal-hookah-pipe-wholesale\/#breadcrumb\",\"itemListElement\":[{\"@type\":\"ListItem\",\"position\":1,\"name\":\"Home\",\"item\":\"https:\/\/global-hookah.com\/\"},{\"@type\":\"ListItem\",\"position\":2,\"name\":\"Shop\",\"item\":\"https:\/\/global-hookah.com\/shop\/\"},{\"@type\":\"ListItem\",\"position\":3,\"name\":\"Metal Hookah Pipe Wholesale\"}]},{\"@type\":\"WebSite\",\"@id\":\"https:\/\/global-hookah.com\/#website\",\"url\":\"https:\/\/global-hookah.com\/\",\"name\":\"Global Hookah\",\"description\":\"Global Hookah\",\"publisher\":{\"@id\":\"https:\/\/global-hookah.com\/#organization\"},\"potentialAction\":[{\"@type\":\"SearchAction\",\"target\":{\"@type\":\"EntryPoint\",\"urlTemplate\":\"https:\/\/global-hookah.com\/?s={search_term_string}\"},\"query-input\":{\"@type\":\"PropertyValueSpecification\",\"valueRequired\":true,\"valueName\":\"search_term_string\"}}],\"inLanguage\":\"de\"},{\"@type\":\"Organization\",\"@id\":\"https:\/\/global-hookah.com\/#organization\",\"name\":\"Global Hookah\",\"url\":\"https:\/\/global-hookah.com\/\",\"logo\":{\"@type\":\"ImageObject\",\"inLanguage\":\"de\",\"@id\":\"https:\/\/global-hookah.com\/#\/schema\/logo\/image\/\",\"url\":\"https:\/\/global-hookah.com\/wp-content\/uploads\/2021\/10\/cropped-fgg.png\",\"contentUrl\":\"https:\/\/global-hookah.com\/wp-content\/uploads\/2021\/10\/cropped-fgg.png\",\"width\":512,\"height\":512,\"caption\":\"Global Hookah\"},\"image\":{\"@id\":\"https:\/\/global-hookah.com\/#\/schema\/logo\/image\/\"}}]}<\/script>\n<!-- \/ Yoast SEO Premium plugin. -->","yoast_head_json":{"title":"Metall Hookah Rohr Gro\u00dfhandel - Global Hookah","robots":{"index":"index","follow":"follow","max-snippet":"max-snippet:-1","max-image-preview":"max-image-preview:large","max-video-preview":"max-video-preview:-1"},"canonical":"https:\/\/global-hookah.com\/de\/produkt\/metal-hookah-pipe-wholesale\/","og_locale":"de_DE","og_type":"article","og_title":"Metal Hookah Pipe Wholesale","og_description":"I know, as a hookah connoisseur like yourself, you must not want those shoddily made, questionable-quality hookahs, right? Well, our","og_url":"https:\/\/global-hookah.com\/de\/produkt\/metal-hookah-pipe-wholesale\/","og_site_name":"Global Hookah","article_modified_time":"2024-04-25T12:04:08+00:00","og_image":[{"width":800,"height":800,"url":"https:\/\/global-hookah.com\/wp-content\/uploads\/2024\/04\/kf-S65a63c3484bc455c8255ed95ab131efea-Double-Cycle-Filter-Cigarette-Holder-Metal-Hookah-Pipe-Smoking-Set-Gifts-for-Men-Lighters-Accessories-Household.webp","type":"image\/webp"}],"twitter_card":"summary_large_image","twitter_misc":{"Gesch\u00e4tzte Lesezeit":"5\u00a0Minuten"},"schema":{"@context":"https:\/\/schema.org","@graph":[{"@type":"WebPage","@id":"https:\/\/global-hookah.com\/product\/metal-hookah-pipe-wholesale\/","url":"https:\/\/global-hookah.com\/product\/metal-hookah-pipe-wholesale\/","name":"Metall Hookah Rohr Gro\u00dfhandel - Global Hookah","isPartOf":{"@id":"https:\/\/global-hookah.com\/#website"},"primaryImageOfPage":{"@id":"https:\/\/global-hookah.com\/product\/metal-hookah-pipe-wholesale\/#primaryimage"},"image":{"@id":"https:\/\/global-hookah.com\/product\/metal-hookah-pipe-wholesale\/#primaryimage"},"thumbnailUrl":"https:\/\/global-hookah.com\/wp-content\/uploads\/2024\/04\/kf-S65a63c3484bc455c8255ed95ab131efea-Double-Cycle-Filter-Cigarette-Holder-Metal-Hookah-Pipe-Smoking-Set-Gifts-for-Men-Lighters-Accessories-Household.webp","datePublished":"2024-04-25T06:29:18+00:00","dateModified":"2024-04-25T12:04:08+00:00","breadcrumb":{"@id":"https:\/\/global-hookah.com\/product\/metal-hookah-pipe-wholesale\/#breadcrumb"},"inLanguage":"de","potentialAction":[{"@type":"ReadAction","target":["https:\/\/global-hookah.com\/product\/metal-hookah-pipe-wholesale\/"]}]},{"@type":"ImageObject","inLanguage":"de","@id":"https:\/\/global-hookah.com\/product\/metal-hookah-pipe-wholesale\/#primaryimage","url":"https:\/\/global-hookah.com\/wp-content\/uploads\/2024\/04\/kf-S65a63c3484bc455c8255ed95ab131efea-Double-Cycle-Filter-Cigarette-Holder-Metal-Hookah-Pipe-Smoking-Set-Gifts-for-Men-Lighters-Accessories-Household.webp","contentUrl":"https:\/\/global-hookah.com\/wp-content\/uploads\/2024\/04\/kf-S65a63c3484bc455c8255ed95ab131efea-Double-Cycle-Filter-Cigarette-Holder-Metal-Hookah-Pipe-Smoking-Set-Gifts-for-Men-Lighters-Accessories-Household.webp","width":800,"height":800},{"@type":"BreadcrumbList","@id":"https:\/\/global-hookah.com\/product\/metal-hookah-pipe-wholesale\/#breadcrumb","itemListElement":[{"@type":"ListItem","position":1,"name":"Home","item":"https:\/\/global-hookah.com\/"},{"@type":"ListItem","position":2,"name":"Shop","item":"https:\/\/global-hookah.com\/shop\/"},{"@type":"ListItem","position":3,"name":"Metal Hookah Pipe Wholesale"}]},{"@type":"WebSite","@id":"https:\/\/global-hookah.com\/#website","url":"https:\/\/global-hookah.com\/","name":"Globale Wasserpfeife","description":"Globale Wasserpfeife","publisher":{"@id":"https:\/\/global-hookah.com\/#organization"},"potentialAction":[{"@type":"SearchAction","target":{"@type":"EntryPoint","urlTemplate":"https:\/\/global-hookah.com\/?s={search_term_string}"},"query-input":{"@type":"PropertyValueSpecification","valueRequired":true,"valueName":"search_term_string"}}],"inLanguage":"de"},{"@type":"Organization","@id":"https:\/\/global-hookah.com\/#organization","name":"Globale Wasserpfeife","url":"https:\/\/global-hookah.com\/","logo":{"@type":"ImageObject","inLanguage":"de","@id":"https:\/\/global-hookah.com\/#\/schema\/logo\/image\/","url":"https:\/\/global-hookah.com\/wp-content\/uploads\/2021\/10\/cropped-fgg.png","contentUrl":"https:\/\/global-hookah.com\/wp-content\/uploads\/2021\/10\/cropped-fgg.png","width":512,"height":512,"caption":"Global Hookah"},"image":{"@id":"https:\/\/global-hookah.com\/#\/schema\/logo\/image\/"}}]}},"_links":{"self":[{"href":"https:\/\/global-hookah.com\/de\/wp-json\/wp\/v2\/product\/21731","targetHints":{"allow":["GET"]}}],"collection":[{"href":"https:\/\/global-hookah.com\/de\/wp-json\/wp\/v2\/product"}],"about":[{"href":"https:\/\/global-hookah.com\/de\/wp-json\/wp\/v2\/types\/product"}],"replies":[{"embeddable":true,"href":"https:\/\/global-hookah.com\/de\/wp-json\/wp\/v2\/comments?post=21731"}],"version-history":[{"count":0,"href":"https:\/\/global-hookah.com\/de\/wp-json\/wp\/v2\/product\/21731\/revisions"}],"wp:featuredmedia":[{"embeddable":true,"href":"https:\/\/global-hookah.com\/de\/wp-json\/wp\/v2\/media\/21732"}],"wp:attachment":[{"href":"https:\/\/global-hookah.com\/de\/wp-json\/wp\/v2\/media?parent=21731"}],"wp:term":[{"taxonomy":"product_brand","embeddable":true,"href":"https:\/\/global-hookah.com\/de\/wp-json\/wp\/v2\/product_brand?post=21731"},{"taxonomy":"product_cat","embeddable":true,"href":"https:\/\/global-hookah.com\/de\/wp-json\/wp\/v2\/product_cat?post=21731"},{"taxonomy":"product_tag","embeddable":true,"href":"https:\/\/global-hookah.com\/de\/wp-json\/wp\/v2\/product_tag?post=21731"}],"curies":[{"name":"wp","href":"https:\/\/api.w.org\/{rel}","templated":true}]}}