{"id":21809,"date":"2024-04-27T01:10:31","date_gmt":"2024-04-27T01:10:31","guid":{"rendered":"https:\/\/global-hookah.com\/product\/mini-weed-hookah-with-three-legged-wholesale\/"},"modified":"2024-04-27T03:43:13","modified_gmt":"2024-04-27T03:43:13","slug":"mini-weed-hookah-with-three-legged-wholesale","status":"publish","type":"product","link":"https:\/\/global-hookah.com\/de\/produkt\/mini-weed-hookah-with-three-legged-wholesale\/","title":{"rendered":"Mini Weed Hookah mit dreibeinigem Gro\u00dfhandel"},"content":{"rendered":"<p><iframe title=\"Mini Wasserpfeife mit dreibeinigem Fu\u00df\" width=\"500\" height=\"375\" src=\"https:\/\/www.youtube.com\/embed\/OrBnl7M7ckY?feature=oembed\" frameborder=\"0\" allow=\"accelerometer; autoplay; clipboard-write; encrypted-media; gyroscope; picture-in-picture; web-share\" referrerpolicy=\"strict-origin-when-cross-origin\" allowfullscreen><\/iframe><\/p>\n<p><span data-preserver-spaces=\"true\"><strong>Mini Weed Wasserpfeife<\/strong> nimmt einen dreibeinigen St\u00e4nder aus einer Aluminiumlegierung, stabil genug, um die Wasserpfeife zu unterst\u00fctzen\u00a0<\/span><span data-preserver-spaces=\"true\">Ger\u00e4t,<\/span><span data-preserver-spaces=\"true\">\u00a0und tragbar f\u00fcr den Transport. Ob\u00a0<\/span><span data-preserver-spaces=\"true\">Es ist<\/span><span data-preserver-spaces=\"true\">\u00a0<\/span><span data-preserver-spaces=\"true\">Innenbereich<\/span><span data-preserver-spaces=\"true\">\u00a0Auf dem Balkon oder auf der Wiese im Freien k\u00f6nnen Sie schnell Ihren eigenen Raucherraum einrichten, um mit Freunden zu rauchen.<\/span><\/p>\n<p><span data-preserver-spaces=\"true\">Diese <strong>Mini Weed Wasserpfeife<\/strong> hat eine mittelgro\u00dfe Glasvase, und das Filtersystem ist mit importierten deutschen Komponenten ausgestattet, die einen unglaublich sanften gereinigten Rauch liefern. Es ist mini in\u00a0<\/span><span data-preserver-spaces=\"true\">Gr\u00f6\u00dfe,<\/span><span data-preserver-spaces=\"true\">\u00a0kann dir aber die schockierende Erfahrung vermitteln, die das Kiffen verdient.<\/span><\/p>\n<p><span data-preserver-spaces=\"true\">Wenn Sie sich auch nach der Freiheit sehnen, Gras zu genie\u00dfen, ist diese dreibeinige Mini-Wasserpfeife Ihre erste Wahl. Wir bieten faire und vern\u00fcnftige<a href=\"https:\/\/global-hookah.com\/product-category\/wholesale-hookah\/\"> Gro\u00dfhandel\u00a0<\/a><\/span><span data-preserver-spaces=\"true\">Preise,<\/span><span data-preserver-spaces=\"true\">\u00a0wert zu besitzen!<\/span><\/p>\n<div class=\"detailmodule_html\">\n<div class=\"detail-desc-decorate-richtext\">\n<div>\n<div>\n<div><span style=\"font-size: 16px;\"><span style=\"font-family: 'comic sans ms', cursive;\">Material:Glas&amp;Metall&amp;Keramik<\/span><\/span><\/div>\n<div><span style=\"font-size: 16px;\"><span style=\"font-family: 'comic sans ms', cursive;\">Gesamth\u00f6he: Ungef\u00e4hr 29cm(11.41inch)<\/span><\/span><\/div>\n<div><span style=\"font-size: 16px;\"><span style=\"font-family: 'comic sans ms', cursive;\">Farbe: Schwarz, Blau<\/span><\/span><\/div>\n<div><span style=\"font-size: 16px;\"><span style=\"font-family: 'comic sans ms', cursive;\">Verwendung:Shisha Wasserpfeife Nargile Sheesha Narguile Chicha Cachimbas <a href=\"https:\/\/global-hookah.com\/product\/custom-design-creative-portable-water-pipe-wholesale\/\">Wasserpfeife<\/a><\/span><\/span><\/div>\n<div><span style=\"font-size: 16px;\"><span style=\"font-family: 'comic sans ms', cursive;\">Geeigneter Ort: Haus, Bar, Club, Hochzeit, Party, Outdoor, und so weiter<\/span><\/span><\/div>\n<div><span style=\"font-size: 16px;\"><span style=\"font-family: 'comic sans ms', cursive;\">Packliste:<\/span><\/span><\/div>\n<div><span style=\"font-size: 16px;\"><span style=\"font-family: 'comic sans ms', cursive;\">1PCS X <a href=\"https:\/\/global-hookah.com\/product\/2-hoses-glass-hookah-pipe-wholesale\/\">Glas Wasserpfeife<\/a> Basis (einschlie\u00dflich des notwendigen Zubeh\u00f6rs wie auf dem Foto zu sehen)<\/span><\/span><\/div>\n<div><span style=\"font-size: 16px;\"><span style=\"font-family: 'comic sans ms', cursive;\">1PCS X Silikonschlauch<\/span><\/span><\/div>\n<div><span style=\"font-size: 16px;\"><span style=\"font-family: 'comic sans ms', cursive;\">1PCS X Holzkohlezange aus Metall<\/span><\/span><\/div>\n<div><span style=\"font-size: 16px;\"><span style=\"font-family: 'comic sans ms', cursive;\">1PCS X Keramische Wasserpfeife Sch\u00fcssel<\/span><\/span><\/div>\n<div><span style=\"font-size: 16px;\"><span style=\"font-family: 'comic sans ms', cursive;\">Zur Erinnerung:<\/span><\/span><\/div>\n<div><span style=\"font-size: 16px;\"><span style=\"font-family: 'comic sans ms', cursive;\">1. Da verschiedene Computer Farben unterschiedlich darstellen, kann die Farbe des tats\u00e4chlichen Artikels leicht von den obigen Bildern abweichen.<\/span><\/span><\/div>\n<div><span style=\"font-size: 16px;\"><span style=\"font-family: 'comic sans ms', cursive;\">2. Bitte erlauben Sie 1-3cm unterscheidet sich aufgrund der manuellen Messung.<\/span><\/span><\/div>\n<div><span style=\"font-size: 16px;\"><span style=\"font-family: 'comic sans ms', cursive;\">3. Wenn das Produkt w\u00e4hrend des Versands besch\u00e4digt ist, kontaktieren Sie uns bitte, bevor Sie Feedback hinterlassen.<\/span><\/span><\/div>\n<div><span style=\"font-size: 16px;\"><span style=\"font-family: 'comic sans ms', cursive;\">Vielen Dank f\u00fcr Ihr Verst\u00e4ndnis.<\/span><\/span><\/div>\n<div><span style=\"font-size: 16px;\"><span style=\"font-family: 'comic sans ms', cursive;\">Hinweis:<\/span><\/span><\/div>\n<div><span style=\"font-size: 16px;\"><span style=\"font-family: 'comic sans ms', cursive;\">Wir k\u00f6nnen OEM-Bestellungen annehmen! Wenn Sie anpassen m\u00fcssen, kontaktieren Sie uns bitte durch die Station Brief!<\/span><\/span><\/div>\n<\/div>\n<\/div>\n<p><img decoding=\"async\" src=\"https:\/\/ae01.alicdn.com\/kf\/Hc2ec6f6d4d6d463499d4c83a309ce273a.jpg\" \/><img decoding=\"async\" src=\"https:\/\/ae01.alicdn.com\/kf\/He5e33377d4af40f4ab80f09fb1bd5728R.jpg\" \/><img decoding=\"async\" src=\"https:\/\/ae01.alicdn.com\/kf\/H77033e65a47f46e2a09a60355b86bc642.jpg\" \/><img decoding=\"async\" src=\"https:\/\/ae01.alicdn.com\/kf\/H73bbf1af967546b7a2b77b268f957bf7n.jpg\" \/><img decoding=\"async\" src=\"https:\/\/ae01.alicdn.com\/kf\/Hc1b1d179998c4741aecc102de5645665W.jpg\" \/><img decoding=\"async\" src=\"https:\/\/ae01.alicdn.com\/kf\/He92e8a6bce10409996aaf2a53ee65e20S.jpg\" \/><img decoding=\"async\" src=\"https:\/\/ae01.alicdn.com\/kf\/He2a5bc6e971d431da3fbaace6597d6e5b.jpg\" \/><\/p>\n<\/div>\n<\/div>\n<div class=\"detailmodule_dynamic\"><\/div>\n<div class=\"detailmodule_html\">\n<div class=\"detail-desc-decorate-richtext\"><\/div>\n<\/div>\n<p>&nbsp;<\/p>","protected":false},"excerpt":{"rendered":"<p>Mini Weed Hookah nimmt einen dreibeinigen Stand aus Aluminiumlegierung, stabil genug, um die Wasserpfeife Ger\u00e4t zu unterst\u00fctzen, und tragbar f\u00fcr den Transport.<\/p>","protected":false},"featured_media":21810,"comment_status":"closed","ping_status":"closed","template":"","meta":{"iawp_total_views":32,"_joinchat":[]},"product_brand":[],"product_cat":[559],"product_tag":[],"class_list":{"0":"post-21809","1":"product","2":"type-product","3":"status-publish","4":"has-post-thumbnail","6":"product_cat-portable-hookah-wholesale","8":"first","9":"instock","10":"shipping-taxable","11":"product-type-external"},"yoast_head":"<!-- This site is optimized with the Yoast SEO Premium plugin v24.7 (Yoast SEO v26.8) - https:\/\/yoast.com\/product\/yoast-seo-premium-wordpress\/ -->\n<title>Mini Weed Hookah With Three-Legged Wholesale - Global Hookah<\/title>\n<meta name=\"robots\" content=\"index, follow, max-snippet:-1, max-image-preview:large, max-video-preview:-1\" \/>\n<link rel=\"canonical\" href=\"https:\/\/global-hookah.com\/de\/pt\/produto\/mini-narguile-de-maconha-com-tres-pernas-no-atacado\/\" \/>\n<meta property=\"og:locale\" content=\"de_DE\" \/>\n<meta property=\"og:type\" content=\"article\" \/>\n<meta property=\"og:title\" content=\"Mini Weed Hookah With Three-Legged Wholesale\" \/>\n<meta property=\"og:description\" content=\"Mini Weed Hookah adopts a three-legged stand made of aluminum alloy, stable enough to support the hookah\u00a0device,\u00a0and portable for carrying.\" \/>\n<meta property=\"og:url\" content=\"https:\/\/global-hookah.com\/de\/pt\/produto\/mini-narguile-de-maconha-com-tres-pernas-no-atacado\/\" \/>\n<meta property=\"og:site_name\" content=\"Global Hookah\" \/>\n<meta property=\"article:modified_time\" content=\"2024-04-27T03:43:13+00:00\" \/>\n<meta property=\"og:image\" content=\"https:\/\/global-hookah.com\/wp-content\/uploads\/2024\/04\/kf-Hd63a442b20ec41f1a27b2d2d8485d6f84-Mini-Shisha-Hookah-with-Three-legged-Nargile-Sheesha-Chicha-Water-Pipe-Cachimbas-Shisha-Hookah-Accessories.webp\" \/>\n\t<meta property=\"og:image:width\" content=\"1000\" \/>\n\t<meta property=\"og:image:height\" content=\"1000\" \/>\n\t<meta property=\"og:image:type\" content=\"image\/webp\" \/>\n<meta name=\"twitter:card\" content=\"summary_large_image\" \/>\n<meta name=\"twitter:label1\" content=\"Gesch\u00e4tzte Lesezeit\" \/>\n\t<meta name=\"twitter:data1\" content=\"3\u00a0Minuten\" \/>\n<script type=\"application\/ld+json\" class=\"yoast-schema-graph\">{\"@context\":\"https:\/\/schema.org\",\"@graph\":[{\"@type\":\"WebPage\",\"@id\":\"https:\/\/global-hookah.com\/pt\/produto\/mini-narguile-de-maconha-com-tres-pernas-no-atacado\/\",\"url\":\"https:\/\/global-hookah.com\/pt\/produto\/mini-narguile-de-maconha-com-tres-pernas-no-atacado\/\",\"name\":\"Mini Weed Hookah With Three-Legged Wholesale - Global Hookah\",\"isPartOf\":{\"@id\":\"https:\/\/global-hookah.com\/#website\"},\"primaryImageOfPage\":{\"@id\":\"https:\/\/global-hookah.com\/pt\/produto\/mini-narguile-de-maconha-com-tres-pernas-no-atacado\/#primaryimage\"},\"image\":{\"@id\":\"https:\/\/global-hookah.com\/pt\/produto\/mini-narguile-de-maconha-com-tres-pernas-no-atacado\/#primaryimage\"},\"thumbnailUrl\":\"https:\/\/global-hookah.com\/wp-content\/uploads\/2024\/04\/kf-Hd63a442b20ec41f1a27b2d2d8485d6f84-Mini-Shisha-Hookah-with-Three-legged-Nargile-Sheesha-Chicha-Water-Pipe-Cachimbas-Shisha-Hookah-Accessories.webp\",\"datePublished\":\"2024-04-27T01:10:31+00:00\",\"dateModified\":\"2024-04-27T03:43:13+00:00\",\"breadcrumb\":{\"@id\":\"https:\/\/global-hookah.com\/pt\/produto\/mini-narguile-de-maconha-com-tres-pernas-no-atacado\/#breadcrumb\"},\"inLanguage\":\"de\",\"potentialAction\":[{\"@type\":\"ReadAction\",\"target\":[\"https:\/\/global-hookah.com\/pt\/produto\/mini-narguile-de-maconha-com-tres-pernas-no-atacado\/\"]}]},{\"@type\":\"ImageObject\",\"inLanguage\":\"de\",\"@id\":\"https:\/\/global-hookah.com\/pt\/produto\/mini-narguile-de-maconha-com-tres-pernas-no-atacado\/#primaryimage\",\"url\":\"https:\/\/global-hookah.com\/wp-content\/uploads\/2024\/04\/kf-Hd63a442b20ec41f1a27b2d2d8485d6f84-Mini-Shisha-Hookah-with-Three-legged-Nargile-Sheesha-Chicha-Water-Pipe-Cachimbas-Shisha-Hookah-Accessories.webp\",\"contentUrl\":\"https:\/\/global-hookah.com\/wp-content\/uploads\/2024\/04\/kf-Hd63a442b20ec41f1a27b2d2d8485d6f84-Mini-Shisha-Hookah-with-Three-legged-Nargile-Sheesha-Chicha-Water-Pipe-Cachimbas-Shisha-Hookah-Accessories.webp\",\"width\":1000,\"height\":1000,\"caption\":\"Mini Weed Hookah With Three-Legged Wholesale\"},{\"@type\":\"BreadcrumbList\",\"@id\":\"https:\/\/global-hookah.com\/pt\/produto\/mini-narguile-de-maconha-com-tres-pernas-no-atacado\/#breadcrumb\",\"itemListElement\":[{\"@type\":\"ListItem\",\"position\":1,\"name\":\"Home\",\"item\":\"https:\/\/global-hookah.com\/\"},{\"@type\":\"ListItem\",\"position\":2,\"name\":\"Shop\",\"item\":\"https:\/\/global-hookah.com\/shop\/\"},{\"@type\":\"ListItem\",\"position\":3,\"name\":\"Mini Weed Hookah With Three-Legged Wholesale\"}]},{\"@type\":\"WebSite\",\"@id\":\"https:\/\/global-hookah.com\/#website\",\"url\":\"https:\/\/global-hookah.com\/\",\"name\":\"Global Hookah\",\"description\":\"Global Hookah\",\"publisher\":{\"@id\":\"https:\/\/global-hookah.com\/#organization\"},\"potentialAction\":[{\"@type\":\"SearchAction\",\"target\":{\"@type\":\"EntryPoint\",\"urlTemplate\":\"https:\/\/global-hookah.com\/?s={search_term_string}\"},\"query-input\":{\"@type\":\"PropertyValueSpecification\",\"valueRequired\":true,\"valueName\":\"search_term_string\"}}],\"inLanguage\":\"de\"},{\"@type\":\"Organization\",\"@id\":\"https:\/\/global-hookah.com\/#organization\",\"name\":\"Global Hookah\",\"url\":\"https:\/\/global-hookah.com\/\",\"logo\":{\"@type\":\"ImageObject\",\"inLanguage\":\"de\",\"@id\":\"https:\/\/global-hookah.com\/#\/schema\/logo\/image\/\",\"url\":\"https:\/\/global-hookah.com\/wp-content\/uploads\/2021\/10\/cropped-fgg.png\",\"contentUrl\":\"https:\/\/global-hookah.com\/wp-content\/uploads\/2021\/10\/cropped-fgg.png\",\"width\":512,\"height\":512,\"caption\":\"Global Hookah\"},\"image\":{\"@id\":\"https:\/\/global-hookah.com\/#\/schema\/logo\/image\/\"}}]}<\/script>\n<!-- \/ Yoast SEO Premium plugin. -->","yoast_head_json":{"title":"Mini Weed Hookah mit dreibeinigem Gro\u00dfhandel - Global Hookah","robots":{"index":"index","follow":"follow","max-snippet":"max-snippet:-1","max-image-preview":"max-image-preview:large","max-video-preview":"max-video-preview:-1"},"canonical":"https:\/\/global-hookah.com\/de\/pt\/produto\/mini-narguile-de-maconha-com-tres-pernas-no-atacado\/","og_locale":"de_DE","og_type":"article","og_title":"Mini Weed Hookah With Three-Legged Wholesale","og_description":"Mini Weed Hookah adopts a three-legged stand made of aluminum alloy, stable enough to support the hookah\u00a0device,\u00a0and portable for carrying.","og_url":"https:\/\/global-hookah.com\/de\/pt\/produto\/mini-narguile-de-maconha-com-tres-pernas-no-atacado\/","og_site_name":"Global Hookah","article_modified_time":"2024-04-27T03:43:13+00:00","og_image":[{"width":1000,"height":1000,"url":"https:\/\/global-hookah.com\/wp-content\/uploads\/2024\/04\/kf-Hd63a442b20ec41f1a27b2d2d8485d6f84-Mini-Shisha-Hookah-with-Three-legged-Nargile-Sheesha-Chicha-Water-Pipe-Cachimbas-Shisha-Hookah-Accessories.webp","type":"image\/webp"}],"twitter_card":"summary_large_image","twitter_misc":{"Gesch\u00e4tzte Lesezeit":"3\u00a0Minuten"},"schema":{"@context":"https:\/\/schema.org","@graph":[{"@type":"WebPage","@id":"https:\/\/global-hookah.com\/pt\/produto\/mini-narguile-de-maconha-com-tres-pernas-no-atacado\/","url":"https:\/\/global-hookah.com\/pt\/produto\/mini-narguile-de-maconha-com-tres-pernas-no-atacado\/","name":"Mini Weed Hookah mit dreibeinigem Gro\u00dfhandel - Global Hookah","isPartOf":{"@id":"https:\/\/global-hookah.com\/#website"},"primaryImageOfPage":{"@id":"https:\/\/global-hookah.com\/pt\/produto\/mini-narguile-de-maconha-com-tres-pernas-no-atacado\/#primaryimage"},"image":{"@id":"https:\/\/global-hookah.com\/pt\/produto\/mini-narguile-de-maconha-com-tres-pernas-no-atacado\/#primaryimage"},"thumbnailUrl":"https:\/\/global-hookah.com\/wp-content\/uploads\/2024\/04\/kf-Hd63a442b20ec41f1a27b2d2d8485d6f84-Mini-Shisha-Hookah-with-Three-legged-Nargile-Sheesha-Chicha-Water-Pipe-Cachimbas-Shisha-Hookah-Accessories.webp","datePublished":"2024-04-27T01:10:31+00:00","dateModified":"2024-04-27T03:43:13+00:00","breadcrumb":{"@id":"https:\/\/global-hookah.com\/pt\/produto\/mini-narguile-de-maconha-com-tres-pernas-no-atacado\/#breadcrumb"},"inLanguage":"de","potentialAction":[{"@type":"ReadAction","target":["https:\/\/global-hookah.com\/pt\/produto\/mini-narguile-de-maconha-com-tres-pernas-no-atacado\/"]}]},{"@type":"ImageObject","inLanguage":"de","@id":"https:\/\/global-hookah.com\/pt\/produto\/mini-narguile-de-maconha-com-tres-pernas-no-atacado\/#primaryimage","url":"https:\/\/global-hookah.com\/wp-content\/uploads\/2024\/04\/kf-Hd63a442b20ec41f1a27b2d2d8485d6f84-Mini-Shisha-Hookah-with-Three-legged-Nargile-Sheesha-Chicha-Water-Pipe-Cachimbas-Shisha-Hookah-Accessories.webp","contentUrl":"https:\/\/global-hookah.com\/wp-content\/uploads\/2024\/04\/kf-Hd63a442b20ec41f1a27b2d2d8485d6f84-Mini-Shisha-Hookah-with-Three-legged-Nargile-Sheesha-Chicha-Water-Pipe-Cachimbas-Shisha-Hookah-Accessories.webp","width":1000,"height":1000,"caption":"Mini Weed Hookah With Three-Legged Wholesale"},{"@type":"BreadcrumbList","@id":"https:\/\/global-hookah.com\/pt\/produto\/mini-narguile-de-maconha-com-tres-pernas-no-atacado\/#breadcrumb","itemListElement":[{"@type":"ListItem","position":1,"name":"Home","item":"https:\/\/global-hookah.com\/"},{"@type":"ListItem","position":2,"name":"Shop","item":"https:\/\/global-hookah.com\/shop\/"},{"@type":"ListItem","position":3,"name":"Mini Weed Hookah With Three-Legged Wholesale"}]},{"@type":"WebSite","@id":"https:\/\/global-hookah.com\/#website","url":"https:\/\/global-hookah.com\/","name":"Globale Wasserpfeife","description":"Globale Wasserpfeife","publisher":{"@id":"https:\/\/global-hookah.com\/#organization"},"potentialAction":[{"@type":"SearchAction","target":{"@type":"EntryPoint","urlTemplate":"https:\/\/global-hookah.com\/?s={search_term_string}"},"query-input":{"@type":"PropertyValueSpecification","valueRequired":true,"valueName":"search_term_string"}}],"inLanguage":"de"},{"@type":"Organization","@id":"https:\/\/global-hookah.com\/#organization","name":"Globale Wasserpfeife","url":"https:\/\/global-hookah.com\/","logo":{"@type":"ImageObject","inLanguage":"de","@id":"https:\/\/global-hookah.com\/#\/schema\/logo\/image\/","url":"https:\/\/global-hookah.com\/wp-content\/uploads\/2021\/10\/cropped-fgg.png","contentUrl":"https:\/\/global-hookah.com\/wp-content\/uploads\/2021\/10\/cropped-fgg.png","width":512,"height":512,"caption":"Global Hookah"},"image":{"@id":"https:\/\/global-hookah.com\/#\/schema\/logo\/image\/"}}]}},"_links":{"self":[{"href":"https:\/\/global-hookah.com\/de\/wp-json\/wp\/v2\/product\/21809","targetHints":{"allow":["GET"]}}],"collection":[{"href":"https:\/\/global-hookah.com\/de\/wp-json\/wp\/v2\/product"}],"about":[{"href":"https:\/\/global-hookah.com\/de\/wp-json\/wp\/v2\/types\/product"}],"replies":[{"embeddable":true,"href":"https:\/\/global-hookah.com\/de\/wp-json\/wp\/v2\/comments?post=21809"}],"version-history":[{"count":0,"href":"https:\/\/global-hookah.com\/de\/wp-json\/wp\/v2\/product\/21809\/revisions"}],"wp:featuredmedia":[{"embeddable":true,"href":"https:\/\/global-hookah.com\/de\/wp-json\/wp\/v2\/media\/21810"}],"wp:attachment":[{"href":"https:\/\/global-hookah.com\/de\/wp-json\/wp\/v2\/media?parent=21809"}],"wp:term":[{"taxonomy":"product_brand","embeddable":true,"href":"https:\/\/global-hookah.com\/de\/wp-json\/wp\/v2\/product_brand?post=21809"},{"taxonomy":"product_cat","embeddable":true,"href":"https:\/\/global-hookah.com\/de\/wp-json\/wp\/v2\/product_cat?post=21809"},{"taxonomy":"product_tag","embeddable":true,"href":"https:\/\/global-hookah.com\/de\/wp-json\/wp\/v2\/product_tag?post=21809"}],"curies":[{"name":"wp","href":"https:\/\/api.w.org\/{rel}","templated":true}]}}