{"id":21818,"date":"2024-04-27T01:15:15","date_gmt":"2024-04-27T01:15:15","guid":{"rendered":"https:\/\/global-hookah.com\/product\/colorful-neon-hookah-wholesale\/"},"modified":"2024-04-27T03:28:07","modified_gmt":"2024-04-27T03:28:07","slug":"colorful-neon-hookah-wholesale","status":"publish","type":"product","link":"https:\/\/global-hookah.com\/de\/produkt\/colorful-neon-hookah-wholesale\/","title":{"rendered":"Bunte Neon Hookah Gro\u00dfhandel"},"content":{"rendered":"<p><span data-preserver-spaces=\"true\">Hey Freund, auf der Suche nach etwas Spa\u00df f\u00fcr deine Party? Ich verstehe, dass die Suche nach der perfekten Wasserpfeife f\u00fcr eine Party ein wenig schwierig sein kann. Aber wir k\u00f6nnen dir versichern, dass unsere <strong>Buntes Neon\u00a0<\/strong><\/span><span data-preserver-spaces=\"true\"><strong>Wasserpfeife<\/strong>'s<\/span><span data-preserver-spaces=\"true\">\u00a0coole LED wird dir den Tag vers\u00fc\u00dfen. Wasserpfeifen-Partys machen jetzt noch mehr Spa\u00df!<\/span><\/p>\n<p><span data-preserver-spaces=\"true\">Erstens,\u00a0<\/span><span data-preserver-spaces=\"true\">lassen Sie uns<\/span><span data-preserver-spaces=\"true\"> sein Material verstehen. Neon <a href=\"https:\/\/global-hookah.com\/product\/stainless-steel-hookah-wholesale\/\">Hookah verwendet die h\u00f6chste Qualit\u00e4t aus Edelstahl<\/a> zur Herstellung der Rauchrohr- und Schlauchteile und des Auslassventils oben\u00a0<\/span><span data-preserver-spaces=\"true\">wird gemacht<\/span><span data-preserver-spaces=\"true\">\u00a0aus superstarkem Polyacetal-Material, das den Geruch nicht absorbiert. Sehr sch\u00f6n<\/span><\/p>\n<p><span data-preserver-spaces=\"true\">Und ich wei\u00df, dass jeder eine personalisierte Shisha mag, aber viele\u00a0<\/span><span data-preserver-spaces=\"true\">von ihnen<\/span><span data-preserver-spaces=\"true\">\u00a0sind nur einzelne Farben und Muster. Deshalb haben wir bei der Entwicklung dieser<strong> Neon Wasserpfeife<\/strong>haben wir speziell farbige <a href=\"https:\/\/global-hookah.com\/product\/bulk-custom-blue-hookah-with-led-light\/\">LED-Leuchten<\/a>die sehr hoch sind\u00a0<\/span><span data-preserver-spaces=\"true\">cool<\/span><span data-preserver-spaces=\"true\">\u00a0<\/span><span data-preserver-spaces=\"true\">und<\/span><span data-preserver-spaces=\"true\">\u00a0k\u00f6nnen Sie\u00a0<\/span><span data-preserver-spaces=\"true\">sogar<\/span><span data-preserver-spaces=\"true\">\u00a0sie \u00fcber die Fernbedienung einstellen. Sie k\u00f6nnen die Licht- und Schatteneffekte, die Sie m\u00f6gen, komplett selbst gestalten.<\/span><\/p>\n<p><span data-preserver-spaces=\"true\">Es hat auch eine Windabdeckung System, das gleichm\u00e4\u00dfig die hei\u00dfe Luft von den Kohlen \u00fcber die gesamte Tabakschale richtet, maximiert das Aroma Freisetzung mit jedem Zug. Und Sie k\u00f6nnen die Hitze und H\u00e4rte durch die Einstellung der seitlichen L\u00fcftungs\u00f6ffnungen steuern - perfekt kontrollieren den Shisha-Geschmack befreit!\u00a0<\/span><span data-preserver-spaces=\"true\">Es ist<\/span><span data-preserver-spaces=\"true\">\u00a0liegt ganz bei Ihnen.<\/span><\/p>\n<div class=\"detailmodule_html\">\n<div class=\"detail-desc-decorate-richtext\">\n<p><img decoding=\"async\" src=\"https:\/\/ae01.alicdn.com\/kf\/S8344a2195e9d4fe889fa106b79011297m.jpg?width=800&amp;height=800&amp;hash=1600\" \/><img decoding=\"async\" src=\"https:\/\/ae01.alicdn.com\/kf\/Sbc3e3e920efe442fbc0e7432c96806b6e.jpg?width=800&amp;height=800&amp;hash=1600\" \/><img decoding=\"async\" src=\"https:\/\/ae01.alicdn.com\/kf\/S24cd1204ffbb47939c9ec201d30d8e8b5.jpg?width=800&amp;height=800&amp;hash=1600\" \/><img decoding=\"async\" src=\"https:\/\/ae01.alicdn.com\/kf\/S8a6bf0c731ab47e38af234cfaaced617b.jpg?width=800&amp;height=800&amp;hash=1600\" \/><img decoding=\"async\" src=\"https:\/\/ae01.alicdn.com\/kf\/S014122b7643e40098095f2efe3ed54a5P.jpg?width=800&amp;height=800&amp;hash=1600\" \/><img decoding=\"async\" src=\"https:\/\/ae01.alicdn.com\/kf\/S1cefbce6ea2146c49f95f2096f412ea5R.jpg?width=800&amp;height=800&amp;hash=1600\" \/><img decoding=\"async\" src=\"https:\/\/ae01.alicdn.com\/kf\/S62d5f530c4624cb59adce15ca2d670b11.jpg?width=800&amp;height=800&amp;hash=1600\" \/><img decoding=\"async\" src=\"https:\/\/ae01.alicdn.com\/kf\/S2353e9e4e3b84944b4689cafb2f35eb4o.jpg?width=800&amp;height=800&amp;hash=1600\" \/><img decoding=\"async\" src=\"https:\/\/ae01.alicdn.com\/kf\/S963e13bb7bc6494d955f84aee86dd47cX.jpg?width=800&amp;height=800&amp;hash=1600\" \/><img decoding=\"async\" src=\"https:\/\/ae01.alicdn.com\/kf\/S9f93df7f19c945738971d8b18f0cac165.jpg?width=750&amp;height=648&amp;hash=1398\" \/><\/p>\n<p style=\"text-align: justify; margin: 5pt 0pt 5pt 0pt;\" align=\"justify\">\n<\/div>\n<\/div>\n<p>&nbsp;<\/p>","protected":false},"excerpt":{"rendered":"<p>Hey Freund, auf der Suche nach etwas Spa\u00df f\u00fcr deine Party? Ich verstehe, dass die Suche nach der perfekten Wasserpfeife f\u00fcr eine Party<\/p>","protected":false},"featured_media":21819,"comment_status":"closed","ping_status":"closed","template":"","meta":{"iawp_total_views":3,"_joinchat":[]},"product_brand":[],"product_cat":[560],"product_tag":[],"class_list":{"0":"post-21818","1":"product","2":"type-product","3":"status-publish","4":"has-post-thumbnail","6":"product_cat-glass-hookah-wholesale","8":"first","9":"instock","10":"shipping-taxable","11":"product-type-external"},"yoast_head":"<!-- This site is optimized with the Yoast SEO Premium plugin v24.7 (Yoast SEO v26.8) - https:\/\/yoast.com\/product\/yoast-seo-premium-wordpress\/ -->\n<title>Colorful Neon Hookah Wholesale - Global Hookah<\/title>\n<meta name=\"robots\" content=\"index, follow, max-snippet:-1, max-image-preview:large, max-video-preview:-1\" \/>\n<link rel=\"canonical\" href=\"https:\/\/global-hookah.com\/de\/produkt\/colorful-neon-hookah-wholesale\/\" \/>\n<meta property=\"og:locale\" content=\"de_DE\" \/>\n<meta property=\"og:type\" content=\"article\" \/>\n<meta property=\"og:title\" content=\"Colorful Neon Hookah Wholesale\" \/>\n<meta property=\"og:description\" content=\"Hey friend, looking to add some fun to your party? I get that finding the perfect hookah for a party\" \/>\n<meta property=\"og:url\" content=\"https:\/\/global-hookah.com\/de\/produkt\/colorful-neon-hookah-wholesale\/\" \/>\n<meta property=\"og:site_name\" content=\"Global Hookah\" \/>\n<meta property=\"article:modified_time\" content=\"2024-04-27T03:28:07+00:00\" \/>\n<meta property=\"og:image\" content=\"https:\/\/global-hookah.com\/wp-content\/uploads\/2024\/04\/kf-S892f76fd41f34c8fb5032588971d9621C-HAPPY-LED-Hookah-Light-Colorful-Show-Shisha-Ring-Lamp-Magnet-Viscose-with-Remote-Control-Cachimba-Narguile.webp\" \/>\n\t<meta property=\"og:image:width\" content=\"1000\" \/>\n\t<meta property=\"og:image:height\" content=\"1000\" \/>\n\t<meta property=\"og:image:type\" content=\"image\/webp\" \/>\n<meta name=\"twitter:card\" content=\"summary_large_image\" \/>\n<meta name=\"twitter:label1\" content=\"Gesch\u00e4tzte Lesezeit\" \/>\n\t<meta name=\"twitter:data1\" content=\"4\u00a0Minuten\" \/>\n<script type=\"application\/ld+json\" class=\"yoast-schema-graph\">{\"@context\":\"https:\/\/schema.org\",\"@graph\":[{\"@type\":\"WebPage\",\"@id\":\"https:\/\/global-hookah.com\/product\/colorful-neon-hookah-wholesale\/\",\"url\":\"https:\/\/global-hookah.com\/product\/colorful-neon-hookah-wholesale\/\",\"name\":\"Colorful Neon Hookah Wholesale - Global Hookah\",\"isPartOf\":{\"@id\":\"https:\/\/global-hookah.com\/#website\"},\"primaryImageOfPage\":{\"@id\":\"https:\/\/global-hookah.com\/product\/colorful-neon-hookah-wholesale\/#primaryimage\"},\"image\":{\"@id\":\"https:\/\/global-hookah.com\/product\/colorful-neon-hookah-wholesale\/#primaryimage\"},\"thumbnailUrl\":\"https:\/\/global-hookah.com\/wp-content\/uploads\/2024\/04\/kf-S892f76fd41f34c8fb5032588971d9621C-HAPPY-LED-Hookah-Light-Colorful-Show-Shisha-Ring-Lamp-Magnet-Viscose-with-Remote-Control-Cachimba-Narguile.webp\",\"datePublished\":\"2024-04-27T01:15:15+00:00\",\"dateModified\":\"2024-04-27T03:28:07+00:00\",\"breadcrumb\":{\"@id\":\"https:\/\/global-hookah.com\/product\/colorful-neon-hookah-wholesale\/#breadcrumb\"},\"inLanguage\":\"de\",\"potentialAction\":[{\"@type\":\"ReadAction\",\"target\":[\"https:\/\/global-hookah.com\/product\/colorful-neon-hookah-wholesale\/\"]}]},{\"@type\":\"ImageObject\",\"inLanguage\":\"de\",\"@id\":\"https:\/\/global-hookah.com\/product\/colorful-neon-hookah-wholesale\/#primaryimage\",\"url\":\"https:\/\/global-hookah.com\/wp-content\/uploads\/2024\/04\/kf-S892f76fd41f34c8fb5032588971d9621C-HAPPY-LED-Hookah-Light-Colorful-Show-Shisha-Ring-Lamp-Magnet-Viscose-with-Remote-Control-Cachimba-Narguile.webp\",\"contentUrl\":\"https:\/\/global-hookah.com\/wp-content\/uploads\/2024\/04\/kf-S892f76fd41f34c8fb5032588971d9621C-HAPPY-LED-Hookah-Light-Colorful-Show-Shisha-Ring-Lamp-Magnet-Viscose-with-Remote-Control-Cachimba-Narguile.webp\",\"width\":1000,\"height\":1000,\"caption\":\"Colorful Neon Hookah Wholesale\"},{\"@type\":\"BreadcrumbList\",\"@id\":\"https:\/\/global-hookah.com\/product\/colorful-neon-hookah-wholesale\/#breadcrumb\",\"itemListElement\":[{\"@type\":\"ListItem\",\"position\":1,\"name\":\"Home\",\"item\":\"https:\/\/global-hookah.com\/\"},{\"@type\":\"ListItem\",\"position\":2,\"name\":\"Shop\",\"item\":\"https:\/\/global-hookah.com\/shop\/\"},{\"@type\":\"ListItem\",\"position\":3,\"name\":\"Colorful Neon Hookah Wholesale\"}]},{\"@type\":\"WebSite\",\"@id\":\"https:\/\/global-hookah.com\/#website\",\"url\":\"https:\/\/global-hookah.com\/\",\"name\":\"Global Hookah\",\"description\":\"Global Hookah\",\"publisher\":{\"@id\":\"https:\/\/global-hookah.com\/#organization\"},\"potentialAction\":[{\"@type\":\"SearchAction\",\"target\":{\"@type\":\"EntryPoint\",\"urlTemplate\":\"https:\/\/global-hookah.com\/?s={search_term_string}\"},\"query-input\":{\"@type\":\"PropertyValueSpecification\",\"valueRequired\":true,\"valueName\":\"search_term_string\"}}],\"inLanguage\":\"de\"},{\"@type\":\"Organization\",\"@id\":\"https:\/\/global-hookah.com\/#organization\",\"name\":\"Global Hookah\",\"url\":\"https:\/\/global-hookah.com\/\",\"logo\":{\"@type\":\"ImageObject\",\"inLanguage\":\"de\",\"@id\":\"https:\/\/global-hookah.com\/#\/schema\/logo\/image\/\",\"url\":\"https:\/\/global-hookah.com\/wp-content\/uploads\/2021\/10\/cropped-fgg.png\",\"contentUrl\":\"https:\/\/global-hookah.com\/wp-content\/uploads\/2021\/10\/cropped-fgg.png\",\"width\":512,\"height\":512,\"caption\":\"Global Hookah\"},\"image\":{\"@id\":\"https:\/\/global-hookah.com\/#\/schema\/logo\/image\/\"}}]}<\/script>\n<!-- \/ Yoast SEO Premium plugin. -->","yoast_head_json":{"title":"Bunte Neon Wasserpfeife Gro\u00dfhandel - Global Hookah","robots":{"index":"index","follow":"follow","max-snippet":"max-snippet:-1","max-image-preview":"max-image-preview:large","max-video-preview":"max-video-preview:-1"},"canonical":"https:\/\/global-hookah.com\/de\/produkt\/colorful-neon-hookah-wholesale\/","og_locale":"de_DE","og_type":"article","og_title":"Colorful Neon Hookah Wholesale","og_description":"Hey friend, looking to add some fun to your party? I get that finding the perfect hookah for a party","og_url":"https:\/\/global-hookah.com\/de\/produkt\/colorful-neon-hookah-wholesale\/","og_site_name":"Global Hookah","article_modified_time":"2024-04-27T03:28:07+00:00","og_image":[{"width":1000,"height":1000,"url":"https:\/\/global-hookah.com\/wp-content\/uploads\/2024\/04\/kf-S892f76fd41f34c8fb5032588971d9621C-HAPPY-LED-Hookah-Light-Colorful-Show-Shisha-Ring-Lamp-Magnet-Viscose-with-Remote-Control-Cachimba-Narguile.webp","type":"image\/webp"}],"twitter_card":"summary_large_image","twitter_misc":{"Gesch\u00e4tzte Lesezeit":"4\u00a0Minuten"},"schema":{"@context":"https:\/\/schema.org","@graph":[{"@type":"WebPage","@id":"https:\/\/global-hookah.com\/product\/colorful-neon-hookah-wholesale\/","url":"https:\/\/global-hookah.com\/product\/colorful-neon-hookah-wholesale\/","name":"Bunte Neon Wasserpfeife Gro\u00dfhandel - Global Hookah","isPartOf":{"@id":"https:\/\/global-hookah.com\/#website"},"primaryImageOfPage":{"@id":"https:\/\/global-hookah.com\/product\/colorful-neon-hookah-wholesale\/#primaryimage"},"image":{"@id":"https:\/\/global-hookah.com\/product\/colorful-neon-hookah-wholesale\/#primaryimage"},"thumbnailUrl":"https:\/\/global-hookah.com\/wp-content\/uploads\/2024\/04\/kf-S892f76fd41f34c8fb5032588971d9621C-HAPPY-LED-Hookah-Light-Colorful-Show-Shisha-Ring-Lamp-Magnet-Viscose-with-Remote-Control-Cachimba-Narguile.webp","datePublished":"2024-04-27T01:15:15+00:00","dateModified":"2024-04-27T03:28:07+00:00","breadcrumb":{"@id":"https:\/\/global-hookah.com\/product\/colorful-neon-hookah-wholesale\/#breadcrumb"},"inLanguage":"de","potentialAction":[{"@type":"ReadAction","target":["https:\/\/global-hookah.com\/product\/colorful-neon-hookah-wholesale\/"]}]},{"@type":"ImageObject","inLanguage":"de","@id":"https:\/\/global-hookah.com\/product\/colorful-neon-hookah-wholesale\/#primaryimage","url":"https:\/\/global-hookah.com\/wp-content\/uploads\/2024\/04\/kf-S892f76fd41f34c8fb5032588971d9621C-HAPPY-LED-Hookah-Light-Colorful-Show-Shisha-Ring-Lamp-Magnet-Viscose-with-Remote-Control-Cachimba-Narguile.webp","contentUrl":"https:\/\/global-hookah.com\/wp-content\/uploads\/2024\/04\/kf-S892f76fd41f34c8fb5032588971d9621C-HAPPY-LED-Hookah-Light-Colorful-Show-Shisha-Ring-Lamp-Magnet-Viscose-with-Remote-Control-Cachimba-Narguile.webp","width":1000,"height":1000,"caption":"Colorful Neon Hookah Wholesale"},{"@type":"BreadcrumbList","@id":"https:\/\/global-hookah.com\/product\/colorful-neon-hookah-wholesale\/#breadcrumb","itemListElement":[{"@type":"ListItem","position":1,"name":"Home","item":"https:\/\/global-hookah.com\/"},{"@type":"ListItem","position":2,"name":"Shop","item":"https:\/\/global-hookah.com\/shop\/"},{"@type":"ListItem","position":3,"name":"Colorful Neon Hookah Wholesale"}]},{"@type":"WebSite","@id":"https:\/\/global-hookah.com\/#website","url":"https:\/\/global-hookah.com\/","name":"Globale Wasserpfeife","description":"Globale Wasserpfeife","publisher":{"@id":"https:\/\/global-hookah.com\/#organization"},"potentialAction":[{"@type":"SearchAction","target":{"@type":"EntryPoint","urlTemplate":"https:\/\/global-hookah.com\/?s={search_term_string}"},"query-input":{"@type":"PropertyValueSpecification","valueRequired":true,"valueName":"search_term_string"}}],"inLanguage":"de"},{"@type":"Organization","@id":"https:\/\/global-hookah.com\/#organization","name":"Globale Wasserpfeife","url":"https:\/\/global-hookah.com\/","logo":{"@type":"ImageObject","inLanguage":"de","@id":"https:\/\/global-hookah.com\/#\/schema\/logo\/image\/","url":"https:\/\/global-hookah.com\/wp-content\/uploads\/2021\/10\/cropped-fgg.png","contentUrl":"https:\/\/global-hookah.com\/wp-content\/uploads\/2021\/10\/cropped-fgg.png","width":512,"height":512,"caption":"Global Hookah"},"image":{"@id":"https:\/\/global-hookah.com\/#\/schema\/logo\/image\/"}}]}},"_links":{"self":[{"href":"https:\/\/global-hookah.com\/de\/wp-json\/wp\/v2\/product\/21818","targetHints":{"allow":["GET"]}}],"collection":[{"href":"https:\/\/global-hookah.com\/de\/wp-json\/wp\/v2\/product"}],"about":[{"href":"https:\/\/global-hookah.com\/de\/wp-json\/wp\/v2\/types\/product"}],"replies":[{"embeddable":true,"href":"https:\/\/global-hookah.com\/de\/wp-json\/wp\/v2\/comments?post=21818"}],"version-history":[{"count":0,"href":"https:\/\/global-hookah.com\/de\/wp-json\/wp\/v2\/product\/21818\/revisions"}],"wp:featuredmedia":[{"embeddable":true,"href":"https:\/\/global-hookah.com\/de\/wp-json\/wp\/v2\/media\/21819"}],"wp:attachment":[{"href":"https:\/\/global-hookah.com\/de\/wp-json\/wp\/v2\/media?parent=21818"}],"wp:term":[{"taxonomy":"product_brand","embeddable":true,"href":"https:\/\/global-hookah.com\/de\/wp-json\/wp\/v2\/product_brand?post=21818"},{"taxonomy":"product_cat","embeddable":true,"href":"https:\/\/global-hookah.com\/de\/wp-json\/wp\/v2\/product_cat?post=21818"},{"taxonomy":"product_tag","embeddable":true,"href":"https:\/\/global-hookah.com\/de\/wp-json\/wp\/v2\/product_tag?post=21818"}],"curies":[{"name":"wp","href":"https:\/\/api.w.org\/{rel}","templated":true}]}}