{"id":21836,"date":"2024-04-27T01:22:11","date_gmt":"2024-04-27T01:22:11","guid":{"rendered":"https:\/\/global-hookah.com\/product\/travel-small-double-pipe-hookah-wholesale\/"},"modified":"2024-04-27T02:36:45","modified_gmt":"2024-04-27T02:36:45","slug":"travel-small-double-pipe-hookah-wholesale","status":"publish","type":"product","link":"https:\/\/global-hookah.com\/de\/produkt\/travel-small-double-pipe-hookah-wholesale\/","title":{"rendered":"Reise kleine Doppelpfeife Wasserpfeife Gro\u00dfhandel"},"content":{"rendered":"<p><span data-preserver-spaces=\"true\">Die\u00a0<\/span><strong><span data-preserver-spaces=\"true\">Reise Kleine Doppelpfeife Wasserpfeife<\/span><\/strong><span data-preserver-spaces=\"true\">\u00a0hat\u00a0<\/span><span data-preserver-spaces=\"true\">eine k\u00fchle<\/span><span data-preserver-spaces=\"true\">\u00a0Zwei-Pfeifen-Design, damit zwei Personen rauchen k\u00f6nnen\u00a0<\/span><span data-preserver-spaces=\"true\">zur gleichen Zeit<\/span><span data-preserver-spaces=\"true\">. Ich liebe es, mich mit einem Freund zur\u00fcckzulehnen und die Wasserpfeife hin- und herzureichen, w\u00e4hrend wir am Strand, beim Camping oder wo auch immer wir Lust haben, zu entspannen. Das blubbernde Ger\u00e4usch und das Aroma machen jede Sitzung super entspannend!<\/span><\/p>\n<p><span data-preserver-spaces=\"true\">Dieses D<strong>ouble Pipe Hookah<\/strong> kommt geladen mit\u00a0<\/span><span data-preserver-spaces=\"true\">ein gro\u00dfartiges<\/span><span data-preserver-spaces=\"true\">\u00a0Glasstiel und Multiadapter\u00a0<\/span><span data-preserver-spaces=\"true\">also<\/span><span data-preserver-spaces=\"true\">\u00a0k\u00f6nnen Sie<\/span><span data-preserver-spaces=\"true\">\u00a0unterschiedliche Sch\u00fcsselaufbauten verwenden. Die lange\u00a0<\/span><span data-preserver-spaces=\"true\">glatt<\/span><span data-preserver-spaces=\"true\">\u00a0Der Zugstrang sorgt jedes Mal f\u00fcr eine massive Geschmacksabgabe\u00a0<\/span><span data-preserver-spaces=\"true\">zu<\/span><span data-preserver-spaces=\"true\">.<\/span><\/p>\n<p><span data-preserver-spaces=\"true\">Die Benutzung k\u00f6nnte nicht einfacher sein.\u00a0<\/span><span data-preserver-spaces=\"true\">Einfach verbinden<\/span><span data-preserver-spaces=\"true\">\u00a0den Zugstiel in den Bowl-Adapter, f\u00fcgen Sie Wasser hinzu, f\u00fcllen Sie die Bowl mit Shisha, z\u00fcnden Sie sie an und beginnen Sie zu paffen!<\/span><\/p>\n<p><span data-preserver-spaces=\"true\">Wenn Sie m\u00f6chten, dass <a href=\"https:\/\/global-hookah.com\/product-category\/wholesale-hookah\/portable-hookah-wholesale\/\">Gro\u00dfhandel diese Wasserpfeife<\/a>,\u00a0<\/span><span data-preserver-spaces=\"true\">nur<\/span><span data-preserver-spaces=\"true\">\u00a0Kontaktieren Sie uns per E-Mail oder WhatsApp<\/span><\/p>\n<div class=\"product-specs-list-container\">\n<ul class=\"product-specs-list util-clearfix\">\n<li class=\"product-prop line-limit-length\"><span class=\"property-title\">Modellnummer:\u00a0<\/span><span class=\"property-desc line-limit-length\">Klein<\/span><\/li>\n<li class=\"product-prop line-limit-length\"><span class=\"property-title\">Die Form:\u00a0<\/span><span class=\"property-desc line-limit-length\">Freier Typ<\/span><\/li>\n<li class=\"product-prop line-limit-length\"><span class=\"property-title\">Die Technik:\u00a0<\/span><span class=\"property-desc line-limit-length\">SPIEGEL<\/span><\/li>\n<li class=\"product-prop line-limit-length\"><span class=\"property-title\">Material:\u00a0<\/span><span class=\"property-desc line-limit-length\">Metall<\/span><\/li>\n<li class=\"product-prop line-limit-length\"><span class=\"property-title\">Herkunft:\u00a0<\/span><span class=\"property-desc line-limit-length\">Festland China<\/span><\/li>\n<\/ul>\n<\/div>\n<p><img decoding=\"async\" src=\"https:\/\/ae01.alicdn.com\/kf\/Sb50089f6a59a4c498e9133ded5fc0ff1c.jpg\" \/><img decoding=\"async\" src=\"https:\/\/ae01.alicdn.com\/kf\/S28a885306c0943a786153f75d06d5310L.jpg\" \/><img decoding=\"async\" src=\"https:\/\/ae01.alicdn.com\/kf\/S65247c46d93d4274819541c1c0edaee51.jpg\" \/><img decoding=\"async\" src=\"https:\/\/ae01.alicdn.com\/kf\/S54d9f1670a59498cafebc1fa1767830eo.jpg\" \/><img decoding=\"async\" src=\"https:\/\/ae01.alicdn.com\/kf\/S3cd328f487bb4f8bac77df6d7b0bce3cc.jpg\" \/><img decoding=\"async\" src=\"https:\/\/ae01.alicdn.com\/kf\/S570ea9c8f58d427f8a8a7b83b74b0efbg.jpg\" \/><img decoding=\"async\" src=\"https:\/\/ae01.alicdn.com\/kf\/S668932b662a64ae090bb1631a56c484bQ.jpg\" \/><\/p>","protected":false},"excerpt":{"rendered":"<p>Die Travel Small Double Pipe Hookah hat ein cooles Design mit zwei Rohren, sodass zwei Personen gleichzeitig rauchen k\u00f6nnen. Ich liebe es, mich zur\u00fcckzulehnen mit<\/p>","protected":false},"featured_media":21837,"comment_status":"closed","ping_status":"closed","template":"","meta":{"iawp_total_views":5,"_joinchat":[]},"product_brand":[],"product_cat":[559],"product_tag":[],"class_list":{"0":"post-21836","1":"product","2":"type-product","3":"status-publish","4":"has-post-thumbnail","6":"product_cat-portable-hookah-wholesale","8":"first","9":"instock","10":"shipping-taxable","11":"product-type-external"},"yoast_head":"<!-- This site is optimized with the Yoast SEO Premium plugin v24.7 (Yoast SEO v26.8) - https:\/\/yoast.com\/product\/yoast-seo-premium-wordpress\/ -->\n<title>Travel Small Double Pipe Hookah Wholesale - Global Hookah<\/title>\n<meta name=\"robots\" content=\"index, follow, max-snippet:-1, max-image-preview:large, max-video-preview:-1\" \/>\n<link rel=\"canonical\" href=\"https:\/\/global-hookah.com\/de\/it\/prodotto\/viaggio-piccolo-doppio-tubo-narghile-allingrosso\/\" \/>\n<meta property=\"og:locale\" content=\"de_DE\" \/>\n<meta property=\"og:type\" content=\"article\" \/>\n<meta property=\"og:title\" content=\"Travel Small Double Pipe Hookah Wholesale\" \/>\n<meta property=\"og:description\" content=\"The\u00a0Travel Small Double Pipe Hookah\u00a0has\u00a0a cool\u00a0dual-pipe design so two people can smoke\u00a0at the same time. I love kicking back with\" \/>\n<meta property=\"og:url\" content=\"https:\/\/global-hookah.com\/de\/it\/prodotto\/viaggio-piccolo-doppio-tubo-narghile-allingrosso\/\" \/>\n<meta property=\"og:site_name\" content=\"Global Hookah\" \/>\n<meta property=\"article:modified_time\" content=\"2024-04-27T02:36:45+00:00\" \/>\n<meta property=\"og:image\" content=\"https:\/\/global-hookah.com\/wp-content\/uploads\/2024\/04\/kf-Sb6c5b58a0bfe47bd9a68809ca8b5fc831-Travel-small-double-pipe-hookah-silicone-hookah-bowl-suitable-for-going-out.webp\" \/>\n\t<meta property=\"og:image:width\" content=\"900\" \/>\n\t<meta property=\"og:image:height\" content=\"900\" \/>\n\t<meta property=\"og:image:type\" content=\"image\/webp\" \/>\n<meta name=\"twitter:card\" content=\"summary_large_image\" \/>\n<meta name=\"twitter:label1\" content=\"Gesch\u00e4tzte Lesezeit\" \/>\n\t<meta name=\"twitter:data1\" content=\"3\u00a0Minuten\" \/>\n<script type=\"application\/ld+json\" class=\"yoast-schema-graph\">{\"@context\":\"https:\/\/schema.org\",\"@graph\":[{\"@type\":\"WebPage\",\"@id\":\"https:\/\/global-hookah.com\/it\/prodotto\/viaggio-piccolo-doppio-tubo-narghile-allingrosso\/\",\"url\":\"https:\/\/global-hookah.com\/it\/prodotto\/viaggio-piccolo-doppio-tubo-narghile-allingrosso\/\",\"name\":\"Travel Small Double Pipe Hookah Wholesale - Global Hookah\",\"isPartOf\":{\"@id\":\"https:\/\/global-hookah.com\/#website\"},\"primaryImageOfPage\":{\"@id\":\"https:\/\/global-hookah.com\/it\/prodotto\/viaggio-piccolo-doppio-tubo-narghile-allingrosso\/#primaryimage\"},\"image\":{\"@id\":\"https:\/\/global-hookah.com\/it\/prodotto\/viaggio-piccolo-doppio-tubo-narghile-allingrosso\/#primaryimage\"},\"thumbnailUrl\":\"https:\/\/global-hookah.com\/wp-content\/uploads\/2024\/04\/kf-Sb6c5b58a0bfe47bd9a68809ca8b5fc831-Travel-small-double-pipe-hookah-silicone-hookah-bowl-suitable-for-going-out.webp\",\"datePublished\":\"2024-04-27T01:22:11+00:00\",\"dateModified\":\"2024-04-27T02:36:45+00:00\",\"breadcrumb\":{\"@id\":\"https:\/\/global-hookah.com\/it\/prodotto\/viaggio-piccolo-doppio-tubo-narghile-allingrosso\/#breadcrumb\"},\"inLanguage\":\"de\",\"potentialAction\":[{\"@type\":\"ReadAction\",\"target\":[\"https:\/\/global-hookah.com\/it\/prodotto\/viaggio-piccolo-doppio-tubo-narghile-allingrosso\/\"]}]},{\"@type\":\"ImageObject\",\"inLanguage\":\"de\",\"@id\":\"https:\/\/global-hookah.com\/it\/prodotto\/viaggio-piccolo-doppio-tubo-narghile-allingrosso\/#primaryimage\",\"url\":\"https:\/\/global-hookah.com\/wp-content\/uploads\/2024\/04\/kf-Sb6c5b58a0bfe47bd9a68809ca8b5fc831-Travel-small-double-pipe-hookah-silicone-hookah-bowl-suitable-for-going-out.webp\",\"contentUrl\":\"https:\/\/global-hookah.com\/wp-content\/uploads\/2024\/04\/kf-Sb6c5b58a0bfe47bd9a68809ca8b5fc831-Travel-small-double-pipe-hookah-silicone-hookah-bowl-suitable-for-going-out.webp\",\"width\":900,\"height\":900,\"caption\":\"Travel Small Double Pipe Hookah Wholesale\"},{\"@type\":\"BreadcrumbList\",\"@id\":\"https:\/\/global-hookah.com\/it\/prodotto\/viaggio-piccolo-doppio-tubo-narghile-allingrosso\/#breadcrumb\",\"itemListElement\":[{\"@type\":\"ListItem\",\"position\":1,\"name\":\"Home\",\"item\":\"https:\/\/global-hookah.com\/\"},{\"@type\":\"ListItem\",\"position\":2,\"name\":\"Shop\",\"item\":\"https:\/\/global-hookah.com\/shop\/\"},{\"@type\":\"ListItem\",\"position\":3,\"name\":\"Travel Small Double Pipe Hookah Wholesale\"}]},{\"@type\":\"WebSite\",\"@id\":\"https:\/\/global-hookah.com\/#website\",\"url\":\"https:\/\/global-hookah.com\/\",\"name\":\"Global Hookah\",\"description\":\"Global Hookah\",\"publisher\":{\"@id\":\"https:\/\/global-hookah.com\/#organization\"},\"potentialAction\":[{\"@type\":\"SearchAction\",\"target\":{\"@type\":\"EntryPoint\",\"urlTemplate\":\"https:\/\/global-hookah.com\/?s={search_term_string}\"},\"query-input\":{\"@type\":\"PropertyValueSpecification\",\"valueRequired\":true,\"valueName\":\"search_term_string\"}}],\"inLanguage\":\"de\"},{\"@type\":\"Organization\",\"@id\":\"https:\/\/global-hookah.com\/#organization\",\"name\":\"Global Hookah\",\"url\":\"https:\/\/global-hookah.com\/\",\"logo\":{\"@type\":\"ImageObject\",\"inLanguage\":\"de\",\"@id\":\"https:\/\/global-hookah.com\/#\/schema\/logo\/image\/\",\"url\":\"https:\/\/global-hookah.com\/wp-content\/uploads\/2021\/10\/cropped-fgg.png\",\"contentUrl\":\"https:\/\/global-hookah.com\/wp-content\/uploads\/2021\/10\/cropped-fgg.png\",\"width\":512,\"height\":512,\"caption\":\"Global Hookah\"},\"image\":{\"@id\":\"https:\/\/global-hookah.com\/#\/schema\/logo\/image\/\"}}]}<\/script>\n<!-- \/ Yoast SEO Premium plugin. -->","yoast_head_json":{"title":"Reise kleine Doppelpfeife Wasserpfeife Gro\u00dfhandel - Global Hookah","robots":{"index":"index","follow":"follow","max-snippet":"max-snippet:-1","max-image-preview":"max-image-preview:large","max-video-preview":"max-video-preview:-1"},"canonical":"https:\/\/global-hookah.com\/de\/it\/prodotto\/viaggio-piccolo-doppio-tubo-narghile-allingrosso\/","og_locale":"de_DE","og_type":"article","og_title":"Travel Small Double Pipe Hookah Wholesale","og_description":"The\u00a0Travel Small Double Pipe Hookah\u00a0has\u00a0a cool\u00a0dual-pipe design so two people can smoke\u00a0at the same time. I love kicking back with","og_url":"https:\/\/global-hookah.com\/de\/it\/prodotto\/viaggio-piccolo-doppio-tubo-narghile-allingrosso\/","og_site_name":"Global Hookah","article_modified_time":"2024-04-27T02:36:45+00:00","og_image":[{"width":900,"height":900,"url":"https:\/\/global-hookah.com\/wp-content\/uploads\/2024\/04\/kf-Sb6c5b58a0bfe47bd9a68809ca8b5fc831-Travel-small-double-pipe-hookah-silicone-hookah-bowl-suitable-for-going-out.webp","type":"image\/webp"}],"twitter_card":"summary_large_image","twitter_misc":{"Gesch\u00e4tzte Lesezeit":"3\u00a0Minuten"},"schema":{"@context":"https:\/\/schema.org","@graph":[{"@type":"WebPage","@id":"https:\/\/global-hookah.com\/it\/prodotto\/viaggio-piccolo-doppio-tubo-narghile-allingrosso\/","url":"https:\/\/global-hookah.com\/it\/prodotto\/viaggio-piccolo-doppio-tubo-narghile-allingrosso\/","name":"Reise kleine Doppelpfeife Wasserpfeife Gro\u00dfhandel - Global Hookah","isPartOf":{"@id":"https:\/\/global-hookah.com\/#website"},"primaryImageOfPage":{"@id":"https:\/\/global-hookah.com\/it\/prodotto\/viaggio-piccolo-doppio-tubo-narghile-allingrosso\/#primaryimage"},"image":{"@id":"https:\/\/global-hookah.com\/it\/prodotto\/viaggio-piccolo-doppio-tubo-narghile-allingrosso\/#primaryimage"},"thumbnailUrl":"https:\/\/global-hookah.com\/wp-content\/uploads\/2024\/04\/kf-Sb6c5b58a0bfe47bd9a68809ca8b5fc831-Travel-small-double-pipe-hookah-silicone-hookah-bowl-suitable-for-going-out.webp","datePublished":"2024-04-27T01:22:11+00:00","dateModified":"2024-04-27T02:36:45+00:00","breadcrumb":{"@id":"https:\/\/global-hookah.com\/it\/prodotto\/viaggio-piccolo-doppio-tubo-narghile-allingrosso\/#breadcrumb"},"inLanguage":"de","potentialAction":[{"@type":"ReadAction","target":["https:\/\/global-hookah.com\/it\/prodotto\/viaggio-piccolo-doppio-tubo-narghile-allingrosso\/"]}]},{"@type":"ImageObject","inLanguage":"de","@id":"https:\/\/global-hookah.com\/it\/prodotto\/viaggio-piccolo-doppio-tubo-narghile-allingrosso\/#primaryimage","url":"https:\/\/global-hookah.com\/wp-content\/uploads\/2024\/04\/kf-Sb6c5b58a0bfe47bd9a68809ca8b5fc831-Travel-small-double-pipe-hookah-silicone-hookah-bowl-suitable-for-going-out.webp","contentUrl":"https:\/\/global-hookah.com\/wp-content\/uploads\/2024\/04\/kf-Sb6c5b58a0bfe47bd9a68809ca8b5fc831-Travel-small-double-pipe-hookah-silicone-hookah-bowl-suitable-for-going-out.webp","width":900,"height":900,"caption":"Travel Small Double Pipe Hookah Wholesale"},{"@type":"BreadcrumbList","@id":"https:\/\/global-hookah.com\/it\/prodotto\/viaggio-piccolo-doppio-tubo-narghile-allingrosso\/#breadcrumb","itemListElement":[{"@type":"ListItem","position":1,"name":"Home","item":"https:\/\/global-hookah.com\/"},{"@type":"ListItem","position":2,"name":"Shop","item":"https:\/\/global-hookah.com\/shop\/"},{"@type":"ListItem","position":3,"name":"Travel Small Double Pipe Hookah Wholesale"}]},{"@type":"WebSite","@id":"https:\/\/global-hookah.com\/#website","url":"https:\/\/global-hookah.com\/","name":"Globale Wasserpfeife","description":"Globale Wasserpfeife","publisher":{"@id":"https:\/\/global-hookah.com\/#organization"},"potentialAction":[{"@type":"SearchAction","target":{"@type":"EntryPoint","urlTemplate":"https:\/\/global-hookah.com\/?s={search_term_string}"},"query-input":{"@type":"PropertyValueSpecification","valueRequired":true,"valueName":"search_term_string"}}],"inLanguage":"de"},{"@type":"Organization","@id":"https:\/\/global-hookah.com\/#organization","name":"Globale Wasserpfeife","url":"https:\/\/global-hookah.com\/","logo":{"@type":"ImageObject","inLanguage":"de","@id":"https:\/\/global-hookah.com\/#\/schema\/logo\/image\/","url":"https:\/\/global-hookah.com\/wp-content\/uploads\/2021\/10\/cropped-fgg.png","contentUrl":"https:\/\/global-hookah.com\/wp-content\/uploads\/2021\/10\/cropped-fgg.png","width":512,"height":512,"caption":"Global Hookah"},"image":{"@id":"https:\/\/global-hookah.com\/#\/schema\/logo\/image\/"}}]}},"_links":{"self":[{"href":"https:\/\/global-hookah.com\/de\/wp-json\/wp\/v2\/product\/21836","targetHints":{"allow":["GET"]}}],"collection":[{"href":"https:\/\/global-hookah.com\/de\/wp-json\/wp\/v2\/product"}],"about":[{"href":"https:\/\/global-hookah.com\/de\/wp-json\/wp\/v2\/types\/product"}],"replies":[{"embeddable":true,"href":"https:\/\/global-hookah.com\/de\/wp-json\/wp\/v2\/comments?post=21836"}],"version-history":[{"count":0,"href":"https:\/\/global-hookah.com\/de\/wp-json\/wp\/v2\/product\/21836\/revisions"}],"wp:featuredmedia":[{"embeddable":true,"href":"https:\/\/global-hookah.com\/de\/wp-json\/wp\/v2\/media\/21837"}],"wp:attachment":[{"href":"https:\/\/global-hookah.com\/de\/wp-json\/wp\/v2\/media?parent=21836"}],"wp:term":[{"taxonomy":"product_brand","embeddable":true,"href":"https:\/\/global-hookah.com\/de\/wp-json\/wp\/v2\/product_brand?post=21836"},{"taxonomy":"product_cat","embeddable":true,"href":"https:\/\/global-hookah.com\/de\/wp-json\/wp\/v2\/product_cat?post=21836"},{"taxonomy":"product_tag","embeddable":true,"href":"https:\/\/global-hookah.com\/de\/wp-json\/wp\/v2\/product_tag?post=21836"}],"curies":[{"name":"wp","href":"https:\/\/api.w.org\/{rel}","templated":true}]}}