{"id":21977,"date":"2024-04-28T08:18:11","date_gmt":"2024-04-28T08:18:11","guid":{"rendered":"https:\/\/global-hookah.com\/product\/bmax-manufacturer-0-95l-gas-tank-615g-whipped-cream-chargers-cylinder-8125505\/"},"modified":"2024-04-28T08:36:51","modified_gmt":"2024-04-28T08:36:51","slug":"canada-nitrous-oxide-tank-food-grade-wholesale","status":"publish","type":"product","link":"https:\/\/global-hookah.com\/de\/produkt\/canada-nitrous-oxide-tank-food-grade-wholesale\/","title":{"rendered":"Kanada Distickstoffoxid Tank Lebensmittelqualit\u00e4t Gro\u00dfhandel"},"content":{"rendered":"<div id=\"detail_decorate_root\" data-magic-global=\"%7B%22bizId%22%3A2216009826484%2C%22pageId%22%3A21282574763%2C%22siteId%22%3A10100754005%7D\">\n<div class=\"J_module\">\n<div id=\"ali-anchor-AliMagic-40g3pb\" class=\"magic-0\" data-section=\"AliMagic-40g3pb\" data-section-title=\"Product\">Beschreibung des Produkts<\/div>\n<\/div>\n<div class=\"J_module\">\n<div class=\"icbu-pc-detailManyImage\">\n<div class=\"magic-2\"><img decoding=\"async\" class=\"magic-3\/\" src=\"\/\/sc04.alicdn.com\/kf\/Ad8c581fbd0624f6b8b1b2953c3ab26c97\/274043268\/Ad8c581fbd0624f6b8b1b2953c3ab26c97.jpg\" \/><noscript><img src=\"\/\/sc04.alicdn.com\/kf\/Ad8c581fbd0624f6b8b1b2953c3ab26c97\/274043268\/Ad8c581fbd0624f6b8b1b2953c3ab26c97.jpg\" class=\"magic-3\/\"><\/noscript><\/div>\n<div class=\"magic-2\"><img decoding=\"async\" class=\"magic-3\/\" src=\"\/\/sc04.alicdn.com\/kf\/H91f88bab43764db69f19ddca941a2b2eY\/274043268\/H91f88bab43764db69f19ddca941a2b2eY.jpg\" \/><noscript><img src=\"\/\/sc04.alicdn.com\/kf\/H91f88bab43764db69f19ddca941a2b2eY\/274043268\/H91f88bab43764db69f19ddca941a2b2eY.jpg\" class=\"magic-3\/\"><\/noscript><\/div>\n<\/div>\n<\/div>\n<div class=\"J_module\">\n<div id=\"ali-anchor-AliMagic-dq4hpu\" class=\"magic-0\" data-section=\"AliMagic-dq4hpu\" data-section-title=\"Specification\">Spezifikation<\/div>\n<\/div>\n<div class=\"J_module\">\n<div class=\"ife-detail-decorate-table\">\n<table class=\"has-title\">\n<tbody>\n<tr>\n<td colspan=\"1\" rowspan=\"1\">\n<div class=\"magic-5\">Artikel<\/div>\n<\/td>\n<td colspan=\"1\" rowspan=\"1\">\n<div class=\"magic-6\">Wert<\/div>\n<\/td>\n<\/tr>\n<tr>\n<td colspan=\"1\" rowspan=\"1\">\n<div class=\"magic-5\">Merkmal<\/div>\n<\/td>\n<td colspan=\"1\" rowspan=\"1\">\n<div class=\"magic-6\">Nachhaltig. Vorr\u00e4tig<\/div>\n<\/td>\n<\/tr>\n<tr>\n<td colspan=\"1\" rowspan=\"1\">\n<div class=\"magic-5\">Name des Produkts<\/div>\n<\/td>\n<td colspan=\"1\" rowspan=\"1\">\n<div class=\"magic-6\">615g Kanister Bmax Schlagsahne Ladeger\u00e4te mit Regler<\/div>\n<\/td>\n<\/tr>\n<tr>\n<td colspan=\"1\" rowspan=\"1\">\n<div class=\"magic-5\">Verwendung<\/div>\n<\/td>\n<td colspan=\"1\" rowspan=\"1\">\n<div class=\"magic-6\">Sahnebereiter Dessert Tools<\/div>\n<\/td>\n<\/tr>\n<tr>\n<td colspan=\"1\" rowspan=\"1\">\n<div class=\"magic-5\">Marke<\/div>\n<\/td>\n<td colspan=\"1\" rowspan=\"1\">\n<div class=\"magic-6\">Bmax oder kundenspezifisch<\/div>\n<\/td>\n<\/tr>\n<tr>\n<td colspan=\"1\" rowspan=\"1\">\n<div class=\"magic-5\">Band<\/div>\n<\/td>\n<td colspan=\"1\" rowspan=\"1\">\n<div class=\"magic-6\">615g\/0.95L<\/div>\n<\/td>\n<\/tr>\n<tr>\n<td colspan=\"1\" rowspan=\"1\">\n<div class=\"magic-5\">Merkmal<\/div>\n<\/td>\n<td colspan=\"1\" rowspan=\"1\">\n<div class=\"magic-6\">Kann 10% mehr Sahne aufschlagen als andere Marken<\/div>\n<\/td>\n<\/tr>\n<tr>\n<td colspan=\"1\" rowspan=\"1\">\n<div class=\"magic-5\">Klasse<\/div>\n<\/td>\n<td colspan=\"1\" rowspan=\"1\">\n<div class=\"magic-6\">Lebensmittelqualit\u00e4t<\/div>\n<\/td>\n<\/tr>\n<tr>\n<td colspan=\"1\" rowspan=\"1\">\n<div class=\"magic-5\">Geschmack<\/div>\n<\/td>\n<td colspan=\"1\" rowspan=\"1\">\n<div class=\"magic-6\">S\u00fc\u00df ohne Fremdgeschmack<\/div>\n<\/td>\n<\/tr>\n<tr>\n<td colspan=\"1\" rowspan=\"1\">\n<div class=\"magic-5\">MOQ<\/div>\n<\/td>\n<td colspan=\"1\" rowspan=\"1\">\n<div class=\"magic-6\">8640St\u00fcck eines vollen 20GP-Containers<\/div>\n<\/td>\n<\/tr>\n<\/tbody>\n<\/table>\n<\/div>\n<\/div>\n<div class=\"J_module\">\n<div id=\"ali-anchor-AliMagic-jk5md8\" class=\"magic-0\" data-section=\"AliMagic-jk5md8\" data-section-title=\"Packing\">Verpackung &amp; Lieferung<\/div>\n<\/div>\n<div class=\"J_module\">\n<div class=\"icbu-pc-images\">\n<div>\n<div class=\"flex-layout-v\">\n<div class=\"flex-layout-h\">\n<div class=\"magic-8\"><img decoding=\"async\" class=\"magic-9\/\" src=\"https:\/\/sc01.alicdn.com\/kf\/Af0df4f89c35f4ad2ad71025a01beaabfr.jpg\" \/><noscript><img src=\"https:\/\/sc01.alicdn.com\/kf\/Af0df4f89c35f4ad2ad71025a01beaabfr.jpg\" class=\"magic-9\/\"><\/noscript><\/div>\n<div class=\"magic-10\"><img decoding=\"async\" class=\"magic-11\/\" src=\"\/\/sc04.alicdn.com\/kf\/Ha8b1b3de064f4b608d57d7dc79437ae6E\/274043268\/Ha8b1b3de064f4b608d57d7dc79437ae6E.jpg\" \/><noscript><img src=\"\/\/sc04.alicdn.com\/kf\/Ha8b1b3de064f4b608d57d7dc79437ae6E\/274043268\/Ha8b1b3de064f4b608d57d7dc79437ae6E.jpg\" class=\"magic-11\/\"><\/noscript><\/div>\n<\/div>\n<\/div>\n<\/div>\n<\/div>\n<\/div>\n<div class=\"J_module\">\n<div class=\"detail-decorate-json-renderer-container\">\n<div class=\"magic-12\">\n<div class=\"magic-13\">\n<div class=\"magic-14\">\n<div class=\"magic-15\"><span class=\"magic-16\">615g Kanister Bmax Schlagsahne Ladeger\u00e4te mit Regler 6 PCS IN KARTONEN KARTONEN SIND IN PALLETTEN VERPACKT<\/span><\/div>\n<\/div>\n<\/div>\n<\/div>\n<\/div>\n<\/div>\n<div class=\"J_module\">\n<div id=\"ali-anchor-AliMagic-8ueb7d\" class=\"magic-0\" data-section=\"AliMagic-8ueb7d\" data-section-title=\"Company\">Firmenprofil<\/div>\n<\/div>\n<div class=\"J_module\">\n<div class=\"detail-decorate-json-renderer-container\">\n<div class=\"magic-12\">\n<div class=\"magic-13\">\n<div class=\"magic-14\">\n<div class=\"magic-15\"><span class=\"magic-17\">Bmax ist die gr\u00f6\u00dfte Fabrik f\u00fcr Sahneladeger\u00e4te in China mit einer Fl\u00e4che von 150.000 m2. Wir verf\u00fcgen \u00fcber die weltweit modernste automatisierte Produktionslinie, die 20.000 St\u00fcck pro Tag produziert. Wir haben in die neuesten automatisierten Produktionslinien investiert und diese nahtlos in unsere Fertigungsprozesse integriert. Unsere automatisierten Systeme gew\u00e4hrleisten eine maximale Produktionseffizienz bei gleichbleibender Produktqualit\u00e4t.<\/span><\/div>\n<\/div>\n<\/div>\n<\/div>\n<\/div>\n<\/div>\n<div class=\"J_module\">\n<div class=\"icbu-pc-images\">\n<div>\n<div class=\"flex-layout-v\">\n<div class=\"flex-layout-h\">\n<div class=\"magic-18\"><img decoding=\"async\" class=\"magic-19\/\" src=\"\/\/sc04.alicdn.com\/kf\/Acd98248e6fe24eedbe5b70a7a5e98c6aw\/274043268\/Acd98248e6fe24eedbe5b70a7a5e98c6aw.jpg\" \/><noscript><img src=\"\/\/sc04.alicdn.com\/kf\/Acd98248e6fe24eedbe5b70a7a5e98c6aw\/274043268\/Acd98248e6fe24eedbe5b70a7a5e98c6aw.jpg\" class=\"magic-19\/\"><\/noscript><\/div>\n<\/div>\n<\/div>\n<\/div>\n<\/div>\n<\/div>\n<div class=\"J_module\">\n<div id=\"ali-anchor-AliMagic-38efet\" class=\"magic-0\" data-section=\"AliMagic-38efet\" data-section-title=\"Certifications\">Zertifizierungen<\/div>\n<\/div>\n<div class=\"J_module\">\n<div class=\"icbu-pc-images\">\n<div>\n<div class=\"flex-layout-v\">\n<div class=\"flex-layout-h\">\n<div class=\"magic-20\"><img decoding=\"async\" class=\"magic-21\/\" src=\"\/\/sc04.alicdn.com\/kf\/He3a3a3cc39d84a95a8872f77ffff3a7aN\/274043268\/He3a3a3cc39d84a95a8872f77ffff3a7aN.jpg\" \/><noscript><img src=\"\/\/sc04.alicdn.com\/kf\/He3a3a3cc39d84a95a8872f77ffff3a7aN\/274043268\/He3a3a3cc39d84a95a8872f77ffff3a7aN.jpg\" class=\"magic-21\/\"><\/noscript><\/div>\n<\/div>\n<\/div>\n<\/div>\n<\/div>\n<\/div>\n<div class=\"J_module\">\n<div id=\"ali-anchor-AliMagic-xlxu1h\" class=\"magic-0\" data-section=\"AliMagic-xlxu1h\" data-section-title=\"Why\">Warum uns w\u00e4hlen<\/div>\n<\/div>\n<div class=\"J_module\">\n<div class=\"icbu-pc-images\">\n<div>\n<div class=\"flex-layout-v\">\n<div class=\"flex-layout-h\">\n<div class=\"magic-22\"><img decoding=\"async\" class=\"magic-23\/\" src=\"\/\/sc04.alicdn.com\/kf\/Hce8cc068973e4cfa8e626ca6ce6fff2d8\/274043268\/Hce8cc068973e4cfa8e626ca6ce6fff2d8.jpg\" \/><noscript><img src=\"\/\/sc04.alicdn.com\/kf\/Hce8cc068973e4cfa8e626ca6ce6fff2d8\/274043268\/Hce8cc068973e4cfa8e626ca6ce6fff2d8.jpg\" class=\"magic-23\/\"><\/noscript><\/div>\n<\/div>\n<\/div>\n<\/div>\n<\/div>\n<\/div>\n<div class=\"J_module\">\n<div class=\"icbu-pc-images\">\n<div>\n<div class=\"flex-layout-v\">\n<div class=\"flex-layout-h\"><\/div>\n<\/div>\n<\/div>\n<\/div>\n<\/div>\n<div class=\"J_module\">\n<div class=\"detail-decorate-json-renderer-container\">\n<div class=\"magic-12\">\n<div class=\"magic-13\">\n<div class=\"magic-14\">\n<div class=\"magic-15\"><\/div>\n<\/div>\n<\/div>\n<\/div>\n<\/div>\n<\/div>\n<\/div>","protected":false},"excerpt":{"rendered":"<p>Produktbeschreibung Spezifikation Artikelwert Merkmal Nachhaltig. Lagerware Produktname 615g Kanister Bmax Schlagsahne Ladeger\u00e4te mit Regler Verwendung Sahne<\/p>","protected":false},"featured_media":21990,"comment_status":"closed","ping_status":"closed","template":"","meta":{"iawp_total_views":15,"_joinchat":[]},"product_brand":[],"product_cat":[415],"product_tag":[759,756,757,758],"class_list":{"0":"post-21977","1":"product","2":"type-product","3":"status-publish","4":"has-post-thumbnail","6":"product_cat-accessories","7":"product_tag-dessert-tools","8":"product_tag-home-garden","9":"product_tag-kitchen-tabletop","10":"product_tag-kitchen-tools-gadgets","12":"first","13":"instock","14":"shipping-taxable","15":"product-type-external"},"yoast_head":"<!-- This site is optimized with the Yoast SEO Premium plugin v24.7 (Yoast SEO v26.8) - https:\/\/yoast.com\/product\/yoast-seo-premium-wordpress\/ -->\n<title>Canada Nitrous Oxide Tank Food Grade Wholesale - Global Hookah<\/title>\n<meta name=\"robots\" content=\"index, follow, max-snippet:-1, max-image-preview:large, max-video-preview:-1\" \/>\n<link rel=\"canonical\" href=\"https:\/\/global-hookah.com\/de\/produkt\/canada-nitrous-oxide-tank-food-grade-wholesale\/\" \/>\n<meta property=\"og:locale\" content=\"de_DE\" \/>\n<meta property=\"og:type\" content=\"article\" \/>\n<meta property=\"og:title\" content=\"Canada Nitrous Oxide Tank Food Grade Wholesale\" \/>\n<meta property=\"og:description\" content=\"Product Description Specification item value Feature Sustainable. Stocked Product name 615g Canisters Bmax Whipped Cream Chargers with Regulator Usage Cream\" \/>\n<meta property=\"og:url\" content=\"https:\/\/global-hookah.com\/de\/produkt\/canada-nitrous-oxide-tank-food-grade-wholesale\/\" \/>\n<meta property=\"og:site_name\" content=\"Global Hookah\" \/>\n<meta property=\"article:modified_time\" content=\"2024-04-28T08:36:51+00:00\" \/>\n<meta property=\"og:image\" content=\"https:\/\/global-hookah.com\/wp-content\/uploads\/2024\/04\/H33eba6daf6144f099173920f68ad2ff9l.webp\" \/>\n\t<meta property=\"og:image:width\" content=\"800\" \/>\n\t<meta property=\"og:image:height\" content=\"800\" \/>\n\t<meta property=\"og:image:type\" content=\"image\/webp\" \/>\n<meta name=\"twitter:card\" content=\"summary_large_image\" \/>\n<meta name=\"twitter:label1\" content=\"Gesch\u00e4tzte Lesezeit\" \/>\n\t<meta name=\"twitter:data1\" content=\"3\u00a0Minuten\" \/>\n<script type=\"application\/ld+json\" class=\"yoast-schema-graph\">{\"@context\":\"https:\/\/schema.org\",\"@graph\":[{\"@type\":\"WebPage\",\"@id\":\"https:\/\/global-hookah.com\/product\/canada-nitrous-oxide-tank-food-grade-wholesale\/\",\"url\":\"https:\/\/global-hookah.com\/product\/canada-nitrous-oxide-tank-food-grade-wholesale\/\",\"name\":\"Canada Nitrous Oxide Tank Food Grade Wholesale - Global Hookah\",\"isPartOf\":{\"@id\":\"https:\/\/global-hookah.com\/#website\"},\"primaryImageOfPage\":{\"@id\":\"https:\/\/global-hookah.com\/product\/canada-nitrous-oxide-tank-food-grade-wholesale\/#primaryimage\"},\"image\":{\"@id\":\"https:\/\/global-hookah.com\/product\/canada-nitrous-oxide-tank-food-grade-wholesale\/#primaryimage\"},\"thumbnailUrl\":\"https:\/\/global-hookah.com\/wp-content\/uploads\/2024\/04\/H33eba6daf6144f099173920f68ad2ff9l.webp\",\"datePublished\":\"2024-04-28T08:18:11+00:00\",\"dateModified\":\"2024-04-28T08:36:51+00:00\",\"breadcrumb\":{\"@id\":\"https:\/\/global-hookah.com\/product\/canada-nitrous-oxide-tank-food-grade-wholesale\/#breadcrumb\"},\"inLanguage\":\"de\",\"potentialAction\":[{\"@type\":\"ReadAction\",\"target\":[\"https:\/\/global-hookah.com\/product\/canada-nitrous-oxide-tank-food-grade-wholesale\/\"]}]},{\"@type\":\"ImageObject\",\"inLanguage\":\"de\",\"@id\":\"https:\/\/global-hookah.com\/product\/canada-nitrous-oxide-tank-food-grade-wholesale\/#primaryimage\",\"url\":\"https:\/\/global-hookah.com\/wp-content\/uploads\/2024\/04\/H33eba6daf6144f099173920f68ad2ff9l.webp\",\"contentUrl\":\"https:\/\/global-hookah.com\/wp-content\/uploads\/2024\/04\/H33eba6daf6144f099173920f68ad2ff9l.webp\",\"width\":800,\"height\":800,\"caption\":\"Canada Nitrous Oxide Tank Food Grade Wholesale\"},{\"@type\":\"BreadcrumbList\",\"@id\":\"https:\/\/global-hookah.com\/product\/canada-nitrous-oxide-tank-food-grade-wholesale\/#breadcrumb\",\"itemListElement\":[{\"@type\":\"ListItem\",\"position\":1,\"name\":\"Home\",\"item\":\"https:\/\/global-hookah.com\/\"},{\"@type\":\"ListItem\",\"position\":2,\"name\":\"Shop\",\"item\":\"https:\/\/global-hookah.com\/shop\/\"},{\"@type\":\"ListItem\",\"position\":3,\"name\":\"Canada Nitrous Oxide Tank Food Grade Wholesale\"}]},{\"@type\":\"WebSite\",\"@id\":\"https:\/\/global-hookah.com\/#website\",\"url\":\"https:\/\/global-hookah.com\/\",\"name\":\"Global Hookah\",\"description\":\"Global Hookah\",\"publisher\":{\"@id\":\"https:\/\/global-hookah.com\/#organization\"},\"potentialAction\":[{\"@type\":\"SearchAction\",\"target\":{\"@type\":\"EntryPoint\",\"urlTemplate\":\"https:\/\/global-hookah.com\/?s={search_term_string}\"},\"query-input\":{\"@type\":\"PropertyValueSpecification\",\"valueRequired\":true,\"valueName\":\"search_term_string\"}}],\"inLanguage\":\"de\"},{\"@type\":\"Organization\",\"@id\":\"https:\/\/global-hookah.com\/#organization\",\"name\":\"Global Hookah\",\"url\":\"https:\/\/global-hookah.com\/\",\"logo\":{\"@type\":\"ImageObject\",\"inLanguage\":\"de\",\"@id\":\"https:\/\/global-hookah.com\/#\/schema\/logo\/image\/\",\"url\":\"https:\/\/global-hookah.com\/wp-content\/uploads\/2021\/10\/cropped-fgg.png\",\"contentUrl\":\"https:\/\/global-hookah.com\/wp-content\/uploads\/2021\/10\/cropped-fgg.png\",\"width\":512,\"height\":512,\"caption\":\"Global Hookah\"},\"image\":{\"@id\":\"https:\/\/global-hookah.com\/#\/schema\/logo\/image\/\"}}]}<\/script>\n<!-- \/ Yoast SEO Premium plugin. -->","yoast_head_json":{"title":"Kanada Distickstoffoxid Tank Lebensmittelqualit\u00e4t Gro\u00dfhandel - Global Hookah","robots":{"index":"index","follow":"follow","max-snippet":"max-snippet:-1","max-image-preview":"max-image-preview:large","max-video-preview":"max-video-preview:-1"},"canonical":"https:\/\/global-hookah.com\/de\/produkt\/canada-nitrous-oxide-tank-food-grade-wholesale\/","og_locale":"de_DE","og_type":"article","og_title":"Canada Nitrous Oxide Tank Food Grade Wholesale","og_description":"Product Description Specification item value Feature Sustainable. Stocked Product name 615g Canisters Bmax Whipped Cream Chargers with Regulator Usage Cream","og_url":"https:\/\/global-hookah.com\/de\/produkt\/canada-nitrous-oxide-tank-food-grade-wholesale\/","og_site_name":"Global Hookah","article_modified_time":"2024-04-28T08:36:51+00:00","og_image":[{"width":800,"height":800,"url":"https:\/\/global-hookah.com\/wp-content\/uploads\/2024\/04\/H33eba6daf6144f099173920f68ad2ff9l.webp","type":"image\/webp"}],"twitter_card":"summary_large_image","twitter_misc":{"Gesch\u00e4tzte Lesezeit":"3\u00a0Minuten"},"schema":{"@context":"https:\/\/schema.org","@graph":[{"@type":"WebPage","@id":"https:\/\/global-hookah.com\/product\/canada-nitrous-oxide-tank-food-grade-wholesale\/","url":"https:\/\/global-hookah.com\/product\/canada-nitrous-oxide-tank-food-grade-wholesale\/","name":"Kanada Distickstoffoxid Tank Lebensmittelqualit\u00e4t Gro\u00dfhandel - Global Hookah","isPartOf":{"@id":"https:\/\/global-hookah.com\/#website"},"primaryImageOfPage":{"@id":"https:\/\/global-hookah.com\/product\/canada-nitrous-oxide-tank-food-grade-wholesale\/#primaryimage"},"image":{"@id":"https:\/\/global-hookah.com\/product\/canada-nitrous-oxide-tank-food-grade-wholesale\/#primaryimage"},"thumbnailUrl":"https:\/\/global-hookah.com\/wp-content\/uploads\/2024\/04\/H33eba6daf6144f099173920f68ad2ff9l.webp","datePublished":"2024-04-28T08:18:11+00:00","dateModified":"2024-04-28T08:36:51+00:00","breadcrumb":{"@id":"https:\/\/global-hookah.com\/product\/canada-nitrous-oxide-tank-food-grade-wholesale\/#breadcrumb"},"inLanguage":"de","potentialAction":[{"@type":"ReadAction","target":["https:\/\/global-hookah.com\/product\/canada-nitrous-oxide-tank-food-grade-wholesale\/"]}]},{"@type":"ImageObject","inLanguage":"de","@id":"https:\/\/global-hookah.com\/product\/canada-nitrous-oxide-tank-food-grade-wholesale\/#primaryimage","url":"https:\/\/global-hookah.com\/wp-content\/uploads\/2024\/04\/H33eba6daf6144f099173920f68ad2ff9l.webp","contentUrl":"https:\/\/global-hookah.com\/wp-content\/uploads\/2024\/04\/H33eba6daf6144f099173920f68ad2ff9l.webp","width":800,"height":800,"caption":"Canada Nitrous Oxide Tank Food Grade Wholesale"},{"@type":"BreadcrumbList","@id":"https:\/\/global-hookah.com\/product\/canada-nitrous-oxide-tank-food-grade-wholesale\/#breadcrumb","itemListElement":[{"@type":"ListItem","position":1,"name":"Home","item":"https:\/\/global-hookah.com\/"},{"@type":"ListItem","position":2,"name":"Shop","item":"https:\/\/global-hookah.com\/shop\/"},{"@type":"ListItem","position":3,"name":"Canada Nitrous Oxide Tank Food Grade Wholesale"}]},{"@type":"WebSite","@id":"https:\/\/global-hookah.com\/#website","url":"https:\/\/global-hookah.com\/","name":"Globale Wasserpfeife","description":"Globale Wasserpfeife","publisher":{"@id":"https:\/\/global-hookah.com\/#organization"},"potentialAction":[{"@type":"SearchAction","target":{"@type":"EntryPoint","urlTemplate":"https:\/\/global-hookah.com\/?s={search_term_string}"},"query-input":{"@type":"PropertyValueSpecification","valueRequired":true,"valueName":"search_term_string"}}],"inLanguage":"de"},{"@type":"Organization","@id":"https:\/\/global-hookah.com\/#organization","name":"Globale Wasserpfeife","url":"https:\/\/global-hookah.com\/","logo":{"@type":"ImageObject","inLanguage":"de","@id":"https:\/\/global-hookah.com\/#\/schema\/logo\/image\/","url":"https:\/\/global-hookah.com\/wp-content\/uploads\/2021\/10\/cropped-fgg.png","contentUrl":"https:\/\/global-hookah.com\/wp-content\/uploads\/2021\/10\/cropped-fgg.png","width":512,"height":512,"caption":"Global Hookah"},"image":{"@id":"https:\/\/global-hookah.com\/#\/schema\/logo\/image\/"}}]}},"_links":{"self":[{"href":"https:\/\/global-hookah.com\/de\/wp-json\/wp\/v2\/product\/21977","targetHints":{"allow":["GET"]}}],"collection":[{"href":"https:\/\/global-hookah.com\/de\/wp-json\/wp\/v2\/product"}],"about":[{"href":"https:\/\/global-hookah.com\/de\/wp-json\/wp\/v2\/types\/product"}],"replies":[{"embeddable":true,"href":"https:\/\/global-hookah.com\/de\/wp-json\/wp\/v2\/comments?post=21977"}],"version-history":[{"count":0,"href":"https:\/\/global-hookah.com\/de\/wp-json\/wp\/v2\/product\/21977\/revisions"}],"wp:featuredmedia":[{"embeddable":true,"href":"https:\/\/global-hookah.com\/de\/wp-json\/wp\/v2\/media\/21990"}],"wp:attachment":[{"href":"https:\/\/global-hookah.com\/de\/wp-json\/wp\/v2\/media?parent=21977"}],"wp:term":[{"taxonomy":"product_brand","embeddable":true,"href":"https:\/\/global-hookah.com\/de\/wp-json\/wp\/v2\/product_brand?post=21977"},{"taxonomy":"product_cat","embeddable":true,"href":"https:\/\/global-hookah.com\/de\/wp-json\/wp\/v2\/product_cat?post=21977"},{"taxonomy":"product_tag","embeddable":true,"href":"https:\/\/global-hookah.com\/de\/wp-json\/wp\/v2\/product_tag?post=21977"}],"curies":[{"name":"wp","href":"https:\/\/api.w.org\/{rel}","templated":true}]}}