{"id":22031,"date":"2024-05-08T03:17:46","date_gmt":"2024-05-08T03:17:46","guid":{"rendered":"https:\/\/global-hookah.com\/product\/aluminum-arabian-hookah-wholesale\/"},"modified":"2024-08-04T08:42:59","modified_gmt":"2024-08-04T08:42:59","slug":"aluminum-arabian-hookah-wholesale","status":"publish","type":"product","link":"https:\/\/global-hookah.com\/de\/produkt\/aluminum-arabian-hookah-wholesale\/","title":{"rendered":"Aluminium Arabische Wasserpfeife Gro\u00dfhandel"},"content":{"rendered":"<p><a href=\"https:\/\/global-hookah.com\/\">Wasserpfeifen<\/a> geht es um Entspannung und Gemeinschaft. Aber um ehrlich zu sein, denke ich, dass ein <a href=\"https:\/\/global-hookah.com\/product-category\/wholesale-hookah\/electric-hookah-wholesale\/\"><strong>High-End-Wasserpfeife<\/strong> <\/a>sollte nicht nur stilvoll im Design sein, sondern auch eine gute Erfahrung beim Rauchen von Marihuana bieten. Deshalb haben wir uns die M\u00fche gemacht und eine <strong>Aluminium Arabische Wasserpfeife<\/strong> die zu gleichen Teilen ein funktionales Kunstwerk und der sanfteste Rauch ist, den Sie je erleben werden.<\/p>\n<p>Die mittlere Stange ist aus einer Aluminiumlegierung in Luft- und Raumfahrtqualit\u00e4t gefertigt, die ausgeh\u00f6hlt wurde, um ein ultraleichtes und dennoch haltbares Gef\u00fchl zu vermitteln. Wir haben sie mit einer eleganten Spiegeloberfl\u00e4che versehen, die Ihre G\u00e4ste jedes Mal blenden wird, wenn Sie sie enth\u00fcllen.<\/p>\n<p>F\u00fcr reinen, geschmackvollen Rauch ist die Schale aus importierter deutscher Keramik gefertigt, die Verunreinigungen aus dem Tabak effektiv absorbiert. Jeder sanfte Zug wird sich wie ein Hauch frischer Luft anf\u00fchlen. Das Titan-Luftstromsystem verwendet pr\u00e4zisionsgefertigte interne Kan\u00e4le, um einen gleichm\u00e4\u00dfigen Zug zu erzeugen.<\/p>\n<p>Jeder Verbindungspunkt des <strong>Aluminium Wasserpfeife<\/strong> verf\u00fcgt \u00fcber hochelastische Silikondichtungen f\u00fcr eine perfekte Abdichtung. Sie lassen sich zur einfachen Reinigung abnehmen und verhindern gleichzeitig l\u00e4stige Lecks w\u00e4hrend der Session. Diese Verschmelzung von Metall, Keramik und Silikon funktioniert nicht nur einwandfrei, sondern sieht dabei auch noch wie ein Kunstwerk aus.<\/p>\n<p><strong>Metall Hookah's<\/strong> Das Design selbst ist von der arabischen Kultur inspiriert und geht nahtlos in den modernen Stil \u00fcber. Verschlungene Muster schm\u00fccken die Oberfl\u00e4che und sorgen f\u00fcr eine raffinierte und doch verspielte Ausstrahlung.<\/p>\n<p>Und das Beste ist, dass wir Gro\u00df- und Einzelhandelspreise anbieten, die auf absolute Fairness ausgerichtet sind. Egal, ob Sie Ihr eigenes Produkt aufr\u00fcsten m\u00f6chten <strong>Metall <\/strong><a href=\"https:\/\/global-hookah.com\/product\/bulk-classic-iron-sheet-arab-hookah\/\">Wasserpfeife oder in gro\u00dfen Mengen kaufen<\/a> als einpr\u00e4gsame Geschenke, wir haben alles f\u00fcr Sie.<\/p>\n<p><img decoding=\"async\" src=\"https:\/\/ae01.alicdn.com\/kf\/S28b276e74a0646cdbde4ca392897f7a2X.jpg\" \/><img decoding=\"async\" src=\"https:\/\/ae01.alicdn.com\/kf\/S31bbd7d7bb914b31868e09276cbb9c57x.jpg\" \/><img decoding=\"async\" src=\"https:\/\/ae01.alicdn.com\/kf\/S32c444b0aaf5488d909080da3224e8061.jpg\" \/><img decoding=\"async\" src=\"https:\/\/ae01.alicdn.com\/kf\/S59c4383e22ec4f56b8d0509cc2a7848bK.jpg\" \/><img decoding=\"async\" src=\"https:\/\/ae01.alicdn.com\/kf\/S83b9787824d9488e8c005a9a42d267ab9.jpg\" \/><img decoding=\"async\" src=\"https:\/\/ae01.alicdn.com\/kf\/S8f1a3b45affd4de0a476d9b1040eb33ex.jpg\" \/><img decoding=\"async\" src=\"https:\/\/ae01.alicdn.com\/kf\/S794fda5de474474a9edf205ee2d9e50eh.jpg\" \/><img decoding=\"async\" src=\"https:\/\/ae01.alicdn.com\/kf\/S2d7a8ef13e874fb79361badd953fd302I.jpg\" \/><img decoding=\"async\" src=\"https:\/\/ae01.alicdn.com\/kf\/S989ae38327df47d28c2e52604a02e92fU.jpg\" \/><\/p>","protected":false},"excerpt":{"rendered":"<p>Bei der Wasserpfeife geht es um Entspannung und Gemeinschaft. Aber um ehrlich zu sein, ich denke, eine hochwertige Wasserpfeife sollte nicht nur<\/p>","protected":false},"featured_media":22032,"comment_status":"closed","ping_status":"closed","template":"","meta":{"iawp_total_views":16,"_joinchat":[]},"product_brand":[],"product_cat":[119],"product_tag":[],"class_list":{"0":"post-22031","1":"product","2":"type-product","3":"status-publish","4":"has-post-thumbnail","6":"product_cat-wholesale-hookah","8":"first","9":"instock","10":"shipping-taxable","11":"product-type-external"},"yoast_head":"<!-- This site is optimized with the Yoast SEO Premium plugin v24.7 (Yoast SEO v26.8) - https:\/\/yoast.com\/product\/yoast-seo-premium-wordpress\/ -->\n<title>Aluminum Arabian Hookah Wholesale - Global Hookah<\/title>\n<meta name=\"robots\" content=\"index, follow, max-snippet:-1, max-image-preview:large, max-video-preview:-1\" \/>\n<link rel=\"canonical\" href=\"https:\/\/global-hookah.com\/de\/produkt\/aluminum-arabian-hookah-wholesale\/\" \/>\n<meta property=\"og:locale\" content=\"de_DE\" \/>\n<meta property=\"og:type\" content=\"article\" \/>\n<meta property=\"og:title\" content=\"Aluminum Arabian Hookah Wholesale\" \/>\n<meta property=\"og:description\" content=\"Hookahs are all about relaxation and community. But to be honest, I think a high-end hookah should not only be\" \/>\n<meta property=\"og:url\" content=\"https:\/\/global-hookah.com\/de\/produkt\/aluminum-arabian-hookah-wholesale\/\" \/>\n<meta property=\"og:site_name\" content=\"Global Hookah\" \/>\n<meta property=\"article:modified_time\" content=\"2024-08-04T08:42:59+00:00\" \/>\n<meta property=\"og:image\" content=\"https:\/\/global-hookah.com\/wp-content\/uploads\/2024\/05\/kf-S32c444b0aaf5488d909080da3224e8061-1-set-Arabian-Hookah-shisha-chicha-decorated-with-Aluminum-art-ball.webp\" \/>\n\t<meta property=\"og:image:width\" content=\"900\" \/>\n\t<meta property=\"og:image:height\" content=\"900\" \/>\n\t<meta property=\"og:image:type\" content=\"image\/webp\" \/>\n<meta name=\"twitter:card\" content=\"summary_large_image\" \/>\n<meta name=\"twitter:label1\" content=\"Gesch\u00e4tzte Lesezeit\" \/>\n\t<meta name=\"twitter:data1\" content=\"4\u00a0Minuten\" \/>\n<script type=\"application\/ld+json\" class=\"yoast-schema-graph\">{\"@context\":\"https:\/\/schema.org\",\"@graph\":[{\"@type\":\"WebPage\",\"@id\":\"https:\/\/global-hookah.com\/product\/aluminum-arabian-hookah-wholesale\/\",\"url\":\"https:\/\/global-hookah.com\/product\/aluminum-arabian-hookah-wholesale\/\",\"name\":\"Aluminum Arabian Hookah Wholesale - Global Hookah\",\"isPartOf\":{\"@id\":\"https:\/\/global-hookah.com\/#website\"},\"primaryImageOfPage\":{\"@id\":\"https:\/\/global-hookah.com\/product\/aluminum-arabian-hookah-wholesale\/#primaryimage\"},\"image\":{\"@id\":\"https:\/\/global-hookah.com\/product\/aluminum-arabian-hookah-wholesale\/#primaryimage\"},\"thumbnailUrl\":\"https:\/\/global-hookah.com\/wp-content\/uploads\/2024\/05\/kf-S32c444b0aaf5488d909080da3224e8061-1-set-Arabian-Hookah-shisha-chicha-decorated-with-Aluminum-art-ball.webp\",\"datePublished\":\"2024-05-08T03:17:46+00:00\",\"dateModified\":\"2024-08-04T08:42:59+00:00\",\"breadcrumb\":{\"@id\":\"https:\/\/global-hookah.com\/product\/aluminum-arabian-hookah-wholesale\/#breadcrumb\"},\"inLanguage\":\"de\",\"potentialAction\":[{\"@type\":\"ReadAction\",\"target\":[\"https:\/\/global-hookah.com\/product\/aluminum-arabian-hookah-wholesale\/\"]}]},{\"@type\":\"ImageObject\",\"inLanguage\":\"de\",\"@id\":\"https:\/\/global-hookah.com\/product\/aluminum-arabian-hookah-wholesale\/#primaryimage\",\"url\":\"https:\/\/global-hookah.com\/wp-content\/uploads\/2024\/05\/kf-S32c444b0aaf5488d909080da3224e8061-1-set-Arabian-Hookah-shisha-chicha-decorated-with-Aluminum-art-ball.webp\",\"contentUrl\":\"https:\/\/global-hookah.com\/wp-content\/uploads\/2024\/05\/kf-S32c444b0aaf5488d909080da3224e8061-1-set-Arabian-Hookah-shisha-chicha-decorated-with-Aluminum-art-ball.webp\",\"width\":900,\"height\":900,\"caption\":\"Aluminum Arabian Hookah Wholesale\"},{\"@type\":\"BreadcrumbList\",\"@id\":\"https:\/\/global-hookah.com\/product\/aluminum-arabian-hookah-wholesale\/#breadcrumb\",\"itemListElement\":[{\"@type\":\"ListItem\",\"position\":1,\"name\":\"Home\",\"item\":\"https:\/\/global-hookah.com\/\"},{\"@type\":\"ListItem\",\"position\":2,\"name\":\"Shop\",\"item\":\"https:\/\/global-hookah.com\/shop\/\"},{\"@type\":\"ListItem\",\"position\":3,\"name\":\"Aluminum Arabian Hookah Wholesale\"}]},{\"@type\":\"WebSite\",\"@id\":\"https:\/\/global-hookah.com\/#website\",\"url\":\"https:\/\/global-hookah.com\/\",\"name\":\"Global Hookah\",\"description\":\"Global Hookah\",\"publisher\":{\"@id\":\"https:\/\/global-hookah.com\/#organization\"},\"potentialAction\":[{\"@type\":\"SearchAction\",\"target\":{\"@type\":\"EntryPoint\",\"urlTemplate\":\"https:\/\/global-hookah.com\/?s={search_term_string}\"},\"query-input\":{\"@type\":\"PropertyValueSpecification\",\"valueRequired\":true,\"valueName\":\"search_term_string\"}}],\"inLanguage\":\"de\"},{\"@type\":\"Organization\",\"@id\":\"https:\/\/global-hookah.com\/#organization\",\"name\":\"Global Hookah\",\"url\":\"https:\/\/global-hookah.com\/\",\"logo\":{\"@type\":\"ImageObject\",\"inLanguage\":\"de\",\"@id\":\"https:\/\/global-hookah.com\/#\/schema\/logo\/image\/\",\"url\":\"https:\/\/global-hookah.com\/wp-content\/uploads\/2021\/10\/cropped-fgg.png\",\"contentUrl\":\"https:\/\/global-hookah.com\/wp-content\/uploads\/2021\/10\/cropped-fgg.png\",\"width\":512,\"height\":512,\"caption\":\"Global Hookah\"},\"image\":{\"@id\":\"https:\/\/global-hookah.com\/#\/schema\/logo\/image\/\"}}]}<\/script>\n<!-- \/ Yoast SEO Premium plugin. -->","yoast_head_json":{"title":"Aluminium Arabische Wasserpfeife Gro\u00dfhandel - Global Hookah","robots":{"index":"index","follow":"follow","max-snippet":"max-snippet:-1","max-image-preview":"max-image-preview:large","max-video-preview":"max-video-preview:-1"},"canonical":"https:\/\/global-hookah.com\/de\/produkt\/aluminum-arabian-hookah-wholesale\/","og_locale":"de_DE","og_type":"article","og_title":"Aluminum Arabian Hookah Wholesale","og_description":"Hookahs are all about relaxation and community. But to be honest, I think a high-end hookah should not only be","og_url":"https:\/\/global-hookah.com\/de\/produkt\/aluminum-arabian-hookah-wholesale\/","og_site_name":"Global Hookah","article_modified_time":"2024-08-04T08:42:59+00:00","og_image":[{"width":900,"height":900,"url":"https:\/\/global-hookah.com\/wp-content\/uploads\/2024\/05\/kf-S32c444b0aaf5488d909080da3224e8061-1-set-Arabian-Hookah-shisha-chicha-decorated-with-Aluminum-art-ball.webp","type":"image\/webp"}],"twitter_card":"summary_large_image","twitter_misc":{"Gesch\u00e4tzte Lesezeit":"4\u00a0Minuten"},"schema":{"@context":"https:\/\/schema.org","@graph":[{"@type":"WebPage","@id":"https:\/\/global-hookah.com\/product\/aluminum-arabian-hookah-wholesale\/","url":"https:\/\/global-hookah.com\/product\/aluminum-arabian-hookah-wholesale\/","name":"Aluminium Arabische Wasserpfeife Gro\u00dfhandel - Global Hookah","isPartOf":{"@id":"https:\/\/global-hookah.com\/#website"},"primaryImageOfPage":{"@id":"https:\/\/global-hookah.com\/product\/aluminum-arabian-hookah-wholesale\/#primaryimage"},"image":{"@id":"https:\/\/global-hookah.com\/product\/aluminum-arabian-hookah-wholesale\/#primaryimage"},"thumbnailUrl":"https:\/\/global-hookah.com\/wp-content\/uploads\/2024\/05\/kf-S32c444b0aaf5488d909080da3224e8061-1-set-Arabian-Hookah-shisha-chicha-decorated-with-Aluminum-art-ball.webp","datePublished":"2024-05-08T03:17:46+00:00","dateModified":"2024-08-04T08:42:59+00:00","breadcrumb":{"@id":"https:\/\/global-hookah.com\/product\/aluminum-arabian-hookah-wholesale\/#breadcrumb"},"inLanguage":"de","potentialAction":[{"@type":"ReadAction","target":["https:\/\/global-hookah.com\/product\/aluminum-arabian-hookah-wholesale\/"]}]},{"@type":"ImageObject","inLanguage":"de","@id":"https:\/\/global-hookah.com\/product\/aluminum-arabian-hookah-wholesale\/#primaryimage","url":"https:\/\/global-hookah.com\/wp-content\/uploads\/2024\/05\/kf-S32c444b0aaf5488d909080da3224e8061-1-set-Arabian-Hookah-shisha-chicha-decorated-with-Aluminum-art-ball.webp","contentUrl":"https:\/\/global-hookah.com\/wp-content\/uploads\/2024\/05\/kf-S32c444b0aaf5488d909080da3224e8061-1-set-Arabian-Hookah-shisha-chicha-decorated-with-Aluminum-art-ball.webp","width":900,"height":900,"caption":"Aluminum Arabian Hookah Wholesale"},{"@type":"BreadcrumbList","@id":"https:\/\/global-hookah.com\/product\/aluminum-arabian-hookah-wholesale\/#breadcrumb","itemListElement":[{"@type":"ListItem","position":1,"name":"Home","item":"https:\/\/global-hookah.com\/"},{"@type":"ListItem","position":2,"name":"Shop","item":"https:\/\/global-hookah.com\/shop\/"},{"@type":"ListItem","position":3,"name":"Aluminum Arabian Hookah Wholesale"}]},{"@type":"WebSite","@id":"https:\/\/global-hookah.com\/#website","url":"https:\/\/global-hookah.com\/","name":"Globale Wasserpfeife","description":"Globale Wasserpfeife","publisher":{"@id":"https:\/\/global-hookah.com\/#organization"},"potentialAction":[{"@type":"SearchAction","target":{"@type":"EntryPoint","urlTemplate":"https:\/\/global-hookah.com\/?s={search_term_string}"},"query-input":{"@type":"PropertyValueSpecification","valueRequired":true,"valueName":"search_term_string"}}],"inLanguage":"de"},{"@type":"Organization","@id":"https:\/\/global-hookah.com\/#organization","name":"Globale Wasserpfeife","url":"https:\/\/global-hookah.com\/","logo":{"@type":"ImageObject","inLanguage":"de","@id":"https:\/\/global-hookah.com\/#\/schema\/logo\/image\/","url":"https:\/\/global-hookah.com\/wp-content\/uploads\/2021\/10\/cropped-fgg.png","contentUrl":"https:\/\/global-hookah.com\/wp-content\/uploads\/2021\/10\/cropped-fgg.png","width":512,"height":512,"caption":"Global Hookah"},"image":{"@id":"https:\/\/global-hookah.com\/#\/schema\/logo\/image\/"}}]}},"_links":{"self":[{"href":"https:\/\/global-hookah.com\/de\/wp-json\/wp\/v2\/product\/22031","targetHints":{"allow":["GET"]}}],"collection":[{"href":"https:\/\/global-hookah.com\/de\/wp-json\/wp\/v2\/product"}],"about":[{"href":"https:\/\/global-hookah.com\/de\/wp-json\/wp\/v2\/types\/product"}],"replies":[{"embeddable":true,"href":"https:\/\/global-hookah.com\/de\/wp-json\/wp\/v2\/comments?post=22031"}],"version-history":[{"count":0,"href":"https:\/\/global-hookah.com\/de\/wp-json\/wp\/v2\/product\/22031\/revisions"}],"wp:featuredmedia":[{"embeddable":true,"href":"https:\/\/global-hookah.com\/de\/wp-json\/wp\/v2\/media\/22032"}],"wp:attachment":[{"href":"https:\/\/global-hookah.com\/de\/wp-json\/wp\/v2\/media?parent=22031"}],"wp:term":[{"taxonomy":"product_brand","embeddable":true,"href":"https:\/\/global-hookah.com\/de\/wp-json\/wp\/v2\/product_brand?post=22031"},{"taxonomy":"product_cat","embeddable":true,"href":"https:\/\/global-hookah.com\/de\/wp-json\/wp\/v2\/product_cat?post=22031"},{"taxonomy":"product_tag","embeddable":true,"href":"https:\/\/global-hookah.com\/de\/wp-json\/wp\/v2\/product_tag?post=22031"}],"curies":[{"name":"wp","href":"https:\/\/api.w.org\/{rel}","templated":true}]}}