{"id":22046,"date":"2024-05-09T08:29:13","date_gmt":"2024-05-09T08:29:13","guid":{"rendered":"https:\/\/global-hookah.com\/?post_type=product&#038;p=22046"},"modified":"2024-05-12T01:48:55","modified_gmt":"2024-05-12T01:48:55","slug":"glass-hammer-weed-pipe-wholesale","status":"publish","type":"product","link":"https:\/\/global-hookah.com\/de\/produkt\/glass-hammer-weed-pipe-wholesale\/","title":{"rendered":"Glas Hammer Unkraut Pfeife Gro\u00dfhandel"},"content":{"rendered":"<p>Hey Freund, willst du auf deiner n\u00e4chsten Party beeindrucken? Dann ist das<strong> Glashammer Unkrautpfeife<\/strong> ist perfekt f\u00fcr Sie! Diese <strong>Einzigartig geformtes Rohr<\/strong> wird in fachm\u00e4nnischer Handarbeit aus hochwertigem Glas hergestellt und f\u00fchlt sich hervorragend an. Sein einzigartiges Design l\u00e4sst Dich den doppelten Spa\u00df auf einmal genie\u00dfen, und die Glashammerform verleiht Dir einen coolen und stilvollen Look. Nicht nur das, es verwendet ein gefiltertes Mundst\u00fcck, um effektiv Rauch f\u00fcr glattere Hits zu filtern.<\/p>\n<p>Im Vergleich zu traditionellen Wasserpfeifen ist das Design der<strong> Glashammer Unkrautpfeifen<\/strong> ist noch benutzerfreundlicher. Das einzigartige Design des Lufteinlasses erm\u00f6glicht eine einfache Steuerung der Rauchmenge,<\/p>\n<p>Auch Anf\u00e4nger k\u00f6nnen dieses Programm leicht nutzen<strong> Glashammer <a class=\"wpil_keyword_link\" href=\"https:\/\/global-hookah.com\/product-category\/wholesale-weed-pipes\/\"   title=\"Unkraut-Rohr\" data-wpil-keyword-link=\"linked\">Unkraut-Rohr<\/a><\/strong>. Bringen Sie unendlich viel Freude in Partys und zwangloses Beisammensein mit Freunden, indem Sie es benutzen.<\/p>\n<p>Da es so toll ist, muss es doch teuer sein, oder? Nein! Hier bieten wir erschwingliche Preise und Gro\u00dfhandelsservices. Ob Sie eine f\u00fcr sich selbst oder f\u00fcr<a href=\"https:\/\/global-hookah.com\/product-category\/glass-pipe-wholesale\/\"> kaufen in bulk Weed Pipe<\/a> als Geschenk f\u00fcr Freunde, es ist ideal! Kaufen Sie bei uns ein und wir sorgen daf\u00fcr, dass Sie den besten Preis und einen aufmerksamen Service erhalten.<\/p>","protected":false},"excerpt":{"rendered":"<p>Hey Freund, willst Du auf Deiner n\u00e4chsten Party beeindrucken? Dann ist diese Glass Hammer Weed Pipe perfekt f\u00fcr dich! Diese<\/p>","protected":false},"featured_media":22048,"comment_status":"closed","ping_status":"closed","template":"","meta":{"iawp_total_views":1,"_joinchat":[]},"product_brand":[],"product_cat":[562],"product_tag":[],"class_list":{"0":"post-22046","1":"product","2":"type-product","3":"status-publish","4":"has-post-thumbnail","6":"product_cat-glass-pipe-wholesale","8":"first","9":"instock","10":"shipping-taxable","11":"product-type-external"},"yoast_head":"<!-- This site is optimized with the Yoast SEO Premium plugin v24.7 (Yoast SEO v26.8) - https:\/\/yoast.com\/product\/yoast-seo-premium-wordpress\/ -->\n<title>Glass Hammer Weed Pipe Wholesale - Global Hookah<\/title>\n<meta name=\"robots\" content=\"index, follow, max-snippet:-1, max-image-preview:large, max-video-preview:-1\" \/>\n<link rel=\"canonical\" href=\"https:\/\/global-hookah.com\/de\/produkt\/glass-hammer-weed-pipe-wholesale\/\" \/>\n<meta property=\"og:locale\" content=\"de_DE\" \/>\n<meta property=\"og:type\" content=\"article\" \/>\n<meta property=\"og:title\" content=\"Glass Hammer Weed Pipe Wholesale\" \/>\n<meta property=\"og:description\" content=\"Hey friend, want to impress at your next party? Then this Glass Hammer Weed Pipe is perfect for you! This\" \/>\n<meta property=\"og:url\" content=\"https:\/\/global-hookah.com\/de\/produkt\/glass-hammer-weed-pipe-wholesale\/\" \/>\n<meta property=\"og:site_name\" content=\"Global Hookah\" \/>\n<meta property=\"article:modified_time\" content=\"2024-05-12T01:48:55+00:00\" \/>\n<meta property=\"og:image\" content=\"https:\/\/global-hookah.com\/wp-content\/uploads\/2024\/05\/th-11134207-7quky-lfrchkjs2fbjfd.jpg\" \/>\n\t<meta property=\"og:image:width\" content=\"1024\" \/>\n\t<meta property=\"og:image:height\" content=\"1024\" \/>\n\t<meta property=\"og:image:type\" content=\"image\/jpeg\" \/>\n<meta name=\"twitter:card\" content=\"summary_large_image\" \/>\n<meta name=\"twitter:label1\" content=\"Gesch\u00e4tzte Lesezeit\" \/>\n\t<meta name=\"twitter:data1\" content=\"1\u00a0Minute\" \/>\n<script type=\"application\/ld+json\" class=\"yoast-schema-graph\">{\"@context\":\"https:\/\/schema.org\",\"@graph\":[{\"@type\":\"WebPage\",\"@id\":\"https:\/\/global-hookah.com\/product\/glass-hammer-weed-pipe-wholesale\/\",\"url\":\"https:\/\/global-hookah.com\/product\/glass-hammer-weed-pipe-wholesale\/\",\"name\":\"Glass Hammer Weed Pipe Wholesale - Global Hookah\",\"isPartOf\":{\"@id\":\"https:\/\/global-hookah.com\/#website\"},\"primaryImageOfPage\":{\"@id\":\"https:\/\/global-hookah.com\/product\/glass-hammer-weed-pipe-wholesale\/#primaryimage\"},\"image\":{\"@id\":\"https:\/\/global-hookah.com\/product\/glass-hammer-weed-pipe-wholesale\/#primaryimage\"},\"thumbnailUrl\":\"https:\/\/global-hookah.com\/wp-content\/uploads\/2024\/05\/th-11134207-7quky-lfrchkjs2fbjfd.jpg\",\"datePublished\":\"2024-05-09T08:29:13+00:00\",\"dateModified\":\"2024-05-12T01:48:55+00:00\",\"breadcrumb\":{\"@id\":\"https:\/\/global-hookah.com\/product\/glass-hammer-weed-pipe-wholesale\/#breadcrumb\"},\"inLanguage\":\"de\",\"potentialAction\":[{\"@type\":\"ReadAction\",\"target\":[\"https:\/\/global-hookah.com\/product\/glass-hammer-weed-pipe-wholesale\/\"]}]},{\"@type\":\"ImageObject\",\"inLanguage\":\"de\",\"@id\":\"https:\/\/global-hookah.com\/product\/glass-hammer-weed-pipe-wholesale\/#primaryimage\",\"url\":\"https:\/\/global-hookah.com\/wp-content\/uploads\/2024\/05\/th-11134207-7quky-lfrchkjs2fbjfd.jpg\",\"contentUrl\":\"https:\/\/global-hookah.com\/wp-content\/uploads\/2024\/05\/th-11134207-7quky-lfrchkjs2fbjfd.jpg\",\"width\":1024,\"height\":1024,\"caption\":\"Glass Hammer Weed Pipe Wholesale\"},{\"@type\":\"BreadcrumbList\",\"@id\":\"https:\/\/global-hookah.com\/product\/glass-hammer-weed-pipe-wholesale\/#breadcrumb\",\"itemListElement\":[{\"@type\":\"ListItem\",\"position\":1,\"name\":\"Home\",\"item\":\"https:\/\/global-hookah.com\/\"},{\"@type\":\"ListItem\",\"position\":2,\"name\":\"Shop\",\"item\":\"https:\/\/global-hookah.com\/shop\/\"},{\"@type\":\"ListItem\",\"position\":3,\"name\":\"Glass Hammer Weed Pipe Wholesale\"}]},{\"@type\":\"WebSite\",\"@id\":\"https:\/\/global-hookah.com\/#website\",\"url\":\"https:\/\/global-hookah.com\/\",\"name\":\"Global Hookah\",\"description\":\"Global Hookah\",\"publisher\":{\"@id\":\"https:\/\/global-hookah.com\/#organization\"},\"potentialAction\":[{\"@type\":\"SearchAction\",\"target\":{\"@type\":\"EntryPoint\",\"urlTemplate\":\"https:\/\/global-hookah.com\/?s={search_term_string}\"},\"query-input\":{\"@type\":\"PropertyValueSpecification\",\"valueRequired\":true,\"valueName\":\"search_term_string\"}}],\"inLanguage\":\"de\"},{\"@type\":\"Organization\",\"@id\":\"https:\/\/global-hookah.com\/#organization\",\"name\":\"Global Hookah\",\"url\":\"https:\/\/global-hookah.com\/\",\"logo\":{\"@type\":\"ImageObject\",\"inLanguage\":\"de\",\"@id\":\"https:\/\/global-hookah.com\/#\/schema\/logo\/image\/\",\"url\":\"https:\/\/global-hookah.com\/wp-content\/uploads\/2021\/10\/cropped-fgg.png\",\"contentUrl\":\"https:\/\/global-hookah.com\/wp-content\/uploads\/2021\/10\/cropped-fgg.png\",\"width\":512,\"height\":512,\"caption\":\"Global Hookah\"},\"image\":{\"@id\":\"https:\/\/global-hookah.com\/#\/schema\/logo\/image\/\"}}]}<\/script>\n<!-- \/ Yoast SEO Premium plugin. -->","yoast_head_json":{"title":"Glas Hammer Unkrautpfeife Gro\u00dfhandel - Global Hookah","robots":{"index":"index","follow":"follow","max-snippet":"max-snippet:-1","max-image-preview":"max-image-preview:large","max-video-preview":"max-video-preview:-1"},"canonical":"https:\/\/global-hookah.com\/de\/produkt\/glass-hammer-weed-pipe-wholesale\/","og_locale":"de_DE","og_type":"article","og_title":"Glass Hammer Weed Pipe Wholesale","og_description":"Hey friend, want to impress at your next party? Then this Glass Hammer Weed Pipe is perfect for you! This","og_url":"https:\/\/global-hookah.com\/de\/produkt\/glass-hammer-weed-pipe-wholesale\/","og_site_name":"Global Hookah","article_modified_time":"2024-05-12T01:48:55+00:00","og_image":[{"width":1024,"height":1024,"url":"https:\/\/global-hookah.com\/wp-content\/uploads\/2024\/05\/th-11134207-7quky-lfrchkjs2fbjfd.jpg","type":"image\/jpeg"}],"twitter_card":"summary_large_image","twitter_misc":{"Gesch\u00e4tzte Lesezeit":"1\u00a0Minute"},"schema":{"@context":"https:\/\/schema.org","@graph":[{"@type":"WebPage","@id":"https:\/\/global-hookah.com\/product\/glass-hammer-weed-pipe-wholesale\/","url":"https:\/\/global-hookah.com\/product\/glass-hammer-weed-pipe-wholesale\/","name":"Glas Hammer Unkrautpfeife Gro\u00dfhandel - Global Hookah","isPartOf":{"@id":"https:\/\/global-hookah.com\/#website"},"primaryImageOfPage":{"@id":"https:\/\/global-hookah.com\/product\/glass-hammer-weed-pipe-wholesale\/#primaryimage"},"image":{"@id":"https:\/\/global-hookah.com\/product\/glass-hammer-weed-pipe-wholesale\/#primaryimage"},"thumbnailUrl":"https:\/\/global-hookah.com\/wp-content\/uploads\/2024\/05\/th-11134207-7quky-lfrchkjs2fbjfd.jpg","datePublished":"2024-05-09T08:29:13+00:00","dateModified":"2024-05-12T01:48:55+00:00","breadcrumb":{"@id":"https:\/\/global-hookah.com\/product\/glass-hammer-weed-pipe-wholesale\/#breadcrumb"},"inLanguage":"de","potentialAction":[{"@type":"ReadAction","target":["https:\/\/global-hookah.com\/product\/glass-hammer-weed-pipe-wholesale\/"]}]},{"@type":"ImageObject","inLanguage":"de","@id":"https:\/\/global-hookah.com\/product\/glass-hammer-weed-pipe-wholesale\/#primaryimage","url":"https:\/\/global-hookah.com\/wp-content\/uploads\/2024\/05\/th-11134207-7quky-lfrchkjs2fbjfd.jpg","contentUrl":"https:\/\/global-hookah.com\/wp-content\/uploads\/2024\/05\/th-11134207-7quky-lfrchkjs2fbjfd.jpg","width":1024,"height":1024,"caption":"Glass Hammer Weed Pipe Wholesale"},{"@type":"BreadcrumbList","@id":"https:\/\/global-hookah.com\/product\/glass-hammer-weed-pipe-wholesale\/#breadcrumb","itemListElement":[{"@type":"ListItem","position":1,"name":"Home","item":"https:\/\/global-hookah.com\/"},{"@type":"ListItem","position":2,"name":"Shop","item":"https:\/\/global-hookah.com\/shop\/"},{"@type":"ListItem","position":3,"name":"Glass Hammer Weed Pipe Wholesale"}]},{"@type":"WebSite","@id":"https:\/\/global-hookah.com\/#website","url":"https:\/\/global-hookah.com\/","name":"Globale Wasserpfeife","description":"Globale Wasserpfeife","publisher":{"@id":"https:\/\/global-hookah.com\/#organization"},"potentialAction":[{"@type":"SearchAction","target":{"@type":"EntryPoint","urlTemplate":"https:\/\/global-hookah.com\/?s={search_term_string}"},"query-input":{"@type":"PropertyValueSpecification","valueRequired":true,"valueName":"search_term_string"}}],"inLanguage":"de"},{"@type":"Organization","@id":"https:\/\/global-hookah.com\/#organization","name":"Globale Wasserpfeife","url":"https:\/\/global-hookah.com\/","logo":{"@type":"ImageObject","inLanguage":"de","@id":"https:\/\/global-hookah.com\/#\/schema\/logo\/image\/","url":"https:\/\/global-hookah.com\/wp-content\/uploads\/2021\/10\/cropped-fgg.png","contentUrl":"https:\/\/global-hookah.com\/wp-content\/uploads\/2021\/10\/cropped-fgg.png","width":512,"height":512,"caption":"Global Hookah"},"image":{"@id":"https:\/\/global-hookah.com\/#\/schema\/logo\/image\/"}}]}},"_links":{"self":[{"href":"https:\/\/global-hookah.com\/de\/wp-json\/wp\/v2\/product\/22046","targetHints":{"allow":["GET"]}}],"collection":[{"href":"https:\/\/global-hookah.com\/de\/wp-json\/wp\/v2\/product"}],"about":[{"href":"https:\/\/global-hookah.com\/de\/wp-json\/wp\/v2\/types\/product"}],"replies":[{"embeddable":true,"href":"https:\/\/global-hookah.com\/de\/wp-json\/wp\/v2\/comments?post=22046"}],"version-history":[{"count":0,"href":"https:\/\/global-hookah.com\/de\/wp-json\/wp\/v2\/product\/22046\/revisions"}],"wp:featuredmedia":[{"embeddable":true,"href":"https:\/\/global-hookah.com\/de\/wp-json\/wp\/v2\/media\/22048"}],"wp:attachment":[{"href":"https:\/\/global-hookah.com\/de\/wp-json\/wp\/v2\/media?parent=22046"}],"wp:term":[{"taxonomy":"product_brand","embeddable":true,"href":"https:\/\/global-hookah.com\/de\/wp-json\/wp\/v2\/product_brand?post=22046"},{"taxonomy":"product_cat","embeddable":true,"href":"https:\/\/global-hookah.com\/de\/wp-json\/wp\/v2\/product_cat?post=22046"},{"taxonomy":"product_tag","embeddable":true,"href":"https:\/\/global-hookah.com\/de\/wp-json\/wp\/v2\/product_tag?post=22046"}],"curies":[{"name":"wp","href":"https:\/\/api.w.org\/{rel}","templated":true}]}}