{"id":22234,"date":"2024-05-12T07:48:03","date_gmt":"2024-05-12T07:48:03","guid":{"rendered":"https:\/\/global-hookah.com\/?post_type=product&#038;p=22234"},"modified":"2024-05-14T06:48:42","modified_gmt":"2024-05-14T06:48:42","slug":"custom-portable-beaker-bongs-wholesale","status":"publish","type":"product","link":"https:\/\/global-hookah.com\/de\/produkt\/custom-portable-beaker-bongs-wholesale\/","title":{"rendered":"Benutzerdefinierte tragbare Becher Bongs Gro\u00dfhandel"},"content":{"rendered":"<p>Diese <strong>Tragbare Becher-Bong<\/strong> kann Ihnen definitiv hochwertigen Rauchgenuss bieten! Sie ist aus hochwertigem Glas mundgeblasen. Sie k\u00f6nnen f\u00fchlen, es ist sehr solide, wenn Sie es in der Hand halten.<\/p>\n<p>Aber was macht dieses Projekt wirklich aus? <strong>Tragbare Becher-Bong<\/strong> Das Besondere ist die riesige Rauchkammer im Inneren. Ich spreche von massivem Luftstrom und riesigen Rissen f\u00fcr Tage! Es hat diese gro\u00dfe ol 'Eisf\u00e4nger auch so k\u00f6nnen Sie in einigen frostigen Eisw\u00fcrfel fallen, um den Rauch zu k\u00fchlen, bevor es Ihre Lungen trifft. Die sanftesten, coolsten Z\u00fcge aller Zeiten!<\/p>\n<p>Und das Mundst\u00fcck ist genau richtig geformt - es entweicht kein scharfer Rauch an den Seiten. Diese<strong> tragbarer Bong-Bausatz<\/strong> ist f\u00fcr maximale Rauchabgabe ohne Abfall konzipiert. Die geschwungene Glasform ist auch so ergonomisch - es f\u00fchlt sich so gut an zu halten.<\/p>\n<p>Au\u00dferdem unterst\u00fctzen wir individuelles Design! Sie k\u00f6nnen Ihr eigenes Logo, Text oder Animationsmuster auf dem <strong>tragbare Glasbong<\/strong>und das alles kostenlos! K\u00f6nnen Sie sich vorstellen, wie begeistert Ihre Kunden sein werden, wenn sie eine personalisierte Shisha sehen? Wir k\u00f6nnen auch die <strong>tragbare Wasserpfeife<\/strong> Farbe bis hin zu Regenbogenfarben, um alle Vorlieben der Anime-Fans zu befriedigen!<\/p>\n<p>Kommen Sie und holen Sie sich ein individuelles<strong> tragbare Wasserpfeife<\/strong> \u00fcber unser <a href=\"https:\/\/global-hookah.com\/product-category\/bong-wholesale\/wholesale-glass-bong\/\">Gro\u00dfhandelspreise<\/a>! Damit k\u00f6nnen Sie eine Menge Geld sparen!<\/p>","protected":false},"excerpt":{"rendered":"<p>Diese tragbare Beaker Bong kann Ihnen definitiv ein hochwertiges Rauchvergn\u00fcgen bieten! Sie ist aus hochwertigem Glas mundgeblasen. Sie k\u00f6nnen<\/p>","protected":false},"featured_media":22251,"comment_status":"closed","ping_status":"closed","template":"","meta":{"iawp_total_views":2,"_joinchat":[]},"product_brand":[],"product_cat":[535],"product_tag":[],"class_list":{"0":"post-22234","1":"product","2":"type-product","3":"status-publish","4":"has-post-thumbnail","6":"product_cat-wholesale-glass-bong","8":"first","9":"instock","10":"shipping-taxable","11":"product-type-external"},"yoast_head":"<!-- This site is optimized with the Yoast SEO Premium plugin v24.7 (Yoast SEO v26.8) - https:\/\/yoast.com\/product\/yoast-seo-premium-wordpress\/ -->\n<title>Custom Portable Beaker Bongs Wholesale - Global Hookah<\/title>\n<meta name=\"robots\" content=\"index, follow, max-snippet:-1, max-image-preview:large, max-video-preview:-1\" \/>\n<link rel=\"canonical\" href=\"https:\/\/global-hookah.com\/de\/produkt\/custom-portable-beaker-bongs-wholesale\/\" \/>\n<meta property=\"og:locale\" content=\"de_DE\" \/>\n<meta property=\"og:type\" content=\"article\" \/>\n<meta property=\"og:title\" content=\"Custom Portable Beaker Bongs Wholesale\" \/>\n<meta property=\"og:description\" content=\"This Portable Beaker Bong can definitely provide you with high-end smoke enjoyment! It is hand-blown from high-quality glass. You can\" \/>\n<meta property=\"og:url\" content=\"https:\/\/global-hookah.com\/de\/produkt\/custom-portable-beaker-bongs-wholesale\/\" \/>\n<meta property=\"og:site_name\" content=\"Global Hookah\" \/>\n<meta property=\"article:modified_time\" content=\"2024-05-14T06:48:42+00:00\" \/>\n<meta property=\"og:image\" content=\"https:\/\/global-hookah.com\/wp-content\/uploads\/2024\/05\/eca232cb-51f3-46e3-bc70-178975cdf2e9-1.jpg\" \/>\n\t<meta property=\"og:image:width\" content=\"1024\" \/>\n\t<meta property=\"og:image:height\" content=\"1024\" \/>\n\t<meta property=\"og:image:type\" content=\"image\/jpeg\" \/>\n<meta name=\"twitter:card\" content=\"summary_large_image\" \/>\n<meta name=\"twitter:label1\" content=\"Gesch\u00e4tzte Lesezeit\" \/>\n\t<meta name=\"twitter:data1\" content=\"2\u00a0Minuten\" \/>\n<script type=\"application\/ld+json\" class=\"yoast-schema-graph\">{\"@context\":\"https:\/\/schema.org\",\"@graph\":[{\"@type\":\"WebPage\",\"@id\":\"https:\/\/global-hookah.com\/product\/custom-portable-beaker-bongs-wholesale\/\",\"url\":\"https:\/\/global-hookah.com\/product\/custom-portable-beaker-bongs-wholesale\/\",\"name\":\"Custom Portable Beaker Bongs Wholesale - Global Hookah\",\"isPartOf\":{\"@id\":\"https:\/\/global-hookah.com\/#website\"},\"primaryImageOfPage\":{\"@id\":\"https:\/\/global-hookah.com\/product\/custom-portable-beaker-bongs-wholesale\/#primaryimage\"},\"image\":{\"@id\":\"https:\/\/global-hookah.com\/product\/custom-portable-beaker-bongs-wholesale\/#primaryimage\"},\"thumbnailUrl\":\"https:\/\/global-hookah.com\/wp-content\/uploads\/2024\/05\/eca232cb-51f3-46e3-bc70-178975cdf2e9-1.jpg\",\"datePublished\":\"2024-05-12T07:48:03+00:00\",\"dateModified\":\"2024-05-14T06:48:42+00:00\",\"breadcrumb\":{\"@id\":\"https:\/\/global-hookah.com\/product\/custom-portable-beaker-bongs-wholesale\/#breadcrumb\"},\"inLanguage\":\"de\",\"potentialAction\":[{\"@type\":\"ReadAction\",\"target\":[\"https:\/\/global-hookah.com\/product\/custom-portable-beaker-bongs-wholesale\/\"]}]},{\"@type\":\"ImageObject\",\"inLanguage\":\"de\",\"@id\":\"https:\/\/global-hookah.com\/product\/custom-portable-beaker-bongs-wholesale\/#primaryimage\",\"url\":\"https:\/\/global-hookah.com\/wp-content\/uploads\/2024\/05\/eca232cb-51f3-46e3-bc70-178975cdf2e9-1.jpg\",\"contentUrl\":\"https:\/\/global-hookah.com\/wp-content\/uploads\/2024\/05\/eca232cb-51f3-46e3-bc70-178975cdf2e9-1.jpg\",\"width\":1024,\"height\":1024,\"caption\":\"glass beaker bongs Wholesale\"},{\"@type\":\"BreadcrumbList\",\"@id\":\"https:\/\/global-hookah.com\/product\/custom-portable-beaker-bongs-wholesale\/#breadcrumb\",\"itemListElement\":[{\"@type\":\"ListItem\",\"position\":1,\"name\":\"Home\",\"item\":\"https:\/\/global-hookah.com\/\"},{\"@type\":\"ListItem\",\"position\":2,\"name\":\"Shop\",\"item\":\"https:\/\/global-hookah.com\/shop\/\"},{\"@type\":\"ListItem\",\"position\":3,\"name\":\"Custom Portable Beaker Bongs Wholesale\"}]},{\"@type\":\"WebSite\",\"@id\":\"https:\/\/global-hookah.com\/#website\",\"url\":\"https:\/\/global-hookah.com\/\",\"name\":\"Global Hookah\",\"description\":\"Global Hookah\",\"publisher\":{\"@id\":\"https:\/\/global-hookah.com\/#organization\"},\"potentialAction\":[{\"@type\":\"SearchAction\",\"target\":{\"@type\":\"EntryPoint\",\"urlTemplate\":\"https:\/\/global-hookah.com\/?s={search_term_string}\"},\"query-input\":{\"@type\":\"PropertyValueSpecification\",\"valueRequired\":true,\"valueName\":\"search_term_string\"}}],\"inLanguage\":\"de\"},{\"@type\":\"Organization\",\"@id\":\"https:\/\/global-hookah.com\/#organization\",\"name\":\"Global Hookah\",\"url\":\"https:\/\/global-hookah.com\/\",\"logo\":{\"@type\":\"ImageObject\",\"inLanguage\":\"de\",\"@id\":\"https:\/\/global-hookah.com\/#\/schema\/logo\/image\/\",\"url\":\"https:\/\/global-hookah.com\/wp-content\/uploads\/2021\/10\/cropped-fgg.png\",\"contentUrl\":\"https:\/\/global-hookah.com\/wp-content\/uploads\/2021\/10\/cropped-fgg.png\",\"width\":512,\"height\":512,\"caption\":\"Global Hookah\"},\"image\":{\"@id\":\"https:\/\/global-hookah.com\/#\/schema\/logo\/image\/\"}}]}<\/script>\n<!-- \/ Yoast SEO Premium plugin. -->","yoast_head_json":{"title":"Benutzerdefinierte tragbare Becher Bongs Gro\u00dfhandel - Global Hookah","robots":{"index":"index","follow":"follow","max-snippet":"max-snippet:-1","max-image-preview":"max-image-preview:large","max-video-preview":"max-video-preview:-1"},"canonical":"https:\/\/global-hookah.com\/de\/produkt\/custom-portable-beaker-bongs-wholesale\/","og_locale":"de_DE","og_type":"article","og_title":"Custom Portable Beaker Bongs Wholesale","og_description":"This Portable Beaker Bong can definitely provide you with high-end smoke enjoyment! It is hand-blown from high-quality glass. You can","og_url":"https:\/\/global-hookah.com\/de\/produkt\/custom-portable-beaker-bongs-wholesale\/","og_site_name":"Global Hookah","article_modified_time":"2024-05-14T06:48:42+00:00","og_image":[{"width":1024,"height":1024,"url":"https:\/\/global-hookah.com\/wp-content\/uploads\/2024\/05\/eca232cb-51f3-46e3-bc70-178975cdf2e9-1.jpg","type":"image\/jpeg"}],"twitter_card":"summary_large_image","twitter_misc":{"Gesch\u00e4tzte Lesezeit":"2\u00a0Minuten"},"schema":{"@context":"https:\/\/schema.org","@graph":[{"@type":"WebPage","@id":"https:\/\/global-hookah.com\/product\/custom-portable-beaker-bongs-wholesale\/","url":"https:\/\/global-hookah.com\/product\/custom-portable-beaker-bongs-wholesale\/","name":"Benutzerdefinierte tragbare Becher Bongs Gro\u00dfhandel - Global Hookah","isPartOf":{"@id":"https:\/\/global-hookah.com\/#website"},"primaryImageOfPage":{"@id":"https:\/\/global-hookah.com\/product\/custom-portable-beaker-bongs-wholesale\/#primaryimage"},"image":{"@id":"https:\/\/global-hookah.com\/product\/custom-portable-beaker-bongs-wholesale\/#primaryimage"},"thumbnailUrl":"https:\/\/global-hookah.com\/wp-content\/uploads\/2024\/05\/eca232cb-51f3-46e3-bc70-178975cdf2e9-1.jpg","datePublished":"2024-05-12T07:48:03+00:00","dateModified":"2024-05-14T06:48:42+00:00","breadcrumb":{"@id":"https:\/\/global-hookah.com\/product\/custom-portable-beaker-bongs-wholesale\/#breadcrumb"},"inLanguage":"de","potentialAction":[{"@type":"ReadAction","target":["https:\/\/global-hookah.com\/product\/custom-portable-beaker-bongs-wholesale\/"]}]},{"@type":"ImageObject","inLanguage":"de","@id":"https:\/\/global-hookah.com\/product\/custom-portable-beaker-bongs-wholesale\/#primaryimage","url":"https:\/\/global-hookah.com\/wp-content\/uploads\/2024\/05\/eca232cb-51f3-46e3-bc70-178975cdf2e9-1.jpg","contentUrl":"https:\/\/global-hookah.com\/wp-content\/uploads\/2024\/05\/eca232cb-51f3-46e3-bc70-178975cdf2e9-1.jpg","width":1024,"height":1024,"caption":"glass beaker bongs Wholesale"},{"@type":"BreadcrumbList","@id":"https:\/\/global-hookah.com\/product\/custom-portable-beaker-bongs-wholesale\/#breadcrumb","itemListElement":[{"@type":"ListItem","position":1,"name":"Home","item":"https:\/\/global-hookah.com\/"},{"@type":"ListItem","position":2,"name":"Shop","item":"https:\/\/global-hookah.com\/shop\/"},{"@type":"ListItem","position":3,"name":"Custom Portable Beaker Bongs Wholesale"}]},{"@type":"WebSite","@id":"https:\/\/global-hookah.com\/#website","url":"https:\/\/global-hookah.com\/","name":"Globale Wasserpfeife","description":"Globale Wasserpfeife","publisher":{"@id":"https:\/\/global-hookah.com\/#organization"},"potentialAction":[{"@type":"SearchAction","target":{"@type":"EntryPoint","urlTemplate":"https:\/\/global-hookah.com\/?s={search_term_string}"},"query-input":{"@type":"PropertyValueSpecification","valueRequired":true,"valueName":"search_term_string"}}],"inLanguage":"de"},{"@type":"Organization","@id":"https:\/\/global-hookah.com\/#organization","name":"Globale Wasserpfeife","url":"https:\/\/global-hookah.com\/","logo":{"@type":"ImageObject","inLanguage":"de","@id":"https:\/\/global-hookah.com\/#\/schema\/logo\/image\/","url":"https:\/\/global-hookah.com\/wp-content\/uploads\/2021\/10\/cropped-fgg.png","contentUrl":"https:\/\/global-hookah.com\/wp-content\/uploads\/2021\/10\/cropped-fgg.png","width":512,"height":512,"caption":"Global Hookah"},"image":{"@id":"https:\/\/global-hookah.com\/#\/schema\/logo\/image\/"}}]}},"_links":{"self":[{"href":"https:\/\/global-hookah.com\/de\/wp-json\/wp\/v2\/product\/22234","targetHints":{"allow":["GET"]}}],"collection":[{"href":"https:\/\/global-hookah.com\/de\/wp-json\/wp\/v2\/product"}],"about":[{"href":"https:\/\/global-hookah.com\/de\/wp-json\/wp\/v2\/types\/product"}],"replies":[{"embeddable":true,"href":"https:\/\/global-hookah.com\/de\/wp-json\/wp\/v2\/comments?post=22234"}],"version-history":[{"count":0,"href":"https:\/\/global-hookah.com\/de\/wp-json\/wp\/v2\/product\/22234\/revisions"}],"wp:featuredmedia":[{"embeddable":true,"href":"https:\/\/global-hookah.com\/de\/wp-json\/wp\/v2\/media\/22251"}],"wp:attachment":[{"href":"https:\/\/global-hookah.com\/de\/wp-json\/wp\/v2\/media?parent=22234"}],"wp:term":[{"taxonomy":"product_brand","embeddable":true,"href":"https:\/\/global-hookah.com\/de\/wp-json\/wp\/v2\/product_brand?post=22234"},{"taxonomy":"product_cat","embeddable":true,"href":"https:\/\/global-hookah.com\/de\/wp-json\/wp\/v2\/product_cat?post=22234"},{"taxonomy":"product_tag","embeddable":true,"href":"https:\/\/global-hookah.com\/de\/wp-json\/wp\/v2\/product_tag?post=22234"}],"curies":[{"name":"wp","href":"https:\/\/api.w.org\/{rel}","templated":true}]}}