{"id":22254,"date":"2024-05-12T07:54:04","date_gmt":"2024-05-12T07:54:04","guid":{"rendered":"https:\/\/global-hookah.com\/?post_type=product&#038;p=22254"},"modified":"2024-05-14T06:09:46","modified_gmt":"2024-05-14T06:09:46","slug":"30cm-large-glass-bong-pipes-wholesale","status":"publish","type":"product","link":"https:\/\/global-hookah.com\/de\/produkt\/30cm-large-glass-bong-pipes-wholesale\/","title":{"rendered":"30cm gro\u00dfe Glas-Bong-Pfeifen Gro\u00dfhandel"},"content":{"rendered":"<p>Yo, h\u00f6rt zu, meine Kumpels! Ich wei\u00df, dass es nicht bei jeder Kifferei darum geht, die sanftesten, schmackhaftesten Hits zu haben, bei denen man sich gro\u00dfartig f\u00fchlt. Aber bro, diese <strong>Gro\u00dfe Glas-Bong-Pfeifen<\/strong> ist genau das Richtige f\u00fcr die Momente, in denen Sie ein episches Erlebnis haben wollen.<\/p>\n<p>Diese <strong>gro\u00dfe Glasbong<\/strong> rockt ein klassisches Becherdesign - die becherf\u00f6rmige Basis sorgt nicht nur f\u00fcr mehr Stabilit\u00e4t, sondern gibt Dir auch mehr Platz, um Wasser f\u00fcr wahnsinnig weichen Dampf hinzuzuf\u00fcgen. Er wird mit einem abnehmbaren Stiel und einer Schale geliefert, so dass Du ihn direkt nach dem Auspacken beladen und losdampfen kannst. Der Stiel l\u00e4sst sich f\u00fcr eine einfache Reinigung auch schnell herausnehmen, was sehr praktisch ist!<\/p>\n<p>Aber was ist wirklich Kupplung ist die doppelte Eis Kerbe Design, das effektiv k\u00fchlt den Dampf, so dass jeder Zug super glatt. Aber mein Lieblingsteil ist die verr\u00fcckte Perkolatoren und Diffusoren in diesem gebaut <strong>Glas Big Bong<\/strong> um ein H\u00f6chstma\u00df an Gl\u00e4tte und Filtration zu erreichen.<\/p>\n<p>Heute ist diese<a href=\"https:\/\/global-hookah.com\/product-category\/bong-wholesale\/\"> Gras-Bong<\/a> ist zum Aktionspreis, dem niedrigsten Gro\u00dfhandelspreis aller Zeiten! Bestellen Sie jetzt, verpassen Sie es nicht<\/p>","protected":false},"excerpt":{"rendered":"<p>Yo, h\u00f6rt zu, meine Freunde! Ich wei\u00df, dass es nicht bei jedem Smoke Sesh darum geht, die glattesten, leckersten Hits zu haben.<\/p>","protected":false},"featured_media":22257,"comment_status":"closed","ping_status":"closed","template":"","meta":{"iawp_total_views":3,"_joinchat":[]},"product_brand":[],"product_cat":[535],"product_tag":[],"class_list":{"0":"post-22254","1":"product","2":"type-product","3":"status-publish","4":"has-post-thumbnail","6":"product_cat-wholesale-glass-bong","8":"first","9":"instock","10":"shipping-taxable","11":"product-type-external"},"yoast_head":"<!-- This site is optimized with the Yoast SEO Premium plugin v24.7 (Yoast SEO v26.8) - https:\/\/yoast.com\/product\/yoast-seo-premium-wordpress\/ -->\n<title>30cm Large Glass Bong Pipes Wholesale - Global Hookah<\/title>\n<meta name=\"robots\" content=\"index, follow, max-snippet:-1, max-image-preview:large, max-video-preview:-1\" \/>\n<link rel=\"canonical\" href=\"https:\/\/global-hookah.com\/de\/pt\/produto\/cachimbos-de-vidro-grandes-de-30-cm-no-atacado\/\" \/>\n<meta property=\"og:locale\" content=\"de_DE\" \/>\n<meta property=\"og:type\" content=\"article\" \/>\n<meta property=\"og:title\" content=\"30cm Large Glass Bong Pipes Wholesale\" \/>\n<meta property=\"og:description\" content=\"Yo, listen up my dudes! I know not every smoke sesh has to be about having the smoothest, tastiest hits\" \/>\n<meta property=\"og:url\" content=\"https:\/\/global-hookah.com\/de\/pt\/produto\/cachimbos-de-vidro-grandes-de-30-cm-no-atacado\/\" \/>\n<meta property=\"og:site_name\" content=\"Global Hookah\" \/>\n<meta property=\"article:modified_time\" content=\"2024-05-14T06:09:46+00:00\" \/>\n<meta property=\"og:image\" content=\"https:\/\/global-hookah.com\/wp-content\/uploads\/2024\/05\/d95982b8-bd16-4541-aafb-fbcd5e449111.jpg\" \/>\n\t<meta property=\"og:image:width\" content=\"1024\" \/>\n\t<meta property=\"og:image:height\" content=\"1024\" \/>\n\t<meta property=\"og:image:type\" content=\"image\/jpeg\" \/>\n<meta name=\"twitter:card\" content=\"summary_large_image\" \/>\n<meta name=\"twitter:label1\" content=\"Gesch\u00e4tzte Lesezeit\" \/>\n\t<meta name=\"twitter:data1\" content=\"1\u00a0Minute\" \/>\n<script type=\"application\/ld+json\" class=\"yoast-schema-graph\">{\"@context\":\"https:\/\/schema.org\",\"@graph\":[{\"@type\":\"WebPage\",\"@id\":\"https:\/\/global-hookah.com\/pt\/produto\/cachimbos-de-vidro-grandes-de-30-cm-no-atacado\/\",\"url\":\"https:\/\/global-hookah.com\/pt\/produto\/cachimbos-de-vidro-grandes-de-30-cm-no-atacado\/\",\"name\":\"30cm Large Glass Bong Pipes Wholesale - Global Hookah\",\"isPartOf\":{\"@id\":\"https:\/\/global-hookah.com\/#website\"},\"primaryImageOfPage\":{\"@id\":\"https:\/\/global-hookah.com\/pt\/produto\/cachimbos-de-vidro-grandes-de-30-cm-no-atacado\/#primaryimage\"},\"image\":{\"@id\":\"https:\/\/global-hookah.com\/pt\/produto\/cachimbos-de-vidro-grandes-de-30-cm-no-atacado\/#primaryimage\"},\"thumbnailUrl\":\"https:\/\/global-hookah.com\/wp-content\/uploads\/2024\/05\/d95982b8-bd16-4541-aafb-fbcd5e449111.jpg\",\"datePublished\":\"2024-05-12T07:54:04+00:00\",\"dateModified\":\"2024-05-14T06:09:46+00:00\",\"breadcrumb\":{\"@id\":\"https:\/\/global-hookah.com\/pt\/produto\/cachimbos-de-vidro-grandes-de-30-cm-no-atacado\/#breadcrumb\"},\"inLanguage\":\"de\",\"potentialAction\":[{\"@type\":\"ReadAction\",\"target\":[\"https:\/\/global-hookah.com\/pt\/produto\/cachimbos-de-vidro-grandes-de-30-cm-no-atacado\/\"]}]},{\"@type\":\"ImageObject\",\"inLanguage\":\"de\",\"@id\":\"https:\/\/global-hookah.com\/pt\/produto\/cachimbos-de-vidro-grandes-de-30-cm-no-atacado\/#primaryimage\",\"url\":\"https:\/\/global-hookah.com\/wp-content\/uploads\/2024\/05\/d95982b8-bd16-4541-aafb-fbcd5e449111.jpg\",\"contentUrl\":\"https:\/\/global-hookah.com\/wp-content\/uploads\/2024\/05\/d95982b8-bd16-4541-aafb-fbcd5e449111.jpg\",\"width\":1024,\"height\":1024,\"caption\":\"30cm Large Glass Bong Pipes Wholesale\"},{\"@type\":\"BreadcrumbList\",\"@id\":\"https:\/\/global-hookah.com\/pt\/produto\/cachimbos-de-vidro-grandes-de-30-cm-no-atacado\/#breadcrumb\",\"itemListElement\":[{\"@type\":\"ListItem\",\"position\":1,\"name\":\"Home\",\"item\":\"https:\/\/global-hookah.com\/\"},{\"@type\":\"ListItem\",\"position\":2,\"name\":\"Shop\",\"item\":\"https:\/\/global-hookah.com\/shop\/\"},{\"@type\":\"ListItem\",\"position\":3,\"name\":\"30cm Large Glass Bong Pipes Wholesale\"}]},{\"@type\":\"WebSite\",\"@id\":\"https:\/\/global-hookah.com\/#website\",\"url\":\"https:\/\/global-hookah.com\/\",\"name\":\"Global Hookah\",\"description\":\"Global Hookah\",\"publisher\":{\"@id\":\"https:\/\/global-hookah.com\/#organization\"},\"potentialAction\":[{\"@type\":\"SearchAction\",\"target\":{\"@type\":\"EntryPoint\",\"urlTemplate\":\"https:\/\/global-hookah.com\/?s={search_term_string}\"},\"query-input\":{\"@type\":\"PropertyValueSpecification\",\"valueRequired\":true,\"valueName\":\"search_term_string\"}}],\"inLanguage\":\"de\"},{\"@type\":\"Organization\",\"@id\":\"https:\/\/global-hookah.com\/#organization\",\"name\":\"Global Hookah\",\"url\":\"https:\/\/global-hookah.com\/\",\"logo\":{\"@type\":\"ImageObject\",\"inLanguage\":\"de\",\"@id\":\"https:\/\/global-hookah.com\/#\/schema\/logo\/image\/\",\"url\":\"https:\/\/global-hookah.com\/wp-content\/uploads\/2021\/10\/cropped-fgg.png\",\"contentUrl\":\"https:\/\/global-hookah.com\/wp-content\/uploads\/2021\/10\/cropped-fgg.png\",\"width\":512,\"height\":512,\"caption\":\"Global Hookah\"},\"image\":{\"@id\":\"https:\/\/global-hookah.com\/#\/schema\/logo\/image\/\"}}]}<\/script>\n<!-- \/ Yoast SEO Premium plugin. -->","yoast_head_json":{"title":"30cm gro\u00dfe Glas-Bong-Pfeifen Gro\u00dfhandel - Global Hookah","robots":{"index":"index","follow":"follow","max-snippet":"max-snippet:-1","max-image-preview":"max-image-preview:large","max-video-preview":"max-video-preview:-1"},"canonical":"https:\/\/global-hookah.com\/de\/pt\/produto\/cachimbos-de-vidro-grandes-de-30-cm-no-atacado\/","og_locale":"de_DE","og_type":"article","og_title":"30cm Large Glass Bong Pipes Wholesale","og_description":"Yo, listen up my dudes! I know not every smoke sesh has to be about having the smoothest, tastiest hits","og_url":"https:\/\/global-hookah.com\/de\/pt\/produto\/cachimbos-de-vidro-grandes-de-30-cm-no-atacado\/","og_site_name":"Global Hookah","article_modified_time":"2024-05-14T06:09:46+00:00","og_image":[{"width":1024,"height":1024,"url":"https:\/\/global-hookah.com\/wp-content\/uploads\/2024\/05\/d95982b8-bd16-4541-aafb-fbcd5e449111.jpg","type":"image\/jpeg"}],"twitter_card":"summary_large_image","twitter_misc":{"Gesch\u00e4tzte Lesezeit":"1\u00a0Minute"},"schema":{"@context":"https:\/\/schema.org","@graph":[{"@type":"WebPage","@id":"https:\/\/global-hookah.com\/pt\/produto\/cachimbos-de-vidro-grandes-de-30-cm-no-atacado\/","url":"https:\/\/global-hookah.com\/pt\/produto\/cachimbos-de-vidro-grandes-de-30-cm-no-atacado\/","name":"30cm gro\u00dfe Glas-Bong-Pfeifen Gro\u00dfhandel - Global Hookah","isPartOf":{"@id":"https:\/\/global-hookah.com\/#website"},"primaryImageOfPage":{"@id":"https:\/\/global-hookah.com\/pt\/produto\/cachimbos-de-vidro-grandes-de-30-cm-no-atacado\/#primaryimage"},"image":{"@id":"https:\/\/global-hookah.com\/pt\/produto\/cachimbos-de-vidro-grandes-de-30-cm-no-atacado\/#primaryimage"},"thumbnailUrl":"https:\/\/global-hookah.com\/wp-content\/uploads\/2024\/05\/d95982b8-bd16-4541-aafb-fbcd5e449111.jpg","datePublished":"2024-05-12T07:54:04+00:00","dateModified":"2024-05-14T06:09:46+00:00","breadcrumb":{"@id":"https:\/\/global-hookah.com\/pt\/produto\/cachimbos-de-vidro-grandes-de-30-cm-no-atacado\/#breadcrumb"},"inLanguage":"de","potentialAction":[{"@type":"ReadAction","target":["https:\/\/global-hookah.com\/pt\/produto\/cachimbos-de-vidro-grandes-de-30-cm-no-atacado\/"]}]},{"@type":"ImageObject","inLanguage":"de","@id":"https:\/\/global-hookah.com\/pt\/produto\/cachimbos-de-vidro-grandes-de-30-cm-no-atacado\/#primaryimage","url":"https:\/\/global-hookah.com\/wp-content\/uploads\/2024\/05\/d95982b8-bd16-4541-aafb-fbcd5e449111.jpg","contentUrl":"https:\/\/global-hookah.com\/wp-content\/uploads\/2024\/05\/d95982b8-bd16-4541-aafb-fbcd5e449111.jpg","width":1024,"height":1024,"caption":"30cm Large Glass Bong Pipes Wholesale"},{"@type":"BreadcrumbList","@id":"https:\/\/global-hookah.com\/pt\/produto\/cachimbos-de-vidro-grandes-de-30-cm-no-atacado\/#breadcrumb","itemListElement":[{"@type":"ListItem","position":1,"name":"Home","item":"https:\/\/global-hookah.com\/"},{"@type":"ListItem","position":2,"name":"Shop","item":"https:\/\/global-hookah.com\/shop\/"},{"@type":"ListItem","position":3,"name":"30cm Large Glass Bong Pipes Wholesale"}]},{"@type":"WebSite","@id":"https:\/\/global-hookah.com\/#website","url":"https:\/\/global-hookah.com\/","name":"Globale Wasserpfeife","description":"Globale Wasserpfeife","publisher":{"@id":"https:\/\/global-hookah.com\/#organization"},"potentialAction":[{"@type":"SearchAction","target":{"@type":"EntryPoint","urlTemplate":"https:\/\/global-hookah.com\/?s={search_term_string}"},"query-input":{"@type":"PropertyValueSpecification","valueRequired":true,"valueName":"search_term_string"}}],"inLanguage":"de"},{"@type":"Organization","@id":"https:\/\/global-hookah.com\/#organization","name":"Globale Wasserpfeife","url":"https:\/\/global-hookah.com\/","logo":{"@type":"ImageObject","inLanguage":"de","@id":"https:\/\/global-hookah.com\/#\/schema\/logo\/image\/","url":"https:\/\/global-hookah.com\/wp-content\/uploads\/2021\/10\/cropped-fgg.png","contentUrl":"https:\/\/global-hookah.com\/wp-content\/uploads\/2021\/10\/cropped-fgg.png","width":512,"height":512,"caption":"Global Hookah"},"image":{"@id":"https:\/\/global-hookah.com\/#\/schema\/logo\/image\/"}}]}},"_links":{"self":[{"href":"https:\/\/global-hookah.com\/de\/wp-json\/wp\/v2\/product\/22254","targetHints":{"allow":["GET"]}}],"collection":[{"href":"https:\/\/global-hookah.com\/de\/wp-json\/wp\/v2\/product"}],"about":[{"href":"https:\/\/global-hookah.com\/de\/wp-json\/wp\/v2\/types\/product"}],"replies":[{"embeddable":true,"href":"https:\/\/global-hookah.com\/de\/wp-json\/wp\/v2\/comments?post=22254"}],"version-history":[{"count":0,"href":"https:\/\/global-hookah.com\/de\/wp-json\/wp\/v2\/product\/22254\/revisions"}],"wp:featuredmedia":[{"embeddable":true,"href":"https:\/\/global-hookah.com\/de\/wp-json\/wp\/v2\/media\/22257"}],"wp:attachment":[{"href":"https:\/\/global-hookah.com\/de\/wp-json\/wp\/v2\/media?parent=22254"}],"wp:term":[{"taxonomy":"product_brand","embeddable":true,"href":"https:\/\/global-hookah.com\/de\/wp-json\/wp\/v2\/product_brand?post=22254"},{"taxonomy":"product_cat","embeddable":true,"href":"https:\/\/global-hookah.com\/de\/wp-json\/wp\/v2\/product_cat?post=22254"},{"taxonomy":"product_tag","embeddable":true,"href":"https:\/\/global-hookah.com\/de\/wp-json\/wp\/v2\/product_tag?post=22254"}],"curies":[{"name":"wp","href":"https:\/\/api.w.org\/{rel}","templated":true}]}}