{"id":22261,"date":"2024-05-12T08:02:43","date_gmt":"2024-05-12T08:02:43","guid":{"rendered":"https:\/\/global-hookah.com\/?post_type=product&#038;p=22261"},"modified":"2024-05-14T05:48:17","modified_gmt":"2024-05-14T05:48:17","slug":"small-travel-weed-bong-wholesale","status":"publish","type":"product","link":"https:\/\/global-hookah.com\/de\/produkt\/small-travel-weed-bong-wholesale\/","title":{"rendered":"Kleine Reise Weed Bong Gro\u00dfhandel"},"content":{"rendered":"<p>Diese <strong>Kleine Reise Weed Bong<\/strong> hat alles, was Du brauchst, um sofort nach dem Auspacken fette Wolken zu z\u00fcnden. Das macht es einfach f\u00fcr Dich, eine super sanfte Cannabisreise zu genie\u00dfen.<\/p>\n<p>Diese <strong>Kleine Reise Weed Bong<\/strong> einem Diffusor-Downstem, einer Glasschale und einem Clip, sorgt f\u00fcr maximalen Luftstrom beim Rauchen. Die Becherbasis h\u00e4lt die Dinge k\u00fchl, w\u00e4hrend Sie immer noch Platz, um einige eisige Aqua f\u00fcr die cremigste Dampf hinzuzuf\u00fcgen.<\/p>\n<p>Man packt das Kraut in die Schale, z\u00fcndet sie an und beginnt zu inhalieren. Der Rauch str\u00f6mt durch den Hals, vorbei an den Eiskerben, in die Du ein paar gefrorene W\u00fcrfel einwirfst, um ihn k\u00fchl und sanft zu machen. Der lange Hals h\u00e4lt die Hitze von deinem Gesicht fern, so dass du bequem rauchen kannst, und die Lippen des Mundst\u00fccks sind sanft zu deinen Lippen, so dass du leicht inhalieren kannst. Diese Bong filtert und k\u00fchlt den Dampf f\u00fcr eine radikal glatte Rauch-Session.<\/p>\n<p>Aus robustem Borosilikatglas gefertigt, liefert diese Wasserpfeife die reinsten und leckersten Hits. Die kompakte Gr\u00f6\u00dfe macht es einfach, um Ihre Mannschaft zu \u00fcbergeben.<\/p>\n<p>Unser Bestand und unsere Auswahl sind einfach unschlagbar, wenn es um die besten Gro\u00dfhandelspreise geht! Wir garantieren die niedrigsten Preise, damit Sie Ihren Laden oder Ihr Dispo aufstocken k\u00f6nnen, ohne die Bank zu sprengen.<\/p>\n<p>Kurbeln Sie Ihre Verk\u00e4ufe an und begeistern Sie Ihre Kunden mit unseren erstklassigen <a href=\"https:\/\/global-hookah.com\/product-category\/bong-wholesale\/\"><strong>Gro\u00dfhandel Bongs und Dab Rigs<\/strong><\/a>! Mit endlosen Optionen und Hunderten von Wasserleitungen und Konzentrat-Rigs, Ihre Kunden werden es Ihnen danken, Bruder!<\/p>","protected":false},"excerpt":{"rendered":"<p>Diese Small Travel Weed Bong hat alles, was Du brauchst, um sofort mit dem Rauchen von fetten Wolken zu beginnen. Herstellung<\/p>","protected":false},"featured_media":22264,"comment_status":"closed","ping_status":"closed","template":"","meta":{"iawp_total_views":2,"_joinchat":[]},"product_brand":[],"product_cat":[535],"product_tag":[],"class_list":{"0":"post-22261","1":"product","2":"type-product","3":"status-publish","4":"has-post-thumbnail","6":"product_cat-wholesale-glass-bong","8":"first","9":"instock","10":"shipping-taxable","11":"product-type-external"},"yoast_head":"<!-- This site is optimized with the Yoast SEO Premium plugin v24.7 (Yoast SEO v26.8) - https:\/\/yoast.com\/product\/yoast-seo-premium-wordpress\/ -->\n<title>Small Travel Weed Bong Wholesale - Global Hookah<\/title>\n<meta name=\"robots\" content=\"index, follow, max-snippet:-1, max-image-preview:large, max-video-preview:-1\" \/>\n<link rel=\"canonical\" href=\"https:\/\/global-hookah.com\/de\/pt\/produto\/pequeno-bongo-de-maconha-para-viagem-no-atacado\/\" \/>\n<meta property=\"og:locale\" content=\"de_DE\" \/>\n<meta property=\"og:type\" content=\"article\" \/>\n<meta property=\"og:title\" content=\"Small Travel Weed Bong Wholesale\" \/>\n<meta property=\"og:description\" content=\"This Small Travel Weed Bong has everything you need to start ripping fat clouds right outta the box. Making it\" \/>\n<meta property=\"og:url\" content=\"https:\/\/global-hookah.com\/de\/pt\/produto\/pequeno-bongo-de-maconha-para-viagem-no-atacado\/\" \/>\n<meta property=\"og:site_name\" content=\"Global Hookah\" \/>\n<meta property=\"article:modified_time\" content=\"2024-05-14T05:48:17+00:00\" \/>\n<meta property=\"og:image\" content=\"https:\/\/global-hookah.com\/wp-content\/uploads\/2024\/05\/0a77cf1b-8190-4829-8902-4b975dd191e6.jpg\" \/>\n\t<meta property=\"og:image:width\" content=\"800\" \/>\n\t<meta property=\"og:image:height\" content=\"800\" \/>\n\t<meta property=\"og:image:type\" content=\"image\/jpeg\" \/>\n<meta name=\"twitter:card\" content=\"summary_large_image\" \/>\n<meta name=\"twitter:label1\" content=\"Gesch\u00e4tzte Lesezeit\" \/>\n\t<meta name=\"twitter:data1\" content=\"2\u00a0Minuten\" \/>\n<script type=\"application\/ld+json\" class=\"yoast-schema-graph\">{\"@context\":\"https:\/\/schema.org\",\"@graph\":[{\"@type\":\"WebPage\",\"@id\":\"https:\/\/global-hookah.com\/pt\/produto\/pequeno-bongo-de-maconha-para-viagem-no-atacado\/\",\"url\":\"https:\/\/global-hookah.com\/pt\/produto\/pequeno-bongo-de-maconha-para-viagem-no-atacado\/\",\"name\":\"Small Travel Weed Bong Wholesale - Global Hookah\",\"isPartOf\":{\"@id\":\"https:\/\/global-hookah.com\/#website\"},\"primaryImageOfPage\":{\"@id\":\"https:\/\/global-hookah.com\/pt\/produto\/pequeno-bongo-de-maconha-para-viagem-no-atacado\/#primaryimage\"},\"image\":{\"@id\":\"https:\/\/global-hookah.com\/pt\/produto\/pequeno-bongo-de-maconha-para-viagem-no-atacado\/#primaryimage\"},\"thumbnailUrl\":\"https:\/\/global-hookah.com\/wp-content\/uploads\/2024\/05\/0a77cf1b-8190-4829-8902-4b975dd191e6.jpg\",\"datePublished\":\"2024-05-12T08:02:43+00:00\",\"dateModified\":\"2024-05-14T05:48:17+00:00\",\"breadcrumb\":{\"@id\":\"https:\/\/global-hookah.com\/pt\/produto\/pequeno-bongo-de-maconha-para-viagem-no-atacado\/#breadcrumb\"},\"inLanguage\":\"de\",\"potentialAction\":[{\"@type\":\"ReadAction\",\"target\":[\"https:\/\/global-hookah.com\/pt\/produto\/pequeno-bongo-de-maconha-para-viagem-no-atacado\/\"]}]},{\"@type\":\"ImageObject\",\"inLanguage\":\"de\",\"@id\":\"https:\/\/global-hookah.com\/pt\/produto\/pequeno-bongo-de-maconha-para-viagem-no-atacado\/#primaryimage\",\"url\":\"https:\/\/global-hookah.com\/wp-content\/uploads\/2024\/05\/0a77cf1b-8190-4829-8902-4b975dd191e6.jpg\",\"contentUrl\":\"https:\/\/global-hookah.com\/wp-content\/uploads\/2024\/05\/0a77cf1b-8190-4829-8902-4b975dd191e6.jpg\",\"width\":800,\"height\":800,\"caption\":\"Small Travel Weed Bong Wholesale\"},{\"@type\":\"BreadcrumbList\",\"@id\":\"https:\/\/global-hookah.com\/pt\/produto\/pequeno-bongo-de-maconha-para-viagem-no-atacado\/#breadcrumb\",\"itemListElement\":[{\"@type\":\"ListItem\",\"position\":1,\"name\":\"Home\",\"item\":\"https:\/\/global-hookah.com\/\"},{\"@type\":\"ListItem\",\"position\":2,\"name\":\"Shop\",\"item\":\"https:\/\/global-hookah.com\/shop\/\"},{\"@type\":\"ListItem\",\"position\":3,\"name\":\"Small Travel Weed Bong Wholesale\"}]},{\"@type\":\"WebSite\",\"@id\":\"https:\/\/global-hookah.com\/#website\",\"url\":\"https:\/\/global-hookah.com\/\",\"name\":\"Global Hookah\",\"description\":\"Global Hookah\",\"publisher\":{\"@id\":\"https:\/\/global-hookah.com\/#organization\"},\"potentialAction\":[{\"@type\":\"SearchAction\",\"target\":{\"@type\":\"EntryPoint\",\"urlTemplate\":\"https:\/\/global-hookah.com\/?s={search_term_string}\"},\"query-input\":{\"@type\":\"PropertyValueSpecification\",\"valueRequired\":true,\"valueName\":\"search_term_string\"}}],\"inLanguage\":\"de\"},{\"@type\":\"Organization\",\"@id\":\"https:\/\/global-hookah.com\/#organization\",\"name\":\"Global Hookah\",\"url\":\"https:\/\/global-hookah.com\/\",\"logo\":{\"@type\":\"ImageObject\",\"inLanguage\":\"de\",\"@id\":\"https:\/\/global-hookah.com\/#\/schema\/logo\/image\/\",\"url\":\"https:\/\/global-hookah.com\/wp-content\/uploads\/2021\/10\/cropped-fgg.png\",\"contentUrl\":\"https:\/\/global-hookah.com\/wp-content\/uploads\/2021\/10\/cropped-fgg.png\",\"width\":512,\"height\":512,\"caption\":\"Global Hookah\"},\"image\":{\"@id\":\"https:\/\/global-hookah.com\/#\/schema\/logo\/image\/\"}}]}<\/script>\n<!-- \/ Yoast SEO Premium plugin. -->","yoast_head_json":{"title":"Kleine Reise Weed Bong Gro\u00dfhandel - Global Hookah","robots":{"index":"index","follow":"follow","max-snippet":"max-snippet:-1","max-image-preview":"max-image-preview:large","max-video-preview":"max-video-preview:-1"},"canonical":"https:\/\/global-hookah.com\/de\/pt\/produto\/pequeno-bongo-de-maconha-para-viagem-no-atacado\/","og_locale":"de_DE","og_type":"article","og_title":"Small Travel Weed Bong Wholesale","og_description":"This Small Travel Weed Bong has everything you need to start ripping fat clouds right outta the box. Making it","og_url":"https:\/\/global-hookah.com\/de\/pt\/produto\/pequeno-bongo-de-maconha-para-viagem-no-atacado\/","og_site_name":"Global Hookah","article_modified_time":"2024-05-14T05:48:17+00:00","og_image":[{"width":800,"height":800,"url":"https:\/\/global-hookah.com\/wp-content\/uploads\/2024\/05\/0a77cf1b-8190-4829-8902-4b975dd191e6.jpg","type":"image\/jpeg"}],"twitter_card":"summary_large_image","twitter_misc":{"Gesch\u00e4tzte Lesezeit":"2\u00a0Minuten"},"schema":{"@context":"https:\/\/schema.org","@graph":[{"@type":"WebPage","@id":"https:\/\/global-hookah.com\/pt\/produto\/pequeno-bongo-de-maconha-para-viagem-no-atacado\/","url":"https:\/\/global-hookah.com\/pt\/produto\/pequeno-bongo-de-maconha-para-viagem-no-atacado\/","name":"Kleine Reise Weed Bong Gro\u00dfhandel - Global Hookah","isPartOf":{"@id":"https:\/\/global-hookah.com\/#website"},"primaryImageOfPage":{"@id":"https:\/\/global-hookah.com\/pt\/produto\/pequeno-bongo-de-maconha-para-viagem-no-atacado\/#primaryimage"},"image":{"@id":"https:\/\/global-hookah.com\/pt\/produto\/pequeno-bongo-de-maconha-para-viagem-no-atacado\/#primaryimage"},"thumbnailUrl":"https:\/\/global-hookah.com\/wp-content\/uploads\/2024\/05\/0a77cf1b-8190-4829-8902-4b975dd191e6.jpg","datePublished":"2024-05-12T08:02:43+00:00","dateModified":"2024-05-14T05:48:17+00:00","breadcrumb":{"@id":"https:\/\/global-hookah.com\/pt\/produto\/pequeno-bongo-de-maconha-para-viagem-no-atacado\/#breadcrumb"},"inLanguage":"de","potentialAction":[{"@type":"ReadAction","target":["https:\/\/global-hookah.com\/pt\/produto\/pequeno-bongo-de-maconha-para-viagem-no-atacado\/"]}]},{"@type":"ImageObject","inLanguage":"de","@id":"https:\/\/global-hookah.com\/pt\/produto\/pequeno-bongo-de-maconha-para-viagem-no-atacado\/#primaryimage","url":"https:\/\/global-hookah.com\/wp-content\/uploads\/2024\/05\/0a77cf1b-8190-4829-8902-4b975dd191e6.jpg","contentUrl":"https:\/\/global-hookah.com\/wp-content\/uploads\/2024\/05\/0a77cf1b-8190-4829-8902-4b975dd191e6.jpg","width":800,"height":800,"caption":"Small Travel Weed Bong Wholesale"},{"@type":"BreadcrumbList","@id":"https:\/\/global-hookah.com\/pt\/produto\/pequeno-bongo-de-maconha-para-viagem-no-atacado\/#breadcrumb","itemListElement":[{"@type":"ListItem","position":1,"name":"Home","item":"https:\/\/global-hookah.com\/"},{"@type":"ListItem","position":2,"name":"Shop","item":"https:\/\/global-hookah.com\/shop\/"},{"@type":"ListItem","position":3,"name":"Small Travel Weed Bong Wholesale"}]},{"@type":"WebSite","@id":"https:\/\/global-hookah.com\/#website","url":"https:\/\/global-hookah.com\/","name":"Globale Wasserpfeife","description":"Globale Wasserpfeife","publisher":{"@id":"https:\/\/global-hookah.com\/#organization"},"potentialAction":[{"@type":"SearchAction","target":{"@type":"EntryPoint","urlTemplate":"https:\/\/global-hookah.com\/?s={search_term_string}"},"query-input":{"@type":"PropertyValueSpecification","valueRequired":true,"valueName":"search_term_string"}}],"inLanguage":"de"},{"@type":"Organization","@id":"https:\/\/global-hookah.com\/#organization","name":"Globale Wasserpfeife","url":"https:\/\/global-hookah.com\/","logo":{"@type":"ImageObject","inLanguage":"de","@id":"https:\/\/global-hookah.com\/#\/schema\/logo\/image\/","url":"https:\/\/global-hookah.com\/wp-content\/uploads\/2021\/10\/cropped-fgg.png","contentUrl":"https:\/\/global-hookah.com\/wp-content\/uploads\/2021\/10\/cropped-fgg.png","width":512,"height":512,"caption":"Global Hookah"},"image":{"@id":"https:\/\/global-hookah.com\/#\/schema\/logo\/image\/"}}]}},"_links":{"self":[{"href":"https:\/\/global-hookah.com\/de\/wp-json\/wp\/v2\/product\/22261","targetHints":{"allow":["GET"]}}],"collection":[{"href":"https:\/\/global-hookah.com\/de\/wp-json\/wp\/v2\/product"}],"about":[{"href":"https:\/\/global-hookah.com\/de\/wp-json\/wp\/v2\/types\/product"}],"replies":[{"embeddable":true,"href":"https:\/\/global-hookah.com\/de\/wp-json\/wp\/v2\/comments?post=22261"}],"version-history":[{"count":0,"href":"https:\/\/global-hookah.com\/de\/wp-json\/wp\/v2\/product\/22261\/revisions"}],"wp:featuredmedia":[{"embeddable":true,"href":"https:\/\/global-hookah.com\/de\/wp-json\/wp\/v2\/media\/22264"}],"wp:attachment":[{"href":"https:\/\/global-hookah.com\/de\/wp-json\/wp\/v2\/media?parent=22261"}],"wp:term":[{"taxonomy":"product_brand","embeddable":true,"href":"https:\/\/global-hookah.com\/de\/wp-json\/wp\/v2\/product_brand?post=22261"},{"taxonomy":"product_cat","embeddable":true,"href":"https:\/\/global-hookah.com\/de\/wp-json\/wp\/v2\/product_cat?post=22261"},{"taxonomy":"product_tag","embeddable":true,"href":"https:\/\/global-hookah.com\/de\/wp-json\/wp\/v2\/product_tag?post=22261"}],"curies":[{"name":"wp","href":"https:\/\/api.w.org\/{rel}","templated":true}]}}