{"id":22336,"date":"2024-05-15T03:28:21","date_gmt":"2024-05-15T03:28:21","guid":{"rendered":"https:\/\/global-hookah.com\/product\/electric-pen-shaped-weed-grinder-wholesale\/"},"modified":"2026-02-10T08:03:00","modified_gmt":"2026-02-10T08:03:00","slug":"electric-pen-shaped-weed-grinder-wholesale","status":"publish","type":"product","link":"https:\/\/global-hookah.com\/de\/produkt\/electric-pen-shaped-weed-grinder-wholesale\/","title":{"rendered":"Elektrische Stift geformt Unkraut Grinder Gro\u00dfhandel"},"content":{"rendered":"<div class=\"detailmodule_html\">\n<div class=\"detail-desc-decorate-richtext\">\n<div>\n<p>Klingen aus rostfreiem Stahl auf einem Schleifger\u00e4t aus Zinklegierung mit 15.000 Umdrehungen pro Minute und 600 mA Batteriestrom sparen Zeit im Vergleich zu einem manuellen Schleifger\u00e4t. Die Klingen k\u00f6nnen in Sekundenschnelle fein oder grob nach Ihren W\u00fcnschen geschliffen werden.<\/p>\n<p>Mit einem Kippschalter in zwei Richtungen kann diese automatische M\u00fchle bis zu zwei Gramm aufnehmen, so dass die Zubereitung von Kr\u00e4utern mit einer Hand m\u00f6glich ist. Er ist nicht f\u00fcr harte N\u00fcsse, Schalen, Pfefferk\u00f6rner oder Bohnen geeignet. Wenn das Mahlwerk stecken bleibt, schaltet es sich automatisch ab und erfordert einen Reset-Schalter.<\/p>\n<p>Bef\u00f6rderungsfreundlich: Diese <strong>Elektrischer Unkrautschleifer in Stiftform<\/strong> ist dank seines geringen Gewichts und seiner kompakten Abmessungen klein genug, um mitgenommen zu werden. Dank seiner eleganten, tragbaren Form l\u00e4sst er sich auch unterwegs mahlen.<\/p>\n<\/div>\n<div>\n<div>\n<p><img decoding=\"async\" src=\"https:\/\/ae01.alicdn.com\/kf\/S94c8612b83bb48df9d7636750acb37ffs.jpg?width=800&amp;height=800&amp;hash=1600\" \/><img decoding=\"async\" src=\"https:\/\/ae01.alicdn.com\/kf\/Sd052b7aac9cc44bb8507acfda21644c6u.jpg?width=800&amp;height=800&amp;hash=1600\" \/><img decoding=\"async\" src=\"https:\/\/ae01.alicdn.com\/kf\/Sf1738de56cfe447da440a2e8be567819r.jpg?width=800&amp;height=800&amp;hash=1600\" \/><img decoding=\"async\" src=\"https:\/\/ae01.alicdn.com\/kf\/Saa201f64004f4eaab91438409dc20df1O.jpg?width=800&amp;height=800&amp;hash=1600\" \/><img decoding=\"async\" src=\"https:\/\/ae01.alicdn.com\/kf\/S3d0eff4cf42c4b82b0a55dbf8acd3ea90.jpg?width=800&amp;height=800&amp;hash=1600\" \/><img decoding=\"async\" src=\"https:\/\/ae01.alicdn.com\/kf\/S1d67bf856d7d4beb824610a92ca7d849n.jpg?width=800&amp;height=800&amp;hash=1600\" \/><img decoding=\"async\" src=\"https:\/\/ae01.alicdn.com\/kf\/S6ae83f7983584dc691e1aa2b4b98ca67B.jpg?width=800&amp;height=800&amp;hash=1600\" \/><img decoding=\"async\" src=\"https:\/\/ae01.alicdn.com\/kf\/S6252a916e18a4114879b2c17e6af0208g.jpg?width=800&amp;height=800&amp;hash=1600\" \/><img decoding=\"async\" src=\"https:\/\/ae01.alicdn.com\/kf\/Sdffe525aada84a229bea778805a2a5c1n.jpg?width=800&amp;height=800&amp;hash=1600\" \/><img decoding=\"async\" src=\"https:\/\/ae01.alicdn.com\/kf\/Sf77fc69ef42d4abc918e145ab7115bc0O.jpg?width=800&amp;height=800&amp;hash=1600\" \/><img decoding=\"async\" src=\"https:\/\/ae01.alicdn.com\/kf\/Sde311e44d1bf42bc97052ad03552d4a74.jpg?width=800&amp;height=800&amp;hash=1600\" \/><\/p>\n<\/div>\n<\/div>\n<div style=\"margin: 10px auto 0px auto; display: inline-block; max-width: 100%;\"><\/div>\n<\/div>\n<\/div>","protected":false},"excerpt":{"rendered":"<p>Klingen aus rostfreiem Stahl auf einem Schleifger\u00e4t aus Zinklegierung mit 15.000 U\/min und 600 mA Batterieleistung sparen Zeit beim<\/p>","protected":false},"featured_media":22337,"comment_status":"closed","ping_status":"closed","template":"","meta":{"iawp_total_views":8,"_joinchat":[]},"product_brand":[],"product_cat":[770],"product_tag":[],"class_list":{"0":"post-22336","1":"product","2":"type-product","3":"status-publish","4":"has-post-thumbnail","6":"product_cat-wholesale-grinder","8":"first","9":"instock","10":"shipping-taxable","11":"product-type-external"},"yoast_head":"<!-- This site is optimized with the Yoast SEO Premium plugin v24.7 (Yoast SEO v26.8) - https:\/\/yoast.com\/product\/yoast-seo-premium-wordpress\/ -->\n<title>Electric Pen Shaped Weed Grinder Wholesale - Global Hookah<\/title>\n<meta name=\"robots\" content=\"index, follow, max-snippet:-1, max-image-preview:large, max-video-preview:-1\" \/>\n<link rel=\"canonical\" href=\"https:\/\/global-hookah.com\/de\/produkt\/electric-pen-shaped-weed-grinder-wholesale\/\" \/>\n<meta property=\"og:locale\" content=\"de_DE\" \/>\n<meta property=\"og:type\" content=\"article\" \/>\n<meta property=\"og:title\" content=\"Electric Pen Shaped Weed Grinder Wholesale\" \/>\n<meta property=\"og:description\" content=\"Stainless steel blades on a zinc alloy grinder with a 15,000 RPM and 600 mA battery power save time when\" \/>\n<meta property=\"og:url\" content=\"https:\/\/global-hookah.com\/de\/produkt\/electric-pen-shaped-weed-grinder-wholesale\/\" \/>\n<meta property=\"og:site_name\" content=\"Global Hookah\" \/>\n<meta property=\"article:modified_time\" content=\"2026-02-10T08:03:00+00:00\" \/>\n<meta property=\"og:image\" content=\"https:\/\/global-hookah.com\/wp-content\/uploads\/2024\/05\/kf-S9424e1445dbc40bb981a7297aa704d9bm-Powerful-Spice-Tobacco-Grinder-Electric-Herbal-Herb-Spice-Mill-Automatic-Tobacco-Crusher-Usb-Rechargeable-Smoking-Accessories.webp\" \/>\n\t<meta property=\"og:image:width\" content=\"800\" \/>\n\t<meta property=\"og:image:height\" content=\"800\" \/>\n\t<meta property=\"og:image:type\" content=\"image\/webp\" \/>\n<meta name=\"twitter:card\" content=\"summary_large_image\" \/>\n<meta name=\"twitter:label1\" content=\"Gesch\u00e4tzte Lesezeit\" \/>\n\t<meta name=\"twitter:data1\" content=\"3\u00a0Minuten\" \/>\n<script type=\"application\/ld+json\" class=\"yoast-schema-graph\">{\"@context\":\"https:\/\/schema.org\",\"@graph\":[{\"@type\":\"WebPage\",\"@id\":\"https:\/\/global-hookah.com\/product\/electric-pen-shaped-weed-grinder-wholesale\/\",\"url\":\"https:\/\/global-hookah.com\/product\/electric-pen-shaped-weed-grinder-wholesale\/\",\"name\":\"Electric Pen Shaped Weed Grinder Wholesale - Global Hookah\",\"isPartOf\":{\"@id\":\"https:\/\/global-hookah.com\/#website\"},\"primaryImageOfPage\":{\"@id\":\"https:\/\/global-hookah.com\/product\/electric-pen-shaped-weed-grinder-wholesale\/#primaryimage\"},\"image\":{\"@id\":\"https:\/\/global-hookah.com\/product\/electric-pen-shaped-weed-grinder-wholesale\/#primaryimage\"},\"thumbnailUrl\":\"https:\/\/global-hookah.com\/wp-content\/uploads\/2024\/05\/kf-S9424e1445dbc40bb981a7297aa704d9bm-Powerful-Spice-Tobacco-Grinder-Electric-Herbal-Herb-Spice-Mill-Automatic-Tobacco-Crusher-Usb-Rechargeable-Smoking-Accessories.webp\",\"datePublished\":\"2024-05-15T03:28:21+00:00\",\"dateModified\":\"2026-02-10T08:03:00+00:00\",\"breadcrumb\":{\"@id\":\"https:\/\/global-hookah.com\/product\/electric-pen-shaped-weed-grinder-wholesale\/#breadcrumb\"},\"inLanguage\":\"de\",\"potentialAction\":[{\"@type\":\"ReadAction\",\"target\":[\"https:\/\/global-hookah.com\/product\/electric-pen-shaped-weed-grinder-wholesale\/\"]}]},{\"@type\":\"ImageObject\",\"inLanguage\":\"de\",\"@id\":\"https:\/\/global-hookah.com\/product\/electric-pen-shaped-weed-grinder-wholesale\/#primaryimage\",\"url\":\"https:\/\/global-hookah.com\/wp-content\/uploads\/2024\/05\/kf-S9424e1445dbc40bb981a7297aa704d9bm-Powerful-Spice-Tobacco-Grinder-Electric-Herbal-Herb-Spice-Mill-Automatic-Tobacco-Crusher-Usb-Rechargeable-Smoking-Accessories.webp\",\"contentUrl\":\"https:\/\/global-hookah.com\/wp-content\/uploads\/2024\/05\/kf-S9424e1445dbc40bb981a7297aa704d9bm-Powerful-Spice-Tobacco-Grinder-Electric-Herbal-Herb-Spice-Mill-Automatic-Tobacco-Crusher-Usb-Rechargeable-Smoking-Accessories.webp\",\"width\":800,\"height\":800,\"caption\":\"Electric Pen Shaped Weed Grinder Wholesale\"},{\"@type\":\"BreadcrumbList\",\"@id\":\"https:\/\/global-hookah.com\/product\/electric-pen-shaped-weed-grinder-wholesale\/#breadcrumb\",\"itemListElement\":[{\"@type\":\"ListItem\",\"position\":1,\"name\":\"Home\",\"item\":\"https:\/\/global-hookah.com\/\"},{\"@type\":\"ListItem\",\"position\":2,\"name\":\"Shop\",\"item\":\"https:\/\/global-hookah.com\/shop\/\"},{\"@type\":\"ListItem\",\"position\":3,\"name\":\"Electric Pen Shaped Weed Grinder Wholesale\"}]},{\"@type\":\"WebSite\",\"@id\":\"https:\/\/global-hookah.com\/#website\",\"url\":\"https:\/\/global-hookah.com\/\",\"name\":\"Global Hookah\",\"description\":\"Global Hookah\",\"publisher\":{\"@id\":\"https:\/\/global-hookah.com\/#organization\"},\"potentialAction\":[{\"@type\":\"SearchAction\",\"target\":{\"@type\":\"EntryPoint\",\"urlTemplate\":\"https:\/\/global-hookah.com\/?s={search_term_string}\"},\"query-input\":{\"@type\":\"PropertyValueSpecification\",\"valueRequired\":true,\"valueName\":\"search_term_string\"}}],\"inLanguage\":\"de\"},{\"@type\":\"Organization\",\"@id\":\"https:\/\/global-hookah.com\/#organization\",\"name\":\"Global Hookah\",\"url\":\"https:\/\/global-hookah.com\/\",\"logo\":{\"@type\":\"ImageObject\",\"inLanguage\":\"de\",\"@id\":\"https:\/\/global-hookah.com\/#\/schema\/logo\/image\/\",\"url\":\"https:\/\/global-hookah.com\/wp-content\/uploads\/2021\/10\/cropped-fgg.png\",\"contentUrl\":\"https:\/\/global-hookah.com\/wp-content\/uploads\/2021\/10\/cropped-fgg.png\",\"width\":512,\"height\":512,\"caption\":\"Global Hookah\"},\"image\":{\"@id\":\"https:\/\/global-hookah.com\/#\/schema\/logo\/image\/\"}}]}<\/script>\n<!-- \/ Yoast SEO Premium plugin. -->","yoast_head_json":{"title":"Elektrische Stift geformt Unkraut Grinder Gro\u00dfhandel - Global Hookah","robots":{"index":"index","follow":"follow","max-snippet":"max-snippet:-1","max-image-preview":"max-image-preview:large","max-video-preview":"max-video-preview:-1"},"canonical":"https:\/\/global-hookah.com\/de\/produkt\/electric-pen-shaped-weed-grinder-wholesale\/","og_locale":"de_DE","og_type":"article","og_title":"Electric Pen Shaped Weed Grinder Wholesale","og_description":"Stainless steel blades on a zinc alloy grinder with a 15,000 RPM and 600 mA battery power save time when","og_url":"https:\/\/global-hookah.com\/de\/produkt\/electric-pen-shaped-weed-grinder-wholesale\/","og_site_name":"Global Hookah","article_modified_time":"2026-02-10T08:03:00+00:00","og_image":[{"width":800,"height":800,"url":"https:\/\/global-hookah.com\/wp-content\/uploads\/2024\/05\/kf-S9424e1445dbc40bb981a7297aa704d9bm-Powerful-Spice-Tobacco-Grinder-Electric-Herbal-Herb-Spice-Mill-Automatic-Tobacco-Crusher-Usb-Rechargeable-Smoking-Accessories.webp","type":"image\/webp"}],"twitter_card":"summary_large_image","twitter_misc":{"Gesch\u00e4tzte Lesezeit":"3\u00a0Minuten"},"schema":{"@context":"https:\/\/schema.org","@graph":[{"@type":"WebPage","@id":"https:\/\/global-hookah.com\/product\/electric-pen-shaped-weed-grinder-wholesale\/","url":"https:\/\/global-hookah.com\/product\/electric-pen-shaped-weed-grinder-wholesale\/","name":"Elektrische Stift geformt Unkraut Grinder Gro\u00dfhandel - Global Hookah","isPartOf":{"@id":"https:\/\/global-hookah.com\/#website"},"primaryImageOfPage":{"@id":"https:\/\/global-hookah.com\/product\/electric-pen-shaped-weed-grinder-wholesale\/#primaryimage"},"image":{"@id":"https:\/\/global-hookah.com\/product\/electric-pen-shaped-weed-grinder-wholesale\/#primaryimage"},"thumbnailUrl":"https:\/\/global-hookah.com\/wp-content\/uploads\/2024\/05\/kf-S9424e1445dbc40bb981a7297aa704d9bm-Powerful-Spice-Tobacco-Grinder-Electric-Herbal-Herb-Spice-Mill-Automatic-Tobacco-Crusher-Usb-Rechargeable-Smoking-Accessories.webp","datePublished":"2024-05-15T03:28:21+00:00","dateModified":"2026-02-10T08:03:00+00:00","breadcrumb":{"@id":"https:\/\/global-hookah.com\/product\/electric-pen-shaped-weed-grinder-wholesale\/#breadcrumb"},"inLanguage":"de","potentialAction":[{"@type":"ReadAction","target":["https:\/\/global-hookah.com\/product\/electric-pen-shaped-weed-grinder-wholesale\/"]}]},{"@type":"ImageObject","inLanguage":"de","@id":"https:\/\/global-hookah.com\/product\/electric-pen-shaped-weed-grinder-wholesale\/#primaryimage","url":"https:\/\/global-hookah.com\/wp-content\/uploads\/2024\/05\/kf-S9424e1445dbc40bb981a7297aa704d9bm-Powerful-Spice-Tobacco-Grinder-Electric-Herbal-Herb-Spice-Mill-Automatic-Tobacco-Crusher-Usb-Rechargeable-Smoking-Accessories.webp","contentUrl":"https:\/\/global-hookah.com\/wp-content\/uploads\/2024\/05\/kf-S9424e1445dbc40bb981a7297aa704d9bm-Powerful-Spice-Tobacco-Grinder-Electric-Herbal-Herb-Spice-Mill-Automatic-Tobacco-Crusher-Usb-Rechargeable-Smoking-Accessories.webp","width":800,"height":800,"caption":"Electric Pen Shaped Weed Grinder Wholesale"},{"@type":"BreadcrumbList","@id":"https:\/\/global-hookah.com\/product\/electric-pen-shaped-weed-grinder-wholesale\/#breadcrumb","itemListElement":[{"@type":"ListItem","position":1,"name":"Home","item":"https:\/\/global-hookah.com\/"},{"@type":"ListItem","position":2,"name":"Shop","item":"https:\/\/global-hookah.com\/shop\/"},{"@type":"ListItem","position":3,"name":"Electric Pen Shaped Weed Grinder Wholesale"}]},{"@type":"WebSite","@id":"https:\/\/global-hookah.com\/#website","url":"https:\/\/global-hookah.com\/","name":"Globale Wasserpfeife","description":"Globale Wasserpfeife","publisher":{"@id":"https:\/\/global-hookah.com\/#organization"},"potentialAction":[{"@type":"SearchAction","target":{"@type":"EntryPoint","urlTemplate":"https:\/\/global-hookah.com\/?s={search_term_string}"},"query-input":{"@type":"PropertyValueSpecification","valueRequired":true,"valueName":"search_term_string"}}],"inLanguage":"de"},{"@type":"Organization","@id":"https:\/\/global-hookah.com\/#organization","name":"Globale Wasserpfeife","url":"https:\/\/global-hookah.com\/","logo":{"@type":"ImageObject","inLanguage":"de","@id":"https:\/\/global-hookah.com\/#\/schema\/logo\/image\/","url":"https:\/\/global-hookah.com\/wp-content\/uploads\/2021\/10\/cropped-fgg.png","contentUrl":"https:\/\/global-hookah.com\/wp-content\/uploads\/2021\/10\/cropped-fgg.png","width":512,"height":512,"caption":"Global Hookah"},"image":{"@id":"https:\/\/global-hookah.com\/#\/schema\/logo\/image\/"}}]}},"_links":{"self":[{"href":"https:\/\/global-hookah.com\/de\/wp-json\/wp\/v2\/product\/22336","targetHints":{"allow":["GET"]}}],"collection":[{"href":"https:\/\/global-hookah.com\/de\/wp-json\/wp\/v2\/product"}],"about":[{"href":"https:\/\/global-hookah.com\/de\/wp-json\/wp\/v2\/types\/product"}],"replies":[{"embeddable":true,"href":"https:\/\/global-hookah.com\/de\/wp-json\/wp\/v2\/comments?post=22336"}],"version-history":[{"count":2,"href":"https:\/\/global-hookah.com\/de\/wp-json\/wp\/v2\/product\/22336\/revisions"}],"predecessor-version":[{"id":33129,"href":"https:\/\/global-hookah.com\/de\/wp-json\/wp\/v2\/product\/22336\/revisions\/33129"}],"wp:featuredmedia":[{"embeddable":true,"href":"https:\/\/global-hookah.com\/de\/wp-json\/wp\/v2\/media\/22337"}],"wp:attachment":[{"href":"https:\/\/global-hookah.com\/de\/wp-json\/wp\/v2\/media?parent=22336"}],"wp:term":[{"taxonomy":"product_brand","embeddable":true,"href":"https:\/\/global-hookah.com\/de\/wp-json\/wp\/v2\/product_brand?post=22336"},{"taxonomy":"product_cat","embeddable":true,"href":"https:\/\/global-hookah.com\/de\/wp-json\/wp\/v2\/product_cat?post=22336"},{"taxonomy":"product_tag","embeddable":true,"href":"https:\/\/global-hookah.com\/de\/wp-json\/wp\/v2\/product_tag?post=22336"}],"curies":[{"name":"wp","href":"https:\/\/api.w.org\/{rel}","templated":true}]}}